{"id":15337,"date":"2025-01-19T14:24:07","date_gmt":"2025-01-19T14:24:07","guid":{"rendered":"https:\/\/www.hydraulic-cylinders.net\/product\/bucket-cylinder-for-kobelco-small-excavator-sk55srx-6\/"},"modified":"2025-01-19T14:24:15","modified_gmt":"2025-01-19T14:24:15","slug":"bucket-cylinder-for-kobelco-small-excavator-sk55srx-6","status":"publish","type":"product","link":"https:\/\/www.hydraulic-cylinders.net\/pl\/produkt\/bucket-cylinder-for-kobelco-small-excavator-sk55srx-6\/","title":{"rendered":"Si\u0142ownik \u0142y\u017cki do ma\u0142ej koparki Kobelco SK55SRX-6"},"content":{"rendered":"<p><!DOCTYPE html><br \/>\n<html><br \/>\n<head><br \/>\n<title>Si\u0142ownik \u0142y\u017cki do ma\u0142ej koparki Kobelco SK55SRX-6<\/title><br \/>\n<\/head><br \/>\n<body><\/p>\n<h1>Si\u0142ownik \u0142y\u017cki do ma\u0142ej koparki Kobelco SK55SRX-6<\/h1>\n<h2>Wst\u0119p<\/h2>\n<p>Si\u0142ownik \u0142y\u017cki do ma\u0142ej koparki Kobelco SK55SRX-6 to specjalnie zaprojektowany si\u0142ownik hydrauliczny s\u0142u\u017c\u0105cy do sterowania ruchem \u0142y\u017cki w ci\u0119\u017ckich maszynach, takich jak koparki, koparko-\u0142adowarki i \u0142adowarki czo\u0142owe. Jego g\u0142\u00f3wn\u0105 funkcj\u0105 jest podnoszenie, opuszczanie i przechylanie \u0142y\u017cki, co czyni go idealnym do r\u00f3\u017cnych zada\u0144 zwi\u0105zanych z prze\u0142adunkiem materia\u0142\u00f3w. W uk\u0142adzie hydraulicznym si\u0142ownik \u0142y\u017cki zapewnia precyzyjn\u0105 kontrol\u0119 nad \u0142y\u017ck\u0105 poprzez zmiany ci\u015bnienia oleju hydraulicznego, umo\u017cliwiaj\u0105c operatorom wydajne przenoszenie ci\u0119\u017ckich \u0142adunk\u00f3w i dostosowywanie si\u0119 do z\u0142o\u017conych warunk\u00f3w pracy oraz zr\u00f3\u017cnicowanych wymaga\u0144.<\/p>\n<p><img decoding=\"async\" src=\"https:\/\/www.hydraulic-cylinders.net\/wp-content\/uploads\/2025\/01\/songte-company-2.webp\" alt=\"Obraz cylindra wiadra\"><\/p>\n<h2>Cechy<\/h2>\n<ul>\n<li>Wysoka wytrzyma\u0142o\u015b\u0107 i trwa\u0142o\u015b\u0107: Zazwyczaj wykonany z wysokowytrzyma\u0142ej stali lub aluminium, si\u0142ownik \u0142y\u017cki wytrzymuje wysokie ci\u015bnienie i du\u017ce obci\u0105\u017cenia, dostosowuj\u0105c si\u0119 do trudnych warunk\u00f3w pracy. Jego konstrukcja uwzgl\u0119dnia odporno\u015b\u0107 na zu\u017cycie i korozj\u0119, co wyd\u0142u\u017ca jego \u017cywotno\u015b\u0107.<\/li>\n<li>Wydajna praca uk\u0142adu hydraulicznego: Wykorzystuj\u0105c ci\u015bnienie oleju hydraulicznego, si\u0142ownik \u0142y\u017cki wykonuje p\u0142ynne ruchy wysuwania i wsuwania, co pozwala na szybk\u0105 reakcj\u0119 na polecenia steruj\u0105ce i zapewnia du\u017c\u0105 si\u0142\u0119 pchania i ci\u0105gni\u0119cia, odpowiedni\u0105 do podnoszenia ci\u0119\u017ckich \u0142adunk\u00f3w i wykonywania skomplikowanych zada\u0144.<\/li>\n<li>R\u00f3\u017cne typy: Si\u0142owniki kube\u0142kowe mo\u017cna wybra\u0107 jako si\u0142owniki jednostronnego dzia\u0142ania (ci\u015bnienie hydrauliczne tylko w jednym kierunku) lub dwustronnego dzia\u0142ania (ci\u015bnienie hydrauliczne w obu kierunkach), w zale\u017cno\u015bci od konkretnych potrzeb operacyjnych. Niekt\u00f3re modele s\u0105 teleskopowe, co pozwala na wi\u0119ksze wysuni\u0119cie bez zwi\u0119kszania wymiar\u00f3w zewn\u0119trznych, dzi\u0119ki czemu nadaj\u0105 si\u0119 do zastosowa\u0144 w ograniczonej przestrzeni.<\/li>\n<li>Idealna wymiana: Nasze produkty mog\u0105 idealnie zast\u0105pi\u0107 te cylindry hydrauliczne.<\/li>\n<\/ul>\n<p><img decoding=\"async\" src=\"https:\/\/www.hydraulic-cylinders.net\/wp-content\/uploads\/2025\/01\/songte-cylinder-head-with-all-kinds-excavator-models.webp\" alt=\"Obraz wymiany cylindra \u0142y\u017cki\"><\/p>\n<h2>Aplikacje<\/h2>\n<p>Cylinder kube\u0142kowy znajduje zastosowanie w r\u00f3\u017cnorodnych urz\u0105dzeniach:<\/p>\n<ul>\n<li>Sprz\u0119t budowlany: W koparkach pe\u0142ni\u0105 one kluczow\u0105 rol\u0119 przy kopaniu, \u0142adowaniu i przemieszczaniu gleby lub gruzu. W koparko-\u0142adowarkach si\u0142ownik \u0142y\u017cki wspomaga zar\u00f3wno kopanie, jak i podnoszenie.<\/li>\n<li>Maszyny rolnicze: Stosowane w \u0142adowarkach czo\u0142owych do nabierania, podnoszenia i transportu gleby, siana i innych materia\u0142\u00f3w.<\/li>\n<li>Koparki: Cylinder \u0142y\u017cki umo\u017cliwia kopanie poprzez umo\u017cliwienie \u0142y\u017cce wnikania w gleb\u0119.<\/li>\n<li>\u0141adowarki: W \u0142adowarkach czo\u0142owych pomagaj\u0105 w efektywnym podnoszeniu i wysypywaniu \u0142adunk\u00f3w.<\/li>\n<\/ul>\n<h2>Zagadnienia projektowe i kryteria wyboru<\/h2>\n<p>Przy projektowaniu cylindra kube\u0142kowego nale\u017cy wzi\u0105\u0107 pod uwag\u0119 no\u015bno\u015b\u0107, uszczelnienie, trwa\u0142o\u015b\u0107, bezpiecze\u0144stwo i \u0142atwo\u015b\u0107 konserwacji:<\/p>\n<p><img decoding=\"async\" src=\"https:\/\/www.hydraulic-cylinders.net\/wp-content\/uploads\/2025\/01\/songte-oil-pipes-and-spare-parts.webp\" alt=\"Rozwa\u017cania dotycz\u0105ce konstrukcji cylindra kube\u0142kowego Obraz\"><\/p>\n<h2>Uszczelnianie i smarowanie<\/h2>\n<p>W cylindrze czerpakowym zastosowano r\u00f3\u017cnorodne elementy uszczelniaj\u0105ce, takie jak uszczelnienia t\u0142oka i t\u0142oczyska, wykonane z materia\u0142\u00f3w odpornych na zu\u017cycie, takich jak poliuretan i kauczuk nitrylowy. Korpus cylindra i gwintowane powierzchnie ko\u0144cowe s\u0105 poddawane precyzyjnej obr\u00f3bce w celu zwi\u0119kszenia odporno\u015bci na zu\u017cycie. Regularne smarowanie odpowiednim olejem hydraulicznym jest niezb\u0119dne dla zapewnienia p\u0142ynnej pracy.<\/p>\n<h2>Regularne kontrole i konserwacja zapobiegawcza<\/h2>\n<p>Regularne kontrole i konserwacja zapobiegawcza s\u0105 niezb\u0119dne dla zapewnienia optymalnej wydajno\u015bci i trwa\u0142o\u015bci si\u0142ownika \u0142y\u017cki. Obejmuj\u0105 one:<\/p>\n<p><img decoding=\"async\" src=\"https:\/\/www.hydraulic-cylinders.net\/wp-content\/uploads\/2025\/01\/songte-chushion-collar.webp\" alt=\"Obraz konserwacji cylindra \u0142y\u017cki\"><\/p>\n<h2>Zagadnienia bezpiecze\u0144stwa i czynniki \u015brodowiskowe<\/h2>\n<p>Zachowanie \u015brodk\u00f3w bezpiecze\u0144stwa podczas u\u017cytkowania cylindra czerpakowego jest niezwykle wa\u017cne. Nale\u017cy r\u00f3wnie\u017c wzi\u0105\u0107 pod uwag\u0119 czynniki \u015brodowiskowe.<\/p>\n<p><img decoding=\"async\" src=\"https:\/\/www.hydraulic-cylinders.net\/wp-content\/uploads\/2025\/01\/songte-bushings-with-all-kinds-of-excavator-models.webp\" alt=\"Obraz bezpiecze\u0144stwa cylindra \u0142y\u017cki\"><\/p>\n<h2>Rozwi\u0105zywanie problem\u00f3w i typowe problemy<\/h2>\n<p>Rozwi\u0105zywanie problem\u00f3w i rozwi\u0105zywanie typowych problem\u00f3w jest kluczowe dla zapewnienia prawid\u0142owego dzia\u0142ania si\u0142ownika \u0142y\u017cki. \u015arodki zapobiegawcze mog\u0105 pom\u00f3c zminimalizowa\u0107 potencjalne problemy.<\/p>\n<h2>Przegl\u0105d firmy<\/h2>\n<p>Jeste\u015bmy wiod\u0105cym producentem i hurtowym dystrybutorem si\u0142ownik\u00f3w hydraulicznych na rynku krajowym i mi\u0119dzynarodowym. Nasza firma oferuje szeroki asortyment si\u0142ownik\u00f3w hydraulicznych i realizuje strategi\u0119 zarz\u0105dzania produkcj\u0105 przemys\u0142ow\u0105 opart\u0105 na doskona\u0142ej jako\u015bci. Stale udoskonalamy nasz\u0105 platform\u0119 produkcyjn\u0105, wykorzystuj\u0105c talent technologiczny, zdigitalizowany, wysokiej klasy sprz\u0119t produkcyjny oraz profesjonalne systemy testowe. Dzi\u0119ki wysokiej wydajno\u015bci, precyzji i jako\u015bci, zaspokajamy zr\u00f3\u017cnicowane potrzeby naszych klient\u00f3w.<\/p>\n<p><img decoding=\"async\" src=\"https:\/\/www.hydraulic-cylinders.net\/wp-content\/uploads\/2025\/01\/songte-company-3.webp\" alt=\"Obraz przegl\u0105du firmy\"><\/p>\n<p>Nasza firma znana jest z:<\/p>\n<ul>\n<li>Ekspertyza<\/li>\n<li>Certyfikaty mi\u0119dzynarodowe<\/li>\n<li>Us\u0142ugi personalizacji<\/li>\n<li>Sprz\u0119t produkcyjny<\/li>\n<li>Serwis posprzeda\u017cowy<\/li>\n<\/ul>\n<p>Autor: lyl<\/p>\n<p><\/body><br \/>\n<\/html><\/p>","protected":false},"excerpt":{"rendered":"<p>Bucket Cylinder For Kobelco Small Excavator SK55SRX-6 Bucket Cylinder For Kobelco Small Excavator SK55SRX-6 Introduction The Bucket Cylinder for Kobelco Small Excavator SK55SRX-6 is a specially designed hydraulic cylinder used to control the movement of the bucket in heavy machinery such as excavators, backhoe loaders, and front-end loaders. Its main function is to allow the [&hellip;]<\/p>","protected":false},"featured_media":14771,"comment_status":"open","ping_status":"closed","template":"","meta":{"_et_pb_use_builder":"","_et_pb_old_content":"","_et_gb_content_width":""},"product_brand":[],"product_cat":[1494],"product_tag":[1495,1496],"class_list":{"0":"post-15337","1":"product","2":"type-product","3":"status-publish","4":"has-post-thumbnail","6":"product_cat-bucket-cylinders","7":"product_tag-bucket-cylinders","8":"product_tag-hydraulic-cylinders","10":"first","11":"instock","12":"shipping-taxable","13":"product-type-simple"},"amp_enabled":true,"_links":{"self":[{"href":"https:\/\/www.hydraulic-cylinders.net\/pl\/wp-json\/wp\/v2\/product\/15337","targetHints":{"allow":["GET"]}}],"collection":[{"href":"https:\/\/www.hydraulic-cylinders.net\/pl\/wp-json\/wp\/v2\/product"}],"about":[{"href":"https:\/\/www.hydraulic-cylinders.net\/pl\/wp-json\/wp\/v2\/types\/product"}],"replies":[{"embeddable":true,"href":"https:\/\/www.hydraulic-cylinders.net\/pl\/wp-json\/wp\/v2\/comments?post=15337"}],"wp:featuredmedia":[{"embeddable":true,"href":"https:\/\/www.hydraulic-cylinders.net\/pl\/wp-json\/wp\/v2\/media\/14771"}],"wp:attachment":[{"href":"https:\/\/www.hydraulic-cylinders.net\/pl\/wp-json\/wp\/v2\/media?parent=15337"}],"wp:term":[{"taxonomy":"product_brand","embeddable":true,"href":"https:\/\/www.hydraulic-cylinders.net\/pl\/wp-json\/wp\/v2\/product_brand?post=15337"},{"taxonomy":"product_cat","embeddable":true,"href":"https:\/\/www.hydraulic-cylinders.net\/pl\/wp-json\/wp\/v2\/product_cat?post=15337"},{"taxonomy":"product_tag","embeddable":true,"href":"https:\/\/www.hydraulic-cylinders.net\/pl\/wp-json\/wp\/v2\/product_tag?post=15337"}],"curies":[{"name":"wp","href":"https:\/\/api.w.org\/{rel}","templated":true}]}}