{"id":1534,"date":"2023-09-28T03:59:02","date_gmt":"2023-09-28T03:59:02","guid":{"rendered":"https:\/\/hydraulic-cylinders.net\/?post_type=product&#038;p=1534"},"modified":"2025-04-14T01:11:44","modified_gmt":"2025-04-14T01:11:44","slug":"aerial-work-platform-telescopic-cylinder","status":"publish","type":"product","link":"https:\/\/www.hydraulic-cylinders.net\/pl\/produkt\/aerial-work-platform-telescopic-cylinder\/","title":{"rendered":"Podno\u015bnik koszowy Si\u0142ownik teleskopowy"},"content":{"rendered":"<h1 style=\"text-align: center;\"><strong>Podno\u015bnik koszowy Si\u0142ownik teleskopowy<\/strong><\/h1>\n<p><img loading=\"lazy\" decoding=\"async\" class=\"wp-image-1535 aligncenter\" src=\"https:\/\/hydraulic-cylinders.net\/wp-content\/uploads\/2023\/09\/telescopic-cylinder-1-300x300.webp\" alt=\"\" width=\"400\" height=\"400\" \/>Si\u0142ownik teleskopowy podno\u015bnika koszowego to mocny i niezb\u0119dny element podno\u015bnik\u00f3w koszowych, zaprojektowany z my\u015bl\u0105 o zapewnieniu wi\u0119kszego zasi\u0119gu i wi\u0119kszej wszechstronno\u015bci w pracach na wysoko\u015bci. Ten innowacyjny si\u0142ownik hydrauliczny umo\u017cliwia teleskopowy ruch platformy, umo\u017cliwiaj\u0105c operatorom \u0142atwy i precyzyjny dost\u0119p do obszar\u00f3w na wysoko\u015bci.<\/p>\n<p>The aerial work platform telescopic cylinder is a game-changer in the realm of elevated work platforms, providing extended reach and enhanced versatility. With its remarkable characteristics, including extended reach capability, smooth telescopic movement, high load capacity, and compact design, this cylinder empowers operators to tackle elevated tasks efficiently and confidently. By following the recommended usage methods and maintenance practices, operators can maximize the lifespan and performance of the aerial work platform telescopic cylinder, resulting in increased productivity, reduced downtime, and enhanced safety in elevated work applications. Invest in this cutting-edge hydraulic component to elevate your aerial work platform&#8217;s capabilities and take your elevated work to new heights of success.<\/p>\n<p>G\u0142\u00f3wne cechy si\u0142ownika teleskopowego podno\u015bnika koszowego:<\/p>\n<ol>\n<li>Mo\u017cliwo\u015b\u0107 zwi\u0119kszenia zasi\u0119gu:<\/li>\n<\/ol>\n<ul>\n<li>Si\u0142ownik teleskopowy podno\u015bnika koszowego charakteryzuje si\u0119 imponuj\u0105cym zasi\u0119giem rozsuwania, dzi\u0119ki czemu operatorzy mog\u0105 bez wysi\u0142ku osi\u0105ga\u0107 wi\u0119ksze wysoko\u015bci i odleg\u0142o\u015bci.<\/li>\n<li>Zapewnia elastyczno\u015b\u0107 i zdolno\u015b\u0107 adaptacji, umo\u017cliwiaj\u0105c pracownikom dost\u0119p do wymagaj\u0105cych obszar\u00f3w i wydajn\u0105 realizacj\u0119 zada\u0144.<\/li>\n<\/ul>\n<ol start=\"2\">\n<li>P\u0142ynny ruch teleskopowy:<\/li>\n<\/ol>\n<ul>\n<li>Si\u0142ownik ten zapewnia p\u0142ynny i kontrolowany ruch teleskopowy, umo\u017cliwiaj\u0105c precyzyjne pozycjonowanie podno\u015bnika koszowego.<\/li>\n<li>Zapewnia stabilne i stabilne wysuwanie i wsuwanie, gwarantuj\u0105c bezpieczne i pewne \u015brodowisko pracy na r\u00f3\u017cnych wysoko\u015bciach.<\/li>\n<\/ul>\n<ol start=\"3\">\n<li>Wysoka \u0142adowno\u015b\u0107:<\/li>\n<\/ol>\n<ul>\n<li>Si\u0142ownik teleskopowy podno\u015bnika koszowego jest przeznaczony do podnoszenia ci\u0119\u017ckich \u0142adunk\u00f3w i ma solidn\u0105 konstrukcj\u0119, kt\u00f3ra mo\u017ce utrzyma\u0107 znaczne \u0142adunki.<\/li>\n<li>Umo\u017cliwia operatorom przenoszenie na platformie wielu pracownik\u00f3w, narz\u0119dzi i sprz\u0119tu bez nara\u017cania stabilno\u015bci i bezpiecze\u0144stwa.<\/li>\n<\/ul>\n<ol start=\"4\">\n<li>Kompaktowa konstrukcja:<\/li>\n<\/ol>\n<ul>\n<li>Dzi\u0119ki kompaktowej konstrukcji cylinder ten optymalizuje wykorzystanie przestrzeni na platformie roboczej, minimalizuj\u0105c wp\u0142yw na ca\u0142kowit\u0105 wag\u0119 i zajmowan\u0105 powierzchni\u0119.<\/li>\n<li>Kompaktowa budowa cylindra zapewnia doskona\u0142\u0105 manewrowo\u015b\u0107 i \u0142atwo\u015b\u0107 transportu.<\/li>\n<\/ul>\n<h2><strong>Parametry cylindra teleskopowego podno\u015bnika koszowego:<\/strong><\/h2>\n<table border=\"1\" cellspacing=\"0\" cellpadding=\"0\">\n<tbody>\n<tr>\n<td>Nazwa produktu<\/td>\n<td>Podno\u015bnik koszowy Si\u0142ownik teleskopowy<\/td>\n<\/tr>\n<tr>\n<td>Cechy:<\/td>\n<td>Zrealizuj liniowy ruch teleskopowy wysi\u0119gnika<\/td>\n<\/tr>\n<tr>\n<td>\u015arednica otworu:<\/td>\n<td>45 mm\uff5e200 mm<\/td>\n<\/tr>\n<tr>\n<td>\u015arednica pr\u0119ta:<\/td>\n<td>32 mm\uff5e180 mm<br \/>\nSkok \u226415000 mm<\/td>\n<\/tr>\n<tr>\n<td>Ci\u015bnienie:<\/td>\n<td>30MPa (maksymalne ci\u015bnienie)<\/td>\n<\/tr>\n<tr>\n<td>Zastosowania cylindr\u00f3w teleskopowych:<\/td>\n<td>Podno\u015bnik koszowy<\/td>\n<\/tr>\n<\/tbody>\n<\/table>\n<h2><strong>Schemat identyfikacji podno\u015bnika koszowego:<\/strong><\/h2>\n<p><img loading=\"lazy\" decoding=\"async\" class=\"alignnone wp-image-1517 size-full\" src=\"https:\/\/hydraulic-cylinders.net\/wp-content\/uploads\/2023\/09\/aerial-work-platform-cylinder-construct.webp\" alt=\"\" width=\"600\" height=\"400\" srcset=\"https:\/\/hydraulic-cylinders.net\/wp-content\/uploads\/2023\/09\/aerial-work-platform-cylinder-construct.webp 600w, https:\/\/hydraulic-cylinders.net\/wp-content\/uploads\/2023\/09\/aerial-work-platform-cylinder-construct-480x320.webp 480w\" sizes=\"(min-width: 0px) and (max-width: 480px) 480px, (min-width: 481px) 600px, 100vw\" \/><\/p>\n<h2><strong>Spos\u00f3b u\u017cycia teleskopowego cylindra podno\u015bnika koszowego<\/strong><strong>:<\/strong><\/h2>\n<ol>\n<li><strong>Monta\u017c cylindra:<\/strong><\/li>\n<\/ol>\n<ul>\n<li>Aby prawid\u0142owo zamontowa\u0107 si\u0142ownik wychylny podno\u015bnika koszowego, nale\u017cy post\u0119powa\u0107 zgodnie z instrukcj\u0105 producenta.<\/li>\n<li>Upewnij si\u0119, \u017ce cylinder jest solidnie zamocowany do konstrukcji podno\u015bnika koszowego, zapewniaj\u0105c stabilne i niezawodne po\u0142\u0105czenie.<\/li>\n<\/ul>\n<ol start=\"2\">\n<li><strong>Po\u0142\u0105czenie hydrauliczne:<\/strong><\/li>\n<\/ol>\n<ul>\n<li>Pod\u0142\u0105cz cylinder do uk\u0142adu hydraulicznego podno\u015bnika koszowego zgodnie z podanymi wytycznymi.<\/li>\n<li>Upewnij si\u0119, \u017ce wszystkie po\u0142\u0105czenia hydrauliczne s\u0105 solidne i odpowiednio uszczelnione, aby zapobiec wyciekom lub utracie p\u0142ynu hydraulicznego.<\/li>\n<\/ul>\n<ol start=\"3\">\n<li><strong>Aktywacja sterowania:<\/strong><\/li>\n<\/ol>\n<ul>\n<li>U\u017cyj panelu sterowania lub interfejsu platformy, aby uruchomi\u0107 si\u0142ownik wychylenia platformy roboczej.<\/li>\n<li>Aby podnie\u015b\u0107 lub obni\u017cy\u0107 platform\u0119 do \u017c\u0105danej wysoko\u015bci, post\u0119puj zgodnie z zalecanymi procedurami operacyjnymi.<\/li>\n<\/ul>\n<ol start=\"4\">\n<li><strong>\u015arodki ostro\u017cno\u015bci:<\/strong><\/li>\n<\/ol>\n<ul>\n<li>Przed przyst\u0105pieniem do obs\u0142ugi podno\u015bnika koszowego nale\u017cy zapozna\u0107 si\u0119 z funkcjami bezpiecze\u0144stwa i procedurami awaryjnymi.<\/li>\n<li>Upewnij si\u0119, \u017ce wszyscy operatorzy otrzymali odpowiednie szkolenie w zakresie bezpiecznej obs\u0142ugi platformy i cylindra wychylnego podno\u015bnika koszowego.<\/li>\n<\/ul>\n<h2><strong>Jakie prawo hydrauliki stosuje uk\u0142ad hamulcowy?<\/strong><\/h2>\n<p>The brake system in vehicles typically utilizes Pascal&#8217;s law of hydraulics. Pascal&#8217;s law states that when pressure is applied to a fluid in an enclosed system, the pressure is transmitted equally in all directions.<\/p>\n<p>W hydraulicznym uk\u0142adzie hamulcowym, naci\u015bni\u0119cie peda\u0142u hamulca wywiera si\u0142\u0119 na cylinder g\u0142\u00f3wny, kt\u00f3ry zawiera p\u0142yn hydrauliczny. Si\u0142a wywierana na p\u0142yn wytwarza ci\u015bnienie, kt\u00f3re jest r\u00f3wnomiernie rozprowadzane w ca\u0142ym uk\u0142adzie hamulcowym.<\/p>\n<p>Ci\u015bnienie to jest nast\u0119pnie przekazywane do zacisk\u00f3w hamulcowych lub cylindr\u00f3w hamulcowych, w zale\u017cno\u015bci od rodzaju uk\u0142adu hamulcowego, zlokalizowanych przy ka\u017cdym kole. Ci\u015bnienie powoduje aktywacj\u0119 zacisk\u00f3w lub cylindr\u00f3w, co z kolei powoduje docisk klock\u00f3w lub szcz\u0119k hamulcowych do tarcz lub b\u0119bn\u00f3w hamulcowych, wytwarzaj\u0105c tarcie i spowalniaj\u0105c lub zatrzymuj\u0105c pojazd.<\/p>\n<p>Pascal&#8217;s law ensures that the force applied at the brake pedal is multiplied and transmitted equally to all the brakes in the system, regardless of their location. This allows for consistent braking performance across all wheels and ensures effective braking even in complex hydraulic brake systems.<\/p>\n<p>It&#8217;s worth noting that in some advanced brake systems, additional principles of hydraulics, such as Bernoulli&#8217;s principle or the principle of fluid dynamics, may also be employed to optimize braking performance, stability, and control. However, Pascal&#8217;s law remains fundamental to the basic operation of hydraulic brake systems.<\/p>\n<h2><strong>Mo\u017cliwo\u015bci i pojemno\u015b\u0107 fabryki:<\/strong><\/h2>\n<h3>(1) Monta\u017c<\/h3>\n<p>Dysponujemy najwy\u017cszej klasy niezale\u017cn\u0105 platform\u0105 badawczo-rozwojow\u0105. Warsztat produkcji si\u0142ownik\u00f3w hydraulicznych posiada cztery p\u00f3\u0142automatyczne linie monta\u017cowe si\u0142ownik\u00f3w podnosz\u0105cych i jedn\u0105 automatyczn\u0105 lini\u0119 monta\u017cow\u0105 si\u0142ownik\u00f3w przechy\u0142u, o projektowanej rocznej zdolno\u015bci produkcyjnej 1 miliona sztuk. Specjalny warsztat cylindr\u00f3w jest wyposa\u017cony w r\u00f3\u017cne specyfikacje p\u00f3\u0142automatycznego systemu monta\u017cu czyszcz\u0105cego o projektowanej rocznej zdolno\u015bci produkcyjnej 200 000 i wyposa\u017cony w s\u0142ynny sprz\u0119t do obr\u00f3bki CNC, centrum obr\u00f3bcze, specjalny sprz\u0119t do precyzyjnej obr\u00f3bki cylindr\u00f3w, robot spawalniczy, automatyczna maszyna czyszcz\u0105ca, automatyczna maszyna do monta\u017cu cylindr\u00f3w i automatyczna linia produkcyjna do malowania. Istniej\u0105cy krytyczny sprz\u0119t sk\u0142ada si\u0119 z ponad 300 zestaw\u00f3w. Optymalna alokacja i efektywne wykorzystanie zasob\u00f3w sprz\u0119towych zapewniaj\u0105 wymagania dotycz\u0105ce dok\u0142adno\u015bci produkt\u00f3w i spe\u0142niaj\u0105 potrzeby wysokiej jako\u015bci produkt\u00f3w.<\/p>\n<p><img loading=\"lazy\" decoding=\"async\" class=\"alignnone wp-image-626\" src=\"https:\/\/hydraulic-cylinders.net\/wp-content\/uploads\/2023\/08\/hydraulic-cylinder-product-1-300x158.webp\" alt=\"\" width=\"495\" height=\"260\" srcset=\"https:\/\/hydraulic-cylinders.net\/wp-content\/uploads\/2023\/08\/hydraulic-cylinder-product-1-300x158.webp 495w, https:\/\/hydraulic-cylinders.net\/wp-content\/uploads\/2023\/08\/hydraulic-cylinder-product-1-480x252.webp 480w\" sizes=\"(min-width: 0px) and (max-width: 480px) 480px, (min-width: 481px) 495px, 100vw\" \/> <img loading=\"lazy\" decoding=\"async\" class=\"alignnone wp-image-627\" src=\"https:\/\/hydraulic-cylinders.net\/wp-content\/uploads\/2023\/08\/hydraulic-cylinder-product-2-300x189.webp\" alt=\"\" width=\"413\" height=\"260\" \/><\/p>\n<h3>(2) Obr\u00f3bka<\/h3>\n<p>Warsztat obr\u00f3bki skrawaniem jest wyposa\u017cony w niestandardowe centrum tokarskie z pochylon\u0105 szyn\u0105, centrum obr\u00f3bcze, szybkobie\u017cn\u0105 honownic\u0119, robota spawalniczego i inny powi\u0105zany sprz\u0119t, kt\u00f3ry mo\u017ce obs\u0142ugiwa\u0107 przetwarzanie rur cylindrycznych o maksymalnej \u015brednicy wewn\u0119trznej 400 mm i maksymalnej d\u0142ugo\u015bci 6 metr\u00f3w.<\/p>\n<p><img loading=\"lazy\" decoding=\"async\" class=\"alignnone wp-image-628 size-large\" src=\"https:\/\/hydraulic-cylinders.net\/wp-content\/uploads\/2023\/08\/hydraulic-cylinder-product-3-1024x391.webp\" alt=\"\" width=\"1024\" height=\"391\" srcset=\"https:\/\/hydraulic-cylinders.net\/wp-content\/uploads\/2023\/08\/hydraulic-cylinder-product-3-980x374.webp 980w, https:\/\/hydraulic-cylinders.net\/wp-content\/uploads\/2023\/08\/hydraulic-cylinder-product-3-480x183.webp 480w\" sizes=\"(min-width: 0px) and (max-width: 480px) 480px, (min-width: 481px) and (max-width: 980px) 980px, (min-width: 981px) 1024px, 100vw\" \/><\/p>\n<h3>(3) Spawanie<\/h3>\n<p><img loading=\"lazy\" decoding=\"async\" class=\"alignnone wp-image-629 size-large\" src=\"https:\/\/hydraulic-cylinders.net\/wp-content\/uploads\/2023\/08\/hydraulic-cylinder-product-4-1024x510.webp\" alt=\"\" width=\"1024\" height=\"510\" srcset=\"https:\/\/hydraulic-cylinders.net\/wp-content\/uploads\/2023\/08\/hydraulic-cylinder-product-4-980x488.webp 980w, https:\/\/hydraulic-cylinders.net\/wp-content\/uploads\/2023\/08\/hydraulic-cylinder-product-4-480x239.webp 480w\" sizes=\"(min-width: 0px) and (max-width: 480px) 480px, (min-width: 481px) and (max-width: 980px) 980px, (min-width: 981px) 1024px, 100vw\" \/><\/p>\n<h3>(4) Malowanie i powlekanie<\/h3>\n<p>Z ma\u0142ymi i \u015brednimi automatycznymi liniami do powlekania farbami na bazie wody, w celu osi\u0105gni\u0119cia automatycznego za\u0142adunku i roz\u0142adunku robota oraz automatycznego natryskiwania, wydajno\u015b\u0107 projektowa 4000 sztuk na zmian\u0119;<br \/>\nPosiadamy r\u00f3wnie\u017c p\u00f3\u0142automatyczn\u0105 lini\u0119 do produkcji farb do du\u017cych cylindr\u00f3w nap\u0119dzan\u0105 \u0142a\u0144cuchem nap\u0119dowym, o wydajno\u015bci 60 skrzy\u0144 na zmian\u0119.<\/p>\n<p><img loading=\"lazy\" decoding=\"async\" class=\"alignnone wp-image-630\" src=\"https:\/\/hydraulic-cylinders.net\/wp-content\/uploads\/2023\/08\/hydraulic-cylinder-product-5-300x213.webp\" alt=\"\" width=\"366\" height=\"260\" \/> <img loading=\"lazy\" decoding=\"async\" class=\"alignnone wp-image-631\" src=\"https:\/\/hydraulic-cylinders.net\/wp-content\/uploads\/2023\/08\/hydraulic-cylinder-product-6-300x225.webp\" alt=\"\" width=\"347\" height=\"260\" \/><\/p>\n<h3>(5) Testowanie<\/h3>\n<p>Dysponujemy najwy\u017cszej klasy urz\u0105dzeniami kontrolnymi i stanowiskami testowymi, aby zapewni\u0107, \u017ce wydajno\u015b\u0107 cylindra spe\u0142nia wymagania.<\/p>\n<p><img loading=\"lazy\" decoding=\"async\" class=\"alignnone wp-image-632\" src=\"https:\/\/hydraulic-cylinders.net\/wp-content\/uploads\/2023\/08\/hydraulic-cylinder-product-8-300x200.webp\" alt=\"\" width=\"389\" height=\"260\" \/><\/p>\n<p>&nbsp;<\/p>\n<p>&nbsp;<\/p>\n<p>Jeste\u015bmy jednym z najlepszych producent\u00f3w cylindr\u00f3w hydraulicznych. Oferujemy kompleksow\u0105 ofert\u0119 cylindr\u00f3w hydraulicznych. Dostarczamy r\u00f3wnie\u017c\u2026 <a href=\"https:\/\/hzpt.com\/agricultural-pto-gearbox\/\" target=\"_blank\" rel=\"noopener\">przek\u0142adnie rolnicze<\/a>. Eksportowali\u015bmy nasze produkty do klient\u00f3w na ca\u0142ym \u015bwiecie i zdobyli\u015bmy dobr\u0105 reputacj\u0119 dzi\u0119ki najwy\u017cszej jako\u015bci produkt\u00f3w i us\u0142ug posprzeda\u017cnych. Zapraszamy klient\u00f3w w kraju i za granic\u0105 do kontaktu z nami w celu negocjacji biznesowych, wymiany informacji i <a href=\"https:\/\/www.hydraulic-cylinders.net\/pl\/contact-us\/\">wsp\u00f3\u0142pracowa\u0107 z nami<\/a>!<\/p>","protected":false},"excerpt":{"rendered":"<p>Aerial Work Platform Telescopic Cylinder The aerial work platform telescopic cylinder is a powerful and essential component in aerial work platforms, designed to provide extended reach and enhanced versatility in elevated work environments. This innovative hydraulic cylinder enables the telescopic movement of the platform, allowing operators to access elevated areas with ease and precision. The [&hellip;]<\/p>","protected":false},"featured_media":1536,"comment_status":"open","ping_status":"closed","template":"","meta":{"_et_pb_use_builder":"","_et_pb_old_content":"","_et_gb_content_width":""},"product_brand":[],"product_cat":[1500,1550,1393],"product_tag":[1380],"class_list":{"0":"post-1534","1":"product","2":"type-product","3":"status-publish","4":"has-post-thumbnail","6":"product_cat-aerial-work-vehicle-hydraulic-cylinder","7":"product_cat-double-acting-hydraulic-cylinder","8":"product_cat-telescopic-hydraulic-cylinder","9":"product_tag-hydraulic-cylinder","11":"first","12":"instock","13":"shipping-taxable","14":"product-type-simple"},"amp_enabled":true,"_links":{"self":[{"href":"https:\/\/www.hydraulic-cylinders.net\/pl\/wp-json\/wp\/v2\/product\/1534","targetHints":{"allow":["GET"]}}],"collection":[{"href":"https:\/\/www.hydraulic-cylinders.net\/pl\/wp-json\/wp\/v2\/product"}],"about":[{"href":"https:\/\/www.hydraulic-cylinders.net\/pl\/wp-json\/wp\/v2\/types\/product"}],"replies":[{"embeddable":true,"href":"https:\/\/www.hydraulic-cylinders.net\/pl\/wp-json\/wp\/v2\/comments?post=1534"}],"wp:featuredmedia":[{"embeddable":true,"href":"https:\/\/www.hydraulic-cylinders.net\/pl\/wp-json\/wp\/v2\/media\/1536"}],"wp:attachment":[{"href":"https:\/\/www.hydraulic-cylinders.net\/pl\/wp-json\/wp\/v2\/media?parent=1534"}],"wp:term":[{"taxonomy":"product_brand","embeddable":true,"href":"https:\/\/www.hydraulic-cylinders.net\/pl\/wp-json\/wp\/v2\/product_brand?post=1534"},{"taxonomy":"product_cat","embeddable":true,"href":"https:\/\/www.hydraulic-cylinders.net\/pl\/wp-json\/wp\/v2\/product_cat?post=1534"},{"taxonomy":"product_tag","embeddable":true,"href":"https:\/\/www.hydraulic-cylinders.net\/pl\/wp-json\/wp\/v2\/product_tag?post=1534"}],"curies":[{"name":"wp","href":"https:\/\/api.w.org\/{rel}","templated":true}]}}