{"id":15352,"date":"2025-01-19T14:25:22","date_gmt":"2025-01-19T14:25:22","guid":{"rendered":"https:\/\/www.hydraulic-cylinders.net\/product\/bucket-cylinder-for-kobelco-middle-excavator-sk200-3-3e-5-6-6e-7-8\/"},"modified":"2025-01-19T14:25:24","modified_gmt":"2025-01-19T14:25:24","slug":"bucket-cylinder-for-kobelco-middle-excavator-sk200-3-3e-5-6-6e-7-8","status":"publish","type":"product","link":"https:\/\/www.hydraulic-cylinders.net\/pl\/produkt\/bucket-cylinder-for-kobelco-middle-excavator-sk200-3-3e-5-6-6e-7-8\/","title":{"rendered":"Si\u0142ownik \u0142y\u017cki do koparki \u015bredniej Kobelco SK200-3-3E-5-6-6E-7-8"},"content":{"rendered":"<h1>Si\u0142ownik \u0142y\u017cki do koparki \u015bredniej Kobelco SK200-3-3E-5-6-6E-7-8<\/h1>\n<h2>Wst\u0119p<\/h2>\n<p>Si\u0142ownik \u0142y\u017cki to specjalistyczny si\u0142ownik hydrauliczny przeznaczony do sterowania ruchem \u0142y\u017cki w ci\u0119\u017ckich maszynach, takich jak koparki, koparko-\u0142adowarki i \u0142adowarki czo\u0142owe. Jego g\u0142\u00f3wn\u0105 funkcj\u0105 jest podnoszenie, opuszczanie i przechylanie \u0142y\u017cki, u\u0142atwiaj\u0105c wykonywanie r\u00f3\u017cnych zada\u0144 zwi\u0105zanych z prze\u0142adunkiem materia\u0142\u00f3w. W uk\u0142adzie hydraulicznym si\u0142ownik \u0142y\u017cki zapewnia precyzyjn\u0105 kontrol\u0119 ruchu \u0142y\u017cki poprzez zmian\u0119 ci\u015bnienia oleju hydraulicznego, umo\u017cliwiaj\u0105c operatorom wydajne przenoszenie du\u017cych \u0142adunk\u00f3w i dostosowanie si\u0119 do z\u0142o\u017conych warunk\u00f3w pracy oraz zr\u00f3\u017cnicowanych wymaga\u0144 operacyjnych.<\/p>\n<p><img decoding=\"async\" src=\"https:\/\/www.hydraulic-cylinders.net\/wp-content\/uploads\/2025\/01\/songte-company-2.webp\" alt=\"Obraz cylindra wiadra\"><\/p>\n<h2>Cechy<\/h2>\n<ul>\n<li>Wysoka wytrzyma\u0142o\u015b\u0107 i trwa\u0142o\u015b\u0107: Zazwyczaj wykonane z wysokowytrzyma\u0142ej stali lub aluminium, wytrzymuj\u0105 du\u017ce ci\u015bnienie i du\u017ce obci\u0105\u017cenia, s\u0105 odpowiednie do pracy w trudnych warunkach, a ich konstrukcja zapewnia odporno\u015b\u0107 na zu\u017cycie i korozj\u0119, co wyd\u0142u\u017ca ich \u017cywotno\u015b\u0107.<\/li>\n<li>Wydajne dzia\u0142anie uk\u0142adu hydraulicznego: p\u0142ynne ruchy rozci\u0105gania i wci\u0105gania uzyskiwane dzi\u0119ki ci\u015bnieniu oleju hydraulicznego, mo\u017cliwo\u015b\u0107 szybkiej reakcji na polecenia steruj\u0105ce, zapewnienie du\u017cej si\u0142y pchania i ci\u0105gni\u0119cia, odpowiednie do obs\u0142ugi ci\u0119\u017ckich \u0142adunk\u00f3w i skomplikowanych zada\u0144 operacyjnych.<\/li>\n<li>R\u00f3\u017cne typy: Si\u0142owniki jednostronnego dzia\u0142ania (hydrauliczne dzia\u0142aj\u0105ce tylko w jednym kierunku) lub dwustronnego dzia\u0142ania (hydrauliczne dzia\u0142aj\u0105ce w dw\u00f3ch kierunkach) mo\u017cna dobra\u0107 w zale\u017cno\u015bci od potrzeb, aby spe\u0142ni\u0107 r\u00f3\u017cne wymagania operacyjne. Niekt\u00f3re modele s\u0105 teleskopowe, co pozwala na wi\u0119ksze wysuni\u0119cie bez zwi\u0119kszania wymiar\u00f3w zewn\u0119trznych, i nadaje si\u0119 do zastosowa\u0144 w ograniczonej przestrzeni.<\/li>\n<li>Zamienno\u015b\u0107: Nasz produkt doskonale nadaje si\u0119 do zast\u0105pienia tych cylindr\u00f3w hydraulicznych.<\/li>\n<\/ul>\n<p><img decoding=\"async\" src=\"https:\/\/www.hydraulic-cylinders.net\/wp-content\/uploads\/2025\/01\/songte-cylinder-head-with-all-kinds-excavator-models.webp\" alt=\"Obraz wymiany cylindra \u0142y\u017cki\"><\/p>\n<h2>Aplikacje<\/h2>\n<p>Cylinder czerpakowy jest powszechnie stosowany w r\u00f3\u017cnych maszynach ci\u0119\u017ckich, w tym m.in.:<\/p>\n<ul>\n<li>Sprz\u0119t budowlany: W koparkach s\u0105 one niezb\u0119dne do wykopywania, za\u0142adunku i przemieszczania gleby lub gruzu. W koparko-\u0142adowarkach si\u0142owniki \u0142y\u017cki pomagaj\u0105 zar\u00f3wno w wykopywaniu, jak i podnoszeniu. W \u0142adowarkach czo\u0142owych wspomagaj\u0105 efektywne podnoszenie i wysypywanie \u0142adunk\u00f3w.<\/li>\n<li>Maszyny rolnicze: Stosowane na \u0142adowarkach czo\u0142owych do nabierania, podnoszenia i transportu gleby, siana i innych materia\u0142\u00f3w. <\/li>\n<li>Koparki: Cylindry \u0142y\u017cki umo\u017cliwiaj\u0105 kopanie poprzez umo\u017cliwienie \u0142y\u017cce wnikania w gleb\u0119.<\/li>\n<\/ul>\n<h2>Zagadnienia projektowe i kryteria wyboru<\/h2>\n<p>Przy projektowaniu nale\u017cy bra\u0107 pod uwag\u0119 no\u015bno\u015b\u0107, uszczelnienie, trwa\u0142o\u015b\u0107, bezpiecze\u0144stwo i \u0142atwo\u015b\u0107 konserwacji.<\/p>\n<ul>\n<li>No\u015bno\u015b\u0107: Nasz cylinder kube\u0142kowy jest zaprojektowany tak, aby wytrzyma\u0107 wysokie ci\u015bnienie i du\u017ce obci\u0105\u017cenia.<\/li>\n<li>Uszczelnienie: W naszym produkcie zastosowano r\u00f3\u017cnorodne elementy uszczelniaj\u0105ce, takie jak uszczelki t\u0142okowe, uszczelki t\u0142oczyskowe itp. wykonane z materia\u0142\u00f3w odpornych na zu\u017cycie, takich jak poliuretan i kauczuk nitrylowy, co gwarantuje dobr\u0105 szczelno\u015b\u0107.<\/li>\n<li>Trwa\u0142o\u015b\u0107: Korpus cylindra i powierzchnia gwintu zosta\u0142y poddane precyzyjnej obr\u00f3bce w celu zwi\u0119kszenia odporno\u015bci na zu\u017cycie.<\/li>\n<li>Bezpiecze\u0144stwo: Nasz produkt zosta\u0142 zaprojektowany z uwzgl\u0119dnieniem kwestii bezpiecze\u0144stwa, gwarantuj\u0105c bezpieczn\u0105 obs\u0142ug\u0119 ci\u0119\u017ckiego sprz\u0119tu.<\/li>\n<li>Konserwacja: Zalecane s\u0105 regularne przegl\u0105dy i konserwacja w celu zapewnienia optymalnej wydajno\u015bci i wyd\u0142u\u017cenia \u017cywotno\u015bci si\u0142ownika \u0142y\u017cki. Oferujemy r\u00f3\u017cnorodne cz\u0119\u015bci zamienne i us\u0142ugi regeneracji, aby pom\u00f3c klientom w utrzymaniu ich sprz\u0119tu.<\/li>\n<\/ul>\n<p><img decoding=\"async\" src=\"https:\/\/www.hydraulic-cylinders.net\/wp-content\/uploads\/2025\/01\/songte-oil-pipes-and-spare-parts.webp\" alt=\"Obraz konserwacji cylindra \u0142y\u017cki\"><\/p>\n<h2>Uszczelnianie i smarowanie<\/h2>\n<p>Nasz produkt wykorzystuje r\u00f3\u017cnorodne elementy uszczelniaj\u0105ce, takie jak uszczelnienia t\u0142ok\u00f3w, uszczelnienia t\u0142oczysk itp., wykonane z materia\u0142\u00f3w odpornych na zu\u017cycie, takich jak poliuretan i kauczuk nitrylowy, co zapewnia dobr\u0105 szczelno\u015b\u0107. Korpus cylindra i powierzchnia gwintu s\u0105 precyzyjnie obrobione w celu zwi\u0119kszenia odporno\u015bci na zu\u017cycie. Do smarowania wymagane jest regularne dodawanie odpowiedniej ilo\u015bci oleju hydraulicznego.<\/p>\n<h2>Inspekcja, konserwacja i naprawa<\/h2>\n<p>Regularne kontrole, odpowiednie smarowanie, wymiana uszczelnie\u0144, kontrole kalibracji i inne czynno\u015bci konserwacyjne mog\u0105 pom\u00f3c wyd\u0142u\u017cy\u0107 \u017cywotno\u015b\u0107 si\u0142ownika czerpakowego. Prawid\u0142owy monta\u017c i ustawienie s\u0105 kluczowe. Zaleca si\u0119 stosowanie odpowiednich wspornik\u00f3w monta\u017cowych do zabezpieczenia si\u0142ownika. Zalecamy przestrzeganie naszych zalecanych procedur kontroli, napraw i wymiany, aby zapewni\u0107 optymaln\u0105 wydajno\u015b\u0107 i trwa\u0142o\u015b\u0107.<\/p>\n<p><img decoding=\"async\" src=\"https:\/\/www.hydraulic-cylinders.net\/wp-content\/uploads\/2025\/01\/songte-chushion-collar.webp\" alt=\"Obraz naprawy cylindra \u0142y\u017cki\"><\/p>\n<h2>Bezpiecze\u0144stwo i wzgl\u0119dy \u015brodowiskowe<\/h2>\n<p>Podczas korzystania z cylindr\u00f3w czerpakowych nale\u017cy podj\u0105\u0107 \u015brodki bezpiecze\u0144stwa, aby zapewni\u0107 bezpieczn\u0105 obs\u0142ug\u0119 ci\u0119\u017ckiego sprz\u0119tu. Nale\u017cy powa\u017cnie traktowa\u0107 kwestie ochrony \u015brodowiska, aby zmniejszy\u0107 \u015blad w\u0119glowy.<\/p>\n<h2>Rozwi\u0105zywanie problem\u00f3w i typowe problemy<\/h2>\n<p>Do typowych problem\u00f3w nale\u017c\u0105 wycieki oleju, niewystarczaj\u0105ce ci\u015bnienie hydrauliczne i uszkodzone uszczelnienia. Dost\u0119pne s\u0105 porady i rozwi\u0105zania, kt\u00f3re pomog\u0105 klientom skutecznie diagnozowa\u0107 i rozwi\u0105zywa\u0107 problemy. \u015arodki zapobiegawcze mog\u0105 r\u00f3wnie\u017c pom\u00f3c w ograniczeniu potencjalnych problem\u00f3w.<\/p>\n<p><img decoding=\"async\" src=\"https:\/\/www.hydraulic-cylinders.net\/wp-content\/uploads\/2025\/01\/songte-bushings-with-all-kinds-of-excavator-models.webp\" alt=\"Rozwi\u0105zywanie problem\u00f3w z cylindrem wiadra Obraz\"><\/p>\n<h2>O nas<\/h2>\n<p>Jeste\u015bmy producentem zamiennych cylindr\u00f3w hydraulicznych, oferuj\u0105cym pe\u0142n\u0105 gam\u0119 produkt\u00f3w. Stali\u015bmy si\u0119 jednym z wiod\u0105cych producent\u00f3w i hurtowych dystrybutor\u00f3w cylindr\u00f3w hydraulicznych na rynku krajowym i mi\u0119dzynarodowym. Kierujemy si\u0119 zasad\u0105 doskona\u0142o\u015bci jako\u015bci i opieramy si\u0119 na przemys\u0142owych strategiach zarz\u0105dzania produkcj\u0105 w precyzyjnie dopracowanych warsztatach produkcyjnych. Stale udoskonalamy nasz\u0105 platform\u0119 produkcyjn\u0105, doskonalimy jako\u015b\u0107 naszych produkt\u00f3w i dysponujemy silnymi mo\u017cliwo\u015bciami innowacyjnymi. D\u0105\u017cymy do spe\u0142nienia wymaga\u0144 klient\u00f3w, zapewniaj\u0105c im wysok\u0105 wydajno\u015b\u0107, precyzj\u0119 i przestrzegaj\u0105c zasad jako\u015bci.<\/p>\n<p>Nasza firma oferuje profesjonalne us\u0142ugi, mi\u0119dzynarodowe certyfikaty, us\u0142ugi dostosowane do indywidualnych potrzeb, zaawansowany sprz\u0119t produkcyjny oraz kompleksow\u0105 obs\u0142ug\u0119 posprzeda\u017cow\u0105. Zale\u017cy nam na dostarczaniu klientom wysokiej jako\u015bci produkt\u00f3w i us\u0142ug.<\/p>\n<p><img decoding=\"async\" src=\"https:\/\/hzpt.com\/wp-content\/uploads\/2024\/11\/songte-company-1.webp\" alt=\"Wizerunek firmy\"><\/p>\n<p>Autor: lyl<\/p>","protected":false},"excerpt":{"rendered":"<p>Bucket Cylinder For Kobelco Middle Excavator SK200-3-3E-5-6-6E-7-8 Introduction The bucket cylinder is a specialized hydraulic cylinder designed for controlling the movement of buckets in heavy machinery such as excavators, backhoes, and front loaders. Its main function is to enable the bucket to lift, lower, and tilt, making it easier to handle various material handling tasks. [&hellip;]<\/p>","protected":false},"featured_media":14771,"comment_status":"open","ping_status":"closed","template":"","meta":{"_et_pb_use_builder":"","_et_pb_old_content":"","_et_gb_content_width":""},"product_brand":[],"product_cat":[1494],"product_tag":[1495,1496],"class_list":{"0":"post-15352","1":"product","2":"type-product","3":"status-publish","4":"has-post-thumbnail","6":"product_cat-bucket-cylinders","7":"product_tag-bucket-cylinders","8":"product_tag-hydraulic-cylinders","10":"first","11":"instock","12":"shipping-taxable","13":"product-type-simple"},"amp_enabled":true,"_links":{"self":[{"href":"https:\/\/www.hydraulic-cylinders.net\/pl\/wp-json\/wp\/v2\/product\/15352","targetHints":{"allow":["GET"]}}],"collection":[{"href":"https:\/\/www.hydraulic-cylinders.net\/pl\/wp-json\/wp\/v2\/product"}],"about":[{"href":"https:\/\/www.hydraulic-cylinders.net\/pl\/wp-json\/wp\/v2\/types\/product"}],"replies":[{"embeddable":true,"href":"https:\/\/www.hydraulic-cylinders.net\/pl\/wp-json\/wp\/v2\/comments?post=15352"}],"wp:featuredmedia":[{"embeddable":true,"href":"https:\/\/www.hydraulic-cylinders.net\/pl\/wp-json\/wp\/v2\/media\/14771"}],"wp:attachment":[{"href":"https:\/\/www.hydraulic-cylinders.net\/pl\/wp-json\/wp\/v2\/media?parent=15352"}],"wp:term":[{"taxonomy":"product_brand","embeddable":true,"href":"https:\/\/www.hydraulic-cylinders.net\/pl\/wp-json\/wp\/v2\/product_brand?post=15352"},{"taxonomy":"product_cat","embeddable":true,"href":"https:\/\/www.hydraulic-cylinders.net\/pl\/wp-json\/wp\/v2\/product_cat?post=15352"},{"taxonomy":"product_tag","embeddable":true,"href":"https:\/\/www.hydraulic-cylinders.net\/pl\/wp-json\/wp\/v2\/product_tag?post=15352"}],"curies":[{"name":"wp","href":"https:\/\/api.w.org\/{rel}","templated":true}]}}