{"id":15355,"date":"2025-01-19T14:25:34","date_gmt":"2025-01-19T14:25:34","guid":{"rendered":"https:\/\/www.hydraulic-cylinders.net\/product\/bucket-cylinder-for-kobelco-middle-excavator-sk250-8\/"},"modified":"2025-01-19T14:25:36","modified_gmt":"2025-01-19T14:25:36","slug":"bucket-cylinder-for-kobelco-middle-excavator-sk250-8","status":"publish","type":"product","link":"https:\/\/www.hydraulic-cylinders.net\/pl\/produkt\/bucket-cylinder-for-kobelco-middle-excavator-sk250-8\/","title":{"rendered":"Si\u0142ownik \u0142y\u017cki do koparki \u015bredniej Kobelco SK250-8"},"content":{"rendered":"<h1>Si\u0142ownik \u0142y\u017cki do koparki \u015bredniej Kobelco SK250-8<\/h1>\n<h2>Wst\u0119p<\/h2>\n<h3>Czym jest cylinder kube\u0142kowy?<\/h3>\n<p>Si\u0142ownik \u0142y\u017cki to specjalistyczny si\u0142ownik hydrauliczny przeznaczony do sterowania ruchem \u0142y\u017cki w ci\u0119\u017ckich maszynach, takich jak koparki, koparko-\u0142adowarki i \u0142adowarki czo\u0142owe. Jego g\u0142\u00f3wn\u0105 funkcj\u0105 jest umo\u017cliwienie podnoszenia, opuszczania i przechylania \u0142y\u017cki, u\u0142atwiaj\u0105c wykonywanie r\u00f3\u017cnych zada\u0144 zwi\u0105zanych z prze\u0142adunkiem materia\u0142\u00f3w. W uk\u0142adzie hydraulicznym si\u0142ownik \u0142y\u017cki zapewnia precyzyjn\u0105 kontrol\u0119 nad \u0142y\u017ck\u0105 poprzez zmiany ci\u015bnienia oleju hydraulicznego, umo\u017cliwiaj\u0105c operatorom wydajne przenoszenie ci\u0119\u017ckich \u0142adunk\u00f3w i dostosowanie si\u0119 do z\u0142o\u017conych warunk\u00f3w pracy oraz zr\u00f3\u017cnicowanych wymaga\u0144 operacyjnych.<\/p>\n<p><img decoding=\"async\" src=\"https:\/\/www.hydraulic-cylinders.net\/wp-content\/uploads\/2025\/01\/songte-company-2.webp\" alt=\"Obraz cylindra wiadra\"><\/p>\n<h3>Cechy cylindra kube\u0142kowego<\/h3>\n<ul>\n<li><strong>Wysoka wytrzyma\u0142o\u015b\u0107 i trwa\u0142o\u015b\u0107:<\/strong> Zazwyczaj wykonany z wysokowytrzyma\u0142ej stali lub aluminium, wytrzymuje wysokie ci\u015bnienie i du\u017ce obci\u0105\u017cenia, dzi\u0119ki czemu nadaje si\u0119 do pracy w trudnych warunkach. Konstrukcja uwzgl\u0119dnia odporno\u015b\u0107 na zu\u017cycie i korozj\u0119, co wyd\u0142u\u017ca \u017cywotno\u015b\u0107.<\/li>\n<li><strong>Wydajna praca uk\u0142adu hydraulicznego:<\/strong> Dzi\u0119ki wykorzystaniu ci\u015bnienia oleju hydraulicznego do p\u0142ynnego rozci\u0105gania i kurczenia mechanizm mo\u017ce szybko reagowa\u0107 na polecenia steruj\u0105ce, zapewnia du\u017c\u0105 si\u0142\u0119 pchania i ci\u0105gni\u0119cia oraz nadaje si\u0119 do przenoszenia ci\u0119\u017ckich \u0142adunk\u00f3w i wykonywania skomplikowanych zada\u0144.<\/li>\n<li><strong>R\u00f3\u017cne typy:<\/strong> Si\u0142owniki jednostronnego dzia\u0142ania (hydrauliczne tylko w jednym kierunku) lub dwustronnego dzia\u0142ania (hydrauliczne w dw\u00f3ch kierunkach) mo\u017cna dobra\u0107 w zale\u017cno\u015bci od potrzeb, aby spe\u0142ni\u0107 r\u00f3\u017cne potrzeby operacyjne. Niekt\u00f3re modele s\u0105 teleskopowe, co pozwala na wi\u0119ksze wysuni\u0119cie bez zwi\u0119kszania wymiar\u00f3w zewn\u0119trznych i nadaje si\u0119 do zastosowa\u0144 w ograniczonej przestrzeni.<\/li>\n<li><strong>\u0141atwa instalacja:<\/strong> Nasz produkt mo\u017ce doskonale zast\u0105pi\u0107 tego typu si\u0142owniki hydrauliczne.<\/li>\n<li><strong>Mo\u017cliwo\u015b\u0107 dostosowania:<\/strong> Mo\u017cemy produkowa\u0107 cylindry hydrauliczne dostosowane do indywidualnych potrzeb naszych klient\u00f3w.<\/li>\n<\/ul>\n<p><img decoding=\"async\" src=\"https:\/\/www.hydraulic-cylinders.net\/wp-content\/uploads\/2025\/01\/songte-cylinder-head-with-all-kinds-excavator-models.webp\" alt=\"Obraz cylindra wiadra 2\"><\/p>\n<h3>Zastosowania cylindra kube\u0142kowego<\/h3>\n<h4>Sprz\u0119t budowlany<\/h4>\n<p>W koparkach s\u0105 one niezb\u0119dne do kopania, za\u0142adunku i przemieszczania ziemi lub gruzu. W koparko-\u0142adowarkach si\u0142ownik \u0142y\u017cki wspomaga zar\u00f3wno kopanie, jak i podnoszenie. <\/p>\n<h4>Maszyny rolnicze<\/h4>\n<p>Stosowany w \u0142adowarkach czo\u0142owych do podnoszenia, za\u0142adunku i transportu ziemi, siana i innych materia\u0142\u00f3w. W koparkach si\u0142ownik \u0142y\u017cki umo\u017cliwia jej penetracj\u0119 w g\u0142\u0105b ziemi w celu kopania. W \u0142adowarkach czo\u0142owych wspomaga on efektywne przechylanie i wysypywanie \u0142adunku.<\/p>\n<h4>Inne aplikacje<\/h4>\n<p>Si\u0142ownik czerpakowy jest r\u00f3wnie\u017c wykorzystywany w innych zastosowaniach, np. w g\u00f3rnictwie, le\u015bnictwie i transporcie materia\u0142\u00f3w.<\/p>\n<h3>Zagadnienia projektowe i kryteria wyboru<\/h3>\n<h4>No\u015bno\u015b\u0107<\/h4>\n<p>No\u015bno\u015b\u0107 cylindra kube\u0142kowego ma kluczowe znaczenie i powinna by\u0107 dobierana na podstawie maksymalnego obci\u0105\u017cenia, jakie ma on przenosi\u0107. Konieczne jest upewnienie si\u0119, \u017ce cylinder wytrzyma maksymalne ci\u015bnienie i obci\u0105\u017cenie, na jakie b\u0119dzie nara\u017cony podczas pracy.<\/p>\n<h4>Uszczelnienie i trwa\u0142o\u015b\u0107<\/h4>\n<p>Uszczelnienie i trwa\u0142o\u015b\u0107 maj\u0105 kluczowe znaczenie dla wydajno\u015bci i \u017cywotno\u015bci cylindra. Uszczelnienie t\u0142oka i t\u0142oczyska powinno by\u0107 wykonane z materia\u0142\u00f3w odpornych na zu\u017cycie i korozj\u0119, takich jak poliuretan i kauczuk nitrylowy. Korpus cylindra i gwintowane powierzchnie ko\u0144cowe powinny by\u0107 precyzyjnie obrobione w celu zwi\u0119kszenia odporno\u015bci na zu\u017cycie. Regularne smarowanie odpowiednim olejem hydraulicznym jest r\u00f3wnie\u017c niezb\u0119dne dla utrzymania optymalnej wydajno\u015bci cylindra.<\/p>\n<p><img decoding=\"async\" src=\"https:\/\/www.hydraulic-cylinders.net\/wp-content\/uploads\/2025\/01\/songte-oil-pipes-and-spare-parts.webp\" alt=\"Obraz cylindra wiadra 3\"><\/p>\n<h3>Konserwacja i naprawa<\/h3>\n<h4>Instalacja<\/h4>\n<p>Prawid\u0142owy monta\u017c jest niezb\u0119dny dla zapewnienia optymalnej wydajno\u015bci i trwa\u0142o\u015bci si\u0142ownika kube\u0142kowego. Zaleca si\u0119 prawid\u0142owe ustawienie si\u0142ownika podczas monta\u017cu i u\u017cycie odpowiednich wspornik\u00f3w monta\u017cowych w celu jego zabezpieczenia.<\/p>\n<h4>Konserwacja<\/h4>\n<ul>\n<li><strong>Regularna kontrola:<\/strong> Regularna kontrola stanu cylindra jest konieczna w celu wykrycia wszelkich oznak zu\u017cycia lub uszkodze\u0144 i podj\u0119cia odpowiednich dzia\u0142a\u0144 naprawczych.<\/li>\n<li><strong>Smarowanie:<\/strong> Aby utrzyma\u0107 optymaln\u0105 wydajno\u015b\u0107 cylindra, konieczne jest regularne smarowanie odpowiednim olejem hydraulicznym.<\/li>\n<li><strong>Wymiana uszczelki:<\/strong> Uszczelki nale\u017cy okresowo wymienia\u0107 w celu zapewnienia w\u0142a\u015bciwej szczelno\u015bci i zapobiegania wyciekom oleju.<\/li>\n<\/ul>\n<h4>Naprawa<\/h4>\n<p>W przypadku jakichkolwiek napraw zalecamy konsultacj\u0119 z naszymi do\u015bwiadczonymi technikami. Pozwoli to mie\u0107 pewno\u015b\u0107, \u017ce prace zostan\u0105 wykonane na najwy\u017cszym poziomie.<\/p>\n<h3>Bezpiecze\u0144stwo i wzgl\u0119dy \u015brodowiskowe<\/h3>\n<p>Podczas obs\u0142ugi cylindra \u0142y\u017cki nale\u017cy bezwzgl\u0119dnie przestrzega\u0107 wszelkich niezb\u0119dnych \u015brodk\u00f3w bezpiecze\u0144stwa, aby zapobiec wypadkom. Prawid\u0142owa utylizacja zu\u017cytego oleju hydraulicznego i innych niebezpiecznych odpad\u00f3w jest r\u00f3wnie\u017c kluczowa dla ochrony \u015brodowiska.<\/p>\n<p><img decoding=\"async\" src=\"https:\/\/www.hydraulic-cylinders.net\/wp-content\/uploads\/2025\/01\/songte-chushion-collar.webp\" alt=\"Obraz cylindra wiadra 4\"><\/p>\n<h3>Rozwi\u0105zywanie problem\u00f3w i typowe problemy<\/h3>\n<p>Typowe problemy z si\u0142ownikami czerpakowymi obejmuj\u0105 wycieki oleju, uszkodzenia uszczelnie\u0144 i awarie t\u0142oczyska. W przypadku jakichkolwiek problem\u00f3w z si\u0142ownikiem czerpakowym, prosimy o kontakt z naszymi do\u015bwiadczonymi technikami w celu uzyskania pomocy.<\/p>\n<h3>O nas<\/h3>\n<p>Jeste\u015bmy producentem zamiennych cylindr\u00f3w hydraulicznych, oferuj\u0105cym szerok\u0105 gam\u0119 produkt\u00f3w i staj\u0105c si\u0119 jednym z wiod\u0105cych producent\u00f3w i hurtowych dystrybutor\u00f3w cylindr\u00f3w hydraulicznych na rynku krajowym i mi\u0119dzynarodowym. Kierujemy si\u0119 strategi\u0105 doskona\u0142ej jako\u015bci, opieraj\u0105c si\u0119 na industrializacji i zarz\u0105dzaniu produkcj\u0105 w zaawansowanych warsztatach produkcyjnych. Nasza firma stale udoskonala platform\u0119 produkcyjn\u0105 warsztatu, poprawia jako\u015b\u0107 produkcji i posiada silne zdolno\u015bci produkcyjne. Spe\u0142niamy zr\u00f3\u017cnicowane potrzeby klient\u00f3w, kieruj\u0105c si\u0119 zasadami wysokiej wydajno\u015bci, precyzji i jako\u015bci. <\/p>\n<p><img decoding=\"async\" src=\"https:\/\/hzpt.com\/wp-content\/uploads\/2024\/11\/songte-company-1.webp\" alt=\"Obraz cylindra wiadra 5\"><\/p>\n<h4>Profesjonalizm<\/h4>\n<p>Dysponujemy zespo\u0142em profesjonalist\u00f3w z wieloletnim do\u015bwiadczeniem, wiedz\u0105 techniczn\u0105 i zaawansowanym sprz\u0119tem produkcyjnym.<\/p>\n<h4>Mi\u0119dzynarodowa Certyfikacja<\/h4>\n<p>Nasze produkty posiadaj\u0105 certyfikaty organizacji mi\u0119dzynarodowych i spe\u0142niaj\u0105 najwy\u017csze standardy jako\u015bci i bezpiecze\u0144stwa.<\/p>\n<h4>Us\u0142ugi personalizacji<\/h4>\n<p>Oferujemy us\u0142ugi dostosowywania do szczeg\u00f3lnych wymaga\u0144 naszych klient\u00f3w.<\/p>\n<h4>Sprz\u0119t produkcyjny<\/h4>\n<p>Posiadamy zaawansowany cyfrowy sprz\u0119t produkcyjny i profesjonalne systemy testowe, aby zagwarantowa\u0107 wysok\u0105 jako\u015b\u0107 naszych produkt\u00f3w.<\/p>\n<h4>Serwis posprzeda\u017cowy<\/h4>\n<p>Oferujemy kompleksowy serwis posprzeda\u017cowy, obejmuj\u0105cy wymian\u0119 cz\u0119\u015bci i us\u0142ugi regeneracji, aby zapewni\u0107 d\u0142ugowieczno\u015b\u0107 naszych produkt\u00f3w.<\/p>\n<p>Autor: lyl.<\/p>","protected":false},"excerpt":{"rendered":"<p>Bucket Cylinder For Kobelco Middle Excavator SK250-8 Introduction What is a Bucket Cylinder? A bucket cylinder is a specialized hydraulic cylinder designed for controlling the movement of buckets in heavy machinery such as excavators, backhoe loaders, and front-end loaders. Its main function is to enable the bucket to lift, lower, and tilt, making it easier [&hellip;]<\/p>","protected":false},"featured_media":14762,"comment_status":"open","ping_status":"closed","template":"","meta":{"_et_pb_use_builder":"","_et_pb_old_content":"","_et_gb_content_width":""},"product_brand":[],"product_cat":[1494],"product_tag":[1495,1496],"class_list":{"0":"post-15355","1":"product","2":"type-product","3":"status-publish","4":"has-post-thumbnail","6":"product_cat-bucket-cylinders","7":"product_tag-bucket-cylinders","8":"product_tag-hydraulic-cylinders","10":"first","11":"instock","12":"shipping-taxable","13":"product-type-simple"},"amp_enabled":true,"_links":{"self":[{"href":"https:\/\/www.hydraulic-cylinders.net\/pl\/wp-json\/wp\/v2\/product\/15355","targetHints":{"allow":["GET"]}}],"collection":[{"href":"https:\/\/www.hydraulic-cylinders.net\/pl\/wp-json\/wp\/v2\/product"}],"about":[{"href":"https:\/\/www.hydraulic-cylinders.net\/pl\/wp-json\/wp\/v2\/types\/product"}],"replies":[{"embeddable":true,"href":"https:\/\/www.hydraulic-cylinders.net\/pl\/wp-json\/wp\/v2\/comments?post=15355"}],"wp:featuredmedia":[{"embeddable":true,"href":"https:\/\/www.hydraulic-cylinders.net\/pl\/wp-json\/wp\/v2\/media\/14762"}],"wp:attachment":[{"href":"https:\/\/www.hydraulic-cylinders.net\/pl\/wp-json\/wp\/v2\/media?parent=15355"}],"wp:term":[{"taxonomy":"product_brand","embeddable":true,"href":"https:\/\/www.hydraulic-cylinders.net\/pl\/wp-json\/wp\/v2\/product_brand?post=15355"},{"taxonomy":"product_cat","embeddable":true,"href":"https:\/\/www.hydraulic-cylinders.net\/pl\/wp-json\/wp\/v2\/product_cat?post=15355"},{"taxonomy":"product_tag","embeddable":true,"href":"https:\/\/www.hydraulic-cylinders.net\/pl\/wp-json\/wp\/v2\/product_tag?post=15355"}],"curies":[{"name":"wp","href":"https:\/\/api.w.org\/{rel}","templated":true}]}}