{"id":15365,"date":"2025-01-19T14:26:13","date_gmt":"2025-01-19T14:26:13","guid":{"rendered":"https:\/\/www.hydraulic-cylinders.net\/product\/bucket-cylinder-for-kobelco-large-excavator-sk450-6-6e\/"},"modified":"2025-01-19T14:26:21","modified_gmt":"2025-01-19T14:26:21","slug":"bucket-cylinder-for-kobelco-large-excavator-sk450-6-6e","status":"publish","type":"product","link":"https:\/\/www.hydraulic-cylinders.net\/pl\/produkt\/bucket-cylinder-for-kobelco-large-excavator-sk450-6-6e\/","title":{"rendered":"Si\u0142ownik \u0142y\u017cki do du\u017cej koparki Kobelco SK450-6-6E"},"content":{"rendered":"<h1>Si\u0142ownik \u0142y\u017cki do du\u017cej koparki Kobelco SK450-6-6E<\/h1>\n<h2>Wst\u0119p<\/h2>\n<p>Si\u0142ownik \u0142y\u017cki do koparki du\u017cej Kobelco SK450-6-6E to specjalnie zaprojektowany si\u0142ownik hydrauliczny, u\u017cywany g\u0142\u00f3wnie do sterowania ruchem \u0142y\u017cki w ci\u0119\u017ckich maszynach, takich jak koparki, koparko-\u0142adowarki i \u0142adowarki czo\u0142owe. Jego g\u0142\u00f3wn\u0105 funkcj\u0105 jest podnoszenie, opuszczanie i przechylanie \u0142y\u017cki, u\u0142atwiaj\u0105c r\u00f3\u017cnorodne zadania zwi\u0105zane z prze\u0142adunkiem materia\u0142\u00f3w. W uk\u0142adzie hydraulicznym si\u0142ownik \u0142y\u017cki zapewnia precyzyjn\u0105 kontrol\u0119 ruchu \u0142y\u017cki poprzez zmiany ci\u015bnienia oleju hydraulicznego, umo\u017cliwiaj\u0105c operatorom wydajne przenoszenie du\u017cych \u0142adunk\u00f3w i dostosowywanie si\u0119 do z\u0142o\u017conych warunk\u00f3w pracy oraz zr\u00f3\u017cnicowanych potrzeb operacyjnych.<\/p>\n<p><img decoding=\"async\" src=\"https:\/\/www.hydraulic-cylinders.net\/wp-content\/uploads\/2025\/01\/songte-company-2.webp\" \/><\/p>\n<h2>Cechy<\/h2>\n<ul>\n<li>Wysoka wytrzyma\u0142o\u015b\u0107 i trwa\u0142o\u015b\u0107: Zazwyczaj wykonany z wysokowytrzyma\u0142ej stali lub aluminium, wytrzymuje wysokie ci\u015bnienie i du\u017ce obci\u0105\u017cenia oraz jest przystosowany do trudnych warunk\u00f3w pracy. Konstrukcja uwzgl\u0119dnia odporno\u015b\u0107 na zu\u017cycie i korozj\u0119, co wyd\u0142u\u017ca \u017cywotno\u015b\u0107.<\/li>\n<li>Wydajne dzia\u0142anie uk\u0142adu hydraulicznego: P\u0142ynne rozci\u0105ganie i kurczenie uzyskuje si\u0119 dzi\u0119ki wykorzystaniu ci\u015bnienia oleju hydraulicznego, co umo\u017cliwia szybk\u0105 reakcj\u0119 na polecenia operacyjne i zapewnia du\u017ce si\u0142y pchaj\u0105ce i ci\u0105gn\u0105ce, odpowiednie do obs\u0142ugi du\u017cych obci\u0105\u017ce\u0144 i skomplikowanych zada\u0144 operacyjnych.<\/li>\n<li>R\u00f3\u017cne typy: Si\u0142owniki jednostronnego dzia\u0142ania (hydrauliczne tylko w jednym kierunku) lub dwustronnego dzia\u0142ania (hydrauliczne w obu kierunkach) mo\u017cna dobra\u0107 w zale\u017cno\u015bci od wymaga\u0144, aby spe\u0142ni\u0107 r\u00f3\u017cne potrzeby operacyjne. Niekt\u00f3re modele s\u0105 teleskopowe, co pozwala na wi\u0119ksz\u0105 rozbudow\u0119 bez zwi\u0119kszania wymiar\u00f3w zewn\u0119trznych i nadaje si\u0119 do zastosowa\u0144 w ograniczonej przestrzeni.<\/li>\n<li>Wysoka wszechstronno\u015b\u0107: Nasz produkt doskonale zast\u0119puje tego typu si\u0142owniki hydrauliczne.<\/li>\n<\/ul>\n<p><img decoding=\"async\" src=\"https:\/\/www.hydraulic-cylinders.net\/wp-content\/uploads\/2025\/01\/songte-cylinder-head-with-all-kinds-excavator-models.webp\" \/><\/p>\n<h2>Zastosowanie<\/h2>\n<p>Si\u0142ownik kube\u0142kowy ma szeroki zakres zastosowa\u0144 w r\u00f3\u017cnych ga\u0142\u0119ziach przemys\u0142u. Oto niekt\u00f3re z typowych zastosowa\u0144:<\/p>\n<ul>\n<li>Sprz\u0119t budowlany: W koparkach s\u0105 one niezb\u0119dne do kopania, za\u0142adunku i przemieszczania gleby lub gruzu. W koparko-\u0142adowarkach si\u0142ownik \u0142y\u017cki pomaga zar\u00f3wno w kopaniu, jak i podnoszeniu. <\/li>\n<li>Maszyny rolnicze: Stosowane w \u0142adowarkach czo\u0142owych, s\u0142u\u017c\u0105 do nabierania, podnoszenia i transportu gleby, siana i innych materia\u0142\u00f3w. <\/li>\n<li>Koparki: Cylinder \u0142y\u017cki umo\u017cliwia kopanie, pozwalaj\u0105c \u0142y\u017cce na penetracj\u0119 gleby. <\/li>\n<li>\u0141adowarki: W \u0142adowarkach czo\u0142owych pomagaj\u0105 w wydajnym podnoszeniu i wysypywaniu \u0142adunk\u00f3w.<\/li>\n<\/ul>\n<p>Nasz cylinder kube\u0142kowy doskonale nadaje si\u0119 do tych i innych zastosowa\u0144. <\/p>\n<h2>Zagadnienia projektowe i standardy wyboru<\/h2>\n<p>Si\u0142ownik czerpakowy jest wa\u017cnym elementem uk\u0142ad\u00f3w hydraulicznych, a jego konstrukcja i standardy doboru maj\u0105 kluczowe znaczenie dla zapewnienia optymalnej wydajno\u015bci. Do kluczowych kwestii projektowych nale\u017c\u0105:<\/p>\n<ul>\n<li>No\u015bno\u015b\u0107: Cylinder musi by\u0107 w stanie wytrzyma\u0107 obci\u0105\u017cenie na niego dzia\u0142aj\u0105ce, nie wyginaj\u0105c si\u0119 ani nie p\u0119kaj\u0105c.<\/li>\n<li>Uszczelnienie: Prawid\u0142owe uszczelnienie jest niezb\u0119dne, aby zapobiec wyciekom oleju i zapewni\u0107 optymaln\u0105 wydajno\u015b\u0107.<\/li>\n<li>Trwa\u0142o\u015b\u0107: Cylinder musi by\u0107 wykonany z wysokiej jako\u015bci materia\u0142\u00f3w, odpornych na zu\u017cycie i korozj\u0119, aby zapewni\u0107 d\u0142ug\u0105 \u017cywotno\u015b\u0107.<\/li>\n<li>Bezpiecze\u0144stwo: Cylinder musi by\u0107 zaprojektowany z uwzgl\u0119dnieniem kwestii bezpiecze\u0144stwa i wyposa\u017cony w zawory bezpiecze\u0144stwa zapobiegaj\u0105ce przeci\u0105\u017ceniu.<\/li>\n<li>\u0141atwo\u015b\u0107 konserwacji: Cylinder musi by\u0107 \u0142atwy w konserwacji i naprawie, z \u0142atwym dost\u0119pem do podzespo\u0142\u00f3w i czytelnymi instrukcjami dotycz\u0105cymi konserwacji i napraw.<\/li>\n<\/ul>\n<p>Nasz cylinder kube\u0142kowy spe\u0142nia wszystkie te wymagania konstrukcyjne, gwarantuj\u0105c optymaln\u0105 wydajno\u015b\u0107 i d\u0142ug\u0105 \u017cywotno\u015b\u0107.<\/p>\n<p><img decoding=\"async\" src=\"https:\/\/www.hydraulic-cylinders.net\/wp-content\/uploads\/2025\/01\/songte-oil-pipes-and-spare-parts.webp\" \/><\/p>\n<h2>Uszczelnianie i smarowanie<\/h2>\n<p>W cylindrze kube\u0142kowym zastosowano r\u00f3\u017cne elementy uszczelniaj\u0105ce, takie jak uszczelki t\u0142oka, uszczelki t\u0142oczyska itp., wykonane z materia\u0142\u00f3w odpornych na zu\u017cycie, takich jak poliuretan, kauczuk nitrylowy itp. Uk\u0142ad uszczelniaj\u0105cy musi by\u0107 odpowiednio smarowany, a cylinder nale\u017cy regularnie konserwowa\u0107, stosuj\u0105c odpowiedni\u0105 ilo\u015b\u0107 oleju hydraulicznego, aby zapewni\u0107 optymaln\u0105 wydajno\u015b\u0107.<\/p>\n<h2>Konserwacja i naprawa<\/h2>\n<p>Regularna konserwacja i naprawy s\u0105 niezb\u0119dne dla zapewnienia optymalnej wydajno\u015bci i d\u0142ugiej \u017cywotno\u015bci si\u0142ownika czerpakowego. Do typowych czynno\u015bci konserwacyjnych nale\u017c\u0105 regularne kontrole, prawid\u0142owe smarowanie i wymiana uszczelnie\u0144. Prawid\u0142owy monta\u017c, smarowanie i regulacja s\u0105 r\u00f3wnie\u017c niezb\u0119dne dla optymalnej wydajno\u015bci. Stosowanie odpowiednich element\u00f3w monta\u017cowych do mocowania si\u0142ownika, zalecane procedury kontroli, naprawy i wymiany oraz korzystanie z us\u0142ug remontowych mog\u0105 pom\u00f3c w wyd\u0142u\u017ceniu \u017cywotno\u015bci si\u0142ownika czerpakowego.<\/p>\n<p><img decoding=\"async\" src=\"https:\/\/www.hydraulic-cylinders.net\/wp-content\/uploads\/2025\/01\/songte-chushion-collar.webp\" \/><\/p>\n<h2>Bezpiecze\u0144stwo i wzgl\u0119dy \u015brodowiskowe<\/h2>\n<p>Si\u0142ownik \u0142y\u017cki jest niezb\u0119dnym elementem ci\u0119\u017ckiego sprz\u0119tu, a bezpiecze\u0144stwo podczas jego u\u017cytkowania musi by\u0107 priorytetem. Aby zapewni\u0107 optymalne bezpiecze\u0144stwo i ochron\u0119 \u015brodowiska, nale\u017cy przestrzega\u0107 prawid\u0142owych procedur obs\u0142ugi, eksploatacji i konserwacji. <\/p>\n<h2>Typowe usterki i rozwi\u0105zywanie problem\u00f3w<\/h2>\n<p>Do typowych usterek si\u0142ownika \u0142y\u017cki nale\u017c\u0105 wycieki oleju, uszkodzone uszczelki i uszkodzone t\u0142oczyska. Prawid\u0142owa kontrola i konserwacja mog\u0105 pom\u00f3c w zapobieganiu tym usterkom. W przypadku wyst\u0105pienia usterek nale\u017cy zastosowa\u0107 odpowiednie procedury rozwi\u0105zywania problem\u00f3w i napraw, aby przywr\u00f3ci\u0107 optymaln\u0105 wydajno\u015b\u0107. Zaleca si\u0119 stosowanie \u015brodk\u00f3w zapobiegawczych w celu zminimalizowania potencjalnych problem\u00f3w.<\/p>\n<p><img decoding=\"async\" src=\"https:\/\/www.hydraulic-cylinders.net\/wp-content\/uploads\/2025\/01\/songte-bushings-with-all-kinds-of-excavator-models.webp\" \/><\/p>\n<h2>O naszej firmie<\/h2>\n<p>Jeste\u015bmy producentem zamiennych cylindr\u00f3w hydraulicznych oferuj\u0105cym pe\u0142n\u0105 gam\u0119 produkt\u00f3w. Jeste\u015bmy jednym z wiod\u0105cych producent\u00f3w i hurtownik\u00f3w cylindr\u00f3w hydraulicznych na rynku krajowym i mi\u0119dzynarodowym. Kierujemy si\u0119 zasad\u0105 doskona\u0142ej jako\u015bci, opieramy si\u0119 na strategii przemys\u0142owego zarz\u0105dzania produkcj\u0105 w wyspecjalizowanych warsztatach produkcyjnych i stale ulepszamy platform\u0119 produkcyjn\u0105 naszych warsztat\u00f3w, wykorzystuj\u0105c talenty technologiczne, cyfrowy sprz\u0119t produkcyjny wysokiej klasy oraz profesjonalne systemy testowe. D\u0105\u017cymy do dostarczania produkt\u00f3w o wysokiej wydajno\u015bci, precyzji i jako\u015bci, aby sprosta\u0107 zr\u00f3\u017cnicowanym potrzebom naszych klient\u00f3w. <\/p>\n<p>Zale\u017cy nam na zapewnieniu naszym klientom profesjonalnych, certyfikowanych i dostosowanych do ich potrzeb us\u0142ug. Nasz sprz\u0119t produkcyjny i serwis posprzeda\u017cowy s\u0105 najwy\u017cszej klasy, co gwarantuje optymaln\u0105 wydajno\u015b\u0107 i d\u0142ug\u0105 \u017cywotno\u015b\u0107 naszych produkt\u00f3w. <\/p>\n<p><img decoding=\"async\" src=\"https:\/\/hzpt.com\/wp-content\/uploads\/2024\/11\/songte-company-1.webp\" \/><\/p>\n<p><em>Autor: lyl<\/em><\/p>","protected":false},"excerpt":{"rendered":"<p>Bucket Cylinder For Kobelco Large Excavator SK450-6-6E Introduction The bucket cylinder for Kobelco large excavator SK450-6-6E is a specially designed hydraulic cylinder primarily used to control the movement of the bucket in heavy machinery such as excavators, backhoe excavators, and front-end loaders. Its main function is to enable lifting, lowering, and tilting of the bucket, [&hellip;]<\/p>","protected":false},"featured_media":14776,"comment_status":"open","ping_status":"closed","template":"","meta":{"_et_pb_use_builder":"","_et_pb_old_content":"","_et_gb_content_width":""},"product_brand":[],"product_cat":[1494],"product_tag":[1495,1496],"class_list":{"0":"post-15365","1":"product","2":"type-product","3":"status-publish","4":"has-post-thumbnail","6":"product_cat-bucket-cylinders","7":"product_tag-bucket-cylinders","8":"product_tag-hydraulic-cylinders","10":"first","11":"instock","12":"shipping-taxable","13":"product-type-simple"},"amp_enabled":true,"_links":{"self":[{"href":"https:\/\/www.hydraulic-cylinders.net\/pl\/wp-json\/wp\/v2\/product\/15365","targetHints":{"allow":["GET"]}}],"collection":[{"href":"https:\/\/www.hydraulic-cylinders.net\/pl\/wp-json\/wp\/v2\/product"}],"about":[{"href":"https:\/\/www.hydraulic-cylinders.net\/pl\/wp-json\/wp\/v2\/types\/product"}],"replies":[{"embeddable":true,"href":"https:\/\/www.hydraulic-cylinders.net\/pl\/wp-json\/wp\/v2\/comments?post=15365"}],"wp:featuredmedia":[{"embeddable":true,"href":"https:\/\/www.hydraulic-cylinders.net\/pl\/wp-json\/wp\/v2\/media\/14776"}],"wp:attachment":[{"href":"https:\/\/www.hydraulic-cylinders.net\/pl\/wp-json\/wp\/v2\/media?parent=15365"}],"wp:term":[{"taxonomy":"product_brand","embeddable":true,"href":"https:\/\/www.hydraulic-cylinders.net\/pl\/wp-json\/wp\/v2\/product_brand?post=15365"},{"taxonomy":"product_cat","embeddable":true,"href":"https:\/\/www.hydraulic-cylinders.net\/pl\/wp-json\/wp\/v2\/product_cat?post=15365"},{"taxonomy":"product_tag","embeddable":true,"href":"https:\/\/www.hydraulic-cylinders.net\/pl\/wp-json\/wp\/v2\/product_tag?post=15365"}],"curies":[{"name":"wp","href":"https:\/\/api.w.org\/{rel}","templated":true}]}}