{"id":15368,"date":"2025-01-19T14:26:32","date_gmt":"2025-01-19T14:26:32","guid":{"rendered":"https:\/\/www.hydraulic-cylinders.net\/product\/bucket-cylinder-for-kobelco-large-excavator-sk310\/"},"modified":"2025-01-19T14:26:34","modified_gmt":"2025-01-19T14:26:34","slug":"bucket-cylinder-for-kobelco-large-excavator-sk310","status":"publish","type":"product","link":"https:\/\/www.hydraulic-cylinders.net\/pl\/produkt\/bucket-cylinder-for-kobelco-large-excavator-sk310\/","title":{"rendered":"Si\u0142ownik \u0142y\u017cki do du\u017cej koparki Kobelco SK310"},"content":{"rendered":"<h1>Si\u0142ownik \u0142y\u017cki do du\u017cej koparki Kobelco SK310<\/h1>\n<h2>Wst\u0119p<\/h2>\n<p>Si\u0142ownik \u0142y\u017cki do koparki du\u017cej Kobelco SK310 to rodzaj si\u0142ownika hydraulicznego zaprojektowanego specjalnie do sterowania ruchem \u0142y\u017cki w ci\u0119\u017ckich maszynach, takich jak koparki, koparko-\u0142adowarki i \u0142adowarki czo\u0142owe. Jego g\u0142\u00f3wn\u0105 funkcj\u0105 jest podnoszenie, opuszczanie i przechylanie \u0142y\u017cki, co u\u0142atwia wykonywanie r\u00f3\u017cnych zada\u0144 zwi\u0105zanych z prze\u0142adunkiem materia\u0142\u00f3w. W uk\u0142adzie hydraulicznym si\u0142ownik \u0142y\u017cki zapewnia precyzyjn\u0105 kontrol\u0119 nad \u0142y\u017ck\u0105 poprzez zmiany ci\u015bnienia oleju hydraulicznego, umo\u017cliwiaj\u0105c operatorom wydajne przenoszenie ci\u0119\u017ckich \u0142adunk\u00f3w i dostosowywanie si\u0119 do z\u0142o\u017conych warunk\u00f3w pracy oraz zr\u00f3\u017cnicowanych wymaga\u0144 operacyjnych.<\/p>\n<p><img decoding=\"async\" src=\"https:\/\/www.hydraulic-cylinders.net\/wp-content\/uploads\/2025\/01\/songte-company-2.webp\"><\/p>\n<h2>Cechy<\/h2>\n<ul>\n<li>Wysoka wytrzyma\u0142o\u015b\u0107 i trwa\u0142o\u015b\u0107: Zazwyczaj wykonane z wytrzyma\u0142ej stali lub aluminium, wytrzymuj\u0105 du\u017ce ci\u015bnienie i du\u017ce obci\u0105\u017cenia, s\u0105 przystosowane do trudnych warunk\u00f3w pracy oraz zaprojektowane z uwzgl\u0119dnieniem odporno\u015bci na zu\u017cycie i korozj\u0119, co wyd\u0142u\u017ca ich \u017cywotno\u015b\u0107.<\/li>\n<li>Wydajne dzia\u0142anie uk\u0142adu hydraulicznego: P\u0142ynne rozci\u0105ganie i kurczenie uzyskuje si\u0119 dzi\u0119ki wykorzystaniu ci\u015bnienia oleju hydraulicznego, co umo\u017cliwia szybk\u0105 reakcj\u0119 na polecenia operacyjne, zapewnia du\u017ce si\u0142y pchania i ci\u0105gni\u0119cia i jest przydatne przy obs\u0142udze du\u017cych obci\u0105\u017ce\u0144 i skomplikowanych zada\u0144 operacyjnych.<\/li>\n<li>R\u00f3\u017cnorodne typy: Si\u0142owniki jednostronnego dzia\u0142ania (hydrauliczne w jednym kierunku) lub dwustronnego dzia\u0142ania (hydrauliczne w obu kierunkach) mo\u017cna dobra\u0107 w zale\u017cno\u015bci od wymaga\u0144 operacyjnych. Niekt\u00f3re modele s\u0105 teleskopowe, co pozwala na wi\u0119ksze wysuni\u0119cie bez zwi\u0119kszania wymiar\u00f3w zewn\u0119trznych, i nadaje si\u0119 do zastosowa\u0144 w ograniczonej przestrzeni.<\/li>\n<li>Wymienne: Nasz produkt doskonale zast\u0119puje te cylindry hydrauliczne.<\/li>\n<\/ul>\n<p><img decoding=\"async\" src=\"https:\/\/www.hydraulic-cylinders.net\/wp-content\/uploads\/2025\/01\/songte-cylinder-head-with-all-kinds-excavator-models.webp\"><\/p>\n<h2>Aplikacje<\/h2>\n<ul>\n<li>Sprz\u0119t budowlany: W koparkach s\u0105 one niezb\u0119dne do wykop\u00f3w, za\u0142adunku i przemieszczania gleby lub gruzu. W koparko-\u0142adowarkach cylindry \u0142y\u017cki wspomagaj\u0105 zar\u00f3wno wykopy, jak i podnoszenie. <\/li>\n<li>Maszyny rolnicze: Stosowane w \u0142adowarkach czo\u0142owych do nabierania, podnoszenia i transportu gleby, siana i innych materia\u0142\u00f3w. <\/li>\n<li>Koparki: Cylindry \u0142y\u017cki umo\u017cliwiaj\u0105 kopanie, pozwalaj\u0105c \u0142y\u017cce na penetracj\u0119 gleby. <\/li>\n<li>\u0141adowarki: W \u0142adowarkach czo\u0142owych pomagaj\u0105 w efektywnym podnoszeniu i przechylaniu \u0142adunk\u00f3w. <\/li>\n<\/ul>\n<h2>Zagadnienia projektowe i kryteria wyboru<\/h2>\n<ul>\n<li>No\u015bno\u015b\u0107: Cylinder powinien by\u0107 zaprojektowany tak, aby wytrzyma\u0107 maksymalne obci\u0105\u017cenie, jakie mo\u017ce wyst\u0105pi\u0107 w czasie pracy. <\/li>\n<li>Uszczelnienie: Nale\u017cy dobra\u0107 r\u00f3\u017cne elementy uszczelniaj\u0105ce, takie jak uszczelki t\u0142oka, uszczelki t\u0142oczyska i uszczelki wycieraczek, aby zapewni\u0107 szczelno\u015b\u0107 i trwa\u0142o\u015b\u0107 cylindra. <\/li>\n<li>Trwa\u0142o\u015b\u0107: Aby zapewni\u0107 d\u0142ugowieczno\u015b\u0107, cylinder powinien by\u0107 wykonany z materia\u0142\u00f3w odpornych na zu\u017cycie i korozj\u0119. <\/li>\n<li>Bezpiecze\u0144stwo: Nale\u017cy wdro\u017cy\u0107 \u015brodki bezpiecze\u0144stwa, aby zapobiec wypadkom i obra\u017ceniom. <\/li>\n<li>Konserwacja: Cylinder powinien by\u0107 zaprojektowany w spos\u00f3b umo\u017cliwiaj\u0105cy \u0142atw\u0105 konserwacj\u0119, z \u0142atwo dost\u0119pnymi podzespo\u0142ami i przejrzystymi instrukcjami konserwacji.<\/li>\n<\/ul>\n<p><img decoding=\"async\" src=\"https:\/\/www.hydraulic-cylinders.net\/wp-content\/uploads\/2025\/01\/songte-oil-pipes-and-spare-parts.webp\"><\/p>\n<h2>Uszczelnianie i smarowanie<\/h2>\n<p>W cylindrze zastosowano r\u00f3\u017cne elementy uszczelniaj\u0105ce, takie jak uszczelnienia t\u0142oka, uszczelnienia t\u0142oczyska i uszczelnienia zgarniaj\u0105ce. Uszczelnienia te wykonane s\u0105 z materia\u0142\u00f3w odpornych na zu\u017cycie, takich jak poliuretan i kauczuk nitrylowy, co zapewnia ich trwa\u0142o\u015b\u0107. Korpus cylindra i gwintowane powierzchnie ko\u0144cowe s\u0105 precyzyjnie obrobione, aby zwi\u0119kszy\u0107 odporno\u015b\u0107 na zu\u017cycie. Regularne smarowanie odpowiednim olejem hydraulicznym jest niezb\u0119dne, aby zapewni\u0107 p\u0142ynn\u0105 prac\u0119, zmniejszy\u0107 zu\u017cycie i wyd\u0142u\u017cy\u0107 \u017cywotno\u015b\u0107 cylindra.<\/p>\n<h2>Kontrola i \u015brodki konserwacji zapobiegawczej<\/h2>\n<ul>\n<li>Regularna kontrola: Nale\u017cy okresowo sprawdza\u0107 cylinder pod k\u0105tem zu\u017cycia i uszkodze\u0144. Wszelkie uszkodzone lub zu\u017cyte cz\u0119\u015bci nale\u017cy natychmiast wymieni\u0107. <\/li>\n<li>Prawid\u0142owe smarowanie: Cylinder nale\u017cy smarowa\u0107 zgodnie z instrukcjami producenta. <\/li>\n<li>Wymiana uszczelek: Uszczelki nale\u017cy okresowo wymienia\u0107, poniewa\u017c ulegaj\u0105 zu\u017cyciu, aby zapobiec wyciekom i zapewni\u0107 prawid\u0142owe dzia\u0142anie cylindra. <\/li>\n<li>Kontrola kalibracji: Nale\u017cy okresowo sprawdza\u0107 cylinder, aby mie\u0107 pewno\u015b\u0107, \u017ce dzia\u0142a prawid\u0142owo i jest poprawnie skalibrowany. <\/li>\n<\/ul>\n<h2>Instrukcja instalacji produktu<\/h2>\n<p>Prawid\u0142owy monta\u017c ma kluczowe znaczenie dla bezpiecznego i wydajnego dzia\u0142ania cylindra. Nale\u017cy przestrzega\u0107 nast\u0119puj\u0105cych wskaz\u00f3wek:<\/p>\n<ul>\n<li>Podczas monta\u017cu cylinder powinien by\u0107 prawid\u0142owo wyr\u00f3wnany. <\/li>\n<li>Zaleca si\u0119 u\u017cycie odpowiednich uchwyt\u00f3w monta\u017cowych w celu zabezpieczenia cylindra. <\/li>\n<li>Aby zapewni\u0107 d\u0142ugowieczno\u015b\u0107, nale\u017cy przestrzega\u0107 zalecanych procedur kontroli, napraw i wymiany.<\/li>\n<\/ul>\n<p><img decoding=\"async\" src=\"https:\/\/www.hydraulic-cylinders.net\/wp-content\/uploads\/2025\/01\/songte-chushion-collar.webp\"><\/p>\n<h2>Zagadnienia bezpiecze\u0144stwa i czynniki \u015brodowiskowe<\/h2>\n<p>Podczas u\u017cytkowania cylindr\u00f3w kube\u0142kowych nale\u017cy podj\u0105\u0107 \u015brodki bezpiecze\u0144stwa, aby zapobiec wypadkom i obra\u017ceniom. \u015arodki te obejmuj\u0105 przeszkolenie operator\u00f3w, prawid\u0142ow\u0105 instalacj\u0119 oraz regularne przegl\u0105dy i konserwacj\u0119. Ponadto, podczas projektowania i monta\u017cu cylindra nale\u017cy uwzgl\u0119dni\u0107 czynniki \u015brodowiskowe, takie jak temperatura, wilgotno\u015b\u0107 i substancje \u017cr\u0105ce, aby zapobiec uszkodzeniom i zapewni\u0107 jego d\u0142ugowieczno\u015b\u0107.<\/p>\n<h2>Diagnostyka usterek i typowe problemy<\/h2>\n<p>Do typowych problem\u00f3w, kt\u00f3re mog\u0105 wp\u0142ywa\u0107 na dzia\u0142anie si\u0142ownika \u0142y\u017cki, nale\u017c\u0105 nieszczelno\u015bci, nietypowy ha\u0142as i niewystarczaj\u0105ca si\u0142a. Problemy te mog\u0105 wynika\u0107 z uszkodzenia lub zu\u017cycia uszczelnie\u0144, nieszczelno\u015bci w uk\u0142adzie hydraulicznym lub innych usterek mechanicznych. Regularna konserwacja i przegl\u0105dy mog\u0105 pom\u00f3c w identyfikacji i zapobieganiu takim problemom.<\/p>\n<h2>Wprowadzenie do firmy<\/h2>\n<p>Jeste\u015bmy producentem zamiennych cylindr\u00f3w hydraulicznych oferuj\u0105cym pe\u0142n\u0105 gam\u0119 produkt\u00f3w. Jeste\u015bmy jednym z wiod\u0105cych producent\u00f3w i hurtowych dystrybutor\u00f3w cylindr\u00f3w hydraulicznych na rynku krajowym i mi\u0119dzynarodowym. Przestrzegamy zasady doskona\u0142ej jako\u015bci i opieramy si\u0119 na zindustrializowanych strategiach zarz\u0105dzania produkcj\u0105 w naszych zaawansowanych warsztatach produkcyjnych. Stale ulepszamy nasze platformy produkcyjne w obszarach talent\u00f3w technologicznych, cyfrowego, zaawansowanego sprz\u0119tu produkcyjnego oraz profesjonalnych system\u00f3w testowych. Dysponujemy silnym potencja\u0142em kreatywnym, kt\u00f3ry zaspokaja zr\u00f3\u017cnicowane potrzeby klient\u00f3w, zapewniaj\u0105c wysok\u0105 wydajno\u015b\u0107, precyzj\u0119 i jako\u015b\u0107.<\/p>\n<p><img decoding=\"async\" src=\"https:\/\/hzpt.com\/wp-content\/uploads\/2024\/11\/songte-company-1.webp\"><\/p>\n<h3>Profesjonalizm:<\/h3>\n<p>Posiadamy profesjonalny zesp\u00f3\u0142 projektant\u00f3w i programist\u00f3w dysponuj\u0105cy wyj\u0105tkowymi mo\u017cliwo\u015bciami technicznymi i bogatym do\u015bwiadczeniem, co pozwala nam projektowa\u0107 i produkowa\u0107 cylindry hydrauliczne idealnie dostosowane do potrzeb naszych klient\u00f3w.<\/p>\n<h3>Certyfikacja mi\u0119dzynarodowa:<\/h3>\n<p>Posiadamy certyfikaty ISO 9001 i CE, kt\u00f3re gwarantuj\u0105, \u017ce nasze produkty spe\u0142niaj\u0105 mi\u0119dzynarodowe standardy jako\u015bci.<\/p>\n<h3>Us\u0142ugi dostosowywania:<\/h3>\n<p>Oferujemy us\u0142ugi personalizacji, aby sprosta\u0107 specyficznym potrzebom naszych klient\u00f3w. Mo\u017cemy zaprojektowa\u0107 i wyprodukowa\u0107 cylindry hydrauliczne zgodnie z wymaganiami klienta, w r\u00f3\u017cnych specyfikacjach i modelach.<\/p>\n<h3>Sprz\u0119t produkcyjny:<\/h3>\n<p>Posiadamy zaawansowany sprz\u0119t produkcyjny, taki jak tokarki CNC, centra obr\u00f3bcze CNC i szlifierki CNC, co gwarantuje dok\u0142adno\u015b\u0107 i jako\u015b\u0107 naszych produkt\u00f3w.<\/p>\n<h3>Serwis posprzeda\u017cowy:<\/h3>\n<p>Zapewniamy kompleksow\u0105 obs\u0142ug\u0119 posprzeda\u017cow\u0105, obejmuj\u0105c\u0105 wsparcie techniczne, naprawy i wymiany, aby mie\u0107 pewno\u015b\u0107, \u017ce nasi klienci s\u0105 zadowoleni z naszych produkt\u00f3w i us\u0142ug.<\/p>\n<p>Autor: lyl<\/p>\n<p><img decoding=\"async\" src=\"https:\/\/www.hydraulic-cylinders.net\/wp-content\/uploads\/2025\/01\/songte-bushings-with-all-kinds-of-excavator-models.webp\"><\/p>","protected":false},"excerpt":{"rendered":"<p>Bucket Cylinder for Kobelco Large Excavator SK310 Introduction The bucket cylinder for Kobelco large excavator SK310 is a type of hydraulic cylinder specifically designed to control the movement of the bucket in heavy machinery such as excavators, backhoes, and front-end loaders. Its main function is to enable the bucket to lift, lower, and tilt, making [&hellip;]<\/p>","protected":false},"featured_media":14769,"comment_status":"open","ping_status":"closed","template":"","meta":{"_et_pb_use_builder":"","_et_pb_old_content":"","_et_gb_content_width":""},"product_brand":[],"product_cat":[1494],"product_tag":[1495,1496],"class_list":{"0":"post-15368","1":"product","2":"type-product","3":"status-publish","4":"has-post-thumbnail","6":"product_cat-bucket-cylinders","7":"product_tag-bucket-cylinders","8":"product_tag-hydraulic-cylinders","10":"first","11":"instock","12":"shipping-taxable","13":"product-type-simple"},"amp_enabled":true,"_links":{"self":[{"href":"https:\/\/www.hydraulic-cylinders.net\/pl\/wp-json\/wp\/v2\/product\/15368","targetHints":{"allow":["GET"]}}],"collection":[{"href":"https:\/\/www.hydraulic-cylinders.net\/pl\/wp-json\/wp\/v2\/product"}],"about":[{"href":"https:\/\/www.hydraulic-cylinders.net\/pl\/wp-json\/wp\/v2\/types\/product"}],"replies":[{"embeddable":true,"href":"https:\/\/www.hydraulic-cylinders.net\/pl\/wp-json\/wp\/v2\/comments?post=15368"}],"wp:featuredmedia":[{"embeddable":true,"href":"https:\/\/www.hydraulic-cylinders.net\/pl\/wp-json\/wp\/v2\/media\/14769"}],"wp:attachment":[{"href":"https:\/\/www.hydraulic-cylinders.net\/pl\/wp-json\/wp\/v2\/media?parent=15368"}],"wp:term":[{"taxonomy":"product_brand","embeddable":true,"href":"https:\/\/www.hydraulic-cylinders.net\/pl\/wp-json\/wp\/v2\/product_brand?post=15368"},{"taxonomy":"product_cat","embeddable":true,"href":"https:\/\/www.hydraulic-cylinders.net\/pl\/wp-json\/wp\/v2\/product_cat?post=15368"},{"taxonomy":"product_tag","embeddable":true,"href":"https:\/\/www.hydraulic-cylinders.net\/pl\/wp-json\/wp\/v2\/product_tag?post=15368"}],"curies":[{"name":"wp","href":"https:\/\/api.w.org\/{rel}","templated":true}]}}