{"id":15376,"date":"2025-01-19T14:27:11","date_gmt":"2025-01-19T14:27:11","guid":{"rendered":"https:\/\/www.hydraulic-cylinders.net\/product\/bucket-cylinder-for-yugong-wy75-7-8\/"},"modified":"2025-01-19T14:27:13","modified_gmt":"2025-01-19T14:27:13","slug":"bucket-cylinder-for-yugong-wy75-7-8","status":"publish","type":"product","link":"https:\/\/www.hydraulic-cylinders.net\/pl\/produkt\/bucket-cylinder-for-yugong-wy75-7-8\/","title":{"rendered":"Si\u0142ownik kube\u0142kowy do Yugong WY75-7-8"},"content":{"rendered":"<h2>Wst\u0119p<\/h2>\n<h3>Definicja cylindra kube\u0142kowego dla Yugong WY75-7-8<\/h3>\n<p>Si\u0142ownik \u0142y\u017cki do Yugong WY75-7-8 to specjalistyczny si\u0142ownik hydrauliczny zaprojektowany g\u0142\u00f3wnie do sterowania ruchem \u0142y\u017cki w ci\u0119\u017ckich maszynach, takich jak koparki, koparko-\u0142adowarki i \u0142adowarki czo\u0142owe. Jego g\u0142\u00f3wn\u0105 funkcj\u0105 jest podnoszenie, opuszczanie i przechylanie \u0142y\u017cki, u\u0142atwiaj\u0105c tym samym r\u00f3\u017cnorodne zadania zwi\u0105zane z prze\u0142adunkiem materia\u0142\u00f3w. W uk\u0142adzie hydraulicznym si\u0142ownik \u0142y\u017cki zapewnia precyzyjn\u0105 kontrol\u0119 nad \u0142y\u017ck\u0105 poprzez zmiany ci\u015bnienia oleju hydraulicznego, umo\u017cliwiaj\u0105c operatorom wydajne przenoszenie du\u017cych \u0142adunk\u00f3w i dostosowywanie si\u0119 do z\u0142o\u017conych warunk\u00f3w pracy oraz zr\u00f3\u017cnicowanych wymaga\u0144 operacyjnych.<\/p>\n<p><img decoding=\"async\" src=\"https:\/\/www.hydraulic-cylinders.net\/wp-content\/uploads\/2025\/01\/songte-company-2.webp\"\/><\/p>\n<h3>Cechy cylindra czerpakowego do Yugong WY75-7-8<\/h3>\n<ul>\n<li><strong>Wysoka wytrzyma\u0142o\u015b\u0107 i trwa\u0142o\u015b\u0107:<\/strong> Zazwyczaj wykonany jest z wytrzyma\u0142ej stali lub aluminium, jest w stanie wytrzyma\u0107 du\u017ce ci\u015bnienie i du\u017ce obci\u0105\u017cenia, przystosowany do trudnych warunk\u00f3w pracy, a tak\u017ce zaprojektowany z my\u015bl\u0105 o odporno\u015bci na zu\u017cycie i korozj\u0119, co wyd\u0142u\u017ca jego \u017cywotno\u015b\u0107.<\/li>\n<li><strong>Wydajna praca uk\u0142adu hydraulicznego:<\/strong> Wykorzystuj\u0105c ci\u015bnienie oleju hydraulicznego do uzyskania p\u0142ynnego rozszerzania i kurczenia, urz\u0105dzenie mo\u017ce szybko reagowa\u0107 na polecenia steruj\u0105ce, zapewniaj\u0105c du\u017ce si\u0142y pchaj\u0105ce i ci\u0105gn\u0105ce, odpowiednie do obs\u0142ugi du\u017cych obci\u0105\u017ce\u0144 i skomplikowanych zada\u0144 operacyjnych.<\/li>\n<li><strong>R\u00f3\u017cne typy:<\/strong> Si\u0142owniki jednostronnego dzia\u0142ania (hydrauliczne tylko w jednym kierunku) lub dwustronnego dzia\u0142ania (hydrauliczne w dw\u00f3ch kierunkach) mo\u017cna dobra\u0107 w zale\u017cno\u015bci od potrzeb, aby spe\u0142ni\u0107 r\u00f3\u017cne potrzeby operacyjne. Niekt\u00f3re modele s\u0105 teleskopowe, co pozwala na wi\u0119ksze wysuni\u0119cie bez zwi\u0119kszania wymiar\u00f3w zewn\u0119trznych, i nadaje si\u0119 do zastosowa\u0144 w ograniczonej przestrzeni.<\/li>\n<li><strong>\u0141atwe w produkcji:<\/strong> Nasze produkty mog\u0105 doskonale zast\u0105pi\u0107 te si\u0142owniki hydrauliczne.<\/li>\n<\/ul>\n<p><img decoding=\"async\" src=\"https:\/\/www.hydraulic-cylinders.net\/wp-content\/uploads\/2025\/01\/songte-cylinder-head-with-all-kinds-excavator-models.webp\"\/><\/p>\n<h3>Zastosowania cylindra kube\u0142kowego do Yugong WY75-7-8<\/h3>\n<p>Si\u0142ownik czerpakowy do Yugong WY75-7-8 jest szeroko stosowany w r\u00f3\u017cnych ci\u0119\u017ckich maszynach, w tym:<\/p>\n<ul>\n<li><strong>Sprz\u0119t budowlany:<\/strong> W koparkach s\u0105 one niezb\u0119dne do kopania, za\u0142adunku i przemieszczania gleby lub gruzu. W koparko-\u0142adowarkach si\u0142owniki \u0142y\u017cki wspomagaj\u0105 zar\u00f3wno kopanie, jak i podnoszenie. <\/li>\n<li><strong>Maszyny rolnicze:<\/strong> Cylindry \u0142y\u017cek w koparkach s\u0142u\u017c\u0105 do nabierania, podnoszenia i transportu gleby, siana i innych materia\u0142\u00f3w w \u0142adowarkach czo\u0142owych, umo\u017cliwiaj\u0105c kopanie w glebie. <\/li>\n<li><strong>\u0141adowarka:<\/strong> W \u0142adowarkach czo\u0142owych si\u0142owniki \u0142y\u017cki pomagaj\u0105 w efektywnym podnoszeniu i wysypywaniu materia\u0142\u00f3w.<\/li>\n<\/ul>\n<h3>Zagadnienia projektowe i kryteria wyboru cylindra kube\u0142kowego do Yugong WY75-7-8<\/h3>\n<p>Projektuj\u0105c i dobieraj\u0105c si\u0142owniki kube\u0142kowe, nale\u017cy wzi\u0105\u0107 pod uwag\u0119 szereg czynnik\u00f3w, aby zapewni\u0107 ich niezawodno\u015b\u0107 i wydajno\u015b\u0107. Nale\u017c\u0105 do nich:<\/p>\n<ul>\n<li><strong>No\u015bno\u015b\u0107:<\/strong> Zapewnienie, \u017ce cylinder \u0142y\u017cki b\u0119dzie w stanie wytrzyma\u0107 obci\u0105\u017cenia, kt\u00f3rym zostanie poddany, i b\u0119dzie m\u00f3g\u0142 wykonywa\u0107 swoje funkcje bez awarii.<\/li>\n<li><strong>Opiecz\u0119towanie:<\/strong> Stosuj\u0105c r\u00f3\u017cne uszczelki, takie jak uszczelki t\u0142okowe, uszczelki t\u0142oczyskowe itp., a tak\u017ce wybieraj\u0105c materia\u0142y odporne na zu\u017cycie, takie jak poliuretan i kauczuk nitrylowy na uszczelki, korpus cylindra i gwintowana powierzchnia ko\u0144cowa s\u0105 precyzyjnie obrabiane w celu zwi\u0119kszenia odporno\u015bci na zu\u017cycie. Regularne uzupe\u0142nianie paliwa jest wymagane w celu smarowania.<\/li>\n<li><strong>Trwa\u0142o\u015b\u0107:<\/strong> Zapewnienie odporno\u015bci cylindra \u0142y\u017cki na trudne warunki \u015brodowiskowe i utrzymanie jego wydajno\u015bci przez d\u0142ugi czas.<\/li>\n<li><strong>Bezpiecze\u0144stwo:<\/strong> Upewnienie si\u0119, \u017ce cylinder \u0142y\u017cki jest bezpieczny w obs\u0142udze i nie stwarza zagro\u017cenia dla operator\u00f3w ani innego sprz\u0119tu.<\/li>\n<li><strong>Utrzymywalno\u015b\u0107:<\/strong> Zapewnienie \u0142atwo\u015bci konserwacji i naprawy cylindra \u0142y\u017cki, co pozwala ograniczy\u0107 przestoje i koszty konserwacji.<\/li>\n<\/ul>\n<p><img decoding=\"async\" src=\"https:\/\/www.hydraulic-cylinders.net\/wp-content\/uploads\/2025\/01\/songte-oil-pipes-and-spare-parts.webp\"\/><\/p>\n<h3>Konserwacja i rozwi\u0105zywanie problem\u00f3w z cylindrem czerpakowym Yugong WY75-7-8<\/h3>\n<p>Regularna konserwacja i przegl\u0105dy s\u0105 niezb\u0119dne dla zapewnienia niezawodnej pracy si\u0142ownik\u00f3w kube\u0142kowych. Do typowych czynno\u015bci konserwacyjnych nale\u017c\u0105:<\/p>\n<ul>\n<li><strong>Regularna kontrola:<\/strong> Kontrola korpusu cylindra, t\u0142oka, pr\u0119ta i uszczelek pod k\u0105tem zu\u017cycia i uszkodze\u0144.<\/li>\n<li><strong>Smarowanie:<\/strong> Naniesienie odpowiedniej ilo\u015bci oleju hydraulicznego na korpus cylindra i uszczelki, aby zapewni\u0107 p\u0142ynn\u0105 prac\u0119 oraz zapobiec zu\u017cyciu i uszkodzeniom.<\/li>\n<li><strong>Wymiana uszczelki:<\/strong> Wymiana zu\u017cytych lub uszkodzonych uszczelek w celu zachowania szczelno\u015bci cylindra.<\/li>\n<\/ul>\n<p>Prawid\u0142owy monta\u017c, smarowanie i regulacja s\u0105 kluczowe dla niezawodnej i bezpiecznej pracy si\u0142ownik\u00f3w kube\u0142kowych. Podczas monta\u017cu zaleca si\u0119 prawid\u0142owe ustawienie si\u0142ownika i u\u017cycie odpowiednich wspornik\u00f3w monta\u017cowych w celu jego zabezpieczenia. Zaleca si\u0119 regularne kontrole, naprawy i wymiany, aby wyd\u0142u\u017cy\u0107 \u017cywotno\u015b\u0107 si\u0142ownika kube\u0142kowego i poprawi\u0107 jego niezawodno\u015b\u0107.<\/p>\n<p><img decoding=\"async\" src=\"https:\/\/www.hydraulic-cylinders.net\/wp-content\/uploads\/2025\/01\/songte-chushion-collar.webp\"\/><\/p>\n<h3>Zagadnienia bezpiecze\u0144stwa i czynniki \u015brodowiskowe dotycz\u0105ce cylindra czerpakowego do Yugong WY75-7-8<\/h3>\n<p>Podczas u\u017cytkowania cylindr\u00f3w kube\u0142kowych nale\u017cy podj\u0105\u0107 \u015brodki bezpiecze\u0144stwa, aby zapobiec wypadkom i zapewni\u0107 bezpieczn\u0105 obs\u0142ug\u0119. Zaleca si\u0119 przestrzeganie wytycznych bezpiecze\u0144stwa i stosowanie odpowiedniego sprz\u0119tu ochrony osobistej, takiego jak r\u0119kawice i okulary ochronne. Nale\u017cy r\u00f3wnie\u017c uwzgl\u0119dni\u0107 czynniki \u015brodowiskowe, takie jak temperatura, wilgotno\u015b\u0107 oraz nara\u017cenie na dzia\u0142anie substancji chemicznych lub materia\u0142\u00f3w \u017cr\u0105cych, i podj\u0105\u0107 odpowiednie \u015brodki w celu ochrony cylindra przed uszkodzeniem.<\/p>\n<p><img decoding=\"async\" src=\"https:\/\/www.hydraulic-cylinders.net\/wp-content\/uploads\/2025\/01\/songte-bushings-with-all-kinds-of-excavator-models.webp\"\/><\/p>\n<h3>Wniosek<\/h3>\n<p>Jako wiod\u0105cy producent i hurtownik si\u0142ownik\u00f3w hydraulicznych, oferujemy szerok\u0105 gam\u0119 produkt\u00f3w, aby sprosta\u0107 zr\u00f3\u017cnicowanym potrzebom operacyjnym. Nasze zaanga\u017cowanie w d\u0105\u017cenie do doskona\u0142o\u015bci w zakresie jako\u015bci, zarz\u0105dzania produkcj\u0105 i obs\u0142ugi klienta uczyni\u0142o nas liderem na rynku globalnym. Dzi\u0119ki naszym zaawansowanym zak\u0142adom produkcyjnym i wysoko wykwalifikowanemu zespo\u0142owi technicznemu, dok\u0142adamy wszelkich stara\u0144, aby dostarcza\u0107 naszym klientom wydajne, precyzyjne i wysokiej jako\u015bci produkty. Nasza firma oferuje profesjonalne us\u0142ugi personalizacji, mi\u0119dzynarodowe certyfikaty oraz doskona\u0142\u0105 obs\u0142ug\u0119 posprzeda\u017cow\u0105, aby zagwarantowa\u0107 satysfakcj\u0119 klienta.<\/p>\n<p><img decoding=\"async\" src=\"https:\/\/hzpt.com\/wp-content\/uploads\/2024\/11\/songte-company-1.webp\"\/><\/p>\n<p>Autor: lyl<\/p>","protected":false},"excerpt":{"rendered":"<p>Introduction Definition of Bucket Cylinder For Yugong WY75-7-8 The bucket cylinder for Yugong WY75-7-8 is a type of specialized hydraulic cylinder designed primarily to control the movement of the bucket in heavy machinery such as excavators, backhoe loaders, and front-end loaders. Its primary function is to enable the bucket to lift, lower, and tilt, thus [&hellip;]<\/p>","protected":false},"featured_media":14784,"comment_status":"open","ping_status":"closed","template":"","meta":{"_et_pb_use_builder":"","_et_pb_old_content":"","_et_gb_content_width":""},"product_brand":[],"product_cat":[1494],"product_tag":[1495,1496],"class_list":{"0":"post-15376","1":"product","2":"type-product","3":"status-publish","4":"has-post-thumbnail","6":"product_cat-bucket-cylinders","7":"product_tag-bucket-cylinders","8":"product_tag-hydraulic-cylinders","10":"first","11":"instock","12":"shipping-taxable","13":"product-type-simple"},"amp_enabled":true,"_links":{"self":[{"href":"https:\/\/www.hydraulic-cylinders.net\/pl\/wp-json\/wp\/v2\/product\/15376","targetHints":{"allow":["GET"]}}],"collection":[{"href":"https:\/\/www.hydraulic-cylinders.net\/pl\/wp-json\/wp\/v2\/product"}],"about":[{"href":"https:\/\/www.hydraulic-cylinders.net\/pl\/wp-json\/wp\/v2\/types\/product"}],"replies":[{"embeddable":true,"href":"https:\/\/www.hydraulic-cylinders.net\/pl\/wp-json\/wp\/v2\/comments?post=15376"}],"wp:featuredmedia":[{"embeddable":true,"href":"https:\/\/www.hydraulic-cylinders.net\/pl\/wp-json\/wp\/v2\/media\/14784"}],"wp:attachment":[{"href":"https:\/\/www.hydraulic-cylinders.net\/pl\/wp-json\/wp\/v2\/media?parent=15376"}],"wp:term":[{"taxonomy":"product_brand","embeddable":true,"href":"https:\/\/www.hydraulic-cylinders.net\/pl\/wp-json\/wp\/v2\/product_brand?post=15376"},{"taxonomy":"product_cat","embeddable":true,"href":"https:\/\/www.hydraulic-cylinders.net\/pl\/wp-json\/wp\/v2\/product_cat?post=15376"},{"taxonomy":"product_tag","embeddable":true,"href":"https:\/\/www.hydraulic-cylinders.net\/pl\/wp-json\/wp\/v2\/product_tag?post=15376"}],"curies":[{"name":"wp","href":"https:\/\/api.w.org\/{rel}","templated":true}]}}