{"id":15377,"date":"2025-01-19T14:27:15","date_gmt":"2025-01-19T14:27:15","guid":{"rendered":"https:\/\/www.hydraulic-cylinders.net\/product\/bucket-cylinder-for-yugong-wy135-8\/"},"modified":"2025-01-19T14:27:22","modified_gmt":"2025-01-19T14:27:22","slug":"bucket-cylinder-for-yugong-wy135-8","status":"publish","type":"product","link":"https:\/\/www.hydraulic-cylinders.net\/pl\/produkt\/bucket-cylinder-for-yugong-wy135-8\/","title":{"rendered":"Si\u0142ownik kube\u0142kowy do Yugong WY135-8"},"content":{"rendered":"<h1>Si\u0142ownik kube\u0142kowy do Yugong WY135-8<\/h1>\n<h2>Wst\u0119p<\/h2>\n<p>Si\u0142ownik \u0142y\u017cki do Yugong WY135-8 to specjalistyczny si\u0142ownik hydrauliczny, u\u017cywany g\u0142\u00f3wnie do sterowania ruchem \u0142y\u017cki w ci\u0119\u017ckich maszynach, takich jak koparki, koparko-\u0142adowarki i \u0142adowarki czo\u0142owe. Jego g\u0142\u00f3wn\u0105 funkcj\u0105 jest podnoszenie, opuszczanie i przechylanie \u0142y\u017cki, u\u0142atwiaj\u0105c transport r\u00f3\u017cnych materia\u0142\u00f3w. W uk\u0142adzie hydraulicznym si\u0142ownik \u0142y\u017cki precyzyjnie steruje jej ruchem poprzez zmian\u0119 ci\u015bnienia oleju hydraulicznego, umo\u017cliwiaj\u0105c operatorom wydajne przenoszenie du\u017cych \u0142adunk\u00f3w, dostosowanie si\u0119 do z\u0142o\u017conych warunk\u00f3w pracy i zr\u00f3\u017cnicowanych wymaga\u0144.<\/p>\n<p><img decoding=\"async\" src=\"https:\/\/www.hydraulic-cylinders.net\/wp-content\/uploads\/2025\/01\/songte-company-2.webp\"\/><\/p>\n<h2>Cechy<\/h2>\n<ul>\n<li>Wysoka wytrzyma\u0142o\u015b\u0107 i trwa\u0142o\u015b\u0107: Zazwyczaj wykonane z wysokowytrzyma\u0142ej stali lub aluminium, wytrzymuj\u0105 du\u017ce ci\u015bnienie i du\u017ce obci\u0105\u017cenia, s\u0105 przystosowane do trudnych warunk\u00f3w pracy, a tak\u017ce zaprojektowane z my\u015bl\u0105 o odporno\u015bci na zu\u017cycie i korozj\u0119, co wyd\u0142u\u017ca ich \u017cywotno\u015b\u0107.<\/li>\n<li>Wydajne dzia\u0142anie uk\u0142adu hydraulicznego: wykorzystuje ci\u015bnienie oleju hydraulicznego w celu zapewnienia p\u0142ynnego wysuwania i wsuwania, szybko reaguje na polecenia steruj\u0105ce, zapewnia du\u017c\u0105 si\u0142\u0119 pchania i ci\u0105gni\u0119cia, nadaje si\u0119 do obs\u0142ugi ci\u0119\u017ckich \u0142adunk\u00f3w i wykonywania skomplikowanych zada\u0144.<\/li>\n<li>R\u00f3\u017cne typy: Si\u0142owniki jednostronnego dzia\u0142ania (hydrauliczne dzia\u0142aj\u0105ce tylko w jednym kierunku) lub dwustronnego dzia\u0142ania (hydrauliczne dzia\u0142aj\u0105ce w obu kierunkach) mo\u017cna dobra\u0107 w zale\u017cno\u015bci od potrzeb, aby spe\u0142ni\u0107 r\u00f3\u017cne wymagania operacyjne. Niekt\u00f3re modele s\u0105 teleskopowe, co pozwala na wi\u0119ksze wysuni\u0119cie bez zwi\u0119kszania wymiar\u00f3w zewn\u0119trznych, dzi\u0119ki czemu nadaj\u0105 si\u0119 do zastosowa\u0144 w ograniczonej przestrzeni.<\/li>\n<li>Wymienne: Nasz produkt doskonale zast\u0119puje te cylindry hydrauliczne.<\/li>\n<\/ul>\n<p><img decoding=\"async\" src=\"https:\/\/www.hydraulic-cylinders.net\/wp-content\/uploads\/2025\/01\/songte-cylinder-head-with-all-kinds-excavator-models.webp\"\/><\/p>\n<h2>Aplikacje<\/h2>\n<p>Si\u0142ownik kube\u0142kowy do Yugong WY135-8 jest szeroko stosowany w r\u00f3\u017cnych ga\u0142\u0119ziach przemys\u0142u:<\/p>\n<ul>\n<li>Sprz\u0119t budowlany: W koparkach s\u0105 one niezb\u0119dne do kopania, za\u0142adunku i przemieszczania gleby lub gruzu. W koparko-\u0142adowarkach si\u0142ownik \u0142y\u017cki pomaga zar\u00f3wno w kopaniu, jak i podnoszeniu. <\/li>\n<li>Maszyny rolnicze: Stosowane w \u0142adowarkach czo\u0142owych do nabierania, podnoszenia i transportu gleby, siana i innych materia\u0142\u00f3w.<\/li>\n<li>Koparki: Cylinder \u0142y\u017cki umo\u017cliwia kopanie poprzez zag\u0142\u0119bianie si\u0119 \u0142y\u017cki w gleb\u0119.<\/li>\n<li>\u0141adowarki czo\u0142owe: W \u0142adowarkach czo\u0142owych u\u0142atwiaj\u0105 efektywne podnoszenie i przechylanie \u0142adunk\u00f3w.<\/li>\n<\/ul>\n<p>Ka\u017cda aplikacja jest om\u00f3wiona szczeg\u00f3\u0142owo poni\u017cej:<\/p>\n<h3>Sprz\u0119t budowlany<\/h3>\n<p>W koparkach si\u0142ownik \u0142y\u017cki jest niezb\u0119dnym elementem, kt\u00f3ry u\u0142atwia kopanie, \u0142adowanie i przemieszczanie gleby lub gruzu. Ma on moc pozwalaj\u0105c\u0105 na \u0142atwe i precyzyjne wykonywanie wszystkich ci\u0119\u017ckich zada\u0144. W koparko-\u0142adowarkach si\u0142ownik \u0142y\u017cki u\u0142atwia zar\u00f3wno kopanie, jak i podnoszenie, co czyni go niezb\u0119dnym narz\u0119dziem w projektach budowlanych.<\/p>\n<h3>Maszyny rolnicze<\/h3>\n<p>Si\u0142ownik \u0142y\u017cki jest kluczowym elementem maszyn rolniczych, zw\u0142aszcza \u0142adowarek czo\u0142owych. Umo\u017cliwia on wydajny za\u0142adunek i roz\u0142adunek r\u00f3\u017cnych materia\u0142\u00f3w, takich jak gleba, siano i inne produkty rolne. Jego moc i stabilno\u015b\u0107 sprawiaj\u0105, \u017ce idealnie nadaje si\u0119 do zastosowa\u0144 w rolnictwie.<\/p>\n<h3>Koparki<\/h3>\n<p>Si\u0142ownik \u0142y\u017cki do koparki Yugong WY135-8 odgrywa kluczow\u0105 rol\u0119 w koparkach, umo\u017cliwiaj\u0105c jej penetracj\u0119 gruntu i podnoszenie ci\u0119\u017ckich \u0142adunk\u00f3w. Dzi\u0119ki swojej precyzji i wydajno\u015bci, z \u0142atwo\u015bci\u0105 radzi sobie z najtrudniejszymi zadaniami, co czyni go niezb\u0119dnym narz\u0119dziem w ka\u017cdym projekcie wykopaliskowym.<\/p>\n<h3>\u0141adowarki czo\u0142owe<\/h3>\n<p>W \u0142adowarkach czo\u0142owych si\u0142ownik \u0142y\u017cki wspomaga efektywne podnoszenie i przechylanie \u0142adunk\u00f3w. Dzi\u0119ki swojej mocy i stabilno\u015bci z \u0142atwo\u015bci\u0105 radzi sobie z ci\u0119\u017ckimi \u0142adunkami, co czyni go niezb\u0119dnym elementem ka\u017cdej \u0142adowarki czo\u0142owej.<\/p>\n<h2>Zagadnienia projektowe i kryteria wyboru<\/h2>\n<p>Zagadnienia projektowe i kryteria doboru cylindra kube\u0142kowego dla Yugong WY135-8 s\u0105 nast\u0119puj\u0105ce:<\/p>\n<h3>No\u015bno\u015b\u0107<\/h3>\n<p>No\u015bno\u015b\u0107 cylindra jest kluczowym czynnikiem konstrukcyjnym. Cylinder musi by\u0107 w stanie wytrzyma\u0107 wysokie ci\u015bnienie i du\u017ce obci\u0105\u017cenia bez odkszta\u0142ce\u0144 i uszkodze\u0144.<\/p>\n<h3>Opiecz\u0119towanie<\/h3>\n<p>Cylinder musi mie\u0107 doskona\u0142e uszczelnienie, aby zapobiec wyciekom oleju i zapewni\u0107 p\u0142ynn\u0105 prac\u0119. Aby zapewni\u0107 maksymaln\u0105 odporno\u015b\u0107 na zu\u017cycie i szczelno\u015b\u0107, stosuje si\u0119 r\u00f3\u017cne materia\u0142y uszczelniaj\u0105ce, takie jak poliuretan i kauczuk nitrylowy.<\/p>\n<h3>Trwa\u0142o\u015b\u0107<\/h3>\n<p>Cylinder musi by\u0107 trwa\u0142y i odporny na trudne warunki pracy oraz du\u017ce obci\u0105\u017cenia. Zastosowane materia\u0142y musz\u0105 charakteryzowa\u0107 si\u0119 wysok\u0105 wytrzyma\u0142o\u015bci\u0105 i dobr\u0105 odporno\u015bci\u0105 na zu\u017cycie, co zapewni d\u0142ugowieczno\u015b\u0107 cylindra.<\/p>\n<h3>Bezpiecze\u0144stwo<\/h3>\n<p>Bezpiecze\u0144stwo cylindra jest kwesti\u0105 najwy\u017cszej wagi, dlatego musi on by\u0107 wyposa\u017cony w takie zabezpieczenia, jak zawory bezpiecze\u0144stwa, blokady bezpiecze\u0144stwa i inne mechanizmy zabezpieczaj\u0105ce, zapobiegaj\u0105ce wypadkom i gwarantuj\u0105ce bezpiecze\u0144stwo operatora.<\/p>\n<h3>Konserwacja<\/h3>\n<p>Cylinder musi by\u0107 zaprojektowany z my\u015bl\u0105 o \u0142atwej konserwacji, np. \u0142atwym demonta\u017cu i ponownym monta\u017cu, \u0142atwym dost\u0119pie do cz\u0119\u015bci wymiennych i prostych procedurach konserwacyjnych.<\/p>\n<p><img decoding=\"async\" src=\"https:\/\/www.hydraulic-cylinders.net\/wp-content\/uploads\/2025\/01\/songte-oil-pipes-and-spare-parts.webp\"\/><\/p>\n<h2>Uszczelnianie i smarowanie<\/h2>\n<p>W si\u0142owniku kube\u0142kowym Yugong WY135-8 zastosowano r\u00f3\u017cnorodne elementy uszczelniaj\u0105ce, takie jak uszczelnienia t\u0142oka i t\u0142oczyska, wykonane z materia\u0142\u00f3w odpornych na zu\u017cycie, takich jak poliuretan i kauczuk nitrylowy. Korpus si\u0142ownika i gwintowane powierzchnie ko\u0144cowe s\u0105 precyzyjnie obrobione w celu zwi\u0119kszenia odporno\u015bci na zu\u017cycie. Smarowanie odbywa si\u0119 poprzez dodanie odpowiedniej ilo\u015bci oleju hydraulicznego, co zapewnia p\u0142ynny ruch si\u0142ownika.<\/p>\n<h2>Konserwacja i \u015brodki zapobiegawcze<\/h2>\n<p>Si\u0142ownik kube\u0142kowy Yugong WY135-8 wymaga regularnej konserwacji, aby zapewni\u0107 jego d\u0142ug\u0105 \u017cywotno\u015b\u0107 i optymaln\u0105 wydajno\u015b\u0107. Czynno\u015bci konserwacyjne obejmuj\u0105 regularne kontrole, smarowanie, wymian\u0119 uszczelnie\u0144 i kalibracj\u0119. Prawid\u0142owy monta\u017c, smarowanie i regulacja maj\u0105 kluczowe znaczenie dla optymalnej wydajno\u015bci si\u0142ownika. Podczas monta\u017cu nale\u017cy zapewni\u0107 odpowiednie wytyczne dotycz\u0105ce ustawienia, a do zabezpieczenia si\u0142ownika nale\u017cy u\u017cy\u0107 odpowiednich wspornik\u00f3w monta\u017cowych. Nale\u017cy przestrzega\u0107 zalecanych procedur kontroli, naprawy i wymiany, a tak\u017ce technik wyd\u0142u\u017caj\u0105cych \u017cywotno\u015b\u0107 si\u0142ownika.<\/p>\n<p><img decoding=\"async\" src=\"https:\/\/www.hydraulic-cylinders.net\/wp-content\/uploads\/2025\/01\/songte-chushion-collar.webp\"\/><\/p>\n<h2>Zagadnienia bezpiecze\u0144stwa i czynniki \u015brodowiskowe<\/h2>\n<p>Podczas u\u017cytkowania cylindra kube\u0142kowego Yugong WY135-8 nale\u017cy zachowa\u0107 \u015brodki bezpiecze\u0144stwa, takie jak prawid\u0142owa instalacja, regularne przegl\u0105dy i konserwacja oraz przestrzeganie wytycznych bezpiecze\u0144stwa w celu zapobiegania wypadkom. Podczas u\u017cytkowania cylindra nale\u017cy uwzgl\u0119dni\u0107 czynniki \u015brodowiskowe, takie jak temperatura, wilgotno\u015b\u0107, substancje \u017cr\u0105ce i kurz.<\/p>\n<h2>Rozwi\u0105zywanie problem\u00f3w i typowe problemy<\/h2>\n<p>Poni\u017cej przedstawiono kilka typowych problem\u00f3w, kt\u00f3re mog\u0105 wyst\u0105pi\u0107 podczas u\u017cytkowania cylindra kube\u0142kowego Yugong WY135-8:<\/p>\n<ul>\n<li>Wyciek oleju spowodowany zu\u017cytymi uszczelkami<\/li>\n<li>Niewystarczaj\u0105ce ci\u015bnienie spowodowane uszkodzon\u0105 pomp\u0105 lub zaworem<\/li>\n<li>Nadmierne wygi\u0119cie cylindra spowodowane przeci\u0105\u017ceniem lub nieprawid\u0142ow\u0105 instalacj\u0105<\/li>\n<\/ul>\n<p>Aby rozwi\u0105za\u0107 te problemy, nale\u017cy wykona\u0107 nast\u0119puj\u0105ce czynno\u015bci:<\/p>\n<ul>\n<li>Sprawd\u017a, czy elementy uszczelniaj\u0105ce nie s\u0105 zu\u017cyte i w razie potrzeby wymie\u0144 je<\/li>\n<li>Sprawd\u017a pomp\u0119 i zaw\u00f3r pod k\u0105tem usterek i w razie potrzeby napraw je lub wymie\u0144<\/li>\n<li>Sprawd\u017a, czy nie ma b\u0142\u0119d\u00f3w w monta\u017cu i ustawieniu cylindra, i wyreguluj je odpowiednio<\/li>\n<\/ul>\n<h2>Wprowadzenie do firmy<\/h2>\n<p>Jeste\u015bmy wiod\u0105cym producentem i dystrybutorem si\u0142ownik\u00f3w hydraulicznych na rynku krajowym i mi\u0119dzynarodowym. Oferujemy pe\u0142n\u0105 gam\u0119 si\u0142ownik\u00f3w hydraulicznych i dbamy o dostarczanie produkt\u00f3w o doskona\u0142ej jako\u015bci. Nasze procesy produkcyjne oparte s\u0105 na zaawansowanych technologiach, a zesp\u00f3\u0142 wykwalifikowanych specjalist\u00f3w dba o to, aby nasze produkty spe\u0142nia\u0142y najwy\u017csze standardy jako\u015bci. Oferujemy r\u00f3wnie\u017c us\u0142ugi dostosowane do indywidualnych potrzeb naszych klient\u00f3w. Nasze produkty znajduj\u0105 szerokie zastosowanie w r\u00f3\u017cnych ga\u0142\u0119ziach przemys\u0142u, a my jeste\u015bmy znani z dba\u0142o\u015bci o jako\u015b\u0107, niezawodno\u015b\u0107 i zadowolenie klienta.<\/p>\n<p>Nasz\u0105 firm\u0119 charakteryzuje:<\/p>\n<ul>\n<li>Profesjonalizm<\/li>\n<li>Certyfikacja mi\u0119dzynarodowa<\/li>\n<li>Us\u0142ugi dostosowane do indywidualnych potrzeb<\/li>\n<li>Zaawansowany sprz\u0119t produkcyjny<\/li>\n<li>Doskona\u0142a obs\u0142uga posprzeda\u017cowa<\/li>\n<\/ul>\n<p>Jeste\u015bmy dumni z naszych produkt\u00f3w i staramy si\u0119 dostarcza\u0107 naszym klientom najlepsze mo\u017cliwe rozwi\u0105zania w zakresie cylindr\u00f3w hydraulicznych.<\/p>\n<p><img decoding=\"async\" src=\"https:\/\/hzpt.com\/wp-content\/uploads\/2024\/11\/songte-company-1.webp\"\/><\/p>\n<p>Autor: lyl.<\/p>","protected":false},"excerpt":{"rendered":"<p>Bucket Cylinder For Yugong WY135-8 Introduction The bucket cylinder for Yugong WY135-8 is a specialized hydraulic cylinder primarily used to control the movement of the bucket in heavy machinery such as excavators, backhoes, and front-end loaders. Its main function is to allow the bucket to lift, lower, and tilt, making it easier to transport various [&hellip;]<\/p>","protected":false},"featured_media":14782,"comment_status":"open","ping_status":"closed","template":"","meta":{"_et_pb_use_builder":"","_et_pb_old_content":"","_et_gb_content_width":""},"product_brand":[],"product_cat":[1494],"product_tag":[1495,1496],"class_list":{"0":"post-15377","1":"product","2":"type-product","3":"status-publish","4":"has-post-thumbnail","6":"product_cat-bucket-cylinders","7":"product_tag-bucket-cylinders","8":"product_tag-hydraulic-cylinders","10":"first","11":"instock","12":"shipping-taxable","13":"product-type-simple"},"amp_enabled":true,"_links":{"self":[{"href":"https:\/\/www.hydraulic-cylinders.net\/pl\/wp-json\/wp\/v2\/product\/15377","targetHints":{"allow":["GET"]}}],"collection":[{"href":"https:\/\/www.hydraulic-cylinders.net\/pl\/wp-json\/wp\/v2\/product"}],"about":[{"href":"https:\/\/www.hydraulic-cylinders.net\/pl\/wp-json\/wp\/v2\/types\/product"}],"replies":[{"embeddable":true,"href":"https:\/\/www.hydraulic-cylinders.net\/pl\/wp-json\/wp\/v2\/comments?post=15377"}],"wp:featuredmedia":[{"embeddable":true,"href":"https:\/\/www.hydraulic-cylinders.net\/pl\/wp-json\/wp\/v2\/media\/14782"}],"wp:attachment":[{"href":"https:\/\/www.hydraulic-cylinders.net\/pl\/wp-json\/wp\/v2\/media?parent=15377"}],"wp:term":[{"taxonomy":"product_brand","embeddable":true,"href":"https:\/\/www.hydraulic-cylinders.net\/pl\/wp-json\/wp\/v2\/product_brand?post=15377"},{"taxonomy":"product_cat","embeddable":true,"href":"https:\/\/www.hydraulic-cylinders.net\/pl\/wp-json\/wp\/v2\/product_cat?post=15377"},{"taxonomy":"product_tag","embeddable":true,"href":"https:\/\/www.hydraulic-cylinders.net\/pl\/wp-json\/wp\/v2\/product_tag?post=15377"}],"curies":[{"name":"wp","href":"https:\/\/api.w.org\/{rel}","templated":true}]}}