{"id":15380,"date":"2025-01-19T14:27:33","date_gmt":"2025-01-19T14:27:33","guid":{"rendered":"https:\/\/www.hydraulic-cylinders.net\/product\/bucket-cylinder-for-grand-cme150lc\/"},"modified":"2025-01-19T14:27:35","modified_gmt":"2025-01-19T14:27:35","slug":"bucket-cylinder-for-grand-cme150lc","status":"publish","type":"product","link":"https:\/\/www.hydraulic-cylinders.net\/pl\/produkt\/bucket-cylinder-for-grand-cme150lc\/","title":{"rendered":"Cylinder kube\u0142kowy do Grand CME150LC"},"content":{"rendered":"<h1>Cylinder kube\u0142kowy do Grand CME150LC<\/h1>\n<h2>Wst\u0119p<\/h2>\n<p>Si\u0142ownik \u0142y\u017cki do Grand CME150LC to specjalistyczny si\u0142ownik hydrauliczny, stosowany g\u0142\u00f3wnie do sterowania ruchem koparek w ci\u0119\u017ckich maszynach, takich jak koparki, koparko-\u0142adowarki i \u0142adowarki czo\u0142owe. Jego g\u0142\u00f3wn\u0105 funkcj\u0105 jest umo\u017cliwienie podnoszenia, opuszczania i przechylania koparki, u\u0142atwiaj\u0105c wykonywanie r\u00f3\u017cnych zada\u0144 zwi\u0105zanych z prze\u0142adunkiem materia\u0142\u00f3w. W uk\u0142adzie hydraulicznym si\u0142ownik \u0142y\u017cki precyzyjnie steruje ruchem koparki poprzez zmiany ci\u015bnienia oleju hydraulicznego, umo\u017cliwiaj\u0105c operatorom wydajne podnoszenie ci\u0119\u017ckich \u0142adunk\u00f3w i dostosowywanie si\u0119 do z\u0142o\u017conych warunk\u00f3w pracy oraz zr\u00f3\u017cnicowanych wymaga\u0144.<\/p>\n<p><img decoding=\"async\" src=\"https:\/\/www.hydraulic-cylinders.net\/wp-content\/uploads\/2025\/01\/songte-company-2.webp\" alt=\"Cylinder kube\u0142kowy do Grand CME150LC\"><\/p>\n<h2>Cechy<\/h2>\n<ul>\n<li>Wysoka wytrzyma\u0142o\u015b\u0107 i trwa\u0142o\u015b\u0107: Zazwyczaj wykonane z wysokowytrzyma\u0142ej stali lub aluminium, wytrzymuj\u0105 du\u017ce ci\u015bnienie i du\u017ce obci\u0105\u017cenia, s\u0105 przystosowane do trudnych warunk\u00f3w pracy. Zaprojektowane z uwzgl\u0119dnieniem odporno\u015bci na zu\u017cycie i korozj\u0119, aby przed\u0142u\u017cy\u0107 \u017cywotno\u015b\u0107.<\/li>\n<li>Wydajna praca uk\u0142adu hydraulicznego: wykorzystuje ci\u015bnienie oleju hydraulicznego w celu zapewnienia p\u0142ynnego rozci\u0105gania i kurczenia, mo\u017ce szybko reagowa\u0107 na polecenia steruj\u0105ce, zapewnia du\u017c\u0105 si\u0142\u0119 pchania i ci\u0105gni\u0119cia oraz jest odpowiedni do przenoszenia ci\u0119\u017ckich \u0142adunk\u00f3w i wykonywania skomplikowanych zada\u0144.<\/li>\n<li>R\u00f3\u017cne typy: Si\u0142owniki jednostronnego dzia\u0142ania (hydrauliczne dzia\u0142aj\u0105ce tylko w jednym kierunku) lub dwustronnego dzia\u0142ania (hydrauliczne dzia\u0142aj\u0105ce w dw\u00f3ch kierunkach) mo\u017cna dobra\u0107 w zale\u017cno\u015bci od potrzeb, aby spe\u0142ni\u0107 r\u00f3\u017cne wymagania operacyjne. Niekt\u00f3re modele s\u0105 teleskopowe, co pozwala na wi\u0119ksze wysuni\u0119cie bez zwi\u0119kszania wymiar\u00f3w zewn\u0119trznych, i nadaje si\u0119 do zastosowa\u0144 w ograniczonej przestrzeni.<\/li>\n<li>Produkcja niestandardowa: Nasze produkty mog\u0105 doskonale zast\u0105pi\u0107 te si\u0142owniki hydrauliczne.<\/li>\n<li>\u0141atwa konserwacja: Prosta konstrukcja, \u0142atwa instalacja i demonta\u017c, wygodna konserwacja i wysoka op\u0142acalno\u015b\u0107.<\/li>\n<\/ul>\n<p><img decoding=\"async\" src=\"https:\/\/www.hydraulic-cylinders.net\/wp-content\/uploads\/2025\/01\/songte-cylinder-head-with-all-kinds-excavator-models.webp\" alt=\"Cylinder kube\u0142kowy do Grand CME150LC\"><\/p>\n<h2>Aplikacje<\/h2>\n<p>Cylinder kube\u0142kowy do Grand CME150LC jest szeroko stosowany w r\u00f3\u017cnych ga\u0142\u0119ziach przemys\u0142u, takich jak:<\/p>\n<ul>\n<li>Sprz\u0119t budowlany: W koparkach s\u0105 one niezb\u0119dne do kopania, za\u0142adunku i przemieszczania gleby lub gruzu. W koparko-\u0142adowarkach si\u0142ownik \u0142y\u017cki pomaga zar\u00f3wno w kopaniu, jak i podnoszeniu. <\/li>\n<li>Maszyny rolnicze: U\u017cywane do \u0142adowarek czo\u0142owych, do zbierania, podnoszenia i transportu gleby, siana i innych materia\u0142\u00f3w. <\/li>\n<li>Koparki: Cylinder \u0142y\u017cki realizuje czynno\u015bci wykopaliskowe, umo\u017cliwiaj\u0105c \u0142y\u017cce penetracj\u0119 gleby. <\/li>\n<li>\u0141adowarki: W \u0142adowarkach czo\u0142owych pomagaj\u0105 w efektywnym podnoszeniu i przechylaniu \u0142adunku.<\/li>\n<\/ul>\n<p>Wymienione powy\u017cej zastosowania nie s\u0105 wyczerpuj\u0105ce i mog\u0105 by\u0107 dostosowywane do wymaga\u0144 klienta i specyfikacji sprz\u0119tu.<\/p>\n<h2>Zagadnienia projektowe i standardy wyboru<\/h2>\n<ul>\n<li>No\u015bno\u015b\u0107: Si\u0142ownik hydrauliczny musi wytrzyma\u0107 ci\u0119\u017car urz\u0105dzenia lub maszyny, dlatego musi mie\u0107 wystarczaj\u0105c\u0105 wytrzyma\u0142o\u015b\u0107 i sztywno\u015b\u0107, aby nie ulega\u0107 odkszta\u0142ceniom lub uszkodzeniom pod wp\u0142ywem ci\u015bnienia.<\/li>\n<li>Uszczelnienie: Si\u0142ownik hydrauliczny musi by\u0107 szczelnie zamkni\u0119ty, aby zapobiec wyciekom oleju, zmniejszy\u0107 straty energii i zapobiec przedostawaniu si\u0119 zanieczyszcze\u0144 zewn\u0119trznych do uk\u0142adu. Do produkcji pier\u015bcieni uszczelniaj\u0105cych zazwyczaj stosuje si\u0119 wysokiej jako\u015bci, odporne na zu\u017cycie materia\u0142y poliuretanowe lub nitrylowe.<\/li>\n<li>Trwa\u0142o\u015b\u0107: Si\u0142ownik hydrauliczny musi charakteryzowa\u0107 si\u0119 doskona\u0142\u0105 odporno\u015bci\u0105 na korozj\u0119 i zu\u017cycie, aby m\u00f3g\u0142 by\u0107 przystosowany do pracy w trudnych warunkach, wyd\u0142u\u017ca\u0107 \u017cywotno\u015b\u0107 i redukowa\u0107 koszty konserwacji.<\/li>\n<li>Bezpiecze\u0144stwo: Si\u0142ownik hydrauliczny musi by\u0107 wyposa\u017cony w niezawodne \u015brodki bezpiecze\u0144stwa, zapobiegaj\u0105ce wypadkom spowodowanym uszkodzeniem lub awari\u0105 sprz\u0119tu, takie jak zawory bezpiecze\u0144stwa lub urz\u0105dzenia zabezpieczaj\u0105ce przed przeci\u0105\u017ceniem.<\/li>\n<li>Konserwacja: Si\u0142ownik hydrauliczny musi by\u0107 \u0142atwy w monta\u017cu, demonta\u017cu i konserwacji, co pozwala ograniczy\u0107 przestoje i koszty oraz zwi\u0119kszy\u0107 wydajno\u015b\u0107 pracy.<\/li>\n<\/ul>\n<p><img decoding=\"async\" src=\"https:\/\/www.hydraulic-cylinders.net\/wp-content\/uploads\/2025\/01\/songte-oil-pipes-and-spare-parts.webp\" alt=\"Cylinder kube\u0142kowy do Grand CME150LC\"><\/p>\n<h2>Uszczelnianie i smarowanie<\/h2>\n<p>Si\u0142ownik czerpakowy do Grand CME150LC jest wyposa\u017cony w r\u00f3\u017cnorodne elementy uszczelniaj\u0105ce, takie jak uszczelnienia t\u0142oka i t\u0142oczyska, wykonane z trwa\u0142ych i odpornych na zu\u017cycie materia\u0142\u00f3w, takich jak poliuretan lub kauczuk nitrylowy, co zapewnia doskona\u0142e uszczelnienie i trwa\u0142o\u015b\u0107. Dodatkowo, wewn\u0119trzna \u015bcianka cylindra i gwintowana powierzchnia ko\u0144cowa s\u0105 precyzyjnie obrobione, aby zwi\u0119kszy\u0107 odporno\u015b\u0107 na zu\u017cycie i wyd\u0142u\u017cy\u0107 \u017cywotno\u015b\u0107. Regularna konserwacja obejmuje dodawanie odpowiedniej ilo\u015bci oleju hydraulicznego w celu smarowania cylindra i zapewnienia jego p\u0142ynnej pracy.<\/p>\n<h2>Kontrola i \u015brodki konserwacji zapobiegawczej<\/h2>\n<p>Regularne kontrole i konserwacja zapobiegawcza s\u0105 niezb\u0119dne w celu zapewnienia bezpiecznej i stabilnej pracy cylindra czerpakowego Grand CME150LC. <\/p>\n<ul>\n<li>Regularna kontrola: Sprawd\u017a stan si\u0142ownika hydraulicznego, w tym poziom oleju hydraulicznego, stan uszczelnie\u0144 i og\u00f3lny wygl\u0105d. Wszelkie p\u0119kni\u0119cia, wycieki lub \u015blady zu\u017cycia nale\u017cy naprawia\u0107 lub wymienia\u0107 na czas. <\/li>\n<li>W\u0142a\u015bciwe smarowanie: Nale\u017cy doda\u0107 odpowiedni\u0105 ilo\u015b\u0107 oleju hydraulicznego, aby zapewni\u0107 p\u0142ynn\u0105 prac\u0119 si\u0142ownika hydraulicznego. <\/li>\n<li>Wymiana uszczelek i kontrola kalibracji: Nale\u017cy regularnie wymienia\u0107 uszczelki i sprawdza\u0107 kalibracj\u0119, aby zapewni\u0107 prawid\u0142owe uszczelnienie i stabilno\u015b\u0107 cylindra.<\/li>\n<\/ul>\n<p>Prawid\u0142owy monta\u017c, smarowanie i regulacja to kluczowe czynniki przed\u0142u\u017caj\u0105ce \u017cywotno\u015b\u0107 cylindra czerpakowego Grand CME150LC. Zaleca si\u0119 prawid\u0142owe ustawienie i u\u017cycie odpowiednich wspornik\u00f3w monta\u017cowych do zabezpieczenia cylindra podczas monta\u017cu. Regularne procedury kontroli, napraw i wymiany s\u0105 niezb\u0119dne dla zapewnienia optymalnej wydajno\u015bci i trwa\u0142o\u015bci cylindra. <\/p>\n<p><img decoding=\"async\" src=\"https:\/\/www.hydraulic-cylinders.net\/wp-content\/uploads\/2025\/01\/songte-chushion-collar.webp\" alt=\"Cylinder kube\u0142kowy do Grand CME150LC\"><\/p>\n<h2>Zagadnienia bezpiecze\u0144stwa i czynniki \u015brodowiskowe<\/h2>\n<p>Podczas u\u017cytkowania si\u0142ownika czerpakowego do Grand CME150LC nale\u017cy zachowa\u0107 \u015brodki bezpiecze\u0144stwa, aby zapobiec wypadkom spowodowanym uszkodzeniem lub awari\u0105 sprz\u0119tu. Nale\u017cy \u015bci\u015ble przestrzega\u0107 instrukcji producenta, a monta\u017c, napraw\u0119 i wymian\u0119 powinien wykonywa\u0107 wy\u0142\u0105cznie przeszkolony personel. Dodatkowo, przy wyborze odpowiedniego si\u0142ownika hydraulicznego nale\u017cy uwzgl\u0119dni\u0107 czynniki \u015brodowiskowe, takie jak temperatura, wilgotno\u015b\u0107 i nara\u017cenie na dzia\u0142anie substancji \u017cr\u0105cych.<\/p>\n<h2>Rozwi\u0105zywanie problem\u00f3w i typowe problemy<\/h2>\n<p>Typowe problemy z si\u0142ownikiem \u0142y\u017cki do Grand CME150LC obejmuj\u0105 wyciek oleju, zablokowanie podno\u015bnika i wadliwe zawory bezpiecze\u0144stwa. Aby zdiagnozowa\u0107 i naprawi\u0107 te problemy, nale\u017cy \u015bci\u015ble przestrzega\u0107 instrukcji producenta i w razie potrzeby zwr\u00f3ci\u0107 si\u0119 o pomoc do specjalisty.<\/p>\n<h2>Wniosek<\/h2>\n<p>Jeste\u015bmy wiod\u0105cym producentem i hurtownikiem si\u0142ownik\u00f3w hydraulicznych na \u015bwiecie. Oferujemy szerok\u0105 gam\u0119 produkt\u00f3w i us\u0142ug dostosowanych do indywidualnych potrzeb naszych klient\u00f3w. Nasze produkty s\u0105 wykonane z najwy\u017cszej jako\u015bci materia\u0142\u00f3w i wytwarzane przy u\u017cyciu najnowocze\u015bniejszego sprz\u0119tu cyfrowego oraz profesjonalnych system\u00f3w testowych, co gwarantuje najwy\u017csz\u0105 jako\u015b\u0107 i trwa\u0142o\u015b\u0107. Zapewniamy doskona\u0142\u0105 obs\u0142ug\u0119 posprzeda\u017cow\u0105 i dok\u0142adamy wszelkich stara\u0144, aby dostarcza\u0107 naszym klientom produkty najwy\u017cszej jako\u015bci w konkurencyjnych cenach.<\/p>\n<p><img decoding=\"async\" src=\"https:\/\/hzpt.com\/wp-content\/uploads\/2024\/11\/songte-company-1.webp\" alt=\"Cylinder kube\u0142kowy do Grand CME150LC\"><\/p>\n<h3>O autorze<\/h3>\n<p>Autor: lyl<\/p>","protected":false},"excerpt":{"rendered":"<p>Bucket Cylinder For Grand CME150LC Introduction The Bucket Cylinder for Grand CME150LC is a type of specialized hydraulic cylinder primarily used to control the movement of shovels in heavy machinery such as excavators, backhoe excavators, and front loaders. Its primary function is to enable the shovel to lift, lower, and tilt, making it easier to [&hellip;]<\/p>","protected":false},"featured_media":14776,"comment_status":"open","ping_status":"closed","template":"","meta":{"_et_pb_use_builder":"","_et_pb_old_content":"","_et_gb_content_width":""},"product_brand":[],"product_cat":[1494],"product_tag":[1495,1496],"class_list":{"0":"post-15380","1":"product","2":"type-product","3":"status-publish","4":"has-post-thumbnail","6":"product_cat-bucket-cylinders","7":"product_tag-bucket-cylinders","8":"product_tag-hydraulic-cylinders","10":"first","11":"instock","12":"shipping-taxable","13":"product-type-simple"},"amp_enabled":true,"_links":{"self":[{"href":"https:\/\/www.hydraulic-cylinders.net\/pl\/wp-json\/wp\/v2\/product\/15380","targetHints":{"allow":["GET"]}}],"collection":[{"href":"https:\/\/www.hydraulic-cylinders.net\/pl\/wp-json\/wp\/v2\/product"}],"about":[{"href":"https:\/\/www.hydraulic-cylinders.net\/pl\/wp-json\/wp\/v2\/types\/product"}],"replies":[{"embeddable":true,"href":"https:\/\/www.hydraulic-cylinders.net\/pl\/wp-json\/wp\/v2\/comments?post=15380"}],"wp:featuredmedia":[{"embeddable":true,"href":"https:\/\/www.hydraulic-cylinders.net\/pl\/wp-json\/wp\/v2\/media\/14776"}],"wp:attachment":[{"href":"https:\/\/www.hydraulic-cylinders.net\/pl\/wp-json\/wp\/v2\/media?parent=15380"}],"wp:term":[{"taxonomy":"product_brand","embeddable":true,"href":"https:\/\/www.hydraulic-cylinders.net\/pl\/wp-json\/wp\/v2\/product_brand?post=15380"},{"taxonomy":"product_cat","embeddable":true,"href":"https:\/\/www.hydraulic-cylinders.net\/pl\/wp-json\/wp\/v2\/product_cat?post=15380"},{"taxonomy":"product_tag","embeddable":true,"href":"https:\/\/www.hydraulic-cylinders.net\/pl\/wp-json\/wp\/v2\/product_tag?post=15380"}],"curies":[{"name":"wp","href":"https:\/\/api.w.org\/{rel}","templated":true}]}}