{"id":15381,"date":"2025-01-19T14:27:37","date_gmt":"2025-01-19T14:27:37","guid":{"rendered":"https:\/\/www.hydraulic-cylinders.net\/product\/bucket-cylinder-for-grand-cme85-9\/"},"modified":"2025-01-19T14:27:39","modified_gmt":"2025-01-19T14:27:39","slug":"bucket-cylinder-for-grand-cme85-9","status":"publish","type":"product","link":"https:\/\/www.hydraulic-cylinders.net\/pl\/produkt\/bucket-cylinder-for-grand-cme85-9\/","title":{"rendered":"Si\u0142ownik kube\u0142kowy do Grand CME85-9"},"content":{"rendered":"<h1>Si\u0142ownik kube\u0142kowy do Grand CME85-9 <\/h1>\n<h2>Wst\u0119p<\/h2>\n<p>Si\u0142ownik \u0142y\u017cki do koparki Grand CME85-9 to specjalistyczny si\u0142ownik hydrauliczny s\u0142u\u017c\u0105cy do sterowania ruchem \u0142y\u017cki w ci\u0119\u017ckich maszynach, takich jak koparki, koparko-\u0142adowarki i \u0142adowarki czo\u0142owe. Jego g\u0142\u00f3wn\u0105 funkcj\u0105 jest podnoszenie, opuszczanie i przechylanie \u0142y\u017cki, u\u0142atwiaj\u0105c r\u00f3\u017cnorodne zadania zwi\u0105zane z prze\u0142adunkiem materia\u0142\u00f3w. Si\u0142ownik \u0142y\u017cki zapewnia precyzyjn\u0105 kontrol\u0119 nad \u0142y\u017ck\u0105 poprzez zmian\u0119 ci\u015bnienia oleju hydraulicznego w uk\u0142adzie hydraulicznym. Pozwala to operatorowi na sprawne operowanie ci\u0119\u017ckimi \u0142adunkami, dostosowanie si\u0119 do z\u0142o\u017conych warunk\u00f3w pracy i zr\u00f3\u017cnicowanych potrzeb operacyjnych.<\/p>\n<p><img decoding=\"async\" src=\"https:\/\/www.hydraulic-cylinders.net\/wp-content\/uploads\/2025\/01\/songte-company-2.webp\" alt=\"Cylinder kube\u0142kowy do Grand CME85-9 Obraz\"><\/p>\n<h2>Cechy<\/h2>\n<ul>\n<li>\n<h3>Wysoka wytrzyma\u0142o\u015b\u0107 i trwa\u0142o\u015b\u0107<\/h3>\n<p>Te cylindry s\u0105 zazwyczaj wykonane z wysokowytrzyma\u0142ej stali lub aluminium i s\u0105 w stanie wytrzyma\u0107 wysokie ci\u015bnienie i du\u017ce obci\u0105\u017cenia, dzi\u0119ki czemu nadaj\u0105 si\u0119 do pracy w trudnych warunkach. Zaprojektowano je z uwzgl\u0119dnieniem odporno\u015bci na zu\u017cycie i korozj\u0119, aby wyd\u0142u\u017cy\u0107 ich \u017cywotno\u015b\u0107.<\/p>\n<\/li>\n<li>\n<h3>Wydajna praca hydrauliczna<\/h3>\n<p>Si\u0142ownik \u0142y\u017cki zapewnia p\u0142ynne ruchy wysuwania i chowania dzi\u0119ki ci\u015bnieniu oleju hydraulicznego. Szybko reaguje na polecenia steruj\u0105ce, zapewniaj\u0105c du\u017c\u0105 si\u0142\u0119 pchania i ci\u0105gni\u0119cia, niezb\u0119dn\u0105 do obs\u0142ugi ci\u0119\u017ckich \u0142adunk\u00f3w i wykonywania skomplikowanych zada\u0144 operacyjnych.<\/p>\n<\/li>\n<li>\n<h3>Wiele typ\u00f3w<\/h3>\n<p>Si\u0142ownik mo\u017cna wybra\u0107 jako jednostronnego dzia\u0142ania (ci\u015bnienie hydrauliczne dzia\u0142a tylko w jednym kierunku) lub dwustronnego dzia\u0142ania (ci\u015bnienie hydrauliczne dzia\u0142a w obu kierunkach), w zale\u017cno\u015bci od potrzeb. Niekt\u00f3re modele s\u0105 teleskopowe, co pozwala na wi\u0119ksze wysuni\u0119cie bez zwi\u0119kszania wymiar\u00f3w zewn\u0119trznych, dzi\u0119ki czemu nadaj\u0105 si\u0119 do zastosowa\u0144 o ograniczonej przestrzeni.<\/p>\n<\/li>\n<li>\n<h3>Mo\u017cna stosowa\u0107 jako zamiennik cylindr\u00f3w hydraulicznych<\/h3>\n<p>Nasza firma zajmuje si\u0119 produkcj\u0105 cylindr\u00f3w hydraulicznych, kt\u00f3re doskonale zast\u0105pi\u0105 oryginalne cylindry.<\/p>\n<\/li>\n<li>\n<h3>Szerokie zastosowanie<\/h3>\n<p>Cylindry czerpakowe s\u0105 stosowane w r\u00f3\u017cnych maszynach budowlanych i rolniczych, takich jak koparki, \u0142adowarki czo\u0142owe i koparko-\u0142adowarki. S\u0105 niezb\u0119dne do kopania, za\u0142adunku i transportu gleby, siana i innych materia\u0142\u00f3w. <\/p>\n<\/li>\n<\/ul>\n<p><img decoding=\"async\" src=\"https:\/\/www.hydraulic-cylinders.net\/wp-content\/uploads\/2025\/01\/songte-cylinder-head-with-all-kinds-excavator-models.webp\" alt=\"Cylinder kube\u0142kowy do Grand CME85-9 Obraz\"><\/p>\n<h2>Aplikacje<\/h2>\n<p>Cylinder czerpakowy mo\u017ce by\u0107 stosowany w r\u00f3\u017cnych maszynach budowlanych i rolniczych do wykonywania takich zada\u0144, jak:<\/p>\n<ul>\n<li>\n<h3>Wykop<\/h3>\n<p>Cylindry \u0142y\u017cki umo\u017cliwiaj\u0105 \u0142y\u017cce zag\u0142\u0119bianie si\u0119 w gleb\u0119 w celu wykopania.<\/p>\n<\/li>\n<li>\n<h3>Za\u0142adunek i transport<\/h3>\n<p>Si\u0142ownik zapewnia niezb\u0119dn\u0105 si\u0142\u0119 podnoszenia do za\u0142adunku i transportu gleby, siana i innych materia\u0142\u00f3w.<\/p>\n<\/li>\n<li>\n<h3>Przenoszenie gruzu<\/h3>\n<p>Cylindry czerpakowe s\u0142u\u017c\u0105 do przemieszczania gruzu i innych obiekt\u00f3w, dlatego s\u0105 niezb\u0119dne przy pracach porz\u0105dkowych i rozbi\u00f3rkowych.<\/p>\n<\/li>\n<\/ul>\n<h2>Zagadnienia projektowe i kryteria wyboru<\/h2>\n<p>Przy wyborze cylindra kube\u0142kowego nale\u017cy wzi\u0105\u0107 pod uwag\u0119 nast\u0119puj\u0105ce kwestie konstrukcyjne i kryteria wyboru:<\/p>\n<ul>\n<li>\n<h3>No\u015bno\u015b\u0107<\/h3>\n<p>Si\u0142ownik powinien by\u0107 w stanie utrzyma\u0107 ci\u0119\u017car maszyny i przenoszonego materia\u0142u.<\/p>\n<\/li>\n<li>\n<h3>Uszczelnienie i trwa\u0142o\u015b\u0107<\/h3>\n<p>Cylinder powinien by\u0107 zaprojektowany z u\u017cyciem trwa\u0142ych uszczelek i materia\u0142\u00f3w, aby zapewni\u0107 jego trwa\u0142o\u015b\u0107 oraz odporno\u015b\u0107 na zu\u017cycie i korozj\u0119.<\/p>\n<\/li>\n<li>\n<h3>Bezpiecze\u0144stwo i konserwacja<\/h3>\n<p>Cylinder powinien by\u0107 zaprojektowany z uwzgl\u0119dnieniem bezpiecze\u0144stwa i \u0142atwo\u015bci konserwacji, aby zapobiec wypadkom i przed\u0142u\u017cy\u0107 jego \u017cywotno\u015b\u0107. <\/p>\n<\/li>\n<\/ul>\n<p><img decoding=\"async\" src=\"https:\/\/www.hydraulic-cylinders.net\/wp-content\/uploads\/2025\/01\/songte-oil-pipes-and-spare-parts.webp\" alt=\"Cylinder kube\u0142kowy do Grand CME85-9 Obraz\"><\/p>\n<h2>Uszczelnianie i smarowanie<\/h2>\n<p>Si\u0142ownik czerpakowy powinien by\u0107 wyposa\u017cony w r\u00f3\u017cnorodne uszczelnienia, takie jak uszczelnienia t\u0142oka i t\u0142oczyska, wykonane z materia\u0142\u00f3w odpornych na zu\u017cycie, takich jak poliuretan i kauczuk nitrylowy. Korpus cylindra i powierzchnia gwintu powinny by\u0107 precyzyjnie obrobione w celu zwi\u0119kszenia odporno\u015bci na zu\u017cycie. Regularne smarowanie odpowiednim olejem hydraulicznym jest niezb\u0119dne dla zapewnienia p\u0142ynnej i wydajnej pracy si\u0142ownika.<\/p>\n<h2>Konserwacja i rozwi\u0105zywanie problem\u00f3w<\/h2>\n<p>Regularna konserwacja i rozwi\u0105zywanie problem\u00f3w s\u0105 niezb\u0119dne do zapewnienia prawid\u0142owego dzia\u0142ania si\u0142ownika \u0142y\u017cki. Nale\u017cy wykona\u0107 nast\u0119puj\u0105ce czynno\u015bci:<\/p>\n<ul>\n<li>\n<h3>Regularna kontrola<\/h3>\n<p>Regularna kontrola cylindra i jego podzespo\u0142\u00f3w pozwala wykry\u0107 potencjalne problemy na wczesnym etapie i zapobiec wypadkom.<\/p>\n<\/li>\n<li>\n<h3>Prawid\u0142owe smarowanie<\/h3>\n<p>W\u0142a\u015bciwe smarowanie przy u\u017cyciu w\u0142a\u015bciwego oleju hydraulicznego mo\u017ce zapewni\u0107 p\u0142ynn\u0105 i wydajn\u0105 prac\u0119 cylindra.<\/p>\n<\/li>\n<li>\n<h3>Wymiana uszczelki i kontrola kalibracji<\/h3>\n<p>Wymiana zu\u017cytych uszczelek i sprawdzenie kalibracji cylindra mo\u017ce przed\u0142u\u017cy\u0107 jego \u017cywotno\u015b\u0107.<\/p>\n<\/li>\n<\/ul>\n<p><img decoding=\"async\" src=\"https:\/\/www.hydraulic-cylinders.net\/wp-content\/uploads\/2025\/01\/songte-chushion-collar.webp\" alt=\"Cylinder kube\u0142kowy do Grand CME85-9 Obraz\"><\/p>\n<h2>Zagadnienia bezpiecze\u0144stwa i czynniki \u015brodowiskowe<\/h2>\n<p>Podczas u\u017cytkowania cylindra czerpakowego bezpiecze\u0144stwo powinno by\u0107 priorytetem. Nale\u017cy przestrzega\u0107 wytycznych bezpiecze\u0144stwa i nosi\u0107 odpowiedni sprz\u0119t ochronny, aby zapobiec wypadkom. Podczas obs\u0142ugi cylindra nale\u017cy r\u00f3wnie\u017c uwzgl\u0119dni\u0107 czynniki \u015brodowiskowe, takie jak temperatura i wilgotno\u015b\u0107.<\/p>\n<h2>Wprowadzenie do firmy<\/h2>\n<p>Nasza firma jest producentem si\u0142ownik\u00f3w hydraulicznych, oferuj\u0105c szerok\u0105 gam\u0119 produkt\u00f3w i staj\u0105c si\u0119 jednym z wiod\u0105cych producent\u00f3w i hurtowych dystrybutor\u00f3w si\u0142ownik\u00f3w hydraulicznych na rynku krajowym i mi\u0119dzynarodowym. Kierujemy si\u0119 zasad\u0105 doskona\u0142ej jako\u015bci i opieramy si\u0119 na strategii zarz\u0105dzania produkcj\u0105 przemys\u0142ow\u0105 w dopracowanych warsztatach produkcyjnych. Stale udoskonalamy nasze platformy produkcyjne, inwestuj\u0105c w talent technologiczny, cyfrowy sprz\u0119t produkcyjny wysokiej klasy oraz profesjonalne systemy testowe. Naszym celem jest dostarczanie produkt\u00f3w o wysokiej wydajno\u015bci, precyzji i jako\u015bci, spe\u0142niaj\u0105cych potrzeby naszych klient\u00f3w.<\/p>\n<p><img decoding=\"async\" src=\"https:\/\/hzpt.com\/wp-content\/uploads\/2024\/11\/songte-company-1.webp\" alt=\"Cylinder kube\u0142kowy do Grand CME85-9 Obraz\"><\/p>\n<h2>Informacje dodatkowe<\/h2>\n<p>Nasza firma s\u0142ynie z profesjonalizmu, mi\u0119dzynarodowych certyfikat\u00f3w, spersonalizowanych us\u0142ug, sprz\u0119tu produkcyjnego oraz obs\u0142ugi posprzeda\u017cowej. Oferujemy szerok\u0105 gam\u0119 produkt\u00f3w i zapewniamy naszym klientom doskona\u0142\u0105 jako\u015b\u0107, konkurencyjne ceny i terminow\u0105 dostaw\u0119.<\/p>\n<h2>Autor: lyl<\/h2>","protected":false},"excerpt":{"rendered":"<p>Bucket Cylinder For Grand CME85-9 Introduction The bucket cylinder for Grand CME85-9 is a specialized hydraulic cylinder used to control the movement of the bucket in heavy machinery such as excavators, backhoe loaders, and front end loaders. Its main function is to enable lifting, lowering, and tilting of the bucket to facilitate various material handling [&hellip;]<\/p>","protected":false},"featured_media":14773,"comment_status":"open","ping_status":"closed","template":"","meta":{"_et_pb_use_builder":"","_et_pb_old_content":"","_et_gb_content_width":""},"product_brand":[],"product_cat":[1494],"product_tag":[1495,1496],"class_list":{"0":"post-15381","1":"product","2":"type-product","3":"status-publish","4":"has-post-thumbnail","6":"product_cat-bucket-cylinders","7":"product_tag-bucket-cylinders","8":"product_tag-hydraulic-cylinders","10":"first","11":"instock","12":"shipping-taxable","13":"product-type-simple"},"amp_enabled":true,"_links":{"self":[{"href":"https:\/\/www.hydraulic-cylinders.net\/pl\/wp-json\/wp\/v2\/product\/15381","targetHints":{"allow":["GET"]}}],"collection":[{"href":"https:\/\/www.hydraulic-cylinders.net\/pl\/wp-json\/wp\/v2\/product"}],"about":[{"href":"https:\/\/www.hydraulic-cylinders.net\/pl\/wp-json\/wp\/v2\/types\/product"}],"replies":[{"embeddable":true,"href":"https:\/\/www.hydraulic-cylinders.net\/pl\/wp-json\/wp\/v2\/comments?post=15381"}],"wp:featuredmedia":[{"embeddable":true,"href":"https:\/\/www.hydraulic-cylinders.net\/pl\/wp-json\/wp\/v2\/media\/14773"}],"wp:attachment":[{"href":"https:\/\/www.hydraulic-cylinders.net\/pl\/wp-json\/wp\/v2\/media?parent=15381"}],"wp:term":[{"taxonomy":"product_brand","embeddable":true,"href":"https:\/\/www.hydraulic-cylinders.net\/pl\/wp-json\/wp\/v2\/product_brand?post=15381"},{"taxonomy":"product_cat","embeddable":true,"href":"https:\/\/www.hydraulic-cylinders.net\/pl\/wp-json\/wp\/v2\/product_cat?post=15381"},{"taxonomy":"product_tag","embeddable":true,"href":"https:\/\/www.hydraulic-cylinders.net\/pl\/wp-json\/wp\/v2\/product_tag?post=15381"}],"curies":[{"name":"wp","href":"https:\/\/api.w.org\/{rel}","templated":true}]}}