{"id":15382,"date":"2025-01-19T14:27:41","date_gmt":"2025-01-19T14:27:41","guid":{"rendered":"https:\/\/www.hydraulic-cylinders.net\/product\/bucket-cylinder-for-volvo-small-excavator-ecr50d\/"},"modified":"2025-01-19T14:27:43","modified_gmt":"2025-01-19T14:27:43","slug":"bucket-cylinder-for-volvo-small-excavator-ecr50d","status":"publish","type":"product","link":"https:\/\/www.hydraulic-cylinders.net\/pl\/produkt\/bucket-cylinder-for-volvo-small-excavator-ecr50d\/","title":{"rendered":"Si\u0142ownik \u0142y\u017cki do ma\u0142ej koparki Volvo ECR50D"},"content":{"rendered":"<h1>Si\u0142ownik \u0142y\u017cki do ma\u0142ej koparki Volvo ECR50D<\/h1>\n<h2>Wst\u0119p<\/h2>\n<p>Si\u0142ownik \u0142y\u017cki do ma\u0142ej koparki Volvo ECR50D to specjalnie zaprojektowany si\u0142ownik hydrauliczny, u\u017cywany g\u0142\u00f3wnie do sterowania ruchem \u0142y\u017cki w ci\u0119\u017ckich maszynach, takich jak koparki, koparko-\u0142adowarki i \u0142adowarki czo\u0142owe. Jego g\u0142\u00f3wn\u0105 funkcj\u0105 jest podnoszenie, opuszczanie i przechylanie \u0142y\u017cki, u\u0142atwiaj\u0105c wykonywanie r\u00f3\u017cnych zada\u0144 zwi\u0105zanych z prze\u0142adunkiem materia\u0142\u00f3w. W uk\u0142adzie hydraulicznym si\u0142ownik \u0142y\u017cki wykorzystuje zmian\u0119 ci\u015bnienia oleju hydraulicznego, aby zapewni\u0107 precyzyjn\u0105 kontrol\u0119 nad \u0142y\u017ck\u0105, umo\u017cliwiaj\u0105c operatorowi wydajne przenoszenie ci\u0119\u017ckich \u0142adunk\u00f3w, dostosowanie si\u0119 do z\u0142o\u017conych warunk\u00f3w pracy i zr\u00f3\u017cnicowanych potrzeb operacyjnych.<\/p>\n<p><img decoding=\"async\" src=\"https:\/\/www.hydraulic-cylinders.net\/wp-content\/uploads\/2025\/01\/songte-company-2.webp\" alt=\"Si\u0142ownik \u0142y\u017cki do ma\u0142ej koparki Volvo ECR50D\"\/><\/p>\n<h2>Cechy<\/h2>\n<ul>\n<li>Wysoka wytrzyma\u0142o\u015b\u0107 i trwa\u0142o\u015b\u0107: Zazwyczaj wykonany z wytrzyma\u0142ej stali lub aluminium, wytrzymuje du\u017ce ci\u015bnienie i obci\u0105\u017cenia, jest przystosowany do trudnych warunk\u00f3w pracy, a tak\u017ce uwzgl\u0119dnia odporno\u015b\u0107 na zu\u017cycie i korozj\u0119, co wyd\u0142u\u017ca jego \u017cywotno\u015b\u0107.<\/li>\n<li>Wydajne dzia\u0142anie uk\u0142adu hydraulicznego: wykorzystuje ci\u015bnienie oleju hydraulicznego w celu uzyskania p\u0142ynnych ruch\u00f3w rozszerzania i kurczenia, mo\u017ce szybko reagowa\u0107 na polecenia steruj\u0105ce, zapewnia du\u017c\u0105 si\u0142\u0119 pchania i ci\u0105gni\u0119cia oraz nadaje si\u0119 do przenoszenia ci\u0119\u017ckich przedmiot\u00f3w i wykonywania skomplikowanych zada\u0144 operacyjnych.<\/li>\n<li>R\u00f3\u017cnorodne typy: Si\u0142owniki jednostronnego dzia\u0142ania (hydrauliczne tylko w jednym kierunku) lub dwustronnego dzia\u0142ania (hydrauliczne w obu kierunkach) mo\u017cna dobra\u0107 w zale\u017cno\u015bci od potrzeb operacyjnych. Niekt\u00f3re modele s\u0105 teleskopowe, co pozwala na wi\u0119ksze wysuni\u0119cie bez zwi\u0119kszania wymiar\u00f3w zewn\u0119trznych, i nadaje si\u0119 do zastosowa\u0144 w ograniczonej przestrzeni.<\/li>\n<li>Mo\u017cliwo\u015b\u0107 dostosowania: Nasza firma mo\u017ce wyprodukowa\u0107 ten produkt i doskonale zast\u0105pi\u0107 te cylindry hydrauliczne.<\/li>\n<\/ul>\n<p><img decoding=\"async\" src=\"https:\/\/www.hydraulic-cylinders.net\/wp-content\/uploads\/2025\/01\/songte-cylinder-head-with-all-kinds-excavator-models.webp\" alt=\"Si\u0142ownik \u0142y\u017cki do ma\u0142ej koparki Volvo ECR50D\"\/><\/p>\n<h2>Aplikacje<\/h2>\n<p>Si\u0142ownik \u0142y\u017cki do ma\u0142ej koparki Volvo ECR50D jest szeroko stosowany w r\u00f3\u017cnych dziedzinach, w tym:<\/p>\n<ul>\n<li>Sprz\u0119t budowlany: W koparkach s\u0105 one niezb\u0119dne do wykopywania, za\u0142adunku i przemieszczania gleby lub gruzu. W koparko-\u0142adowarkach si\u0142ownik \u0142y\u017cki pomaga zar\u00f3wno w wykopywaniu, jak i podnoszeniu. <\/li>\n<li>Maszyny rolnicze: Stosowane w \u0142adowarkach czo\u0142owych do nabierania, podnoszenia i transportu gleby, siana i innych materia\u0142\u00f3w. <\/li>\n<li>Koparki: Cylinder \u0142y\u017cki umo\u017cliwia kopanie poprzez umo\u017cliwienie \u0142y\u017cce zag\u0142\u0119biania si\u0119 w gleb\u0119. <\/li>\n<li>\u0141adowarki: W przypadku \u0142adowarek czo\u0142owych u\u0142atwiaj\u0105 one efektywne podnoszenie i wysypywanie towar\u00f3w.<\/li>\n<\/ul>\n<p>Let&#8217;s take a closer look at each of these applications:<\/p>\n<h3>Sprz\u0119t budowlany<\/h3>\n<p>The bucket cylinder for Volvo small excavator ECR50D is an essential component of excavators and backhoe excavators. In excavators, the bucket cylinder is responsible for excavating and loading soil or debris, while in backhoe excavators, it helps with excavation and lifting. The bucket cylinder&#8217;s high strength and durability make it suitable for harsh working environments, such as construction sites.<\/p>\n<h3>Maszyny rolnicze<\/h3>\n<p>The bucket cylinder for Volvo small excavator ECR50D is also widely used in front-end loaders, which are used for scooping, lifting, and transporting soil, hay, and other materials on farms. The bucket cylinder&#8217;s efficient hydraulic operation and customizable types make it suitable for various agricultural tasks.<\/p>\n<h3>Koparki<\/h3>\n<p>In excavators, the bucket cylinder for Volvo small excavator ECR50D is responsible for digging and loading soil or debris. The bucket cylinder achieves digging action by allowing the bucket to penetrate the soil. The bucket cylinder&#8217;s high precision and efficiency make it suitable for various excavation tasks.<\/p>\n<h3>\u0141adowarki<\/h3>\n<p>The bucket cylinder for Volvo small excavator ECR50D is also used in front loaders, which are used for lifting and dumping goods. The bucket cylinder&#8217;s high pushing and pulling force makes it suitable for lifting heavy loads and dumping them effectively.<\/p>\n<p><img decoding=\"async\" src=\"https:\/\/hzpt.com\/wp-content\/uploads\/2024\/11\/songte-company-1.webp\" alt=\"Si\u0142ownik \u0142y\u017cki do ma\u0142ej koparki Volvo ECR50D\"\/><\/p>\n<h2>Zagadnienia projektowe i kryteria wyboru<\/h2>\n<p>Si\u0142ownik \u0142y\u017cki do ma\u0142ej koparki Volvo ECR50D musi spe\u0142nia\u0107 szereg wymaga\u0144 projektowych i kryteri\u00f3w doboru, aby zapewni\u0107 wydajn\u0105 prac\u0119 i d\u0142ug\u0105 \u017cywotno\u015b\u0107. Te wymagania i kryteria obejmuj\u0105:<\/p>\n<ul>\n<li>No\u015bno\u015b\u0107: No\u015bno\u015b\u0107 cylindra czerpaka zale\u017cy od \u015brednicy t\u0142oka i ci\u015bnienia wewn\u0119trznego oleju hydraulicznego. Wi\u0119ksza \u015brednica t\u0142oka i wy\u017csze ci\u015bnienie wewn\u0119trzne oleju hydraulicznego przek\u0142adaj\u0105 si\u0119 na wi\u0119ksz\u0105 no\u015bno\u015b\u0107.<\/li>\n<li>Uszczelnienie: Si\u0142ownik \u0142y\u017cki musi by\u0107 niezawodnie uszczelniony, aby zapobiec wyciekom oleju hydraulicznego i zapewni\u0107 wydajn\u0105 prac\u0119. Elementy uszczelniaj\u0105ce, takie jak uszczelnienia t\u0142oka i t\u0142oczyska, musz\u0105 by\u0107 wykonane z materia\u0142\u00f3w odpornych na zu\u017cycie, takich jak poliuretan lub kauczuk nitrylowy, aby zapewni\u0107 d\u0142ug\u0105 \u017cywotno\u015b\u0107.<\/li>\n<li>Trwa\u0142o\u015b\u0107: Cylinder \u0142y\u017cki musi by\u0107 wykonany z materia\u0142\u00f3w o wysokiej wytrzyma\u0142o\u015bci, takich jak stal lub aluminium, aby wytrzyma\u0107 trudne warunki pracy i du\u017ce obci\u0105\u017cenia. Korpus cylindra i powierzchnia t\u0142oczyska musz\u0105 by\u0107 precyzyjnie obrobione, aby zwi\u0119kszy\u0107 odporno\u015b\u0107 na zu\u017cycie i korozj\u0119.<\/li>\n<li>Bezpiecze\u0144stwo: Cylinder czerpaka musi by\u0107 wyposa\u017cony w niezawodne \u015brodki bezpiecze\u0144stwa, takie jak zawory bezpiecze\u0144stwa i zabezpieczenia przeci\u0105\u017ceniowe, aby zapobiega\u0107 wypadkom i zagwarantowa\u0107 bezpieczn\u0105 prac\u0119.<\/li>\n<li>Konserwacja: Cylinder czerpakowy musi mie\u0107 proste procedury konserwacji i naprawy, takie jak \u0142atwe do wymiany elementy uszczelniaj\u0105ce i przejrzyste instrukcje konserwacji, aby zagwarantowa\u0107 \u0142atw\u0105 konserwacj\u0119 i napraw\u0119.<\/li>\n<\/ul>\n<p><img decoding=\"async\" src=\"https:\/\/www.hydraulic-cylinders.net\/wp-content\/uploads\/2025\/01\/songte-oil-pipes-and-spare-parts.webp\" alt=\"Si\u0142ownik \u0142y\u017cki do ma\u0142ej koparki Volvo ECR50D\"\/><\/p>\n<h2>Uszczelnianie i smarowanie<\/h2>\n<p>Si\u0142ownik \u0142y\u017cki do ma\u0142ej koparki Volvo ECR50D wymaga niezawodnego uszczelnienia i odpowiedniego smarowania, aby zapewni\u0107 wydajn\u0105 prac\u0119 i d\u0142ug\u0105 \u017cywotno\u015b\u0107. Czynno\u015bci zwi\u0105zane z uszczelnieniem i smarowaniem obejmuj\u0105:<\/p>\n<ul>\n<li>Zastosowanie r\u00f3\u017cnych element\u00f3w uszczelniaj\u0105cych, takich jak uszczelki t\u0142okowe i uszczelki t\u0142oczyskowe, wykonanych z materia\u0142\u00f3w odpornych na zu\u017cycie, np. poliuretanu lub kauczuku nitrylowego, zapobiega wyciekom oleju hydraulicznego. <\/li>\n<li>Udoskonalenie korpusu cylindra i powierzchni pr\u0119ta w celu zwi\u0119kszenia odporno\u015bci na zu\u017cycie i korozj\u0119. <\/li>\n<li>Regularne uzupe\u0142nianie odpowiedniego oleju hydraulicznego w celu smarowania ma na celu redukcj\u0119 tarcia i zu\u017cycia oraz zapobieganie rdzewieniu i korozji. <\/li>\n<\/ul>\n<h2>Przegl\u0105d okresowy i konserwacja zapobiegawcza<\/h2>\n<p>Aby zapewni\u0107 wydajn\u0105 prac\u0119 i d\u0142ug\u0105 \u017cywotno\u015b\u0107 si\u0142ownika \u0142y\u017cki do ma\u0142ej koparki Volvo ECR50D, konieczne s\u0105 regularne przegl\u0105dy i konserwacja zapobiegawcza. Czynno\u015bci kontrolne i konserwacyjne obejmuj\u0105:<\/p>\n<ul>\n<li>Regularna kontrola korpusu cylindra, t\u0142oka i powierzchni pr\u0119ta pod k\u0105tem zu\u017cycia i korozji. <\/li>\n<li>Regularne smarowanie korpusu cylindra, t\u0142oka i powierzchni t\u0142oczyska odpowiednim olejem hydraulicznym. <\/li>\n<li>Regularna wymiana element\u00f3w uszczelniaj\u0105cych, takich jak uszczelki t\u0142oka i t\u0142oczyska, zapobiega wyciekom oleju hydraulicznego i zapewnia wydajn\u0105 prac\u0119. <\/li>\n<li>Regularna kalibracja cylindra w celu zapewnienia dok\u0142adnego dzia\u0142ania. <\/li>\n<\/ul>\n<h2>Instrukcja instalacji produktu<\/h2>\n<p>Prawid\u0142owy monta\u017c si\u0142ownika \u0142y\u017cki do ma\u0142ej koparki Volvo ECR50D ma kluczowe znaczenie dla wydajnej pracy i d\u0142ugiej \u017cywotno\u015bci. Instrukcja monta\u017cu zawiera:<\/p>\n<ul>\n<li>Prawid\u0142owe ustawienie cylindra gwarantuje dok\u0142adne dzia\u0142anie. <\/li>\n<li>Zabezpieczy\u0107 cylinder za pomoc\u0105 odpowiednich wspornik\u00f3w monta\u017cowych. <\/li>\n<li>Prawid\u0142owe smarowanie korpusu cylindra, t\u0142oka i powierzchni t\u0142oczyska odpowiednim olejem hydraulicznym. <\/li>\n<li>Regularna kalibracja cylindra w celu zapewnienia dok\u0142adnego dzia\u0142ania. <\/li>\n<\/ul>\n<h2>Typowe zadania konserwacyjne<\/h2>\n<p>Regularne czynno\u015bci konserwacyjne, takie jak inspekcja, smarowanie i kalibracja, maj\u0105 kluczowe znaczenie dla wydajnej pracy i d\u0142ugiej \u017cywotno\u015bci si\u0142ownika \u0142y\u017cki ma\u0142ej koparki Volvo ECR50D. Typowe czynno\u015bci konserwacyjne obejmuj\u0105:<\/p>\n<ul>\n<li>Okresowa kontrola korpusu cylindra, t\u0142oka i powierzchni pr\u0119ta pod k\u0105tem zu\u017cycia i korozji. <\/li>\n<li>Regularne smarowanie korpusu cylindra, t\u0142oka i powierzchni t\u0142oczyska odpowiednim olejem hydraulicznym. <\/li>\n<li>Regularna wymiana element\u00f3w uszczelniaj\u0105cych, takich jak uszczelki t\u0142oka i t\u0142oczyska, zapobiega wyciekom oleju hydraulicznego i zapewnia wydajn\u0105 prac\u0119. <\/li>\n<li>Prawid\u0142owa kalibracja cylindra zapewnia dok\u0142adne dzia\u0142anie. <\/li>\n<\/ul>\n<h2>Zagadnienia bezpiecze\u0144stwa i czynniki \u015brodowiskowe<\/h2>\n<p>Podczas u\u017cytkowania si\u0142ownika \u0142y\u017cki do ma\u0142ej koparki Volvo ECR50D nale\u017cy wzi\u0105\u0107 pod uwag\u0119 wzgl\u0119dy bezpiecze\u0144stwa i czynniki \u015brodowiskowe, aby zapobiec wypadkom i zapewni\u0107 ochron\u0119 \u015brodowiska. Do czynnik\u00f3w bezpiecze\u0144stwa i \u015brodowiskowych nale\u017c\u0105:<\/p>\n<ul>\n<li>W\u0142a\u015bciwe szkolenie operator\u00f3w zapewniaj\u0105ce bezpieczn\u0105 obs\u0142ug\u0119. <\/li>\n<li>Stosowanie niezawodnych \u015brodk\u00f3w bezpiecze\u0144stwa, takich jak zawory bezpiecze\u0144stwa i zabezpieczenia przeci\u0105\u017ceniowe, w celu zapobiegania wypadkom. <\/li>\n<li>W\u0142a\u015bciwa utylizacja oleju hydraulicznego i innych materia\u0142\u00f3w niebezpiecznych w celu zapewnienia ochrony \u015brodowiska. <\/li>\n<\/ul>\n<h2>Rozwi\u0105zywanie problem\u00f3w i typowe problemy<\/h2>\n<p>Si\u0142ownik \u0142y\u017cki do ma\u0142ej koparki Volvo ECR50D mo\u017ce napotyka\u0107 r\u00f3\u017cne problemy podczas pracy, takie jak wyciek oleju hydraulicznego, nietypowy ha\u0142as i nieprecyzyjne dzia\u0142anie. Aby zapewni\u0107 wydajn\u0105 prac\u0119 i d\u0142ug\u0105 \u017cywotno\u015b\u0107, konieczna jest terminowa diagnostyka i rozwi\u0105zywanie tych problem\u00f3w. Rozwi\u0105zywanie problem\u00f3w i typowe problemy obejmuj\u0105:<\/p>\n<ul>\n<li>Wyciek oleju hydraulicznego: Problem ten mo\u017ce by\u0107 spowodowany uszkodzeniem element\u00f3w uszczelniaj\u0105cych, takich jak uszczelki t\u0142oka i t\u0142oczyska, zu\u017cyciem korpusu cylindra i powierzchni t\u0142oczyska oraz lu\u017anymi elementami \u0142\u0105cz\u0105cymi. Mo\u017cna go rozwi\u0105za\u0107 poprzez wymian\u0119 uszkodzonych element\u00f3w uszczelniaj\u0105cych, udoskonalenie korpusu cylindra i powierzchni t\u0142oczyska oraz dokr\u0119cenie element\u00f3w \u0142\u0105cz\u0105cych.<\/li>\n<li>Nietypowy ha\u0142as: Ten problem mo\u017ce by\u0107 spowodowany uszkodzeniem element\u00f3w wewn\u0119trznych, takich jak t\u0142ok i zaw\u00f3r, niedoborem oleju hydraulicznego oraz lu\u017anymi elementami \u0142\u0105cz\u0105cymi. Mo\u017cna go rozwi\u0105za\u0107, wymieniaj\u0105c uszkodzone elementy, dodaj\u0105c odpowiedni olej hydrauliczny i dokr\u0119caj\u0105c elementy \u0142\u0105cz\u0105ce.<\/li>\n<li>Niedok\u0142adne dzia\u0142anie: Ten problem mo\u017ce by\u0107 spowodowany niedok\u0142adn\u0105 kalibracj\u0105, uszkodzonymi elementami wewn\u0119trznymi i niewystarczaj\u0105c\u0105 ilo\u015bci\u0105 oleju hydraulicznego. Mo\u017cna go rozwi\u0105za\u0107 poprzez prawid\u0142ow\u0105 kalibracj\u0119, wymian\u0119 uszkodzonych element\u00f3w i dolanie odpowiedniego oleju hydraulicznego.<\/li>\n<\/ul>\n<p><img decoding=\"async\" src=\"https:\/\/www.hydraulic-cylinders.net\/wp-content\/uploads\/2025\/01\/songte-bushings-with-all-kinds-of-excavator-models.webp\" alt=\"Si\u0142ownik \u0142y\u017cki do ma\u0142ej koparki Volvo ECR50D\"\/><\/p>\n<h2>O naszej firmie<\/h2>\n<p>Jeste\u015bmy producentem cylindr\u00f3w hydraulicznych, kt\u00f3re mog\u0105 zast\u0105pi\u0107 oryginalne urz\u0105dzenia producent\u00f3w. Oferujemy szerok\u0105 gam\u0119 cylindr\u00f3w hydraulicznych, kt\u00f3re spe\u0142niaj\u0105 zr\u00f3\u017cnicowane potrzeby operacyjne naszych klient\u00f3w. Nasza firma kieruje si\u0119 zasad\u0105 doskona\u0142ej jako\u015bci, bazuj\u0105c na strategii zarz\u0105dzania produkcj\u0105 przemys\u0142ow\u0105 w warsztacie produkcyjnym, stale udoskonalaj\u0105c platform\u0119 produkcyjn\u0105, doskonal\u0105c proces produkcji i zapewniaj\u0105c wysoki poziom kompetencji. Zapewniamy wysok\u0105 wydajno\u015b\u0107, precyzj\u0119 i wysok\u0105 jako\u015b\u0107 produkt\u00f3w, aby sprosta\u0107 potrzebom naszych klient\u00f3w. <\/p>\n<h3>Profesjonalizm<\/h3>\n<p>Nasza firma zatrudnia zesp\u00f3\u0142 profesjonalnych in\u017cynier\u00f3w i technik\u00f3w, kt\u00f3rzy specjalizuj\u0105 si\u0119 w projektowaniu, produkcji i konserwacji cylindr\u00f3w hydraulicznych. Oferujemy niestandardowe rozwi\u0105zania w zakresie cylindr\u00f3w hydraulicznych, kt\u00f3re spe\u0142niaj\u0105 specyficzne potrzeby naszych klient\u00f3w.<\/p>\n<h3>Mi\u0119dzynarodowa Certyfikacja<\/h3>\n<p>Nasza firma uzyska\u0142a szereg mi\u0119dzynarodowych certyfikat\u00f3w, w tym ISO9001, CE i SGS. Certyfikaty te gwarantuj\u0105 jako\u015b\u0107 i niezawodno\u015b\u0107 naszych produkt\u00f3w.<\/p>\n<h3>Us\u0142ugi personalizacji<\/h3>\n<p>Nasza firma oferuje us\u0142ugi personalizacji, kt\u00f3re spe\u0142niaj\u0105 indywidualne potrzeby naszych klient\u00f3w. Oferujemy niestandardowe rozwi\u0105zania w zakresie si\u0142ownik\u00f3w hydraulicznych, kt\u00f3re spe\u0142niaj\u0105 specyficzne potrzeby naszych klient\u00f3w.<\/p>\n<h3>Sprz\u0119t produkcyjny<\/h3>\n<p>Nasza firma dysponuje zaawansowanym sprz\u0119tem produkcyjnym, w tym centrami obr\u00f3bczymi CNC, tokarkami CNC oraz urz\u0105dzeniami do testowania cylindr\u00f3w hydraulicznych. Sprz\u0119t ten gwarantuje wysok\u0105 precyzj\u0119 i jako\u015b\u0107 naszych produkt\u00f3w.<\/p>\n<h3>Serwis posprzeda\u017cowy<\/h3>\n<p>Nasza firma zapewnia doskona\u0142\u0105 obs\u0142ug\u0119 posprzeda\u017cow\u0105, obejmuj\u0105c\u0105 regularn\u0105 konserwacj\u0119, naprawy i wymian\u0119. Oferujemy terminow\u0105 i sprawn\u0105 obs\u0142ug\u0119 posprzeda\u017cow\u0105, aby zapewni\u0107 sprawne dzia\u0142anie i d\u0142ug\u0105 \u017cywotno\u015b\u0107 naszych produkt\u00f3w.<\/p>\n<p><img decoding=\"async\" src=\"https:\/\/www.hydraulic-cylinders.net\/wp-content\/uploads\/2025\/01\/songte-company-3.webp\" alt=\"Si\u0142ownik \u0142y\u017cki do ma\u0142ej koparki Volvo ECR50D\"\/><\/p>\n<p>Autor: lyl.<\/p>","protected":false},"excerpt":{"rendered":"<p>Bucket Cylinder For Volvo Small Excavator ECR50D Introduction A bucket cylinder for Volvo small excavator ECR50D is a specially designed hydraulic cylinder primarily used to control the movement of the bucket in heavy machinery such as excavators, backhoe excavators, and front loaders. Its main function is to enable the bucket to lift, lower, and tilt, [&hellip;]<\/p>","protected":false},"featured_media":14771,"comment_status":"open","ping_status":"closed","template":"","meta":{"_et_pb_use_builder":"","_et_pb_old_content":"","_et_gb_content_width":""},"product_brand":[],"product_cat":[1494],"product_tag":[1495,1496],"class_list":{"0":"post-15382","1":"product","2":"type-product","3":"status-publish","4":"has-post-thumbnail","6":"product_cat-bucket-cylinders","7":"product_tag-bucket-cylinders","8":"product_tag-hydraulic-cylinders","10":"first","11":"instock","12":"shipping-taxable","13":"product-type-simple"},"amp_enabled":true,"_links":{"self":[{"href":"https:\/\/www.hydraulic-cylinders.net\/pl\/wp-json\/wp\/v2\/product\/15382","targetHints":{"allow":["GET"]}}],"collection":[{"href":"https:\/\/www.hydraulic-cylinders.net\/pl\/wp-json\/wp\/v2\/product"}],"about":[{"href":"https:\/\/www.hydraulic-cylinders.net\/pl\/wp-json\/wp\/v2\/types\/product"}],"replies":[{"embeddable":true,"href":"https:\/\/www.hydraulic-cylinders.net\/pl\/wp-json\/wp\/v2\/comments?post=15382"}],"wp:featuredmedia":[{"embeddable":true,"href":"https:\/\/www.hydraulic-cylinders.net\/pl\/wp-json\/wp\/v2\/media\/14771"}],"wp:attachment":[{"href":"https:\/\/www.hydraulic-cylinders.net\/pl\/wp-json\/wp\/v2\/media?parent=15382"}],"wp:term":[{"taxonomy":"product_brand","embeddable":true,"href":"https:\/\/www.hydraulic-cylinders.net\/pl\/wp-json\/wp\/v2\/product_brand?post=15382"},{"taxonomy":"product_cat","embeddable":true,"href":"https:\/\/www.hydraulic-cylinders.net\/pl\/wp-json\/wp\/v2\/product_cat?post=15382"},{"taxonomy":"product_tag","embeddable":true,"href":"https:\/\/www.hydraulic-cylinders.net\/pl\/wp-json\/wp\/v2\/product_tag?post=15382"}],"curies":[{"name":"wp","href":"https:\/\/api.w.org\/{rel}","templated":true}]}}