{"id":15389,"date":"2025-01-19T14:28:09","date_gmt":"2025-01-19T14:28:09","guid":{"rendered":"https:\/\/www.hydraulic-cylinders.net\/product\/bucket-cylinder-for-volvo-small-excavator-ec170d\/"},"modified":"2025-01-19T14:28:11","modified_gmt":"2025-01-19T14:28:11","slug":"bucket-cylinder-for-volvo-small-excavator-ec170d","status":"publish","type":"product","link":"https:\/\/www.hydraulic-cylinders.net\/pl\/produkt\/bucket-cylinder-for-volvo-small-excavator-ec170d\/","title":{"rendered":"Si\u0142ownik \u0142y\u017cki do ma\u0142ej koparki Volvo EC170D"},"content":{"rendered":"<h1>Si\u0142ownik \u0142y\u017cki do ma\u0142ej koparki Volvo EC170D<\/h1>\n<h2>Wst\u0119p<\/h2>\n<p>Si\u0142ownik \u0142y\u017cki to specjalistyczny si\u0142ownik hydrauliczny, u\u017cywany g\u0142\u00f3wnie do sterowania ruchem \u0142y\u017cki w ci\u0119\u017ckich maszynach, takich jak koparki, koparko-\u0142adowarki i \u0142adowarki czo\u0142owe. Jego g\u0142\u00f3wn\u0105 funkcj\u0105 jest podnoszenie, opuszczanie i przechylanie \u0142y\u017cki, u\u0142atwiaj\u0105c wykonywanie r\u00f3\u017cnych zada\u0144 zwi\u0105zanych z prze\u0142adunkiem materia\u0142\u00f3w. W uk\u0142adzie hydraulicznym si\u0142ownik \u0142y\u017cki precyzyjnie steruje ruchem \u0142y\u017cki poprzez zmiany ci\u015bnienia oleju hydraulicznego, umo\u017cliwiaj\u0105c operatorom wydajne przenoszenie ci\u0119\u017ckich \u0142adunk\u00f3w i dostosowywanie si\u0119 do z\u0142o\u017conych warunk\u00f3w pracy oraz zr\u00f3\u017cnicowanych wymaga\u0144. <\/p>\n<p><img decoding=\"async\" src=\"https:\/\/www.hydraulic-cylinders.net\/wp-content\/uploads\/2025\/01\/songte-company-2.webp\" alt=\"Obraz cylindra wiadra\"><\/p>\n<h2>Cechy<\/h2>\n<ul>\n<li>Wysoka wytrzyma\u0142o\u015b\u0107 i trwa\u0142o\u015b\u0107: Zazwyczaj wykonany z wysokowytrzyma\u0142ej stali lub aluminium, wytrzymuje wysokie ci\u015bnienie i du\u017ce obci\u0105\u017cenia, dostosowuj\u0105c si\u0119 do trudnych warunk\u00f3w pracy. Konstrukcja uwzgl\u0119dnia odporno\u015b\u0107 na zu\u017cycie i korozj\u0119, co wyd\u0142u\u017ca \u017cywotno\u015b\u0107.<\/li>\n<li>Wydajne dzia\u0142anie uk\u0142adu hydraulicznego: P\u0142ynne wysuwanie i wsuwanie uzyskuje si\u0119 dzi\u0119ki wykorzystaniu ci\u015bnienia oleju hydraulicznego, szybkiej reakcji na polecenia operacyjne, du\u017cej si\u0142y pchania i ci\u0105gni\u0119cia, co jest przydatne przy podnoszeniu ci\u0119\u017ckich \u0142adunk\u00f3w i wykonywaniu skomplikowanych zada\u0144.<\/li>\n<li>R\u00f3\u017cne typy: Si\u0142owniki jednostronnego dzia\u0142ania (hydrauliczne dzia\u0142aj\u0105ce tylko w jednym kierunku) lub dwustronnego dzia\u0142ania (hydrauliczne dzia\u0142aj\u0105ce w obu kierunkach) mo\u017cna dobra\u0107 w zale\u017cno\u015bci od wymaga\u0144, aby spe\u0142ni\u0107 zr\u00f3\u017cnicowane potrzeby operacyjne. Niekt\u00f3re modele s\u0105 teleskopowe, co pozwala na wi\u0119ksze wysuni\u0119cie bez zwi\u0119kszania wymiar\u00f3w zewn\u0119trznych, i nadaj\u0105 si\u0119 do zastosowa\u0144 w ograniczonej przestrzeni.<\/li>\n<li>Zamienno\u015b\u0107: Nasze produkty doskonale zast\u0119puj\u0105 te si\u0142owniki hydrauliczne.<\/li>\n<\/ul>\n<p><img decoding=\"async\" src=\"https:\/\/www.hydraulic-cylinders.net\/wp-content\/uploads\/2025\/01\/songte-cylinder-head-with-all-kinds-excavator-models.webp\" alt=\"Modele cylindr\u00f3w kube\u0142kowych Obraz\"><\/p>\n<h2>Aplikacje<\/h2>\n<p>Cylindry kube\u0142kowe znajduj\u0105 szerokie zastosowanie w r\u00f3\u017cnych ga\u0142\u0119ziach przemys\u0142u, takich jak maszyny budowlane, maszyny rolnicze i sprz\u0119t g\u00f3rniczy. Oto niekt\u00f3re z zastosowa\u0144:<\/p>\n<ul>\n<li>Sprz\u0119t budowlany: W koparkach s\u0105 one niezb\u0119dne do kopania, za\u0142adunku i przemieszczania gleby lub gruzu. W koparko-\u0142adowarkach si\u0142ownik \u0142y\u017cki pomaga zar\u00f3wno w kopaniu, jak i podnoszeniu. <\/li>\n<li>Maszyny rolnicze: U\u017cywane do \u0142adowarek czo\u0142owych, do zbierania, podnoszenia i transportu gleby, siana i innych materia\u0142\u00f3w.<\/li>\n<li>Sprz\u0119t g\u00f3rniczy: Cylinder \u0142y\u017cki umo\u017cliwia kopanie poprzez umo\u017cliwienie \u0142y\u017cce penetracji gleby.<\/li>\n<li>\u0141adowarka: W \u0142adowarkach czo\u0142owych pomagaj\u0105 w efektywnym podnoszeniu i wysypywaniu towar\u00f3w.<\/li>\n<\/ul>\n<h2>Zagadnienia projektowe i kryteria wyboru<\/h2>\n<p>Cylindry kube\u0142kowe s\u0105 projektowane tak, aby spe\u0142nia\u0107 okre\u015blone wymagania wydajno\u015bciowe i wytrzymywa\u0107 trudne warunki pracy. Kluczowe kwestie projektowe obejmuj\u0105 no\u015bno\u015b\u0107, uszczelnienie, trwa\u0142o\u015b\u0107, bezpiecze\u0144stwo i \u0142atwo\u015b\u0107 konserwacji.<\/p>\n<ul>\n<li>No\u015bno\u015b\u0107: Cylinder musi by\u0107 zaprojektowany w taki spos\u00f3b, aby wytrzymywa\u0142 maksymalne obci\u0105\u017cenia, kt\u00f3rym b\u0119dzie poddawany podczas pracy.<\/li>\n<li>Uszczelnienie: Aby zapewni\u0107 szczelno\u015b\u0107 p\u0142ynu hydraulicznego i zapobiec zanieczyszczeniom zewn\u0119trznym, stosuje si\u0119 r\u00f3\u017cne elementy uszczelniaj\u0105ce, takie jak uszczelnienia t\u0142ok\u00f3w i uszczelnienia t\u0142oczysk wykonane z materia\u0142\u00f3w odpornych na zu\u017cycie, np. poliuretanu i kauczuku nitrylowego.<\/li>\n<li>Trwa\u0142o\u015b\u0107: Korpus cylindra, t\u0142oczysko, za\u015blepki i inne komponenty wykonane s\u0105 z wysokiej jako\u015bci materia\u0142\u00f3w, dzi\u0119ki czemu s\u0105 odporne na trudne warunki zewn\u0119trzne oraz zu\u017cycie i korozj\u0119.<\/li>\n<li>Bezpiecze\u0144stwo: Projektowanie uwzgl\u0119dniaj\u0105ce bezpiecze\u0144stwo obejmuje u\u017cycie urz\u0105dze\u0144 amortyzuj\u0105cych w celu zmniejszenia si\u0142y uderzenia, gdy t\u0142ok osi\u0105ga koniec skoku cylindra, a tak\u017ce zastosowanie zawor\u00f3w zatrzymania awaryjnego w celu szybkiego wy\u0142\u0105czenia uk\u0142adu hydraulicznego w nag\u0142ych wypadkach.<\/li>\n<li>\u0141atwo\u015b\u0107 konserwacji: Konstrukcja cylindra powinna umo\u017cliwia\u0107 \u0142atwy demonta\u017c i napraw\u0119, a cz\u0119\u015bci zamienne powinny by\u0107 \u0142atwo dost\u0119pne, a procedury wymiany dobrze udokumentowane.<\/li>\n<\/ul>\n<p><img decoding=\"async\" src=\"https:\/\/www.hydraulic-cylinders.net\/wp-content\/uploads\/2025\/01\/songte-oil-pipes-and-spare-parts.webp\" alt=\"Obraz cz\u0119\u015bci zamiennych\"><\/p>\n<h2>Uszczelnianie i smarowanie<\/h2>\n<p>W si\u0142ownikach kube\u0142kowych stosowane s\u0105 r\u00f3\u017cnego rodzaju uszczelnienia, takie jak uszczelnienia t\u0142okowe, uszczelnienia t\u0142oczysk i uszczelnienia zgarniaj\u0105ce, wykonane z materia\u0142\u00f3w odpornych na zu\u017cycie, takich jak poliuretan i kauczuk nitrylowy. Korpus si\u0142ownika i gwintowane powierzchnie ko\u0144cowe s\u0105 precyzyjnie obrobione w celu zwi\u0119kszenia odporno\u015bci na zu\u017cycie. Regularne smarowanie odpowiednim p\u0142ynem hydraulicznym jest niezb\u0119dne, aby zapewni\u0107 p\u0142ynny ruch i zapobiec zu\u017cyciu.<\/p>\n<h2>Konserwacja i naprawa<\/h2>\n<p>Regularne przegl\u0105dy, smarowanie, wymiana uszczelnie\u0144 i kalibracja to typowe czynno\u015bci konserwacyjne si\u0142ownik\u00f3w kube\u0142kowych. Prawid\u0142owy monta\u017c, smarowanie i regulacja s\u0105 niezb\u0119dne, zapewniaj\u0105c prawid\u0142owe ustawienie si\u0142ownika podczas instalacji, zalecaj\u0105c stosowanie odpowiednich wspornik\u00f3w monta\u017cowych do zabezpieczenia si\u0142ownika, sugeruj\u0105c procedury rutynowych przegl\u0105d\u00f3w, napraw i wymiany, a tak\u017ce oferuj\u0105c us\u0142ugi wymiany i regeneracji podzespo\u0142\u00f3w w celu wyd\u0142u\u017cenia \u017cywotno\u015bci si\u0142ownika.<\/p>\n<p><img decoding=\"async\" src=\"https:\/\/www.hydraulic-cylinders.net\/wp-content\/uploads\/2025\/01\/songte-chushion-collar.webp\" alt=\"Obraz ko\u0142nierza poduszkowego\"><\/p>\n<h2>Bezpiecze\u0144stwo i wzgl\u0119dy \u015brodowiskowe<\/h2>\n<p>Podczas korzystania z cylindr\u00f3w czerpakowych nale\u017cy zastosowa\u0107 \u015brodki bezpiecze\u0144stwa, takie jak zawory awaryjnego zatrzymania i urz\u0105dzenia amortyzuj\u0105ce, aby zapewni\u0107 bezpieczn\u0105 prac\u0119. Ponadto nale\u017cy przestrzega\u0107 zasad ochrony \u015brodowiska, takich jak prawid\u0142owa utylizacja zu\u017cytego oleju hydraulicznego i innych odpad\u00f3w.<\/p>\n<h2>Rozwi\u0105zywanie problem\u00f3w i typowe problemy<\/h2>\n<p>Cylindry kube\u0142kowe mog\u0105 napotyka\u0107 problemy, takie jak wycieki, s\u0142aba wydajno\u015b\u0107 lub uszkodzenia. Nale\u017cy poda\u0107 wskaz\u00f3wki i rozwi\u0105zania dotycz\u0105ce rozwi\u0105zywania problem\u00f3w, aby pom\u00f3c czytelnikom skutecznie diagnozowa\u0107 i rozwi\u0105zywa\u0107 problemy, a tak\u017ce \u015brodki zapobiegawcze w celu zminimalizowania potencjalnych problem\u00f3w.<\/p>\n<p><img decoding=\"async\" src=\"https:\/\/www.hydraulic-cylinders.net\/wp-content\/uploads\/2025\/01\/songte-bushings-with-all-kinds-of-excavator-models.webp\" alt=\"Obraz tulei\"><\/p>\n<h2>O naszej firmie<\/h2>\n<p>Jeste\u015bmy producentem zamiennych cylindr\u00f3w hydraulicznych, oferuj\u0105cym pe\u0142n\u0105 gam\u0119 produkt\u00f3w, i stali\u015bmy si\u0119 jednym z wiod\u0105cych producent\u00f3w i hurtowych dystrybutor\u00f3w cylindr\u00f3w hydraulicznych na rynku krajowym i mi\u0119dzynarodowym. Kierujemy si\u0119 zasad\u0105 doskona\u0142ej jako\u015bci, opieramy si\u0119 na strategii zarz\u0105dzania produkcj\u0105 przemys\u0142ow\u0105 w precyzyjnych warsztatach produkcyjnych i stale ulepszamy platform\u0119 produkcyjn\u0105 naszego warsztatu, wykorzystuj\u0105c talenty techniczne, cyfrowy sprz\u0119t produkcyjny wysokiej klasy oraz profesjonalne systemy testowe. Posiadamy silne zdolno\u015bci kreatywne i jeste\u015bmy w stanie sprosta\u0107 wymaganiom klient\u00f3w, kieruj\u0105c si\u0119 zasadami wysokiej wydajno\u015bci, precyzji i jako\u015bci.<\/p>\n<p><img decoding=\"async\" src=\"https:\/\/hzpt.com\/wp-content\/uploads\/2024\/11\/songte-company-1.webp\" alt=\"Wizerunek firmy\"><\/p>\n<h3>Profil firmy:<\/h3>\n<ul>\n<li>Profesjonalizm: Posiadamy zesp\u00f3\u0142 ekspert\u00f3w z wieloletnim do\u015bwiadczeniem w bran\u017cy, aby zapewni\u0107 naszym klientom najlepsz\u0105 obs\u0142ug\u0119.<\/li>\n<li>Certyfikacja mi\u0119dzynarodowa: Nasze produkty posiadaj\u0105 certyfikaty organizacji mi\u0119dzynarodowych, takich jak ISO9001 i CE.<\/li>\n<li>Us\u0142ugi dostosowywania: Zapewniamy us\u0142ugi dostosowane do indywidualnych potrzeb ka\u017cdego klienta.<\/li>\n<li>Sprz\u0119t produkcyjny: Nasze warsztaty produkcyjne wyposa\u017cone s\u0105 w zaawansowany sprz\u0119t produkcyjny, taki jak tokarki CNC i centra obr\u00f3bcze.<\/li>\n<li>Serwis posprzeda\u017cowy: Nasz zesp\u00f3\u0142 serwisu posprzeda\u017cowego zapewnia profesjonalne wsparcie i pomoc, aby zagwarantowa\u0107 satysfakcj\u0119 klienta.<\/li>\n<\/ul>\n<h3>Autor: lyl.<\/h3>","protected":false},"excerpt":{"rendered":"<p>Bucket Cylinder For Volvo Small Excavator EC170D Introduction A bucket cylinder is a specialized hydraulic cylinder primarily used to control the movement of the bucket in heavy machinery such as excavators, backhoes and front loaders. Its main function is to enable the bucket to lift, lower and tilt, making it easier for various material handling [&hellip;]<\/p>","protected":false},"featured_media":14787,"comment_status":"open","ping_status":"closed","template":"","meta":{"_et_pb_use_builder":"","_et_pb_old_content":"","_et_gb_content_width":""},"product_brand":[],"product_cat":[1494],"product_tag":[1495,1496],"class_list":{"0":"post-15389","1":"product","2":"type-product","3":"status-publish","4":"has-post-thumbnail","6":"product_cat-bucket-cylinders","7":"product_tag-bucket-cylinders","8":"product_tag-hydraulic-cylinders","10":"first","11":"instock","12":"shipping-taxable","13":"product-type-simple"},"amp_enabled":true,"_links":{"self":[{"href":"https:\/\/www.hydraulic-cylinders.net\/pl\/wp-json\/wp\/v2\/product\/15389","targetHints":{"allow":["GET"]}}],"collection":[{"href":"https:\/\/www.hydraulic-cylinders.net\/pl\/wp-json\/wp\/v2\/product"}],"about":[{"href":"https:\/\/www.hydraulic-cylinders.net\/pl\/wp-json\/wp\/v2\/types\/product"}],"replies":[{"embeddable":true,"href":"https:\/\/www.hydraulic-cylinders.net\/pl\/wp-json\/wp\/v2\/comments?post=15389"}],"wp:featuredmedia":[{"embeddable":true,"href":"https:\/\/www.hydraulic-cylinders.net\/pl\/wp-json\/wp\/v2\/media\/14787"}],"wp:attachment":[{"href":"https:\/\/www.hydraulic-cylinders.net\/pl\/wp-json\/wp\/v2\/media?parent=15389"}],"wp:term":[{"taxonomy":"product_brand","embeddable":true,"href":"https:\/\/www.hydraulic-cylinders.net\/pl\/wp-json\/wp\/v2\/product_brand?post=15389"},{"taxonomy":"product_cat","embeddable":true,"href":"https:\/\/www.hydraulic-cylinders.net\/pl\/wp-json\/wp\/v2\/product_cat?post=15389"},{"taxonomy":"product_tag","embeddable":true,"href":"https:\/\/www.hydraulic-cylinders.net\/pl\/wp-json\/wp\/v2\/product_tag?post=15389"}],"curies":[{"name":"wp","href":"https:\/\/api.w.org\/{rel}","templated":true}]}}