{"id":15392,"date":"2025-01-19T14:28:27","date_gmt":"2025-01-19T14:28:27","guid":{"rendered":"https:\/\/www.hydraulic-cylinders.net\/product\/bucket-cylinder-for-volvo-middle-excavator-ec220d\/"},"modified":"2025-01-19T14:28:29","modified_gmt":"2025-01-19T14:28:29","slug":"bucket-cylinder-for-volvo-middle-excavator-ec220d","status":"publish","type":"product","link":"https:\/\/www.hydraulic-cylinders.net\/pl\/produkt\/bucket-cylinder-for-volvo-middle-excavator-ec220d\/","title":{"rendered":"Si\u0142ownik \u0142y\u017cki do koparki \u015bredniej Volvo EC220D"},"content":{"rendered":"<h1>Si\u0142ownik \u0142y\u017cki do koparki \u015bredniej Volvo EC220D<\/h1>\n<h2>Wst\u0119p<\/h2>\n<p>Si\u0142ownik \u0142y\u017cki do koparki Volvo EC220D to specjalnie zaprojektowany si\u0142ownik hydrauliczny s\u0142u\u017c\u0105cy do sterowania ruchem \u0142y\u017cki w ci\u0119\u017ckich maszynach, takich jak koparki, koparko-\u0142adowarki i \u0142adowarki czo\u0142owe. Jego g\u0142\u00f3wn\u0105 funkcj\u0105 jest podnoszenie, opuszczanie i przechylanie \u0142y\u017cki, dzi\u0119ki czemu nadaje si\u0119 do r\u00f3\u017cnych zada\u0144 zwi\u0105zanych z prze\u0142adunkiem materia\u0142\u00f3w. W uk\u0142adzie hydraulicznym si\u0142ownik \u0142y\u017cki zapewnia precyzyjn\u0105 kontrol\u0119 nad \u0142y\u017ck\u0105, wykorzystuj\u0105c zmiany ci\u015bnienia oleju hydraulicznego, umo\u017cliwiaj\u0105c operatorom wydajne przenoszenie ci\u0119\u017ckich \u0142adunk\u00f3w i dostosowywanie si\u0119 do z\u0142o\u017conych warunk\u00f3w pracy oraz zr\u00f3\u017cnicowanych wymaga\u0144.<\/p>\n<p><img decoding=\"async\" src=\"https:\/\/www.hydraulic-cylinders.net\/wp-content\/uploads\/2025\/01\/songte-company-2.webp\" alt=\"Obraz cylindra wiadra\"><\/p>\n<h2>Cechy<\/h2>\n<ul>\n<li>Wysoka wytrzyma\u0142o\u015b\u0107 i trwa\u0142o\u015b\u0107: Zazwyczaj wykonany z wysokowytrzyma\u0142ej stali lub aluminium, wytrzymuje du\u017ce ci\u015bnienie i obci\u0105\u017cenia, jest przystosowany do trudnych warunk\u00f3w pracy, a tak\u017ce jest zaprojektowany z uwzgl\u0119dnieniem odporno\u015bci na zu\u017cycie i korozj\u0119, co wyd\u0142u\u017ca jego \u017cywotno\u015b\u0107.<\/li>\n<li>Wydajna praca uk\u0142adu hydraulicznego: Wykorzystuj\u0105c ci\u015bnienie oleju hydraulicznego, urz\u0105dzenie zapewnia p\u0142ynne rozci\u0105ganie i wci\u0105ganie, szybko reaguje na polecenia steruj\u0105ce, wytwarza du\u017c\u0105 si\u0142\u0119 pchania i ci\u0105gni\u0119cia oraz nadaje si\u0119 do przenoszenia ci\u0119\u017ckich \u0142adunk\u00f3w i wykonywania skomplikowanych zada\u0144.<\/li>\n<li>R\u00f3\u017cne typy: Si\u0142ownik czerpakowy mo\u017ce by\u0107 jednostronnego dzia\u0142ania (hydrauliczny dzia\u0142aj\u0105cy tylko w jednym kierunku) lub dwustronnego dzia\u0142ania (hydrauliczny dzia\u0142aj\u0105cy w obu kierunkach) w zale\u017cno\u015bci od konkretnych potrzeb operacyjnych. Niekt\u00f3re modele s\u0105 teleskopowe, co pozwala na wi\u0119ksze wysuni\u0119cie bez zwi\u0119kszania wymiar\u00f3w zewn\u0119trznych, dzi\u0119ki czemu nadaj\u0105 si\u0119 do zastosowa\u0144 w ograniczonej przestrzeni.<\/li>\n<li>Idealna wymiana: Nasz produkt mo\u017ce idealnie zast\u0105pi\u0107 te cylindry hydrauliczne.<\/li>\n<\/ul>\n<p><img decoding=\"async\" src=\"https:\/\/www.hydraulic-cylinders.net\/wp-content\/uploads\/2025\/01\/songte-cylinder-head-with-all-kinds-excavator-models.webp\" alt=\"Obraz produktu\"><\/p>\n<h2>Aplikacje<\/h2>\n<ul>\n<li>Sprz\u0119t budowlany: Znajduj\u0105 si\u0119 w koparkach i s\u0105 niezb\u0119dne do kopania, za\u0142adunku i przemieszczania gleby lub gruzu. W koparko-\u0142adowarkach si\u0142ownik \u0142y\u017cki wspomaga zar\u00f3wno kopanie, jak i podnoszenie.<\/li>\n<li>Maszyny rolnicze: Stosowane w \u0142adowarkach czo\u0142owych do nabierania, podnoszenia i transportu gleby, siana i innych materia\u0142\u00f3w.<\/li>\n<li>Koparki: Cylinder \u0142y\u017cki umo\u017cliwia wykonywanie prac wykopaliskowych poprzez umo\u017cliwienie \u0142y\u017cce penetracji gleby.<\/li>\n<li>\u0141adowarki: W \u0142adowarkach czo\u0142owych pomagaj\u0105 w wydajnym podnoszeniu i wysypywaniu towar\u00f3w.<\/li>\n<\/ul>\n<h2>Zagadnienia projektowe i kryteria wyboru<\/h2>\n<ul>\n<li>No\u015bno\u015b\u0107: Cylinder \u0142y\u017cki powinien by\u0107 zaprojektowany tak, aby wytrzyma\u0142 przewidywane obci\u0105\u017cenie bez uszkodzenia.<\/li>\n<li>Uszczelnienie: Aby zagwarantowa\u0107 skuteczne uszczelnienie, nale\u017cy stosowa\u0107 r\u00f3\u017cne elementy uszczelniaj\u0105ce, takie jak uszczelki t\u0142okowe i uszczelki t\u0142oczyskowe wykonane z materia\u0142\u00f3w odpornych na zu\u017cycie, np. poliuretanu i kauczuku nitrylowego.<\/li>\n<li>Trwa\u0142o\u015b\u0107: Korpus cylindra oraz gwintowane powierzchnie ko\u0144cowe powinny zosta\u0107 poddane dok\u0142adnej obr\u00f3bce w celu zwi\u0119kszenia odporno\u015bci na zu\u017cycie i korozj\u0119.<\/li>\n<li>Bezpiecze\u0144stwo: Konstrukcja powinna uwzgl\u0119dnia\u0107 zabezpieczenia zapobiegaj\u0105ce wypadkom i zapewniaj\u0105ce ochron\u0119 operatora.<\/li>\n<li>\u0141atwo\u015b\u0107 konserwacji: Cylinder powinien by\u0107 zaprojektowany w spos\u00f3b umo\u017cliwiaj\u0105cy \u0142atw\u0105 konserwacj\u0119 i napraw\u0119 oraz zawiera\u0107 czytelne instrukcje dotycz\u0105ce regularnych przegl\u0105d\u00f3w i prac konserwacyjnych.<\/li>\n<\/ul>\n<p><img decoding=\"async\" src=\"https:\/\/www.hydraulic-cylinders.net\/wp-content\/uploads\/2025\/01\/songte-oil-pipes-and-spare-parts.webp\" alt=\"Obraz produktu\"><\/p>\n<h2>Uszczelnianie i smarowanie<\/h2>\n<p>Nale\u017cy stosowa\u0107 r\u00f3\u017cne elementy uszczelniaj\u0105ce, takie jak uszczelnienia t\u0142oka i t\u0142oczyska. Uszczelnienia powinny by\u0107 wykonane z materia\u0142\u00f3w odpornych na zu\u017cycie, takich jak poliuretan i kauczuk nitrylowy. Korpus cylindra i gwintowane powierzchnie ko\u0144cowe powinny zosta\u0107 poddane precyzyjnej obr\u00f3bce w celu zwi\u0119kszenia odporno\u015bci na zu\u017cycie. Regularne smarowanie odpowiedni\u0105 ilo\u015bci\u0105 oleju hydraulicznego jest wymagane dla zapewnienia p\u0142ynnej pracy i d\u0142ugiej \u017cywotno\u015bci.<\/p>\n<h2>Regularne kontrole i konserwacja zapobiegawcza<\/h2>\n<ul>\n<li>Regularnie przeprowadzaj kontrole, aby wykry\u0107 wszelkie \u015blady zu\u017cycia, wyciek\u00f3w lub uszkodze\u0144.<\/li>\n<li>Zapewnij odpowiednie smarowanie wszystkich ruchomych cz\u0119\u015bci.<\/li>\n<li>Aby zachowa\u0107 skuteczno\u015b\u0107 uszczelnie\u0144, nale\u017cy regularnie sprawdza\u0107 i wymienia\u0107 uszczelki.<\/li>\n<li>W razie potrzeby skalibruj i wyreguluj cylinder.<\/li>\n<\/ul>\n<p><img decoding=\"async\" src=\"https:\/\/www.hydraulic-cylinders.net\/wp-content\/uploads\/2025\/01\/songte-chushion-collar.webp\" alt=\"Obraz produktu\"><\/p>\n<h2>Zagadnienia bezpiecze\u0144stwa i czynniki \u015brodowiskowe<\/h2>\n<p>Podczas u\u017cytkowania cylindra czerpakowego kluczowe jest przestrzeganie \u015brodk\u00f3w bezpiecze\u0144stwa, aby zapobiec wypadkom i zapewni\u0107 bezpiecze\u0144stwo operatora. Obejmuje to odpowiednie przeszkolenie, noszenie sprz\u0119tu ochronnego i przestrzeganie zalecanych procedur obs\u0142ugi. Aby zapewni\u0107 optymaln\u0105 wydajno\u015b\u0107 i trwa\u0142o\u015b\u0107 cylindra, nale\u017cy r\u00f3wnie\u017c uwzgl\u0119dni\u0107 czynniki \u015brodowiskowe, takie jak temperatura, wilgotno\u015b\u0107 i nara\u017cenie na substancje \u017cr\u0105ce.<\/p>\n<h2>Diagnostyka usterek i typowe problemy<\/h2>\n<p>Diagnozowanie usterek i rozwi\u0105zywanie typowych problem\u00f3w jest niezb\u0119dne do utrzymania wydajno\u015bci si\u0142ownika \u0142y\u017cki. Regularne kontrole, szybka identyfikacja usterek i szybkie rozwi\u0105zywanie problem\u00f3w mog\u0105 pom\u00f3c zapobiec powa\u017cnym awariom. Do typowych problem\u00f3w nale\u017c\u0105 wycieki, niedostateczna moc i nietypowe d\u017awi\u0119ki. Szybkie rozwi\u0105zanie tych problem\u00f3w i wdro\u017cenie \u015brodk\u00f3w zapobiegawczych mo\u017ce zminimalizowa\u0107 przestoje i zapewni\u0107 optymaln\u0105 wydajno\u015b\u0107.<\/p>\n<p><img decoding=\"async\" src=\"https:\/\/www.hydraulic-cylinders.net\/wp-content\/uploads\/2025\/01\/songte-bushings-with-all-kinds-of-excavator-models.webp\" alt=\"Obraz produktu\"><\/p>\n<h2>Zadania konserwacyjne<\/h2>\n<ul>\n<li>Regularne kontrole: Sprawd\u017a cylinder pod k\u0105tem oznak zu\u017cycia, uszkodzenia lub nieszczelno\u015bci.<\/li>\n<li>Prawid\u0142owe smarowanie: Upewnij si\u0119, \u017ce wszystkie ruchome cz\u0119\u015bci s\u0105 odpowiednio nasmarowane.<\/li>\n<li>Wymiana uszczelek: Aby zachowa\u0107 skuteczno\u015b\u0107 uszczelnienia, nale\u017cy regularnie sprawdza\u0107 i wymienia\u0107 uszczelki.<\/li>\n<\/ul>\n<p>Prawid\u0142owy monta\u017c, smarowanie i regulacja s\u0105 kluczowe dla wydajno\u015bci si\u0142ownika czerpakowego. Podczas monta\u017cu nale\u017cy zapewni\u0107 odpowiednie wskaz\u00f3wki dotycz\u0105ce ustawienia si\u0142ownika i zaleci\u0107 u\u017cycie odpowiednich wspornik\u00f3w monta\u017cowych do jego zabezpieczenia. Nale\u017cy przestrzega\u0107 zalecanych procedur kontroli, napraw i wymiany oraz udziela\u0107 wskaz\u00f3wek dotycz\u0105cych wyd\u0142u\u017cenia \u017cywotno\u015bci si\u0142ownika. Regularne prace konserwacyjne pomog\u0105 zapewni\u0107 optymaln\u0105 wydajno\u015b\u0107 i d\u0142ugowieczno\u015b\u0107.<\/p>\n<p><img decoding=\"async\" src=\"https:\/\/www.hydraulic-cylinders.net\/wp-content\/uploads\/2025\/01\/songte-company-1.webp\" alt=\"Obraz produktu\"><\/p>\n<h2>Nasza firma<\/h2>\n<p>Jeste\u015bmy producentem zamiennych cylindr\u00f3w hydraulicznych i jednym z wiod\u0105cych producent\u00f3w oraz dystrybutor\u00f3w hurtowych na rynku krajowym i mi\u0119dzynarodowym. Przestrzegamy zasad najwy\u017cszej jako\u015bci, opieramy si\u0119 na zindustrializowanych strategiach zarz\u0105dzania produkcj\u0105 w naszych zaawansowanych warsztatach produkcyjnych oraz stale ulepszamy nasz\u0105 platform\u0119 produkcyjn\u0105, procesy produkcyjne i zaawansowane mo\u017cliwo\u015bci produkcyjne. Kieruj\u0105c si\u0119 wysok\u0105 wydajno\u015bci\u0105, precyzj\u0105 i jako\u015bci\u0105, d\u0105\u017cymy do zaspokojenia zr\u00f3\u017cnicowanych potrzeb naszych klient\u00f3w.<\/p>\n<p><img decoding=\"async\" src=\"https:\/\/www.hydraulic-cylinders.net\/wp-content\/uploads\/2025\/01\/songte-company-3.webp\" alt=\"Obraz produktu\"><\/p>\n<h3>Profesjonalizm:<\/h3>\n<p>Posiadamy zesp\u00f3\u0142 do\u015bwiadczonych specjalist\u00f3w, kt\u00f3rzy dbaj\u0105 o najwy\u017csze standardy jako\u015bci naszych produkt\u00f3w.<\/p>\n<h3>Certyfikaty mi\u0119dzynarodowe:<\/h3>\n<p>Nasze produkty uzyska\u0142y mi\u0119dzynarodowe certyfikaty, potwierdzaj\u0105ce ich zgodno\u015b\u0107 ze standardami i przepisami bran\u017cowymi.<\/p>\n<h3>Us\u0142ugi dostosowywania:<\/h3>\n<p>Oferujemy us\u0142ugi dostosowywania do indywidualnych potrzeb i dostarczamy naszym klientom rozwi\u0105zania dostosowane do ich potrzeb.<\/p>\n<h3>Sprz\u0119t produkcyjny:<\/h3>\n<p>Wykorzystujemy najnowocze\u015bniejszy sprz\u0119t produkcyjny, aby zapewni\u0107 precyzj\u0119 i wydajno\u015b\u0107 naszych proces\u00f3w wytw\u00f3rczych.<\/p>\n<h3>Serwis posprzeda\u017cowy:<\/h3>\n<p>Zapewniamy kompleksowy serwis posprzeda\u017cowy, obejmuj\u0105cy wymian\u0119 cz\u0119\u015bci i us\u0142ugi regeneracji, aby zagwarantowa\u0107 zadowolenie klienta i maksymalnie wyd\u0142u\u017cy\u0107 \u017cywotno\u015b\u0107 naszych produkt\u00f3w.<\/p>\n<p>Autor: lyl<\/p>","protected":false},"excerpt":{"rendered":"<p>Bucket Cylinder For Volvo Middle Excavator EC220D Introduction The bucket cylinder for Volvo middle excavator EC220D is a specially designed hydraulic cylinder used to control the movement of the bucket in heavy machinery such as excavators, backhoe loaders, and front loaders. Its main function is to enable the lifting, lowering, and tilting of the bucket, [&hellip;]<\/p>","protected":false},"featured_media":14782,"comment_status":"open","ping_status":"closed","template":"","meta":{"_et_pb_use_builder":"","_et_pb_old_content":"","_et_gb_content_width":""},"product_brand":[],"product_cat":[1494],"product_tag":[1495,1496],"class_list":{"0":"post-15392","1":"product","2":"type-product","3":"status-publish","4":"has-post-thumbnail","6":"product_cat-bucket-cylinders","7":"product_tag-bucket-cylinders","8":"product_tag-hydraulic-cylinders","10":"first","11":"instock","12":"shipping-taxable","13":"product-type-simple"},"amp_enabled":true,"_links":{"self":[{"href":"https:\/\/www.hydraulic-cylinders.net\/pl\/wp-json\/wp\/v2\/product\/15392","targetHints":{"allow":["GET"]}}],"collection":[{"href":"https:\/\/www.hydraulic-cylinders.net\/pl\/wp-json\/wp\/v2\/product"}],"about":[{"href":"https:\/\/www.hydraulic-cylinders.net\/pl\/wp-json\/wp\/v2\/types\/product"}],"replies":[{"embeddable":true,"href":"https:\/\/www.hydraulic-cylinders.net\/pl\/wp-json\/wp\/v2\/comments?post=15392"}],"wp:featuredmedia":[{"embeddable":true,"href":"https:\/\/www.hydraulic-cylinders.net\/pl\/wp-json\/wp\/v2\/media\/14782"}],"wp:attachment":[{"href":"https:\/\/www.hydraulic-cylinders.net\/pl\/wp-json\/wp\/v2\/media?parent=15392"}],"wp:term":[{"taxonomy":"product_brand","embeddable":true,"href":"https:\/\/www.hydraulic-cylinders.net\/pl\/wp-json\/wp\/v2\/product_brand?post=15392"},{"taxonomy":"product_cat","embeddable":true,"href":"https:\/\/www.hydraulic-cylinders.net\/pl\/wp-json\/wp\/v2\/product_cat?post=15392"},{"taxonomy":"product_tag","embeddable":true,"href":"https:\/\/www.hydraulic-cylinders.net\/pl\/wp-json\/wp\/v2\/product_tag?post=15392"}],"curies":[{"name":"wp","href":"https:\/\/api.w.org\/{rel}","templated":true}]}}