{"id":15397,"date":"2025-01-19T14:28:48","date_gmt":"2025-01-19T14:28:48","guid":{"rendered":"https:\/\/www.hydraulic-cylinders.net\/product\/bucket-cylinder-for-volvo-middle-excavator-ecr235e\/"},"modified":"2025-01-19T14:28:50","modified_gmt":"2025-01-19T14:28:50","slug":"bucket-cylinder-for-volvo-middle-excavator-ecr235e","status":"publish","type":"product","link":"https:\/\/www.hydraulic-cylinders.net\/pl\/produkt\/bucket-cylinder-for-volvo-middle-excavator-ecr235e\/","title":{"rendered":"Si\u0142ownik \u0142y\u017cki do koparki \u015brodkowej Volvo ECR235E"},"content":{"rendered":"<h1>Si\u0142ownik \u0142y\u017cki do koparki \u015brodkowej Volvo ECR235E<\/h1>\n<h2>Wst\u0119p<\/h2>\n<p>Si\u0142ownik \u0142y\u017cki to specjalnie zaprojektowany si\u0142ownik hydrauliczny, u\u017cywany g\u0142\u00f3wnie do sterowania ruchem \u0142y\u017cki w ci\u0119\u017ckich maszynach, takich jak koparki, koparko-\u0142adowarki i \u0142adowarki czo\u0142owe. Jego g\u0142\u00f3wn\u0105 funkcj\u0105 jest umo\u017cliwienie podnoszenia, opuszczania i przechylania \u0142y\u017cki, u\u0142atwiaj\u0105c wykonywanie r\u00f3\u017cnych zada\u0144 zwi\u0105zanych z prze\u0142adunkiem materia\u0142\u00f3w. W uk\u0142adzie hydraulicznym si\u0142ownik \u0142y\u017cki zapewnia precyzyjn\u0105 kontrol\u0119 nad \u0142y\u017ck\u0105 poprzez zmian\u0119 ci\u015bnienia oleju hydraulicznego, umo\u017cliwiaj\u0105c operatorom wydajne przenoszenie ci\u0119\u017ckich \u0142adunk\u00f3w i dostosowanie si\u0119 do z\u0142o\u017conych warunk\u00f3w pracy oraz zr\u00f3\u017cnicowanych wymaga\u0144.<\/p>\n<p><img decoding=\"async\" src=\"https:\/\/www.hydraulic-cylinders.net\/wp-content\/uploads\/2025\/01\/songte-company-2.webp\" alt=\"Si\u0142ownik \u0142y\u017cki do koparki \u015bredniej Volvo ECR235E\"><\/p>\n<h2>Cechy<\/h2>\n<ul>\n<li>Wysoka wytrzyma\u0142o\u015b\u0107 i trwa\u0142o\u015b\u0107: Zazwyczaj wykonany z wytrzyma\u0142ej stali lub aluminium, wytrzymuje du\u017ce ci\u015bnienie i obci\u0105\u017cenia, jest przystosowany do trudnych warunk\u00f3w pracy, a tak\u017ce jest odporny na zu\u017cycie i korozj\u0119, co wyd\u0142u\u017ca jego \u017cywotno\u015b\u0107.<\/li>\n<li>Wydajna praca uk\u0142adu hydraulicznego: Wykorzystuj\u0105c ci\u015bnienie oleju hydraulicznego do uzyskania p\u0142ynnego rozszerzania i kurczenia, uk\u0142ad mo\u017ce szybko reagowa\u0107 na polecenia steruj\u0105ce, zapewnia du\u017c\u0105 si\u0142\u0119 pchania i ci\u0105gni\u0119cia oraz nadaje si\u0119 do obs\u0142ugi ci\u0119\u017ckich \u0142adunk\u00f3w i skomplikowanych zada\u0144.<\/li>\n<li>R\u00f3\u017cne typy: Si\u0142owniki jednostronnego dzia\u0142ania (hydrauliczne tylko w jednym kierunku) lub dwustronnego dzia\u0142ania (hydrauliczne w obu kierunkach) mo\u017cna dobra\u0107 w zale\u017cno\u015bci od potrzeb, aby spe\u0142ni\u0107 zr\u00f3\u017cnicowane wymagania operacyjne. Niekt\u00f3re modele s\u0105 teleskopowe, co pozwala na wi\u0119ksze wysuni\u0119cie bez zwi\u0119kszania wymiar\u00f3w zewn\u0119trznych, i nadaje si\u0119 do zastosowa\u0144 w ograniczonej przestrzeni.<\/li>\n<li>Idealna wymiana: Nasze produkty mog\u0105 idealnie zast\u0105pi\u0107 te cylindry hydrauliczne.<\/li>\n<\/ul>\n<p><img decoding=\"async\" src=\"https:\/\/www.hydraulic-cylinders.net\/wp-content\/uploads\/2025\/01\/songte-cylinder-head-with-all-kinds-excavator-models.webp\" alt=\"Idealny zamiennik dla koparki \u015bredniej Volvo ECR235E\"><\/p>\n<h2>Aplikacje<\/h2>\n<h3>Sprz\u0119t budowlany:<\/h3>\n<p>W koparkach s\u0105 one niezb\u0119dne do kopania, za\u0142adunku i przemieszczania gleby lub gruzu. W koparko-\u0142adowarkach cylindry \u0142y\u017cki u\u0142atwiaj\u0105 kopanie i podnoszenie. W \u0142adowarkach czo\u0142owych u\u0142atwiaj\u0105 efektywne podnoszenie i wysypywanie \u0142adunk\u00f3w.<\/p>\n<h3>Maszyny rolnicze:<\/h3>\n<p>U\u017cywane w \u0142adowarkach czo\u0142owych, s\u0142u\u017c\u0105 do podnoszenia, za\u0142adunku i transportu gleby, siana i innych materia\u0142\u00f3w. W koparkach cylindry \u0142y\u017cki umo\u017cliwiaj\u0105 kopanie, umo\u017cliwiaj\u0105c \u0142y\u017cce penetracj\u0119 gleby.<\/p>\n<h2>Zagadnienia projektowe i kryteria wyboru<\/h2>\n<h3>No\u015bno\u015b\u0107:<\/h3>\n<p>Wybrany si\u0142ownik hydrauliczny powinien by\u0107 w stanie ud\u017awign\u0105\u0107 maksymalne obci\u0105\u017cenie maszyny i \u0142y\u017cki. Nale\u017cy upewni\u0107 si\u0119, \u017ce no\u015bno\u015b\u0107 si\u0142ownika jest wi\u0119ksza lub r\u00f3wna maksymalnemu ud\u017awigowi maszyny. <\/p>\n<h3>Uszczelnianie i smarowanie:<\/h3>\n<p>Uszczelnienie i smarowanie si\u0142ownika hydraulicznego ma kluczowe znaczenie dla jego wydajno\u015bci i trwa\u0142o\u015bci. W si\u0142owniku zastosowano r\u00f3\u017cnego rodzaju uszczelnienia, takie jak uszczelnienia t\u0142oka, t\u0142oczyska itp. Uszczelnienia wykonane s\u0105 z materia\u0142\u00f3w odpornych na zu\u017cycie, takich jak poliuretan i kauczuk nitrylowy, kt\u00f3re chroni\u0105 si\u0142ownik przed zu\u017cyciem. Regularne smarowanie olejem hydraulicznym jest niezb\u0119dne, aby zmniejszy\u0107 zu\u017cycie i zapewni\u0107 p\u0142ynn\u0105 prac\u0119. <\/p>\n<p><img decoding=\"async\" src=\"https:\/\/www.hydraulic-cylinders.net\/wp-content\/uploads\/2025\/01\/songte-oil-pipes-and-spare-parts.webp\" alt=\"Rury hydrauliczne i cz\u0119\u015bci zamienne\"><\/p>\n<h2>Konserwacja i naprawa<\/h2>\n<h3>Instalacja produktu:<\/h3>\n<p>Podczas monta\u017cu niezwykle wa\u017cne jest prawid\u0142owe ustawienie cylindra i zamocowanie go za pomoc\u0105 odpowiednich uchwyt\u00f3w monta\u017cowych, aby zapobiec jego przesuni\u0119ciu lub uszkodzeniu. Aby zapewni\u0107 d\u0142ug\u0105 \u017cywotno\u015b\u0107 cylindra, nale\u017cy przestrzega\u0107 zalecanych procedur kontroli, naprawy i wymiany.<\/p>\n<h3>Zadania konserwacyjne:<\/h3>\n<ul>\n<li>Regularna kontrola: Nale\u017cy okresowo sprawdza\u0107, czy cylinder nie ma przeciek\u00f3w, uszkodze\u0144 lub zu\u017cycia.<\/li>\n<li>Smarowanie: Cylinder nale\u017cy smarowa\u0107 olejem hydraulicznym zgodnie z zaleceniami producenta.<\/li>\n<li>Wymiana uszczelek: Uszczelki cylindra nale\u017cy okresowo wymienia\u0107, aby zapewni\u0107 prawid\u0142owe dzia\u0142anie cylindra.<\/li>\n<li>Kontrola kalibracji: Kalibracj\u0119 cylindra nale\u017cy sprawdza\u0107 okresowo, aby mie\u0107 pewno\u015b\u0107, \u017ce dzia\u0142a on optymalnie.<\/li>\n<\/ul>\n<p><img decoding=\"async\" src=\"https:\/\/www.hydraulic-cylinders.net\/wp-content\/uploads\/2025\/01\/songte-chushion-collar.webp\" alt=\"Ko\u0142nierz poduszki cylindra wiadra\"><\/p>\n<h2>Zagadnienia bezpiecze\u0144stwa i czynniki \u015brodowiskowe<\/h2>\n<p>Podczas u\u017cytkowania cylindr\u00f3w hydraulicznych nale\u017cy zachowa\u0107 \u015brodki ostro\u017cno\u015bci, aby zapobiec wypadkom. Nale\u017cy bezwzgl\u0119dnie przestrzega\u0107 instrukcji i wytycznych producenta. Cylinder nale\u017cy utylizowa\u0107 zgodnie z przepisami i wytycznymi dotycz\u0105cymi ochrony \u015brodowiska.<\/p>\n<h2>Diagnostyka usterek i rozwi\u0105zywanie problem\u00f3w<\/h2>\n<p>Do typowych problem\u00f3w zwi\u0105zanych z si\u0142ownikami hydraulicznymi nale\u017c\u0105 nieszczelno\u015bci, niewystarczaj\u0105ca si\u0142a i nieprawid\u0142owe ustawienie. W celu zidentyfikowania i rozwi\u0105zania problemu nale\u017cy przeprowadzi\u0107 odpowiedni\u0105 diagnostyk\u0119 i rozwi\u0105zywanie problem\u00f3w. Regularne kontrole i konserwacja zapobiegawcza mog\u0105 pom\u00f3c unikn\u0105\u0107 potencjalnych problem\u00f3w.<\/p>\n<p><img decoding=\"async\" src=\"https:\/\/www.hydraulic-cylinders.net\/wp-content\/uploads\/2025\/01\/songte-bushings-with-all-kinds-of-excavator-models.webp\" alt=\"Tuleje cylindra \u0142y\u017cki\"><\/p>\n<h2>O naszej firmie<\/h2>\n<p>Jeste\u015bmy producentem zamiennych cylindr\u00f3w hydraulicznych oferuj\u0105cym szerok\u0105 gam\u0119 produkt\u00f3w. Jeste\u015bmy jednym z wiod\u0105cych producent\u00f3w i hurtowych dystrybutor\u00f3w cylindr\u00f3w hydraulicznych na rynku krajowym i mi\u0119dzynarodowym. Dbamy o najwy\u017csz\u0105 jako\u015b\u0107, opieramy si\u0119 na strategii zarz\u0105dzania produkcj\u0105 przemys\u0142ow\u0105 w naszym nowoczesnym zak\u0142adzie produkcyjnym i stale udoskonalamy platform\u0119 produkcyjn\u0105, wykorzystuj\u0105c talenty techniczne, cyfrowy sprz\u0119t produkcyjny wysokiej klasy oraz profesjonalne systemy detekcji, aby doskonali\u0107 jako\u015b\u0107 procesu produkcyjnego. Dysponujemy silnym potencja\u0142em kreatywnym i d\u0105\u017cymy do zaspokojenia zr\u00f3\u017cnicowanych potrzeb klient\u00f3w, kieruj\u0105c si\u0119 zasadami wysokiej wydajno\u015bci, precyzji i jako\u015bci.<\/p>\n<ul>\n<li>Profesjonalizm: Posiadamy zesp\u00f3\u0142 do\u015bwiadczonych fachowc\u00f3w, kt\u00f3rzy zajmuj\u0105 si\u0119 dostarczaniem wysokiej jako\u015bci cylindr\u00f3w hydraulicznych.<\/li>\n<li>Certyfikacja mi\u0119dzynarodowa: Nasze produkty posiadaj\u0105 certyfikaty potwierdzaj\u0105ce zgodno\u015b\u0107 z normami mi\u0119dzynarodowymi, co gwarantuje najwy\u017csze standardy jako\u015bci.<\/li>\n<li>Us\u0142ugi dostosowywania: Dostarczamy cylindry hydrauliczne dostosowane do wymaga\u0144 klienta.<\/li>\n<li>Sprz\u0119t produkcyjny: Nasze zak\u0142ady produkcyjne s\u0105 wyposa\u017cone w zaawansowany sprz\u0119t, kt\u00f3ry gwarantuje wydajno\u015b\u0107 i jako\u015b\u0107.<\/li>\n<li>Serwis posprzeda\u017cowy: Oferujemy serwis posprzeda\u017cowy, obejmuj\u0105cy wymian\u0119 cz\u0119\u015bci i us\u0142ugi regeneracji, aby wyd\u0142u\u017cy\u0107 \u017cywotno\u015b\u0107 cylindr\u00f3w hydraulicznych.<\/li>\n<\/ul>\n<p><img decoding=\"async\" src=\"https:\/\/hzpt.com\/wp-content\/uploads\/2024\/11\/songte-company-1.webp\" alt=\"O naszej firmie\"><\/p>\n<h4>Autor: lyl<\/h4>","protected":false},"excerpt":{"rendered":"<p>Bucket Cylinder For Volvo Middle Excavator ECR235E Introduction A bucket cylinder is a specially designed hydraulic cylinder primarily used to control the movement of the bucket in heavy machinery such as excavators, backhoe excavators, and front-end loaders. Its main function is to enable the bucket to lift, lower, and tilt, making it easier to handle [&hellip;]<\/p>","protected":false},"featured_media":14771,"comment_status":"open","ping_status":"closed","template":"","meta":{"_et_pb_use_builder":"","_et_pb_old_content":"","_et_gb_content_width":""},"product_brand":[],"product_cat":[1494],"product_tag":[1495,1496],"class_list":{"0":"post-15397","1":"product","2":"type-product","3":"status-publish","4":"has-post-thumbnail","6":"product_cat-bucket-cylinders","7":"product_tag-bucket-cylinders","8":"product_tag-hydraulic-cylinders","10":"first","11":"instock","12":"shipping-taxable","13":"product-type-simple"},"amp_enabled":true,"_links":{"self":[{"href":"https:\/\/www.hydraulic-cylinders.net\/pl\/wp-json\/wp\/v2\/product\/15397","targetHints":{"allow":["GET"]}}],"collection":[{"href":"https:\/\/www.hydraulic-cylinders.net\/pl\/wp-json\/wp\/v2\/product"}],"about":[{"href":"https:\/\/www.hydraulic-cylinders.net\/pl\/wp-json\/wp\/v2\/types\/product"}],"replies":[{"embeddable":true,"href":"https:\/\/www.hydraulic-cylinders.net\/pl\/wp-json\/wp\/v2\/comments?post=15397"}],"wp:featuredmedia":[{"embeddable":true,"href":"https:\/\/www.hydraulic-cylinders.net\/pl\/wp-json\/wp\/v2\/media\/14771"}],"wp:attachment":[{"href":"https:\/\/www.hydraulic-cylinders.net\/pl\/wp-json\/wp\/v2\/media?parent=15397"}],"wp:term":[{"taxonomy":"product_brand","embeddable":true,"href":"https:\/\/www.hydraulic-cylinders.net\/pl\/wp-json\/wp\/v2\/product_brand?post=15397"},{"taxonomy":"product_cat","embeddable":true,"href":"https:\/\/www.hydraulic-cylinders.net\/pl\/wp-json\/wp\/v2\/product_cat?post=15397"},{"taxonomy":"product_tag","embeddable":true,"href":"https:\/\/www.hydraulic-cylinders.net\/pl\/wp-json\/wp\/v2\/product_tag?post=15397"}],"curies":[{"name":"wp","href":"https:\/\/api.w.org\/{rel}","templated":true}]}}