{"id":15402,"date":"2025-01-19T14:29:09","date_gmt":"2025-01-19T14:29:09","guid":{"rendered":"https:\/\/www.hydraulic-cylinders.net\/product\/bucket-cylinder-for-volvo-large-excavator-ec380el\/"},"modified":"2025-01-19T14:29:11","modified_gmt":"2025-01-19T14:29:11","slug":"bucket-cylinder-for-volvo-large-excavator-ec380el","status":"publish","type":"product","link":"https:\/\/www.hydraulic-cylinders.net\/pl\/produkt\/bucket-cylinder-for-volvo-large-excavator-ec380el\/","title":{"rendered":"Si\u0142ownik \u0142y\u017cki do du\u017cej koparki Volvo EC380EL"},"content":{"rendered":"<h1>Si\u0142ownik \u0142y\u017cki do du\u017cej koparki Volvo EC380EL<\/h1>\n<h2>Wst\u0119p<\/h2>\n<p>Si\u0142ownik \u0142y\u017cki to specjalistyczny si\u0142ownik hydrauliczny, kt\u00f3ry steruje ruchem \u0142y\u017cki w ci\u0119\u017ckich maszynach, takich jak koparki, koparko-\u0142adowarki i \u0142adowarki. Jego g\u0142\u00f3wn\u0105 funkcj\u0105 jest umo\u017cliwienie podnoszenia, opuszczania i przechylania \u0142y\u017cki, u\u0142atwiaj\u0105c tym samym wykonywanie r\u00f3\u017cnych zada\u0144 zwi\u0105zanych z prze\u0142adunkiem materia\u0142\u00f3w. W uk\u0142adzie hydraulicznym si\u0142owniki \u0142y\u017cki steruj\u0105 precyzyjnym ruchem \u0142y\u017cki poprzez zmian\u0119 ci\u015bnienia oleju hydraulicznego, umo\u017cliwiaj\u0105c operatorom wydajne przenoszenie du\u017cych ci\u0119\u017car\u00f3w, dostosowanie si\u0119 do z\u0142o\u017conych warunk\u00f3w pracy i zr\u00f3\u017cnicowanych potrzeb operacyjnych.<\/p>\n<p><img decoding=\"async\" src=\"https:\/\/www.hydraulic-cylinders.net\/wp-content\/uploads\/2025\/01\/songte-company-2.webp\" alt=\"Si\u0142ownik \u0142y\u017cki do du\u017cej koparki Volvo EC380EL\" \/><\/p>\n<h2>Cechy<\/h2>\n<ul>\n<li>Wysoka wytrzyma\u0142o\u015b\u0107 i trwa\u0142o\u015b\u0107: Zazwyczaj wykonane z wysokowytrzyma\u0142ej stali lub aluminium, wytrzymuj\u0105 du\u017ce ci\u015bnienie i du\u017ce obci\u0105\u017cenia, s\u0105 przystosowane do trudnych warunk\u00f3w pracy, zaprojektowane z my\u015bl\u0105 o odporno\u015bci na zu\u017cycie i korozj\u0119, co wyd\u0142u\u017ca ich \u017cywotno\u015b\u0107.<\/li>\n<li>Wydajna praca uk\u0142adu hydraulicznego: wykorzystanie ci\u015bnienia oleju hydraulicznego w celu uzyskania p\u0142ynnego dzia\u0142ania rozci\u0105gania i kurczenia, zapewniaj\u0105cego du\u017c\u0105 si\u0142\u0119 pchania i ci\u0105gni\u0119cia, odpowiedni\u0105 do przenoszenia du\u017cych obci\u0105\u017ce\u0144 i skomplikowanych zada\u0144 operacyjnych.<\/li>\n<li>R\u00f3\u017cne typy: Si\u0142owniki czerpakowe mog\u0105 by\u0107 jednostronnego dzia\u0142ania (hydrauliczne, dzia\u0142aj\u0105ce tylko w jednym kierunku) lub dwustronnego dzia\u0142ania (hydrauliczne, dzia\u0142aj\u0105ce w dw\u00f3ch kierunkach), w zale\u017cno\u015bci od potrzeb, aby spe\u0142ni\u0107 r\u00f3\u017cne wymagania operacyjne. Niekt\u00f3re modele s\u0105 teleskopowe, co pozwala na wi\u0119ksze wysuni\u0119cie bez zwi\u0119kszania wymiar\u00f3w zewn\u0119trznych, i nadaje si\u0119 do zastosowa\u0144 w ograniczonej przestrzeni.<\/li>\n<li>Idealny zamiennik: Nasze produkty mog\u0105 doskonale zast\u0105pi\u0107 te si\u0142owniki hydrauliczne.<\/li>\n<\/ul>\n<p><img decoding=\"async\" src=\"https:\/\/www.hydraulic-cylinders.net\/wp-content\/uploads\/2025\/01\/songte-cylinder-head-with-all-kinds-excavator-models.webp\" alt=\"Si\u0142ownik \u0142y\u017cki do du\u017cej koparki Volvo EC380EL\" \/><\/p>\n<h2>Aplikacje<\/h2>\n<p><strong>Sprz\u0119t budowlany:<\/strong> W koparkach s\u0105 one niezb\u0119dne do kopania, za\u0142adunku i przemieszczania gleby lub gruzu. W koparko-\u0142adowarkach cylindry \u0142y\u017cki pomagaj\u0105 zar\u00f3wno w wykopywaniu, jak i podnoszeniu. W \u0142adowarkach czo\u0142owych wspomagaj\u0105 efektywne podnoszenie i przechylanie \u0142adunk\u00f3w.<\/p>\n<p><strong>Maszyny rolnicze:<\/strong> Stosowane w \u0142adowarkach czo\u0142owych do podnoszenia, zbierania i transportu gleby, siana i innych materia\u0142\u00f3w; w koparkach cylindry \u0142y\u017cki umo\u017cliwiaj\u0105 prace wykopaliskowe, pozwalaj\u0105c \u0142y\u017cce na penetracj\u0119 gleby.<\/p>\n<h2>Zagadnienia projektowe i kryteria wyboru<\/h2>\n<ul>\n<li>No\u015bno\u015b\u0107: Cylinder musi spe\u0142nia\u0107 wymagania dotycz\u0105ce si\u0142y dzia\u0142ania.<\/li>\n<li>Uszczelnienie: Cylindry kube\u0142kowe wymagaj\u0105 dobrego uszczelnienia, aby zapobiec wyciekom, zmniejszy\u0107 zu\u017cycie i zwi\u0119kszy\u0107 trwa\u0142o\u015b\u0107.<\/li>\n<li>Trwa\u0142o\u015b\u0107: Cylindry czerpakowe powinny by\u0107 trwa\u0142e oraz odporne na korozj\u0119 i zu\u017cycie, aby przed\u0142u\u017cy\u0107 ich \u017cywotno\u015b\u0107.<\/li>\n<li>Bezpiecze\u0144stwo: Nale\u017cy rozwa\u017cy\u0107 zastosowanie zabezpiecze\u0144 w postaci zawor\u00f3w bezpiecze\u0144stwa, aby zapobiec przeci\u0105\u017ceniu butli lub jej nieoczekiwanemu uszkodzeniu.<\/li>\n<li>Konserwacja: Projektuj\u0105c nale\u017cy uwzgl\u0119dni\u0107 takie aspekty konserwacji, jak \u0142atwo\u015b\u0107 konserwacji, \u017cywotno\u015b\u0107 i koszty.<\/li>\n<\/ul>\n<p><img decoding=\"async\" src=\"https:\/\/www.hydraulic-cylinders.net\/wp-content\/uploads\/2025\/01\/songte-oil-pipes-and-spare-parts.webp\" alt=\"Si\u0142ownik \u0142y\u017cki do du\u017cej koparki Volvo EC380EL\" \/><\/p>\n<h2>Uszczelnianie i smarowanie<\/h2>\n<p>W cylindrach kube\u0142kowych stosuje si\u0119 r\u00f3\u017cne uszczelnienia, takie jak uszczelnienia t\u0142ok\u00f3w, uszczelnienia t\u0142oczysk itp. Wykonane s\u0105 one z materia\u0142\u00f3w odpornych na zu\u017cycie, takich jak poliuretan, kauczuk nitrylowy itp. Korpus cylindra i gwintowana powierzchnia ko\u0144cowa s\u0105 precyzyjnie obrobione, aby zwi\u0119kszy\u0107 odporno\u015b\u0107 na zu\u017cycie. Regularne smarowanie odpowiedni\u0105 ilo\u015bci\u0105 oleju hydraulicznego jest niezb\u0119dne dla zapewnienia p\u0142ynnej pracy i wyd\u0142u\u017cenia \u017cywotno\u015bci cylindra.<\/p>\n<h2>Konserwacja zapobiegawcza i rozwi\u0105zywanie problem\u00f3w<\/h2>\n<p>Regularne przegl\u0105dy i konserwacja zapobiegawcza mog\u0105 zmniejszy\u0107 ryzyko potencjalnych awarii. Typowe czynno\u015bci konserwacyjne obejmuj\u0105 smarowanie, wymian\u0119 uszczelek i kalibracj\u0119 cylindra. Prawid\u0142owy monta\u017c, smarowanie i regulacja s\u0105 kluczowe dla zapewnienia prawid\u0142owego dzia\u0142ania cylindra. Zaleca si\u0119 stosowanie odpowiednich wspornik\u00f3w monta\u017cowych do mocowania cylindra, przestrzeganie zalecanych procedur kontroli, naprawy i wymiany oraz \u015bwiadczenie us\u0142ug regeneracji w celu wyd\u0142u\u017cenia \u017cywotno\u015bci cylindra.<\/p>\n<p><img decoding=\"async\" src=\"https:\/\/www.hydraulic-cylinders.net\/wp-content\/uploads\/2025\/01\/songte-chushion-collar.webp\" alt=\"Si\u0142ownik \u0142y\u017cki do du\u017cej koparki Volvo EC380EL\" \/><\/p>\n<h2>Bezpiecze\u0144stwo i wzgl\u0119dy \u015brodowiskowe<\/h2>\n<p>Cylindry kube\u0142kowe wymagaj\u0105 odpowiednich \u015brodk\u00f3w bezpiecze\u0144stwa podczas obs\u0142ugi maszyn. Nale\u017cy zainstalowa\u0107 zabezpieczenia, takie jak zawory bezpiecze\u0144stwa, aby zapobiec przeci\u0105\u017ceniu lub uszkodzeniu. Prawid\u0142owa utylizacja odpad\u00f3w i starych cylindr\u00f3w jest niezb\u0119dna dla ochrony \u015brodowiska.<\/p>\n<h2>Wprowadzenie producenta<\/h2>\n<p>Jeste\u015bmy producentem zamiennych cylindr\u00f3w hydraulicznych, oferuj\u0105cym pe\u0142n\u0105 gam\u0119 produkt\u00f3w. Jako jeden z wiod\u0105cych producent\u00f3w i hurtowych dystrybutor\u00f3w cylindr\u00f3w hydraulicznych na rynku krajowym i zagranicznym, dbamy o najwy\u017csz\u0105 jako\u015b\u0107 i opieramy si\u0119 na przemys\u0142owych strategiach zarz\u0105dzania produkcj\u0105 w precyzyjnie dopracowanych warsztatach produkcyjnych. Stale udoskonalamy platform\u0119 produkcyjn\u0105 warsztatu, doskonalimy proces produkcji i dysponujemy silnymi mo\u017cliwo\u015bciami innowacyjnymi, zapewniaj\u0105c wysok\u0105 wydajno\u015b\u0107, precyzj\u0119 i jako\u015b\u0107, aby sprosta\u0107 zr\u00f3\u017cnicowanym potrzebom klient\u00f3w.<\/p>\n<p><img decoding=\"async\" src=\"https:\/\/hzpt.com\/wp-content\/uploads\/2024\/11\/songte-company-1.webp\" alt=\"Si\u0142ownik \u0142y\u017cki do du\u017cej koparki Volvo EC380EL\" \/><\/p>\n<h3>Profesjonalizm:<\/h3>\n<p>W naszej firmie pracuje zesp\u00f3\u0142 profesjonalnych ekspert\u00f3w w dziedzinie produkcji cylindr\u00f3w hydraulicznych z wieloletnim do\u015bwiadczeniem.<\/p>\n<h3>Certyfikacja mi\u0119dzynarodowa:<\/h3>\n<p>Nasze produkty posiadaj\u0105 mi\u0119dzynarodowe certyfikaty, takie jak ISO 9001, CE, itp.<\/p>\n<h3>Us\u0142uga dostosowana do potrzeb:<\/h3>\n<p>Oferujemy us\u0142ugi dostosowane do r\u00f3\u017cnych potrzeb klient\u00f3w.<\/p>\n<h3>Sprz\u0119t produkcyjny:<\/h3>\n<p>W celu zapewnienia jako\u015bci naszych produkt\u00f3w korzystamy z najnowocze\u015bniejszych urz\u0105dze\u0144 sterowanych numerycznie.<\/p>\n<h3>Serwis posprzeda\u017cowy:<\/h3>\n<p>Zapewniamy naszym klientom doskona\u0142\u0105 obs\u0142ug\u0119 posprzeda\u017cow\u0105, aby zagwarantowa\u0107 prawid\u0142owe dzia\u0142anie produkt\u00f3w i zadowolenie klienta.<\/p>\n<p>Autor: lyl.<\/p>\n<p><img decoding=\"async\" src=\"https:\/\/www.hydraulic-cylinders.net\/wp-content\/uploads\/2025\/01\/songte-bushings-with-all-kinds-of-excavator-models.webp\" alt=\"Si\u0142ownik \u0142y\u017cki do du\u017cej koparki Volvo EC380EL\" \/><\/p>","protected":false},"excerpt":{"rendered":"<p>Bucket Cylinder For Volvo Large Excavator EC380EL Introduction A bucket cylinder is a specialized hydraulic cylinder that controls the movement of the bucket in heavy machinery such as excavators, backhoes, and loaders. Its main function is to enable the bucket to perform lifting, lowering, and tilting, making it easier for various material handling tasks. In [&hellip;]<\/p>","protected":false},"featured_media":14789,"comment_status":"open","ping_status":"closed","template":"","meta":{"_et_pb_use_builder":"","_et_pb_old_content":"","_et_gb_content_width":""},"product_brand":[],"product_cat":[1494],"product_tag":[1495,1496],"class_list":{"0":"post-15402","1":"product","2":"type-product","3":"status-publish","4":"has-post-thumbnail","6":"product_cat-bucket-cylinders","7":"product_tag-bucket-cylinders","8":"product_tag-hydraulic-cylinders","10":"first","11":"instock","12":"shipping-taxable","13":"product-type-simple"},"amp_enabled":true,"_links":{"self":[{"href":"https:\/\/www.hydraulic-cylinders.net\/pl\/wp-json\/wp\/v2\/product\/15402","targetHints":{"allow":["GET"]}}],"collection":[{"href":"https:\/\/www.hydraulic-cylinders.net\/pl\/wp-json\/wp\/v2\/product"}],"about":[{"href":"https:\/\/www.hydraulic-cylinders.net\/pl\/wp-json\/wp\/v2\/types\/product"}],"replies":[{"embeddable":true,"href":"https:\/\/www.hydraulic-cylinders.net\/pl\/wp-json\/wp\/v2\/comments?post=15402"}],"wp:featuredmedia":[{"embeddable":true,"href":"https:\/\/www.hydraulic-cylinders.net\/pl\/wp-json\/wp\/v2\/media\/14789"}],"wp:attachment":[{"href":"https:\/\/www.hydraulic-cylinders.net\/pl\/wp-json\/wp\/v2\/media?parent=15402"}],"wp:term":[{"taxonomy":"product_brand","embeddable":true,"href":"https:\/\/www.hydraulic-cylinders.net\/pl\/wp-json\/wp\/v2\/product_brand?post=15402"},{"taxonomy":"product_cat","embeddable":true,"href":"https:\/\/www.hydraulic-cylinders.net\/pl\/wp-json\/wp\/v2\/product_cat?post=15402"},{"taxonomy":"product_tag","embeddable":true,"href":"https:\/\/www.hydraulic-cylinders.net\/pl\/wp-json\/wp\/v2\/product_tag?post=15402"}],"curies":[{"name":"wp","href":"https:\/\/api.w.org\/{rel}","templated":true}]}}