{"id":15407,"date":"2025-01-19T14:29:35","date_gmt":"2025-01-19T14:29:35","guid":{"rendered":"https:\/\/www.hydraulic-cylinders.net\/product\/bucket-cylinder-for-volvo-large-excavator-ec460b\/"},"modified":"2025-01-19T14:29:37","modified_gmt":"2025-01-19T14:29:37","slug":"bucket-cylinder-for-volvo-large-excavator-ec460b","status":"publish","type":"product","link":"https:\/\/www.hydraulic-cylinders.net\/pl\/produkt\/bucket-cylinder-for-volvo-large-excavator-ec460b\/","title":{"rendered":"Si\u0142ownik \u0142y\u017cki do du\u017cej koparki Volvo EC460B"},"content":{"rendered":"<h2>Si\u0142ownik \u0142y\u017cki do du\u017cej koparki Volvo EC460B<\/h2>\n<p><img decoding=\"async\" src=\"https:\/\/www.hydraulic-cylinders.net\/wp-content\/uploads\/2025\/01\/songte-company-2.webp\" alt=\"Obraz produktu\"><\/p>\n<h3>Wst\u0119p<\/h3>\n<p>Si\u0142ownik \u0142y\u017cki do du\u017cej koparki Volvo EC460B to specjalistyczny si\u0142ownik hydrauliczny przeznaczony do sterowania ruchem \u0142y\u017cki w ci\u0119\u017ckich maszynach, takich jak koparki, koparko-\u0142adowarki i \u0142adowarki czo\u0142owe. Jego g\u0142\u00f3wn\u0105 funkcj\u0105 jest podnoszenie, opuszczanie i przechylanie \u0142y\u017cki, u\u0142atwiaj\u0105c tym samym r\u00f3\u017cnorodne zadania zwi\u0105zane z prze\u0142adunkiem materia\u0142\u00f3w. W uk\u0142adzie hydraulicznym si\u0142ownik \u0142y\u017cki zapewnia precyzyjn\u0105 kontrol\u0119 nad \u0142y\u017ck\u0105, wykorzystuj\u0105c zmiany ci\u015bnienia oleju hydraulicznego, umo\u017cliwiaj\u0105c operatorom wydajne przenoszenie ci\u0119\u017ckich \u0142adunk\u00f3w i dostosowanie si\u0119 do z\u0142o\u017conych warunk\u00f3w pracy oraz zr\u00f3\u017cnicowanych wymaga\u0144 operacyjnych.<\/p>\n<h3>Cechy<\/h3>\n<ul>\n<li>Wysoka wytrzyma\u0142o\u015b\u0107 i trwa\u0142o\u015b\u0107: Zazwyczaj wykonane z wysokowytrzyma\u0142ej stali lub aluminium, wytrzymuj\u0105 du\u017ce ci\u015bnienie i du\u017ce obci\u0105\u017cenia, s\u0105 przystosowane do trudnych warunk\u00f3w pracy, a tak\u017ce zaprojektowane z uwzgl\u0119dnieniem odporno\u015bci na zu\u017cycie i korozj\u0119, aby wyd\u0142u\u017cy\u0107 okres eksploatacji.<\/li>\n<li>Wydajne dzia\u0142anie uk\u0142adu hydraulicznego: Wykorzystanie ci\u015bnienia oleju hydraulicznego w celu uzyskania p\u0142ynnych ruch\u00f3w wysuwania i wsuwania, co pozwala na szybk\u0105 reakcj\u0119 na polecenia steruj\u0105ce, zapewnia du\u017ce si\u0142y pchania i ci\u0105gni\u0119cia oraz jest przydatne przy obs\u0142udze du\u017cych obci\u0105\u017ce\u0144 i skomplikowanych zadaniach operacyjnych.<\/li>\n<li>R\u00f3\u017cne typy: W zale\u017cno\u015bci od potrzeb si\u0142ownik mo\u017cna wybra\u0107 jako jednostronnego dzia\u0142ania (hydrauliczny tylko w jednym kierunku) lub dwustronnego dzia\u0142ania (hydrauliczny w obu kierunkach). Niekt\u00f3re modele s\u0105 teleskopowe, co pozwala na wi\u0119ksze wysuni\u0119cie bez zwi\u0119kszania wymiar\u00f3w zewn\u0119trznych, i nadaje si\u0119 do zastosowa\u0144 w ograniczonej przestrzeni.<\/li>\n<li>Idealny zamiennik cylindr\u00f3w hydraulicznych: Nasze produkty mog\u0105 doskonale zast\u0105pi\u0107 cylindry hydrauliczne. <img decoding=\"async\" src=\"https:\/\/www.hydraulic-cylinders.net\/wp-content\/uploads\/2025\/01\/songte-cylinder-head-with-all-kinds-excavator-models.webp\" alt=\"Obraz cylindra zamiennego\"><\/li>\n<\/ul>\n<h3>Aplikacje<\/h3>\n<p>Cylinder kube\u0142kowy znajduje zastosowanie w r\u00f3\u017cnorodnych urz\u0105dzeniach:<\/p>\n<ul>\n<li>Sprz\u0119t budowlany: Znajduj\u0105 si\u0119 w koparkach i s\u0105 niezb\u0119dne do wykop\u00f3w, za\u0142adunku i przemieszczania gleby lub gruzu. W koparko-\u0142adowarkach si\u0142ownik \u0142y\u017cki wspomaga zar\u00f3wno wykopy, jak i podnoszenie.<\/li>\n<li>Maszyny rolnicze: Stosowane w \u0142adowarkach czo\u0142owych do nabierania, podnoszenia i transportu gleby, siana i innych materia\u0142\u00f3w.<\/li>\n<li>Koparki: Cylinder \u0142y\u017cki umo\u017cliwia kopanie poprzez umo\u017cliwienie \u0142y\u017cce wnikania w gleb\u0119.<\/li>\n<li>\u0141adowarki: W \u0142adowarkach czo\u0142owych pomagaj\u0105 w wydajnym podnoszeniu i wysypywaniu towar\u00f3w.<\/li>\n<\/ul>\n<h3>Zagadnienia projektowe i kryteria wyboru<\/h3>\n<p>Przy rozwa\u017caniu kwestii projektowych kluczowe znaczenie ma kilka czynnik\u00f3w:<\/p>\n<ul>\n<li>No\u015bno\u015b\u0107: Cylinder musi mie\u0107 mo\u017cliwo\u015b\u0107 wytrzymania obci\u0105\u017ce\u0144, kt\u00f3rym b\u0119dzie podlega\u0142.<\/li>\n<li>Uszczelnienie: Stosowane s\u0105 r\u00f3\u017cne elementy uszczelniaj\u0105ce, takie jak uszczelnienia t\u0142ok\u00f3w i t\u0142oczysk, wykonane z materia\u0142\u00f3w odpornych na zu\u017cycie, takich jak poliuretan i kauczuk nitrylowy. Korpus cylindra i gwintowane powierzchnie ko\u0144cowe poddawane s\u0105 precyzyjnej obr\u00f3bce w celu zwi\u0119kszenia odporno\u015bci na zu\u017cycie.<\/li>\n<li>Trwa\u0142o\u015b\u0107: Cylinder powinien by\u0107 zaprojektowany tak, aby zapewni\u0107 d\u0142ugotrwa\u0142\u0105 trwa\u0142o\u015b\u0107 w wymagaj\u0105cych warunkach.<\/li>\n<li>Bezpiecze\u0144stwo: Aby zapewni\u0107 bezpieczn\u0105 eksploatacj\u0119, nale\u017cy przestrzega\u0107 \u015brodk\u00f3w bezpiecze\u0144stwa, takich jak prawid\u0142owa instalacja i regularne kontrole.<\/li>\n<li>\u0141atwo\u015b\u0107 konserwacji: Konstrukcja powinna umo\u017cliwia\u0107 \u0142atw\u0105 konserwacj\u0119 i napraw\u0119 w razie potrzeby.<\/li>\n<\/ul>\n<p><img decoding=\"async\" src=\"https:\/\/www.hydraulic-cylinders.net\/wp-content\/uploads\/2025\/01\/songte-oil-pipes-and-spare-parts.webp\" alt=\"Obraz uszczelnienia i cz\u0119\u015bci zamiennych\"><\/p>\n<h3>Uszczelnianie i smarowanie<\/h3>\n<p>W cylindrze czerpakowym zastosowano r\u00f3\u017cne elementy uszczelniaj\u0105ce, takie jak uszczelnienia t\u0142oka, uszczelnienia t\u0142oczyska itp. Uszczelnienia te wykonane s\u0105 z materia\u0142\u00f3w odpornych na zu\u017cycie, takich jak poliuretan i kauczuk nitrylowy. Korpus cylindra i gwintowane powierzchnie ko\u0144cowe s\u0105 precyzyjnie obrobione w celu zwi\u0119kszenia odporno\u015bci na zu\u017cycie. Regularne smarowanie odpowiedni\u0105 ilo\u015bci\u0105 oleju hydraulicznego jest niezb\u0119dne do p\u0142ynnej pracy.<\/p>\n<h3>Regularne kontrole i konserwacja zapobiegawcza<\/h3>\n<p>Regularne przegl\u0105dy i konserwacja zapobiegawcza s\u0105 niezb\u0119dne dla optymalnej wydajno\u015bci i d\u0142ugowieczno\u015bci. Oto niekt\u00f3re zalecane \u015brodki:<\/p>\n<ul>\n<li>Kontrola i utrzymanie prawid\u0142owego ustawienia podczas instalacji.<\/li>\n<li>Zabezpieczy\u0107 cylinder za pomoc\u0105 odpowiednich wspornik\u00f3w monta\u017cowych.<\/li>\n<li>Planowanie regularnych kontroli, smarowania, wymiany uszczelek i kontroli kalibracji.<\/li>\n<li>Podanie wskaz\u00f3wek dotycz\u0105cych ustawienia cylindr\u00f3w podczas instalacji.<\/li>\n<li>Zalecanie procedur kontroli, naprawy i wymiany.<\/li>\n<li>Oferujemy cz\u0119\u015bci zamienne i us\u0142ugi regeneracji w celu wyd\u0142u\u017cenia \u017cywotno\u015bci cylindra \u0142y\u017cki.<\/li>\n<\/ul>\n<p><img decoding=\"async\" src=\"https:\/\/www.hydraulic-cylinders.net\/wp-content\/uploads\/2025\/01\/songte-chushion-collar.webp\" alt=\"Obraz konserwacyjny\"><\/p>\n<h3>Zagadnienia bezpiecze\u0144stwa i czynniki \u015brodowiskowe<\/h3>\n<p>Podczas pracy z cylindrami hydraulicznymi kluczowe s\u0105 \u015brodki bezpiecze\u0144stwa. Nale\u017cy zachowa\u0107 ostro\u017cno\u015b\u0107 podczas ich u\u017cytkowania, aby zapobiec wypadkom i zapewni\u0107 bezpieczne \u015brodowisko pracy.<\/p>\n<h3>Rozwi\u0105zywanie problem\u00f3w i typowe problemy<\/h3>\n<p>W przypadku cylindr\u00f3w kube\u0142kowych nale\u017cy wzi\u0105\u0107 pod uwag\u0119 kilka typowych punkt\u00f3w rozwi\u0105zywania problem\u00f3w:<\/p>\n<ul>\n<li>Dostarczanie wskaz\u00f3wek i rozwi\u0105za\u0144 dotycz\u0105cych rozwi\u0105zywania problem\u00f3w, kt\u00f3re pomog\u0105 czytelnikom skutecznie diagnozowa\u0107 i rozwi\u0105zywa\u0107 problemy.<\/li>\n<li>Proponowanie \u015brodk\u00f3w zapobiegawczych maj\u0105cych na celu minimalizacj\u0119 potencjalnych problem\u00f3w.<\/li>\n<\/ul>\n<p><img decoding=\"async\" src=\"https:\/\/www.hydraulic-cylinders.net\/wp-content\/uploads\/2025\/01\/songte-bushings-with-all-kinds-of-excavator-models.webp\" alt=\"Rozwi\u0105zywanie problem\u00f3w z obrazem\"><\/p>\n<p>Pami\u0119taj, aby artyku\u0142 by\u0142 logicznie uporz\u0105dkowany, u\u017cywaj podtytu\u0142\u00f3w u\u0142atwiaj\u0105cych nawigacj\u0119, dodawaj odpowiednie obrazy i wykresy, aby u\u0142atwi\u0107 zrozumienie, a tak\u017ce zadbaj o to, aby tre\u015b\u0107 by\u0142a przejrzysta, zwi\u0119z\u0142a i odpowiednia dla czytelnik\u00f3w o r\u00f3\u017cnym poziomie wiedzy technicznej.<\/p>\n<h2>O naszej firmie<\/h2>\n<p>\n  Jeste\u015bmy wiod\u0105cym producentem i hurtowym dystrybutorem si\u0142ownik\u00f3w hydraulicznych, specjalizuj\u0105cym si\u0119 w produkcji si\u0142ownik\u00f3w zamiennych. Nasza firma oferuje szerok\u0105 gam\u0119 produkt\u00f3w i sta\u0142a si\u0119 jednym z wiod\u0105cych producent\u00f3w i hurtownik\u00f3w na rynku krajowym i mi\u0119dzynarodowym. Przestrzegamy zasad najwy\u017cszej jako\u015bci i opieramy si\u0119 na przemys\u0142owych strategiach zarz\u0105dzania produkcj\u0105 w naszych zaawansowanych technologicznie zak\u0142adach produkcyjnych. Koncentruj\u0105c si\u0119 na talentach technologicznych, najnowocze\u015bniejszym sprz\u0119cie produkcyjnym i profesjonalnych systemach testowych, stale ulepszamy nasz\u0105 platform\u0119 produkcyjn\u0105, udoskonalamy proces produkcji i dysponujemy du\u017cym potencja\u0142em kreatywnym. Naszym celem jest zaspokojenie zr\u00f3\u017cnicowanych potrzeb klient\u00f3w poprzez wysok\u0105 wydajno\u015b\u0107, precyzj\u0119 i najwy\u017csz\u0105 jako\u015b\u0107.\n<\/p>\n<p><img decoding=\"async\" src=\"https:\/\/www.hydraulic-cylinders.net\/wp-content\/uploads\/2025\/01\/songte-company-3.webp\" alt=\"Wizerunek firmy\"><\/p>\n<p>Wi\u0119cej szczeg\u00f3\u0142\u00f3w o naszej firmie:<\/p>\n<ul>\n<li>Profesjonalizm<\/li>\n<li>Certyfikaty mi\u0119dzynarodowe<\/li>\n<li>Us\u0142ugi personalizacji<\/li>\n<li>Sprz\u0119t produkcyjny<\/li>\n<li>Us\u0142ugi posprzeda\u017cowe<\/li>\n<\/ul>\n<p><img decoding=\"async\" src=\"https:\/\/hzpt.com\/wp-content\/uploads\/2024\/11\/songte-company-1.webp\" alt=\"Wizerunek firmy\"><\/p>\n<p>Autor: lyl<\/p>","protected":false},"excerpt":{"rendered":"<p>Bucket Cylinder For Volvo Large Excavator EC460B Introduction The bucket cylinder for Volvo large excavator EC460B is a specialized hydraulic cylinder designed to control the movement of the bucket in heavy machinery such as excavators, backhoe loaders, and front-end loaders. Its main function is to enable the lifting, lowering, and tilting of the bucket, making [&hellip;]<\/p>","protected":false},"featured_media":14782,"comment_status":"open","ping_status":"closed","template":"","meta":{"_et_pb_use_builder":"","_et_pb_old_content":"","_et_gb_content_width":""},"product_brand":[],"product_cat":[1494],"product_tag":[1495,1496],"class_list":{"0":"post-15407","1":"product","2":"type-product","3":"status-publish","4":"has-post-thumbnail","6":"product_cat-bucket-cylinders","7":"product_tag-bucket-cylinders","8":"product_tag-hydraulic-cylinders","10":"first","11":"instock","12":"shipping-taxable","13":"product-type-simple"},"amp_enabled":true,"_links":{"self":[{"href":"https:\/\/www.hydraulic-cylinders.net\/pl\/wp-json\/wp\/v2\/product\/15407","targetHints":{"allow":["GET"]}}],"collection":[{"href":"https:\/\/www.hydraulic-cylinders.net\/pl\/wp-json\/wp\/v2\/product"}],"about":[{"href":"https:\/\/www.hydraulic-cylinders.net\/pl\/wp-json\/wp\/v2\/types\/product"}],"replies":[{"embeddable":true,"href":"https:\/\/www.hydraulic-cylinders.net\/pl\/wp-json\/wp\/v2\/comments?post=15407"}],"wp:featuredmedia":[{"embeddable":true,"href":"https:\/\/www.hydraulic-cylinders.net\/pl\/wp-json\/wp\/v2\/media\/14782"}],"wp:attachment":[{"href":"https:\/\/www.hydraulic-cylinders.net\/pl\/wp-json\/wp\/v2\/media?parent=15407"}],"wp:term":[{"taxonomy":"product_brand","embeddable":true,"href":"https:\/\/www.hydraulic-cylinders.net\/pl\/wp-json\/wp\/v2\/product_brand?post=15407"},{"taxonomy":"product_cat","embeddable":true,"href":"https:\/\/www.hydraulic-cylinders.net\/pl\/wp-json\/wp\/v2\/product_cat?post=15407"},{"taxonomy":"product_tag","embeddable":true,"href":"https:\/\/www.hydraulic-cylinders.net\/pl\/wp-json\/wp\/v2\/product_tag?post=15407"}],"curies":[{"name":"wp","href":"https:\/\/api.w.org\/{rel}","templated":true}]}}