{"id":15408,"date":"2025-01-19T14:29:39","date_gmt":"2025-01-19T14:29:39","guid":{"rendered":"https:\/\/www.hydraulic-cylinders.net\/product\/bucket-cylinder-for-volvo-large-excavator-ec700b\/"},"modified":"2025-01-19T14:29:41","modified_gmt":"2025-01-19T14:29:41","slug":"bucket-cylinder-for-volvo-large-excavator-ec700b","status":"publish","type":"product","link":"https:\/\/www.hydraulic-cylinders.net\/pl\/produkt\/bucket-cylinder-for-volvo-large-excavator-ec700b\/","title":{"rendered":"Si\u0142ownik \u0142y\u017cki do du\u017cej koparki Volvo EC700B"},"content":{"rendered":"<h1>Si\u0142ownik \u0142y\u017cki do du\u017cej koparki Volvo EC700B<\/h1>\n<h2>Wst\u0119p<\/h2>\n<p>Si\u0142ownik \u0142y\u017cki do du\u017cej koparki Volvo EC700B to specjalistyczny si\u0142ownik hydrauliczny przeznaczony do sterowania ruchem \u0142y\u017cki w ci\u0119\u017ckich maszynach, takich jak koparki, koparko-\u0142adowarki i \u0142adowarki czo\u0142owe. Jego g\u0142\u00f3wn\u0105 funkcj\u0105 jest podnoszenie, opuszczanie i przechylanie \u0142y\u017cki, u\u0142atwiaj\u0105c wykonywanie r\u00f3\u017cnych zada\u0144 zwi\u0105zanych z prze\u0142adunkiem materia\u0142\u00f3w. W uk\u0142adzie hydraulicznym si\u0142ownik \u0142y\u017cki zapewnia precyzyjn\u0105 kontrol\u0119 nad \u0142y\u017ck\u0105 poprzez zmian\u0119 ci\u015bnienia oleju hydraulicznego, umo\u017cliwiaj\u0105c operatorom wydajne przenoszenie ci\u0119\u017ckich \u0142adunk\u00f3w, dostosowanie si\u0119 do z\u0142o\u017conych warunk\u00f3w pracy i zr\u00f3\u017cnicowanych potrzeb operacyjnych.<\/p>\n<p><img decoding=\"async\" src=\"https:\/\/www.hydraulic-cylinders.net\/wp-content\/uploads\/2025\/01\/songte-company-2.webp\" alt=\"Cylinder kube\u0142kowy\" \/><\/p>\n<h2>Cechy<\/h2>\n<ul>\n<li>\n<h3>Wysoka wytrzyma\u0142o\u015b\u0107 i trwa\u0142o\u015b\u0107<\/h3>\n<p>Si\u0142ownik \u0142y\u017cki jest zazwyczaj wykonany z wysokowytrzyma\u0142ej stali lub aluminium, co pozwala na wytrzymywanie wysokich ci\u015bnie\u0144 i du\u017cych obci\u0105\u017ce\u0144, dostosowuj\u0105c si\u0119 do trudnych warunk\u00f3w pracy. Konstrukcja uwzgl\u0119dnia r\u00f3wnie\u017c odporno\u015b\u0107 na zu\u017cycie i korozj\u0119, aby wyd\u0142u\u017cy\u0107 \u017cywotno\u015b\u0107.<\/p>\n<\/li>\n<li>\n<h3>Wydajna praca hydrauliczna<\/h3>\n<p>Si\u0142ownik czerpakowy wykorzystuje ci\u015bnienie oleju hydraulicznego w celu uzyskania p\u0142ynnego ruchu rozszerzania i kurczenia, kt\u00f3ry mo\u017ce szybko reagowa\u0107 na polecenia steruj\u0105ce, zapewniaj\u0105c du\u017c\u0105 si\u0142\u0119 pchania i ci\u0105gni\u0119cia, odpowiedni\u0105 do przenoszenia ci\u0119\u017ckich \u0142adunk\u00f3w i skomplikowanych zada\u0144 operacyjnych.<\/p>\n<\/li>\n<li>\n<h3>R\u00f3\u017cne typy<\/h3>\n<p>Si\u0142ownik czerpakowy mo\u017ce by\u0107 wybrany jako si\u0142ownik jednostronnego dzia\u0142ania (hydraulika dzia\u0142a tylko w jednym kierunku) lub dwustronnego dzia\u0142ania (hydraulika dzia\u0142a w obu kierunkach), w zale\u017cno\u015bci od potrzeb i wymaga\u0144 operacyjnych. Niekt\u00f3re modele s\u0105 teleskopowe, co pozwala na wi\u0119ksze wysuni\u0119cie bez zwi\u0119kszania wymiar\u00f3w zewn\u0119trznych, co jest przydatne w zastosowaniach o ograniczonej przestrzeni.<\/p>\n<\/li>\n<li>\n<h3>Idealny zamiennik cylindr\u00f3w hydraulicznych<\/h3>\n<p>Nasz produkt mo\u017ce doskonale zast\u0105pi\u0107 tego typu si\u0142owniki hydrauliczne. <\/p>\n<\/li>\n<\/ul>\n<p><img decoding=\"async\" src=\"https:\/\/www.hydraulic-cylinders.net\/wp-content\/uploads\/2025\/01\/songte-cylinder-head-with-all-kinds-excavator-models.webp\" alt=\"Wymiana cylindra \u0142y\u017cki\" \/><\/p>\n<h2>Aplikacje<\/h2>\n<p>Cylinder czerpakowy jest powszechnie stosowany w r\u00f3\u017cnych maszynach ci\u0119\u017ckich, w tym:<\/p>\n<ul>\n<li>Sprz\u0119t budowlany: W koparkach s\u0105 one niezb\u0119dne do kopania, za\u0142adunku i przemieszczania gleby lub gruzu. W koparko-\u0142adowarkach si\u0142ownik \u0142y\u017cki pomaga zar\u00f3wno w kopaniu, jak i podnoszeniu. <\/li>\n<li>Maszyny rolnicze: Stosowane w \u0142adowarkach czo\u0142owych do nabierania, podnoszenia i transportu ziemi, siana i innych materia\u0142\u00f3w. <\/li>\n<li>Koparki: Cylinder \u0142y\u017cki umo\u017cliwia kopanie poprzez umo\u017cliwienie \u0142y\u017cce zag\u0142\u0119biania si\u0119 w gleb\u0119. <\/li>\n<li>\u0141adowarki: W \u0142adowarkach czo\u0142owych pomagaj\u0105 w efektywnym podnoszeniu i przechylaniu towar\u00f3w. <\/li>\n<\/ul>\n<h2>Zagadnienia projektowe i kryteria wyboru<\/h2>\n<p>Przy projektowaniu si\u0142ownika kube\u0142kowego uwzgl\u0119dniono szereg czynnik\u00f3w i kryteri\u00f3w doboru, aby zapewni\u0107 optymaln\u0105 wydajno\u015b\u0107 i trwa\u0142o\u015b\u0107. <\/p>\n<ul>\n<li>\n<h3>No\u015bno\u015b\u0107<\/h3>\n<p>Cylinder powinien mie\u0107 odpowiedni\u0105 no\u015bno\u015b\u0107, aby wytrzyma\u0107 du\u017ce obci\u0105\u017cenia bez odkszta\u0142ce\u0144 i uszkodze\u0144. <\/p>\n<\/li>\n<li>\n<h3>Opiecz\u0119towanie<\/h3>\n<p>Si\u0142ownik czerpaka powinien mie\u0107 dobre w\u0142a\u015bciwo\u015bci uszczelniaj\u0105ce, aby zapobiega\u0107 wyciekom oleju, utrzymywa\u0107 stabilno\u015b\u0107 ci\u015bnienia i chroni\u0107 uk\u0142ad hydrauliczny przed zanieczyszczeniami. <\/p>\n<\/li>\n<li>\n<h3>Trwa\u0142o\u015b\u0107<\/h3>\n<p>Cylinder powinien by\u0107 wykonany z materia\u0142\u00f3w najwy\u017cszej jako\u015bci i poddany precyzyjnej obr\u00f3bce, aby zwi\u0119kszy\u0107 jego odporno\u015b\u0107 na zu\u017cycie i korozj\u0119, a tak\u017ce wyd\u0142u\u017cy\u0107 jego \u017cywotno\u015b\u0107. <\/p>\n<\/li>\n<li>\n<h3>Bezpiecze\u0144stwo<\/h3>\n<p>Cylinder czerpaka powinien by\u0107 wyposa\u017cony w zabezpieczenia zapobiegaj\u0105ce wypadkom, takie jak zawory zabezpieczaj\u0105ce przed przeci\u0105\u017ceniem, przyciski zatrzymania awaryjnego i blokady bezpiecze\u0144stwa. <\/p>\n<\/li>\n<li>\n<h3>Utrzymywalno\u015b\u0107<\/h3>\n<p>Konstrukcja cylindra czerpakowego powinna umo\u017cliwia\u0107 \u0142atw\u0105 konserwacj\u0119 i napraw\u0119, \u0142atwy dost\u0119p do najwa\u017cniejszych podzespo\u0142\u00f3w oraz przejrzyste instrukcje dotycz\u0105ce demonta\u017cu, kontroli i wymiany. <\/p>\n<\/li>\n<\/ul>\n<p><img decoding=\"async\" src=\"https:\/\/www.hydraulic-cylinders.net\/wp-content\/uploads\/2025\/01\/songte-oil-pipes-and-spare-parts.webp\" alt=\"Cz\u0119\u015bci zamienne do cylindra \u0142y\u017cki\" \/><\/p>\n<h2>Uszczelnianie i smarowanie<\/h2>\n<p>W cylindrze kube\u0142kowym zastosowano r\u00f3\u017cnorodne uszczelnienia, takie jak uszczelnienia t\u0142oka, t\u0142oczyska itp. Uszczelnienia wykonane s\u0105 z materia\u0142\u00f3w odpornych na zu\u017cycie, takich jak poliuretan, kauczuk nitrylowy itp., co zapewnia dobr\u0105 szczelno\u015b\u0107 i d\u0142ug\u0105 \u017cywotno\u015b\u0107. Korpus cylindra i powierzchnia gwintu s\u0105 precyzyjnie obrabiane w celu zwi\u0119kszenia odporno\u015bci na zu\u017cycie. Regularne, prawid\u0142owe smarowanie olejem hydraulicznym jest niezb\u0119dne dla zapewnienia p\u0142ynnej pracy i wyd\u0142u\u017cenia \u017cywotno\u015bci.<\/p>\n<h2>Konserwacja i naprawa<\/h2>\n<p>Regularna konserwacja i naprawa cylindra \u0142y\u017cki s\u0105 niezb\u0119dne do zapewnienia niezawodnej pracy i wyd\u0142u\u017cenia okresu eksploatacji. <\/p>\n<ul>\n<li>\n<h3>Regularna kontrola<\/h3>\n<p>Nale\u017cy regularnie sprawdza\u0107 cylinder \u0142y\u017cki pod k\u0105tem wyciek\u00f3w oleju, odkszta\u0142ce\u0144, zu\u017cycia i uszkodze\u0144. W razie konieczno\u015bci nale\u017cy go wymieni\u0107 lub naprawi\u0107.<\/p>\n<\/li>\n<li>\n<h3>Prawid\u0142owe smarowanie<\/h3>\n<p>Aby zapewni\u0107 p\u0142ynn\u0105 prac\u0119 i zapobiec uszkodzeniom spowodowanym brakiem smarowania, cylinder nale\u017cy odpowiednio smarowa\u0107 olejem hydraulicznym.<\/p>\n<\/li>\n<li>\n<h3>Wymiana uszczelki<\/h3>\n<p>Aby zachowa\u0107 dobr\u0105 skuteczno\u015b\u0107 uszczelnienia, nale\u017cy wymieni\u0107 uszczelki, je\u015bli s\u0105 zu\u017cyte lub uszkodzone.<\/p>\n<\/li>\n<li>\n<h3>Kontrola kalibracji<\/h3>\n<p>Aby zapewni\u0107 dok\u0142adno\u015b\u0107 i niezawodno\u015b\u0107 cylindra, nale\u017cy go regularnie kalibrowa\u0107.<\/p>\n<\/li>\n<\/ul>\n<p>Prawid\u0142owy monta\u017c ma kluczowe znaczenie dla zapewnienia prawid\u0142owego dzia\u0142ania cylindra czerpakowego:<\/p>\n<ul>\n<li>\n<h3>Prawid\u0142owe ustawienie<\/h3>\n<p>Cylinder powinien by\u0107 prawid\u0142owo wyr\u00f3wnany z maszyn\u0105, aby unikn\u0105\u0107 braku wyr\u00f3wnania i uszkodzenia cylindra lub maszyny. <\/p>\n<\/li>\n<li>\n<h3>Zastosowanie odpowiednich uchwyt\u00f3w monta\u017cowych<\/h3>\n<p>Zastosowanie odpowiednich wspornik\u00f3w monta\u017cowych mo\u017ce pom\u00f3c zapobiec uszkodzeniu cylindra i maszyny oraz zapewni\u0107 w\u0142a\u015bciwe ustawienie. <\/p>\n<\/li>\n<li>\n<h3>Zalecane procedury kontroli, naprawy i wymiany<\/h3>\n<p>Aby zagwarantowa\u0107 w\u0142a\u015bciw\u0105 konserwacj\u0119 cylindra \u0142y\u017cki, nale\u017cy przestrzega\u0107 zalecanych przez producenta procedur kontroli, napraw i wymiany. <\/p>\n<\/li>\n<li>\n<h3>Cz\u0119\u015bci zamienne i us\u0142ugi regeneracyjne<\/h3>\n<p>Stosowanie wysokiej jako\u015bci cz\u0119\u015bci zamiennych i us\u0142ug regeneracji mo\u017ce pom\u00f3c w przed\u0142u\u017ceniu \u017cywotno\u015bci cylindra \u0142y\u017cki. <\/p>\n<\/li>\n<\/ul>\n<p><img decoding=\"async\" src=\"https:\/\/www.hydraulic-cylinders.net\/wp-content\/uploads\/2025\/01\/songte-chushion-collar.webp\" alt=\"Monta\u017c cylindra kube\u0142kowego\" \/><\/p>\n<h2>Zagadnienia bezpiecze\u0144stwa i czynniki \u015brodowiskowe<\/h2>\n<p>Podczas u\u017cywania cylindra czerpakowego nale\u017cy zachowa\u0107 \u015brodki ostro\u017cno\u015bci, aby unikn\u0105\u0107 wypadk\u00f3w, np. stosowa\u0107 sprz\u0119t ochronny i post\u0119powa\u0107 zgodnie z instrukcjami producenta. <\/p>\n<h2>Rozwi\u0105zywanie problem\u00f3w i typowe problemy<\/h2>\n<p>Do typowych problem\u00f3w z si\u0142ownikiem \u0142y\u017cki nale\u017c\u0105 wycieki oleju, odkszta\u0142cenia i zu\u017cycie. Problemy te mo\u017cna zdiagnozowa\u0107 poprzez inspekcj\u0119 i testy. Prawid\u0142owe procedury konserwacji i napraw mog\u0105 pom\u00f3c w rozwi\u0105zaniu tych problem\u00f3w i zapobieganiu ich ponownemu wyst\u0105pieniu. <\/p>\n<h2>Nasza firma<\/h2>\n<p>Jeste\u015bmy producentem si\u0142ownik\u00f3w hydraulicznych, kt\u00f3re mog\u0105 zast\u0105pi\u0107 oryginalne produkty producenta. Nasza oferta jest kompletna, co czyni nas jednym z wiod\u0105cych producent\u00f3w i hurtowych dystrybutor\u00f3w si\u0142ownik\u00f3w hydraulicznych na rynku krajowym i mi\u0119dzynarodowym. D\u0105\u017cymy do najwy\u017cszej jako\u015bci, opieramy si\u0119 na strategii zarz\u0105dzania produkcj\u0105 przemys\u0142ow\u0105 w nowoczesnym zak\u0142adzie produkcyjnym i stale udoskonalamy platform\u0119 produkcyjn\u0105. Wykorzystuj\u0105c talenty techniczne, cyfrowy sprz\u0119t produkcyjny wysokiej klasy oraz profesjonalne systemy testowe, stale podnosimy jako\u015b\u0107 produkcji naszych produkt\u00f3w i wykazujemy si\u0119 du\u017c\u0105 kreatywno\u015bci\u0105. Naszym celem jest zaspokajanie potrzeb klient\u00f3w poprzez wydajno\u015b\u0107, dok\u0142adno\u015b\u0107 i jako\u015b\u0107.<\/p>\n<p><img decoding=\"async\" src=\"https:\/\/hzpt.com\/wp-content\/uploads\/2024\/11\/songte-company-1.webp\" alt=\"Nasza firma\" \/><\/p>\n<h2>Profesjonalizm<\/h2>\n<p>Mamy zesp\u00f3\u0142 profesjonalnych in\u017cynier\u00f3w i technik\u00f3w, kt\u00f3rzy s\u0105 w stanie zagwarantowa\u0107 jako\u015b\u0107 naszych produkt\u00f3w i zapewni\u0107 us\u0142ugi dostosowane do potrzeb klienta. <\/p>\n<h2>Certyfikaty mi\u0119dzynarodowe<\/h2>\n<p>Nasze produkty posiadaj\u0105 mi\u0119dzynarodowe certyfikaty, takie jak ISO i CE, co potwierdza, \u017ce \u200b\u200bspe\u0142niaj\u0105 one normy jako\u015bciowe i s\u0105 niezawodne. <\/p>\n<h2>Us\u0142ugi personalizacji<\/h2>\n<p>Oferujemy us\u0142ugi dostosowywania cylindr\u00f3w hydraulicznych, umo\u017cliwiaj\u0105c klientom wyb\u00f3r odpowiedniego rozmiaru, typu i specyfikacji spe\u0142niaj\u0105cych ich potrzeby. <\/p>\n<h2>Sprz\u0119t produkcyjny<\/h2>\n<p>Nasza firma dysponuje zaawansowanym sprz\u0119tem produkcyjnym, obejmuj\u0105cym precyzyjne tokarki CNC, centra obr\u00f3bcze i urz\u0105dzenia testowe. <\/p>\n<h2>Us\u0142ugi posprzeda\u017cowe<\/h2>\n<p>Zapewniamy kompleksowy serwis posprzeda\u017cowy, obejmuj\u0105cy wsparcie techniczne, wskaz\u00f3wki dotycz\u0105ce instalacji oraz us\u0142ugi konserwacyjne i naprawcze. <\/p>\n<p><img decoding=\"async\" src=\"https:\/\/www.hydraulic-cylinders.net\/wp-content\/uploads\/2025\/01\/songte-bushings-with-all-kinds-of-excavator-models.webp\" alt=\"Tuleje cylindra \u0142y\u017cki\" \/><\/p>\n<p>Autor: lyl<\/p>","protected":false},"excerpt":{"rendered":"<p>Bucket Cylinder For Volvo Large Excavator EC700B Introduction The bucket cylinder for Volvo large excavator EC700B is a specialized hydraulic cylinder designed to control the movement of the bucket in heavy machinery, such as excavators, backhoe excavators and front-end loaders. Its main function is to allow the bucket to lift, lower and tilt, making it [&hellip;]<\/p>","protected":false},"featured_media":14780,"comment_status":"open","ping_status":"closed","template":"","meta":{"_et_pb_use_builder":"","_et_pb_old_content":"","_et_gb_content_width":""},"product_brand":[],"product_cat":[1494],"product_tag":[1495,1496],"class_list":{"0":"post-15408","1":"product","2":"type-product","3":"status-publish","4":"has-post-thumbnail","6":"product_cat-bucket-cylinders","7":"product_tag-bucket-cylinders","8":"product_tag-hydraulic-cylinders","10":"first","11":"instock","12":"shipping-taxable","13":"product-type-simple"},"amp_enabled":true,"_links":{"self":[{"href":"https:\/\/www.hydraulic-cylinders.net\/pl\/wp-json\/wp\/v2\/product\/15408","targetHints":{"allow":["GET"]}}],"collection":[{"href":"https:\/\/www.hydraulic-cylinders.net\/pl\/wp-json\/wp\/v2\/product"}],"about":[{"href":"https:\/\/www.hydraulic-cylinders.net\/pl\/wp-json\/wp\/v2\/types\/product"}],"replies":[{"embeddable":true,"href":"https:\/\/www.hydraulic-cylinders.net\/pl\/wp-json\/wp\/v2\/comments?post=15408"}],"wp:featuredmedia":[{"embeddable":true,"href":"https:\/\/www.hydraulic-cylinders.net\/pl\/wp-json\/wp\/v2\/media\/14780"}],"wp:attachment":[{"href":"https:\/\/www.hydraulic-cylinders.net\/pl\/wp-json\/wp\/v2\/media?parent=15408"}],"wp:term":[{"taxonomy":"product_brand","embeddable":true,"href":"https:\/\/www.hydraulic-cylinders.net\/pl\/wp-json\/wp\/v2\/product_brand?post=15408"},{"taxonomy":"product_cat","embeddable":true,"href":"https:\/\/www.hydraulic-cylinders.net\/pl\/wp-json\/wp\/v2\/product_cat?post=15408"},{"taxonomy":"product_tag","embeddable":true,"href":"https:\/\/www.hydraulic-cylinders.net\/pl\/wp-json\/wp\/v2\/product_tag?post=15408"}],"curies":[{"name":"wp","href":"https:\/\/api.w.org\/{rel}","templated":true}]}}