{"id":15427,"date":"2025-01-19T14:31:04","date_gmt":"2025-01-19T14:31:04","guid":{"rendered":"https:\/\/www.hydraulic-cylinders.net\/product\/bucket-cylinder-for-sany-small-excavator-sy130c-9\/"},"modified":"2025-01-19T14:31:06","modified_gmt":"2025-01-19T14:31:06","slug":"bucket-cylinder-for-sany-small-excavator-sy130c-9","status":"publish","type":"product","link":"https:\/\/www.hydraulic-cylinders.net\/pl\/produkt\/bucket-cylinder-for-sany-small-excavator-sy130c-9\/","title":{"rendered":"Si\u0142ownik \u0142y\u017cki do ma\u0142ej koparki Sany SY130C-9"},"content":{"rendered":"<h1>Si\u0142ownik \u0142y\u017cki do ma\u0142ej koparki Sany SY130C-9<\/h1>\n<h2>Wst\u0119p<\/h2>\n<p>Si\u0142ownik \u0142y\u017cki to specjalnie zaprojektowany si\u0142ownik hydrauliczny s\u0142u\u017c\u0105cy do sterowania ruchem \u0142y\u017cki w ci\u0119\u017ckich maszynach, takich jak koparki, koparko-\u0142adowarki i \u0142adowarki czo\u0142owe. Jego g\u0142\u00f3wn\u0105 funkcj\u0105 jest podnoszenie, opuszczanie i przechylanie \u0142y\u017cki, u\u0142atwiaj\u0105c wykonywanie r\u00f3\u017cnych zada\u0144 zwi\u0105zanych z prze\u0142adunkiem materia\u0142\u00f3w. W uk\u0142adzie hydraulicznym si\u0142ownik \u0142y\u017cki zapewnia precyzyjn\u0105 kontrol\u0119 nad \u0142y\u017ck\u0105 poprzez regulacj\u0119 ci\u015bnienia oleju hydraulicznego, umo\u017cliwiaj\u0105c operatorom wydajne przenoszenie ci\u0119\u017ckich \u0142adunk\u00f3w i dostosowywanie si\u0119 do z\u0142o\u017conych warunk\u00f3w pracy oraz zr\u00f3\u017cnicowanych potrzeb operacyjnych.<\/p>\n<p><img decoding=\"async\" src=\"https:\/\/www.hydraulic-cylinders.net\/wp-content\/uploads\/2025\/01\/songte-company-2.webp\" alt=\"Obraz cylindra wiadra\"><\/p>\n<h2>Cechy<\/h2>\n<ul>\n<li>Wysoka wytrzyma\u0142o\u015b\u0107 i trwa\u0142o\u015b\u0107: Zazwyczaj wykonany z wysokowytrzyma\u0142ej stali lub aluminium, si\u0142ownik \u0142y\u017cki wytrzymuje wysokie ci\u015bnienie i du\u017ce obci\u0105\u017cenia, dostosowuj\u0105c si\u0119 do trudnych warunk\u00f3w pracy. Jego konstrukcja uwzgl\u0119dnia odporno\u015b\u0107 na zu\u017cycie i korozj\u0119, co wyd\u0142u\u017ca jego \u017cywotno\u015b\u0107.<\/li>\n<li>Wydajna praca uk\u0142adu hydraulicznego: Wykorzystuj\u0105c ci\u015bnienie oleju hydraulicznego, si\u0142ownik \u0142y\u017cki zapewnia p\u0142ynne wysuwanie i wsuwanie, umo\u017cliwiaj\u0105c szybk\u0105 reakcj\u0119 na polecenia steruj\u0105ce i zapewniaj\u0105c du\u017ce si\u0142y pchaj\u0105ce i ci\u0105gn\u0105ce, odpowiednie do podnoszenia ci\u0119\u017ckich \u0142adunk\u00f3w i wykonywania skomplikowanych zada\u0144.<\/li>\n<li>R\u00f3\u017cne typy: Si\u0142ownik czerpakowy mo\u017ce by\u0107 jednostronnego dzia\u0142ania (hydrauliczny dzia\u0142aj\u0105cy tylko w jednym kierunku) lub dwustronnego dzia\u0142ania (hydrauliczny dzia\u0142aj\u0105cy w obu kierunkach) w zale\u017cno\u015bci od konkretnych potrzeb operacyjnych. Niekt\u00f3re modele s\u0105 teleskopowe, co pozwala na wi\u0119ksze wysuni\u0119cie bez zwi\u0119kszania wymiar\u00f3w zewn\u0119trznych, dzi\u0119ki czemu nadaj\u0105 si\u0119 do zastosowa\u0144 w ograniczonej przestrzeni.<\/li>\n<li>Idealna wymiana: Nasze produkty mog\u0105 idealnie zast\u0105pi\u0107 te cylindry hydrauliczne.<\/li>\n<\/ul>\n<p><img decoding=\"async\" src=\"https:\/\/www.hydraulic-cylinders.net\/wp-content\/uploads\/2025\/01\/songte-cylinder-head-with-all-kinds-excavator-models.webp\" alt=\"Obraz zast\u0119pczy produktu\"><\/p>\n<h2>Aplikacje<\/h2>\n<p>Cylinder czerpakowy znajduje zastosowanie w r\u00f3\u017cnych maszynach budowlanych:<\/p>\n<ul>\n<li>Koparki: Niezb\u0119dne do kopania, za\u0142adunku i przemieszczania gleby lub gruzu. Si\u0142ownik \u0142y\u017cki umo\u017cliwia kopanie, pozwalaj\u0105c \u0142y\u017cce wnika\u0107 w gleb\u0119.<\/li>\n<li>Koparko-\u0142adowarki: pomagaj\u0105 w kopaniu i podnoszeniu.<\/li>\n<li>Maszyny rolnicze: Stosowane w \u0142adowarkach czo\u0142owych do nabierania, podnoszenia i transportu gleby, siana i innych materia\u0142\u00f3w.<\/li>\n<li>\u0141adowarki czo\u0142owe: u\u0142atwiaj\u0105 efektywne podnoszenie i wysypywanie towar\u00f3w.<\/li>\n<\/ul>\n<h2>Zagadnienia projektowe i kryteria wyboru<\/h2>\n<p>Przy rozwa\u017caniach projektowych i kryteriach wyboru cylindr\u00f3w kube\u0142kowych kluczowe znaczenie maj\u0105 nast\u0119puj\u0105ce czynniki:<\/p>\n<ul>\n<li>No\u015bno\u015b\u0107: Cylinder powinien spe\u0142nia\u0107 wymagania dotycz\u0105ce obci\u0105\u017cenia dla konkretnego zastosowania.<\/li>\n<li>Uszczelnienie: Aby zapewni\u0107 skuteczne uszczelnienie, stosuje si\u0119 r\u00f3\u017cne elementy uszczelniaj\u0105ce, takie jak uszczelki t\u0142okowe i uszczelki t\u0142oczyskowe wykonane z materia\u0142\u00f3w odpornych na zu\u017cycie, np. poliuretanu i kauczuku nitrylowego.<\/li>\n<li>Trwa\u0142o\u015b\u0107: Korpus cylindra i gwintowane ko\u0144ce s\u0105 poddawane precyzyjnej obr\u00f3bce w celu zwi\u0119kszenia odporno\u015bci na zu\u017cycie.<\/li>\n<li>Bezpiecze\u0144stwo: Aby zapobiec wypadkom i zapewni\u0107 ochron\u0119 operatora, konstrukcja powinna uwzgl\u0119dnia\u0107 elementy bezpiecze\u0144stwa.<\/li>\n<li>\u0141atwo\u015b\u0107 konserwacji: Istotny jest \u0142atwy dost\u0119p w celu przeprowadzenia konserwacji i napraw. Aby wyd\u0142u\u017cy\u0107 \u017cywotno\u015b\u0107 cylindra, nale\u017cy regularnie wykonywa\u0107 odpowiednie smarowanie.<\/li>\n<\/ul>\n<p><img decoding=\"async\" src=\"https:\/\/www.hydraulic-cylinders.net\/wp-content\/uploads\/2025\/01\/songte-oil-pipes-and-spare-parts.webp\" alt=\"Uszczelnianie i smarowanie Obraz\"><\/p>\n<h2>Konserwacja i \u015brodki zapobiegawcze<\/h2>\n<p>Aby zapewni\u0107 optymaln\u0105 wydajno\u015b\u0107 i trwa\u0142o\u015b\u0107 cylindra czerpakowego, zaleca si\u0119 wykonywanie nast\u0119puj\u0105cych czynno\u015bci konserwacyjnych i zapobiegawczych:<\/p>\n<ul>\n<li>Regularne kontrole<\/li>\n<li>Prawid\u0142owe smarowanie<\/li>\n<li>Wymiana uszczelki<\/li>\n<li>Kontrole kalibracji<\/li>\n<\/ul>\n<p><img decoding=\"async\" src=\"https:\/\/www.hydraulic-cylinders.net\/wp-content\/uploads\/2025\/01\/songte-chushion-collar.webp\" alt=\"Obraz zada\u0144 konserwacyjnych\"><\/p>\n<h2>Zagadnienia bezpiecze\u0144stwa i czynniki \u015brodowiskowe<\/h2>\n<p>Podczas u\u017cytkowania cylindra czerpakowego priorytetem jest zapewnienie bezpiecze\u0144stwa. Prawid\u0142owa instalacja, konserwacja i obs\u0142uga s\u0105 niezb\u0119dne, aby zapobiega\u0107 wypadkom i zapewni\u0107 bezpieczne \u015brodowisko pracy. Aby zapewni\u0107 optymaln\u0105 wydajno\u015b\u0107 i trwa\u0142o\u015b\u0107 cylindra, nale\u017cy r\u00f3wnie\u017c uwzgl\u0119dni\u0107 czynniki \u015brodowiskowe, takie jak temperatura i nara\u017cenie na trudne warunki.<\/p>\n<h2>Rozwi\u0105zywanie problem\u00f3w i typowe problemy<\/h2>\n<p>W przypadku jakichkolwiek problem\u00f3w z cylindrem \u0142y\u017cki poni\u017csze wskaz\u00f3wki i rozwi\u0105zania mog\u0105 pom\u00f3c w diagnozie i rozwi\u0105zaniu problem\u00f3w:<\/p>\n<ul>\n<li>Prawid\u0142owe wyr\u00f3wnanie podczas instalacji<\/li>\n<li>Regularne przegl\u0105dy i naprawy<\/li>\n<li>Us\u0142ugi wymiany i regeneracji podzespo\u0142\u00f3w<\/li>\n<\/ul>\n<p><img decoding=\"async\" src=\"https:\/\/www.hydraulic-cylinders.net\/wp-content\/uploads\/2025\/01\/songte-bushings-with-all-kinds-of-excavator-models.webp\" alt=\"Rozwi\u0105zywanie problem\u00f3w z obrazem\"><\/p>\n<p>Pami\u0119taj, aby artyku\u0142 by\u0142 logicznie uporz\u0105dkowany, u\u017cywaj podtytu\u0142\u00f3w u\u0142atwiaj\u0105cych nawigacj\u0119, dodawaj odpowiednie obrazy lub wykresy, aby u\u0142atwi\u0107 zrozumienie tekstu, a tak\u017ce zadbaj o przejrzysto\u015b\u0107, zwi\u0119z\u0142o\u015b\u0107 i dost\u0119pno\u015b\u0107 tre\u015bci dla czytelnik\u00f3w o r\u00f3\u017cnym poziomie wiedzy technicznej.<\/p>\n<h2>O naszej firmie<\/h2>\n<p>Jeste\u015bmy wiod\u0105cym producentem i hurtowym dystrybutorem si\u0142ownik\u00f3w hydraulicznych na rynku krajowym i mi\u0119dzynarodowym. Nasza firma oferuje szerok\u0105 gam\u0119 produkt\u00f3w i realizuje strategi\u0119 zarz\u0105dzania produkcj\u0105 opart\u0105 na doskona\u0142ej jako\u015bci i przemys\u0142owym procesie produkcji w naszym nowoczesnym zak\u0142adzie produkcyjnym. Dzi\u0119ki naszemu zespo\u0142owi specjalist\u00f3w technicznych, cyfrowemu, zaawansowanemu sprz\u0119towi produkcyjnemu oraz profesjonalnym systemom testowym, stale ulepszamy nasz\u0105 platform\u0119 produkcyjn\u0105 i lini\u0119 produkcyjn\u0105 pod k\u0105tem jako\u015bci produkt\u00f3w. Dysponujemy du\u017cym potencja\u0142em, aby sprosta\u0107 zr\u00f3\u017cnicowanym wymaganiom klient\u00f3w, zapewniaj\u0105c wysok\u0105 wydajno\u015b\u0107, precyzj\u0119 i jako\u015b\u0107.<\/p>\n<p><img decoding=\"async\" src=\"https:\/\/www.hydraulic-cylinders.net\/wp-content\/uploads\/2025\/01\/songte-company-3.webp\" alt=\"Wizerunek firmy\"><\/p>\n<h3>Profesjonalizm<\/h3>\n<p>Profesjonalizm jest dla nas priorytetem w ka\u017cdym aspekcie dzia\u0142alno\u015bci, zapewniaj\u0105c najwy\u017csze standardy oferowanych przez nas produkt\u00f3w i us\u0142ug.<\/p>\n<h3>Certyfikaty mi\u0119dzynarodowe<\/h3>\n<p>Otrzymali\u015bmy szereg mi\u0119dzynarodowych certyfikat\u00f3w, kt\u00f3re potwierdzaj\u0105 nasze zaanga\u017cowanie na rzecz jako\u015bci i zgodno\u015bci ze \u015bwiatowymi standardami.<\/p>\n<h3>Us\u0142ugi personalizacji<\/h3>\n<p>Oferujemy us\u0142ugi dostosowywania, kt\u00f3re wychodz\u0105 naprzeciw wyj\u0105tkowym potrzebom naszych klient\u00f3w, dostarczaj\u0105c rozwi\u0105zania dostosowane do ich konkretnych zastosowa\u0144.<\/p>\n<h3>Sprz\u0119t produkcyjny<\/h3>\n<p>Wykorzystujemy najnowocze\u015bniejszy sprz\u0119t produkcyjny, aby zagwarantowa\u0107 precyzj\u0119 i wydajno\u015b\u0107 naszych proces\u00f3w produkcyjnych, czego efektem s\u0105 produkty wysokiej jako\u015bci.<\/p>\n<h3>Serwis posprzeda\u017cowy<\/h3>\n<p>Zapewniamy kompleksowy serwis posprzeda\u017cowy, obejmuj\u0105cy wymian\u0119 cz\u0119\u015bci i us\u0142ugi regeneracji, aby wyd\u0142u\u017cy\u0107 \u017cywotno\u015b\u0107 naszych produkt\u00f3w i wesprze\u0107 naszych klient\u00f3w.<\/p>\n<p><img decoding=\"async\" src=\"https:\/\/hzpt.com\/wp-content\/uploads\/2024\/11\/songte-company-1.webp\" alt=\"Wizerunek firmy\"><\/p>\n<p>Autor: lyl<\/p>","protected":false},"excerpt":{"rendered":"<p>Bucket Cylinder For Sany Small Excavator SY130C-9 Introduction The bucket cylinder is a specially designed hydraulic cylinder used to control the movement of the bucket in heavy machinery such as excavators, backhoe loaders, and front loaders. Its main function is to enable the lifting, lowering, and tilting of the bucket, making it easier to handle [&hellip;]<\/p>","protected":false},"featured_media":14771,"comment_status":"open","ping_status":"closed","template":"","meta":{"_et_pb_use_builder":"","_et_pb_old_content":"","_et_gb_content_width":""},"product_brand":[],"product_cat":[1494],"product_tag":[1495,1496],"class_list":{"0":"post-15427","1":"product","2":"type-product","3":"status-publish","4":"has-post-thumbnail","6":"product_cat-bucket-cylinders","7":"product_tag-bucket-cylinders","8":"product_tag-hydraulic-cylinders","10":"first","11":"instock","12":"shipping-taxable","13":"product-type-simple"},"amp_enabled":true,"_links":{"self":[{"href":"https:\/\/www.hydraulic-cylinders.net\/pl\/wp-json\/wp\/v2\/product\/15427","targetHints":{"allow":["GET"]}}],"collection":[{"href":"https:\/\/www.hydraulic-cylinders.net\/pl\/wp-json\/wp\/v2\/product"}],"about":[{"href":"https:\/\/www.hydraulic-cylinders.net\/pl\/wp-json\/wp\/v2\/types\/product"}],"replies":[{"embeddable":true,"href":"https:\/\/www.hydraulic-cylinders.net\/pl\/wp-json\/wp\/v2\/comments?post=15427"}],"wp:featuredmedia":[{"embeddable":true,"href":"https:\/\/www.hydraulic-cylinders.net\/pl\/wp-json\/wp\/v2\/media\/14771"}],"wp:attachment":[{"href":"https:\/\/www.hydraulic-cylinders.net\/pl\/wp-json\/wp\/v2\/media?parent=15427"}],"wp:term":[{"taxonomy":"product_brand","embeddable":true,"href":"https:\/\/www.hydraulic-cylinders.net\/pl\/wp-json\/wp\/v2\/product_brand?post=15427"},{"taxonomy":"product_cat","embeddable":true,"href":"https:\/\/www.hydraulic-cylinders.net\/pl\/wp-json\/wp\/v2\/product_cat?post=15427"},{"taxonomy":"product_tag","embeddable":true,"href":"https:\/\/www.hydraulic-cylinders.net\/pl\/wp-json\/wp\/v2\/product_tag?post=15427"}],"curies":[{"name":"wp","href":"https:\/\/api.w.org\/{rel}","templated":true}]}}