{"id":15438,"date":"2025-01-19T14:31:52","date_gmt":"2025-01-19T14:31:52","guid":{"rendered":"https:\/\/www.hydraulic-cylinders.net\/product\/bucket-cylinder-for-sany-middle-excavator-sy235cq\/"},"modified":"2025-01-19T14:31:54","modified_gmt":"2025-01-19T14:31:54","slug":"bucket-cylinder-for-sany-middle-excavator-sy235cq","status":"publish","type":"product","link":"https:\/\/www.hydraulic-cylinders.net\/pl\/produkt\/bucket-cylinder-for-sany-middle-excavator-sy235cq\/","title":{"rendered":"Si\u0142ownik \u0142y\u017cki do koparki Sany Middle SY235CQ"},"content":{"rendered":"<h1>Si\u0142ownik \u0142y\u017cki do koparki Sany Middle SY235CQ<\/h1>\n<h2>Wst\u0119p<\/h2>\n<p>Si\u0142ownik \u0142y\u017cki to specjalnie zaprojektowany si\u0142ownik hydrauliczny, u\u017cywany g\u0142\u00f3wnie do sterowania ruchem \u0142y\u017cki w ci\u0119\u017ckich maszynach, takich jak koparki, koparko-\u0142adowarki i \u0142adowarki czo\u0142owe. Jego g\u0142\u00f3wn\u0105 funkcj\u0105 jest umo\u017cliwienie podnoszenia, opuszczania i przechylania \u0142y\u017cki, u\u0142atwiaj\u0105c wykonywanie r\u00f3\u017cnych zada\u0144 zwi\u0105zanych z prze\u0142adunkiem materia\u0142\u00f3w. W uk\u0142adzie hydraulicznym si\u0142ownik \u0142y\u017cki zapewnia precyzyjn\u0105 kontrol\u0119 nad \u0142y\u017ck\u0105 poprzez zmiany ci\u015bnienia oleju hydraulicznego, umo\u017cliwiaj\u0105c operatorom wydajne przenoszenie ci\u0119\u017ckich \u0142adunk\u00f3w i dostosowywanie si\u0119 do z\u0142o\u017conych warunk\u00f3w pracy oraz zr\u00f3\u017cnicowanych wymaga\u0144.<\/p>\n<p><img decoding=\"async\" src=\"https:\/\/www.hydraulic-cylinders.net\/wp-content\/uploads\/2025\/01\/songte-company-2.webp\" alt=\"Obraz cylindra wiadra\"><\/p>\n<h2>Cechy<\/h2>\n<ul>\n<li>Wysoka wytrzyma\u0142o\u015b\u0107 i trwa\u0142o\u015b\u0107: Zazwyczaj wykonane z wysokowytrzyma\u0142ej stali lub aluminium, wytrzymuj\u0105 du\u017ce ci\u015bnienie i obci\u0105\u017cenia, s\u0105 przystosowane do trudnych warunk\u00f3w pracy, a w procesie projektowania uwzgl\u0119dniono odporno\u015b\u0107 na zu\u017cycie i korozj\u0119, aby wyd\u0142u\u017cy\u0107 \u017cywotno\u015b\u0107 urz\u0105dzenia.<\/li>\n<li>Wydajne dzia\u0142anie uk\u0142adu hydraulicznego: P\u0142ynne rozci\u0105ganie i kurczenie uzyskuje si\u0119 dzi\u0119ki ci\u015bnieniu oleju hydraulicznego, co zapewnia du\u017ce si\u0142y pchania i ci\u0105gni\u0119cia, odpowiednie do przenoszenia ci\u0119\u017ckich \u0142adunk\u00f3w i wykonywania skomplikowanych zada\u0144.<\/li>\n<li>R\u00f3\u017cne typy: Si\u0142owniki jednostronnego dzia\u0142ania (hydrauliczne dzia\u0142aj\u0105ce tylko w jednym kierunku) lub dwustronnego dzia\u0142ania (hydrauliczne dzia\u0142aj\u0105ce w obu kierunkach) mo\u017cna dobra\u0107 w zale\u017cno\u015bci od potrzeb, aby spe\u0142ni\u0107 r\u00f3\u017cne wymagania operacyjne. Niekt\u00f3re modele s\u0105 teleskopowe, co pozwala na wi\u0119ksze wysuni\u0119cie bez zwi\u0119kszania wymiar\u00f3w zewn\u0119trznych i nadaje si\u0119 do zastosowa\u0144 w ograniczonej przestrzeni.<\/li>\n<li>Mo\u017cliwo\u015b\u0107 zast\u0105pienia si\u0142ownik\u00f3w hydraulicznych innych marek: Nasze produkty mog\u0105 doskonale zast\u0105pi\u0107 si\u0142owniki hydrauliczne innych marek.<\/li>\n<\/ul>\n<p><img decoding=\"async\" src=\"https:\/\/www.hydraulic-cylinders.net\/wp-content\/uploads\/2025\/01\/songte-cylinder-head-with-all-kinds-excavator-models.webp\" alt=\"Obraz cylindra wiadra\"><\/p>\n<h2>Aplikacje<\/h2>\n<ul>\n<li>Sprz\u0119t budowlany: W koparkach s\u0105 one niezb\u0119dne do wykopywania, za\u0142adunku i przemieszczania ziemi lub gruzu. W koparko-\u0142adowarkach si\u0142ownik \u0142y\u017cki wspomaga zar\u00f3wno kopanie, jak i podnoszenie. W \u0142adowarkach czo\u0142owych u\u0142atwiaj\u0105 efektywne podnoszenie i roz\u0142adowywanie \u0142adunku.<\/li>\n<li>Maszyny rolnicze: Stosowane w \u0142adowarkach czo\u0142owych do nabierania, podnoszenia i transportu gleby, siana i innych materia\u0142\u00f3w. <\/li>\n<li>Koparki: Cylinder \u0142y\u017cki umo\u017cliwia kopanie poprzez umo\u017cliwienie \u0142y\u017cce wnikania w gleb\u0119. <\/li>\n<\/ul>\n<p>Ka\u017cde z tych zastosowa\u0144 mo\u017cna szerzej wyja\u015bni\u0107, u\u017cywaj\u0105c co najmniej 200 s\u0142\u00f3w.<\/p>\n<h2>Zagadnienia projektowe i kryteria wyboru<\/h2>\n<ul>\n<li>No\u015bno\u015b\u0107: No\u015bno\u015b\u0107 si\u0142ownika hydraulicznego ma kluczowe znaczenie dla zapewnienia, \u017ce \u200b\u200burz\u0105dzenie mo\u017ce przenosi\u0107 i podnosi\u0107 ci\u0119\u017ckie \u0142adunki. <\/li>\n<li>Uszczelnienie: Wysokiej jako\u015bci uszczelki s\u0105 niezb\u0119dne, aby zapobiec wyciekom p\u0142ynu hydraulicznego i zapewni\u0107 p\u0142ynn\u0105 prac\u0119. <\/li>\n<li>Trwa\u0142o\u015b\u0107: Si\u0142ownik hydrauliczny musi by\u0107 odporny na trudne warunki pracy i potrafi\u0107 si\u0119 do nich przystosowa\u0107, co zapewnia jego d\u0142ugowieczno\u015b\u0107. <\/li>\n<li>Bezpiecze\u0144stwo: Aby mie\u0107 pewno\u015b\u0107, \u017ce urz\u0105dzenie dzia\u0142a bezpiecznie i skutecznie, konstrukcja musi obejmowa\u0107 takie elementy bezpiecze\u0144stwa, jak zawory bezpiecze\u0144stwa i nadmiarowe ci\u015bnienia.<\/li>\n<li>Konserwacja: Si\u0142ownik hydrauliczny musi by\u0107 \u0142atwy w konserwacji i naprawie, a cz\u0119\u015bci zamienne i akcesoria musz\u0105 by\u0107 \u0142atwo dost\u0119pne.<\/li>\n<\/ul>\n<p><img decoding=\"async\" src=\"https:\/\/www.hydraulic-cylinders.net\/wp-content\/uploads\/2025\/01\/songte-oil-pipes-and-spare-parts.webp\" alt=\"Obraz cylindra wiadra\"><\/p>\n<h2>Uszczelnienie i smarowanie cylindra<\/h2>\n<p>R\u00f3\u017cne elementy uszczelniaj\u0105ce, takie jak uszczelnienia t\u0142oczysk i t\u0142oczysk, s\u0142u\u017c\u0105 do utrzymania szczelnego po\u0142\u0105czenia mi\u0119dzy ruchomymi cz\u0119\u015bciami cylindra hydraulicznego i zapobiegania wyciekom p\u0142ynu hydraulicznego. Uszczelnienia wykonane s\u0105 z materia\u0142\u00f3w odpornych na zu\u017cycie, takich jak poliuretan, kauczuk nitrylowy i inne, odporne na trudne warunki pracy. Dodatkowo, korpus cylindra i gwintowane powierzchnie ko\u0144cowe s\u0105 precyzyjnie obrobione, aby zwi\u0119kszy\u0107 odporno\u015b\u0107 na zu\u017cycie. Regularne smarowanie odpowiedni\u0105 ilo\u015bci\u0105 oleju hydraulicznego jest niezb\u0119dne do zapewnienia p\u0142ynnej pracy.<\/p>\n<p><img decoding=\"async\" src=\"https:\/\/www.hydraulic-cylinders.net\/wp-content\/uploads\/2025\/01\/songte-chushion-collar.webp\" alt=\"Obraz cylindra wiadra\"><\/p>\n<h2>Regularne kontrole i konserwacja zapobiegawcza<\/h2>\n<p>Regularne przegl\u0105dy i konserwacja zapobiegawcza maj\u0105 kluczowe znaczenie dla zapewnienia p\u0142ynnej i bezpiecznej pracy si\u0142ownika hydraulicznego. Poni\u017cej przedstawiono kilka typowych czynno\u015bci konserwacyjnych:<\/p>\n<ul>\n<li>Regularna kontrola i smarowanie cz\u0119\u015bci ruchomych<\/li>\n<li>Wymiana zu\u017cytych lub uszkodzonych uszczelek<\/li>\n<li>Kontrola kalibracji w celu zapewnienia dok\u0142adno\u015bci i bezpiecze\u0144stwa cylindra<\/li>\n<\/ul>\n<p>Podczas monta\u017cu wa\u017cne jest prawid\u0142owe ustawienie cylindra i u\u017cycie odpowiednich uchwyt\u00f3w monta\u017cowych do jego zabezpieczenia. Zalecamy przestrzeganie zalecanych procedur kontroli, naprawy i wymiany, aby wyd\u0142u\u017cy\u0107 \u017cywotno\u015b\u0107 cylindra.<\/p>\n<h2>Zagadnienia bezpiecze\u0144stwa i czynniki \u015brodowiskowe<\/h2>\n<p>\u015arodki bezpiecze\u0144stwa s\u0105 kluczowe podczas u\u017cytkowania cylindr\u00f3w hydraulicznych, aby zapobiega\u0107 wypadkom i zapewni\u0107 bezpiecze\u0144stwo pracownik\u00f3w. Nale\u017cy r\u00f3wnie\u017c uwzgl\u0119dni\u0107 wp\u0142yw u\u017cytkowania cylindr\u00f3w hydraulicznych na \u015brodowisko i zapewni\u0107 prawid\u0142ow\u0105 utylizacj\u0119 p\u0142yn\u00f3w hydraulicznych i innych odpad\u00f3w.<\/p>\n<h2>Typowa diagnostyka usterek i ich rozwi\u0105zania<\/h2>\n<p>Do typowych usterek cylindr\u00f3w hydraulicznych nale\u017c\u0105 wycieki p\u0142ynu, niedostateczne ci\u015bnienie i nieprawid\u0142owe pozycjonowanie. Prawid\u0142owa diagnoza i terminowa naprawa s\u0105 niezb\u0119dne, aby zapobiec uszkodzeniom i zapewni\u0107 bezpieczn\u0105 i p\u0142ynn\u0105 prac\u0119 cylindra hydraulicznego. Regularne kontrole i konserwacja zapobiegawcza mog\u0105 pom\u00f3c w identyfikacji i rozwi\u0105zaniu potencjalnych problem\u00f3w.<\/p>\n<p><img decoding=\"async\" src=\"https:\/\/www.hydraulic-cylinders.net\/wp-content\/uploads\/2025\/01\/songte-bushings-with-all-kinds-of-excavator-models.webp\" alt=\"Obraz cylindra wiadra\"><\/p>\n<h2>O naszej firmie<\/h2>\n<p>Jeste\u015bmy producentem cylindr\u00f3w hydraulicznych, kt\u00f3re mog\u0105 zast\u0105pi\u0107 cylindry hydrauliczne innych marek. Dzi\u0119ki pe\u0142nej gamie produkt\u00f3w stali\u015bmy si\u0119 jednym z wiod\u0105cych producent\u00f3w i hurtowych dystrybutor\u00f3w cylindr\u00f3w hydraulicznych na rynku krajowym i mi\u0119dzynarodowym. Przestrzegamy zasady doskona\u0142ej jako\u015bci i opieramy si\u0119 na strategii zarz\u0105dzania produkcj\u0105 przemys\u0142ow\u0105 w wyspecjalizowanych warsztatach produkcyjnych, aby stale ulepsza\u0107 platform\u0119 produkcyjn\u0105 warsztatu, podnosi\u0107 jako\u015b\u0107 linii produkcyjnej oraz rozwija\u0107 kreatywno\u015b\u0107, dostarczaj\u0105c wydajne, precyzyjne i wysokiej jako\u015bci produkty, spe\u0142niaj\u0105ce zr\u00f3\u017cnicowane potrzeby klient\u00f3w.<\/p>\n<p><img decoding=\"async\" src=\"https:\/\/hzpt.com\/wp-content\/uploads\/2024\/11\/songte-company-1.webp\" alt=\"Obraz cylindra wiadra\"><\/p>\n<p>Oferujemy profesjonalne us\u0142ugi, mi\u0119dzynarodowe certyfikaty, us\u0142ugi dostosowane do indywidualnych potrzeb, sprz\u0119t produkcyjny oraz serwis posprzeda\u017cowy. Nasze produkty wytwarzane s\u0105 przez personel techniczny, z wykorzystaniem zaawansowanego cyfrowego sprz\u0119tu produkcyjnego i profesjonalnych system\u00f3w testowych, stale podnosz\u0105c jako\u015b\u0107 platformy produkcyjnej i dostarczaj\u0105c wysokiej jako\u015bci produkty i us\u0142ugi, kt\u00f3re spe\u0142niaj\u0105 wymagania klient\u00f3w.<\/p>\n<p>Autor: lyl.<\/p>","protected":false},"excerpt":{"rendered":"<p>Bucket Cylinder For Sany Middle Excavator SY235CQ Introduction A bucket cylinder is a specially designed hydraulic cylinder primarily used to control the movement of the bucket in heavy machinery such as excavators, backhoe excavators, and front-end loaders. Its main function is to enable the bucket to lift, lower, and tilt, making it easier for various [&hellip;]<\/p>","protected":false},"featured_media":14780,"comment_status":"open","ping_status":"closed","template":"","meta":{"_et_pb_use_builder":"","_et_pb_old_content":"","_et_gb_content_width":""},"product_brand":[],"product_cat":[1494],"product_tag":[1495,1496],"class_list":{"0":"post-15438","1":"product","2":"type-product","3":"status-publish","4":"has-post-thumbnail","6":"product_cat-bucket-cylinders","7":"product_tag-bucket-cylinders","8":"product_tag-hydraulic-cylinders","10":"first","11":"instock","12":"shipping-taxable","13":"product-type-simple"},"amp_enabled":true,"_links":{"self":[{"href":"https:\/\/www.hydraulic-cylinders.net\/pl\/wp-json\/wp\/v2\/product\/15438","targetHints":{"allow":["GET"]}}],"collection":[{"href":"https:\/\/www.hydraulic-cylinders.net\/pl\/wp-json\/wp\/v2\/product"}],"about":[{"href":"https:\/\/www.hydraulic-cylinders.net\/pl\/wp-json\/wp\/v2\/types\/product"}],"replies":[{"embeddable":true,"href":"https:\/\/www.hydraulic-cylinders.net\/pl\/wp-json\/wp\/v2\/comments?post=15438"}],"wp:featuredmedia":[{"embeddable":true,"href":"https:\/\/www.hydraulic-cylinders.net\/pl\/wp-json\/wp\/v2\/media\/14780"}],"wp:attachment":[{"href":"https:\/\/www.hydraulic-cylinders.net\/pl\/wp-json\/wp\/v2\/media?parent=15438"}],"wp:term":[{"taxonomy":"product_brand","embeddable":true,"href":"https:\/\/www.hydraulic-cylinders.net\/pl\/wp-json\/wp\/v2\/product_brand?post=15438"},{"taxonomy":"product_cat","embeddable":true,"href":"https:\/\/www.hydraulic-cylinders.net\/pl\/wp-json\/wp\/v2\/product_cat?post=15438"},{"taxonomy":"product_tag","embeddable":true,"href":"https:\/\/www.hydraulic-cylinders.net\/pl\/wp-json\/wp\/v2\/product_tag?post=15438"}],"curies":[{"name":"wp","href":"https:\/\/api.w.org\/{rel}","templated":true}]}}