{"id":15445,"date":"2025-01-19T14:32:20","date_gmt":"2025-01-19T14:32:20","guid":{"rendered":"https:\/\/www.hydraulic-cylinders.net\/product\/bucket-cylinder-for-sany-large-excavator-sy285c-8\/"},"modified":"2025-01-19T14:32:22","modified_gmt":"2025-01-19T14:32:22","slug":"bucket-cylinder-for-sany-large-excavator-sy285c-8","status":"publish","type":"product","link":"https:\/\/www.hydraulic-cylinders.net\/pl\/produkt\/bucket-cylinder-for-sany-large-excavator-sy285c-8\/","title":{"rendered":"Si\u0142ownik \u0142y\u017cki do du\u017cej koparki Sany SY285C-8"},"content":{"rendered":"<h1>Si\u0142ownik \u0142y\u017cki do du\u017cej koparki Sany SY285C-8<\/h1>\n<h2>Wst\u0119p<\/h2>\n<h3>Definicja<\/h3>\n<p>Si\u0142ownik \u0142y\u017cki to specjalnie zaprojektowany si\u0142ownik hydrauliczny s\u0142u\u017c\u0105cy do sterowania ruchem \u0142y\u017cki w ci\u0119\u017ckich maszynach, takich jak koparki, koparko-\u0142adowarki i \u0142adowarki czo\u0142owe. Jego g\u0142\u00f3wn\u0105 funkcj\u0105 jest umo\u017cliwienie podnoszenia, opuszczania i przechylania \u0142y\u017cki, u\u0142atwiaj\u0105c wykonywanie r\u00f3\u017cnych zada\u0144 zwi\u0105zanych z prze\u0142adunkiem materia\u0142\u00f3w. W uk\u0142adzie hydraulicznym si\u0142ownik \u0142y\u017cki zapewnia precyzyjn\u0105 kontrol\u0119 nad \u0142y\u017ck\u0105 poprzez zmian\u0119 ci\u015bnienia oleju hydraulicznego, umo\u017cliwiaj\u0105c operatorom wydajne przenoszenie du\u017cych \u0142adunk\u00f3w i dostosowywanie si\u0119 do z\u0142o\u017conych warunk\u00f3w pracy oraz zr\u00f3\u017cnicowanych potrzeb operacyjnych.<\/p>\n<p><img decoding=\"async\" src=\"https:\/\/www.hydraulic-cylinders.net\/wp-content\/uploads\/2025\/01\/songte-company-2.webp\"\/><\/p>\n<h2>Cechy<\/h2>\n<ul>\n<li>Wysoka wytrzyma\u0142o\u015b\u0107 i trwa\u0142o\u015b\u0107: Zazwyczaj wykonany z wysokowytrzyma\u0142ej stali lub aluminium, wytrzymuje wysokie ci\u015bnienie i du\u017ce obci\u0105\u017cenia, dostosowuj\u0105c si\u0119 do trudnych warunk\u00f3w pracy. Konstrukcja uwzgl\u0119dnia odporno\u015b\u0107 na zu\u017cycie i korozj\u0119, co wyd\u0142u\u017ca \u017cywotno\u015b\u0107.<\/li>\n<li>Wydajne dzia\u0142anie uk\u0142adu hydraulicznego: P\u0142ynne ruchy rozszerzania i kurczenia s\u0105 osi\u0105gane dzi\u0119ki ci\u015bnieniu oleju hydraulicznego, co zapewnia du\u017c\u0105 si\u0142\u0119 pchania i ci\u0105gni\u0119cia oraz szybk\u0105 reakcj\u0119 na polecenia steruj\u0105ce, co jest przydatne w przypadku obs\u0142ugi du\u017cych obci\u0105\u017ce\u0144 i skomplikowanych zada\u0144 operacyjnych.<\/li>\n<li>R\u00f3\u017cne typy: Si\u0142owniki jednostronnego dzia\u0142ania (hydraulika dzia\u0142a tylko w jednym kierunku) lub dwustronnego dzia\u0142ania (hydraulika dzia\u0142a w obu kierunkach) mo\u017cna dobra\u0107 w zale\u017cno\u015bci od potrzeb operacyjnych. Niekt\u00f3re modele s\u0105 teleskopowe, co pozwala na wi\u0119ksze wysuni\u0119cie bez zwi\u0119kszania wymiar\u00f3w zewn\u0119trznych, i nadaje si\u0119 do zastosowa\u0144 w ograniczonej przestrzeni.<\/li>\n<li>Mo\u017cna je wymienia\u0107 na r\u00f3\u017cne cylindry hydrauliczne.<\/li>\n<li>Mo\u017cliwo\u015b\u0107 dostosowania do potrzeb klienta.<\/li>\n<\/ul>\n<p><img decoding=\"async\" src=\"https:\/\/www.hydraulic-cylinders.net\/wp-content\/uploads\/2025\/01\/songte-cylinder-head-with-all-kinds-excavator-models.webp\"\/><\/p>\n<h2>Aplikacje<\/h2>\n<p>Cylindry kube\u0142kowe s\u0105 szeroko stosowane w r\u00f3\u017cnych dziedzinach przemys\u0142u, takich jak:<\/p>\n<ul>\n<li>Sprz\u0119t budowlany: W koparkach s\u0105 niezb\u0119dne do kopania, za\u0142adunku i przemieszczania gleby lub gruzu. W koparko-\u0142adowarkach cylindry \u0142y\u017cki u\u0142atwiaj\u0105 kopanie i podnoszenie. <\/li>\n<li>Maszyny rolnicze: Stosowane w \u0142adowarkach czo\u0142owych do kopania, podnoszenia i transportu gleby, siana i innych materia\u0142\u00f3w.<\/li>\n<li>Koparki: Cylindry \u0142y\u017cki umo\u017cliwiaj\u0105 kopanie poprzez umo\u017cliwienie \u0142y\u017cce zag\u0142\u0119biania si\u0119 w gleb\u0119. <\/li>\n<li>\u0141adowarki: W \u0142adowarkach czo\u0142owych pomagaj\u0105 w wydajnym podnoszeniu i przechylaniu towar\u00f3w.<\/li>\n<\/ul>\n<p>W ka\u017cdym zastosowaniu cylindry czerpakowe odgrywaj\u0105 kluczow\u0105 rol\u0119 w zadaniach zwi\u0105zanych z przenoszeniem materia\u0142\u00f3w. <\/p>\n<h2>Zagadnienia projektowe i kryteria wyboru<\/h2>\n<h3>No\u015bno\u015b\u0107<\/h3>\n<p>Cylindry kube\u0142kowe s\u0105 zaprojektowane tak, aby wytrzymywa\u0107 wysokie ci\u015bnienie i du\u017ce obci\u0105\u017cenia. No\u015bno\u015b\u0107 cylindra nale\u017cy okre\u015bli\u0107 na podstawie konkretnego zastosowania i warunk\u00f3w pracy.<\/p>\n<h3>Uszczelnienie i trwa\u0142o\u015b\u0107<\/h3>\n<p>System uszczelnienia si\u0142ownika kube\u0142kowego ma kluczowe znaczenie dla jego prawid\u0142owego dzia\u0142ania. R\u00f3\u017cne elementy uszczelniaj\u0105ce, takie jak uszczelnienia t\u0142oka i t\u0142oczyska, nale\u017cy dobra\u0107 w zale\u017cno\u015bci od wymaga\u0144 danego zastosowania. Korpus si\u0142ownika i gwintowana powierzchnia ko\u0144cowa s\u0105 poddawane starannej obr\u00f3bce w celu zwi\u0119kszenia odporno\u015bci na zu\u017cycie. Prawid\u0142owe smarowanie olejem hydraulicznym jest niezb\u0119dne dla zapewnienia d\u0142ugotrwa\u0142ej trwa\u0142o\u015bci.<\/p>\n<p><img decoding=\"async\" src=\"https:\/\/www.hydraulic-cylinders.net\/wp-content\/uploads\/2025\/01\/songte-oil-pipes-and-spare-parts.webp\"\/><\/p>\n<h2>Konserwacja i naprawa<\/h2>\n<p>Si\u0142owniki kube\u0142kowe wymagaj\u0105 regularnej konserwacji, aby zapewni\u0107 optymaln\u0105 wydajno\u015b\u0107 i wyd\u0142u\u017cy\u0107 ich \u017cywotno\u015b\u0107. Typowe czynno\u015bci obejmuj\u0105 regularne kontrole, prawid\u0142owe smarowanie, wymian\u0119 uszczelnie\u0144 i kontrole kalibracji. Prawid\u0142owy monta\u017c ma kluczowe znaczenie dla zapewnienia d\u0142ugotrwa\u0142ego prawid\u0142owego dzia\u0142ania si\u0142ownika. Podczas monta\u017cu niezb\u0119dne jest prawid\u0142owe ustawienie i podparcie.<\/p>\n<p><img decoding=\"async\" src=\"https:\/\/www.hydraulic-cylinders.net\/wp-content\/uploads\/2025\/01\/songte-chushion-collar.webp\"\/><\/p>\n<h2>Bezpiecze\u0144stwo i wzgl\u0119dy \u015brodowiskowe<\/h2>\n<p>Cylindry czerpakowe nale\u017cy stosowa\u0107 w po\u0142\u0105czeniu z odpowiednimi \u015brodkami bezpiecze\u0144stwa, aby zapobiega\u0107 wypadkom i zapewnia\u0107 bezpieczn\u0105 obs\u0142ug\u0119. Nale\u017cy r\u00f3wnie\u017c uwzgl\u0119dni\u0107 wp\u0142yw uk\u0142ad\u00f3w hydraulicznych na \u015brodowisko, np. poprzez prawid\u0142ow\u0105 utylizacj\u0119 lub recykling oleju hydraulicznego.<\/p>\n<h2>Diagnostyka usterek i rozwi\u0105zywanie problem\u00f3w<\/h2>\n<p>Do typowych problem\u00f3w z si\u0142ownikami \u0142y\u017cki nale\u017c\u0105 wycieki hydrauliczne, powolne ruchy i obni\u017cona moc robocza. Prawid\u0142owe rozwi\u0105zywanie problem\u00f3w i diagnostyka usterek maj\u0105 kluczowe znaczenie dla rozwi\u0105zania tych problem\u00f3w i unikni\u0119cia przestoj\u00f3w. Regularne kontrole konserwacyjne mog\u0105 pom\u00f3c w zapobieganiu tym problemom.<\/p>\n<p><img decoding=\"async\" src=\"https:\/\/www.hydraulic-cylinders.net\/wp-content\/uploads\/2025\/01\/songte-bushings-with-all-kinds-of-excavator-models.webp\"\/><\/p>\n<h2>O naszej firmie<\/h2>\n<p>Jeste\u015bmy wiod\u0105cym producentem i hurtowym dystrybutorem si\u0142ownik\u00f3w hydraulicznych na rynku krajowym i mi\u0119dzynarodowym. Oferujemy pe\u0142n\u0105 gam\u0119 si\u0142ownik\u00f3w hydraulicznych i rozwi\u0105zania dostosowane do indywidualnych potrzeb klienta. Przestrzegamy surowych standard\u00f3w jako\u015bci i opieramy si\u0119 na bran\u017cowych strategiach zarz\u0105dzania produkcj\u0105, aby stale ulepsza\u0107 nasze platformy produkcyjne. Posiadamy zesp\u00f3\u0142 wykwalifikowanych technik\u00f3w, cyfrowy sprz\u0119t produkcyjny oraz profesjonalne systemy testowe, aby zapewni\u0107 najwy\u017csz\u0105 jako\u015b\u0107 produkt\u00f3w. Oferujemy us\u0142ugi posprzeda\u017cowe, w tym wymian\u0119 cz\u0119\u015bci i us\u0142ugi regeneracji, aby zapewni\u0107 d\u0142ugowieczno\u015b\u0107 naszych produkt\u00f3w.<\/p>\n<p><img decoding=\"async\" src=\"https:\/\/hzpt.com\/wp-content\/uploads\/2024\/11\/songte-company-1.webp\"\/> <\/p>\n<p>Autor: lyl<\/p>","protected":false},"excerpt":{"rendered":"<p>Bucket Cylinder For Sany Large Excavator SY285C-8 Introduction Definition A bucket cylinder is a specially designed hydraulic cylinder used to control the movement of the bucket in heavy machinery such as excavators, backhoes, and front loaders. Its main function is to enable the bucket to perform lifting, lowering, and tilting, making it easier to handle [&hellip;]<\/p>","protected":false},"featured_media":14762,"comment_status":"open","ping_status":"closed","template":"","meta":{"_et_pb_use_builder":"","_et_pb_old_content":"","_et_gb_content_width":""},"product_brand":[],"product_cat":[1494],"product_tag":[1495,1496],"class_list":{"0":"post-15445","1":"product","2":"type-product","3":"status-publish","4":"has-post-thumbnail","6":"product_cat-bucket-cylinders","7":"product_tag-bucket-cylinders","8":"product_tag-hydraulic-cylinders","10":"first","11":"instock","12":"shipping-taxable","13":"product-type-simple"},"amp_enabled":true,"_links":{"self":[{"href":"https:\/\/www.hydraulic-cylinders.net\/pl\/wp-json\/wp\/v2\/product\/15445","targetHints":{"allow":["GET"]}}],"collection":[{"href":"https:\/\/www.hydraulic-cylinders.net\/pl\/wp-json\/wp\/v2\/product"}],"about":[{"href":"https:\/\/www.hydraulic-cylinders.net\/pl\/wp-json\/wp\/v2\/types\/product"}],"replies":[{"embeddable":true,"href":"https:\/\/www.hydraulic-cylinders.net\/pl\/wp-json\/wp\/v2\/comments?post=15445"}],"wp:featuredmedia":[{"embeddable":true,"href":"https:\/\/www.hydraulic-cylinders.net\/pl\/wp-json\/wp\/v2\/media\/14762"}],"wp:attachment":[{"href":"https:\/\/www.hydraulic-cylinders.net\/pl\/wp-json\/wp\/v2\/media?parent=15445"}],"wp:term":[{"taxonomy":"product_brand","embeddable":true,"href":"https:\/\/www.hydraulic-cylinders.net\/pl\/wp-json\/wp\/v2\/product_brand?post=15445"},{"taxonomy":"product_cat","embeddable":true,"href":"https:\/\/www.hydraulic-cylinders.net\/pl\/wp-json\/wp\/v2\/product_cat?post=15445"},{"taxonomy":"product_tag","embeddable":true,"href":"https:\/\/www.hydraulic-cylinders.net\/pl\/wp-json\/wp\/v2\/product_tag?post=15445"}],"curies":[{"name":"wp","href":"https:\/\/api.w.org\/{rel}","templated":true}]}}