{"id":15448,"date":"2025-01-19T14:32:38","date_gmt":"2025-01-19T14:32:38","guid":{"rendered":"https:\/\/www.hydraulic-cylinders.net\/product\/bucket-cylinder-for-sany-large-excavator-sy385h-9\/"},"modified":"2025-01-19T14:32:40","modified_gmt":"2025-01-19T14:32:40","slug":"bucket-cylinder-for-sany-large-excavator-sy385h-9","status":"publish","type":"product","link":"https:\/\/www.hydraulic-cylinders.net\/pl\/produkt\/bucket-cylinder-for-sany-large-excavator-sy385h-9\/","title":{"rendered":"Si\u0142ownik \u0142y\u017cki do du\u017cej koparki Sany SY385H-9"},"content":{"rendered":"<h1>Si\u0142ownik \u0142y\u017cki do du\u017cej koparki Sany SY385H-9<\/h1>\n<h2>Wst\u0119p<\/h2>\n<p>Si\u0142ownik \u0142y\u017cki to specjalnie zaprojektowany si\u0142ownik hydrauliczny s\u0142u\u017c\u0105cy do sterowania ruchem \u0142y\u017cki w ci\u0119\u017ckich maszynach, takich jak koparki, koparko-\u0142adowarki i \u0142adowarki czo\u0142owe. Jego g\u0142\u00f3wn\u0105 funkcj\u0105 jest umo\u017cliwienie podnoszenia, opuszczania i przechylania \u0142y\u017cki, u\u0142atwiaj\u0105c r\u00f3\u017cnorodne zadania zwi\u0105zane z prze\u0142adunkiem materia\u0142\u00f3w. W uk\u0142adzie hydraulicznym si\u0142ownik \u0142y\u017cki zapewnia precyzyjn\u0105 kontrol\u0119 nad \u0142y\u017ck\u0105, wykorzystuj\u0105c zmiany ci\u015bnienia oleju hydraulicznego, umo\u017cliwiaj\u0105c operatorom wydajne przenoszenie ci\u0119\u017ckich \u0142adunk\u00f3w i dostosowywanie si\u0119 do z\u0142o\u017conych warunk\u00f3w pracy oraz zr\u00f3\u017cnicowanych wymaga\u0144 operacyjnych.<\/p>\n<p><img decoding=\"async\" src=\"https:\/\/www.hydraulic-cylinders.net\/wp-content\/uploads\/2025\/01\/songte-company-2.webp\" alt=\"Obraz cylindra wiadra\"><\/p>\n<h2>Cechy<\/h2>\n<ul>\n<li>Wysoka wytrzyma\u0142o\u015b\u0107 i trwa\u0142o\u015b\u0107: Wykonany z wysokowytrzyma\u0142ej stali lub aluminium, si\u0142ownik \u0142y\u017cki wytrzymuje wysokie ci\u015bnienie i du\u017ce obci\u0105\u017cenia, dostosowuj\u0105c si\u0119 do trudnych warunk\u00f3w pracy. Konstrukcja uwzgl\u0119dnia odporno\u015b\u0107 na zu\u017cycie i korozj\u0119, aby wyd\u0142u\u017cy\u0107 jego \u017cywotno\u015b\u0107.<\/li>\n<li>Wydajna praca uk\u0142adu hydraulicznego: Wykorzystuj\u0105c ci\u015bnienie oleju hydraulicznego, si\u0142ownik \u0142y\u017cki zapewnia p\u0142ynne wysuwanie i wsuwanie, zapewniaj\u0105c szybk\u0105 reakcj\u0119 na polecenia steruj\u0105ce i generuj\u0105c du\u017ce si\u0142y pchaj\u0105ce i ci\u0105gn\u0105ce, odpowiednie do obs\u0142ugi ci\u0119\u017ckich \u0142adunk\u00f3w i skomplikowanych zada\u0144 operacyjnych.<\/li>\n<li>R\u00f3\u017cne typy: Si\u0142ownik czerpakowy jest dost\u0119pny w wersji jednostronnego dzia\u0142ania (hydrauliczny w jednym kierunku) lub dwustronnego dzia\u0142ania (hydrauliczny w obu kierunkach), aby sprosta\u0107 r\u00f3\u017cnym potrzebom operacyjnym. Niekt\u00f3re modele s\u0105 teleskopowe, co pozwala na wi\u0119ksze wysuni\u0119cie bez zwi\u0119kszania wymiar\u00f3w zewn\u0119trznych, co jest idealne w zastosowaniach o ograniczonej przestrzeni.<\/li>\n<\/ul>\n<p><img decoding=\"async\" src=\"https:\/\/www.hydraulic-cylinders.net\/wp-content\/uploads\/2025\/01\/songte-cylinder-head-with-all-kinds-excavator-models.webp\" alt=\"Obraz wymiany cylindra \u0142y\u017cki\"><\/p>\n<h2>Aplikacje<\/h2>\n<h3>Sprz\u0119t budowlany<\/h3>\n<p>W koparkach s\u0105 one niezb\u0119dne do wykop\u00f3w, za\u0142adunku i przemieszczania gleby lub gruzu. W koparko-\u0142adowarkach si\u0142ownik \u0142y\u017cki wspomaga zar\u00f3wno kopanie, jak i podnoszenie.<\/p>\n<h3>Maszyny rolnicze<\/h3>\n<p>Stosowany w \u0142adowarkach czo\u0142owych do nabierania, podnoszenia i transportu ziemi, siana i innych materia\u0142\u00f3w.<\/p>\n<h3>Koparki<\/h3>\n<p>Cylinder \u0142y\u017cki umo\u017cliwia kopanie poprzez umo\u017cliwienie \u0142y\u017cce wnikania w gleb\u0119.<\/p>\n<h3>\u0141adowarki<\/h3>\n<p>W \u0142adowarkach czo\u0142owych u\u0142atwiaj\u0105 podnoszenie i roz\u0142adowywanie \u0142adunk\u00f3w.<\/p>\n<p><img decoding=\"async\" src=\"https:\/\/www.hydraulic-cylinders.net\/wp-content\/uploads\/2025\/01\/songte-oil-pipes-and-spare-parts.webp\" alt=\"Zastosowania cylindr\u00f3w hydraulicznych\"><\/p>\n<h2>Zagadnienia projektowe i kryteria wyboru<\/h2>\n<ul>\n<li>No\u015bno\u015b\u0107: Konstrukcja cylindra \u0142y\u017cki uwzgl\u0119dnia zdolno\u015b\u0107 do wytrzymywania du\u017cych obci\u0105\u017ce\u0144 i ci\u015bnie\u0144.<\/li>\n<li>Uszczelnienie: R\u00f3\u017cne elementy uszczelniaj\u0105ce, takie jak uszczelki t\u0142oka i t\u0142oczyska, wykonane z materia\u0142\u00f3w odpornych na zu\u017cycie, takich jak poliuretan i kauczuk nitrylowy, zapewniaj\u0105 skuteczne uszczelnienie. Korpus cylindra i gwintowana powierzchnia ko\u0144cowa s\u0105 poddawane precyzyjnej obr\u00f3bce w celu zwi\u0119kszenia odporno\u015bci na zu\u017cycie.<\/li>\n<li>Trwa\u0142o\u015b\u0107: Si\u0142ownik \u0142y\u017cki jest skonstruowany tak, aby wytrzymywa\u0142 trudne warunki pracy i zapewnia\u0142 d\u0142ugotrwa\u0142\u0105 wydajno\u015b\u0107.<\/li>\n<li>Bezpiecze\u0144stwo: Konstrukcja urz\u0105dzenia zosta\u0142a wyposa\u017cona w funkcje bezpiecze\u0144stwa gwarantuj\u0105ce bezpiecze\u0144stwo operatora podczas pracy.<\/li>\n<li>\u0141atwo\u015b\u0107 konserwacji: uwzgl\u0119dniono \u0142atwo\u015b\u0107 konserwacji i naprawy cylindra \u0142y\u017cki.<\/li>\n<\/ul>\n<p><img decoding=\"async\" src=\"https:\/\/www.hydraulic-cylinders.net\/wp-content\/uploads\/2025\/01\/songte-bushings-with-all-kinds-of-excavator-models.webp\" alt=\"Komponenty cylindr\u00f3w hydraulicznych\"><\/p>\n<h2>Uszczelnianie i smarowanie<\/h2>\n<p>W si\u0142owniku kube\u0142kowym zastosowano r\u00f3\u017cnorodne uszczelnienia, takie jak uszczelnienia t\u0142oka i t\u0142oczyska, wykonane z materia\u0142\u00f3w odpornych na zu\u017cycie, takich jak poliuretan i kauczuk nitrylowy. Korpus si\u0142ownika i gwintowana powierzchnia ko\u0144cowa s\u0105 poddawane precyzyjnej obr\u00f3bce w celu zwi\u0119kszenia odporno\u015bci na zu\u017cycie. Regularne smarowanie odpowiedni\u0105 ilo\u015bci\u0105 oleju hydraulicznego jest niezb\u0119dne dla zapewnienia p\u0142ynnej pracy i wyd\u0142u\u017cenia \u017cywotno\u015bci si\u0142ownika.<\/p>\n<h2>Regularne kontrole i konserwacja zapobiegawcza<\/h2>\n<ul>\n<li>Regularnie sprawdzaj cylinder \u0142y\u017cki pod k\u0105tem oznak zu\u017cycia lub uszkodze\u0144.<\/li>\n<li>Zapewnij odpowiednie smarowanie wszystkich ruchomych cz\u0119\u015bci.<\/li>\n<li>W razie potrzeby wymie\u0144 uszczelki i podk\u0142adki, aby zachowa\u0107 skuteczno\u015b\u0107 uszczelnienia.<\/li>\n<li>Przeprowad\u017a kontrol\u0119 kalibracji, aby zapewni\u0107 prawid\u0142owe dzia\u0142anie urz\u0105dzenia.<\/li>\n<\/ul>\n<p><img decoding=\"async\" src=\"https:\/\/www.hydraulic-cylinders.net\/wp-content\/uploads\/2025\/01\/songte-chushion-collar.webp\" alt=\"Konserwacja cylindr\u00f3w hydraulicznych\"><\/p>\n<h2>Zagadnienia bezpiecze\u0144stwa i czynniki \u015brodowiskowe<\/h2>\n<p>Podczas u\u017cytkowania cylindra czerpakowego nale\u017cy bezwzgl\u0119dnie przestrzega\u0107 \u015brodk\u00f3w bezpiecze\u0144stwa, aby zapobiec wypadkom i zapewni\u0107 bezpieczne \u015brodowisko pracy. Kluczowe znaczenie ma odpowiednie przeszkolenie i znajomo\u015b\u0107 protoko\u0142\u00f3w bezpiecze\u0144stwa.<\/p>\n<h2>Rozwi\u0105zywanie problem\u00f3w i typowe problemy<\/h2>\n<p>Do typowych problem\u00f3w z si\u0142ownikiem \u0142y\u017cki nale\u017c\u0105: nieszczelno\u015b\u0107, niedostateczna moc lub nieregularne ruchy. Aby rozwi\u0105za\u0107 te problemy, zaleca si\u0119 sprawdzenie lu\u017anych po\u0142\u0105cze\u0144, zu\u017cytych uszczelek lub wadliwych podzespo\u0142\u00f3w hydraulicznych. Regularna konserwacja i szybka naprawa wszelkich zidentyfikowanych usterek mo\u017ce pom\u00f3c zapobiec dalszym problemom.<\/p>\n<p><img decoding=\"async\" src=\"https:\/\/www.hydraulic-cylinders.net\/wp-content\/uploads\/2025\/01\/songte-bushings-with-all-kinds-of-excavator-models.webp\" alt=\"Rozwi\u0105zywanie problem\u00f3w z si\u0142ownikiem hydraulicznym\"><\/p>\n<h2>Wniosek<\/h2>\n<p>Nasza firma jest wiod\u0105cym producentem i hurtowym dystrybutorem si\u0142ownik\u00f3w hydraulicznych na rynku krajowym i mi\u0119dzynarodowym. Oferujemy szerok\u0105 gam\u0119 produkt\u00f3w i d\u0105\u017cymy do doskona\u0142o\u015bci jako\u015bci, wykorzystuj\u0105c zaawansowany sprz\u0119t produkcyjny i profesjonalne systemy testowania. Koncentruj\u0105c si\u0119 na wydajno\u015bci, precyzji i wysokich standardach jako\u015bci, zaspokajamy zr\u00f3\u017cnicowane potrzeby naszych klient\u00f3w. Od specjalistycznej wiedzy i mi\u0119dzynarodowych certyfikat\u00f3w, po spersonalizowane us\u0142ugi, sprz\u0119t produkcyjny i wsparcie posprzeda\u017cowe, d\u0105\u017cymy do zapewnienia kompleksowych rozwi\u0105za\u0144 w zakresie si\u0142ownik\u00f3w hydraulicznych.<\/p>\n<p><img decoding=\"async\" src=\"https:\/\/www.hydraulic-cylinders.net\/wp-content\/uploads\/2025\/01\/songte-company-3.webp\" alt=\"Wizerunek firmy\"><\/p>\n<p>Autor: lyl<\/p>","protected":false},"excerpt":{"rendered":"<p>Bucket Cylinder For Sany Large Excavator SY385H-9 Introduction The bucket cylinder is a specially designed hydraulic cylinder used to control the movement of the bucket in heavy machinery such as excavators, backhoe loaders, and front-end loaders. Its main function is to enable the bucket to lift, lower, and tilt, facilitating various material handling tasks. In [&hellip;]<\/p>","protected":false},"featured_media":14788,"comment_status":"open","ping_status":"closed","template":"","meta":{"_et_pb_use_builder":"","_et_pb_old_content":"","_et_gb_content_width":""},"product_brand":[],"product_cat":[1494],"product_tag":[1495,1496],"class_list":{"0":"post-15448","1":"product","2":"type-product","3":"status-publish","4":"has-post-thumbnail","6":"product_cat-bucket-cylinders","7":"product_tag-bucket-cylinders","8":"product_tag-hydraulic-cylinders","10":"first","11":"instock","12":"shipping-taxable","13":"product-type-simple"},"amp_enabled":true,"_links":{"self":[{"href":"https:\/\/www.hydraulic-cylinders.net\/pl\/wp-json\/wp\/v2\/product\/15448","targetHints":{"allow":["GET"]}}],"collection":[{"href":"https:\/\/www.hydraulic-cylinders.net\/pl\/wp-json\/wp\/v2\/product"}],"about":[{"href":"https:\/\/www.hydraulic-cylinders.net\/pl\/wp-json\/wp\/v2\/types\/product"}],"replies":[{"embeddable":true,"href":"https:\/\/www.hydraulic-cylinders.net\/pl\/wp-json\/wp\/v2\/comments?post=15448"}],"wp:featuredmedia":[{"embeddable":true,"href":"https:\/\/www.hydraulic-cylinders.net\/pl\/wp-json\/wp\/v2\/media\/14788"}],"wp:attachment":[{"href":"https:\/\/www.hydraulic-cylinders.net\/pl\/wp-json\/wp\/v2\/media?parent=15448"}],"wp:term":[{"taxonomy":"product_brand","embeddable":true,"href":"https:\/\/www.hydraulic-cylinders.net\/pl\/wp-json\/wp\/v2\/product_brand?post=15448"},{"taxonomy":"product_cat","embeddable":true,"href":"https:\/\/www.hydraulic-cylinders.net\/pl\/wp-json\/wp\/v2\/product_cat?post=15448"},{"taxonomy":"product_tag","embeddable":true,"href":"https:\/\/www.hydraulic-cylinders.net\/pl\/wp-json\/wp\/v2\/product_tag?post=15448"}],"curies":[{"name":"wp","href":"https:\/\/api.w.org\/{rel}","templated":true}]}}