{"id":15449,"date":"2025-01-19T14:32:42","date_gmt":"2025-01-19T14:32:42","guid":{"rendered":"https:\/\/www.hydraulic-cylinders.net\/product\/bucket-cylinder-for-sany-large-excavator-sy700h-8\/"},"modified":"2025-01-19T14:32:44","modified_gmt":"2025-01-19T14:32:44","slug":"bucket-cylinder-for-sany-large-excavator-sy700h-8","status":"publish","type":"product","link":"https:\/\/www.hydraulic-cylinders.net\/pl\/produkt\/bucket-cylinder-for-sany-large-excavator-sy700h-8\/","title":{"rendered":"Si\u0142ownik \u0142y\u017cki do du\u017cej koparki Sany SY700H-8"},"content":{"rendered":"<h1>Si\u0142ownik \u0142y\u017cki do du\u017cej koparki Sany SY700H-8<\/h1>\n<h2>Wst\u0119p<\/h2>\n<p>Si\u0142ownik \u0142y\u017cki do du\u017cej koparki Sany SY700H-8 to specjalnie zaprojektowany si\u0142ownik hydrauliczny s\u0142u\u017c\u0105cy do sterowania ruchem \u0142y\u017cki w ci\u0119\u017ckich maszynach, takich jak koparki, koparko-\u0142adowarki i \u0142adowarki czo\u0142owe. Jego g\u0142\u00f3wn\u0105 funkcj\u0105 jest umo\u017cliwienie podnoszenia, opuszczania i przechylania \u0142y\u017cki, dzi\u0119ki czemu nadaje si\u0119 do r\u00f3\u017cnych zada\u0144 zwi\u0105zanych z transportem materia\u0142\u00f3w. W uk\u0142adzie hydraulicznym si\u0142ownik \u0142y\u017cki zapewnia precyzyjn\u0105 kontrol\u0119 ruchu \u0142y\u017cki poprzez zmiany ci\u015bnienia oleju hydraulicznego, umo\u017cliwiaj\u0105c operatorom wydajne przenoszenie du\u017cych \u0142adunk\u00f3w i dostosowywanie si\u0119 do z\u0142o\u017conych warunk\u00f3w pracy oraz zr\u00f3\u017cnicowanych potrzeb operacyjnych.<\/p>\n<p><img decoding=\"async\" src=\"https:\/\/www.hydraulic-cylinders.net\/wp-content\/uploads\/2025\/01\/songte-company-2.webp\" alt=\"Obraz cylindra wiadra\"><\/p>\n<h2>Cechy<\/h2>\n<ul>\n<li>Wysoka wytrzyma\u0142o\u015b\u0107 i trwa\u0142o\u015b\u0107: zazwyczaj wykonane z wysokowytrzyma\u0142ej stali lub aluminium, wytrzymuj\u0105 du\u017ce ci\u015bnienie i du\u017ce obci\u0105\u017cenia, zaprojektowane z uwzgl\u0119dnieniem odporno\u015bci na zu\u017cycie i korozj\u0119, co wyd\u0142u\u017ca ich \u017cywotno\u015b\u0107.<\/li>\n<li>Wydajne dzia\u0142anie uk\u0142adu hydraulicznego: wykorzystuje ci\u015bnienie oleju hydraulicznego w celu uzyskania p\u0142ynnego wysuwania i wsuwania, umo\u017cliwia szybk\u0105 reakcj\u0119 na polecenia steruj\u0105ce, zapewnia du\u017ce si\u0142y pchaj\u0105ce i ci\u0105gn\u0105ce, nadaje si\u0119 do obs\u0142ugi ci\u0119\u017ckich \u0142adunk\u00f3w i skomplikowanych zada\u0144 operacyjnych.<\/li>\n<li>W zale\u017cno\u015bci od potrzeb operacyjnych mo\u017cna wybiera\u0107 r\u00f3\u017cne typy cylindr\u00f3w: jednostronnego dzia\u0142ania (wykorzystuj\u0105ce hydraulik\u0119 tylko w jednym kierunku) lub dwustronnego dzia\u0142ania (wykorzystuj\u0105ce hydraulik\u0119 w obu kierunkach). Niekt\u00f3re modele s\u0105 teleskopowe, co pozwala na wi\u0119ksze wyd\u0142u\u017cenie bez zwi\u0119kszania wymiar\u00f3w zewn\u0119trznych i jest odpowiednie do zastosowa\u0144 w miejscach o ograniczonej przestrzeni.<\/li>\n<li>Mo\u017cliwo\u015b\u0107 dostosowania: nasze produkty mog\u0105 by\u0107 zaprojektowane i wyprodukowane zgodnie z wymaganiami klienta i doskonale sprawdz\u0105 si\u0119 jako zamienniki r\u00f3\u017cnych si\u0142ownik\u00f3w hydraulicznych.<\/li>\n<\/ul>\n<p><img decoding=\"async\" src=\"https:\/\/www.hydraulic-cylinders.net\/wp-content\/uploads\/2025\/01\/songte-cylinder-head-with-all-kinds-excavator-models.webp\" alt=\"Obraz wymiany cylindra \u0142y\u017cki\"><\/p>\n<h2>Aplikacje<\/h2>\n<p>Si\u0142ownik czerpakowy jest szeroko stosowany w r\u00f3\u017cnych zastosowaniach ci\u0119\u017ckiego sprz\u0119tu. Oto kilka przyk\u0142ad\u00f3w:<\/p>\n<ul>\n<li>Sprz\u0119t budowlany: stosowany w koparkach, jest niezb\u0119dny do wykopywania, za\u0142adunku i przemieszczania gleby lub gruzu. W koparko-\u0142adowarkach cylinder \u0142y\u017cki u\u0142atwia kopanie i podnoszenie. <\/li>\n<li>Maszyny rolnicze: stosowane w \u0142adowarkach czo\u0142owych do nabierania, podnoszenia i transportu gleby, siana i innych materia\u0142\u00f3w. <\/li>\n<li>Koparki: cylinder \u0142y\u017cki umo\u017cliwia kopanie, pozwalaj\u0105c \u0142y\u017cce na zag\u0142\u0119bianie si\u0119 w gleb\u0119. <\/li>\n<li>\u0141adowarki: w \u0142adowarkach czo\u0142owych pomagaj\u0105 w efektywnym podnoszeniu i wysypywaniu towar\u00f3w. <\/li>\n<\/ul>\n<h2>Zagadnienia projektowe i kryteria wyboru<\/h2>\n<p>Przy projektowaniu cylindra czerpakowego nale\u017cy wzi\u0105\u0107 pod uwag\u0119 takie kluczowe czynniki, jak no\u015bno\u015b\u0107, uszczelnienie, trwa\u0142o\u015b\u0107, bezpiecze\u0144stwo i \u0142atwo\u015b\u0107 konserwacji. <\/p>\n<ul>\n<li>No\u015bno\u015b\u0107: cylinder musi by\u0107 na tyle wytrzyma\u0142y, aby wytrzyma\u0107 du\u017ce obci\u0105\u017cenia i wysokie ci\u015bnienie bez odkszta\u0142ce\u0144. <\/li>\n<li>Uszczelnienie: aby zapobiec wyciekom oleju i zagwarantowa\u0107 niezawodn\u0105 prac\u0119, nale\u017cy stosowa\u0107 r\u00f3\u017cne rodzaje uszczelnie\u0144, takie jak uszczelnienia t\u0142okowe i uszczelnienia t\u0142oczyskowe. <\/li>\n<li>Trwa\u0142o\u015b\u0107: cylinder musi by\u0107 zaprojektowany tak, aby by\u0142 odporny na zu\u017cycie i korozj\u0119, aby wyd\u0142u\u017cy\u0107 jego \u017cywotno\u015b\u0107. <\/li>\n<li>Bezpiecze\u0144stwo: cylinder musi by\u0107 zaprojektowany z uwzgl\u0119dnieniem kwestii bezpiecze\u0144stwa, a w celu zapobie\u017cenia uszkodzeniom uk\u0142adu nale\u017cy zastosowa\u0107 takie \u015brodki, jak zawory bezpiecze\u0144stwa. <\/li>\n<li>\u0141atwo\u015b\u0107 konserwacji: cylinder musi by\u0107 zaprojektowany w spos\u00f3b umo\u017cliwiaj\u0105cy \u0142atw\u0105 konserwacj\u0119, tzn. musi mie\u0107 \u0142atwo wymienne uszczelki i \u0142atwy dost\u0119p do podzespo\u0142\u00f3w. <\/li>\n<\/ul>\n<p><img decoding=\"async\" src=\"https:\/\/www.hydraulic-cylinders.net\/wp-content\/uploads\/2025\/01\/songte-oil-pipes-and-spare-parts.webp\" alt=\"Obraz cz\u0119\u015bci cylindra \u0142y\u017cki\"><\/p>\n<h2>Uszczelnianie i smarowanie<\/h2>\n<p>Si\u0142ownik czerpakowy wymaga r\u00f3\u017cnorodnych uszczelnie\u0144, takich jak uszczelnienia t\u0142oka i t\u0142oczyska, wykonanych z materia\u0142\u00f3w odpornych na zu\u017cycie, takich jak poliuretan i kauczuk nitrylowy, aby zapobiec wyciekom oleju i zapewni\u0107 niezawodn\u0105 prac\u0119. Korpus si\u0142ownika i gwintowane powierzchnie ko\u0144cowe zosta\u0142y poddane precyzyjnej obr\u00f3bce w celu zwi\u0119kszenia odporno\u015bci na zu\u017cycie. Regularne smarowanie odpowiednim olejem hydraulicznym jest niezb\u0119dne dla zapewnienia p\u0142ynnej pracy. <\/p>\n<h2>Konserwacja i naprawa<\/h2>\n<p>Aby utrzyma\u0107 wydajno\u015b\u0107 si\u0142ownika kube\u0142kowego, konieczne s\u0105 regularne kontrole i konserwacja zapobiegawcza. Trzy typowe czynno\u015bci konserwacyjne obejmuj\u0105 regularn\u0105 kontrol\u0119, prawid\u0142owe smarowanie, wymian\u0119 uszczelek i kontrol\u0119 kalibracji. Prawid\u0142owy monta\u017c, smarowanie i regulacja s\u0105 niezb\u0119dne dla zapewnienia d\u0142ugowieczno\u015bci si\u0142ownika, z uwzgl\u0119dnieniem prawid\u0142owego ustawienia podczas monta\u017cu oraz zalece\u0144 dotycz\u0105cych stosowania odpowiednich wspornik\u00f3w monta\u017cowych do mocowania si\u0142ownika. Zaleca si\u0119 regularne kontrole, naprawy i wymian\u0119 w celu wyd\u0142u\u017cenia \u017cywotno\u015bci si\u0142ownika.<\/p>\n<p><img decoding=\"async\" src=\"https:\/\/www.hydraulic-cylinders.net\/wp-content\/uploads\/2025\/01\/songte-chushion-collar.webp\" alt=\"Obraz instalacji cylindra kube\u0142kowego\"><\/p>\n<h2>Zagadnienia bezpiecze\u0144stwa i czynniki \u015brodowiskowe<\/h2>\n<p>Podczas u\u017cytkowania cylindra czerpakowego nale\u017cy zachowa\u0107 \u015brodki bezpiecze\u0144stwa, takie jak zapewnienie, \u017ce ci\u015bnienie w uk\u0142adzie hydraulicznym i sygna\u0142y steruj\u0105ce mieszcz\u0105 si\u0119 w bezpiecznych granicach. Aby zapewni\u0107 niezawodn\u0105 prac\u0119 cylindra, nale\u017cy r\u00f3wnie\u017c uwzgl\u0119dni\u0107 czynniki \u015brodowiskowe, takie jak temperatura i wilgotno\u015b\u0107.<\/p>\n<h2>Rozwi\u0105zywanie problem\u00f3w i typowe problemy<\/h2>\n<p>Czasami si\u0142owniki hydrauliczne mog\u0105 napotyka\u0107 problemy, takie jak wyciek oleju lub s\u0142aba wydajno\u015b\u0107. Aby zdiagnozowa\u0107 i rozwi\u0105za\u0107 te problemy, niezb\u0119dna jest podstawowa wiedza na temat uk\u0142ad\u00f3w hydraulicznych i konstrukcji si\u0142ownik\u00f3w. Typowe wskaz\u00f3wki i rozwi\u0105zania dotycz\u0105ce rozwi\u0105zywania problem\u00f3w obejmuj\u0105 kontrol\u0119 uszczelnie\u0144, sprawdzanie szczelno\u015bci oraz regulacj\u0119 ci\u015bnienia w uk\u0142adzie. \u015arodki zapobiegawcze, takie jak regularne przegl\u0105dy i konserwacja, mog\u0105 zminimalizowa\u0107 potencjalne problemy.<\/p>\n<p><img decoding=\"async\" src=\"https:\/\/www.hydraulic-cylinders.net\/wp-content\/uploads\/2025\/01\/songte-bushings-with-all-kinds-of-excavator-models.webp\" alt=\"Obraz tulei cylindra \u0142y\u017cki\"><\/p>\n<h2>O naszej firmie<\/h2>\n<p>Jeste\u015bmy wiod\u0105cym producentem i hurtownikiem cylindr\u00f3w hydraulicznych, specjalizuj\u0105cym si\u0119 w wymianie cylindr\u00f3w hydraulicznych. Nasza firma oferuje pe\u0142n\u0105 gam\u0119 produkt\u00f3w i jest znana jako jeden z wiod\u0105cych producent\u00f3w i hurtownik\u00f3w cylindr\u00f3w hydraulicznych na rynku krajowym i mi\u0119dzynarodowym. Przestrzegamy zasad doskona\u0142ej jako\u015bci, opieramy si\u0119 na strategii zarz\u0105dzania produkcj\u0105 przemys\u0142ow\u0105 w nowoczesnym zak\u0142adzie produkcyjnym, stale udoskonalamy platform\u0119 produkcyjn\u0105, podnosimy jako\u015b\u0107 linii produkcyjnej oraz posiadamy silne zdolno\u015bci kreatywne, spe\u0142niaj\u0105c zr\u00f3\u017cnicowane potrzeby klient\u00f3w dzi\u0119ki wysokiej wydajno\u015bci, precyzji i jako\u015bci.<\/p>\n<p><img decoding=\"async\" src=\"https:\/\/hzpt.com\/wp-content\/uploads\/2024\/11\/songte-company-1.webp\" alt=\"Wizerunek firmy\"><\/p>\n<h3>Profesjonalizm:<\/h3>\n<p>Mamy zesp\u00f3\u0142 wysoko wykwalifikowanych i do\u015bwiadczonych specjalist\u00f3w, kt\u00f3rzy s\u0105 w stanie zapewni\u0107 klientom profesjonalne rozwi\u0105zania i kompleksowe us\u0142ugi.<\/p>\n<h3>Certyfikacja mi\u0119dzynarodowa:<\/h3>\n<p>Posiadamy szereg mi\u0119dzynarodowych certyfikat\u00f3w, takich jak CE i ISO, kt\u00f3re gwarantuj\u0105 jako\u015b\u0107 naszych produkt\u00f3w i zadowolenie klienta.<\/p>\n<h3>Personalizacja:<\/h3>\n<p>Mo\u017cemy zapewni\u0107 us\u0142ugi dostosowane do wymaga\u0144 klienta, np. projektowanie i produkcj\u0119 produkt\u00f3w na zam\u00f3wienie.<\/p>\n<h3>Sprz\u0119t produkcyjny:<\/h3>\n<p>Dysponujemy zaawansowanym cyfrowym sprz\u0119tem produkcyjnym, co pozwala nam zagwarantowa\u0107 wydajn\u0105 i wysokiej jako\u015bci produkcj\u0119.<\/p>\n<h3>Serwis posprzeda\u017cowy:<\/h3>\n<p>Zapewniamy klientom profesjonaln\u0105 i terminow\u0105 obs\u0142ug\u0119 posprzeda\u017cow\u0105, obejmuj\u0105c\u0105 konserwacj\u0119, naprawy i wymian\u0119 produkt\u00f3w.<\/p>\n<p>Autor: lyl<\/p>","protected":false},"excerpt":{"rendered":"<p>Bucket Cylinder For Sany Large Excavator SY700H-8 Introduction The bucket cylinder for a Sany large excavator SY700H-8 is a specially designed hydraulic cylinder used to control the movement of the bucket in heavy machinery such as excavators, backhoe excavators, and front-end loaders. Its main function is to enable the bucket to perform lifting, lowering, and [&hellip;]<\/p>","protected":false},"featured_media":14787,"comment_status":"open","ping_status":"closed","template":"","meta":{"_et_pb_use_builder":"","_et_pb_old_content":"","_et_gb_content_width":""},"product_brand":[],"product_cat":[1494],"product_tag":[1495,1496],"class_list":{"0":"post-15449","1":"product","2":"type-product","3":"status-publish","4":"has-post-thumbnail","6":"product_cat-bucket-cylinders","7":"product_tag-bucket-cylinders","8":"product_tag-hydraulic-cylinders","10":"first","11":"instock","12":"shipping-taxable","13":"product-type-simple"},"amp_enabled":true,"_links":{"self":[{"href":"https:\/\/www.hydraulic-cylinders.net\/pl\/wp-json\/wp\/v2\/product\/15449","targetHints":{"allow":["GET"]}}],"collection":[{"href":"https:\/\/www.hydraulic-cylinders.net\/pl\/wp-json\/wp\/v2\/product"}],"about":[{"href":"https:\/\/www.hydraulic-cylinders.net\/pl\/wp-json\/wp\/v2\/types\/product"}],"replies":[{"embeddable":true,"href":"https:\/\/www.hydraulic-cylinders.net\/pl\/wp-json\/wp\/v2\/comments?post=15449"}],"wp:featuredmedia":[{"embeddable":true,"href":"https:\/\/www.hydraulic-cylinders.net\/pl\/wp-json\/wp\/v2\/media\/14787"}],"wp:attachment":[{"href":"https:\/\/www.hydraulic-cylinders.net\/pl\/wp-json\/wp\/v2\/media?parent=15449"}],"wp:term":[{"taxonomy":"product_brand","embeddable":true,"href":"https:\/\/www.hydraulic-cylinders.net\/pl\/wp-json\/wp\/v2\/product_brand?post=15449"},{"taxonomy":"product_cat","embeddable":true,"href":"https:\/\/www.hydraulic-cylinders.net\/pl\/wp-json\/wp\/v2\/product_cat?post=15449"},{"taxonomy":"product_tag","embeddable":true,"href":"https:\/\/www.hydraulic-cylinders.net\/pl\/wp-json\/wp\/v2\/product_tag?post=15449"}],"curies":[{"name":"wp","href":"https:\/\/api.w.org\/{rel}","templated":true}]}}