{"id":15454,"date":"2025-01-19T14:33:02","date_gmt":"2025-01-19T14:33:02","guid":{"rendered":"https:\/\/www.hydraulic-cylinders.net\/product\/bucket-cylinder-for-sany-large-excavator-sy880h-8\/"},"modified":"2025-01-19T14:33:04","modified_gmt":"2025-01-19T14:33:04","slug":"bucket-cylinder-for-sany-large-excavator-sy880h-8","status":"publish","type":"product","link":"https:\/\/www.hydraulic-cylinders.net\/pl\/produkt\/bucket-cylinder-for-sany-large-excavator-sy880h-8\/","title":{"rendered":"Si\u0142ownik \u0142y\u017cki do du\u017cej koparki Sany SY880H-8"},"content":{"rendered":"<h1>Si\u0142ownik \u0142y\u017cki do du\u017cej koparki Sany SY880H-8<\/h1>\n<h2>Wst\u0119p<\/h2>\n<h3>Definiowanie cylindra wiadra<\/h3>\n<p>Si\u0142ownik \u0142y\u017cki to specjalnie zaprojektowany si\u0142ownik hydrauliczny s\u0142u\u017c\u0105cy do sterowania ruchem \u0142y\u017cki w ci\u0119\u017ckich maszynach, takich jak koparki, koparko-\u0142adowarki i \u0142adowarki czo\u0142owe. Jego g\u0142\u00f3wn\u0105 funkcj\u0105 jest umo\u017cliwienie podnoszenia, opuszczania i przechylania \u0142y\u017cki, u\u0142atwiaj\u0105c operatorowi obs\u0142ug\u0119 ci\u0119\u017ckich \u0142adunk\u00f3w i adaptacj\u0119 do z\u0142o\u017conych warunk\u00f3w pracy oraz zr\u00f3\u017cnicowanych wymaga\u0144. W uk\u0142adzie hydraulicznym si\u0142ownik \u0142y\u017cki zapewnia precyzyjn\u0105 kontrol\u0119 nad \u0142y\u017ck\u0105 poprzez zmiany ci\u015bnienia oleju hydraulicznego, zapewniaj\u0105c wydajne przenoszenie ci\u0119\u017ckich \u0142adunk\u00f3w.<\/p>\n<p><img decoding=\"async\" src=\"https:\/\/www.hydraulic-cylinders.net\/wp-content\/uploads\/2025\/01\/songte-company-2.webp\"><\/p>\n<h3>Cechy cylindra kube\u0142kowego<\/h3>\n<ul>\n<li><strong>Wysoka wytrzyma\u0142o\u015b\u0107 i trwa\u0142o\u015b\u0107:<\/strong> Zazwyczaj wykonany jest z wytrzyma\u0142ej stali lub aluminium, wytrzymuje du\u017ce ci\u015bnienie i obci\u0105\u017cenia, nadaje si\u0119 do pracy w trudnych warunkach oraz jest zaprojektowany z my\u015bl\u0105 o odporno\u015bci na zu\u017cycie i korozj\u0119, co wyd\u0142u\u017ca jego \u017cywotno\u015b\u0107.<\/li>\n<li><strong>Wydajna praca uk\u0142adu hydraulicznego:<\/strong> Dzi\u0119ki wykorzystaniu ci\u015bnienia oleju hydraulicznego do uzyskania p\u0142ynnego rozci\u0105gania i kurczenia, podno\u015bnik mo\u017ce szybko reagowa\u0107 na polecenia steruj\u0105ce, zapewniaj\u0105c du\u017c\u0105 si\u0142\u0119 pchania i ci\u0105gni\u0119cia, co czyni go odpowiednim do przenoszenia ci\u0119\u017ckich \u0142adunk\u00f3w i wykonywania skomplikowanych zada\u0144.<\/li>\n<li><strong>R\u00f3\u017cne typy:<\/strong> Si\u0142owniki jednostronnego dzia\u0142ania (wykorzystuj\u0105ce hydraulik\u0119 tylko w jednym kierunku) lub dwustronnego dzia\u0142ania (wykorzystuj\u0105ce hydraulik\u0119 w obu kierunkach) mo\u017cna dobra\u0107 w zale\u017cno\u015bci od potrzeb, aby spe\u0142ni\u0107 r\u00f3\u017cne wymagania operacyjne. Niekt\u00f3re modele s\u0105 teleskopowe, co pozwala na wi\u0119ksz\u0105 rozbudow\u0119 bez zwi\u0119kszania wymiar\u00f3w zewn\u0119trznych, dzi\u0119ki czemu nadaj\u0105 si\u0119 do zastosowa\u0144 w ograniczonej przestrzeni.<\/li>\n<li><strong>Nasz produkt:<\/strong> Mo\u017cemy wyprodukowa\u0107 ten produkt i nasz produkt mo\u017ce doskonale zast\u0105pi\u0107 te cylindry hydrauliczne.<\/li>\n<\/ul>\n<p><img decoding=\"async\" src=\"https:\/\/www.hydraulic-cylinders.net\/wp-content\/uploads\/2025\/01\/songte-cylinder-head-with-all-kinds-excavator-models.webp\"><\/p>\n<h3>Zastosowania cylindra kube\u0142kowego<\/h3>\n<p>Si\u0142ownik czerpakowy jest powszechnie stosowany w r\u00f3\u017cnych maszynach ci\u0119\u017ckich, takich jak:<\/p>\n<ul>\n<li><strong>Sprz\u0119t budowlany:<\/strong> W koparkach s\u0105 one niezb\u0119dne do kopania, za\u0142adunku i przemieszczania gleby lub gruzu. W koparko-\u0142adowarkach si\u0142ownik \u0142y\u017cki pomaga zar\u00f3wno w kopaniu, jak i podnoszeniu. <\/li>\n<li><strong>Maszyny rolnicze:<\/strong> Stosowany w \u0142adowarkach czo\u0142owych do nabierania, podnoszenia i transportu gleby, siana i innych materia\u0142\u00f3w. <\/li>\n<li><strong>Koparki:<\/strong> Cylinder \u0142y\u017cki umo\u017cliwia kopanie poprzez przebijanie gleby przez \u0142y\u017ck\u0119. <\/li>\n<li><strong>\u0141adowarki:<\/strong> W \u0142adowarkach czo\u0142owych pomagaj\u0105 w podnoszeniu i przechylaniu, co pozwala na efektywny wysyp.<\/li>\n<\/ul>\n<h3>Zagadnienia projektowe i kryteria wyboru<\/h3>\n<p>Przy projektowaniu i doborze cylindr\u00f3w kube\u0142kowych nale\u017cy wzi\u0105\u0107 pod uwag\u0119 kilka kluczowych czynnik\u00f3w, w tym:<\/p>\n<ul>\n<li><strong>No\u015bno\u015b\u0107:<\/strong> Cylinder musi by\u0107 zaprojektowany tak, aby wytrzyma\u0107 maksymalne obci\u0105\u017cenie, jakiemu b\u0119dzie poddawany.<\/li>\n<li><strong>Opiecz\u0119towanie:<\/strong> Cylinder musi by\u0107 wyposa\u017cony w wysokiej jako\u015bci uszczelki, aby zapobiec wyciekom.<\/li>\n<li><strong>Trwa\u0142o\u015b\u0107:<\/strong> Cylinder musi by\u0107 wykonany z materia\u0142\u00f3w najwy\u017cszej jako\u015bci, aby m\u00f3g\u0142 wytrzyma\u0107 trudne warunki pracy.<\/li>\n<li><strong>Bezpiecze\u0144stwo:<\/strong> Cylinder musi by\u0107 zaprojektowany z uwzgl\u0119dnieniem zabezpiecze\u0144 zapobiegaj\u0105cych wypadkom.<\/li>\n<li><strong>Utrzymywalno\u015b\u0107:<\/strong> Cylinder musi by\u0107 zaprojektowany w spos\u00f3b umo\u017cliwiaj\u0105cy \u0142atw\u0105 konserwacj\u0119, z \u0142atwo dost\u0119pn\u0105 cz\u0119\u015bci\u0105 zamienn\u0105 i us\u0142ugami naprawczymi.<\/li>\n<\/ul>\n<p><img decoding=\"async\" src=\"https:\/\/www.hydraulic-cylinders.net\/wp-content\/uploads\/2025\/01\/songte-oil-pipes-and-spare-parts.webp\"><\/p>\n<h3>Uszczelnianie i smarowanie cylindra czerpaka<\/h3>\n<p>Si\u0142owniki kube\u0142kowe wymagaj\u0105 regularnej konserwacji, uszczelnienia i smarowania, aby zapewni\u0107 optymaln\u0105 wydajno\u015b\u0107. Obejmuje to:<\/p>\n<ul>\n<li>Stosowanie wysokiej jako\u015bci uszczelnie\u0144, takich jak uszczelnienia t\u0142ok\u00f3w i uszczelnienia t\u0142oczysk wykonane z materia\u0142\u00f3w odpornych na zu\u017cycie, np. poliuretanu i kauczuku nitrylowego.<\/li>\n<li>Udoskonalenie powierzchni korpusu cylindra i ko\u0144ca gwintu w celu zwi\u0119kszenia odporno\u015bci na zu\u017cycie.<\/li>\n<li>Regularne dodawanie odpowiedniej ilo\u015bci oleju hydraulicznego w celu smarowania.<\/li>\n<\/ul>\n<h3>Kontrola, konserwacja i naprawa cylindra \u0142y\u017cki<\/h3>\n<p>Regularne przegl\u0105dy i konserwacja zapobiegawcza s\u0105 kluczowe dla zapewnienia wydajnej i bezpiecznej pracy si\u0142ownika \u0142y\u017cki. Typowe czynno\u015bci konserwacyjne obejmuj\u0105:<\/p>\n<ul>\n<li><strong>Regularna kontrola:<\/strong> Sprawdzenie cylindra pod k\u0105tem oznak zu\u017cycia, nieszczelno\u015bci i uszkodze\u0144.<\/li>\n<li><strong>Smarowanie:<\/strong> Utrzymywanie prawid\u0142owego poziomu oleju hydraulicznego i smarowanie krytycznych cz\u0119\u015bci cylindra.<\/li>\n<li><strong>Wymiana uszczelki:<\/strong> Wymiana zu\u017cytych uszczelek w celu zapobiegania przeciekom.<\/li>\n<li><strong>Kontrola ustawienia:<\/strong> Zapewnienie prawid\u0142owego ustawienia cylindra i powi\u0105zanych podzespo\u0142\u00f3w w celu zapobiegania uszkodzeniom i wyd\u0142u\u017cenia \u017cywotno\u015bci cylindra.<\/li>\n<\/ul>\n<p><img decoding=\"async\" src=\"https:\/\/www.hydraulic-cylinders.net\/wp-content\/uploads\/2025\/01\/songte-chushion-collar.webp\"><\/p>\n<h3>Zagadnienia bezpiecze\u0144stwa i czynniki \u015brodowiskowe<\/h3>\n<p>Podczas u\u017cytkowania cylindra czerpakowego nale\u017cy bezwzgl\u0119dnie przestrzega\u0107 wszelkich \u015brodk\u00f3w bezpiecze\u0144stwa, aby zapobiec wypadkom. Obejmuje to stosowanie \u015brodk\u00f3w ochrony osobistej, takich jak r\u0119kawice i okulary ochronne, oraz nigdy nie podejmowanie pr\u00f3b naprawy cylindra bez odpowiedniej wiedzy.<\/p>\n<h3>Rozwi\u0105zywanie problem\u00f3w i typowe problemy<\/h3>\n<p>Do typowych problem\u00f3w z si\u0142ownikami czerpakowymi nale\u017c\u0105 wycieki, nieprawid\u0142owa obs\u0142uga oraz og\u00f3lne zu\u017cycie. Prawid\u0142owe rozwi\u0105zywanie problem\u00f3w i \u015brodki zapobiegawcze, takie jak regularna konserwacja i smarowanie, mog\u0105 pom\u00f3c w zapobieganiu tym problemom.<\/p>\n<h3>O naszej firmie<\/h3>\n<p>Jeste\u015bmy wiod\u0105cym producentem i hurtowym dystrybutorem si\u0142ownik\u00f3w hydraulicznych na rynku krajowym i mi\u0119dzynarodowym. Nasze produkty s\u0105 projektowane i wytwarzane z my\u015bl\u0105 o doskona\u0142ej jako\u015bci i wydajno\u015bci, aby sprosta\u0107 zr\u00f3\u017cnicowanym potrzebom klient\u00f3w. Stosujemy strategie zarz\u0105dzania produkcj\u0105 przemys\u0142ow\u0105, wykorzystuj\u0105c zaawansowane technologie, cyfrowy sprz\u0119t produkcyjny najwy\u017cszej klasy oraz profesjonalne systemy testowe, aby stale ulepsza\u0107 nasz\u0105 platform\u0119 produkcyjn\u0105 i doskonali\u0107 jako\u015b\u0107 naszych produkt\u00f3w. Nasza fabryka szczyci si\u0119 zespo\u0142em utalentowanych specjalist\u00f3w o silnym potencjale innowacyjnym, zaanga\u017cowanych w dostarczanie naszym klientom najlepszych produkt\u00f3w i us\u0142ug.<\/p>\n<ul>\n<li><strong>Profesjonalizm:<\/strong> Posiadamy wiedz\u0119 specjalistyczn\u0105 w zakresie projektowania i produkcji cylindr\u00f3w hydraulicznych.<\/li>\n<li><strong>Certyfikacja mi\u0119dzynarodowa:<\/strong> Nasze produkty posiadaj\u0105 certyfikaty potwierdzaj\u0105ce zgodno\u015b\u0107 z mi\u0119dzynarodowymi normami jako\u015bci.<\/li>\n<li><strong>Us\u0142ugi dostosowywania:<\/strong> Oferujemy us\u0142ugi dostosowane do indywidualnych potrzeb klient\u00f3w.<\/li>\n<li><strong>Sprz\u0119t produkcyjny:<\/strong> U\u017cywamy najnowocze\u015bniejszego sprz\u0119tu produkcyjnego, aby zapewni\u0107 produkty najwy\u017cszej jako\u015bci.<\/li>\n<li><strong>Us\u0142ugi posprzeda\u017cowe:<\/strong> Naszym klientom zapewniamy kompleksow\u0105 obs\u0142ug\u0119 posprzeda\u017cow\u0105, obejmuj\u0105c\u0105 cz\u0119\u015bci zamienne i us\u0142ugi regeneracji, co pozwala wyd\u0142u\u017cy\u0107 \u017cywotno\u015b\u0107 naszych produkt\u00f3w.<\/li>\n<\/ul>\n<p><img decoding=\"async\" src=\"https:\/\/www.hydraulic-cylinders.net\/wp-content\/uploads\/2025\/01\/songte-company-3.webp\"><\/p>\n<p>LYL<\/p>","protected":false},"excerpt":{"rendered":"<p>Bucket Cylinder For Sany Large Excavator SY880H-8 Introduction Defining Bucket Cylinder A bucket cylinder is a specially designed hydraulic cylinder used to control the movement of the bucket in heavy machinery such as excavators, backhoes and front-end loaders. Its main function is to enable the bucket to lift, lower, and tilt, making it easier for [&hellip;]<\/p>","protected":false},"featured_media":14778,"comment_status":"open","ping_status":"closed","template":"","meta":{"_et_pb_use_builder":"","_et_pb_old_content":"","_et_gb_content_width":""},"product_brand":[],"product_cat":[1494],"product_tag":[1495,1496],"class_list":{"0":"post-15454","1":"product","2":"type-product","3":"status-publish","4":"has-post-thumbnail","6":"product_cat-bucket-cylinders","7":"product_tag-bucket-cylinders","8":"product_tag-hydraulic-cylinders","10":"first","11":"instock","12":"shipping-taxable","13":"product-type-simple"},"amp_enabled":true,"_links":{"self":[{"href":"https:\/\/www.hydraulic-cylinders.net\/pl\/wp-json\/wp\/v2\/product\/15454","targetHints":{"allow":["GET"]}}],"collection":[{"href":"https:\/\/www.hydraulic-cylinders.net\/pl\/wp-json\/wp\/v2\/product"}],"about":[{"href":"https:\/\/www.hydraulic-cylinders.net\/pl\/wp-json\/wp\/v2\/types\/product"}],"replies":[{"embeddable":true,"href":"https:\/\/www.hydraulic-cylinders.net\/pl\/wp-json\/wp\/v2\/comments?post=15454"}],"wp:featuredmedia":[{"embeddable":true,"href":"https:\/\/www.hydraulic-cylinders.net\/pl\/wp-json\/wp\/v2\/media\/14778"}],"wp:attachment":[{"href":"https:\/\/www.hydraulic-cylinders.net\/pl\/wp-json\/wp\/v2\/media?parent=15454"}],"wp:term":[{"taxonomy":"product_brand","embeddable":true,"href":"https:\/\/www.hydraulic-cylinders.net\/pl\/wp-json\/wp\/v2\/product_brand?post=15454"},{"taxonomy":"product_cat","embeddable":true,"href":"https:\/\/www.hydraulic-cylinders.net\/pl\/wp-json\/wp\/v2\/product_cat?post=15454"},{"taxonomy":"product_tag","embeddable":true,"href":"https:\/\/www.hydraulic-cylinders.net\/pl\/wp-json\/wp\/v2\/product_tag?post=15454"}],"curies":[{"name":"wp","href":"https:\/\/api.w.org\/{rel}","templated":true}]}}