{"id":15460,"date":"2025-01-19T14:33:26","date_gmt":"2025-01-19T14:33:26","guid":{"rendered":"https:\/\/www.hydraulic-cylinders.net\/product\/bucket-cylinder-for-xcmg-small-excavator-xe6oca\/"},"modified":"2025-01-19T14:33:34","modified_gmt":"2025-01-19T14:33:34","slug":"bucket-cylinder-for-xcmg-small-excavator-xe6oca","status":"publish","type":"product","link":"https:\/\/www.hydraulic-cylinders.net\/pl\/produkt\/bucket-cylinder-for-xcmg-small-excavator-xe6oca\/","title":{"rendered":"Si\u0142ownik \u0142y\u017cki do ma\u0142ej koparki XCMG XE6OCA"},"content":{"rendered":"<h1>Si\u0142ownik \u0142y\u017cki do ma\u0142ej koparki XCMG XE6OCA<\/h1>\n<h2>Wst\u0119p<\/h2>\n<p>Si\u0142ownik \u0142y\u017cki do ma\u0142ej koparki XCMG XE6OCA to specjalistyczny si\u0142ownik hydrauliczny s\u0142u\u017c\u0105cy do sterowania ruchem \u0142y\u017cki w ci\u0119\u017ckich maszynach, takich jak koparki, koparko-\u0142adowarki i \u0142adowarki czo\u0142owe. Jego g\u0142\u00f3wn\u0105 funkcj\u0105 jest podnoszenie, opuszczanie i przechylanie \u0142y\u017cki, u\u0142atwiaj\u0105c transport r\u00f3\u017cnych materia\u0142\u00f3w. W uk\u0142adzie hydraulicznym si\u0142ownik \u0142y\u017cki precyzyjnie steruje jej ruchem, wykorzystuj\u0105c zmiany ci\u015bnienia oleju hydraulicznego, umo\u017cliwiaj\u0105c operatorom wydajne przenoszenie du\u017cych \u0142adunk\u00f3w, adaptacj\u0119 do z\u0142o\u017conych warunk\u00f3w pracy i zr\u00f3\u017cnicowanych wymaga\u0144.<\/p>\n<p><img decoding=\"async\" src=\"https:\/\/www.hydraulic-cylinders.net\/wp-content\/uploads\/2025\/01\/songte-company-2.webp\" \/><\/p>\n<h2>Cechy<\/h2>\n<ul>\n<li>Wysoka wytrzyma\u0142o\u015b\u0107 i trwa\u0142o\u015b\u0107: Zazwyczaj wykonany z wysokowytrzyma\u0142ej stali lub aluminium, wytrzymuje wysokie ci\u015bnienie i du\u017ce obci\u0105\u017cenia, dostosowuj\u0105c si\u0119 do trudnych warunk\u00f3w pracy. Konstrukcja uwzgl\u0119dnia odporno\u015b\u0107 na zu\u017cycie i korozj\u0119, co wyd\u0142u\u017ca \u017cywotno\u015b\u0107.<\/li>\n<li>Wydajne dzia\u0142anie hydrauliczne: P\u0142ynne wysuwanie i wsuwanie jest mo\u017cliwe dzi\u0119ki wykorzystaniu ci\u015bnienia oleju hydraulicznego. Szybko reaguje na polecenia steruj\u0105ce, zapewniaj\u0105c du\u017c\u0105 si\u0142\u0119 pchania i ci\u0105gni\u0119cia, co jest przydatne przy podnoszeniu ci\u0119\u017ckich \u0142adunk\u00f3w i wykonywaniu skomplikowanych zada\u0144.<\/li>\n<li>R\u00f3\u017cne typy: Si\u0142owniki jednostronnego dzia\u0142ania (hydrauliczne tylko w jednym kierunku) lub dwustronnego dzia\u0142ania (hydrauliczne w obu kierunkach) mo\u017cna dobra\u0107 w zale\u017cno\u015bci od potrzeb, aby spe\u0142ni\u0107 r\u00f3\u017cne wymagania operacyjne. Niekt\u00f3re modele s\u0105 teleskopowe, co pozwala na wi\u0119ksze wysuni\u0119cie bez zwi\u0119kszania wymiar\u00f3w zewn\u0119trznych, i nadaje si\u0119 do zastosowa\u0144 w ograniczonej przestrzeni.<\/li>\n<li>Mo\u017cliwo\u015b\u0107 zast\u0105pienia innych cylindr\u00f3w hydraulicznych: Nasze produkty mog\u0105 doskonale zast\u0105pi\u0107 te cylindry hydrauliczne.<\/li>\n<\/ul>\n<p><img decoding=\"async\" src=\"https:\/\/www.hydraulic-cylinders.net\/wp-content\/uploads\/2025\/01\/songte-cylinder-head-with-all-kinds-excavator-models.webp\" \/><\/p>\n<h2>Aplikacje<\/h2>\n<p>Cylinder kube\u0142kowy ma r\u00f3\u017cnorodne zastosowania w r\u00f3\u017cnych ga\u0142\u0119ziach przemys\u0142u:<\/p>\n<ul>\n<li>Sprz\u0119t budowlany: W koparkach s\u0105 one niezb\u0119dne do kopania, za\u0142adunku i przemieszczania gleby lub gruzu. W koparko-\u0142adowarkach si\u0142ownik \u0142y\u017cki pomaga zar\u00f3wno w kopaniu, jak i podnoszeniu. <\/li>\n<li>Maszyny rolnicze: Stosowane w \u0142adowarkach czo\u0142owych do zbierania, podnoszenia i transportu ziemi, siana i innych materia\u0142\u00f3w. W koparkach si\u0142ownik \u0142y\u017cki umo\u017cliwia kopanie, pozwalaj\u0105c \u0142y\u017cce na penetracj\u0119 gleby. W \u0142adowarkach czo\u0142owych wspomagaj\u0105 one wydajne podnoszenie i wysypywanie \u0142adunk\u00f3w.<\/li>\n<\/ul>\n<p>Powy\u017csze zastosowania mo\u017cna rozszerzy\u0107 w nast\u0119puj\u0105cy spos\u00f3b:<\/p>\n<ul>\n<li>Sprz\u0119t budowlany: Si\u0142owniki \u0142y\u017cki s\u0105 powszechnie stosowane w koparkach do kopania, za\u0142adunku i przemieszczania gleby lub gruzu. S\u0105 niezb\u0119dne do pracy koparek i odgrywaj\u0105 kluczow\u0105 rol\u0119 w ich wydajno\u015bci. W koparko-\u0142adowarkach si\u0142ownik \u0142y\u017cki wspomaga zar\u00f3wno kopanie, jak i podnoszenie. Umo\u017cliwia precyzyjn\u0105 kontrol\u0119 ruchu \u0142y\u017cki, u\u0142atwiaj\u0105c podnoszenie i wysypywanie materia\u0142\u00f3w. <\/li>\n<li>Maszyny rolnicze: W \u0142adowarkach czo\u0142owych si\u0142owniki \u0142y\u017cki s\u0142u\u017c\u0105 do podnoszenia, za\u0142adunku i transportu ziemi, siana i innych materia\u0142\u00f3w. Zapewniaj\u0105 one si\u0142\u0119 niezb\u0119dn\u0105 do podnoszenia i przemieszczania \u0142adunku. W koparkach si\u0142ownik \u0142y\u017cki umo\u017cliwia kopanie, umo\u017cliwiaj\u0105c \u0142y\u017cce wbijanie si\u0119 w gleb\u0119. U\u0142atwia to nabieranie ziemi i innych materia\u0142\u00f3w. W \u0142adowarkach czo\u0142owych si\u0142owniki te pomagaj\u0105 w efektywnym podnoszeniu i opr\u00f3\u017cnianiu \u0142adunku, zapewniaj\u0105c p\u0142ynn\u0105 i wydajn\u0105 prac\u0119.<\/li>\n<\/ul>\n<h2>Zagadnienia projektowe i kryteria wyboru<\/h2>\n<p>Projektuj\u0105c i wybieraj\u0105c cylindry kube\u0142kowe, nale\u017cy wzi\u0105\u0107 pod uwag\u0119 nast\u0119puj\u0105ce czynniki:<\/p>\n<ul>\n<li>No\u015bno\u015b\u0107: Cylinder musi by\u0107 na tyle wytrzyma\u0142y, aby wytrzyma\u0107 obci\u0105\u017cenie, kt\u00f3remu b\u0119dzie poddawany w trakcie pracy. <\/li>\n<li>Uszczelnienie: Prawid\u0142owe uszczelnienie zapewnia wydajn\u0105 prac\u0119 si\u0142ownika hydraulicznego i zapobiega wyciekom oleju. Przy wyborze materia\u0142\u00f3w uszczelniaj\u0105cych nale\u017cy wzi\u0105\u0107 pod uwag\u0119 trwa\u0142o\u015b\u0107, odporno\u015b\u0107 na zu\u017cycie i korozj\u0119.<\/li>\n<li>Trwa\u0142o\u015b\u0107: Cylinder musi by\u0107 trwa\u0142y i odporny na trudne warunki pracy. <\/li>\n<li>Bezpiecze\u0144stwo: Bezpiecze\u0144stwo jest kluczowym czynnikiem podczas pracy z cylindrami hydraulicznymi. Cylinder musi by\u0107 zaprojektowany z uwzgl\u0119dnieniem zabezpiecze\u0144, aby zapobiec wypadkom.<\/li>\n<li>\u0141atwo\u015b\u0107 konserwacji: Cylinder musi by\u0107 zaprojektowany z my\u015bl\u0105 o \u0142atwo\u015bci konserwacji. Ta cecha pomaga skr\u00f3ci\u0107 przestoje i zapewnia, \u017ce \u200b\u200bcylinder zawsze b\u0119dzie w dobrym stanie technicznym.<\/li>\n<\/ul>\n<p><img decoding=\"async\" src=\"https:\/\/www.hydraulic-cylinders.net\/wp-content\/uploads\/2025\/01\/songte-oil-pipes-and-spare-parts.webp\" \/><\/p>\n<h2>Uszczelnianie i smarowanie<\/h2>\n<p>W cylindrze kube\u0142kowym zastosowano r\u00f3\u017cne elementy uszczelniaj\u0105ce, takie jak uszczelki t\u0142oka, uszczelki t\u0142oczyska i zgarniacze, aby zapobiec wyciekom oleju i zapewni\u0107 wydajn\u0105 prac\u0119. Materia\u0142y uszczelniaj\u0105ce musz\u0105 by\u0107 trwa\u0142e, odporne na zu\u017cycie i korozj\u0119, takie jak poliuretan i kauczuk nitrylowy. Korpus cylindra i gwintowana powierzchnia ko\u0144cowa s\u0105 poddawane precyzyjnej obr\u00f3bce w celu zwi\u0119kszenia odporno\u015bci na zu\u017cycie.<\/p>\n<p>Cylinder wymaga regularnego smarowania olejem hydraulicznym, aby zapewni\u0107 p\u0142ynn\u0105 prac\u0119 i zapobiec zu\u017cyciu. Olej nale\u017cy uzupe\u0142nia\u0107 w odpowiedniej ilo\u015bci, a jego jako\u015b\u0107 nale\u017cy regularnie sprawdza\u0107.<\/p>\n<h2>Konserwacja i naprawa<\/h2>\n<p>Regularna konserwacja i naprawy pomagaj\u0105 wyd\u0142u\u017cy\u0107 \u017cywotno\u015b\u0107 cylindra \u0142y\u017cki i zapewni\u0107 jego prawid\u0142owe dzia\u0142anie. Zaleca si\u0119 wykonywanie nast\u0119puj\u0105cych czynno\u015bci konserwacyjnych:<\/p>\n<ul>\n<li>Regularne kontrole: Regularne kontrole mog\u0105 pom\u00f3c wykry\u0107 problemy na wczesnym etapie i zapobiec powa\u017cnym szkodom.<\/li>\n<li>Smarowanie: Odpowiednie smarowanie mo\u017ce ograniczy\u0107 zu\u017cycie i zapewni\u0107 p\u0142ynn\u0105 prac\u0119.<\/li>\n<li>Wymiana uszczelek i kontrola kalibracji: Regularna wymiana uszczelek i kontrola kalibracji mo\u017ce pom\u00f3c zapobiec wyciekom oleju i zapewni\u0107 prawid\u0142ow\u0105 prac\u0119 urz\u0105dzenia.<\/li>\n<\/ul>\n<p>Prawid\u0142owy monta\u017c, smarowanie i regulacja s\u0105 niezb\u0119dne do uzyskania optymalnej wydajno\u015bci si\u0142ownika hydraulicznego. Podczas monta\u017cu kluczowe jest prawid\u0142owe ustawienie si\u0142ownika, a do jego zamocowania nale\u017cy u\u017cy\u0107 odpowiednich podp\u00f3r monta\u017cowych. Zalecamy przestrzeganie zalecanych przez producenta procedur kontroli, naprawy i wymiany oraz oferowanie cz\u0119\u015bci zamiennych i us\u0142ug regeneracji w celu wyd\u0142u\u017cenia \u017cywotno\u015bci si\u0142ownika \u0142y\u017cki.<\/p>\n<p><img decoding=\"async\" src=\"https:\/\/www.hydraulic-cylinders.net\/wp-content\/uploads\/2025\/01\/songte-chushion-collar.webp\" \/><\/p>\n<h2>Bezpiecze\u0144stwo i wzgl\u0119dy \u015brodowiskowe<\/h2>\n<p>Bezpiecze\u0144stwo jest kwesti\u0105 kluczow\u0105 podczas pracy z cylindrami hydraulicznymi. Operatorzy powinni przestrzega\u0107 wszystkich wytycznych bezpiecze\u0144stwa i nosi\u0107 odpowiedni sprz\u0119t ochronny. Kwestie ochrony \u015brodowiska odgrywaj\u0105 r\u00f3wnie\u017c istotn\u0105 rol\u0119 w u\u017cytkowaniu cylindr\u00f3w hydraulicznych. Prawid\u0142owa utylizacja zu\u017cytego oleju hydraulicznego i innych materia\u0142\u00f3w niebezpiecznych jest konieczna, aby zminimalizowa\u0107 wp\u0142yw na \u015brodowisko.<\/p>\n<h2>Typowe problemy i rozwi\u0105zywanie problem\u00f3w<\/h2>\n<p>Si\u0142ownik \u0142y\u017cki mo\u017ce napotyka\u0107 pewne typowe problemy, takie jak wyciek oleju, powolna praca i dryft cylindra. Problemy te mo\u017cna rozwi\u0105za\u0107 poprzez regularne kontrole i konserwacj\u0119. Je\u015bli problemy nie ust\u0105pi\u0105, zaleca si\u0119 konsultacj\u0119 z producentem lub wykwalifikowanym technikiem.<\/p>\n<p><img decoding=\"async\" src=\"https:\/\/www.hydraulic-cylinders.net\/wp-content\/uploads\/2025\/01\/songte-bushings-with-all-kinds-of-excavator-models.webp\" \/><\/p>\n<h2>O naszej firmie<\/h2>\n<p>Jeste\u015bmy wiod\u0105cym producentem i hurtownikiem si\u0142ownik\u00f3w hydraulicznych na rynku krajowym i mi\u0119dzynarodowym. Nasze produkty s\u0105 zr\u00f3\u017cnicowane i kompletne, a my kierujemy si\u0119 zasad\u0105 doskona\u0142ej jako\u015bci, opieraj\u0105c si\u0119 na strategii zarz\u0105dzania produkcj\u0105 przemys\u0142ow\u0105 w naszym wyrafinowanym warsztacie produkcyjnym. Stale udoskonalamy platform\u0119 produkcyjn\u0105, doskonalimy jako\u015b\u0107 linii produkcyjnej i dysponujemy du\u017cym potencja\u0142em produkcyjnym, aby sprosta\u0107 zr\u00f3\u017cnicowanym potrzebom klient\u00f3w. Oferujemy r\u00f3wnie\u017c us\u0142ugi dostosowane do indywidualnych potrzeb i posiadamy mi\u0119dzynarodowe certyfikaty kontroli jako\u015bci.<\/p>\n<p>Nasza firma zobowi\u0105za\u0142a si\u0119 do dostarczania klientom wysokiej jako\u015bci produkt\u00f3w i us\u0142ug. Dysponujemy zespo\u0142em profesjonalnych technik\u00f3w, wysokiej klasy cyfrowym sprz\u0119tem produkcyjnym oraz profesjonalnym systemem testowania, kt\u00f3ry stale udoskonala platform\u0119 produkcyjn\u0105 i doskonali jako\u015b\u0107 linii produkcyjnej.<\/p>\n<p>Nasza firma oferuje r\u00f3wnie\u017c us\u0142ugi posprzeda\u017cowe, w tym przegl\u0105dy, naprawy i wymian\u0119, aby zapewni\u0107 naszym klientom pe\u0142n\u0105 satysfakcj\u0119. Zale\u017cy nam na dostarczaniu naszym klientom si\u0142ownik\u00f3w hydraulicznych i us\u0142ug najwy\u017cszej jako\u015bci.<\/p>\n<p><img decoding=\"async\" src=\"https:\/\/hzpt.com\/wp-content\/uploads\/2024\/11\/songte-company-1.webp\" \/><\/p>\n<p>Autor: lyl<\/p>","protected":false},"excerpt":{"rendered":"<p>Bucket Cylinder For XCMG Small Excavator XE6OCA Introduction The bucket cylinder for XCMG small excavator XE6OCA is a specialized hydraulic cylinder used for controlling the movement of the bucket in heavy machinery like excavators, backhoe excavators, and front-end loaders. Its primary function is to enable the bucket to lift, lower, and tilt, making it easy [&hellip;]<\/p>","protected":false},"featured_media":14762,"comment_status":"open","ping_status":"closed","template":"","meta":{"_et_pb_use_builder":"","_et_pb_old_content":"","_et_gb_content_width":""},"product_brand":[],"product_cat":[1494],"product_tag":[1495,1496],"class_list":{"0":"post-15460","1":"product","2":"type-product","3":"status-publish","4":"has-post-thumbnail","6":"product_cat-bucket-cylinders","7":"product_tag-bucket-cylinders","8":"product_tag-hydraulic-cylinders","10":"first","11":"instock","12":"shipping-taxable","13":"product-type-simple"},"amp_enabled":true,"_links":{"self":[{"href":"https:\/\/www.hydraulic-cylinders.net\/pl\/wp-json\/wp\/v2\/product\/15460","targetHints":{"allow":["GET"]}}],"collection":[{"href":"https:\/\/www.hydraulic-cylinders.net\/pl\/wp-json\/wp\/v2\/product"}],"about":[{"href":"https:\/\/www.hydraulic-cylinders.net\/pl\/wp-json\/wp\/v2\/types\/product"}],"replies":[{"embeddable":true,"href":"https:\/\/www.hydraulic-cylinders.net\/pl\/wp-json\/wp\/v2\/comments?post=15460"}],"wp:featuredmedia":[{"embeddable":true,"href":"https:\/\/www.hydraulic-cylinders.net\/pl\/wp-json\/wp\/v2\/media\/14762"}],"wp:attachment":[{"href":"https:\/\/www.hydraulic-cylinders.net\/pl\/wp-json\/wp\/v2\/media?parent=15460"}],"wp:term":[{"taxonomy":"product_brand","embeddable":true,"href":"https:\/\/www.hydraulic-cylinders.net\/pl\/wp-json\/wp\/v2\/product_brand?post=15460"},{"taxonomy":"product_cat","embeddable":true,"href":"https:\/\/www.hydraulic-cylinders.net\/pl\/wp-json\/wp\/v2\/product_cat?post=15460"},{"taxonomy":"product_tag","embeddable":true,"href":"https:\/\/www.hydraulic-cylinders.net\/pl\/wp-json\/wp\/v2\/product_tag?post=15460"}],"curies":[{"name":"wp","href":"https:\/\/api.w.org\/{rel}","templated":true}]}}