{"id":15464,"date":"2025-01-19T14:33:49","date_gmt":"2025-01-19T14:33:49","guid":{"rendered":"https:\/\/www.hydraulic-cylinders.net\/product\/bucket-cylinder-for-xcmg-small-excavator-xe40\/"},"modified":"2025-01-19T14:33:51","modified_gmt":"2025-01-19T14:33:51","slug":"bucket-cylinder-for-xcmg-small-excavator-xe40","status":"publish","type":"product","link":"https:\/\/www.hydraulic-cylinders.net\/pl\/produkt\/bucket-cylinder-for-xcmg-small-excavator-xe40\/","title":{"rendered":"Si\u0142ownik \u0142y\u017cki do ma\u0142ej koparki XCMG XE40"},"content":{"rendered":"<p><!DOCTYPE html><br \/>\n<html><br \/>\n<head><br \/>\n<title>Si\u0142ownik \u0142y\u017cki do ma\u0142ej koparki XCMG XE40<\/title><br \/>\n<\/head><br \/>\n<body><\/p>\n<h1>Si\u0142ownik \u0142y\u017cki do ma\u0142ej koparki XCMG XE40<\/h1>\n<h2>Wst\u0119p<\/h2>\n<p>Si\u0142ownik \u0142y\u017cki to specjalnie zaprojektowany si\u0142ownik hydrauliczny s\u0142u\u017c\u0105cy do sterowania ruchem \u0142y\u017cki w ci\u0119\u017ckich maszynach, takich jak koparki, koparko-\u0142adowarki i \u0142adowarki ko\u0142owe. Jego g\u0142\u00f3wn\u0105 funkcj\u0105 jest podnoszenie, opuszczanie i przechylanie \u0142y\u017cki, u\u0142atwiaj\u0105c tym samym r\u00f3\u017cnorodne zadania zwi\u0105zane z prze\u0142adunkiem materia\u0142\u00f3w. W uk\u0142adzie hydraulicznym si\u0142ownik \u0142y\u017cki zapewnia precyzyjn\u0105 kontrol\u0119 nad \u0142y\u017ck\u0105, wykorzystuj\u0105c zmiany ci\u015bnienia oleju hydraulicznego, umo\u017cliwiaj\u0105c operatorom wydajne przenoszenie ci\u0119\u017ckich \u0142adunk\u00f3w i dostosowywanie si\u0119 do z\u0142o\u017conych warunk\u00f3w pracy oraz zr\u00f3\u017cnicowanych wymaga\u0144.<\/p>\n<p><img decoding=\"async\" src=\"https:\/\/www.hydraulic-cylinders.net\/wp-content\/uploads\/2025\/01\/songte-company-2.webp\" alt=\"Obraz cylindra wiadra\"><\/p>\n<h2>Cechy<\/h2>\n<ul>\n<li>Wysoka wytrzyma\u0142o\u015b\u0107 i trwa\u0142o\u015b\u0107: Zazwyczaj wykonany z wysokowytrzyma\u0142ej stali lub aluminium, wytrzymuje wysokie ci\u015bnienie i du\u017ce obci\u0105\u017cenia, dostosowuj\u0105c si\u0119 do trudnych warunk\u00f3w pracy. Konstrukcja uwzgl\u0119dnia odporno\u015b\u0107 na zu\u017cycie i korozj\u0119, aby wyd\u0142u\u017cy\u0107 jego \u017cywotno\u015b\u0107.<\/li>\n<li>Wydajna praca uk\u0142adu hydraulicznego: Wykorzystuj\u0105c ci\u015bnienie oleju hydraulicznego, urz\u0105dzenie zapewnia p\u0142ynne rozci\u0105ganie i wci\u0105ganie, szybko reaguje na polecenia steruj\u0105ce, generuje du\u017ce si\u0142y pchania i ci\u0105gni\u0119cia oraz nadaje si\u0119 do przenoszenia ci\u0119\u017ckich \u0142adunk\u00f3w i wykonywania skomplikowanych zada\u0144.<\/li>\n<li>R\u00f3\u017cne typy: W zale\u017cno\u015bci od wymaga\u0144, si\u0142owniki mog\u0105 by\u0107 jednostronnego dzia\u0142ania (hydrauliczne w jednym kierunku) lub dwustronnego dzia\u0142ania (hydrauliczne w obu kierunkach), spe\u0142niaj\u0105c r\u00f3\u017cne potrzeby eksploatacyjne. Niekt\u00f3re modele s\u0105 teleskopowe, co pozwala na wi\u0119ksze wysuni\u0119cie bez zwi\u0119kszania wymiar\u00f3w zewn\u0119trznych, co jest odpowiednie do zastosowa\u0144 w ograniczonej przestrzeni.<\/li>\n<li>Idealny zamiennik: Nasze produkty mog\u0105 doskonale zast\u0105pi\u0107 te si\u0142owniki hydrauliczne.<\/li>\n<\/ul>\n<p><img decoding=\"async\" src=\"https:\/\/www.hydraulic-cylinders.net\/wp-content\/uploads\/2025\/01\/songte-cylinder-head-with-all-kinds-excavator-models.webp\" alt=\"Obraz produktu\"><\/p>\n<h2>Aplikacje<\/h2>\n<ul>\n<li>Sprz\u0119t budowlany: Znajduj\u0105 si\u0119 w koparkach i s\u0105 niezb\u0119dne do kopania, za\u0142adunku i przemieszczania gleby lub gruzu. W koparko-\u0142adowarkach si\u0142ownik \u0142y\u017cki wspomaga zar\u00f3wno kopanie, jak i podnoszenie.<\/li>\n<li>Maszyny rolnicze: Stosowane w \u0142adowarkach czo\u0142owych do nabierania, podnoszenia i transportu gleby, siana i innych materia\u0142\u00f3w.<\/li>\n<li>Koparki: Cylinder \u0142y\u017cki umo\u017cliwia kopanie poprzez umo\u017cliwienie \u0142y\u017cce wnikania w gleb\u0119.<\/li>\n<li>\u0141adowarki ko\u0142owe: W przypadku \u0142adowarek czo\u0142owych u\u0142atwiaj\u0105 wydajne podnoszenie i wysypywanie towar\u00f3w.<\/li>\n<\/ul>\n<h2>Zagadnienia projektowe i kryteria wyboru<\/h2>\n<ul>\n<li>No\u015bno\u015b\u0107: Om\u00f3w zdolno\u015b\u0107 do wytrzymywania obci\u0105\u017ce\u0144 i ci\u015bnie\u0144.<\/li>\n<li>Uszczelnienie: Wyja\u015bnij, jak wa\u017cne jest stosowanie r\u00f3\u017cnych element\u00f3w uszczelniaj\u0105cych, takich jak uszczelnienia t\u0142ok\u00f3w i uszczelnienia t\u0142oczysk, wykonanych z materia\u0142\u00f3w odpornych na zu\u017cycie, np. poliuretanu i kauczuku nitrylowego.<\/li>\n<li>Trwa\u0142o\u015b\u0107: Om\u00f3w precyzyjn\u0105 obr\u00f3bk\u0119 powierzchni korpusu cylindra i gwintowanych ko\u0144c\u00f3wek w celu zwi\u0119kszenia odporno\u015bci na zu\u017cycie.<\/li>\n<li>Bezpiecze\u0144stwo: Om\u00f3w zagadnienia bezpiecze\u0144stwa uwzgl\u0119dnione w projekcie, takie jak niezawodne mechanizmy blokuj\u0105ce i zawory bezpiecze\u0144stwa.<\/li>\n<li>\u0141atwo\u015b\u0107 konserwacji: Om\u00f3w \u0142atwo\u015b\u0107 konserwacji i dost\u0119pno\u015b\u0107 cz\u0119\u015bci zamiennych.<\/li>\n<\/ul>\n<p><img decoding=\"async\" src=\"https:\/\/www.hydraulic-cylinders.net\/wp-content\/uploads\/2025\/01\/songte-oil-pipes-and-spare-parts.webp\" alt=\"Obraz produktu\"><\/p>\n<h2>Uszczelnianie i smarowanie<\/h2>\n<p>W cylindrze kube\u0142kowym zastosowano r\u00f3\u017cnorodne uszczelnienia, takie jak uszczelnienia t\u0142oka i t\u0142oczyska, wykonane z materia\u0142\u00f3w odpornych na zu\u017cycie, takich jak poliuretan i kauczuk nitrylowy. Korpus cylindra i gwintowane ko\u0144c\u00f3wki s\u0105 precyzyjnie obrobione w celu zwi\u0119kszenia odporno\u015bci na zu\u017cycie. Regularne smarowanie odpowiednim olejem hydraulicznym jest niezb\u0119dne dla zapewnienia p\u0142ynnej pracy i wyd\u0142u\u017cenia \u017cywotno\u015bci cylindra.<\/p>\n<h2>Inspekcja i konserwacja zapobiegawcza<\/h2>\n<ul>\n<li>Regularne kontrole: Podkre\u015bl znaczenie regularnej kontroli wizualnej w celu wykrycia wszelkich oznak uszkodze\u0144 lub wyciek\u00f3w.<\/li>\n<li>Prawid\u0142owe smarowanie: Om\u00f3w potrzeb\u0119 okresowego smarowania w celu zapewnienia p\u0142ynnej pracy.<\/li>\n<li>Wymiana uszczelek: Wyja\u015bnij, jak wa\u017cna jest wymiana zu\u017cytych uszczelek, aby zapobiega\u0107 przeciekom i zachowa\u0107 optymaln\u0105 wydajno\u015b\u0107.<\/li>\n<li>Kontrola kalibracji: Zaleca si\u0119 okresowe kontrole kalibracji w celu zapewnienia dok\u0142adnego dzia\u0142ania.<\/li>\n<\/ul>\n<p><img decoding=\"async\" src=\"https:\/\/www.hydraulic-cylinders.net\/wp-content\/uploads\/2025\/01\/songte-chushion-collar.webp\" alt=\"Obraz produktu\"><\/p>\n<h2>Zagadnienia bezpiecze\u0144stwa i czynniki \u015brodowiskowe<\/h2>\n<p>Podczas u\u017cytkowania cylindra czerpakowego nale\u017cy bezwzgl\u0119dnie przestrzega\u0107 \u015brodk\u00f3w bezpiecze\u0144stwa, aby zapobiec wypadkom i zapewni\u0107 bezpiecze\u0144stwo operatorom oraz \u015brodowisku. Nale\u017cy przestrzega\u0107 \u015brodk\u00f3w ostro\u017cno\u015bci, takich jak noszenie odpowiedniego sprz\u0119tu ochronnego i przestrzeganie wytycznych operacyjnych.<\/p>\n<h2>Rozwi\u0105zywanie problem\u00f3w i typowe problemy<\/h2>\n<p>Rozwi\u0105zuj potencjalne problemy i udzielaj wskaz\u00f3wek oraz rozwi\u0105za\u0144, aby pom\u00f3c czytelnikom skutecznie diagnozowa\u0107 i rozwi\u0105zywa\u0107 problemy. Zaproponuj \u015brodki zapobiegawcze, aby zminimalizowa\u0107 potencjalne problemy i zapewni\u0107 p\u0142ynne dzia\u0142anie.<\/p>\n<p><img decoding=\"async\" src=\"https:\/\/www.hydraulic-cylinders.net\/wp-content\/uploads\/2025\/01\/songte-bushings-with-all-kinds-of-excavator-models.webp\" alt=\"Obraz produktu\"><\/p>\n<h2>Wniosek<\/h2>\n<p>Nasza firma jest wiod\u0105cym producentem i hurtowym dystrybutorem si\u0142ownik\u00f3w hydraulicznych na rynku krajowym i mi\u0119dzynarodowym. Oferujemy pe\u0142n\u0105 gam\u0119 produkt\u00f3w i d\u0105\u017cymy do doskona\u0142o\u015bci jako\u015bci. Dzi\u0119ki wysoko wykwalifikowanemu zespo\u0142owi technicznemu, najnowocze\u015bniejszemu sprz\u0119towi produkcyjnemu i profesjonalnym systemom testowym, stale doskonalimy nasze mo\u017cliwo\u015bci produkcyjne, jako\u015b\u0107 produkt\u00f3w i wydajno\u015b\u0107 produkcji, aby sprosta\u0107 zr\u00f3\u017cnicowanym potrzebom naszych klient\u00f3w.<\/p>\n<p><img decoding=\"async\" src=\"https:\/\/www.hydraulic-cylinders.net\/wp-content\/uploads\/2025\/01\/songte-company-3.webp\" alt=\"Wizerunek firmy\"><\/p>\n<h3>O naszej firmie<\/h3>\n<ul>\n<li>Profesjonalizm: Podkre\u015bl kompetencje i do\u015bwiadczenie firmy w produkcji cylindr\u00f3w hydraulicznych.<\/li>\n<li>Certyfikaty mi\u0119dzynarodowe: Om\u00f3w wszelkie istotne certyfikaty uzyskane przez firm\u0119, potwierdzaj\u0105ce jako\u015b\u0107 produktu i zgodno\u015b\u0107 z normami bran\u017cowymi.<\/li>\n<li>Us\u0142ugi dostosowywania: Podkre\u015bl zdolno\u015b\u0107 firmy do dostarczania rozwi\u0105za\u0144 dostosowanych do indywidualnych potrzeb klient\u00f3w.<\/li>\n<li>Sprz\u0119t produkcyjny: Opisz zaawansowany sprz\u0119t produkcyjny wykorzystywany przez firm\u0119 w celu zapewnienia wysokiej jako\u015bci produkt\u00f3w.<\/li>\n<li>Serwis posprzeda\u017cowy: Om\u00f3w zaanga\u017cowanie firmy w zapewnianie doskona\u0142ej obs\u0142ugi posprzeda\u017cowej, obejmuj\u0105cej wymian\u0119 cz\u0119\u015bci i us\u0142ugi regeneracji.<\/li>\n<\/ul>\n<p>Autor: lyl<\/p>\n<p><img decoding=\"async\" src=\"https:\/\/hzpt.com\/wp-content\/uploads\/2024\/11\/songte-company-1.webp\" alt=\"Wizerunek firmy\"><\/p>\n<p><\/body><br \/>\n<\/html><\/p>","protected":false},"excerpt":{"rendered":"<p>Bucket Cylinder For XCMG Small Excavator XE40 Bucket Cylinder For XCMG Small Excavator XE40 Introduction The bucket cylinder is a specially designed hydraulic cylinder used to control the movement of the bucket in heavy machinery such as excavators, backhoe loaders, and wheel loaders. Its main function is to enable the lifting, lowering, and tilting of [&hellip;]<\/p>","protected":false},"featured_media":14787,"comment_status":"open","ping_status":"closed","template":"","meta":{"_et_pb_use_builder":"","_et_pb_old_content":"","_et_gb_content_width":""},"product_brand":[],"product_cat":[1494],"product_tag":[1495,1496],"class_list":{"0":"post-15464","1":"product","2":"type-product","3":"status-publish","4":"has-post-thumbnail","6":"product_cat-bucket-cylinders","7":"product_tag-bucket-cylinders","8":"product_tag-hydraulic-cylinders","10":"first","11":"instock","12":"shipping-taxable","13":"product-type-simple"},"amp_enabled":true,"_links":{"self":[{"href":"https:\/\/www.hydraulic-cylinders.net\/pl\/wp-json\/wp\/v2\/product\/15464","targetHints":{"allow":["GET"]}}],"collection":[{"href":"https:\/\/www.hydraulic-cylinders.net\/pl\/wp-json\/wp\/v2\/product"}],"about":[{"href":"https:\/\/www.hydraulic-cylinders.net\/pl\/wp-json\/wp\/v2\/types\/product"}],"replies":[{"embeddable":true,"href":"https:\/\/www.hydraulic-cylinders.net\/pl\/wp-json\/wp\/v2\/comments?post=15464"}],"wp:featuredmedia":[{"embeddable":true,"href":"https:\/\/www.hydraulic-cylinders.net\/pl\/wp-json\/wp\/v2\/media\/14787"}],"wp:attachment":[{"href":"https:\/\/www.hydraulic-cylinders.net\/pl\/wp-json\/wp\/v2\/media?parent=15464"}],"wp:term":[{"taxonomy":"product_brand","embeddable":true,"href":"https:\/\/www.hydraulic-cylinders.net\/pl\/wp-json\/wp\/v2\/product_brand?post=15464"},{"taxonomy":"product_cat","embeddable":true,"href":"https:\/\/www.hydraulic-cylinders.net\/pl\/wp-json\/wp\/v2\/product_cat?post=15464"},{"taxonomy":"product_tag","embeddable":true,"href":"https:\/\/www.hydraulic-cylinders.net\/pl\/wp-json\/wp\/v2\/product_tag?post=15464"}],"curies":[{"name":"wp","href":"https:\/\/api.w.org\/{rel}","templated":true}]}}