{"id":15465,"date":"2025-01-19T14:33:53","date_gmt":"2025-01-19T14:33:53","guid":{"rendered":"https:\/\/www.hydraulic-cylinders.net\/product\/bucket-cylinder-for-xcmg-small-excavator-xe65ca\/"},"modified":"2025-01-19T14:33:55","modified_gmt":"2025-01-19T14:33:55","slug":"bucket-cylinder-for-xcmg-small-excavator-xe65ca","status":"publish","type":"product","link":"https:\/\/www.hydraulic-cylinders.net\/pl\/produkt\/bucket-cylinder-for-xcmg-small-excavator-xe65ca\/","title":{"rendered":"Si\u0142ownik \u0142y\u017cki do ma\u0142ej koparki XCMG XE65CA"},"content":{"rendered":"<h1>Si\u0142ownik \u0142y\u017cki do ma\u0142ej koparki XCMG XE65CA<\/h1>\n<h2>Wst\u0119p<\/h2>\n<h3>Definicja cylindra kube\u0142kowego<\/h3>\n<p>Si\u0142ownik \u0142y\u017cki to specjalnie zaprojektowany si\u0142ownik hydrauliczny, u\u017cywany g\u0142\u00f3wnie do sterowania ruchem \u0142y\u017cki w maszynach ci\u0119\u017ckich, takich jak koparki, koparko-\u0142adowarki i \u0142adowarki czo\u0142owe. Jego g\u0142\u00f3wn\u0105 funkcj\u0105 jest podnoszenie, opuszczanie i przechylanie \u0142y\u017cki, u\u0142atwiaj\u0105c r\u00f3\u017cnorodne zadania zwi\u0105zane z prze\u0142adunkiem materia\u0142\u00f3w. W uk\u0142adzie hydraulicznym si\u0142ownik \u0142y\u017cki zapewnia precyzyjn\u0105 kontrol\u0119 ruchu \u0142y\u017cki poprzez zmian\u0119 ci\u015bnienia oleju hydraulicznego, umo\u017cliwiaj\u0105c operatorom wydajne przenoszenie ci\u0119\u017ckich \u0142adunk\u00f3w i dostosowanie si\u0119 do z\u0142o\u017conych warunk\u00f3w pracy oraz zr\u00f3\u017cnicowanych potrzeb operacyjnych.<\/p>\n<p><img decoding=\"async\" src=\"https:\/\/www.hydraulic-cylinders.net\/wp-content\/uploads\/2025\/01\/songte-company-2.webp\" alt=\"obraz cylindra wiadra\"><\/p>\n<h3>Cechy<\/h3>\n<ul>\n<li>Wysoka wytrzyma\u0142o\u015b\u0107 i trwa\u0142o\u015b\u0107: Zazwyczaj wykonany z wysokowytrzyma\u0142ej stali lub aluminium, wytrzymuje wysokie ci\u015bnienie i du\u017ce obci\u0105\u017cenia, dostosowuj\u0105c si\u0119 do trudnych warunk\u00f3w pracy. Konstrukcja uwzgl\u0119dnia odporno\u015b\u0107 na zu\u017cycie i korozj\u0119, co wyd\u0142u\u017ca jego \u017cywotno\u015b\u0107.<\/li>\n<li>Wydajne dzia\u0142anie uk\u0142adu hydraulicznego: Wykorzystanie ci\u015bnienia oleju hydraulicznego w celu uzyskania p\u0142ynnego rozci\u0105gania i wci\u0105gania, mo\u017cliwo\u015b\u0107 szybkiej reakcji na polecenia operacyjne, zapewnienie du\u017cej si\u0142y pchania i ci\u0105gni\u0119cia, odpowiednie do obs\u0142ugi ci\u0119\u017ckich \u0142adunk\u00f3w i wykonywania skomplikowanych zada\u0144.<\/li>\n<li>R\u00f3\u017cnorodne typy: Si\u0142owniki jednostronnego dzia\u0142ania (hydrauliczne dzia\u0142aj\u0105ce tylko w jednym kierunku) lub dwustronnego dzia\u0142ania (hydrauliczne dzia\u0142aj\u0105ce w obu kierunkach) mo\u017cna dobra\u0107 w zale\u017cno\u015bci od potrzeb operacyjnych. Niekt\u00f3re modele s\u0105 teleskopowe, co pozwala na wi\u0119ksze wysuni\u0119cie bez zwi\u0119kszania wymiar\u00f3w zewn\u0119trznych, i nadaje si\u0119 do zastosowa\u0144 w ograniczonej przestrzeni.<\/li>\n<li>Mo\u017cliwo\u015b\u0107 wymiany na inne cylindry hydrauliczne<\/li>\n<li>Wyprodukowane przez nasz\u0105 firm\u0119<\/li>\n<\/ul>\n<p><img decoding=\"async\" src=\"https:\/\/www.hydraulic-cylinders.net\/wp-content\/uploads\/2025\/01\/songte-cylinder-head-with-all-kinds-excavator-models.webp\" alt=\"obraz cylindra wiadra\"><\/p>\n<h3>Aplikacje<\/h3>\n<p>Si\u0142ownik czerpakowy jest powszechnie stosowany w r\u00f3\u017cnego rodzaju sprz\u0119cie budowlanym, maszynach rolniczych, sprz\u0119cie g\u00f3rniczym i innych ga\u0142\u0119ziach przemys\u0142u.<\/p>\n<h4>Sprz\u0119t budowlany<\/h4>\n<ul>\n<li>Koparki: Cylinder \u0142y\u017cki umo\u017cliwia kopanie poprzez umo\u017cliwienie \u0142y\u017cce penetracji gleby.<\/li>\n<li>Koparko-\u0142adowarki: Si\u0142ownik \u0142y\u017cki u\u0142atwia kopanie i podnoszenie.<\/li>\n<li>\u0141adowarki: W \u0142adowarkach czo\u0142owych si\u0142owniki \u0142y\u017cki umo\u017cliwiaj\u0105 wydajne podnoszenie i przechylanie \u0142adunku.<\/li>\n<\/ul>\n<h4>Maszyny rolnicze<\/h4>\n<ul>\n<li>\u0141adowarki czo\u0142owe: s\u0142u\u017c\u0105 do nabierania, podnoszenia i transportu ziemi, siana i innych materia\u0142\u00f3w.<\/li>\n<\/ul>\n<h4>Sprz\u0119t g\u00f3rniczy<\/h4>\n<ul>\n<li>Stosowany w ci\u0119\u017ckich maszynach g\u00f3rniczych, takich jak wiertarki do ska\u0142 i koparki g\u00f3rnicze, do efektywnego i wydajnego przemieszczania i podnoszenia ci\u0119\u017ckich \u0142adunk\u00f3w.<\/li>\n<\/ul>\n<h3>Zagadnienia projektowe i kryteria wyboru<\/h3>\n<h4>Rozwa\u017cania projektowe<\/h4>\n<ul>\n<li>No\u015bno\u015b\u0107<\/li>\n<li>Wydajno\u015b\u0107 uszczelnienia<\/li>\n<li>Trwa\u0142o\u015b\u0107<\/li>\n<li>Bezpiecze\u0144stwo<\/li>\n<li>Utrzymywalno\u015b\u0107<\/li>\n<\/ul>\n<h4>Kryteria wyboru<\/h4>\n<ul>\n<li>No\u015bno\u015b\u0107 \u0142adunku<\/li>\n<li>D\u0142ugo\u015b\u0107 skoku<\/li>\n<li>\u015arednica otworu<\/li>\n<li>Ci\u015bnienie robocze<\/li>\n<li>Rodzaj i uk\u0142ad monta\u017cu<\/li>\n<li>Odporno\u015b\u0107 na korozj\u0119<\/li>\n<\/ul>\n<p><img decoding=\"async\" src=\"https:\/\/www.hydraulic-cylinders.net\/wp-content\/uploads\/2025\/01\/songte-oil-pipes-and-spare-parts.webp\" alt=\"obraz cylindra wiadra\"><\/p>\n<h3>Uszczelnianie i smarowanie<\/h3>\n<p>W cylindrach kube\u0142kowych zazwyczaj stosuje si\u0119 r\u00f3\u017cne elementy uszczelniaj\u0105ce, takie jak uszczelnienia t\u0142oka i t\u0142oczyska, wykonane z materia\u0142\u00f3w odpornych na zu\u017cycie, takich jak poliuretan i kauczuk nitrylowy, aby zapewni\u0107 szczelno\u015b\u0107 i trwa\u0142o\u015b\u0107. Korpus cylindra i powierzchnia gwintu s\u0105 poddawane precyzyjnej obr\u00f3bce w celu zwi\u0119kszenia odporno\u015bci na zu\u017cycie. Wymagaj\u0105 one regularnego smarowania odpowiedni\u0105 ilo\u015bci\u0105 oleju hydraulicznego, aby zapewni\u0107 p\u0142ynn\u0105 prac\u0119.<\/p>\n<h3>Konserwacja i naprawa<\/h3>\n<p>Regularna konserwacja i przegl\u0105dy s\u0105 kluczowe dla wyd\u0142u\u017cenia \u017cywotno\u015bci si\u0142ownika czerpakowego. Typowe czynno\u015bci konserwacyjne obejmuj\u0105 smarowanie, wymian\u0119 uszczelnie\u0144 i kontrol\u0119 kalibracji. Podczas monta\u017cu nale\u017cy zapewni\u0107 odpowiednie wskaz\u00f3wki dotycz\u0105ce ustawienia si\u0142ownika oraz u\u017cywa\u0107 odpowiednich wspornik\u00f3w monta\u017cowych do jego zabezpieczenia. Zalecane procedury kontroli, naprawy i wymiany mo\u017cna znale\u017a\u0107 w instrukcji obs\u0142ugi produktu. Dost\u0119pne s\u0105 r\u00f3wnie\u017c us\u0142ugi regeneracji i cz\u0119\u015bci zamienne.<\/p>\n<p><img decoding=\"async\" src=\"https:\/\/www.hydraulic-cylinders.net\/wp-content\/uploads\/2025\/01\/songte-chushion-collar.webp\" alt=\"obraz cylindra wiadra\"><\/p>\n<h3>Bezpiecze\u0144stwo i wzgl\u0119dy \u015brodowiskowe<\/h3>\n<p>Podczas korzystania z cylindr\u00f3w czerpakowych nale\u017cy podj\u0105\u0107 odpowiednie \u015brodki bezpiecze\u0144stwa, aby zapobiec obra\u017ceniom operator\u00f3w i os\u00f3b postronnych. Nale\u017cy r\u00f3wnie\u017c wzi\u0105\u0107 pod uwag\u0119 kwestie \u015brodowiskowe, takie jak wycieki oleju, i podj\u0105\u0107 odpowiednie \u015brodki w celu ochrony otaczaj\u0105cego \u015brodowiska.<\/p>\n<h3>Diagnostyka usterek i rozwi\u0105zywanie problem\u00f3w<\/h3>\n<p>Do typowych problem\u00f3w z si\u0142ownikami kube\u0142kowymi nale\u017c\u0105 nieszczelne uszczelki, uszkodzone t\u0142oczyska i uszkodzone uszczelnienia t\u0142ok\u00f3w. Diagnostyk\u0119 usterek i metody rozwi\u0105zywania problem\u00f3w opisano w instrukcji obs\u0142ugi produktu. Regularna konserwacja i przegl\u0105dy r\u00f3wnie\u017c mog\u0105 pom\u00f3c w zapobieganiu potencjalnym problemom.<\/p>\n<p><img decoding=\"async\" src=\"https:\/\/www.hydraulic-cylinders.net\/wp-content\/uploads\/2025\/01\/songte-bushings-with-all-kinds-of-excavator-models.webp\" alt=\"obraz cylindra wiadra\"><\/p>\n<h2>O nas<\/h2>\n<p>Jeste\u015bmy producentem cylindr\u00f3w hydraulicznych, dostarczaj\u0105cym r\u00f3\u017cnorodne cylindry hydrauliczne jako zamienniki oryginalnych cz\u0119\u015bci producent\u00f3w (OEM). Stali\u015bmy si\u0119 jednym z wiod\u0105cych producent\u00f3w i hurtowych dystrybutor\u00f3w cylindr\u00f3w hydraulicznych na rynku krajowym i mi\u0119dzynarodowym. Nasz warsztat produkcyjny realizuje strategi\u0119 zarz\u0105dzania produkcj\u0105 przemys\u0142ow\u0105, opart\u0105 na doskona\u0142ej jako\u015bci, wykorzystuj\u0105c talent technologiczny, cyfrowy sprz\u0119t produkcyjny wysokiej klasy oraz profesjonalne systemy testowe, stale ulepszaj\u0105c platform\u0119 produkcyjn\u0105 warsztatu, poprawiaj\u0105c jako\u015b\u0107 procesu produkcyjnego produkt\u00f3w oraz dysponuj\u0105c du\u017cym potencja\u0142em produkcyjnym. Naszym celem jest zaspokojenie zr\u00f3\u017cnicowanych potrzeb klient\u00f3w dzi\u0119ki wysokiej wydajno\u015bci, precyzji i wysokim standardom jako\u015bci.<\/p>\n<h3>Profesjonalizm<\/h3>\n<p>Nasz\u0105 firm\u0119 tworzy zesp\u00f3\u0142 profesjonalist\u00f3w z wieloletnim do\u015bwiadczeniem w bran\u017cy si\u0142ownik\u00f3w hydraulicznych, kt\u00f3rzy zapewniaj\u0105 klientom fachowe doradztwo i rozwi\u0105zania.<\/p>\n<h3>Certyfikaty mi\u0119dzynarodowe<\/h3>\n<p>Nasza firma uzyska\u0142a szereg mi\u0119dzynarodowych certyfikat\u00f3w, takich jak ISO 9001 i CE, kt\u00f3re gwarantuj\u0105, \u017ce nasze produkty spe\u0142niaj\u0105 mi\u0119dzynarodowe standardy jako\u015bci.<\/p>\n<h3>Us\u0142ugi personalizacji<\/h3>\n<p>Oferujemy us\u0142ugi dostosowywania do indywidualnych potrzeb klient\u00f3w, obejmuj\u0105ce konstrukcj\u0119 cylindra, jego rozmiar i dob\u00f3r materia\u0142\u00f3w.<\/p>\n<h3>Sprz\u0119t produkcyjny<\/h3>\n<p>Nasza firma dysponuje pe\u0142nym zestawem zaawansowanego sprz\u0119tu produkcyjnego, obejmuj\u0105cego obrabiarki CNC, automatyczne maszyny spawalnicze, prasy hydrauliczne i urz\u0105dzenia testowe, co gwarantuje stabiln\u0105 jako\u015b\u0107 naszych produkt\u00f3w.<\/p>\n<h3>Serwis posprzeda\u017cowy<\/h3>\n<p>Zapewniamy klientom terminow\u0105 obs\u0142ug\u0119 posprzeda\u017cow\u0105, obejmuj\u0105c\u0105 instalacj\u0119, konserwacj\u0119, napraw\u0119 i wymian\u0119 cz\u0119\u015bci, dzi\u0119ki czemu nasi klienci mog\u0105 korzysta\u0107 z naszych produkt\u00f3w z zaufaniem.<\/p>\n<p><img decoding=\"async\" src=\"https:\/\/www.hydraulic-cylinders.net\/wp-content\/uploads\/2025\/01\/songte-company-3.webp\" alt=\"wizerunek firmy\"><\/p>\n<p>Autor: lyl<\/p>","protected":false},"excerpt":{"rendered":"<p>Bucket Cylinder For XCMG Small Excavator XE65CA Introduction Definition of Bucket Cylinder Bucket cylinder is a specifically designed hydraulic cylinder mainly used to control the motion of the bucket in heavy-duty machinery such as excavators, backhoe loaders, and front-end loaders. Its main function is to enable the bucket to lift, lower, and tilt, facilitating various [&hellip;]<\/p>","protected":false},"featured_media":14785,"comment_status":"open","ping_status":"closed","template":"","meta":{"_et_pb_use_builder":"","_et_pb_old_content":"","_et_gb_content_width":""},"product_brand":[],"product_cat":[1494],"product_tag":[1495,1496],"class_list":{"0":"post-15465","1":"product","2":"type-product","3":"status-publish","4":"has-post-thumbnail","6":"product_cat-bucket-cylinders","7":"product_tag-bucket-cylinders","8":"product_tag-hydraulic-cylinders","10":"first","11":"instock","12":"shipping-taxable","13":"product-type-simple"},"amp_enabled":true,"_links":{"self":[{"href":"https:\/\/www.hydraulic-cylinders.net\/pl\/wp-json\/wp\/v2\/product\/15465","targetHints":{"allow":["GET"]}}],"collection":[{"href":"https:\/\/www.hydraulic-cylinders.net\/pl\/wp-json\/wp\/v2\/product"}],"about":[{"href":"https:\/\/www.hydraulic-cylinders.net\/pl\/wp-json\/wp\/v2\/types\/product"}],"replies":[{"embeddable":true,"href":"https:\/\/www.hydraulic-cylinders.net\/pl\/wp-json\/wp\/v2\/comments?post=15465"}],"wp:featuredmedia":[{"embeddable":true,"href":"https:\/\/www.hydraulic-cylinders.net\/pl\/wp-json\/wp\/v2\/media\/14785"}],"wp:attachment":[{"href":"https:\/\/www.hydraulic-cylinders.net\/pl\/wp-json\/wp\/v2\/media?parent=15465"}],"wp:term":[{"taxonomy":"product_brand","embeddable":true,"href":"https:\/\/www.hydraulic-cylinders.net\/pl\/wp-json\/wp\/v2\/product_brand?post=15465"},{"taxonomy":"product_cat","embeddable":true,"href":"https:\/\/www.hydraulic-cylinders.net\/pl\/wp-json\/wp\/v2\/product_cat?post=15465"},{"taxonomy":"product_tag","embeddable":true,"href":"https:\/\/www.hydraulic-cylinders.net\/pl\/wp-json\/wp\/v2\/product_tag?post=15465"}],"curies":[{"name":"wp","href":"https:\/\/api.w.org\/{rel}","templated":true}]}}