{"id":15468,"date":"2025-01-19T14:34:05","date_gmt":"2025-01-19T14:34:05","guid":{"rendered":"https:\/\/www.hydraulic-cylinders.net\/product\/bucket-cylinder-for-xcmg-middle-excavator-xe200c\/"},"modified":"2025-01-19T14:34:07","modified_gmt":"2025-01-19T14:34:07","slug":"bucket-cylinder-for-xcmg-middle-excavator-xe200c","status":"publish","type":"product","link":"https:\/\/www.hydraulic-cylinders.net\/pl\/produkt\/bucket-cylinder-for-xcmg-middle-excavator-xe200c\/","title":{"rendered":"Si\u0142ownik \u0142y\u017cki do koparki \u015brodkowej XCMG XE200C"},"content":{"rendered":"<h1>Si\u0142ownik \u0142y\u017cki do koparki \u015brodkowej XCMG XE200C<\/h1>\n<h2>Wst\u0119p<\/h2>\n<p>Si\u0142ownik \u0142y\u017cki do koparki \u015bredniej XCMG XE200C to specjalistyczny si\u0142ownik hydrauliczny, stosowany g\u0142\u00f3wnie do sterowania ruchem koparek w ci\u0119\u017ckich maszynach, takich jak koparki, koparko-\u0142adowarki i \u0142adowarki czo\u0142owe. Jego g\u0142\u00f3wn\u0105 funkcj\u0105 jest umo\u017cliwienie podnoszenia, opuszczania i przechylania koparki, u\u0142atwiaj\u0105c wykonywanie r\u00f3\u017cnych zada\u0144 zwi\u0105zanych z prze\u0142adunkiem materia\u0142\u00f3w. W uk\u0142adzie hydraulicznym si\u0142ownik \u0142y\u017cki zapewnia precyzyjn\u0105 kontrol\u0119 ruchu koparki poprzez zmiany ci\u015bnienia oleju hydraulicznego, umo\u017cliwiaj\u0105c operatorom wydajne przenoszenie du\u017cych \u0142adunk\u00f3w i dostosowywanie si\u0119 do z\u0142o\u017conych warunk\u00f3w pracy oraz zr\u00f3\u017cnicowanych wymaga\u0144 operacyjnych.<\/p>\n<p><img decoding=\"async\" src=\"https:\/\/www.hydraulic-cylinders.net\/wp-content\/uploads\/2025\/01\/songte-company-2.webp\" alt=\"Obraz cylindra wiadra\"><\/p>\n<h2>Cechy<\/h2>\n<ul>\n<li>Wysoka wytrzyma\u0142o\u015b\u0107 i trwa\u0142o\u015b\u0107 \u2013 Zazwyczaj wykonane z wysokowytrzyma\u0142ej stali lub aluminium, wytrzymuj\u0105 du\u017ce ci\u015bnienie i du\u017ce obci\u0105\u017cenia, a tak\u017ce s\u0105 zaprojektowane z uwzgl\u0119dnieniem odporno\u015bci na zu\u017cycie i korozj\u0119, aby przed\u0142u\u017cy\u0107 \u017cywotno\u015b\u0107.<\/li>\n<li>Wydajna praca uk\u0142adu hydraulicznego \u2013 wykorzystuje ci\u015bnienie oleju hydraulicznego w celu uzyskania p\u0142ynnych ruch\u00f3w rozci\u0105gania i kurczenia, umo\u017cliwia szybk\u0105 reakcj\u0119 na polecenia steruj\u0105ce, zapewnia du\u017ce si\u0142y pchania i ci\u0105gni\u0119cia oraz nadaje si\u0119 do obs\u0142ugi du\u017cych obci\u0105\u017ce\u0144 i skomplikowanych zada\u0144 operacyjnych.<\/li>\n<li>R\u00f3\u017cne typy \u2013 Mo\u017cliwo\u015b\u0107 wyboru cylindr\u00f3w jednostronnego dzia\u0142ania (hydraulika dzia\u0142a tylko w jednym kierunku) lub dwustronnego dzia\u0142ania (hydraulika dzia\u0142a w obu kierunkach) w zale\u017cno\u015bci od wymaga\u0144, aby spe\u0142ni\u0107 zr\u00f3\u017cnicowane potrzeby operacyjne. Niekt\u00f3re modele s\u0105 teleskopowe, co pozwala na wi\u0119ksz\u0105 rozbudow\u0119 bez zwi\u0119kszania wymiar\u00f3w zewn\u0119trznych i nadaje si\u0119 do zastosowa\u0144 w ograniczonej przestrzeni.<\/li>\n<li>Idealny zamiennik \u2013 Nasz produkt mo\u017ce doskonale zast\u0105pi\u0107 inne si\u0142owniki hydrauliczne.<\/li>\n<\/ul>\n<p><img decoding=\"async\" src=\"https:\/\/www.hydraulic-cylinders.net\/wp-content\/uploads\/2025\/01\/songte-cylinder-head-with-all-kinds-excavator-models.webp\" alt=\"Obraz wymiany cylindra \u0142y\u017cki\"><\/p>\n<h2>Aplikacje<\/h2>\n<h3>Sprz\u0119t budowlany<\/h3>\n<p>W koparkach s\u0105 one niezb\u0119dne do kopania, za\u0142adunku i przemieszczania gleby lub gruzu. W koparko-\u0142adowarkach si\u0142owniki koparki pomagaj\u0105 zar\u00f3wno w kopaniu, jak i podnoszeniu. W \u0142adowarkach czo\u0142owych wspomagaj\u0105 efektywne podnoszenie i przechylanie \u0142adunk\u00f3w.<\/p>\n<h3>Maszyny rolnicze<\/h3>\n<p>U\u017cywane w \u0142adowarkach czo\u0142owych, do zagarniania, podnoszenia i transportu ziemi, siana i innych materia\u0142\u00f3w. W koparkach cylindry \u0142y\u017cki umo\u017cliwiaj\u0105 kopanie, umo\u017cliwiaj\u0105c \u0142y\u017cce zag\u0142\u0119bianie si\u0119 w gleb\u0119. W \u0142adowarkach czo\u0142owych s\u0142u\u017c\u0105 do podnoszenia i wysypywania materia\u0142\u00f3w.<\/p>\n<p><img decoding=\"async\" src=\"https:\/\/www.hydraulic-cylinders.net\/wp-content\/uploads\/2025\/01\/songte-chushion-collar.webp\" alt=\"Obraz zastosowa\u0144 cylindra kube\u0142kowego\"><\/p>\n<h2>Projektowanie i kryteria wyboru produktu<\/h2>\n<ul>\n<li>No\u015bno\u015b\u0107 \u2013 du\u017ca no\u015bno\u015b\u0107 umo\u017cliwiaj\u0105ca wytrzymywanie du\u017cych obci\u0105\u017ce\u0144.<\/li>\n<li>Uszczelnienie \u2013 odpowiednie uszczelnienie cylindra, zapobiegaj\u0105ce wyciekom oleju hydraulicznego.<\/li>\n<li>Trwa\u0142o\u015b\u0107 \u2013 d\u0142uga \u017cywotno\u015b\u0107 oraz odporno\u015b\u0107 na zu\u017cycie i korozj\u0119.<\/li>\n<li>Bezpiecze\u0144stwo \u2013 bezpieczna obs\u0142uga i ochrona przed uszkodzeniami spowodowanymi czynnikami zewn\u0119trznymi.<\/li>\n<li>\u0141atwo\u015b\u0107 konserwacji \u2013 \u0141atwa konserwacja i naprawa cylindra.<\/li>\n<\/ul>\n<p><img decoding=\"async\" src=\"https:\/\/www.hydraulic-cylinders.net\/wp-content\/uploads\/2025\/01\/songte-oil-pipes-and-spare-parts.webp\" alt=\"Obraz projektu cylindra kube\u0142kowego\"><\/p>\n<h2>Uszczelnianie i smarowanie produktu<\/h2>\n<p>W cylindrze czerpakowym zastosowano r\u00f3\u017cne elementy uszczelniaj\u0105ce, takie jak uszczelnienia t\u0142oka i t\u0142oczyska, wykonane z materia\u0142\u00f3w odpornych na zu\u017cycie, takich jak poliuretan i kauczuk nitrylowy. Korpus cylindra i gwintowana powierzchnia ko\u0144cowa s\u0105 precyzyjnie obrobione w celu zwi\u0119kszenia odporno\u015bci na zu\u017cycie. Nale\u017cy regularnie uzupe\u0142nia\u0107 odpowiedni\u0105 ilo\u015b\u0107 oleju hydraulicznego w celu smarowania.<\/p>\n<h2>Regularne kontrole i \u015brodki konserwacji zapobiegawczej<\/h2>\n<ul>\n<li>Regularna kontrola \u2013 nale\u017cy regularnie sprawdza\u0107 i konserwowa\u0107 cylinder, aby mie\u0107 pewno\u015b\u0107, \u017ce dzia\u0142a prawid\u0142owo.<\/li>\n<li>Smarowanie \u2013 odpowiednie smarowanie w celu unikni\u0119cia uszkodze\u0144 spowodowanych tarciem mi\u0119dzy ruchomymi cz\u0119\u015bciami.<\/li>\n<li>Wymiana uszczelek \u2013 regularna wymiana uszczelek w celu zapobiegania wyciekom oleju hydraulicznego.<\/li>\n<li>Kontrola kalibracji \u2013 regularna kontrola kalibracji w celu zapewnienia dok\u0142adno\u015bci dzia\u0142ania cylindra.<\/li>\n<\/ul>\n<p><img decoding=\"async\" src=\"https:\/\/www.hydraulic-cylinders.net\/wp-content\/uploads\/2025\/01\/songte-bushings-with-all-kinds-of-excavator-models.webp\" alt=\"Obraz konserwacji cylindra \u0142y\u017cki\"><\/p>\n<h2>Zagadnienia bezpiecze\u0144stwa i czynniki \u015brodowiskowe<\/h2>\n<p>Podczas u\u017cytkowania cylindra \u0142y\u017cki nale\u017cy bezwzgl\u0119dnie przestrzega\u0107 zasad bezpiecze\u0144stwa. Na przyk\u0142ad nale\u017cy upewni\u0107 si\u0119, \u017ce wszystkie po\u0142\u0105czenia hydrauliczne i elektryczne s\u0105 bezpieczne. Nale\u017cy r\u00f3wnie\u017c wzi\u0105\u0107 pod uwag\u0119 czynniki \u015brodowiskowe, takie jak temperatura i wilgotno\u015b\u0107.<\/p>\n<h2>Rozwi\u0105zywanie problem\u00f3w i typowe problemy<\/h2>\n<ul>\n<li>Powolna praca \u2013 sprawd\u017a, czy nie ma za ma\u0142o oleju hydraulicznego lub czy filtry nie s\u0105 zabrudzone.<\/li>\n<li>Wyciek \u2013 sprawd\u017a uszczelki i w razie potrzeby wymie\u0144 je.<\/li>\n<li>G\u0142o\u015bna praca \u2013 sprawd\u017a cylinder pod k\u0105tem uszkodzonych lub zu\u017cytych podzespo\u0142\u00f3w.<\/li>\n<\/ul>\n<h2>Wprowadzenie do firmy<\/h2>\n<p>Jeste\u015bmy producentem cylindr\u00f3w hydraulicznych i jednym z wiod\u0105cych producent\u00f3w oraz dystrybutor\u00f3w hurtowych cylindr\u00f3w hydraulicznych na rynku krajowym i mi\u0119dzynarodowym. Dbamy o najwy\u017csz\u0105 jako\u015b\u0107 i stosujemy zindustrializowane strategie zarz\u0105dzania produkcj\u0105 w naszych zaawansowanych warsztatach produkcyjnych. Stale udoskonalamy nasz\u0105 platform\u0119 produkcyjn\u0105, doskonalimy jako\u015b\u0107 naszych produkt\u00f3w na linii produkcyjnej i dysponujemy du\u017cym potencja\u0142em produkcyjnym. Naszym celem jest zaspokojenie zr\u00f3\u017cnicowanych potrzeb klient\u00f3w, kieruj\u0105c si\u0119 zasadami wysokiej wydajno\u015bci, precyzji i jako\u015bci.<\/p>\n<p><img decoding=\"async\" src=\"https:\/\/hzpt.com\/wp-content\/uploads\/2024\/11\/songte-company-1.webp\" alt=\"Obraz firmy Bucket Cylinder\"><\/p>\n<h3>Profesjonalizm<\/h3>\n<p>Nasz zesp\u00f3\u0142 sk\u0142ada si\u0119 z wysoko wykwalifikowanych specjalist\u00f3w z wieloletnim do\u015bwiadczeniem praktycznym w bran\u017cy.<\/p>\n<h3>Mi\u0119dzynarodowa Certyfikacja<\/h3>\n<p>Nasze produkty posiadaj\u0105 mi\u0119dzynarodowe certyfikaty, takie jak CE, ISO9001 i SGS.<\/p>\n<h3>Us\u0142uga dostosowana do potrzeb<\/h3>\n<p>Oferujemy us\u0142ugi dostosowane do indywidualnych potrzeb klienta, obejmuj\u0105ce projektowanie, produkcj\u0119, pakowanie i wysy\u0142k\u0119.<\/p>\n<h3>Sprz\u0119t produkcyjny<\/h3>\n<p>Wykorzystujemy zaawansowany sprz\u0119t produkcyjny, taki jak m.in. centra obr\u00f3bcze CNC, automatyczne maszyny spawalnicze i stanowiska do testowania cylindr\u00f3w hydraulicznych.<\/p>\n<h3>Serwis posprzeda\u017cowy<\/h3>\n<p>Oferujemy us\u0142ugi posprzeda\u017cowe, takie jak konserwacja, naprawa, wymiana cz\u0119\u015bci i regeneracja cylindr\u00f3w hydraulicznych w celu wyd\u0142u\u017cenia ich \u017cywotno\u015bci.<\/p>\n<p>Autor: lyl<\/p>","protected":false},"excerpt":{"rendered":"<p>Bucket Cylinder For XCMG Middle Excavator XE200C Introduction The bucket cylinder for XCMG middle excavator XE200C is a type of specialized hydraulic cylinder mainly used for controlling the movement of shovels in heavy machinery such as excavators, backhoe excavators, and front-end loaders. Its primary function is to enable the shovel to lift, lower, and tilt, [&hellip;]<\/p>","protected":false},"featured_media":14780,"comment_status":"open","ping_status":"closed","template":"","meta":{"_et_pb_use_builder":"","_et_pb_old_content":"","_et_gb_content_width":""},"product_brand":[],"product_cat":[1494],"product_tag":[1495,1496],"class_list":{"0":"post-15468","1":"product","2":"type-product","3":"status-publish","4":"has-post-thumbnail","6":"product_cat-bucket-cylinders","7":"product_tag-bucket-cylinders","8":"product_tag-hydraulic-cylinders","10":"first","11":"instock","12":"shipping-taxable","13":"product-type-simple"},"amp_enabled":true,"_links":{"self":[{"href":"https:\/\/www.hydraulic-cylinders.net\/pl\/wp-json\/wp\/v2\/product\/15468","targetHints":{"allow":["GET"]}}],"collection":[{"href":"https:\/\/www.hydraulic-cylinders.net\/pl\/wp-json\/wp\/v2\/product"}],"about":[{"href":"https:\/\/www.hydraulic-cylinders.net\/pl\/wp-json\/wp\/v2\/types\/product"}],"replies":[{"embeddable":true,"href":"https:\/\/www.hydraulic-cylinders.net\/pl\/wp-json\/wp\/v2\/comments?post=15468"}],"wp:featuredmedia":[{"embeddable":true,"href":"https:\/\/www.hydraulic-cylinders.net\/pl\/wp-json\/wp\/v2\/media\/14780"}],"wp:attachment":[{"href":"https:\/\/www.hydraulic-cylinders.net\/pl\/wp-json\/wp\/v2\/media?parent=15468"}],"wp:term":[{"taxonomy":"product_brand","embeddable":true,"href":"https:\/\/www.hydraulic-cylinders.net\/pl\/wp-json\/wp\/v2\/product_brand?post=15468"},{"taxonomy":"product_cat","embeddable":true,"href":"https:\/\/www.hydraulic-cylinders.net\/pl\/wp-json\/wp\/v2\/product_cat?post=15468"},{"taxonomy":"product_tag","embeddable":true,"href":"https:\/\/www.hydraulic-cylinders.net\/pl\/wp-json\/wp\/v2\/product_tag?post=15468"}],"curies":[{"name":"wp","href":"https:\/\/api.w.org\/{rel}","templated":true}]}}