{"id":15470,"date":"2025-01-19T14:34:13","date_gmt":"2025-01-19T14:34:13","guid":{"rendered":"https:\/\/www.hydraulic-cylinders.net\/product\/bucket-cylinder-for-xcmg-middle-excavator-xe225ca\/"},"modified":"2025-01-19T14:34:15","modified_gmt":"2025-01-19T14:34:15","slug":"bucket-cylinder-for-xcmg-middle-excavator-xe225ca","status":"publish","type":"product","link":"https:\/\/www.hydraulic-cylinders.net\/pl\/produkt\/bucket-cylinder-for-xcmg-middle-excavator-xe225ca\/","title":{"rendered":"Si\u0142ownik \u0142y\u017cki do koparki \u015bredniej XCMG XE225CA"},"content":{"rendered":"<h1>Si\u0142ownik \u0142y\u017cki do koparki \u015bredniej XCMG XE225CA<\/h1>\n<h2>Wst\u0119p<\/h2>\n<p>Si\u0142ownik \u0142y\u017cki to specjalistyczny si\u0142ownik hydrauliczny przeznaczony do sterowania ruchem \u0142y\u017cek w ci\u0119\u017ckich maszynach, takich jak koparki, koparko-\u0142adowarki i \u0142adowarki czo\u0142owe. Jego g\u0142\u00f3wn\u0105 funkcj\u0105 jest umo\u017cliwienie \u0142y\u017cce podnoszenia, opuszczania i przechylania, u\u0142atwiaj\u0105c prze\u0142adunek r\u00f3\u017cnych materia\u0142\u00f3w. W uk\u0142adzie hydraulicznym si\u0142ownik \u0142y\u017cki zapewnia precyzyjn\u0105 kontrol\u0119 ruchu \u0142y\u017cki poprzez zmiany ci\u015bnienia oleju hydraulicznego, umo\u017cliwiaj\u0105c operatorom wydajne przenoszenie du\u017cych \u0142adunk\u00f3w i dostosowanie si\u0119 do z\u0142o\u017conych warunk\u00f3w pracy oraz zr\u00f3\u017cnicowanych wymaga\u0144 operacyjnych.<\/p>\n<p><img decoding=\"async\" src=\"https:\/\/www.hydraulic-cylinders.net\/wp-content\/uploads\/2025\/01\/songte-company-2.webp\" \/><\/p>\n<h2>Cechy<\/h2>\n<ul>\n<li>Wysoka wytrzyma\u0142o\u015b\u0107 i trwa\u0142o\u015b\u0107: Zazwyczaj wykonane z wysokowytrzyma\u0142ej stali lub aluminium, wytrzymuj\u0105 du\u017ce ci\u015bnienie i du\u017ce obci\u0105\u017cenia, nadaj\u0105 si\u0119 do trudnych warunk\u00f3w pracy, a tak\u017ce zaprojektowane z my\u015bl\u0105 o odporno\u015bci na zu\u017cycie i korozj\u0119, co wyd\u0142u\u017ca ich \u017cywotno\u015b\u0107.<\/li>\n<li>Wydajne dzia\u0142anie uk\u0142adu hydraulicznego: zapewnia p\u0142ynne wysuwanie t\u0142oczyska dzi\u0119ki ci\u015bnieniu hydraulicznemu, szybko reaguje na polecenia steruj\u0105ce, generuje du\u017ce si\u0142y pchaj\u0105ce i ci\u0105gn\u0105ce, nadaje si\u0119 do obs\u0142ugi du\u017cych obci\u0105\u017ce\u0144 i skomplikowanych zada\u0144 operacyjnych.<\/li>\n<li>R\u00f3\u017cne typy: Si\u0142owniki jednostronnego dzia\u0142ania (wykorzystuj\u0105ce ci\u015bnienie hydrauliczne tylko w jednym kierunku) lub dwustronnego dzia\u0142ania (wykorzystuj\u0105ce ci\u015bnienie hydrauliczne w dw\u00f3ch kierunkach) mo\u017cna dobra\u0107 w zale\u017cno\u015bci od wymaga\u0144, aby spe\u0142ni\u0107 zr\u00f3\u017cnicowane potrzeby operacyjne. Niekt\u00f3re modele s\u0105 teleskopowe, co pozwala na wi\u0119ksze wysuni\u0119cie bez zwi\u0119kszania wymiar\u00f3w zewn\u0119trznych, i nadaje si\u0119 do zastosowa\u0144 w ograniczonej przestrzeni.<\/li>\n<li>\u0141atwy monta\u017c: Nasze produkty doskonale zast\u0119puj\u0105 te si\u0142owniki hydrauliczne.<\/li>\n<\/ul>\n<p><img decoding=\"async\" src=\"https:\/\/www.hydraulic-cylinders.net\/wp-content\/uploads\/2025\/01\/songte-cylinder-head-with-all-kinds-excavator-models.webp\" \/><\/p>\n<h2>Aplikacje<\/h2>\n<p>Cylindry kube\u0142kowe s\u0105 powszechnie stosowane w r\u00f3\u017cnych maszynach ci\u0119\u017ckich, takich jak:<\/p>\n<ul>\n<li>Sprz\u0119t budowlany: W koparkach s\u0105 one niezb\u0119dne do wykop\u00f3w, za\u0142adunku i przemieszczania gleby lub gruzu. W koparko-\u0142adowarkach si\u0142ownik \u0142y\u017cki pomaga zar\u00f3wno w wykopach, jak i podnoszeniu. <\/li>\n<li>Maszyny rolnicze: U\u017cywane do \u0142adowarek czo\u0142owych, do zbierania, podnoszenia i transportu gleby, siana i innych materia\u0142\u00f3w. <\/li>\n<li>Koparki: Cylinder \u0142y\u017cki umo\u017cliwia kopanie poprzez umo\u017cliwienie \u0142y\u017cce zag\u0142\u0119biania si\u0119 w grunt.<\/li>\n<li>\u0141adowarki: W \u0142adowarkach czo\u0142owych pomagaj\u0105 w efektywnym podnoszeniu i przechylaniu towar\u00f3w.<\/li>\n<\/ul>\n<h2>Zagadnienia projektowe i kryteria wyboru<\/h2>\n<p>Przy rozwa\u017caniu kwestii projektowych i kryteri\u00f3w wyboru nale\u017cy wzi\u0105\u0107 pod uwag\u0119 kilka czynnik\u00f3w:<\/p>\n<ul>\n<li>No\u015bno\u015b\u0107: Cylinder powinien by\u0107 w stanie wytrzyma\u0107 wymagane obci\u0105\u017cenie i ci\u015bnienie.<\/li>\n<li>Uszczelnienie: Cylinder musi by\u0107 szczelnie zamkni\u0119ty, aby zapobiec wyciekowi p\u0142ynu hydraulicznego.<\/li>\n<li>Trwa\u0142o\u015b\u0107: Cylinder powinien by\u0107 odporny na zu\u017cycie i uszkodzenia powsta\u0142e w wyniku ci\u0105g\u0142ego u\u017cytkowania i nara\u017cenia na trudne warunki \u015brodowiskowe.<\/li>\n<li>Bezpiecze\u0144stwo: Cylinder powinien by\u0107 zaprojektowany w spos\u00f3b zapobiegaj\u0105cy wypadkom i zapewniaj\u0105cy bezpiecze\u0144stwo operatora.<\/li>\n<li>Konserwacja: Cylinder powinien by\u0107 \u0142atwy w konserwacji i naprawie.<\/li>\n<\/ul>\n<p><img decoding=\"async\" src=\"https:\/\/www.hydraulic-cylinders.net\/wp-content\/uploads\/2025\/01\/songte-oil-pipes-and-spare-parts.webp\" \/><\/p>\n<h2>Uszczelnianie i smarowanie<\/h2>\n<p>W cylindrze zastosowano r\u00f3\u017cne elementy uszczelniaj\u0105ce, w tym uszczelki t\u0142oka, t\u0142oczyska i zgarniacza, aby zapewni\u0107 szczelno\u015b\u0107. Uszczelki te wykonane s\u0105 z materia\u0142\u00f3w odpornych na zu\u017cycie, takich jak poliuretan i kauczuk nitrylowy, i poddawane precyzyjnej obr\u00f3bce powierzchni w celu zwi\u0119kszenia odporno\u015bci na zu\u017cycie. Cylinder wymaga r\u00f3wnie\u017c regularnego smarowania olejem hydraulicznym, aby zapewni\u0107 p\u0142ynn\u0105 prac\u0119 i zapobiec uszkodzeniom.<\/p>\n<h2>Konserwacja i naprawa<\/h2>\n<p>Regularne przegl\u0105dy i konserwacja zapobiegawcza s\u0105 kluczowe dla zapewnienia trwa\u0142o\u015bci i wydajnej pracy cylindra. Typowe czynno\u015bci konserwacyjne obejmuj\u0105:<\/p>\n<ul>\n<li>Regularna kontrola element\u00f3w cylindra pod k\u0105tem zu\u017cycia i uszkodze\u0144, w tym uszczelek t\u0142oka, uszczelek t\u0142oczyska i uszczelek wycieraczek. <\/li>\n<li>Regularne smarowanie cylindra olejem hydraulicznym. <\/li>\n<li>Okresowa wymiana element\u00f3w uszczelniaj\u0105cych i kontrola kalibracji. <\/li>\n<\/ul>\n<p>Prawid\u0142owy monta\u017c i ustawienie cylindra, z u\u017cyciem odpowiednich uchwyt\u00f3w monta\u017cowych do zamocowania cylindra na miejscu, jest niezb\u0119dne dla zapewnienia optymalnej wydajno\u015bci. Zaleca si\u0119 przestrzeganie zalecanych przez producenta procedur kontroli, naprawy i wymiany, aby wyd\u0142u\u017cy\u0107 \u017cywotno\u015b\u0107 cylindra.<\/p>\n<p><img decoding=\"async\" src=\"https:\/\/www.hydraulic-cylinders.net\/wp-content\/uploads\/2025\/01\/songte-chushion-collar.webp\" \/><\/p>\n<h2>Bezpiecze\u0144stwo i wzgl\u0119dy \u015brodowiskowe<\/h2>\n<p>Prawid\u0142owe stosowanie \u015brodk\u00f3w bezpiecze\u0144stwa podczas obs\u0142ugi ci\u0119\u017ckich maszyn, takich jak cylindry hydrauliczne, ma kluczowe znaczenie dla zapobiegania wypadkom i zapewnienia bezpiecze\u0144stwa operatorom. Ponadto, w\u0142a\u015bciwa utylizacja p\u0142yn\u00f3w hydraulicznych i innych materia\u0142\u00f3w u\u017cytych w cylindrze ma kluczowe znaczenie dla minimalizacji wp\u0142ywu na \u015brodowisko.<\/p>\n<h2>Diagnoza i rozwi\u0105zywanie problem\u00f3w<\/h2>\n<p>Do typowych problem\u00f3w z si\u0142ownikami hydraulicznymi nale\u017c\u0105 nieszczelno\u015bci, dryft si\u0142ownika i nieregularna praca. Prawid\u0142owa diagnostyka i rozwi\u0105zywanie problem\u00f3w mog\u0105 pom\u00f3c w identyfikacji i skutecznym rozwi\u0105zaniu tych problem\u00f3w. Nale\u017cy podj\u0105\u0107 nast\u0119puj\u0105ce kroki:<\/p>\n<ul>\n<li>Kontrola element\u00f3w cylindra pod k\u0105tem zu\u017cycia i uszkodze\u0144. <\/li>\n<li>Sprawdzanie szczelno\u015bci i upewnianie si\u0119, \u017ce uszczelnienia s\u0105 prawid\u0142owe. <\/li>\n<li>Sprawdzenie, czy cylinder jest odpowiednio nasmarowany. <\/li>\n<li>Sprawdzenie, czy przewody i w\u0119\u017ce hydrauliczne nie s\u0105 uszkodzone lub zablokowane. <\/li>\n<\/ul>\n<p>\u015arodki zapobiegawcze, takie jak prawid\u0142owa konserwacja i regularne kontrole, mog\u0105 pom\u00f3c zminimalizowa\u0107 wyst\u0119powanie tych problem\u00f3w.<\/p>\n<p><img decoding=\"async\" src=\"https:\/\/www.hydraulic-cylinders.net\/wp-content\/uploads\/2025\/01\/songte-bushings-with-all-kinds-of-excavator-models.webp\" \/><\/p>\n<h2>O nas<\/h2>\n<p>Jeste\u015bmy wiod\u0105cym producentem i hurtowym dystrybutorem si\u0142ownik\u00f3w hydraulicznych, oferuj\u0105cym szerok\u0105 gam\u0119 produkt\u00f3w i us\u0142ug, aby sprosta\u0107 potrzebom naszych klient\u00f3w. Nasze zaanga\u017cowanie w d\u0105\u017cenie do doskona\u0142o\u015bci w zakresie jako\u015bci i zarz\u0105dzania produkcj\u0105, wspierane przez do\u015bwiadczonych specjalist\u00f3w technicznych, najnowocze\u015bniejszy, zdigitalizowany sprz\u0119t produkcyjny oraz profesjonalne systemy testowe, pomog\u0142o nam sta\u0107 si\u0119 wiod\u0105cym producentem i hurtownikiem si\u0142ownik\u00f3w hydraulicznych na rynku krajowym i mi\u0119dzynarodowym. Oferujemy naszym klientom szereg spersonalizowanych us\u0142ug oraz solidny serwis regeneracji, kt\u00f3ry pomaga wyd\u0142u\u017cy\u0107 \u017cywotno\u015b\u0107 naszych produkt\u00f3w.<\/p>\n<p>Nasze produkty charakteryzuj\u0105 si\u0119 wysok\u0105 wydajno\u015bci\u0105, dok\u0142adno\u015bci\u0105 i jako\u015bci\u0105, a my jeste\u015bmy dumni z tego, \u017ce zaspokajamy zr\u00f3\u017cnicowane potrzeby naszych klient\u00f3w, oferuj\u0105c najnowocze\u015bniejsze produkty. Zale\u017cy nam na tym, aby spe\u0142ni\u0107 Pa\u0144stwa potrzeby w zakresie si\u0142ownik\u00f3w hydraulicznych, oferuj\u0105c produkty i us\u0142ugi najwy\u017cszej jako\u015bci.<\/p>\n<p><img decoding=\"async\" src=\"https:\/\/hzpt.com\/wp-content\/uploads\/2024\/11\/songte-company-1.webp\" \/><\/p>\n<p>Autor: lyl<\/p>","protected":false},"excerpt":{"rendered":"<p>Bucket Cylinder For XCMG Middle Excavator XE225CA Introduction A bucket cylinder is a specialized hydraulic cylinder designed to control the movement of buckets in heavy machinery such as excavators, backhoes, and front-end loaders. Its primary function is to enable the bucket to perform lifting, lowering, and tilting actions, making it easier to handle various materials. [&hellip;]<\/p>","protected":false},"featured_media":14776,"comment_status":"open","ping_status":"closed","template":"","meta":{"_et_pb_use_builder":"","_et_pb_old_content":"","_et_gb_content_width":""},"product_brand":[],"product_cat":[1494],"product_tag":[1495,1496],"class_list":{"0":"post-15470","1":"product","2":"type-product","3":"status-publish","4":"has-post-thumbnail","6":"product_cat-bucket-cylinders","7":"product_tag-bucket-cylinders","8":"product_tag-hydraulic-cylinders","10":"first","11":"instock","12":"shipping-taxable","13":"product-type-simple"},"amp_enabled":true,"_links":{"self":[{"href":"https:\/\/www.hydraulic-cylinders.net\/pl\/wp-json\/wp\/v2\/product\/15470","targetHints":{"allow":["GET"]}}],"collection":[{"href":"https:\/\/www.hydraulic-cylinders.net\/pl\/wp-json\/wp\/v2\/product"}],"about":[{"href":"https:\/\/www.hydraulic-cylinders.net\/pl\/wp-json\/wp\/v2\/types\/product"}],"replies":[{"embeddable":true,"href":"https:\/\/www.hydraulic-cylinders.net\/pl\/wp-json\/wp\/v2\/comments?post=15470"}],"wp:featuredmedia":[{"embeddable":true,"href":"https:\/\/www.hydraulic-cylinders.net\/pl\/wp-json\/wp\/v2\/media\/14776"}],"wp:attachment":[{"href":"https:\/\/www.hydraulic-cylinders.net\/pl\/wp-json\/wp\/v2\/media?parent=15470"}],"wp:term":[{"taxonomy":"product_brand","embeddable":true,"href":"https:\/\/www.hydraulic-cylinders.net\/pl\/wp-json\/wp\/v2\/product_brand?post=15470"},{"taxonomy":"product_cat","embeddable":true,"href":"https:\/\/www.hydraulic-cylinders.net\/pl\/wp-json\/wp\/v2\/product_cat?post=15470"},{"taxonomy":"product_tag","embeddable":true,"href":"https:\/\/www.hydraulic-cylinders.net\/pl\/wp-json\/wp\/v2\/product_tag?post=15470"}],"curies":[{"name":"wp","href":"https:\/\/api.w.org\/{rel}","templated":true}]}}