{"id":15471,"date":"2025-01-19T14:34:17","date_gmt":"2025-01-19T14:34:17","guid":{"rendered":"https:\/\/www.hydraulic-cylinders.net\/product\/bucket-cylinder-for-xcmg-middle-excavator-xe240\/"},"modified":"2025-01-19T14:34:19","modified_gmt":"2025-01-19T14:34:19","slug":"bucket-cylinder-for-xcmg-middle-excavator-xe240","status":"publish","type":"product","link":"https:\/\/www.hydraulic-cylinders.net\/pl\/produkt\/bucket-cylinder-for-xcmg-middle-excavator-xe240\/","title":{"rendered":"Si\u0142ownik \u0142y\u017cki do koparki \u015brodkowej XCMG XE240"},"content":{"rendered":"<h1> Si\u0142ownik \u0142y\u017cki do koparki \u015brodkowej XCMG XE240 <\/h1>\n<h2>Wst\u0119p<\/h2>\n<p>Si\u0142ownik \u0142y\u017cki do koparki \u015bredniej XCMG XE240 to specjalnie zaprojektowany si\u0142ownik hydrauliczny s\u0142u\u017c\u0105cy do sterowania ruchem \u0142y\u017cki w ci\u0119\u017ckich maszynach, takich jak koparki, koparko-\u0142adowarki i \u0142adowarki czo\u0142owe. Jego g\u0142\u00f3wn\u0105 funkcj\u0105 jest podnoszenie, opuszczanie i przechylanie \u0142y\u017cki, co czyni go idealnym do r\u00f3\u017cnych zada\u0144 zwi\u0105zanych z prze\u0142adunkiem materia\u0142\u00f3w. W uk\u0142adzie hydraulicznym si\u0142ownik \u0142y\u017cki zapewnia precyzyjn\u0105 kontrol\u0119 nad \u0142y\u017ck\u0105 poprzez zmiany ci\u015bnienia oleju hydraulicznego, umo\u017cliwiaj\u0105c operatorom wydajne przenoszenie ci\u0119\u017ckich \u0142adunk\u00f3w i dostosowanie si\u0119 do z\u0142o\u017conych warunk\u00f3w pracy oraz zr\u00f3\u017cnicowanych wymaga\u0144 operacyjnych.<\/p>\n<p><img decoding=\"async\" src=\"https:\/\/www.hydraulic-cylinders.net\/wp-content\/uploads\/2025\/01\/songte-company-2.webp\" alt=\"Cylinder kube\u0142kowy\" \/><\/p>\n<h2>Cechy<\/h2>\n<ul>\n<li>Wysoka wytrzyma\u0142o\u015b\u0107 i trwa\u0142o\u015b\u0107: Zazwyczaj wykonane z wysokowytrzyma\u0142ej stali lub aluminium, wytrzymuj\u0105 du\u017ce ci\u015bnienie i du\u017ce obci\u0105\u017cenia, s\u0105 przystosowane do trudnych warunk\u00f3w pracy oraz zaprojektowane z uwzgl\u0119dnieniem odporno\u015bci na zu\u017cycie i korozj\u0119, co wyd\u0142u\u017ca ich \u017cywotno\u015b\u0107.<\/li>\n<li>Wydajne dzia\u0142anie uk\u0142adu hydraulicznego: wykorzystuje ci\u015bnienie oleju hydraulicznego w celu uzyskania p\u0142ynnego rozci\u0105gania i kurczenia, zapewniaj\u0105c du\u017c\u0105 si\u0142\u0119 pchania i ci\u0105gni\u0119cia, odpowiedni\u0105 do przenoszenia du\u017cych obci\u0105\u017ce\u0144 i skomplikowanych zada\u0144 operacyjnych.<\/li>\n<li>R\u00f3\u017cnorodne typy: Mo\u017cna je dobra\u0107 w zale\u017cno\u015bci od potrzeb si\u0142ownik\u00f3w jednostronnego dzia\u0142ania (wykorzystuj\u0105cych hydraulik\u0119 tylko w jednym kierunku) lub dwustronnego dzia\u0142ania (wykorzystuj\u0105cych hydraulik\u0119 w obu kierunkach), aby spe\u0142ni\u0107 zr\u00f3\u017cnicowane wymagania operacyjne. Niekt\u00f3re modele s\u0105 teleskopowe, co pozwala na wi\u0119ksze wysuni\u0119cie bez zwi\u0119kszania wymiar\u00f3w zewn\u0119trznych, i nadaje si\u0119 do zastosowa\u0144 w ograniczonej przestrzeni.<\/li>\n<li>Idealny zamiennik cylindr\u00f3w hydraulicznych: Nasze produkty mog\u0105 doskonale zast\u0105pi\u0107 cylindry hydrauliczne, obni\u017caj\u0105c koszty i zwi\u0119kszaj\u0105c wydajno\u015b\u0107.<\/li>\n<li>Mo\u017cliwo\u015b\u0107 dostosowania: Mo\u017cna dostosowa\u0107 do wymaga\u0144 klienta, aby spe\u0142ni\u0107 jego szczeg\u00f3lne potrzeby operacyjne.<\/li>\n<\/ul>\n<p><img decoding=\"async\" src=\"https:\/\/www.hydraulic-cylinders.net\/wp-content\/uploads\/2025\/01\/songte-cylinder-head-with-all-kinds-excavator-models.webp\" alt=\"Modele cylindr\u00f3w kube\u0142kowych\" \/><\/p>\n<h2>Aplikacje<\/h2>\n<p>Cylindry kube\u0142kowe s\u0105 powszechnie stosowane w r\u00f3\u017cnych dziedzinach i zastosowaniach, takich jak:<\/p>\n<h3>Sprz\u0119t budowlany<\/h3>\n<p>W koparkach s\u0105 one niezb\u0119dne do kopania, za\u0142adunku i przemieszczania gleby lub gruzu. W koparko-\u0142adowarkach si\u0142ownik \u0142y\u017cki pomaga zar\u00f3wno w kopaniu, jak i podnoszeniu. W \u0142adowarkach czo\u0142owych wspomagaj\u0105 one wydajne podnoszenie i wysypywanie materia\u0142\u00f3w.<\/p>\n<h3>Maszyny rolnicze<\/h3>\n<p>Stosowany w \u0142adowarkach czo\u0142owych do nabierania, podnoszenia i transportu ziemi, siana i innych materia\u0142\u00f3w. W koparkach si\u0142ownik \u0142y\u017cki umo\u017cliwia kopanie, umo\u017cliwiaj\u0105c \u0142y\u017cce zag\u0142\u0119bianie si\u0119 w gleb\u0119. Si\u0142ownik wspomaga r\u00f3wnie\u017c przechylanie i wysypywanie materia\u0142u w \u0142adowarkach czo\u0142owych, zwi\u0119kszaj\u0105c ich wydajno\u015b\u0107.<\/p>\n<h2>Zagadnienia projektowe i kryteria wyboru<\/h2>\n<p>Przy projektowaniu cylindr\u00f3w kube\u0142kowych nale\u017cy wzi\u0105\u0107 pod uwag\u0119 no\u015bno\u015b\u0107, szczelno\u015b\u0107, trwa\u0142o\u015b\u0107, bezpiecze\u0144stwo i \u0142atwo\u015b\u0107 konserwacji. Oto niekt\u00f3re z kluczowych aspekt\u00f3w projektowych i kryteri\u00f3w wyboru:<\/p>\n<ul>\n<li>\n<h3>No\u015bno\u015b\u0107:<\/h3>\n<p> Cylinder powinien by\u0107 wykonany z materia\u0142\u00f3w o wysokiej wytrzyma\u0142o\u015bci, aby wytrzyma\u0142 wysokie ci\u015bnienie i du\u017ce obci\u0105\u017cenia wymagane w r\u00f3\u017cnych zastosowaniach.<\/li>\n<li>\n<h3>Opiecz\u0119towanie:<\/h3>\n<p> Aby zapobiec wyciekaniu p\u0142ynu hydraulicznego z cylindra, stosuje si\u0119 r\u00f3\u017cne rodzaje uszczelnie\u0144, na przyk\u0142ad uszczelnienia t\u0142okowe i uszczelnienia t\u0142oczyskowe.<\/li>\n<li>\n<h3>Trwa\u0142o\u015b\u0107:<\/h3>\n<p> Cylinder powinien by\u0107 zaprojektowany w spos\u00f3b odporny na zu\u017cycie, uszkodzenia i korozj\u0119, aby przed\u0142u\u017cy\u0107 jego \u017cywotno\u015b\u0107.<\/li>\n<li>\n<h3>Bezpiecze\u0144stwo:<\/h3>\n<p> Cylinder powinien by\u0107 zaprojektowany w spos\u00f3b zapewniaj\u0105cy bezpieczn\u0105 prac\u0119, np. poprzez zastosowanie urz\u0105dze\u0144 amortyzuj\u0105cych w celu zmniejszenia wstrz\u0105s\u00f3w oraz zamontowanie zawor\u00f3w bezpiecze\u0144stwa w celu zapobiegania przeci\u0105\u017ceniu.<\/li>\n<li>\n<h3>Utrzymywalno\u015b\u0107:<\/h3>\n<p> Cylinder powinien by\u0107 zaprojektowany z my\u015bl\u0105 o \u0142atwej konserwacji, np. \u0142atwym demonta\u017cu i ponownym monta\u017cu oraz wykorzystaniu \u0142atwo wymiennych cz\u0119\u015bci.<\/li>\n<\/ul>\n<p><img decoding=\"async\" src=\"https:\/\/www.hydraulic-cylinders.net\/wp-content\/uploads\/2025\/01\/songte-oil-pipes-and-spare-parts.webp\" alt=\"Cz\u0119\u015bci cylindra \u0142y\u017cki\" \/><\/p>\n<h2>Uszczelnianie i smarowanie<\/h2>\n<p>W si\u0142owniku kube\u0142kowym zastosowano r\u00f3\u017cne uszczelnienia, takie jak uszczelnienia t\u0142oka i t\u0142oczyska, aby zapobiec wyciekom p\u0142ynu hydraulicznego. Uszczelnienia s\u0105 zazwyczaj wykonane z materia\u0142\u00f3w odpornych na zu\u017cycie, takich jak poliuretan i kauczuk nitrylowy. Korpus si\u0142ownika i gwintowane powierzchnie ko\u0144cowe s\u0105 precyzyjnie obrobione w celu zwi\u0119kszenia odporno\u015bci na zu\u017cycie. Si\u0142ownik wymaga regularnego smarowania olejem hydraulicznym, aby zapewni\u0107 p\u0142ynn\u0105 prac\u0119 i zapobiec zu\u017cyciu.<\/p>\n<h2>Konserwacja i naprawa<\/h2>\n<p>Si\u0142ownik \u0142y\u017cki wymaga regularnej konserwacji, aby zapewni\u0107 optymaln\u0105 wydajno\u015b\u0107 i wyd\u0142u\u017cy\u0107 \u017cywotno\u015b\u0107. Do typowych czynno\u015bci konserwacyjnych nale\u017c\u0105:<\/p>\n<ul>\n<li>Regularna kontrola: Sprawd\u017a cylinder pod k\u0105tem wyciek\u00f3w, zu\u017cycia i uszkodze\u0144.<\/li>\n<li>Prawid\u0142owe smarowanie: Nale\u017cy regularnie smarowa\u0107 cylinder odpowiedni\u0105 ilo\u015bci\u0105 oleju hydraulicznego.<\/li>\n<li>Wymiana uszczelek: Wymie\u0144 zu\u017cyte lub uszkodzone uszczelki, aby zapobiec wyciekom i zapewni\u0107 p\u0142ynn\u0105 prac\u0119.<\/li>\n<li>Kontrola kalibracji: Sprawd\u017a, czy cylinder jest prawid\u0142owo skalibrowany, aby zapewni\u0107 dok\u0142adne dzia\u0142anie.<\/li>\n<\/ul>\n<p><img decoding=\"async\" src=\"https:\/\/www.hydraulic-cylinders.net\/wp-content\/uploads\/2025\/01\/songte-chushion-collar.webp\" alt=\"Ko\u0142nierz cylindra \u0142y\u017cki\" \/><\/p>\n<h2>Zagadnienia bezpiecze\u0144stwa i czynniki \u015brodowiskowe<\/h2>\n<p>Podczas u\u017cytkowania si\u0142ownika \u0142y\u017cki nale\u017cy przestrzega\u0107 \u015brodk\u00f3w bezpiecze\u0144stwa, aby zapobiec wypadkom i obra\u017ceniom. \u015arodki bezpiecze\u0144stwa obejmuj\u0105 prawid\u0142ow\u0105 instalacj\u0119, stosowanie \u015brodk\u00f3w ochrony indywidualnej oraz odpowiednie przeszkolenie operator\u00f3w. Nale\u017cy r\u00f3wnie\u017c uwzgl\u0119dni\u0107 czynniki \u015brodowiskowe, takie jak w\u0142a\u015bciwa utylizacja p\u0142ynu hydraulicznego i minimalizacja wp\u0142ywu na \u015brodowisko.<\/p>\n<h2>Rozwi\u0105zywanie problem\u00f3w i typowe problemy<\/h2>\n<p>Do typowych problem\u00f3w z si\u0142ownikami czerpakowymi nale\u017c\u0105 nieszczelno\u015bci, zu\u017cycie i uszkodzenia. W przypadku wyst\u0105pienia kt\u00f3regokolwiek z tych problem\u00f3w, wa\u017cne jest, aby jak najszybciej je zdiagnozowa\u0107 i naprawi\u0107, aby zapobiec dalszym uszkodzeniom. Wskaz\u00f3wki i rozwi\u0105zania dotycz\u0105ce rozwi\u0105zywania problem\u00f3w obejmuj\u0105:<\/p>\n<ul>\n<li>Nieszczelny cylinder: Sprawd\u017a uszczelki i w razie potrzeby wymie\u0144.<\/li>\n<li>Cylinder nie wysuwa si\u0119 lub nie chowa: Sprawd\u017a poziom i ci\u015bnienie p\u0142ynu hydraulicznego, w razie potrzeby wymie\u0144 uszkodzone cz\u0119\u015bci.<\/li>\n<li>Nadmierny ha\u0142as lub wibracje: Sprawd\u017a, czy cz\u0119\u015bci nie s\u0105 lu\u017ane lub uszkodzone i wymie\u0144 je w razie potrzeby.<\/li>\n<\/ul>\n<p><img decoding=\"async\" src=\"https:\/\/www.hydraulic-cylinders.net\/wp-content\/uploads\/2025\/01\/songte-bushings-with-all-kinds-of-excavator-models.webp\" alt=\"Tuleje cylindra \u0142y\u017cki\" \/><\/p>\n<h2>O naszej firmie<\/h2>\n<p>Jeste\u015bmy producentem zamiennych cylindr\u00f3w hydraulicznych oferuj\u0105cym szerok\u0105 gam\u0119 produkt\u00f3w, staj\u0105c si\u0119 jednym z wiod\u0105cych producent\u00f3w i hurtowych dystrybutor\u00f3w cylindr\u00f3w hydraulicznych na rynku krajowym i mi\u0119dzynarodowym. Kierujemy si\u0119 zasadami doskona\u0142o\u015bci i opieramy si\u0119 na zindustrializowanych strategiach zarz\u0105dzania produkcj\u0105 w precyzyjnych warsztatach produkcyjnych. Nasza firma stale udoskonala platform\u0119 produkcyjn\u0105 poprzez wykorzystanie utalentowanych technologii, cyfrowego, zaawansowanego sprz\u0119tu produkcyjnego oraz profesjonalnych system\u00f3w testowych. Dysponujemy du\u017cym potencja\u0142em produkcyjnym i dostarczamy wydajne, precyzyjne i wysokiej jako\u015bci produkty, aby sprosta\u0107 zr\u00f3\u017cnicowanym potrzebom naszych klient\u00f3w.<\/p>\n<p>Nasza firma oferuje profesjonalne, mi\u0119dzynarodowe certyfikaty, us\u0142ugi dostosowane do indywidualnych potrzeb, sprz\u0119t produkcyjny oraz serwis posprzeda\u017cowy. Zale\u017cy nam na dostarczaniu naszym klientom wysokiej jako\u015bci produkt\u00f3w i us\u0142ug.<\/p>\n<p><img decoding=\"async\" src=\"https:\/\/www.hydraulic-cylinders.net\/wp-content\/uploads\/2025\/01\/songte-company-3.webp\" alt=\"Wizerunek firmy\" \/><\/p>\n<p>Autor lyl.<\/p>","protected":false},"excerpt":{"rendered":"<p>Bucket Cylinder For XCMG Middle Excavator XE240 Introduction The bucket cylinder for XCMG middle excavator XE240 is a specially designed hydraulic cylinder used to control the movement of the bucket in heavy machinery such as excavators, backhoe excavators, and front-end loaders. Its main function is to enable the bucket to lift, lower, and tilt, making [&hellip;]<\/p>","protected":false},"featured_media":14773,"comment_status":"open","ping_status":"closed","template":"","meta":{"_et_pb_use_builder":"","_et_pb_old_content":"","_et_gb_content_width":""},"product_brand":[],"product_cat":[1494],"product_tag":[1495,1496],"class_list":{"0":"post-15471","1":"product","2":"type-product","3":"status-publish","4":"has-post-thumbnail","6":"product_cat-bucket-cylinders","7":"product_tag-bucket-cylinders","8":"product_tag-hydraulic-cylinders","10":"first","11":"instock","12":"shipping-taxable","13":"product-type-simple"},"amp_enabled":true,"_links":{"self":[{"href":"https:\/\/www.hydraulic-cylinders.net\/pl\/wp-json\/wp\/v2\/product\/15471","targetHints":{"allow":["GET"]}}],"collection":[{"href":"https:\/\/www.hydraulic-cylinders.net\/pl\/wp-json\/wp\/v2\/product"}],"about":[{"href":"https:\/\/www.hydraulic-cylinders.net\/pl\/wp-json\/wp\/v2\/types\/product"}],"replies":[{"embeddable":true,"href":"https:\/\/www.hydraulic-cylinders.net\/pl\/wp-json\/wp\/v2\/comments?post=15471"}],"wp:featuredmedia":[{"embeddable":true,"href":"https:\/\/www.hydraulic-cylinders.net\/pl\/wp-json\/wp\/v2\/media\/14773"}],"wp:attachment":[{"href":"https:\/\/www.hydraulic-cylinders.net\/pl\/wp-json\/wp\/v2\/media?parent=15471"}],"wp:term":[{"taxonomy":"product_brand","embeddable":true,"href":"https:\/\/www.hydraulic-cylinders.net\/pl\/wp-json\/wp\/v2\/product_brand?post=15471"},{"taxonomy":"product_cat","embeddable":true,"href":"https:\/\/www.hydraulic-cylinders.net\/pl\/wp-json\/wp\/v2\/product_cat?post=15471"},{"taxonomy":"product_tag","embeddable":true,"href":"https:\/\/www.hydraulic-cylinders.net\/pl\/wp-json\/wp\/v2\/product_tag?post=15471"}],"curies":[{"name":"wp","href":"https:\/\/api.w.org\/{rel}","templated":true}]}}