{"id":15475,"date":"2025-01-19T14:34:39","date_gmt":"2025-01-19T14:34:39","guid":{"rendered":"https:\/\/www.hydraulic-cylinders.net\/product\/bucket-cylinder-for-xcmg-middle-excavator-xe235c\/"},"modified":"2025-01-19T14:34:41","modified_gmt":"2025-01-19T14:34:41","slug":"bucket-cylinder-for-xcmg-middle-excavator-xe235c","status":"publish","type":"product","link":"https:\/\/www.hydraulic-cylinders.net\/pl\/produkt\/bucket-cylinder-for-xcmg-middle-excavator-xe235c\/","title":{"rendered":"Si\u0142ownik \u0142y\u017cki do koparki \u015brodkowej XCMG XE235C"},"content":{"rendered":"<h1>Si\u0142ownik \u0142y\u017cki do koparki \u015brodkowej XCMG XE235C<\/h1>\n<h2>Wst\u0119p<\/h2>\n<h3>Definicja cylindra kube\u0142kowego<\/h3>\n<p>Si\u0142ownik \u0142y\u017cki to rodzaj si\u0142ownika hydraulicznego zaprojektowanego specjalnie do sterowania ruchem \u0142y\u017cki w ci\u0119\u017ckich maszynach, takich jak koparki, koparko-\u0142adowarki i \u0142adowarki czo\u0142owe. Jego g\u0142\u00f3wn\u0105 funkcj\u0105 jest umo\u017cliwienie podnoszenia, opuszczania i przechylania \u0142y\u017cki, u\u0142atwiaj\u0105c tym samym r\u00f3\u017cnorodne zadania zwi\u0105zane z prze\u0142adunkiem materia\u0142\u00f3w. W uk\u0142adzie hydraulicznym si\u0142ownik \u0142y\u017cki zapewnia precyzyjn\u0105 kontrol\u0119 nad \u0142y\u017ck\u0105 poprzez regulacj\u0119 ci\u015bnienia oleju hydraulicznego, umo\u017cliwiaj\u0105c operatorom wydajne przenoszenie ci\u0119\u017ckich \u0142adunk\u00f3w i dostosowywanie si\u0119 do z\u0142o\u017conych warunk\u00f3w pracy oraz zr\u00f3\u017cnicowanych wymaga\u0144.<\/p>\n<p><img decoding=\"async\" src=\"https:\/\/www.hydraulic-cylinders.net\/wp-content\/uploads\/2025\/01\/songte-company-2.webp\" alt=\"Obraz cylindra wiadra\"><\/p>\n<h2>Cechy produktu<\/h2>\n<h3>Wysoka wytrzyma\u0142o\u015b\u0107 i trwa\u0142o\u015b\u0107<\/h3>\n<p>Cylindry czerpakowe s\u0105 zazwyczaj wykonane z wysokowytrzyma\u0142ej stali lub aluminium, kt\u00f3re wytrzymuj\u0105 wysokie ci\u015bnienie i du\u017ce obci\u0105\u017cenia, dostosowuj\u0105c si\u0119 do trudnych warunk\u00f3w pracy. Zaprojektowano je z my\u015bl\u0105 o odporno\u015bci na zu\u017cycie i korozj\u0119, aby wyd\u0142u\u017cy\u0107 ich \u017cywotno\u015b\u0107.<\/p>\n<h3>Wydajna praca hydrauliczna<\/h3>\n<p>Si\u0142owniki czerpakowe wykorzystuj\u0105 ci\u015bnienie oleju hydraulicznego w celu zapewnienia p\u0142ynnego wysuwania i wsuwania, szybko reaguj\u0105 na polecenia steruj\u0105ce i zapewniaj\u0105 du\u017c\u0105 si\u0142\u0119 pchania i ci\u0105gni\u0119cia, co jest przydatne przy podnoszeniu ci\u0119\u017ckich \u0142adunk\u00f3w i wykonywaniu skomplikowanych zada\u0144.<\/p>\n<h3>R\u00f3\u017cne typy<\/h3>\n<p>Si\u0142owniki czerpakowe mo\u017cna dobra\u0107 w zale\u017cno\u015bci od potrzeb \u2013 cylindry jednostronnego dzia\u0142ania (z wykorzystaniem hydrauliki tylko w jednym kierunku) lub dwustronnego dzia\u0142ania (z wykorzystaniem hydrauliki w dw\u00f3ch kierunkach), aby spe\u0142ni\u0107 r\u00f3\u017cne wymagania operacyjne. Niekt\u00f3re modele s\u0105 teleskopowe, co pozwala na wi\u0119ksze wysuni\u0119cie bez zwi\u0119kszania wymiar\u00f3w zewn\u0119trznych, i nadaje si\u0119 do zastosowa\u0144 w ograniczonej przestrzeni.<\/p>\n<h3>Idealny zamiennik<\/h3>\n<p>Nasza firma produkuje cylindry kube\u0142kowe, kt\u00f3re doskonale mog\u0105 zast\u0105pi\u0107 cylindry hydrauliczne. <\/p>\n<p><img decoding=\"async\" src=\"https:\/\/www.hydraulic-cylinders.net\/wp-content\/uploads\/2025\/01\/songte-cylinder-head-with-all-kinds-excavator-models.webp\" alt=\"Wymiana cylindra \u0142y\u017cki\"><\/p>\n<h2>Aplikacje<\/h2>\n<h3>Sprz\u0119t budowlany<\/h3>\n<p>W koparkach s\u0105 one niezb\u0119dne do kopania, za\u0142adunku i przemieszczania gleby lub gruzu. W koparko-\u0142adowarkach si\u0142owniki \u0142y\u017cki wspomagaj\u0105 kopanie i podnoszenie. W \u0142adowarkach czo\u0142owych wspomagaj\u0105 efektywne podnoszenie i wysypywanie \u0142adunku.<\/p>\n<h3>Maszyny rolnicze<\/h3>\n<p>U\u017cywane w \u0142adowarkach czo\u0142owych, s\u0142u\u017c\u0105 do nabierania, podnoszenia i transportu gleby, siana i innych materia\u0142\u00f3w. W koparkach, cylindry \u0142y\u017cki umo\u017cliwiaj\u0105 wykopywanie poprzez zag\u0142\u0119bianie si\u0119 \u0142y\u017cki w gleb\u0119.<\/p>\n<h3>Szczeg\u00f3\u0142y aplikacji<\/h3>\n<p>Sprz\u0119t budowlany: W koparkach niezb\u0119dne jest u\u017cycie si\u0142ownik\u00f3w \u0142y\u017cki do kopania, za\u0142adunku i przemieszczania gleby lub gruzu. W koparko-\u0142adowarkach si\u0142owniki \u0142y\u017cki s\u0105 przydatne do kopania i podnoszenia. W \u0142adowarkach czo\u0142owych u\u0142atwiaj\u0105 one efektywne podnoszenie i wysypywanie \u0142adunk\u00f3w. Maszyny rolnicze: U\u017cywane w \u0142adowarkach czo\u0142owych, zgarniaj\u0105, podnosz\u0105 i transportuj\u0105 gleb\u0119, siano i inne materia\u0142y. W koparkach si\u0142owniki \u0142y\u017cki umo\u017cliwiaj\u0105 wykopy poprzez umo\u017cliwienie \u0142y\u017cce penetracji gleby. <\/p>\n<p><img decoding=\"async\" src=\"https:\/\/www.hydraulic-cylinders.net\/wp-content\/uploads\/2025\/01\/songte-bushings-with-all-kinds-of-excavator-models.webp\" alt=\"Zastosowania cylindr\u00f3w kube\u0142kowych\"><\/p>\n<h2>Zagadnienia projektowe i standardy wyboru<\/h2>\n<h3>No\u015bno\u015b\u0107<\/h3>\n<p>Si\u0142ownik kube\u0142kowy powinien by\u0107 w stanie wytrzyma\u0107 du\u017ce obci\u0105\u017cenia i pracowa\u0107 pod wysokim ci\u015bnieniem. Materia\u0142 powinien by\u0107 bardzo wytrzyma\u0142y i trwa\u0142y, aby zapewni\u0107 wytrzyma\u0142o\u015b\u0107 si\u0142ownika w trudnych warunkach pracy i jego d\u0142u\u017csz\u0105 \u017cywotno\u015b\u0107.<\/p>\n<h3>Wydajno\u015b\u0107 uszczelnienia<\/h3>\n<p>W cylindrze kube\u0142kowym nale\u017cy stosowa\u0107 r\u00f3\u017cnorodne elementy uszczelniaj\u0105ce, takie jak uszczelnienia t\u0142oka, uszczelnienia t\u0142oczyska i pier\u015bcienie \u015blizgowe, co gwarantuje wysoki poziom szczelno\u015bci przez ca\u0142y okres eksploatacji. Wybrane elementy uszczelniaj\u0105ce powinny by\u0107 wykonane z materia\u0142\u00f3w odpornych na zu\u017cycie, takich jak poliuretan i kauczuk nitrylowy.<\/p>\n<h3>Trwa\u0142o\u015b\u0107<\/h3>\n<p>Cylinder czerpakowy musi by\u0107 w stanie wytrzyma\u0107 trudne warunki pracy, co oznacza, \u017ce \u200b\u200bcylinder powinien by\u0107 wykonany z wysokiej jako\u015bci materia\u0142\u00f3w odpornych na zu\u017cycie.<\/p>\n<h3>Bezpiecze\u0144stwo<\/h3>\n<p>Si\u0142ownik \u0142y\u017cki powinien by\u0107 zaprojektowany z my\u015bl\u0105 o bezpiecze\u0144stwie, aby zapewni\u0107 operatorom bezpieczn\u0105 obs\u0142ug\u0119. Funkcje bezpiecze\u0144stwa mog\u0105 obejmowa\u0107 zawory bezpiecze\u0144stwa, urz\u0105dzenia amortyzuj\u0105ce i inne mechanizmy bezpiecze\u0144stwa.<\/p>\n<h3>Konserwacja<\/h3>\n<p>Si\u0142ownik czerpakowy powinien by\u0107 zaprojektowany tak, aby by\u0142 \u0142atwy w konserwacji, umo\u017cliwiaj\u0105c \u0142atw\u0105 kontrol\u0119, napraw\u0119 i wymian\u0119 podzespo\u0142\u00f3w. Regularna konserwacja powinna by\u0107 przeprowadzana w celu zapewnienia optymalnej pracy si\u0142ownika.<\/p>\n<p><img decoding=\"async\" src=\"https:\/\/www.hydraulic-cylinders.net\/wp-content\/uploads\/2025\/01\/songte-oil-pipes-and-spare-parts.webp\" alt=\"Konstrukcja cylindra kube\u0142kowego\"><\/p>\n<h2>Uszczelnianie i smarowanie<\/h2>\n<p>W si\u0142ownikach kube\u0142kowych zastosowano r\u00f3\u017cne elementy uszczelniaj\u0105ce, takie jak uszczelnienia t\u0142oka i t\u0142oczyska, aby zachowa\u0107 ich szczelno\u015b\u0107. Wybrane elementy uszczelniaj\u0105ce powinny by\u0107 wykonane z materia\u0142\u00f3w odpornych na zu\u017cycie, takich jak poliuretan i kauczuk nitrylowy. Korpus si\u0142ownika i gwintowane powierzchnie ko\u0144cowe powinny by\u0107 precyzyjnie obrobione, aby zwi\u0119kszy\u0107 odporno\u015b\u0107 na zu\u017cycie. Konieczne jest regularne smarowanie i regularne dodawanie odpowiedniej ilo\u015bci oleju hydraulicznego, aby zapewni\u0107 p\u0142ynn\u0105 prac\u0119 si\u0142ownika.<\/p>\n<h2>Inspekcja i konserwacja<\/h2>\n<h3>Regularna kontrola<\/h3>\n<p>Regularna kontrola cylindr\u00f3w kube\u0142kowych jest niezb\u0119dna, aby zapewni\u0107 ich optymaln\u0105 prac\u0119. Kontrole mog\u0105 obejmowa\u0107 sprawdzenie szczelno\u015bci lub uszkodze\u0144, sprawdzenie uszczelnie\u0144 oraz ocen\u0119 zu\u017cycia korpusu cylindra.<\/p>\n<h3>Prawid\u0142owe smarowanie<\/h3>\n<p>Prawid\u0142owe smarowanie jest niezb\u0119dne do p\u0142ynnej pracy si\u0142ownika \u0142y\u017cki. Smarowanie nale\u017cy przeprowadza\u0107 zgodnie z instrukcjami producenta, regularnie uzupe\u0142niaj\u0105c odpowiedni\u0105 ilo\u015bci\u0105 oleju hydraulicznego.<\/p>\n<h3>Wymiana uszczelki i kontrola kalibracji<\/h3>\n<p>Uszczelki nale\u017cy regularnie wymienia\u0107, aby zapewni\u0107 wysoki poziom szczelno\u015bci butli. Nale\u017cy r\u00f3wnie\u017c przeprowadza\u0107 kontrole kalibracji, aby upewni\u0107 si\u0119, \u017ce butla dzia\u0142a optymalnie.<\/p>\n<p><img decoding=\"async\" src=\"https:\/\/www.hydraulic-cylinders.net\/wp-content\/uploads\/2025\/01\/songte-chushion-collar.webp\" alt=\"Kontrola i konserwacja cylindra \u0142y\u017cki\"><\/p>\n<h2>Zagadnienia bezpiecze\u0144stwa i czynniki \u015brodowiskowe<\/h2>\n<p>Podczas u\u017cytkowania cylindr\u00f3w kube\u0142kowych niezb\u0119dne s\u0105 \u015brodki bezpiecze\u0144stwa. Operatorzy powinni zosta\u0107 przeszkoleni w zakresie prawid\u0142owego u\u017cytkowania cylindra, a tak\u017ce nale\u017cy zainstalowa\u0107 zabezpieczenia, takie jak zawory bezpiecze\u0144stwa i urz\u0105dzenia amortyzuj\u0105ce. Czynniki \u015brodowiskowe, takie jak temperatura i wilgotno\u015b\u0107, mog\u0105 wp\u0142ywa\u0107 na wydajno\u015b\u0107 cylindra, dlatego operatorzy powinni by\u0107 \u015bwiadomi tych czynnik\u00f3w podczas u\u017cytkowania cylindra.<\/p>\n<h2>Diagnostyka usterek i rozwi\u0105zywanie problem\u00f3w<\/h2>\n<p>Do typowych problem\u00f3w z si\u0142ownikami czerpakowymi nale\u017c\u0105 nieszczelno\u015bci, uszkodzenia oraz brak mo\u017cliwo\u015bci wysuwania lub chowania. Nieszczelno\u015b\u0107 si\u0142ownika mo\u017ce by\u0107 spowodowana uszkodzonymi uszczelnieniami lub zu\u017cytymi podzespo\u0142ami. Je\u015bli si\u0142ownik nie wysuwa si\u0119 lub chowa prawid\u0142owo, przyczyn\u0105 mo\u017ce by\u0107 uszkodzony t\u0142ok lub korpus si\u0142ownika. Wskaz\u00f3wki dotycz\u0105ce rozwi\u0105zywania problem\u00f3w mog\u0105 obejmowa\u0107 sprawdzenie i wymian\u0119 uszkodzonych podzespo\u0142\u00f3w, sprawdzenie poziomu p\u0142ynu hydraulicznego oraz sprawdzenie uk\u0142adu hydraulicznego pod k\u0105tem ewentualnych usterek.<\/p>\n<p><img decoding=\"async\" src=\"https:\/\/hzpt.com\/wp-content\/uploads\/2024\/11\/songte-company-1.webp\" alt=\"Rozwi\u0105zywanie problem\u00f3w z cylindrem \u0142y\u017cki\"><\/p>\n<h2>O naszej firmie<\/h2>\n<p>Jeste\u015bmy producentem cylindr\u00f3w hydraulicznych, kt\u00f3re mog\u0105 zast\u0105pi\u0107 te innych marek. Nasza firma oferuje szerok\u0105 gam\u0119 produkt\u00f3w, co czyni nas jednym z wiod\u0105cych producent\u00f3w i hurtowych dystrybutor\u00f3w cylindr\u00f3w hydraulicznych na rynku krajowym i mi\u0119dzynarodowym. Dbamy o najwy\u017csz\u0105 jako\u015b\u0107 i opieramy si\u0119 na przemys\u0142owych strategiach zarz\u0105dzania produkcj\u0105, opartych na precyzyjnych warsztatach produkcyjnych. Nasza firma stale udoskonala platform\u0119 produkcyjn\u0105 warsztatu, doskonali proces produkcji i posiada silne zdolno\u015bci kreatywne, aby sprosta\u0107 zr\u00f3\u017cnicowanym potrzebom klient\u00f3w, zapewniaj\u0105c wysok\u0105 wydajno\u015b\u0107, precyzj\u0119 i jako\u015b\u0107. <\/p>\n<p><img decoding=\"async\" src=\"https:\/\/www.hydraulic-cylinders.net\/wp-content\/uploads\/2025\/01\/songte-company-3.webp\" alt=\"Firma produkuj\u0105ca cylindry wiaderkowe\"><\/p>\n<h3>Profesjonalizm<\/h3>\n<p>Nasz\u0105 firm\u0119 tworzy zesp\u00f3\u0142 profesjonalist\u00f3w z bogatym do\u015bwiadczeniem technicznym i doskona\u0142ymi mo\u017cliwo\u015bciami badawczo-rozwojowymi, dzi\u0119ki czemu mo\u017cemy zapewni\u0107 klientom profesjonalne i dostosowane do ich potrzeb us\u0142ugi.<\/p>\n<h3>Mi\u0119dzynarodowa Certyfikacja<\/h3>\n<p>Nasza firma uzyska\u0142a mi\u0119dzynarodowe certyfikaty, takie jak ISO9001 i CE, co gwarantuje, \u017ce nasze produkty spe\u0142niaj\u0105 najwy\u017csze standardy jako\u015bci.<\/p>\n<h3>Us\u0142uga personalizacji<\/h3>\n<p>Nasza firma \u015bwiadczy us\u0142ugi dostosowane do r\u00f3\u017cnych potrzeb klient\u00f3w, obejmuj\u0105ce m.in. projektowanie i produkcj\u0119 na zam\u00f3wienie.<\/p>\n<h3>Sprz\u0119t produkcyjny<\/h3>\n<p>Nasza firma dysponuje zaawansowanym, zdigitalizowanym, najwy\u017cszej klasy sprz\u0119tem produkcyjnym i systemami testowymi, kt\u00f3re gwarantuj\u0105 jako\u015b\u0107 i wydajno\u015b\u0107 produktu.<\/p>\n<h3>Serwis posprzeda\u017cowy<\/h3>\n<p>Nasza firma zapewnia klientom wysokiej jako\u015bci obs\u0142ug\u0119 posprzeda\u017cow\u0105, obejmuj\u0105c\u0105 us\u0142ugi naprawy i wymiany produkt\u00f3w, aby zapewni\u0107 d\u0142ugotrwa\u0142e i zr\u00f3wnowa\u017cone u\u017cytkowanie naszych produkt\u00f3w.<\/p>\n<h2>Notatka autora<\/h2>\n<p>Autor: lyl<\/p>","protected":false},"excerpt":{"rendered":"<p>Bucket Cylinder For XCMG Middle Excavator XE235C Introduction Definition of Bucket Cylinder A bucket cylinder is a type of hydraulic cylinder designed specifically to control the movement of the bucket in heavy machinery such as excavators, backhoe loaders, and front-end loaders. Its primary function is to enable the bucket to perform lifting, lowering, and tilting [&hellip;]<\/p>","protected":false},"featured_media":14762,"comment_status":"open","ping_status":"closed","template":"","meta":{"_et_pb_use_builder":"","_et_pb_old_content":"","_et_gb_content_width":""},"product_brand":[],"product_cat":[1494],"product_tag":[1495,1496],"class_list":{"0":"post-15475","1":"product","2":"type-product","3":"status-publish","4":"has-post-thumbnail","6":"product_cat-bucket-cylinders","7":"product_tag-bucket-cylinders","8":"product_tag-hydraulic-cylinders","10":"first","11":"instock","12":"shipping-taxable","13":"product-type-simple"},"amp_enabled":true,"_links":{"self":[{"href":"https:\/\/www.hydraulic-cylinders.net\/pl\/wp-json\/wp\/v2\/product\/15475","targetHints":{"allow":["GET"]}}],"collection":[{"href":"https:\/\/www.hydraulic-cylinders.net\/pl\/wp-json\/wp\/v2\/product"}],"about":[{"href":"https:\/\/www.hydraulic-cylinders.net\/pl\/wp-json\/wp\/v2\/types\/product"}],"replies":[{"embeddable":true,"href":"https:\/\/www.hydraulic-cylinders.net\/pl\/wp-json\/wp\/v2\/comments?post=15475"}],"wp:featuredmedia":[{"embeddable":true,"href":"https:\/\/www.hydraulic-cylinders.net\/pl\/wp-json\/wp\/v2\/media\/14762"}],"wp:attachment":[{"href":"https:\/\/www.hydraulic-cylinders.net\/pl\/wp-json\/wp\/v2\/media?parent=15475"}],"wp:term":[{"taxonomy":"product_brand","embeddable":true,"href":"https:\/\/www.hydraulic-cylinders.net\/pl\/wp-json\/wp\/v2\/product_brand?post=15475"},{"taxonomy":"product_cat","embeddable":true,"href":"https:\/\/www.hydraulic-cylinders.net\/pl\/wp-json\/wp\/v2\/product_cat?post=15475"},{"taxonomy":"product_tag","embeddable":true,"href":"https:\/\/www.hydraulic-cylinders.net\/pl\/wp-json\/wp\/v2\/product_tag?post=15475"}],"curies":[{"name":"wp","href":"https:\/\/api.w.org\/{rel}","templated":true}]}}