{"id":15477,"date":"2025-01-19T14:34:47","date_gmt":"2025-01-19T14:34:47","guid":{"rendered":"https:\/\/www.hydraulic-cylinders.net\/product\/bucket-cylinder-for-xcmg-large-excavator-xe335c\/"},"modified":"2025-01-19T14:34:49","modified_gmt":"2025-01-19T14:34:49","slug":"bucket-cylinder-for-xcmg-large-excavator-xe335c","status":"publish","type":"product","link":"https:\/\/www.hydraulic-cylinders.net\/pl\/produkt\/bucket-cylinder-for-xcmg-large-excavator-xe335c\/","title":{"rendered":"Si\u0142ownik \u0142y\u017cki do du\u017cej koparki XCMG XE335C"},"content":{"rendered":"<p><!DOCTYPE html><br \/>\n<html><br \/>\n<head><br \/>\n<title>Si\u0142ownik \u0142y\u017cki do du\u017cej koparki XCMG XE335C<\/title><br \/>\n<\/head><br \/>\n<body><\/p>\n<h1>Si\u0142ownik \u0142y\u017cki do du\u017cej koparki XCMG XE335C<\/h1>\n<h2>Wst\u0119p<\/h2>\n<p>Si\u0142ownik \u0142y\u017cki to specjalnie zaprojektowany si\u0142ownik hydrauliczny s\u0142u\u017c\u0105cy do sterowania ruchem \u0142y\u017cki w ci\u0119\u017ckich maszynach, takich jak koparki, koparko-\u0142adowarki i \u0142adowarki czo\u0142owe. Jego g\u0142\u00f3wn\u0105 funkcj\u0105 jest podnoszenie, opuszczanie i przechylanie \u0142y\u017cki, dzi\u0119ki czemu nadaje si\u0119 do r\u00f3\u017cnych zada\u0144 zwi\u0105zanych z prze\u0142adunkiem materia\u0142\u00f3w. W uk\u0142adzie hydraulicznym si\u0142ownik \u0142y\u017cki zapewnia precyzyjn\u0105 kontrol\u0119 nad \u0142y\u017ck\u0105, wykorzystuj\u0105c zmiany ci\u015bnienia oleju hydraulicznego, umo\u017cliwiaj\u0105c operatorom wydajne przenoszenie ci\u0119\u017ckich \u0142adunk\u00f3w i dostosowywanie si\u0119 do z\u0142o\u017conych warunk\u00f3w pracy oraz zr\u00f3\u017cnicowanych potrzeb operacyjnych.<\/p>\n<p><img decoding=\"async\" src=\"https:\/\/www.hydraulic-cylinders.net\/wp-content\/uploads\/2025\/01\/songte-company-2.webp\" alt=\"Obraz cylindra wiadra\"><\/p>\n<h2>Cechy<\/h2>\n<ul>\n<li>Wysoka wytrzyma\u0142o\u015b\u0107 i trwa\u0142o\u015b\u0107: Zazwyczaj wykonany z wysokowytrzyma\u0142ej stali lub aluminium, wytrzymuje wysokie ci\u015bnienie i du\u017ce obci\u0105\u017cenia, dostosowuj\u0105c si\u0119 do trudnych warunk\u00f3w pracy. Konstrukcja uwzgl\u0119dnia odporno\u015b\u0107 na zu\u017cycie i korozj\u0119, co wyd\u0142u\u017ca \u017cywotno\u015b\u0107.<\/li>\n<li>Wydajna praca uk\u0142adu hydraulicznego: Wykorzystuj\u0105c ci\u015bnienie oleju hydraulicznego do uzyskania p\u0142ynnego wysuwania i wsuwania, uk\u0142ad mo\u017ce szybko reagowa\u0107 na polecenia steruj\u0105ce, zapewniaj\u0105c du\u017ce si\u0142y pchania i ci\u0105gni\u0119cia, odpowiednie do obs\u0142ugi ci\u0119\u017ckich \u0142adunk\u00f3w i wykonywania skomplikowanych zada\u0144.<\/li>\n<li>R\u00f3\u017cne typy: Si\u0142ownik czerpakowy mo\u017ce by\u0107 jednostronnego dzia\u0142ania (hydraulika dzia\u0142a tylko w jednym kierunku) lub dwustronnego dzia\u0142ania (hydraulika dzia\u0142a w obu kierunkach), w zale\u017cno\u015bci od wymaga\u0144, spe\u0142niaj\u0105c r\u00f3\u017cne potrzeby operacyjne. Niekt\u00f3re modele s\u0105 teleskopowe, co pozwala na wi\u0119ksze wysuni\u0119cie bez zwi\u0119kszania wymiar\u00f3w zewn\u0119trznych, i nadaje si\u0119 do zastosowa\u0144 w ograniczonej przestrzeni.<\/li>\n<li>Idealna wymiana: Nasze produkty mog\u0105 idealnie zast\u0105pi\u0107 te cylindry hydrauliczne.<\/li>\n<\/ul>\n<p><img decoding=\"async\" src=\"https:\/\/www.hydraulic-cylinders.net\/wp-content\/uploads\/2025\/01\/songte-cylinder-head-with-all-kinds-excavator-models.webp\" alt=\"Obraz cylindra zamiennego\"><\/p>\n<h2>Aplikacje<\/h2>\n<ul>\n<li>Sprz\u0119t budowlany: W koparkach s\u0105 one niezb\u0119dne do kopania, za\u0142adunku i przemieszczania gleby lub gruzu. W koparko-\u0142adowarkach si\u0142owniki \u0142y\u017cki wspomagaj\u0105 zar\u00f3wno kopanie, jak i podnoszenie.<\/li>\n<li>Maszyny rolnicze: Stosowane w \u0142adowarkach czo\u0142owych do nabierania, podnoszenia i transportu gleby, siana i innych materia\u0142\u00f3w.<\/li>\n<li>Koparki: Cylinder \u0142y\u017cki umo\u017cliwia kopanie poprzez umo\u017cliwienie \u0142y\u017cce wnikania w gleb\u0119.<\/li>\n<li>\u0141adowarki czo\u0142owe: W \u0142adowarkach czo\u0142owych u\u0142atwiaj\u0105 podnoszenie i przechylanie \u0142adunk\u00f3w.<\/li>\n<\/ul>\n<h2>Zagadnienia projektowe i kryteria wyboru<\/h2>\n<ul>\n<li>No\u015bno\u015b\u0107: Om\u00f3wienie zdolno\u015bci cylindra do przenoszenia obci\u0105\u017ce\u0144 i znaczenia doboru odpowiedniej wytrzyma\u0142o\u015bci do danego zastosowania.<\/li>\n<li>Uszczelnienie: om\u00f3wienie zastosowania r\u00f3\u017cnych uszczelek, takich jak uszczelki t\u0142ok\u00f3w i uszczelki t\u0142oczysk, wyb\u00f3r materia\u0142\u00f3w odpornych na zu\u017cycie, takich jak poliuretan i kauczuk nitrylowy, a tak\u017ce znaczenia precyzyjnej obr\u00f3bki korpusu cylindra i gwintowanych powierzchni ko\u0144cowych w celu zwi\u0119kszenia trwa\u0142o\u015bci.<\/li>\n<\/ul>\n<p><img decoding=\"async\" src=\"https:\/\/www.hydraulic-cylinders.net\/wp-content\/uploads\/2025\/01\/songte-oil-pipes-and-spare-parts.webp\" alt=\"Uszczelnianie i smarowanie Obraz\"><\/p>\n<h2>Uszczelnianie i smarowanie<\/h2>\n<p>Stosowane s\u0105 r\u00f3\u017cne elementy uszczelniaj\u0105ce, takie jak uszczelnienia t\u0142ok\u00f3w, uszczelnienia t\u0142oczysk itp. Uszczelnienia wykonane s\u0105 z materia\u0142\u00f3w odpornych na zu\u017cycie, takich jak poliuretan i kauczuk nitrylowy. Korpus cylindra i gwintowane powierzchnie ko\u0144cowe s\u0105 precyzyjnie obrabiane w celu zwi\u0119kszenia odporno\u015bci na zu\u017cycie. Wymagane jest regularne smarowanie odpowiedni\u0105 ilo\u015bci\u0105 oleju hydraulicznego.<\/p>\n<h2>Regularne kontrole i konserwacja zapobiegawcza<\/h2>\n<ul>\n<li>Kontrola: Regularnie sprawdzaj cylinder pod k\u0105tem wszelkich oznak uszkodze\u0144, nieszczelno\u015bci lub nietypowego zu\u017cycia.<\/li>\n<li>Smarowanie: Nale\u017cy zapewni\u0107 odpowiednie smarowanie wszystkich ruchomych cz\u0119\u015bci, aby zapobiec tarciu i zagwarantowa\u0107 p\u0142ynn\u0105 prac\u0119.<\/li>\n<li>Wymiana uszczelek: Je\u015bli uszczelki wykazuj\u0105 oznaki zu\u017cycia lub nieszczelno\u015bci, nale\u017cy je bezzw\u0142ocznie wymieni\u0107, aby zachowa\u0107 optymaln\u0105 wydajno\u015b\u0107.<\/li>\n<li>Kontrola kalibracji: Aby zapewni\u0107 dok\u0142adne dzia\u0142anie, nale\u017cy okresowo sprawdza\u0107 i kalibrowa\u0107 cylinder.<\/li>\n<\/ul>\n<p><img decoding=\"async\" src=\"https:\/\/www.hydraulic-cylinders.net\/wp-content\/uploads\/2025\/01\/songte-chushion-collar.webp\" alt=\"Obraz konserwacji i instalacji\"><\/p>\n<h2>Bezpiecze\u0144stwo produktu i kwestie \u015brodowiskowe<\/h2>\n<p>Podczas u\u017cytkowania cylindra czerpakowego nale\u017cy bezwzgl\u0119dnie przestrzega\u0107 odpowiednich \u015brodk\u00f3w bezpiecze\u0144stwa, aby zapobiec wypadkom i zapewni\u0107 bezpieczne \u015brodowisko pracy. Nale\u017cy r\u00f3wnie\u017c uwzgl\u0119dni\u0107 czynniki \u015brodowiskowe, aby zminimalizowa\u0107 negatywny wp\u0142yw na otoczenie.<\/p>\n<h2>Rozwi\u0105zywanie problem\u00f3w i typowe problemy<\/h2>\n<p>Wa\u017cne jest, aby przedstawi\u0107 typowe wskaz\u00f3wki i rozwi\u0105zania dotycz\u0105ce rozwi\u0105zywania problem\u00f3w, aby pom\u00f3c czytelnikom w skutecznym diagnozowaniu i rozwi\u0105zywaniu problem\u00f3w. Nale\u017cy podj\u0105\u0107 \u015brodki ostro\u017cno\u015bci w celu zminimalizowania potencjalnych problem\u00f3w.<\/p>\n<p><img decoding=\"async\" src=\"https:\/\/www.hydraulic-cylinders.net\/wp-content\/uploads\/2025\/01\/songte-bushings-with-all-kinds-of-excavator-models.webp\" alt=\"Rozwi\u0105zywanie problem\u00f3w z obrazem\"><\/p>\n<h2>Wniosek<\/h2>\n<p>Nasza firma jest wiod\u0105cym producentem i hurtowym dystrybutorem si\u0142ownik\u00f3w hydraulicznych na rynku krajowym i mi\u0119dzynarodowym. Oferujemy szerok\u0105 gam\u0119 produkt\u00f3w i stawiamy na najwy\u017csz\u0105 jako\u015b\u0107. Dzi\u0119ki naszym zaawansowanym zak\u0142adom produkcyjnym, profesjonalnemu do\u015bwiadczeniu i zaanga\u017cowanej obs\u0142udze klienta, dok\u0142adamy wszelkich stara\u0144, aby sprosta\u0107 zr\u00f3\u017cnicowanym potrzebom naszych klient\u00f3w. D\u0105\u017cymy do dostarczania produkt\u00f3w o wysokiej wydajno\u015bci, precyzji i jako\u015bci, aby zapewni\u0107 satysfakcj\u0119 klienta.<\/p>\n<p><img decoding=\"async\" src=\"https:\/\/www.hydraulic-cylinders.net\/wp-content\/uploads\/2025\/01\/songte-company-3.webp\" alt=\"Wizerunek firmy\"><br \/>\n<\/body><br \/>\n<\/html><\/p>\n<p>???? lyl<\/p>","protected":false},"excerpt":{"rendered":"<p>Bucket Cylinder For XCMG Large Excavator XE335C Bucket Cylinder For XCMG Large Excavator XE335C Introduction The bucket cylinder is a specially designed hydraulic cylinder used to control the movement of the bucket in heavy machinery such as excavators, backhoe loaders, and front loaders. Its main function is to enable the bucket to lift, lower, and [&hellip;]<\/p>","protected":false},"featured_media":14789,"comment_status":"open","ping_status":"closed","template":"","meta":{"_et_pb_use_builder":"","_et_pb_old_content":"","_et_gb_content_width":""},"product_brand":[],"product_cat":[1494],"product_tag":[1495,1496],"class_list":{"0":"post-15477","1":"product","2":"type-product","3":"status-publish","4":"has-post-thumbnail","6":"product_cat-bucket-cylinders","7":"product_tag-bucket-cylinders","8":"product_tag-hydraulic-cylinders","10":"first","11":"instock","12":"shipping-taxable","13":"product-type-simple"},"amp_enabled":true,"_links":{"self":[{"href":"https:\/\/www.hydraulic-cylinders.net\/pl\/wp-json\/wp\/v2\/product\/15477","targetHints":{"allow":["GET"]}}],"collection":[{"href":"https:\/\/www.hydraulic-cylinders.net\/pl\/wp-json\/wp\/v2\/product"}],"about":[{"href":"https:\/\/www.hydraulic-cylinders.net\/pl\/wp-json\/wp\/v2\/types\/product"}],"replies":[{"embeddable":true,"href":"https:\/\/www.hydraulic-cylinders.net\/pl\/wp-json\/wp\/v2\/comments?post=15477"}],"wp:featuredmedia":[{"embeddable":true,"href":"https:\/\/www.hydraulic-cylinders.net\/pl\/wp-json\/wp\/v2\/media\/14789"}],"wp:attachment":[{"href":"https:\/\/www.hydraulic-cylinders.net\/pl\/wp-json\/wp\/v2\/media?parent=15477"}],"wp:term":[{"taxonomy":"product_brand","embeddable":true,"href":"https:\/\/www.hydraulic-cylinders.net\/pl\/wp-json\/wp\/v2\/product_brand?post=15477"},{"taxonomy":"product_cat","embeddable":true,"href":"https:\/\/www.hydraulic-cylinders.net\/pl\/wp-json\/wp\/v2\/product_cat?post=15477"},{"taxonomy":"product_tag","embeddable":true,"href":"https:\/\/www.hydraulic-cylinders.net\/pl\/wp-json\/wp\/v2\/product_tag?post=15477"}],"curies":[{"name":"wp","href":"https:\/\/api.w.org\/{rel}","templated":true}]}}