{"id":15479,"date":"2025-01-19T14:34:55","date_gmt":"2025-01-19T14:34:55","guid":{"rendered":"https:\/\/www.hydraulic-cylinders.net\/product\/bucket-cylinder-for-xcmg-large-excavator-xe500ca\/"},"modified":"2025-01-19T14:34:57","modified_gmt":"2025-01-19T14:34:57","slug":"bucket-cylinder-for-xcmg-large-excavator-xe500ca","status":"publish","type":"product","link":"https:\/\/www.hydraulic-cylinders.net\/pl\/produkt\/bucket-cylinder-for-xcmg-large-excavator-xe500ca\/","title":{"rendered":"Si\u0142ownik \u0142y\u017cki do du\u017cej koparki XCMG XE500CA"},"content":{"rendered":"<h1>Si\u0142ownik \u0142y\u017cki do du\u017cej koparki XCMG XE500CA<\/h1>\n<h2>Wst\u0119p<\/h2>\n<p>Si\u0142ownik \u0142y\u017cki do du\u017cej koparki XCMG XE500CA to specjalnie zaprojektowany si\u0142ownik hydrauliczny, kt\u00f3ry s\u0142u\u017cy g\u0142\u00f3wnie do sterowania ruchem \u0142y\u017cki w ci\u0119\u017ckich maszynach, takich jak koparki, koparko-\u0142adowarki i \u0142adowarki czo\u0142owe. Jego g\u0142\u00f3wn\u0105 funkcj\u0105 jest podnoszenie, opuszczanie i przechylanie \u0142y\u017cki, u\u0142atwiaj\u0105c wykonywanie r\u00f3\u017cnych zada\u0144 zwi\u0105zanych z prze\u0142adunkiem materia\u0142\u00f3w. W uk\u0142adzie hydraulicznym si\u0142ownik \u0142y\u017cki zapewnia precyzyjn\u0105 kontrol\u0119 nad \u0142y\u017ck\u0105 poprzez zmian\u0119 ci\u015bnienia oleju hydraulicznego, umo\u017cliwiaj\u0105c operatorom wydajne przenoszenie ci\u0119\u017ckich \u0142adunk\u00f3w, dostosowanie si\u0119 do z\u0142o\u017conych warunk\u00f3w pracy i zr\u00f3\u017cnicowanych wymaga\u0144 operacyjnych.<\/p>\n<p><img decoding=\"async\" src=\"https:\/\/www.hydraulic-cylinders.net\/wp-content\/uploads\/2025\/01\/songte-company-2.webp\"><\/p>\n<h2>Cechy<\/h2>\n<ul>\n<li>\n<h3>Wysoka wytrzyma\u0142o\u015b\u0107 i trwa\u0142o\u015b\u0107<\/h3>\n<p>Cylinder czerpakowy jest zwykle wykonany z wysokowytrzyma\u0142ej stali lub aluminium, co pozwala na wytrzymywanie du\u017cego ci\u015bnienia i du\u017cych obci\u0105\u017ce\u0144, przystosowanie do trudnych warunk\u00f3w pracy oraz odporno\u015b\u0107 na zu\u017cycie i korozj\u0119, co wyd\u0142u\u017ca jego \u017cywotno\u015b\u0107.<\/p>\n<\/li>\n<li>\n<h3>Wydajna praca hydrauliczna<\/h3>\n<p>Si\u0142ownik czerpakowy wykorzystuje ci\u015bnienie oleju hydraulicznego, aby zapewni\u0107 p\u0142ynne rozci\u0105ganie i kurczenie, co pozwala mu szybko reagowa\u0107 na polecenia steruj\u0105ce, zapewnia du\u017c\u0105 si\u0142\u0119 pchania i ci\u0105gni\u0119cia oraz nadaje si\u0119 do przenoszenia ci\u0119\u017ckich \u0142adunk\u00f3w i wykonywania skomplikowanych zada\u0144 operacyjnych.<\/p>\n<\/li>\n<li>\n<h3>R\u00f3\u017cne typy<\/h3>\n<p>Si\u0142ownik czerpakowy mo\u017ce by\u0107 wybrany jako si\u0142ownik jednostronnego dzia\u0142ania (wykorzystuj\u0105cy hydraulik\u0119 tylko w jednym kierunku) lub dwustronnego dzia\u0142ania (wykorzystuj\u0105cy hydraulik\u0119 w obu kierunkach), w zale\u017cno\u015bci od potrzeb i wymaga\u0144 operacyjnych. Niekt\u00f3re modele s\u0105 teleskopowe, co pozwala na wi\u0119ksze wysuni\u0119cie bez zwi\u0119kszania wymiar\u00f3w zewn\u0119trznych, dzi\u0119ki czemu nadaj\u0105 si\u0119 do zastosowa\u0144 w ograniczonej przestrzeni.<\/p>\n<\/li>\n<li>\n<h3>\u0141atwe do wymiany<\/h3>\n<p>Nasze si\u0142owniki kube\u0142kowe mog\u0105 doskonale zast\u0105pi\u0107 si\u0142owniki hydrauliczne.<\/p>\n<\/li>\n<li>\n<h3>Szeroko stosowane w r\u00f3\u017cnych zastosowaniach<\/h3>\n<p>Cylinder kube\u0142kowy jest szeroko stosowany w r\u00f3\u017cnych zastosowaniach, w tym:<\/p>\n<ul>\n<li>Sprz\u0119t budowlany: W koparkach s\u0105 one niezb\u0119dne do kopania, za\u0142adunku i przemieszczania gleby lub gruzu. W koparko-\u0142adowarkach cylindry \u0142y\u017cki pomagaj\u0105 zar\u00f3wno w kopaniu, jak i podnoszeniu. W \u0142adowarkach czo\u0142owych wspomagaj\u0105 wydajne podnoszenie i przechylanie \u0142adunk\u00f3w.<\/li>\n<li>Maszyny rolnicze: Stosowane w \u0142adowarkach czo\u0142owych do nabierania, podnoszenia i transportu gleby, siana i innych materia\u0142\u00f3w, a w koparkach, cylinder \u0142y\u017cki pomaga w penetracji gleby.<\/li>\n<\/ul>\n<\/li>\n<\/ul>\n<h2>Zagadnienia projektowe i kryteria wyboru<\/h2>\n<ul>\n<li>\n<h3>No\u015bno\u015b\u0107<\/h3>\n<p>No\u015bno\u015b\u0107 cylindra czerpakowego jest kluczowym czynnikiem przy jego projektowaniu. Powinien on by\u0107 w stanie wytrzyma\u0107 ci\u0119\u017car i si\u0142\u0119, na kt\u00f3r\u0105 jest nara\u017cony, bez wyboczenia lub p\u0119kni\u0119cia.<\/p>\n<\/li>\n<li>\n<h3>Opiecz\u0119towanie<\/h3>\n<p>Cylinder \u0142y\u017cki musi by\u0107 dobrze uszczelniony, aby zapobiec wyciekom oleju i zapewni\u0107 wydajn\u0105 prac\u0119.<\/p>\n<\/li>\n<li>\n<h3>Trwa\u0142o\u015b\u0107<\/h3>\n<p>Si\u0142ownik \u0142y\u017cki musi by\u0107 na tyle trwa\u0142y, aby wytrzyma\u0107 zu\u017cycie, korozj\u0119 i trudne warunki pracy, nie ulegaj\u0105c awariom ani uszkodzeniom.<\/p>\n<\/li>\n<li>\n<h3>Bezpiecze\u0144stwo<\/h3>\n<p>Konstrukcja cylindra \u0142y\u017cki powinna zapewnia\u0107 bezpiecze\u0144stwo operatora poprzez zapobieganie wypadkom i minimalizowanie ryzyka obra\u017ce\u0144.<\/p>\n<\/li>\n<li>\n<h3>Konserwacja<\/h3>\n<p>Cylinder czerpakowy powinien by\u0107 \u0142atwy w konserwacji, a jego elementy powinny by\u0107 \u0142atwe do wymiany.<\/p>\n<\/li>\n<\/ul>\n<p><img decoding=\"async\" src=\"https:\/\/www.hydraulic-cylinders.net\/wp-content\/uploads\/2025\/01\/songte-oil-pipes-and-spare-parts.webp\"><\/p>\n<h2>Uszczelnianie i smarowanie<\/h2>\n<p>W cylindrze kube\u0142kowym zastosowano r\u00f3\u017cnorodne elementy uszczelniaj\u0105ce, takie jak uszczelnienia t\u0142oka, uszczelnienia t\u0142oczyska itp., wykonane z materia\u0142\u00f3w odpornych na zu\u017cycie, takich jak poliuretan i kauczuk nitrylowy, aby zapewni\u0107 skuteczne uszczelnienie. Korpus cylindra i powierzchnia gwintu s\u0105 poddawane precyzyjnej obr\u00f3bce w celu zwi\u0119kszenia odporno\u015bci na zu\u017cycie. Regularne smarowanie olejem hydraulicznym jest niezb\u0119dne dla zapewnienia p\u0142ynnej pracy i wyd\u0142u\u017cenia \u017cywotno\u015bci cylindra.<\/p>\n<h2>Kontrola i \u015brodki konserwacji zapobiegawczej<\/h2>\n<p>Regularne przegl\u0105dy, odpowiednie smarowanie, wymiana uszczelek i kontrole kalibracji to typowe czynno\u015bci konserwacyjne si\u0142ownik\u00f3w kube\u0142kowych. Prawid\u0142owy monta\u017c, smarowanie i regulacja s\u0105 kluczowe, a podczas monta\u017cu nale\u017cy zapewni\u0107 odpowiednie wskaz\u00f3wki. Zaleca si\u0119 stosowanie odpowiednich wspornik\u00f3w monta\u017cowych do mocowania si\u0142ownika. Zalecane procedury kontroli, naprawy i wymiany mog\u0105 pom\u00f3c wyd\u0142u\u017cy\u0107 \u017cywotno\u015b\u0107 si\u0142ownika.<\/p>\n<p><img decoding=\"async\" src=\"https:\/\/www.hydraulic-cylinders.net\/wp-content\/uploads\/2025\/01\/songte-chushion-collar.webp\"><\/p>\n<h2>Zagadnienia bezpiecze\u0144stwa i czynniki \u015brodowiskowe<\/h2>\n<p>Podczas u\u017cytkowania cylindr\u00f3w kube\u0142kowych nale\u017cy bezwzgl\u0119dnie przestrzega\u0107 \u015brodk\u00f3w bezpiecze\u0144stwa, aby zapobiec wypadkom i obra\u017ceniom. Nale\u017cy uwzgl\u0119dni\u0107 odpowiednie czynniki \u015brodowiskowe, aby zapewni\u0107 wydajn\u0105 prac\u0119 cylindra bez szkody dla \u015brodowiska.<\/p>\n<p><img decoding=\"async\" src=\"https:\/\/hzpt.com\/wp-content\/uploads\/2024\/11\/songte-company-1.webp\"><\/p>\n<h2>Typowe problemy i rozwi\u0105zywanie problem\u00f3w<\/h2>\n<p>Typowe problemy z si\u0142ownikami czerpakowymi obejmuj\u0105 nieszczelno\u015bci, niewystarczaj\u0105c\u0105 si\u0142\u0119 i powoln\u0105 prac\u0119. Metody rozwi\u0105zywania problem\u00f3w obejmuj\u0105 kontrol\u0119 szczelno\u015bci, kontrol\u0119 ci\u015bnienia hydraulicznego i zapewnienie prawid\u0142owego smarowania. \u015arodki zapobiegawcze, takie jak regularne przegl\u0105dy i konserwacja, mog\u0105 pom\u00f3c unikn\u0105\u0107 takich problem\u00f3w.<\/p>\n<p><img decoding=\"async\" src=\"https:\/\/www.hydraulic-cylinders.net\/wp-content\/uploads\/2025\/01\/songte-bushings-with-all-kinds-of-excavator-models.webp\"><\/p>\n<h2>O naszej firmie<\/h2>\n<p>Jeste\u015bmy producentem cylindr\u00f3w hydraulicznych, kt\u00f3re mog\u0105 zast\u0105pi\u0107 cylindry oryginalnego wyposa\u017cenia. Nasza oferta obejmuje szeroki asortyment i stali\u015bmy si\u0119 jednym z wiod\u0105cych producent\u00f3w i hurtowych dystrybutor\u00f3w cylindr\u00f3w hydraulicznych na rynku krajowym i zagranicznym. Kierujemy si\u0119 zasad\u0105 doskona\u0142ej jako\u015bci i opieramy si\u0119 na przemys\u0142owych strategiach zarz\u0105dzania produkcj\u0105, opartych na precyzyjnych warsztatach produkcyjnych, kt\u00f3re obejmuj\u0105 wykorzystanie profesjonalnych system\u00f3w testowych, talent\u00f3w technologicznych i zaawansowanego, cyfrowego sprz\u0119tu produkcyjnego. Stale udoskonalamy nasz\u0105 platform\u0119 produkcyjn\u0105 i doskonalimy jako\u015b\u0107 naszych produkt\u00f3w, a tak\u017ce dysponujemy du\u017cym potencja\u0142em kreatywnym. Naszym celem jest zaspokojenie zr\u00f3\u017cnicowanych potrzeb klient\u00f3w dzi\u0119ki wysokiej wydajno\u015bci, precyzji i zasadom jako\u015bci.<\/p>\n<p>Oferujemy mi\u0119dzy innymi us\u0142ugi dostosowane do indywidualnych potrzeb, mi\u0119dzynarodowe certyfikaty i serwis posprzeda\u017cowy. Nasz sprz\u0119t produkcyjny i profesjonalne zespo\u0142y zapewniaj\u0105 najlepsz\u0105 obs\u0142ug\u0119, spe\u0142niaj\u0105c\u0105 wymagania klient\u00f3w. <\/p>\n<p><em>Autor: lyl<\/em><\/p>","protected":false},"excerpt":{"rendered":"<p>Bucket Cylinder For XCMG Large Excavator XE500CA Introduction The bucket cylinder for XCMG large excavator XE500CA is a specially designed hydraulic cylinder that is primarily used to control the movement of the bucket in heavy machinery, such as excavators, backhoe excavators, and front-end loaders. Its main function is to enable the bucket to lift, lower, [&hellip;]<\/p>","protected":false},"featured_media":14787,"comment_status":"open","ping_status":"closed","template":"","meta":{"_et_pb_use_builder":"","_et_pb_old_content":"","_et_gb_content_width":""},"product_brand":[],"product_cat":[1494],"product_tag":[1495,1496],"class_list":{"0":"post-15479","1":"product","2":"type-product","3":"status-publish","4":"has-post-thumbnail","6":"product_cat-bucket-cylinders","7":"product_tag-bucket-cylinders","8":"product_tag-hydraulic-cylinders","10":"first","11":"instock","12":"shipping-taxable","13":"product-type-simple"},"amp_enabled":true,"_links":{"self":[{"href":"https:\/\/www.hydraulic-cylinders.net\/pl\/wp-json\/wp\/v2\/product\/15479","targetHints":{"allow":["GET"]}}],"collection":[{"href":"https:\/\/www.hydraulic-cylinders.net\/pl\/wp-json\/wp\/v2\/product"}],"about":[{"href":"https:\/\/www.hydraulic-cylinders.net\/pl\/wp-json\/wp\/v2\/types\/product"}],"replies":[{"embeddable":true,"href":"https:\/\/www.hydraulic-cylinders.net\/pl\/wp-json\/wp\/v2\/comments?post=15479"}],"wp:featuredmedia":[{"embeddable":true,"href":"https:\/\/www.hydraulic-cylinders.net\/pl\/wp-json\/wp\/v2\/media\/14787"}],"wp:attachment":[{"href":"https:\/\/www.hydraulic-cylinders.net\/pl\/wp-json\/wp\/v2\/media?parent=15479"}],"wp:term":[{"taxonomy":"product_brand","embeddable":true,"href":"https:\/\/www.hydraulic-cylinders.net\/pl\/wp-json\/wp\/v2\/product_brand?post=15479"},{"taxonomy":"product_cat","embeddable":true,"href":"https:\/\/www.hydraulic-cylinders.net\/pl\/wp-json\/wp\/v2\/product_cat?post=15479"},{"taxonomy":"product_tag","embeddable":true,"href":"https:\/\/www.hydraulic-cylinders.net\/pl\/wp-json\/wp\/v2\/product_tag?post=15479"}],"curies":[{"name":"wp","href":"https:\/\/api.w.org\/{rel}","templated":true}]}}