{"id":15482,"date":"2025-01-19T14:35:08","date_gmt":"2025-01-19T14:35:08","guid":{"rendered":"https:\/\/www.hydraulic-cylinders.net\/product\/bucket-cylinder-for-xcmg-large-excavator-xe490ch\/"},"modified":"2025-01-19T14:35:10","modified_gmt":"2025-01-19T14:35:10","slug":"bucket-cylinder-for-xcmg-large-excavator-xe490ch","status":"publish","type":"product","link":"https:\/\/www.hydraulic-cylinders.net\/pl\/produkt\/bucket-cylinder-for-xcmg-large-excavator-xe490ch\/","title":{"rendered":"Si\u0142ownik \u0142y\u017cki do du\u017cej koparki XCMG XE490CH"},"content":{"rendered":"<p><!DOCTYPE html><br \/>\n<html><br \/>\n<head><br \/>\n<title>Si\u0142ownik \u0142y\u017cki do du\u017cej koparki XCMG XE490CH<\/title><br \/>\n<\/head><br \/>\n<body><\/p>\n<h1>Si\u0142ownik \u0142y\u017cki do du\u017cej koparki XCMG XE490CH<\/h1>\n<h2>Definicja cylindra kube\u0142kowego<\/h2>\n<p>Si\u0142ownik \u0142y\u017cki to specjalnie zaprojektowany si\u0142ownik hydrauliczny s\u0142u\u017c\u0105cy do sterowania ruchem \u0142y\u017cki w ci\u0119\u017ckich maszynach, takich jak koparki, koparko-\u0142adowarki i \u0142adowarki czo\u0142owe. Jego g\u0142\u00f3wn\u0105 funkcj\u0105 jest umo\u017cliwienie podnoszenia, opuszczania i przechylania \u0142y\u017cki, u\u0142atwiaj\u0105c wykonywanie r\u00f3\u017cnych zada\u0144 zwi\u0105zanych z prze\u0142adunkiem materia\u0142\u00f3w. W uk\u0142adzie hydraulicznym si\u0142ownik \u0142y\u017cki zapewnia precyzyjn\u0105 kontrol\u0119 nad \u0142y\u017ck\u0105, wykorzystuj\u0105c zmiany ci\u015bnienia oleju hydraulicznego, umo\u017cliwiaj\u0105c operatorom wydajne przenoszenie ci\u0119\u017ckich \u0142adunk\u00f3w i dostosowywanie si\u0119 do z\u0142o\u017conych warunk\u00f3w pracy oraz zr\u00f3\u017cnicowanych wymaga\u0144.<\/p>\n<p><img decoding=\"async\" src=\"https:\/\/www.hydraulic-cylinders.net\/wp-content\/uploads\/2025\/01\/songte-company-2.webp\"><\/p>\n<h2>Cechy cylindra kube\u0142kowego<\/h2>\n<ul>\n<li>Wysoka wytrzyma\u0142o\u015b\u0107 i trwa\u0142o\u015b\u0107: Zazwyczaj wykonane z wysokowytrzyma\u0142ej stali lub aluminium, wytrzymuj\u0105 du\u017ce ci\u015bnienie i obci\u0105\u017cenia, s\u0105 przystosowane do trudnych warunk\u00f3w pracy oraz zaprojektowane z uwzgl\u0119dnieniem odporno\u015bci na zu\u017cycie i korozj\u0119, aby wyd\u0142u\u017cy\u0107 ich \u017cywotno\u015b\u0107.<\/li>\n<li>Wydajna praca uk\u0142adu hydraulicznego: wykorzystuje ci\u015bnienie oleju hydraulicznego w celu uzyskania p\u0142ynnych ruch\u00f3w wysuwania i wsuwania, umo\u017cliwia szybk\u0105 reakcj\u0119 na polecenia steruj\u0105ce, zapewnia du\u017c\u0105 si\u0142\u0119 pchania i ci\u0105gni\u0119cia, nadaje si\u0119 do obs\u0142ugi ci\u0119\u017ckich \u0142adunk\u00f3w i wykonywania skomplikowanych zada\u0144.<\/li>\n<li>R\u00f3\u017cne typy: Wybierz cylindry jednostronnego dzia\u0142ania (hydraulika dzia\u0142a tylko w jednym kierunku) lub dwustronnego dzia\u0142ania (hydraulika dzia\u0142a w obu kierunkach) w zale\u017cno\u015bci od konkretnych wymaga\u0144 operacyjnych. Niekt\u00f3re modele s\u0105 teleskopowe, co pozwala na wi\u0119ksze wysuni\u0119cie bez zwi\u0119kszania wymiar\u00f3w zewn\u0119trznych, i nadaje si\u0119 do zastosowa\u0144 w ograniczonej przestrzeni.<\/li>\n<\/ul>\n<p><img decoding=\"async\" src=\"https:\/\/www.hydraulic-cylinders.net\/wp-content\/uploads\/2025\/01\/songte-cylinder-head-with-all-kinds-excavator-models.webp\"><\/p>\n<h2>Zastosowania cylindra kube\u0142kowego<\/h2>\n<p>Cylinder \u0142y\u017cki jest powszechnie spotykany w r\u00f3\u017cnych maszynach budowlanych:<\/p>\n<ul>\n<li>Koparki: Niezb\u0119dne do wykop\u00f3w, za\u0142adunku i przemieszczania gleby lub gruzu. Cylinder \u0142y\u017cki umo\u017cliwia kopanie, pozwalaj\u0105c \u0142y\u017cce wnika\u0107 w gleb\u0119.<\/li>\n<li>Koparko-\u0142adowarki: s\u0142u\u017c\u0105 do wykonywania prac ziemnych i podnoszenia.<\/li>\n<li>Maszyny rolnicze: Stosowane w \u0142adowarkach czo\u0142owych do nabierania, podnoszenia i transportu gleby, siana i innych materia\u0142\u00f3w.<\/li>\n<li>\u0141adowarki czo\u0142owe: pomagaj\u0105 w efektywnym podnoszeniu i wysypywaniu towar\u00f3w.<\/li>\n<\/ul>\n<h2>Zagadnienia projektowe i kryteria wyboru<\/h2>\n<p>Przy projektowaniu cylindra czerpakowego bierze si\u0119 pod uwag\u0119 kilka czynnik\u00f3w:<\/p>\n<ul>\n<li>No\u015bno\u015b\u0107: Cylinder musi by\u0107 w stanie wytrzyma\u0107 przewidywane obci\u0105\u017cenie bez uszkodzenia.<\/li>\n<li>Uszczelnienie: Aby zapewni\u0107 skuteczne uszczelnienie i zapobiec wyciekom p\u0142ynu hydraulicznego, stosuje si\u0119 r\u00f3\u017cne elementy uszczelniaj\u0105ce, takie jak uszczelki t\u0142okowe i uszczelki t\u0142oczyskowe.<\/li>\n<li>Trwa\u0142o\u015b\u0107: Cylinder zaprojektowano tak, aby wytrzymywa\u0142 trudy intensywnego u\u017cytkowania i by\u0142 odporny na zu\u017cycie.<\/li>\n<li>Bezpiecze\u0144stwo: W celu zapobiegania wypadkom i dbania o dobre samopoczucie operatora wprowadzono funkcje bezpiecze\u0144stwa.<\/li>\n<li>\u0141atwo\u015b\u0107 konserwacji: Cylinder zaprojektowano tak, aby by\u0142 \u0142atwy w konserwacji, co w razie potrzeby umo\u017cliwia sprawne przeprowadzanie napraw i wymian.<\/li>\n<\/ul>\n<p><img decoding=\"async\" src=\"https:\/\/www.hydraulic-cylinders.net\/wp-content\/uploads\/2025\/01\/songte-oil-pipes-and-spare-parts.webp\"><\/p>\n<h2>Uszczelnianie i smarowanie<\/h2>\n<p>W cylindrze czerpakowym zastosowano r\u00f3\u017cnorodne uszczelnienia, takie jak uszczelnienia t\u0142oka i t\u0142oczyska, wykonane z materia\u0142\u00f3w odpornych na zu\u017cycie, takich jak poliuretan i kauczuk nitrylowy. Korpus cylindra i gwintowane powierzchnie ko\u0144cowe s\u0105 precyzyjnie obrobione w celu zwi\u0119kszenia odporno\u015bci na zu\u017cycie. Aby zapewni\u0107 p\u0142ynn\u0105 prac\u0119, wymagane jest regularne smarowanie odpowiednim olejem hydraulicznym.<\/p>\n<h2>Regularne kontrole i konserwacja zapobiegawcza<\/h2>\n<p>Aby zapewni\u0107 optymaln\u0105 wydajno\u015b\u0107 i trwa\u0142o\u015b\u0107 cylindra \u0142y\u017cki, nale\u017cy regularnie przeprowadza\u0107 kontrole i konserwacj\u0119 zapobiegawcz\u0105:<\/p>\n<ul>\n<li>Sprawd\u017a wszystkie podzespo\u0142y pod k\u0105tem \u015blad\u00f3w zu\u017cycia i uszkodze\u0144.<\/li>\n<li>Nale\u017cy odpowiednio nasmarowa\u0107 wszystkie ruchome cz\u0119\u015bci.<\/li>\n<li>Wymie\u0144 zu\u017cyte uszczelki i przeprowad\u017a kontrol\u0119 kalibracji.<\/li>\n<\/ul>\n<h2>Instrukcja instalacji produktu<\/h2>\n<p>Prawid\u0142owy monta\u017c cylindra czerpakowego ma kluczowe znaczenie dla jego wydajno\u015bci i trwa\u0142o\u015bci:<\/p>\n<ul>\n<li>Podczas monta\u017cu nale\u017cy prawid\u0142owo ustawi\u0107 cylinder.<\/li>\n<li>Do zabezpieczenia cylindra nale\u017cy u\u017cy\u0107 odpowiednich wspornik\u00f3w monta\u017cowych.<\/li>\n<li>Post\u0119puj zgodnie z zalecanymi procedurami kontroli, napraw i wymiany.<\/li>\n<li>Podaj wskaz\u00f3wki dotycz\u0105ce wyd\u0142u\u017cenia \u017cywotno\u015bci cylindra czerpakowego.<\/li>\n<\/ul>\n<p><img decoding=\"async\" src=\"https:\/\/www.hydraulic-cylinders.net\/wp-content\/uploads\/2025\/01\/songte-chushion-collar.webp\"><\/p>\n<h2>Zagadnienia bezpiecze\u0144stwa i czynniki \u015brodowiskowe<\/h2>\n<p>Nie nale\u017cy pomija\u0107 znaczenia \u015brodk\u00f3w bezpiecze\u0144stwa podczas u\u017cytkowania cylindra czerpakowego. Nale\u017cy przestrzega\u0107 \u015brodk\u00f3w ostro\u017cno\u015bci, aby zapobiec wypadkom i zapewni\u0107 bezpieczne \u015brodowisko pracy.<\/p>\n<h2>Rozwi\u0105zywanie problem\u00f3w i typowe problemy<\/h2>\n<p>W przypadku wyst\u0105pienia problem\u00f3w z cylindrem czerpakowym nale\u017cy zastosowa\u0107 odpowiednie metody rozwi\u0105zywania problem\u00f3w i ich rozwi\u0105zywania:<\/p>\n<ul>\n<li>Dostarczaj wskaz\u00f3wek i rozwi\u0105za\u0144 dotycz\u0105cych rozwi\u0105zywania problem\u00f3w, aby pom\u00f3c czytelnikom skutecznie diagnozowa\u0107 i rozwi\u0105zywa\u0107 problemy.<\/li>\n<li>Zaproponuj \u015brodki zapobiegawcze w celu zminimalizowania potencjalnych problem\u00f3w.<\/li>\n<\/ul>\n<p><img decoding=\"async\" src=\"https:\/\/www.hydraulic-cylinders.net\/wp-content\/uploads\/2025\/01\/songte-bushings-with-all-kinds-of-excavator-models.webp\"><\/p>\n<p>Pami\u0119taj, aby artyku\u0142 by\u0142 logicznie uporz\u0105dkowany, u\u017cywaj podtytu\u0142\u00f3w u\u0142atwiaj\u0105cych nawigacj\u0119, dodawaj odpowiednie obrazy i wykresy, aby u\u0142atwi\u0107 zrozumienie, a tak\u017ce zadbaj o to, aby tre\u015b\u0107 by\u0142a przejrzysta, zwi\u0119z\u0142a i odpowiednia dla czytelnik\u00f3w o r\u00f3\u017cnym poziomie wiedzy technicznej.<\/p>\n<h2>O naszej firmie<\/h2>\n<p>Jeste\u015bmy producentem zamiennych cylindr\u00f3w hydraulicznych oraz jednym z wiod\u0105cych producent\u00f3w i hurtowych dystrybutor\u00f3w cylindr\u00f3w hydraulicznych na rynku krajowym i mi\u0119dzynarodowym. Priorytetem jest dla nas doskona\u0142o\u015b\u0107 jako\u015bci i w naszych zaawansowanych warsztatach produkcyjnych stosujemy zindustrializowane strategie zarz\u0105dzania produkcj\u0105. Koncentruj\u0105c si\u0119 na talentach technicznych, zaawansowanym sprz\u0119cie do produkcji cyfrowej i profesjonalnych systemach testowych, nasza firma stale udoskonala platform\u0119 produkcyjn\u0105 w warsztacie, doskonali procesy produkcyjne pod k\u0105tem jako\u015bci produkt\u00f3w i dysponuje du\u017cym potencja\u0142em kreatywnym. Naszym celem jest zaspokajanie zr\u00f3\u017cnicowanych potrzeb klient\u00f3w poprzez wysok\u0105 wydajno\u015b\u0107, precyzj\u0119 i jako\u015b\u0107.<\/p>\n<p><img decoding=\"async\" src=\"https:\/\/hzpt.com\/wp-content\/uploads\/2024\/11\/songte-company-1.webp\"><\/p>\n<h3>Najwa\u017cniejsze informacje o firmie:<\/h3>\n<ul>\n<li>Profesjonalizm<\/li>\n<li>Certyfikaty mi\u0119dzynarodowe<\/li>\n<li>Us\u0142ugi personalizacji<\/li>\n<li>Zaawansowany sprz\u0119t produkcyjny<\/li>\n<li>Us\u0142ugi posprzeda\u017cowe<\/li>\n<\/ul>\n<p><img decoding=\"async\" src=\"https:\/\/www.hydraulic-cylinders.net\/wp-content\/uploads\/2025\/01\/songte-company-3.webp\"><\/p>\n<p>Autor: lyl<\/p>\n<p><\/body><br \/>\n<\/html><\/p>","protected":false},"excerpt":{"rendered":"<p>Bucket Cylinder For XCMG Large Excavator XE490CH Bucket Cylinder For XCMG Large Excavator XE490CH Definition of Bucket Cylinder The bucket cylinder is a specially designed hydraulic cylinder used to control the movement of the bucket in heavy machinery such as excavators, backhoe loaders, and front-end loaders. Its main function is to enable the bucket to [&hellip;]<\/p>","protected":false},"featured_media":14782,"comment_status":"open","ping_status":"closed","template":"","meta":{"_et_pb_use_builder":"","_et_pb_old_content":"","_et_gb_content_width":""},"product_brand":[],"product_cat":[1494],"product_tag":[1495,1496],"class_list":{"0":"post-15482","1":"product","2":"type-product","3":"status-publish","4":"has-post-thumbnail","6":"product_cat-bucket-cylinders","7":"product_tag-bucket-cylinders","8":"product_tag-hydraulic-cylinders","10":"first","11":"instock","12":"shipping-taxable","13":"product-type-simple"},"amp_enabled":true,"_links":{"self":[{"href":"https:\/\/www.hydraulic-cylinders.net\/pl\/wp-json\/wp\/v2\/product\/15482","targetHints":{"allow":["GET"]}}],"collection":[{"href":"https:\/\/www.hydraulic-cylinders.net\/pl\/wp-json\/wp\/v2\/product"}],"about":[{"href":"https:\/\/www.hydraulic-cylinders.net\/pl\/wp-json\/wp\/v2\/types\/product"}],"replies":[{"embeddable":true,"href":"https:\/\/www.hydraulic-cylinders.net\/pl\/wp-json\/wp\/v2\/comments?post=15482"}],"wp:featuredmedia":[{"embeddable":true,"href":"https:\/\/www.hydraulic-cylinders.net\/pl\/wp-json\/wp\/v2\/media\/14782"}],"wp:attachment":[{"href":"https:\/\/www.hydraulic-cylinders.net\/pl\/wp-json\/wp\/v2\/media?parent=15482"}],"wp:term":[{"taxonomy":"product_brand","embeddable":true,"href":"https:\/\/www.hydraulic-cylinders.net\/pl\/wp-json\/wp\/v2\/product_brand?post=15482"},{"taxonomy":"product_cat","embeddable":true,"href":"https:\/\/www.hydraulic-cylinders.net\/pl\/wp-json\/wp\/v2\/product_cat?post=15482"},{"taxonomy":"product_tag","embeddable":true,"href":"https:\/\/www.hydraulic-cylinders.net\/pl\/wp-json\/wp\/v2\/product_tag?post=15482"}],"curies":[{"name":"wp","href":"https:\/\/api.w.org\/{rel}","templated":true}]}}