{"id":15488,"date":"2025-01-19T14:35:32","date_gmt":"2025-01-19T14:35:32","guid":{"rendered":"https:\/\/www.hydraulic-cylinders.net\/product\/bucket-cylinder-for-xcmg-large-excavator-xe3000\/"},"modified":"2025-01-19T14:35:40","modified_gmt":"2025-01-19T14:35:40","slug":"bucket-cylinder-for-xcmg-large-excavator-xe3000","status":"publish","type":"product","link":"https:\/\/www.hydraulic-cylinders.net\/pl\/produkt\/bucket-cylinder-for-xcmg-large-excavator-xe3000\/","title":{"rendered":"Si\u0142ownik \u0142y\u017cki do du\u017cej koparki XCMG XE3000"},"content":{"rendered":"<h1>Si\u0142ownik \u0142y\u017cki do du\u017cej koparki XCMG XE3000<\/h1>\n<h2>Wst\u0119p<\/h2>\n<h3>Definicja<\/h3>\n<p>A bucket cylinder is specially designed hydraulic cylinder used to control the movement of the bucket in heavy machinery such as excavators, backhoe loaders, and front loaders. Its main function is to enable the bucket to lift, lower, and tilt, making it easier to handle various material handling tasks. In the hydraulic system, the bucket cylinder controls the bucket&#8217;s precise movement by the pressure changes of hydraulic oil, allowing the operator to handle heavy loads efficiently, adapt to complex working environments, and diverse operational needs.<\/p>\n<p><img decoding=\"async\" src=\"https:\/\/www.hydraulic-cylinders.net\/wp-content\/uploads\/2025\/01\/songte-company-2.webp\" alt=\"Si\u0142ownik \u0142y\u017cki do du\u017cej koparki XCMG XE3000\" \/><\/p>\n<h2>Cechy<\/h2>\n<ul>\n<li><strong>Wysoka wytrzyma\u0142o\u015b\u0107 i trwa\u0142o\u015b\u0107:<\/strong> Wykonany z wytrzyma\u0142ej stali lub aluminium, wytrzymuje du\u017ce ci\u015bnienie i obci\u0105\u017cenia, jest przystosowany do trudnych warunk\u00f3w pracy, a tak\u017ce zaprojektowany z my\u015bl\u0105 o odporno\u015bci na zu\u017cycie i korozj\u0119, co wyd\u0142u\u017ca jego \u017cywotno\u015b\u0107.<\/li>\n<li><strong>Wydajna praca uk\u0142adu hydraulicznego:<\/strong> P\u0142ynne wysuwanie i wsuwanie odbywa si\u0119 dzi\u0119ki wykorzystaniu ci\u015bnienia oleju hydraulicznego. Urz\u0105dzenie szybko reaguje na polecenia steruj\u0105ce, zapewnia du\u017c\u0105 si\u0142\u0119 pchania i ci\u0105gni\u0119cia oraz nadaje si\u0119 do przenoszenia du\u017cych ci\u0119\u017car\u00f3w i wykonywania skomplikowanych zada\u0144 operacyjnych.<\/li>\n<li><strong>R\u00f3\u017cne typy:<\/strong> Si\u0142owniki jednostronnego dzia\u0142ania (hydrauliczne w jednym kierunku) lub dwustronnego dzia\u0142ania (hydrauliczne w obu kierunkach) mo\u017cna dobra\u0107 w zale\u017cno\u015bci od potrzeb, aby spe\u0142ni\u0107 r\u00f3\u017cne wymagania operacyjne. Niekt\u00f3re modele s\u0105 teleskopowe, co pozwala na wi\u0119ksze wysuni\u0119cie bez zwi\u0119kszania wymiar\u00f3w zewn\u0119trznych, dzi\u0119ki czemu nadaj\u0105 si\u0119 do zastosowa\u0144 w ograniczonej przestrzeni.<\/li>\n<li><strong>Idealny zamiennik cylindr\u00f3w hydraulicznych:<\/strong> Nasze produkty mog\u0105 doskonale zast\u0105pi\u0107 te si\u0142owniki hydrauliczne.<\/li>\n<\/ul>\n<p><img decoding=\"async\" src=\"https:\/\/www.hydraulic-cylinders.net\/wp-content\/uploads\/2025\/01\/songte-cylinder-head-with-all-kinds-excavator-models.webp\" alt=\"Si\u0142ownik \u0142y\u017cki do du\u017cej koparki XCMG XE3000\" \/><\/p>\n<h2>Aplikacje<\/h2>\n<p>Si\u0142ownik czerpakowy stosowany jest w szerokiej gamie ci\u0119\u017ckich maszyn, w tym:<\/p>\n<ul>\n<li><strong>Sprz\u0119t budowlany:<\/strong> W przypadku koparek jest on niezb\u0119dny do kopania, za\u0142adunku i przemieszczania gleby lub gruzu. W koparko-\u0142adowarkach u\u0142atwia kopanie i podnoszenie. <\/li>\n<li><strong>Maszyny rolnicze:<\/strong> Stosowany w \u0142adowarkach czo\u0142owych do podnoszenia, zbierania i transportu ziemi, siana i innych materia\u0142\u00f3w. <\/li>\n<li><strong>Koparki:<\/strong> Cylinder \u0142y\u017cki umo\u017cliwia zag\u0142\u0119bianie si\u0119 \u0142y\u017cki w gleb\u0119. <\/li>\n<li><strong>\u0141adowarki czo\u0142owe:<\/strong> Pomagaj\u0105 skutecznie podnosi\u0107 i przechyla\u0107 towary. <\/li>\n<\/ul>\n<p>Let&#8217;s explore each application in detail:<\/p>\n<h3>Sprz\u0119t budowlany<\/h3>\n<p>Sprz\u0119t budowlany jest niezb\u0119dny w r\u00f3\u017cnych zastosowaniach budowlanych. Cylinder \u0142y\u017cki pomaga kopa\u0107 do\u0142y, rowy i fundamenty. Pomaga r\u00f3wnie\u017c za\u0142adowa\u0107 i przemie\u015bci\u0107 ziemi\u0119 i gruz. W koparko-\u0142adowarkach u\u0142atwia kopanie i podnoszenie. Jest r\u00f3wnie\u017c u\u017cywany w sprz\u0119cie do budowy dr\u00f3g do oczyszczania i wyr\u00f3wnywania terenu.<\/p>\n<h3>Maszyny rolnicze<\/h3>\n<p>Si\u0142owniki czerpakowe s\u0105 stosowane w \u0142adowarkach czo\u0142owych do podnoszenia, za\u0142adunku i transportu ziemi, siana i innych materia\u0142\u00f3w. Ponadto s\u0105 stosowane w ci\u0105gnikach i innych maszynach rolniczych do przenoszenia du\u017cych ci\u0119\u017car\u00f3w. <\/p>\n<h3>Koparki<\/h3>\n<p>The bucket cylinder enables the bucket to penetrate the soil, helping with construction, digging, and demolition. With the bucket cylinder&#8217;s help, the excavator can work on different soil types.<\/p>\n<h3>\u0141adowarki czo\u0142owe<\/h3>\n<p>Si\u0142ownik \u0142y\u017cki pomaga w efektywnym podnoszeniu i przechylaniu towar\u00f3w. Jest stosowany w \u0142adowarkach czo\u0142owych do r\u00f3\u017cnych zastosowa\u0144, takich jak prze\u0142adunek materia\u0142\u00f3w w magazynach, prze\u0142adunek materia\u0142\u00f3w w portach oraz uk\u0142adanie stos\u00f3w.<\/p>\n<p><img decoding=\"async\" src=\"https:\/\/hzpt.com\/wp-content\/uploads\/2024\/11\/songte-company-1.webp\" alt=\"Si\u0142ownik \u0142y\u017cki do du\u017cej koparki XCMG XE3000\" \/><\/p>\n<h2>Zagadnienia projektowe i kryteria wyboru<\/h2>\n<p>Poni\u017cej przedstawiono zagadnienia projektowe i kryteria doboru cylindr\u00f3w kube\u0142kowych:<\/p>\n<ul>\n<li><strong>No\u015bno\u015b\u0107:<\/strong> Cylindry kube\u0142kowe musz\u0105 mie\u0107 du\u017c\u0105 no\u015bno\u015b\u0107, aby mog\u0142y podtrzymywa\u0107 du\u017ce obci\u0105\u017cenia.<\/li>\n<li><strong>Opiecz\u0119towanie:<\/strong> Wysokiej jako\u015bci system uszczelnie\u0144 zapobiega wyciekom p\u0142yn\u00f3w hydraulicznych, kt\u00f3re mog\u0142yby spowodowa\u0107 uszkodzenie cylindra. <\/li>\n<li><strong>Trwa\u0142o\u015b\u0107:<\/strong> Materia\u0142y u\u017cywane do produkcji cylindr\u00f3w kube\u0142kowych musz\u0105 by\u0107 trwa\u0142e, aby wytrzymywa\u0142y trudne warunki i by\u0142y odporne na wielokrotne u\u017cycie.<\/li>\n<li><strong>Bezpiecze\u0144stwo:<\/strong> Cylindry czerpakowe musz\u0105 by\u0107 projektowane z uwzgl\u0119dnieniem zasad bezpiecze\u0144stwa, aby zapobiega\u0107 wypadkom i obra\u017ceniom.<\/li>\n<li><strong>Utrzymywalno\u015b\u0107:<\/strong> Cylinder czerpakowy powinien by\u0107 \u0142atwy w konserwacji i naprawie, z \u0142atwo dost\u0119pn\u0105 cz\u0119\u015bci\u0105 zamienn\u0105 i us\u0142ugami naprawczymi.<\/li>\n<\/ul>\n<p><img decoding=\"async\" src=\"https:\/\/www.hydraulic-cylinders.net\/wp-content\/uploads\/2025\/01\/songte-oil-pipes-and-spare-parts.webp\" alt=\"Si\u0142ownik \u0142y\u017cki do du\u017cej koparki XCMG XE3000\" \/><\/p>\n<h2>Uszczelnianie i smarowanie<\/h2>\n<p>Bucket cylinders feature various sealing components like piston seals and rod seals that prevent hydraulic fluid leakage. The cylinder&#8217;s surface is finely processed to improve its wear resistance, and it requires regular lubrication to maintain its smooth operation. <\/p>\n<h2>Konserwacja i naprawa<\/h2>\n<p>Poni\u017cej przedstawiono zadania konserwacyjne i naprawcze cylindr\u00f3w kube\u0142kowych:<\/p>\n<ul>\n<li>Regularna kontrola<\/li>\n<li>Prawid\u0142owe smarowanie<\/li>\n<li>Wymiana uszczelki<\/li>\n<li>Kontrola kalibracji<\/li>\n<\/ul>\n<p>Proper installation, lubrication, and adjustment are crucial for ensuring the bucket cylinder&#8217;s longevity. During installation, the cylinder must be correctly aligned, and adequate support should be provided to prevent damage. Regular inspection, repair, and replacement of components are necessary to ensure the bucket cylinder&#8217;s long-lasting performance.<\/p>\n<p><img decoding=\"async\" src=\"https:\/\/www.hydraulic-cylinders.net\/wp-content\/uploads\/2025\/01\/songte-chushion-collar.webp\" alt=\"Si\u0142ownik \u0142y\u017cki do du\u017cej koparki XCMG XE3000\" \/><\/p>\n<h2>Zagadnienia bezpiecze\u0144stwa i czynniki \u015brodowiskowe<\/h2>\n<p>Bucket cylinders should be operated following safety guidelines to prevent accidents and injuries. Environmental factors like temperature and humidity can affect the cylinder&#8217;s performance and must be considered during operation.<\/p>\n<h2>Typowe problemy i rozwi\u0105zywanie problem\u00f3w<\/h2>\n<p>Poni\u017cej przedstawiono najcz\u0119stsze problemy i sposoby rozwi\u0105zywania problem\u00f3w dotycz\u0105ce cylindr\u00f3w kube\u0142kowych:<\/p>\n<ul>\n<li>Przeciek<\/li>\n<li>Niewystarczaj\u0105ca si\u0142a<\/li>\n<li>S\u0142aba wydajno\u015b\u0107<\/li>\n<\/ul>\n<p>Regularne kontrole i konserwacja mog\u0105 zminimalizowa\u0107 wyst\u0119powanie tych problem\u00f3w. W przypadku wyst\u0105pienia jakiegokolwiek problemu nale\u017cy go natychmiast rozwi\u0105za\u0107, aby zapobiec uszkodzeniu cylindra.<\/p>\n<h2>O nas<\/h2>\n<p>We are a hydraulic cylinder manufacturer that specializes in replacing hydraulic cylinders. We offer a complete range of products and have become one of the leading manufacturers and wholesalers of hydraulic cylinders in the domestic and international markets. We follow excellent quality and rely on the industrial production management strategy of the fine manufacturing workshop. Our company has continuously improved the manufacturing platform of the workshop from the use of technology talents, digital high-end manufacturing equipment, and professional testing systems to improve the production quality route of product quality. We have strong creative ability and adhere to the principles of high efficiency, high accuracy, and high quality to meet customers&#8217; diverse requirements.<\/p>\n<p>Oferujemy us\u0142ugi dostosowane do indywidualnych potrzeb, a nasze produkty posiadaj\u0105 mi\u0119dzynarodowe certyfikaty. Nasza firma wykorzystuje do produkcji sprz\u0119t najwy\u017cszej klasy i zapewnia doskona\u0142\u0105 obs\u0142ug\u0119 posprzeda\u017cow\u0105.<\/p>\n<p><img decoding=\"async\" src=\"https:\/\/www.hydraulic-cylinders.net\/wp-content\/uploads\/2025\/01\/songte-company-3.webp\" alt=\"Si\u0142ownik \u0142y\u017cki do du\u017cej koparki XCMG XE3000\" \/><\/p>\n<p>Autor: lyl<\/p>","protected":false},"excerpt":{"rendered":"<p>Bucket Cylinder For XCMG Large Excavator XE3000 Introduction Definition A bucket cylinder is specially designed hydraulic cylinder used to control the movement of the bucket in heavy machinery such as excavators, backhoe loaders, and front loaders. Its main function is to enable the bucket to lift, lower, and tilt, making it easier to handle various [&hellip;]<\/p>","protected":false},"featured_media":14769,"comment_status":"open","ping_status":"closed","template":"","meta":{"_et_pb_use_builder":"","_et_pb_old_content":"","_et_gb_content_width":""},"product_brand":[],"product_cat":[1494],"product_tag":[1495,1496],"class_list":{"0":"post-15488","1":"product","2":"type-product","3":"status-publish","4":"has-post-thumbnail","6":"product_cat-bucket-cylinders","7":"product_tag-bucket-cylinders","8":"product_tag-hydraulic-cylinders","10":"first","11":"instock","12":"shipping-taxable","13":"product-type-simple"},"amp_enabled":true,"_links":{"self":[{"href":"https:\/\/www.hydraulic-cylinders.net\/pl\/wp-json\/wp\/v2\/product\/15488","targetHints":{"allow":["GET"]}}],"collection":[{"href":"https:\/\/www.hydraulic-cylinders.net\/pl\/wp-json\/wp\/v2\/product"}],"about":[{"href":"https:\/\/www.hydraulic-cylinders.net\/pl\/wp-json\/wp\/v2\/types\/product"}],"replies":[{"embeddable":true,"href":"https:\/\/www.hydraulic-cylinders.net\/pl\/wp-json\/wp\/v2\/comments?post=15488"}],"wp:featuredmedia":[{"embeddable":true,"href":"https:\/\/www.hydraulic-cylinders.net\/pl\/wp-json\/wp\/v2\/media\/14769"}],"wp:attachment":[{"href":"https:\/\/www.hydraulic-cylinders.net\/pl\/wp-json\/wp\/v2\/media?parent=15488"}],"wp:term":[{"taxonomy":"product_brand","embeddable":true,"href":"https:\/\/www.hydraulic-cylinders.net\/pl\/wp-json\/wp\/v2\/product_brand?post=15488"},{"taxonomy":"product_cat","embeddable":true,"href":"https:\/\/www.hydraulic-cylinders.net\/pl\/wp-json\/wp\/v2\/product_cat?post=15488"},{"taxonomy":"product_tag","embeddable":true,"href":"https:\/\/www.hydraulic-cylinders.net\/pl\/wp-json\/wp\/v2\/product_tag?post=15488"}],"curies":[{"name":"wp","href":"https:\/\/api.w.org\/{rel}","templated":true}]}}