{"id":15493,"date":"2025-01-19T14:35:58","date_gmt":"2025-01-19T14:35:58","guid":{"rendered":"https:\/\/www.hydraulic-cylinders.net\/product\/bucket-cylinder-for-zoomlion-small-excavator-ze85e\/"},"modified":"2025-01-19T14:36:00","modified_gmt":"2025-01-19T14:36:00","slug":"bucket-cylinder-for-zoomlion-small-excavator-ze85e","status":"publish","type":"product","link":"https:\/\/www.hydraulic-cylinders.net\/pl\/produkt\/bucket-cylinder-for-zoomlion-small-excavator-ze85e\/","title":{"rendered":"Cylinder \u0142y\u017cki do ma\u0142ej koparki Zoomlion ZE85E"},"content":{"rendered":"<h1>Cylinder \u0142y\u017cki do ma\u0142ej koparki Zoomlion ZE85E<\/h1>\n<h2>Wst\u0119p<\/h2>\n<p>Si\u0142ownik \u0142y\u017cki to specjalnie zaprojektowany si\u0142ownik hydrauliczny s\u0142u\u017c\u0105cy do sterowania ruchem \u0142y\u017cki w ci\u0119\u017ckich maszynach, takich jak koparki, koparko-\u0142adowarki i \u0142adowarki czo\u0142owe. Jego g\u0142\u00f3wn\u0105 funkcj\u0105 jest podnoszenie, opuszczanie i przechylanie \u0142y\u017cki, u\u0142atwiaj\u0105c wykonywanie r\u00f3\u017cnych zada\u0144 zwi\u0105zanych z prze\u0142adunkiem materia\u0142\u00f3w. W uk\u0142adzie hydraulicznym si\u0142ownik \u0142y\u017cki zapewnia precyzyjn\u0105 kontrol\u0119 ruchu \u0142y\u017cki poprzez zmian\u0119 ci\u015bnienia oleju hydraulicznego, umo\u017cliwiaj\u0105c operatorom wydajne przenoszenie du\u017cych \u0142adunk\u00f3w i dostosowanie si\u0119 do z\u0142o\u017conych warunk\u00f3w pracy oraz zr\u00f3\u017cnicowanych potrzeb operacyjnych.<\/p>\n<p><img decoding=\"async\" src=\"https:\/\/www.hydraulic-cylinders.net\/wp-content\/uploads\/2025\/01\/songte-company-2.webp\"><\/p>\n<h2>Cechy<\/h2>\n<ul>\n<li>Wysoka wytrzyma\u0142o\u015b\u0107 i trwa\u0142o\u015b\u0107: Zwykle wykonane z wytrzyma\u0142ej stali lub aluminium, wytrzymuj\u0105 wysokie ci\u015bnienie i du\u017ce obci\u0105\u017cenia, a tak\u017ce s\u0105 zaprojektowane z uwzgl\u0119dnieniem odporno\u015bci na zu\u017cycie i korozj\u0119, aby wyd\u0142u\u017cy\u0107 \u017cywotno\u015b\u0107.<\/li>\n<li>Wydajna praca hydrauliczna: zapewnia p\u0142ynne ruchy rozci\u0105gania i kurczenia przy u\u017cyciu ci\u015bnienia oleju hydraulicznego, szybko reaguje na polecenia steruj\u0105ce, zapewnia du\u017c\u0105 si\u0142\u0119 pchania i ci\u0105gni\u0119cia oraz nadaje si\u0119 do obs\u0142ugi ci\u0119\u017ckich \u0142adunk\u00f3w i wykonywania skomplikowanych zada\u0144 roboczych.<\/li>\n<li>Wiele typ\u00f3w: Si\u0142owniki jednostronnego dzia\u0142ania (hydrauliczne tylko w jednym kierunku) lub dwustronnego dzia\u0142ania (hydrauliczne w dw\u00f3ch kierunkach) mo\u017cna dobra\u0107 w zale\u017cno\u015bci od potrzeb, aby spe\u0142ni\u0107 r\u00f3\u017cne wymagania operacyjne. Niekt\u00f3re modele s\u0105 teleskopowe, co pozwala na wi\u0119ksze wysuni\u0119cie bez zwi\u0119kszania wymiar\u00f3w zewn\u0119trznych, i nadaje si\u0119 do zastosowa\u0144 w ograniczonej przestrzeni.<\/li>\n<li>\u0141atwa wymiana: Nasze produkty doskonale zast\u0119puj\u0105 te si\u0142owniki hydrauliczne.<\/li>\n<\/ul>\n<p><img decoding=\"async\" src=\"https:\/\/www.hydraulic-cylinders.net\/wp-content\/uploads\/2025\/01\/songte-cylinder-head-with-all-kinds-excavator-models.webp\"><\/p>\n<h2>Aplikacje<\/h2>\n<p>Cylindry czerpakowe s\u0105 powszechnie stosowane w r\u00f3\u017cnych maszynach budowlanych i rolniczych, takich jak:<\/p>\n<ul>\n<li>Koparki: Umo\u017cliwiaj\u0105 kopanie poprzez umo\u017cliwienie \u0142y\u017cce penetracji gleby<\/li>\n<li>\u0141adowarki: pomagaj\u0105 skutecznie podnosi\u0107 i przechyla\u0107 \u0142adunki<\/li>\n<li>Koparki: cylinder \u0142y\u017cki pomaga w kopaniu i podnoszeniu<\/li>\n<li>Maszyny rolnicze: U\u017cywane w \u0142adowarkach czo\u0142owych do kopania, podnoszenia i transportu gleby, siana i innych materia\u0142\u00f3w<\/li>\n<\/ul>\n<h2>Rozwa\u017cania projektowe<\/h2>\n<p>W przypadku cylindr\u00f3w kube\u0142kowych istotne s\u0105 nast\u0119puj\u0105ce kwestie konstrukcyjne:<\/p>\n<h3>No\u015bno\u015b\u0107<\/h3>\n<p>Cylinder musi wytrzyma\u0107 ci\u0119\u017car i obci\u0105\u017cenie \u0142y\u017cki oraz transportowanych w niej materia\u0142\u00f3w.<\/p>\n<h3>Opiecz\u0119towanie<\/h3>\n<p>Cylinder powinien by\u0107 wyposa\u017cony w wysokiej jako\u015bci uszczelki, aby zapobiec wyciekom p\u0142ynu hydraulicznego i ograniczy\u0107 koszty konserwacji.<\/p>\n<h3>Trwa\u0142o\u015b\u0107<\/h3>\n<p>Cylinder musi by\u0107 zaprojektowany tak, aby wytrzyma\u0142 zu\u017cycie i uszkodzenia powsta\u0142e w wyniku intensywnego u\u017cytkowania i pracy w trudnych warunkach.<\/p>\n<h3>Bezpiecze\u0144stwo<\/h3>\n<p>Cylinder musi by\u0107 zaprojektowany z uwzgl\u0119dnieniem zabezpiecze\u0144 zapobiegaj\u0105cych wypadkom i chroni\u0105cych osoby pracuj\u0105ce w pobli\u017cu.<\/p>\n<h3>Konserwacja<\/h3>\n<p>Cylinder musi by\u0107 zaprojektowany w spos\u00f3b umo\u017cliwiaj\u0105cy \u0142atw\u0105 konserwacj\u0119 i napraw\u0119, aby zapewni\u0107 d\u0142ug\u0105 \u017cywotno\u015b\u0107.<\/p>\n<p><img decoding=\"async\" src=\"https:\/\/www.hydraulic-cylinders.net\/wp-content\/uploads\/2025\/01\/songte-oil-pipes-and-spare-parts.webp\"><\/p>\n<h2>Uszczelnianie i smarowanie<\/h2>\n<p>W cylindrach kube\u0142kowych zastosowano r\u00f3\u017cnorodne elementy uszczelniaj\u0105ce, takie jak uszczelnienia t\u0142oka, uszczelnienia t\u0142oczyska itp., wykonane z materia\u0142\u00f3w odpornych na zu\u017cycie, takich jak poliuretan, kauczuk nitrylowy itp. Korpus cylindra i powierzchnie gwintowane s\u0105 precyzyjnie obrobione w celu zwi\u0119kszenia odporno\u015bci na zu\u017cycie. Regularne uzupe\u0142nianie odpowiedniej ilo\u015bci oleju hydraulicznego jest niezb\u0119dne do prawid\u0142owego smarowania.<\/p>\n<h2>Konserwacja i naprawa<\/h2>\n<p>Poni\u017csze czynno\u015bci konserwacyjne s\u0105 niezb\u0119dne do d\u0142ugotrwa\u0142ego u\u017cytkowania cylindr\u00f3w kube\u0142kowych:<\/p>\n<h3>Regularna kontrola<\/h3>\n<p>Regularna kontrola cylindra i jego podzespo\u0142\u00f3w jest konieczna, aby mie\u0107 pewno\u015b\u0107, \u017ce dzia\u0142aj\u0105 prawid\u0142owo i wykry\u0107 wszelkie potencjalne problemy.<\/p>\n<h3>Smarowanie<\/h3>\n<p>Prawid\u0142owe smarowanie cylindra i jego podzespo\u0142\u00f3w mo\u017ce pom\u00f3c ograniczy\u0107 zu\u017cycie i wyd\u0142u\u017cy\u0107 \u017cywotno\u015b\u0107.<\/p>\n<h3>Wymiana uszczelek<\/h3>\n<p>Wymiana zu\u017cytych uszczelek jest konieczna, aby zapobiec wyciekom p\u0142ynu hydraulicznego i obni\u017cy\u0107 koszty konserwacji.<\/p>\n<p>Prawid\u0142owy monta\u017c jest niezb\u0119dny dla prawid\u0142owego dzia\u0142ania i bezpiecze\u0144stwa si\u0142ownik\u00f3w kube\u0142kowych. Prawid\u0142owe ustawienie si\u0142ownika ma kluczowe znaczenie dla jego prawid\u0142owego dzia\u0142ania. Zaleca si\u0119 stosowanie odpowiednich wspornik\u00f3w monta\u017cowych w celu zabezpieczenia si\u0142ownika. Regularne przegl\u0105dy, naprawy i wymiana cz\u0119\u015bci s\u0105 zalecane w celu wyd\u0142u\u017cenia \u017cywotno\u015bci.<\/p>\n<p><img decoding=\"async\" src=\"https:\/\/www.hydraulic-cylinders.net\/wp-content\/uploads\/2025\/01\/songte-chushion-collar.webp\"><\/p>\n<h2>Bezpiecze\u0144stwo i \u015brodowisko<\/h2>\n<p>Si\u0142owniki hydrauliczne wymagaj\u0105 odpowiednich \u015brodk\u00f3w bezpiecze\u0144stwa, aby zapobiec wypadkom podczas pracy. Znaczenie przestrzegania \u015brodk\u00f3w bezpiecze\u0144stwa jest nie do przecenienia. Prawid\u0142owa utylizacja zu\u017cytego oleju hydraulicznego jest niezb\u0119dna dla ochrony \u015brodowiska.<\/p>\n<h2>Diagnoza i rozwi\u0105zywanie problem\u00f3w<\/h2>\n<p>Do typowych problem\u00f3w z si\u0142ownikami czerpakowymi nale\u017c\u0105 wycieki, nieprawid\u0142owa obs\u0142uga i uszkodzenia uszczelnie\u0144. Regularne kontrole, konserwacja i odpowiednie smarowanie mog\u0105 pom\u00f3c w zapobieganiu tym problemom. W przypadku wyst\u0105pienia problem\u00f3w zaleca si\u0119 konsultacj\u0119 ze specjalist\u0105 w celu diagnozy i naprawy.<\/p>\n<p><img decoding=\"async\" src=\"https:\/\/www.hydraulic-cylinders.net\/wp-content\/uploads\/2025\/01\/songte-bushings-with-all-kinds-of-excavator-models.webp\"><\/p>\n<h2>O nas<\/h2>\n<p>Jeste\u015bmy wiod\u0105cym producentem i hurtownikiem si\u0142ownik\u00f3w hydraulicznych na rynku krajowym i mi\u0119dzynarodowym. Oferujemy szerok\u0105 gam\u0119 produkt\u00f3w i realizujemy strategi\u0119 zarz\u0105dzania produkcj\u0105, kt\u00f3ra opiera si\u0119 na doskona\u0142ej jako\u015bci, kompetencjach technicznych, wysokiej klasy sprz\u0119cie do produkcji cyfrowej oraz profesjonalnych systemach testowych. Nasze produkty s\u0105 wytwarzane na zaawansowanej platformie produkcyjnej, z naciskiem na wysok\u0105 wydajno\u015b\u0107, precyzj\u0119 i jako\u015b\u0107, aby sprosta\u0107 zr\u00f3\u017cnicowanym potrzebom naszych klient\u00f3w.<\/p>\n<p>Nasza firma oferuje profesjonalne us\u0142ugi obejmuj\u0105ce mi\u0119dzynarodow\u0105 certyfikacj\u0119, personalizacj\u0119, sprz\u0119t produkcyjny i serwis posprzeda\u017cowy.<\/p>\n<p><img decoding=\"async\" src=\"https:\/\/hzpt.com\/wp-content\/uploads\/2024\/11\/songte-company-1.webp\"><\/p>\n<p>Autor: lyl<\/p>","protected":false},"excerpt":{"rendered":"<p>Bucket Cylinder For Zoomlion Small Excavator ZE85E Introduction A bucket cylinder is a specially designed hydraulic cylinder used to control the movement of buckets in heavy machinery such as excavators, backhoes, and front-end loaders. Its main function is to lift, lower, and tilt the bucket, making it easy to handle various material handling tasks. In [&hellip;]<\/p>","protected":false},"featured_media":14788,"comment_status":"open","ping_status":"closed","template":"","meta":{"_et_pb_use_builder":"","_et_pb_old_content":"","_et_gb_content_width":""},"product_brand":[],"product_cat":[1494],"product_tag":[1495,1496],"class_list":{"0":"post-15493","1":"product","2":"type-product","3":"status-publish","4":"has-post-thumbnail","6":"product_cat-bucket-cylinders","7":"product_tag-bucket-cylinders","8":"product_tag-hydraulic-cylinders","10":"first","11":"instock","12":"shipping-taxable","13":"product-type-simple"},"amp_enabled":true,"_links":{"self":[{"href":"https:\/\/www.hydraulic-cylinders.net\/pl\/wp-json\/wp\/v2\/product\/15493","targetHints":{"allow":["GET"]}}],"collection":[{"href":"https:\/\/www.hydraulic-cylinders.net\/pl\/wp-json\/wp\/v2\/product"}],"about":[{"href":"https:\/\/www.hydraulic-cylinders.net\/pl\/wp-json\/wp\/v2\/types\/product"}],"replies":[{"embeddable":true,"href":"https:\/\/www.hydraulic-cylinders.net\/pl\/wp-json\/wp\/v2\/comments?post=15493"}],"wp:featuredmedia":[{"embeddable":true,"href":"https:\/\/www.hydraulic-cylinders.net\/pl\/wp-json\/wp\/v2\/media\/14788"}],"wp:attachment":[{"href":"https:\/\/www.hydraulic-cylinders.net\/pl\/wp-json\/wp\/v2\/media?parent=15493"}],"wp:term":[{"taxonomy":"product_brand","embeddable":true,"href":"https:\/\/www.hydraulic-cylinders.net\/pl\/wp-json\/wp\/v2\/product_brand?post=15493"},{"taxonomy":"product_cat","embeddable":true,"href":"https:\/\/www.hydraulic-cylinders.net\/pl\/wp-json\/wp\/v2\/product_cat?post=15493"},{"taxonomy":"product_tag","embeddable":true,"href":"https:\/\/www.hydraulic-cylinders.net\/pl\/wp-json\/wp\/v2\/product_tag?post=15493"}],"curies":[{"name":"wp","href":"https:\/\/api.w.org\/{rel}","templated":true}]}}