{"id":15497,"date":"2025-01-19T14:36:15","date_gmt":"2025-01-19T14:36:15","guid":{"rendered":"https:\/\/www.hydraulic-cylinders.net\/product\/bucket-cylinder-for-zoomlion-middle-excavator-ze210e\/"},"modified":"2025-01-19T14:36:17","modified_gmt":"2025-01-19T14:36:17","slug":"bucket-cylinder-for-zoomlion-middle-excavator-ze210e","status":"publish","type":"product","link":"https:\/\/www.hydraulic-cylinders.net\/pl\/produkt\/bucket-cylinder-for-zoomlion-middle-excavator-ze210e\/","title":{"rendered":"Si\u0142ownik \u0142y\u017cki do koparki \u015bredniej Zoomlion ZE210E"},"content":{"rendered":"<h1>Si\u0142ownik \u0142y\u017cki do koparki \u015bredniej Zoomlion ZE210E<\/h1>\n<h2>Wst\u0119p<\/h2>\n<p>Si\u0142ownik \u0142y\u017cki do koparki Zoomlion ZE210E to specjalnie zaprojektowany si\u0142ownik hydrauliczny s\u0142u\u017c\u0105cy do sterowania ruchem \u0142y\u017cki w ci\u0119\u017ckich maszynach, takich jak koparki, koparko-\u0142adowarki i \u0142adowarki czo\u0142owe. Jego g\u0142\u00f3wn\u0105 funkcj\u0105 jest podnoszenie, opuszczanie i przechylanie \u0142y\u017cki, u\u0142atwiaj\u0105c wykonywanie r\u00f3\u017cnych zada\u0144 zwi\u0105zanych z prze\u0142adunkiem materia\u0142\u00f3w. W uk\u0142adzie hydraulicznym si\u0142ownik \u0142y\u017cki zapewnia precyzyjn\u0105 kontrol\u0119 nad \u0142y\u017ck\u0105 poprzez zmiany ci\u015bnienia oleju hydraulicznego, umo\u017cliwiaj\u0105c operatorom wydajne podnoszenie ci\u0119\u017ckich \u0142adunk\u00f3w i dostosowywanie si\u0119 do z\u0142o\u017conych warunk\u00f3w pracy oraz zr\u00f3\u017cnicowanych potrzeb operacyjnych.<\/p>\n<p><img decoding=\"async\" src=\"https:\/\/www.hydraulic-cylinders.net\/wp-content\/uploads\/2025\/01\/songte-company-2.webp\"><\/p>\n<h2>Cechy<\/h2>\n<ul>\n<li>Wysoka wytrzyma\u0142o\u015b\u0107 i trwa\u0142o\u015b\u0107: Zazwyczaj wykonany z wysokowytrzyma\u0142ej stali lub aluminium, wytrzymuje wysokie ci\u015bnienie i du\u017ce obci\u0105\u017cenia, dostosowuj\u0105c si\u0119 do trudnych warunk\u00f3w pracy. Konstrukcja uwzgl\u0119dnia odporno\u015b\u0107 na zu\u017cycie i korozj\u0119, co wyd\u0142u\u017ca \u017cywotno\u015b\u0107.<\/li>\n<li>Wydajne dzia\u0142anie uk\u0142adu hydraulicznego: Wykorzystuj\u0105c ci\u015bnienie oleju hydraulicznego, uk\u0142ad zapewnia p\u0142ynne ruchy wysuwania i wsuwania, szybko reaguje na polecenia steruj\u0105ce, wytwarza du\u017ce si\u0142y pchania i ci\u0105gni\u0119cia oraz nadaje si\u0119 do obs\u0142ugi ci\u0119\u017ckich \u0142adunk\u00f3w i skomplikowanych zada\u0144 operacyjnych.<\/li>\n<li>R\u00f3\u017cne typy: Mog\u0105 by\u0107 wybierane jako si\u0142owniki jednostronnego dzia\u0142ania (ci\u015bnienie hydrauliczne tylko w jednym kierunku) lub dwustronnego dzia\u0142ania (ci\u015bnienie hydrauliczne w obu kierunkach), w zale\u017cno\u015bci od wymaga\u0144, aby spe\u0142ni\u0107 r\u00f3\u017cne potrzeby operacyjne. Niekt\u00f3re modele s\u0105 teleskopowe, co pozwala na wi\u0119ksze wysuni\u0119cie bez zwi\u0119kszania wymiar\u00f3w zewn\u0119trznych, i nadaje si\u0119 do zastosowa\u0144 w ograniczonej przestrzeni.<\/li>\n<li>Idealna wymiana: Nasz produkt mo\u017ce idealnie zast\u0105pi\u0107 te cylindry hydrauliczne.<\/li>\n<\/ul>\n<p><img decoding=\"async\" src=\"https:\/\/www.hydraulic-cylinders.net\/wp-content\/uploads\/2025\/01\/songte-cylinder-head-with-all-kinds-excavator-models.webp\"><\/p>\n<h2>Aplikacje<\/h2>\n<p>Si\u0142ownik \u0142y\u017cki do koparki \u015bredniej Zoomlion ZE210E jest szeroko stosowany w r\u00f3\u017cnych maszynach budowlanych i rolniczych:<\/p>\n<h3>Sprz\u0119t budowlany:<\/h3>\n<p>W koparkach s\u0105 one niezb\u0119dne do kopania, za\u0142adunku i przemieszczania gleby lub gruzu. W koparko-\u0142adowarkach si\u0142ownik \u0142y\u017cki wspomaga zar\u00f3wno kopanie, jak i podnoszenie.<\/p>\n<h3>Maszyny rolnicze:<\/h3>\n<p>Stosowany w \u0142adowarkach czo\u0142owych do nabierania, podnoszenia i transportu ziemi, siana i innych materia\u0142\u00f3w.<\/p>\n<h3>Koparki:<\/h3>\n<p>Cylinder \u0142y\u017cki umo\u017cliwia kopanie poprzez umo\u017cliwienie \u0142y\u017cce wnikania w gleb\u0119.<\/p>\n<h3>\u0141adowarki:<\/h3>\n<p>W \u0142adowarkach czo\u0142owych przyczyniaj\u0105 si\u0119 do sprawnego podnoszenia i wysypywania towar\u00f3w.<\/p>\n<p><img decoding=\"async\" src=\"https:\/\/www.hydraulic-cylinders.net\/wp-content\/uploads\/2025\/01\/songte-bushings-with-all-kinds-of-excavator-models.webp\"><\/p>\n<h2>Zagadnienia projektowe i kryteria wyboru<\/h2>\n<ul>\n<li>No\u015bno\u015b\u0107: Cylinder \u0142y\u017cki zaprojektowano tak, aby wytrzymywa\u0142 du\u017ce obci\u0105\u017cenia i ci\u015bnienia, co gwarantuje bezpieczn\u0105 i niezawodn\u0105 prac\u0119.<\/li>\n<li>Uszczelnienie: Stosowane s\u0105 r\u00f3\u017cne elementy uszczelniaj\u0105ce, takie jak uszczelnienia t\u0142ok\u00f3w i t\u0142oczysk, wykonane z materia\u0142\u00f3w odpornych na zu\u017cycie, takich jak poliuretan i kauczuk nitrylowy. Korpus cylindra i gwintowane ko\u0144c\u00f3wki s\u0105 precyzyjnie obrabiane w celu zwi\u0119kszenia odporno\u015bci na zu\u017cycie.<\/li>\n<li>Trwa\u0142o\u015b\u0107: Cylinder \u0142y\u017cki zaprojektowano tak, aby wytrzymywa\u0142 trudne warunki pracy i d\u0142ugotrwa\u0142e u\u017cytkowanie, co gwarantuje d\u0142ug\u0105 \u017cywotno\u015b\u0107.<\/li>\n<li>Bezpiecze\u0144stwo: Konstrukcja urz\u0105dzenia zosta\u0142a wyposa\u017cona w funkcje bezpiecze\u0144stwa zapobiegaj\u0105ce wypadkom i zapewniaj\u0105ce ochron\u0119 operatora podczas pracy.<\/li>\n<li>\u0141atwo\u015b\u0107 konserwacji: Cylinder \u0142y\u017cki zaprojektowano z my\u015bl\u0105 o \u0142atwej konserwacji, co pozwala na terminowe przeprowadzanie kontroli, napraw i wymiany podzespo\u0142\u00f3w.<\/li>\n<\/ul>\n<p><img decoding=\"async\" src=\"https:\/\/www.hydraulic-cylinders.net\/wp-content\/uploads\/2025\/01\/songte-oil-pipes-and-spare-parts.webp\"><\/p>\n<h2>Uszczelnianie i smarowanie<\/h2>\n<p>Si\u0142ownik kube\u0142kowy wykorzystuje r\u00f3\u017cnorodne elementy uszczelniaj\u0105ce, takie jak uszczelnienia t\u0142oka i t\u0142oczyska, wykonane z materia\u0142\u00f3w odpornych na zu\u017cycie, takich jak poliuretan i kauczuk nitrylowy. Korpus cylindra i gwintowane ko\u0144c\u00f3wki s\u0105 poddawane precyzyjnej obr\u00f3bce w celu zwi\u0119kszenia odporno\u015bci na zu\u017cycie. Regularne smarowanie odpowiedni\u0105 ilo\u015bci\u0105 oleju hydraulicznego jest niezb\u0119dne dla zapewnienia p\u0142ynnej pracy i wyd\u0142u\u017cenia \u017cywotno\u015bci cylindra.<\/p>\n<h2>Inspekcja i konserwacja zapobiegawcza<\/h2>\n<p>Regularne przegl\u0105dy i dzia\u0142ania konserwacyjne s\u0105 niezb\u0119dne dla optymalnej wydajno\u015bci i trwa\u0142o\u015bci si\u0142ownika \u0142y\u017cki. Kluczowe punkty to:<\/p>\n<ul>\n<li>Regularne kontrole pod k\u0105tem wyciek\u00f3w, uszkodze\u0144 i nietypowych ruch\u00f3w<\/li>\n<li>W\u0142a\u015bciwe smarowanie zapewniaj\u0105ce p\u0142ynn\u0105 prac\u0119<\/li>\n<li>Wymiana uszczelki w razie potrzeby<\/li>\n<li>Kontrole kalibracji w celu zapewnienia precyzyjnej kontroli<\/li>\n<\/ul>\n<p>Prawid\u0142owy monta\u017c, smarowanie i regulacja odgrywaj\u0105 kluczow\u0105 rol\u0119. Dok\u0142adne wskaz\u00f3wki dotycz\u0105ce ustawienia cylindra podczas instalacji, zalecenia dotycz\u0105ce u\u017cycia odpowiednich wspornik\u00f3w monta\u017cowych do zabezpieczenia cylindra oraz sugerowanie procedur kontroli, naprawy i wymiany przyczyniaj\u0105 si\u0119 do wyd\u0142u\u017cenia \u017cywotno\u015bci cylindra kube\u0142kowego.<\/p>\n<p><img decoding=\"async\" src=\"https:\/\/www.hydraulic-cylinders.net\/wp-content\/uploads\/2025\/01\/songte-chushion-collar.webp\"><\/p>\n<h2>Zagadnienia bezpiecze\u0144stwa i czynniki \u015brodowiskowe<\/h2>\n<p>Zapewnienie \u015brodk\u00f3w bezpiecze\u0144stwa podczas u\u017cytkowania cylindra czerpakowego jest niezwykle wa\u017cne. Nale\u017cy \u015bci\u015ble przestrzega\u0107 zasad bezpiecze\u0144stwa, aby unikn\u0105\u0107 wypadk\u00f3w i zapewni\u0107 bezpiecze\u0144stwo operatorom i innym pracownikom. Ponadto, uwzgl\u0119dnienie czynnik\u00f3w \u015brodowiskowych, takich jak w\u0142a\u015bciwa utylizacja odpad\u00f3w i przestrzeganie przepis\u00f3w ochrony \u015brodowiska, jest kluczowe dla odpowiedzialnego u\u017cytkowania cylindra czerpakowego.<\/p>\n<h2>Diagnostyka usterek i typowe problemy<\/h2>\n<p>W przypadku wyst\u0105pienia usterek, wa\u017cne jest ich szybkie zdiagnozowanie i rozwi\u0105zanie. Typowe problemy mog\u0105 obejmowa\u0107 wycieki, nieprawid\u0142owe ruchy i utrat\u0119 ci\u015bnienia hydraulicznego. Podanie wskaz\u00f3wek i rozwi\u0105za\u0144 dotycz\u0105cych rozwi\u0105zywania problem\u00f3w pomaga czytelnikom skutecznie diagnozowa\u0107 i rozwi\u0105zywa\u0107 problemy. Ponadto, sugerowanie \u015brodk\u00f3w zapobiegawczych w celu zminimalizowania potencjalnych problem\u00f3w przyczynia si\u0119 do p\u0142ynnej pracy si\u0142ownika \u0142y\u017cki.<\/p>\n<p><img decoding=\"async\" src=\"https:\/\/hzpt.com\/wp-content\/uploads\/2024\/11\/songte-company-1.webp\"><\/p>\n<h2>O naszej firmie<\/h2>\n<p>Jeste\u015bmy producentem zamiennych cylindr\u00f3w hydraulicznych, oferuj\u0105cym szerok\u0105 gam\u0119 produkt\u00f3w. Stali\u015bmy si\u0119 jednym z wiod\u0105cych producent\u00f3w i hurtowych dystrybutor\u00f3w cylindr\u00f3w hydraulicznych na rynku krajowym i mi\u0119dzynarodowym. Przestrzegamy zasad najwy\u017cszej jako\u015bci i opieramy si\u0119 na zindustrializowanych strategiach zarz\u0105dzania produkcj\u0105 w naszych doskonale wyposa\u017conych warsztatach produkcyjnych. Koncentruj\u0105c si\u0119 na zaawansowanym technologicznie sprz\u0119cie, wysokiej klasy cyfrowych maszynach produkcyjnych i profesjonalnych systemach testowych, stale ulepszamy nasz\u0105 platform\u0119 produkcyjn\u0105, podnosimy jako\u015b\u0107 produkt\u00f3w i dysponujemy silnymi mo\u017cliwo\u015bciami innowacyjnymi. Nasze zaanga\u017cowanie w wydajno\u015b\u0107, precyzj\u0119 i wysok\u0105 jako\u015b\u0107 pozwala nam sprosta\u0107 zr\u00f3\u017cnicowanym potrzebom naszych klient\u00f3w.<\/p>\n<p><img decoding=\"async\" src=\"https:\/\/www.hydraulic-cylinders.net\/wp-content\/uploads\/2025\/01\/songte-company-3.webp\"><\/p>\n<p>Jeste\u015bmy dumni z naszego profesjonalizmu, mi\u0119dzynarodowych certyfikat\u00f3w, spersonalizowanych us\u0142ug, sprz\u0119tu produkcyjnego i serwisu posprzeda\u017cowego. Naszym celem jest dostarczanie najlepszych rozwi\u0105za\u0144 dla potrzeb naszych klient\u00f3w w zakresie cylindr\u00f3w hydraulicznych. <\/p>\n<p>Autor: lyl<\/p>","protected":false},"excerpt":{"rendered":"<p>Bucket Cylinder For Zoomlion Middle Excavator ZE210E Introduction The bucket cylinder for Zoomlion middle excavator ZE210E is a specially designed hydraulic cylinder used to control the movement of the bucket in heavy machinery such as excavators, backhoe loaders, and front loaders. Its main function is to enable the bucket to lift, lower, and tilt, making [&hellip;]<\/p>","protected":false},"featured_media":14782,"comment_status":"open","ping_status":"closed","template":"","meta":{"_et_pb_use_builder":"","_et_pb_old_content":"","_et_gb_content_width":""},"product_brand":[],"product_cat":[1494],"product_tag":[1495,1496],"class_list":{"0":"post-15497","1":"product","2":"type-product","3":"status-publish","4":"has-post-thumbnail","6":"product_cat-bucket-cylinders","7":"product_tag-bucket-cylinders","8":"product_tag-hydraulic-cylinders","10":"first","11":"instock","12":"shipping-taxable","13":"product-type-simple"},"amp_enabled":true,"_links":{"self":[{"href":"https:\/\/www.hydraulic-cylinders.net\/pl\/wp-json\/wp\/v2\/product\/15497","targetHints":{"allow":["GET"]}}],"collection":[{"href":"https:\/\/www.hydraulic-cylinders.net\/pl\/wp-json\/wp\/v2\/product"}],"about":[{"href":"https:\/\/www.hydraulic-cylinders.net\/pl\/wp-json\/wp\/v2\/types\/product"}],"replies":[{"embeddable":true,"href":"https:\/\/www.hydraulic-cylinders.net\/pl\/wp-json\/wp\/v2\/comments?post=15497"}],"wp:featuredmedia":[{"embeddable":true,"href":"https:\/\/www.hydraulic-cylinders.net\/pl\/wp-json\/wp\/v2\/media\/14782"}],"wp:attachment":[{"href":"https:\/\/www.hydraulic-cylinders.net\/pl\/wp-json\/wp\/v2\/media?parent=15497"}],"wp:term":[{"taxonomy":"product_brand","embeddable":true,"href":"https:\/\/www.hydraulic-cylinders.net\/pl\/wp-json\/wp\/v2\/product_brand?post=15497"},{"taxonomy":"product_cat","embeddable":true,"href":"https:\/\/www.hydraulic-cylinders.net\/pl\/wp-json\/wp\/v2\/product_cat?post=15497"},{"taxonomy":"product_tag","embeddable":true,"href":"https:\/\/www.hydraulic-cylinders.net\/pl\/wp-json\/wp\/v2\/product_tag?post=15497"}],"curies":[{"name":"wp","href":"https:\/\/api.w.org\/{rel}","templated":true}]}}