{"id":15503,"date":"2025-01-19T14:36:45","date_gmt":"2025-01-19T14:36:45","guid":{"rendered":"https:\/\/www.hydraulic-cylinders.net\/product\/bucket-cylinder-for-zoomlion-middle-excavator-ze230e\/"},"modified":"2025-01-19T14:36:47","modified_gmt":"2025-01-19T14:36:47","slug":"bucket-cylinder-for-zoomlion-middle-excavator-ze230e","status":"publish","type":"product","link":"https:\/\/www.hydraulic-cylinders.net\/pl\/produkt\/bucket-cylinder-for-zoomlion-middle-excavator-ze230e\/","title":{"rendered":"Si\u0142ownik \u0142y\u017cki do koparki \u015brodkowej Zoomlion ZE230E"},"content":{"rendered":"<h1>Si\u0142ownik \u0142y\u017cki do koparki \u015brodkowej Zoomlion ZE230E<\/h1>\n<h2>Wst\u0119p<\/h2>\n<p>Si\u0142ownik \u0142y\u017cki do koparki Zoomlion ZE230E to specjalnie zaprojektowany si\u0142ownik hydrauliczny s\u0142u\u017c\u0105cy do sterowania ruchem \u0142y\u017cki w ci\u0119\u017ckich maszynach, takich jak koparki, koparko-\u0142adowarki i \u0142adowarki czo\u0142owe. Jego g\u0142\u00f3wn\u0105 funkcj\u0105 jest podnoszenie, opuszczanie i przechylanie \u0142y\u017cki, dzi\u0119ki czemu nadaje si\u0119 do r\u00f3\u017cnych zada\u0144 zwi\u0105zanych z prze\u0142adunkiem materia\u0142\u00f3w. W uk\u0142adzie hydraulicznym si\u0142ownik \u0142y\u017cki zapewnia precyzyjn\u0105 kontrol\u0119 nad \u0142y\u017ck\u0105 poprzez zmiany ci\u015bnienia oleju hydraulicznego, umo\u017cliwiaj\u0105c operatorom wydajne przenoszenie du\u017cych \u0142adunk\u00f3w i dostosowywanie si\u0119 do z\u0142o\u017conych warunk\u00f3w pracy oraz zr\u00f3\u017cnicowanych wymaga\u0144.<\/p>\n<p><img decoding=\"async\" src=\"https:\/\/www.hydraulic-cylinders.net\/wp-content\/uploads\/2025\/01\/songte-company-2.webp\"><\/p>\n<h2>Cechy<\/h2>\n<ul>\n<li>Wysoka wytrzyma\u0142o\u015b\u0107 i trwa\u0142o\u015b\u0107: Zazwyczaj wykonany z wysokowytrzyma\u0142ej stali lub aluminium, wytrzymuje wysokie ci\u015bnienie i du\u017ce obci\u0105\u017cenia, dostosowuj\u0105c si\u0119 do trudnych warunk\u00f3w pracy. Konstrukcja uwzgl\u0119dnia odporno\u015b\u0107 na zu\u017cycie i korozj\u0119, aby wyd\u0142u\u017cy\u0107 \u017cywotno\u015b\u0107.<\/li>\n<li>Wydajna praca uk\u0142adu hydraulicznego: Wykorzystuj\u0105c ci\u015bnienie oleju hydraulicznego do uzyskania p\u0142ynnego rozci\u0105gania i wci\u0105gania, uk\u0142ad mo\u017ce szybko reagowa\u0107 na polecenia steruj\u0105ce, zapewniaj\u0105c du\u017c\u0105 si\u0142\u0119 pchania i ci\u0105gni\u0119cia, odpowiedni\u0105 do przenoszenia ci\u0119\u017ckich \u0142adunk\u00f3w i wykonywania skomplikowanych zada\u0144.<\/li>\n<li>R\u00f3\u017cne typy: Si\u0142ownik czerpakowy mo\u017ce by\u0107 wybrany jako si\u0142ownik jednostronnego dzia\u0142ania (hydraulika dzia\u0142a tylko w jednym kierunku) lub dwustronnego dzia\u0142ania (hydraulika dzia\u0142a w obu kierunkach), w zale\u017cno\u015bci od potrzeb, spe\u0142niaj\u0105c r\u00f3\u017cne wymagania operacyjne. Niekt\u00f3re modele s\u0105 teleskopowe, co zapewnia wi\u0119kszy zasi\u0119g bez zwi\u0119kszania wymiar\u00f3w zewn\u0119trznych, i nadaje si\u0119 do zastosowa\u0144 w ograniczonej przestrzeni.<\/li>\n<\/ul>\n<p><img decoding=\"async\" src=\"https:\/\/www.hydraulic-cylinders.net\/wp-content\/uploads\/2025\/01\/songte-cylinder-head-with-all-kinds-excavator-models.webp\"><\/p>\n<h2>Aplikacje<\/h2>\n<h3>Sprz\u0119t budowlany<\/h3>\n<p>W koparkach s\u0105 one niezb\u0119dne do kopania, za\u0142adunku i przemieszczania gleby lub gruzu. W koparko-\u0142adowarkach si\u0142ownik \u0142y\u017cki wspomaga zar\u00f3wno kopanie, jak i podnoszenie.<\/p>\n<h3>Maszyny rolnicze<\/h3>\n<p>Stosowany w \u0142adowarkach czo\u0142owych do nabierania, podnoszenia i transportu ziemi, siana i innych materia\u0142\u00f3w.<\/p>\n<h3>Koparki<\/h3>\n<p>Si\u0142ownik \u0142y\u017cki umo\u017cliwia kopanie poprzez umo\u017cliwienie \u0142y\u017cce zag\u0142\u0119biania si\u0119 w gleb\u0119.<\/p>\n<h3>\u0141adowarki<\/h3>\n<p>W \u0142adowarkach czo\u0142owych pomagaj\u0105 w wydajnym podnoszeniu i wysypywaniu towar\u00f3w.<\/p>\n<h2>Zagadnienia projektowe i kryteria wyboru<\/h2>\n<p>Projektuj\u0105c si\u0142owniki kube\u0142kowe, bierze si\u0119 pod uwag\u0119 r\u00f3\u017cne czynniki, takie jak no\u015bno\u015b\u0107, szczelno\u015b\u0107, trwa\u0142o\u015b\u0107, bezpiecze\u0144stwo i \u0142atwo\u015b\u0107 konserwacji, aby zapewni\u0107 optymaln\u0105 wydajno\u015b\u0107. Aby spe\u0142ni\u0107 te kryteria, stosuje si\u0119 wysokiej jako\u015bci materia\u0142y, zaawansowane techniki produkcji i precyzyjn\u0105 obr\u00f3bk\u0119.<\/p>\n<p><img decoding=\"async\" src=\"https:\/\/www.hydraulic-cylinders.net\/wp-content\/uploads\/2025\/01\/songte-oil-pipes-and-spare-parts.webp\"><\/p>\n<h2>Uszczelnianie i smarowanie<\/h2>\n<p>W cylindrze czerpakowym zastosowano r\u00f3\u017cnorodne elementy uszczelniaj\u0105ce, takie jak uszczelnienia t\u0142oka i t\u0142oczyska, wykonane z materia\u0142\u00f3w odpornych na zu\u017cycie, takich jak poliuretan i kauczuk nitrylowy. Korpus cylindra i gwintowane ko\u0144c\u00f3wki s\u0105 poddawane precyzyjnej obr\u00f3bce w celu zwi\u0119kszenia odporno\u015bci na zu\u017cycie. Regularne smarowanie odpowiedni\u0105 ilo\u015bci\u0105 oleju hydraulicznego jest niezb\u0119dne dla utrzymania optymalnej wydajno\u015bci i trwa\u0142o\u015bci.<\/p>\n<h2>Regularne kontrole i konserwacja zapobiegawcza<\/h2>\n<p>Regularne przegl\u0105dy i konserwacja zapobiegawcza s\u0105 kluczowe dla zapewnienia niezawodnej pracy si\u0142ownika \u0142y\u017cki. Zaleca si\u0119 okresowe sprawdzanie szczelno\u015bci, sprawdzanie uszczelnie\u0144 i weryfikacj\u0119 ustawienia. Prawid\u0142owe smarowanie i terminowa wymiana zu\u017cytych podzespo\u0142\u00f3w s\u0105 niezb\u0119dne dla wyd\u0142u\u017cenia \u017cywotno\u015bci si\u0142ownika \u0142y\u017cki.<\/p>\n<h2>Przewodnik instalacji<\/h2>\n<p>Prawid\u0142owy monta\u017c si\u0142ownika kube\u0142kowego jest niezb\u0119dny dla optymalnej wydajno\u015bci i bezpiecze\u0144stwa. Zaleca si\u0119 prawid\u0142owe ustawienie si\u0142ownika podczas monta\u017cu i u\u017cycie odpowiednich wspornik\u00f3w monta\u017cowych w celu jego zabezpieczenia. Nale\u017cy zachowa\u0107 nale\u017cyt\u0105 staranno\u015b\u0107, aby zapewni\u0107 prawid\u0142owy monta\u017c.<\/p>\n<h2>Zadania konserwacyjne<\/h2>\n<p>Trzy typowe czynno\u015bci konserwacyjne si\u0142ownik\u00f3w kube\u0142kowych obejmuj\u0105 regularn\u0105 kontrol\u0119, prawid\u0142owe smarowanie i wymian\u0119 uszczelek. Nale\u017cy podkre\u015bli\u0107 wag\u0119 prawid\u0142owej instalacji, smarowania i regulacji. Udzielamy wskaz\u00f3wek dotycz\u0105cych prawid\u0142owego ustawienia si\u0142ownika podczas instalacji, zalecamy procedury kontroli, naprawy i wymiany oraz dzielimy si\u0119 wskaz\u00f3wkami dotycz\u0105cymi wyd\u0142u\u017cenia \u017cywotno\u015bci si\u0142ownika kube\u0142kowego.<\/p>\n<p><img decoding=\"async\" src=\"https:\/\/www.hydraulic-cylinders.net\/wp-content\/uploads\/2025\/01\/songte-chushion-collar.webp\"><\/p>\n<h2>Zagadnienia bezpiecze\u0144stwa i czynniki \u015brodowiskowe<\/h2>\n<p>Podczas u\u017cytkowania cylindr\u00f3w czerpakowych, przestrzeganie zasad bezpiecze\u0144stwa jest niezwykle wa\u017cne. Priorytetem jest priorytetowe traktowanie bezpiecze\u0144stwa, aby zapobiega\u0107 wypadkom i zapewni\u0107 bezpieczne \u015brodowisko pracy. Ponadto, uwzgl\u0119dnienie czynnik\u00f3w \u015brodowiskowych i wdra\u017canie praktyk przyjaznych dla \u015brodowiska s\u0105 kluczowe dla zr\u00f3wnowa\u017conego dzia\u0142ania.<\/p>\n<h2>Diagnostyka usterek i typowe problemy<\/h2>\n<p>Identyfikacja usterek i szybkie rozwi\u0105zywanie typowych problem\u00f3w jest niezb\u0119dne do utrzymania optymalnej wydajno\u015bci si\u0142ownika \u0142y\u017cki. Dostarczamy wskaz\u00f3wki i rozwi\u0105zania dotycz\u0105ce rozwi\u0105zywania problem\u00f3w, aby pom\u00f3c czytelnikom skutecznie diagnozowa\u0107 i rozwi\u0105zywa\u0107 problemy, a tak\u017ce sugerujemy \u015brodki zapobiegawcze w celu zminimalizowania potencjalnych problem\u00f3w.<\/p>\n<p><img decoding=\"async\" src=\"https:\/\/www.hydraulic-cylinders.net\/wp-content\/uploads\/2025\/01\/songte-bushings-with-all-kinds-of-excavator-models.webp\"><\/p>\n<h2>O naszej firmie<\/h2>\n<p>Jeste\u015bmy wiod\u0105cym producentem i hurtowym dystrybutorem zamiennych si\u0142ownik\u00f3w hydraulicznych. Nasza szeroka gama produkt\u00f3w uczyni\u0142a nas jednym z czo\u0142owych producent\u00f3w na rynku krajowym i mi\u0119dzynarodowym. Priorytetem jest dla nas doskona\u0142o\u015b\u0107 jako\u015bci i wdra\u017canie przemys\u0142owych strategii zarz\u0105dzania produkcj\u0105 w naszych zaawansowanych warsztatach produkcyjnych. Koncentruj\u0105c si\u0119 na zaawansowanym sprz\u0119cie produkcyjnym, zaawansowanych technologiach i profesjonalnych systemach testowych, stale ulepszamy nasz\u0105 platform\u0119 produkcyjn\u0105 i procesy produkcyjne pod k\u0105tem jako\u015bci produkt\u00f3w. Posiadamy silne mo\u017cliwo\u015bci innowacyjne i d\u0105\u017cymy do zaspokojenia zr\u00f3\u017cnicowanych potrzeb klient\u00f3w, zapewniaj\u0105c wysok\u0105 wydajno\u015b\u0107, precyzj\u0119 i jako\u015b\u0107.<\/p>\n<p><img decoding=\"async\" src=\"https:\/\/www.hydraulic-cylinders.net\/wp-content\/uploads\/2025\/01\/songte-company-3.webp\"><\/p>\n<h3>Najwa\u017cniejsze informacje<\/h3>\n<ul>\n<li>Profesjonalizm<\/li>\n<li>Certyfikaty mi\u0119dzynarodowe<\/li>\n<li>Us\u0142ugi personalizacji<\/li>\n<li>Sprz\u0119t produkcyjny<\/li>\n<li>Us\u0142ugi posprzeda\u017cowe<\/li>\n<\/ul>\n<p>Autor: lyl<\/p>","protected":false},"excerpt":{"rendered":"<p>Bucket Cylinder For Zoomlion Middle Excavator ZE230E Introduction The bucket cylinder for Zoomlion middle excavator ZE230E is a specially designed hydraulic cylinder used to control the movement of the bucket in heavy machinery such as excavators, backhoe loaders, and front-end loaders. Its main function is to enable the lifting, lowering, and tilting of the bucket, [&hellip;]<\/p>","protected":false},"featured_media":14769,"comment_status":"open","ping_status":"closed","template":"","meta":{"_et_pb_use_builder":"","_et_pb_old_content":"","_et_gb_content_width":""},"product_brand":[],"product_cat":[1494],"product_tag":[1495,1496],"class_list":{"0":"post-15503","1":"product","2":"type-product","3":"status-publish","4":"has-post-thumbnail","6":"product_cat-bucket-cylinders","7":"product_tag-bucket-cylinders","8":"product_tag-hydraulic-cylinders","10":"first","11":"instock","12":"shipping-taxable","13":"product-type-simple"},"amp_enabled":true,"_links":{"self":[{"href":"https:\/\/www.hydraulic-cylinders.net\/pl\/wp-json\/wp\/v2\/product\/15503","targetHints":{"allow":["GET"]}}],"collection":[{"href":"https:\/\/www.hydraulic-cylinders.net\/pl\/wp-json\/wp\/v2\/product"}],"about":[{"href":"https:\/\/www.hydraulic-cylinders.net\/pl\/wp-json\/wp\/v2\/types\/product"}],"replies":[{"embeddable":true,"href":"https:\/\/www.hydraulic-cylinders.net\/pl\/wp-json\/wp\/v2\/comments?post=15503"}],"wp:featuredmedia":[{"embeddable":true,"href":"https:\/\/www.hydraulic-cylinders.net\/pl\/wp-json\/wp\/v2\/media\/14769"}],"wp:attachment":[{"href":"https:\/\/www.hydraulic-cylinders.net\/pl\/wp-json\/wp\/v2\/media?parent=15503"}],"wp:term":[{"taxonomy":"product_brand","embeddable":true,"href":"https:\/\/www.hydraulic-cylinders.net\/pl\/wp-json\/wp\/v2\/product_brand?post=15503"},{"taxonomy":"product_cat","embeddable":true,"href":"https:\/\/www.hydraulic-cylinders.net\/pl\/wp-json\/wp\/v2\/product_cat?post=15503"},{"taxonomy":"product_tag","embeddable":true,"href":"https:\/\/www.hydraulic-cylinders.net\/pl\/wp-json\/wp\/v2\/product_tag?post=15503"}],"curies":[{"name":"wp","href":"https:\/\/api.w.org\/{rel}","templated":true}]}}