{"id":15504,"date":"2025-01-19T14:36:49","date_gmt":"2025-01-19T14:36:49","guid":{"rendered":"https:\/\/www.hydraulic-cylinders.net\/product\/bucket-cylinder-for-zoomlion-middle-excavator-ze230e-9\/"},"modified":"2025-01-19T14:36:51","modified_gmt":"2025-01-19T14:36:51","slug":"bucket-cylinder-for-zoomlion-middle-excavator-ze230e-9","status":"publish","type":"product","link":"https:\/\/www.hydraulic-cylinders.net\/pl\/produkt\/bucket-cylinder-for-zoomlion-middle-excavator-ze230e-9\/","title":{"rendered":"Si\u0142ownik \u0142y\u017cki do koparki \u015bredniej Zoomlion ZE230E-9"},"content":{"rendered":"<h1>Si\u0142ownik \u0142y\u017cki do koparki \u015bredniej Zoomlion ZE230E-9<\/h1>\n<h2>Wst\u0119p<\/h2>\n<p>Si\u0142ownik \u0142y\u017cki to specjalistyczny si\u0142ownik hydrauliczny, u\u017cywany g\u0142\u00f3wnie do sterowania ruchem \u0142y\u017cki w ci\u0119\u017ckich maszynach, takich jak koparki, koparko-\u0142adowarki i \u0142adowarki czo\u0142owe. Jego g\u0142\u00f3wn\u0105 funkcj\u0105 jest podnoszenie, opuszczanie i przechylanie \u0142y\u017cki, u\u0142atwiaj\u0105c wykonywanie r\u00f3\u017cnych zada\u0144 zwi\u0105zanych z prze\u0142adunkiem materia\u0142\u00f3w. W uk\u0142adzie hydraulicznym si\u0142ownik \u0142y\u017cki zapewnia precyzyjn\u0105 kontrol\u0119 nad \u0142y\u017ck\u0105 poprzez zmiany ci\u015bnienia oleju hydraulicznego, umo\u017cliwiaj\u0105c operatorom wydajne przenoszenie ci\u0119\u017ckich \u0142adunk\u00f3w i dostosowywanie si\u0119 do z\u0142o\u017conych warunk\u00f3w pracy oraz zr\u00f3\u017cnicowanych potrzeb operacyjnych.<\/p>\n<p><img decoding=\"async\" src=\"https:\/\/www.hydraulic-cylinders.net\/wp-content\/uploads\/2025\/01\/songte-company-2.webp\"\/><\/p>\n<h2>Cechy<\/h2>\n<ul>\n<li>Wysoka wytrzyma\u0142o\u015b\u0107 i trwa\u0142o\u015b\u0107: Zazwyczaj wykonane z wysokowytrzyma\u0142ej stali lub aluminium, wytrzymuj\u0105 wysokie ci\u015bnienia i du\u017ce obci\u0105\u017cenia, nadaj\u0105 si\u0119 do trudnych warunk\u00f3w pracy, zaprojektowane tak, aby by\u0142y odporne na zu\u017cycie i korozj\u0119, a tak\u017ce charakteryzowa\u0142y si\u0119 d\u0142u\u017csz\u0105 \u017cywotno\u015bci\u0105.<\/li>\n<li>Wydajna praca uk\u0142adu hydraulicznego: P\u0142ynne dzia\u0142anie teleskopowe uzyskano dzi\u0119ki wykorzystaniu ci\u015bnienia oleju hydraulicznego, kt\u00f3re umo\u017cliwia szybk\u0105 reakcj\u0119 na polecenia steruj\u0105ce, zapewnia du\u017c\u0105 si\u0142\u0119 pchania i ci\u0105gni\u0119cia oraz sprawdza si\u0119 przy obs\u0142udze ci\u0119\u017ckich \u0142adunk\u00f3w i skomplikowanych zada\u0144 operacyjnych.<\/li>\n<li>R\u00f3\u017cne typy: Si\u0142owniki jednostronnego dzia\u0142ania (hydraulika dzia\u0142a tylko w jednym kierunku) lub dwustronnego dzia\u0142ania (hydraulika dzia\u0142a w dw\u00f3ch kierunkach) mo\u017cna dobra\u0107 w zale\u017cno\u015bci od potrzeb, aby spe\u0142ni\u0107 r\u00f3\u017cne wymagania operacyjne. Niekt\u00f3re modele s\u0105 teleskopowe, co pozwala na wi\u0119ksze wysuni\u0119cie bez zwi\u0119kszania wymiar\u00f3w zewn\u0119trznych, i nadaje si\u0119 do zastosowa\u0144 w ograniczonej przestrzeni.<\/li>\n<\/ul>\n<p>Mo\u017cemy wyprodukowa\u0107 ten produkt i nasz produkt mo\u017ce doskonale zast\u0105pi\u0107 te cylindry hydrauliczne.<\/p>\n<p><img decoding=\"async\" src=\"https:\/\/www.hydraulic-cylinders.net\/wp-content\/uploads\/2025\/01\/songte-cylinder-head-with-all-kinds-excavator-models.webp\"\/><\/p>\n<h2>Aplikacje<\/h2>\n<p>Cylinder czerpakowy jest powszechnie stosowany w r\u00f3\u017cnych maszynach ci\u0119\u017ckich, w tym:<\/p>\n<ul>\n<li>Sprz\u0119t budowlany: W koparkach s\u0105 one niezb\u0119dne do kopania, za\u0142adunku i przemieszczania gleby lub gruzu. W koparko-\u0142adowarkach cylindry \u0142y\u017cki wspomagaj\u0105 kopanie i podnoszenie. W \u0142adowarkach czo\u0142owych wspomagaj\u0105 wydajne podnoszenie i przechylanie \u0142adunk\u00f3w.<\/li>\n<li>Maszyny rolnicze: Stosowane w \u0142adowarkach czo\u0142owych do kopania, podnoszenia i transportu gleby, siana i innych materia\u0142\u00f3w.<\/li>\n<li>Koparki: Cylinder \u0142y\u017cki umo\u017cliwia jej penetracj\u0119 gleby w celu wykonania czynno\u015bci wykopaliskowych.<\/li>\n<\/ul>\n<h2>Zagadnienia projektowe i kryteria wyboru<\/h2>\n<p>Z punktu widzenia projektowania kluczowymi czynnikami s\u0105 no\u015bno\u015b\u0107, uszczelnienie, trwa\u0142o\u015b\u0107, bezpiecze\u0144stwo i \u0142atwo\u015b\u0107 konserwacji. <\/p>\n<ul>\n<li>No\u015bno\u015b\u0107: Cylinder czerpaka powinien by\u0107 w stanie wytrzyma\u0107 wysokie ci\u015bnienie i du\u017ce obci\u0105\u017cenia.<\/li>\n<li>Uszczelnienie: R\u00f3\u017cne uszczelnienia, takie jak uszczelnienia t\u0142ok\u00f3w i t\u0142oczysk, powinny by\u0107 wykonane z materia\u0142\u00f3w odpornych na zu\u017cycie, takich jak poliuretan i kauczuk nitrylowy. Korpus cylindra i gwintowane powierzchnie ko\u0144cowe powinny by\u0107 precyzyjnie obrobione w celu zwi\u0119kszenia odporno\u015bci na zu\u017cycie. <\/li>\n<li>Trwa\u0142o\u015b\u0107: Cylinder \u0142y\u017cki powinien by\u0107 wykonany z materia\u0142\u00f3w o wysokiej wytrzyma\u0142o\u015bci, zaprojektowany z my\u015bl\u0105 o odporno\u015bci na zu\u017cycie i korozj\u0119 oraz wytrzymywa\u0107 trudne warunki pracy. <\/li>\n<li>Bezpiecze\u0144stwo: Cylinder powinien by\u0107 wyposa\u017cony w zabezpieczenia, takie jak zawory bezpiecze\u0144stwa i blokowane obwody hydrauliczne, kt\u00f3re zapobiegaj\u0105 nag\u0142ym ruchom i gwarantuj\u0105 bezpieczn\u0105 prac\u0119.<\/li>\n<li>\u0141atwo\u015b\u0107 konserwacji: Cylinder \u0142y\u017cki powinien by\u0107 zaprojektowany z my\u015bl\u0105 o \u0142atwo\u015bci konserwacji, umo\u017cliwiaj\u0105c regularne kontrole i wymian\u0119 kluczowych podzespo\u0142\u00f3w.<\/li>\n<\/ul>\n<p><img decoding=\"async\" src=\"https:\/\/www.hydraulic-cylinders.net\/wp-content\/uploads\/2025\/01\/songte-oil-pipes-and-spare-parts.webp\"\/><\/p>\n<h2>Uszczelnianie i smarowanie<\/h2>\n<p>W si\u0142owniku czerpakowym zastosowano r\u00f3\u017cne uszczelnienia, w tym uszczelnienia t\u0142okowe i t\u0142oczyskowe, aby zapobiec wyciekom oleju hydraulicznego. Uszczelnienia te powinny by\u0107 wykonane z materia\u0142\u00f3w odpornych na zu\u017cycie, takich jak poliuretan i kauczuk nitrylowy. Korpus si\u0142ownika i gwintowane powierzchnie ko\u0144cowe powinny by\u0107 precyzyjnie obrobione, aby zwi\u0119kszy\u0107 odporno\u015b\u0107 na zu\u017cycie. Regularne smarowanie olejem hydraulicznym jest wymagane dla optymalnej wydajno\u015bci.<\/p>\n<h2>Konserwacja i naprawa<\/h2>\n<p>Regularna konserwacja i dzia\u0142ania zapobiegawcze s\u0105 niezb\u0119dne dla wyd\u0142u\u017cenia \u017cywotno\u015bci cylindra \u0142y\u017cki. Typowe czynno\u015bci konserwacyjne obejmuj\u0105:<\/p>\n<ul>\n<li>Regularne kontrole w celu wykrycia oznak zu\u017cycia lub uszkodze\u0144<\/li>\n<li>W\u0142a\u015bciwe smarowanie cylindra<\/li>\n<li>Wymiana uszkodzonych uszczelek lub innych kluczowych podzespo\u0142\u00f3w<\/li>\n<\/ul>\n<p>Prawid\u0142owy monta\u017c jest niezb\u0119dny dla zapewnienia optymalnej wydajno\u015bci i trwa\u0142o\u015bci si\u0142ownika kube\u0142kowego. Wa\u017cne jest prawid\u0142owe ustawienie si\u0142ownika i u\u017cycie odpowiednich wspornik\u00f3w monta\u017cowych w celu jego zabezpieczenia. Nale\u017cy przestrzega\u0107 zalecanych procedur kontroli, naprawy i wymiany.<\/p>\n<p><img decoding=\"async\" src=\"https:\/\/www.hydraulic-cylinders.net\/wp-content\/uploads\/2025\/01\/songte-chushion-collar.webp\"\/><\/p>\n<h2>Bezpiecze\u0144stwo i wzgl\u0119dy \u015brodowiskowe<\/h2>\n<p>Podczas korzystania z si\u0142ownika \u0142y\u017cki nale\u017cy stosowa\u0107 \u015brodki bezpiecze\u0144stwa, takie jak zawory bezpiecze\u0144stwa i blokowane obwody hydrauliczne, aby zapobiec nag\u0142ym ruchom i zapewni\u0107 bezpieczn\u0105 obs\u0142ug\u0119. Nale\u017cy r\u00f3wnie\u017c uwzgl\u0119dni\u0107 czynniki \u015brodowiskowe, takie jak wyciek oleju, aby zapobiec zanieczyszczeniu otaczaj\u0105cego \u015brodowiska.<\/p>\n<h2>Rozwi\u0105zywanie problem\u00f3w i typowe problemy<\/h2>\n<p>Do typowych problem\u00f3w z si\u0142ownikami czerpakowymi nale\u017c\u0105 wycieki oleju hydraulicznego i uszkodzenia uszczelnie\u0144. Nale\u017cy poda\u0107 wskaz\u00f3wki i rozwi\u0105zania dotycz\u0105ce rozwi\u0105zywania problem\u00f3w, aby u\u0142atwi\u0107 diagnoz\u0119 i rozwi\u0105zanie problemu. Nale\u017cy r\u00f3wnie\u017c zasugerowa\u0107 \u015brodki zapobiegawcze w celu zminimalizowania potencjalnych problem\u00f3w.<\/p>\n<p><img decoding=\"async\" src=\"https:\/\/www.hydraulic-cylinders.net\/wp-content\/uploads\/2025\/01\/songte-bushings-with-all-kinds-of-excavator-models.webp\"\/><\/p>\n<h2>O naszej firmie<\/h2>\n<p>Jeste\u015bmy producentem zamiennych cylindr\u00f3w hydraulicznych, oferuj\u0105cym szeroki asortyment produkt\u00f3w i stali\u015bmy si\u0119 jednym z wiod\u0105cych producent\u00f3w i hurtowych dystrybutor\u00f3w cylindr\u00f3w hydraulicznych na rynku krajowym i mi\u0119dzynarodowym. Przestrzegamy zasady doskona\u0142ej jako\u015bci, opieramy si\u0119 na zindustrializowanych strategiach zarz\u0105dzania produkcj\u0105 w precyzyjnie wyposa\u017conych warsztatach, stale udoskonalamy platform\u0119 produkcyjn\u0105, podnosimy jako\u015b\u0107 linii produkcyjnej i dysponujemy du\u017cym potencja\u0142em produkcyjnym. Dok\u0142adamy wszelkich stara\u0144, aby sprosta\u0107 zr\u00f3\u017cnicowanym potrzebom naszych klient\u00f3w, zapewniaj\u0105c im wysok\u0105 wydajno\u015b\u0107, precyzj\u0119 i jako\u015b\u0107.<\/p>\n<p><img decoding=\"async\" src=\"https:\/\/hzpt.com\/wp-content\/uploads\/2024\/11\/songte-company-1.webp\"\/><\/p>\n<h3>Profesjonalizm<\/h3>\n<p>Dysponujemy zespo\u0142em do\u015bwiadczonych specjalist\u00f3w, kt\u00f3rzy dok\u0142adaj\u0105 wszelkich stara\u0144, aby zapewni\u0107 klientom najlepsze mo\u017cliwe rozwi\u0105zania, odpowiadaj\u0105ce ich indywidualnym potrzebom. Posiadamy silny zesp\u00f3\u0142 badawczo-rozwojowy, kt\u00f3ry \u015bledzi najnowsze technologie i trendy rynkowe, aby zapewni\u0107 ci\u0105g\u0142\u0105 innowacyjno\u015b\u0107 produkt\u00f3w.<\/p>\n<h3>Mi\u0119dzynarodowa Certyfikacja<\/h3>\n<p>Posiadamy liczne mi\u0119dzynarodowe certyfikaty, takie jak ISO9001 i CE, kt\u00f3re potwierdzaj\u0105 nasze zaanga\u017cowanie na rzecz jako\u015bci i niezawodno\u015bci.<\/p>\n<h3>Us\u0142ugi personalizacji<\/h3>\n<p>Oferujemy us\u0142ugi personalizacji, aby sprosta\u0107 indywidualnym potrzebom naszych klient\u00f3w. Mo\u017cemy dostosowa\u0107 konstrukcj\u0119, rozmiar i inne parametry cylindr\u00f3w hydraulicznych do Pa\u0144stwa indywidualnych wymaga\u0144.<\/p>\n<h3>Sprz\u0119t produkcyjny<\/h3>\n<p>W celu zapewnienia wysokiej jako\u015bci produkt\u00f3w korzystamy z najnowocze\u015bniejszego sprz\u0119tu produkcyjnego, takiego jak maszyny CNC i zaawansowany sprz\u0119t testowy.<\/p>\n<h3>Serwis posprzeda\u017cowy<\/h3>\n<p>Oferujemy kompleksowy serwis posprzeda\u017cowy, obejmuj\u0105cy konserwacj\u0119, naprawy i wymian\u0119 cz\u0119\u015bci, aby zapewni\u0107 d\u0142ugowieczno\u015b\u0107 i optymaln\u0105 wydajno\u015b\u0107 si\u0142ownik\u00f3w hydraulicznych.<\/p>\n<p>Autor: lyl<\/p>","protected":false},"excerpt":{"rendered":"<p>Bucket Cylinder For Zoomlion Middle Excavator ZE230E-9 Introduction A bucket cylinder is a specialized hydraulic cylinder used primarily to control the movement of the bucket in heavy machinery such as excavators, backhoe excavators, and front-end loaders. Its main function is to enable the bucket to be lifted, lowered, and tilted, making it easier to handle [&hellip;]<\/p>","protected":false},"featured_media":14765,"comment_status":"open","ping_status":"closed","template":"","meta":{"_et_pb_use_builder":"","_et_pb_old_content":"","_et_gb_content_width":""},"product_brand":[],"product_cat":[1494],"product_tag":[1495,1496],"class_list":{"0":"post-15504","1":"product","2":"type-product","3":"status-publish","4":"has-post-thumbnail","6":"product_cat-bucket-cylinders","7":"product_tag-bucket-cylinders","8":"product_tag-hydraulic-cylinders","10":"first","11":"instock","12":"shipping-taxable","13":"product-type-simple"},"amp_enabled":true,"_links":{"self":[{"href":"https:\/\/www.hydraulic-cylinders.net\/pl\/wp-json\/wp\/v2\/product\/15504","targetHints":{"allow":["GET"]}}],"collection":[{"href":"https:\/\/www.hydraulic-cylinders.net\/pl\/wp-json\/wp\/v2\/product"}],"about":[{"href":"https:\/\/www.hydraulic-cylinders.net\/pl\/wp-json\/wp\/v2\/types\/product"}],"replies":[{"embeddable":true,"href":"https:\/\/www.hydraulic-cylinders.net\/pl\/wp-json\/wp\/v2\/comments?post=15504"}],"wp:featuredmedia":[{"embeddable":true,"href":"https:\/\/www.hydraulic-cylinders.net\/pl\/wp-json\/wp\/v2\/media\/14765"}],"wp:attachment":[{"href":"https:\/\/www.hydraulic-cylinders.net\/pl\/wp-json\/wp\/v2\/media?parent=15504"}],"wp:term":[{"taxonomy":"product_brand","embeddable":true,"href":"https:\/\/www.hydraulic-cylinders.net\/pl\/wp-json\/wp\/v2\/product_brand?post=15504"},{"taxonomy":"product_cat","embeddable":true,"href":"https:\/\/www.hydraulic-cylinders.net\/pl\/wp-json\/wp\/v2\/product_cat?post=15504"},{"taxonomy":"product_tag","embeddable":true,"href":"https:\/\/www.hydraulic-cylinders.net\/pl\/wp-json\/wp\/v2\/product_tag?post=15504"}],"curies":[{"name":"wp","href":"https:\/\/api.w.org\/{rel}","templated":true}]}}