{"id":15507,"date":"2025-01-19T14:37:01","date_gmt":"2025-01-19T14:37:01","guid":{"rendered":"https:\/\/www.hydraulic-cylinders.net\/product\/bucket-cylinder-for-zoomlion-large-excavator-ze480esp\/"},"modified":"2025-01-19T14:37:03","modified_gmt":"2025-01-19T14:37:03","slug":"bucket-cylinder-for-zoomlion-large-excavator-ze480esp","status":"publish","type":"product","link":"https:\/\/www.hydraulic-cylinders.net\/pl\/produkt\/bucket-cylinder-for-zoomlion-large-excavator-ze480esp\/","title":{"rendered":"Cylinder \u0142y\u017cki do du\u017cej koparki Zoomlion ZE480ESP"},"content":{"rendered":"<h1>Cylinder \u0142y\u017cki do du\u017cej koparki Zoomlion ZE480ESP<\/h1>\n<h2>Wst\u0119p<\/h2>\n<p>Si\u0142ownik \u0142y\u017cki do koparki Zoomlion ZE480ESP to specjalistyczny si\u0142ownik hydrauliczny przeznaczony do sterowania ruchem \u0142y\u017cki w ci\u0119\u017ckich maszynach, takich jak koparki, koparko-\u0142adowarki i \u0142adowarki czo\u0142owe. Jego g\u0142\u00f3wn\u0105 funkcj\u0105 jest podnoszenie, opuszczanie i przechylanie \u0142y\u017cki, u\u0142atwiaj\u0105c wykonywanie r\u00f3\u017cnych zada\u0144 zwi\u0105zanych z prze\u0142adunkiem materia\u0142\u00f3w. W uk\u0142adzie hydraulicznym si\u0142ownik \u0142y\u017cki steruje precyzyjnym ruchem \u0142y\u017cki poprzez zmian\u0119 ci\u015bnienia oleju hydraulicznego, umo\u017cliwiaj\u0105c operatorowi wydajne przenoszenie ci\u0119\u017ckich przedmiot\u00f3w i dostosowanie si\u0119 do z\u0142o\u017conych warunk\u00f3w pracy oraz zr\u00f3\u017cnicowanych wymaga\u0144. <\/p>\n<p><img decoding=\"async\" src=\"https:\/\/www.hydraulic-cylinders.net\/wp-content\/uploads\/2025\/01\/songte-company-2.webp\"><\/p>\n<h2>Cechy<\/h2>\n<ul>\n<li>\n<h3>Wysoka wytrzyma\u0142o\u015b\u0107 i trwa\u0142o\u015b\u0107<\/h3>\n<p>Cylindry czerpakowe s\u0105 zazwyczaj wykonane z wysokowytrzyma\u0142ej stali lub aluminium, co pozwala im wytrzyma\u0107 wysokie ci\u015bnienie i du\u017ce obci\u0105\u017cenia, dostosowuj\u0105c si\u0119 do trudnych warunk\u00f3w pracy. Konstrukcja uwzgl\u0119dnia odporno\u015b\u0107 na zu\u017cycie i korozj\u0119, co wyd\u0142u\u017ca \u017cywotno\u015b\u0107.<\/p>\n<\/li>\n<li>\n<h3>Wydajna praca hydrauliczna<\/h3>\n<p>Cylindry czerpakowe wykorzystuj\u0105 ci\u015bnienie oleju hydraulicznego do zapewnienia p\u0142ynnego rozszerzania i kurczenia, mog\u0105 szybko reagowa\u0107 na polecenia steruj\u0105ce, zapewniaj\u0105 du\u017c\u0105 si\u0142\u0119 pchania i ci\u0105gni\u0119cia oraz nadaj\u0105 si\u0119 do przenoszenia ci\u0119\u017ckich przedmiot\u00f3w i wykonywania skomplikowanych zada\u0144.<\/p>\n<\/li>\n<li>\n<h3>R\u00f3\u017cne typy<\/h3>\n<p>Cylindry czerpakowe mog\u0105 by\u0107 jednostronnego dzia\u0142ania (hydraulika dzia\u0142a tylko w jednym kierunku) lub dwustronnego dzia\u0142ania (hydraulika dzia\u0142a w dw\u00f3ch kierunkach), kt\u00f3re mo\u017cna dobra\u0107 w zale\u017cno\u015bci od potrzeb, aby spe\u0142ni\u0107 r\u00f3\u017cne wymagania robocze. Niekt\u00f3re modele s\u0105 teleskopowe, co pozwala na wi\u0119ksze wysuni\u0119cie bez zwi\u0119kszania wymiar\u00f3w zewn\u0119trznych, co jest odpowiednie do zastosowa\u0144 w ograniczonej przestrzeni.<\/p>\n<\/li>\n<li>\n<h3>Produkty zamienne<\/h3>\n<p>Nasze produkty mog\u0105 doskonale zast\u0105pi\u0107 te si\u0142owniki hydrauliczne.<\/p>\n<\/li>\n<\/ul>\n<p><img decoding=\"async\" src=\"https:\/\/www.hydraulic-cylinders.net\/wp-content\/uploads\/2025\/01\/songte-cylinder-head-with-all-kinds-excavator-models.webp\"><\/p>\n<h2>Aplikacje<\/h2>\n<p>Si\u0142ownik \u0142y\u017cki do koparki Zoomlion ZE480ESP jest szeroko stosowany w r\u00f3\u017cnych maszynach ci\u0119\u017ckich do wykonywania r\u00f3\u017cnorodnych zada\u0144. Przyk\u0142adowe zastosowania:<\/p>\n<ul>\n<li>\n<h3>Sprz\u0119t budowlany<\/h3>\n<p>Sprz\u0119t budowlany wykorzystuje cylindry \u0142y\u017ckowe do kopania, za\u0142adunku i przemieszczania gleby lub gruzu. W koparko-\u0142adowarkach cylindry \u0142y\u017ckowe u\u0142atwiaj\u0105 kopanie i podnoszenie.<\/p>\n<\/li>\n<li>\n<h3>Maszyny rolnicze<\/h3>\n<p>Cylindry \u0142y\u017cki s\u0142u\u017c\u0105 do nabierania, podnoszenia i transportu gleby, siana i innych materia\u0142\u00f3w w \u0142adowarkach czo\u0142owych. W koparkach cylindry \u0142y\u017cki umo\u017cliwiaj\u0105 kopanie, pozwalaj\u0105c \u0142y\u017cce na penetracj\u0119 gleby.<\/p>\n<\/li>\n<li>\n<h3>Sprz\u0119t do \u0142adowania<\/h3>\n<p>Cylindry \u0142y\u017cki pomagaj\u0105 w efektywnym podnoszeniu i wysypywaniu \u0142adunk\u00f3w w \u0142adowarkach czo\u0142owych.<\/p>\n<\/li>\n<\/ul>\n<h2>Zagadnienia projektowe i kryteria wyboru<\/h2>\n<p>Cylindry kube\u0142kowe s\u0105 projektowane z my\u015bl\u0105 o przenoszeniu du\u017cych obci\u0105\u017ce\u0144, dlatego kwestie projektowe i kryteria wyboru maj\u0105 kluczowe znaczenie dla wydajno\u015bci produktu. Niekt\u00f3re z rozwa\u017ca\u0144 projektowych obejmuj\u0105:<\/p>\n<ul>\n<li>\n<h3>No\u015bno\u015b\u0107<\/h3>\n<p>Zdolno\u015b\u0107 cylindra do wytrzymywania du\u017cych obci\u0105\u017ce\u0144 zale\u017cy od no\u015bno\u015bci, kt\u00f3r\u0105 oblicza si\u0119 na podstawie \u015brednicy cylindra, rozmiaru pr\u0119ta i ci\u015bnienia znamionowego.<\/p>\n<\/li>\n<li>\n<h3>W\u0142a\u015bciwo\u015bci uszczelniaj\u0105ce<\/h3>\n<p>Gumowe uszczelki stosowane w cylindrze czerpakowym musz\u0105 by\u0107 odporne na wysokie temperatury, wysokie ci\u015bnienia i mo\u017cliwo\u015b\u0107 kontaktu z cz\u0105stkami \u015bciernymi. Powszechnie stosuje si\u0119 poliuretan i gum\u0119 nitrylow\u0105.<\/p>\n<\/li>\n<li>\n<h3>Trwa\u0142o\u015b\u0107<\/h3>\n<p>Trwa\u0142o\u015b\u0107 cylindra zale\u017cy od takich czynnik\u00f3w, jak zastosowany materia\u0142, obr\u00f3bka powierzchni i proces produkcyjny, kt\u00f3re musz\u0105 wytrzyma\u0107 trudne warunki pracy i d\u0142u\u017csze u\u017cytkowanie.<\/p>\n<\/li>\n<li>\n<h3>Bezpiecze\u0144stwo i konserwacja<\/h3>\n<p>Cylindry czerpakowe musz\u0105 spe\u0142nia\u0107 normy bezpiecze\u0144stwa i wymaga\u0107 regularnej konserwacji, aby zapewni\u0107 optymaln\u0105 wydajno\u015b\u0107 i zapobiega\u0107 wypadkom.<\/p>\n<\/li>\n<\/ul>\n<p><img decoding=\"async\" src=\"https:\/\/www.hydraulic-cylinders.net\/wp-content\/uploads\/2025\/01\/songte-oil-pipes-and-spare-parts.webp\"><\/p>\n<h2>Uszczelnianie i smarowanie produktu<\/h2>\n<p>W si\u0142ownikach kube\u0142kowych stosowane s\u0105 r\u00f3\u017cne uszczelnienia, takie jak uszczelnienia t\u0142oka, uszczelnienia t\u0142oczyska i uszczelnienia zgarniaj\u0105ce, aby zapobiec wyciekom p\u0142ynu hydraulicznego. Uszczelnienia musz\u0105 by\u0107 wykonane z materia\u0142\u00f3w odpornych na zu\u017cycie, takich jak poliuretan i kauczuk nitrylowy. Powierzchnia korpusu si\u0142ownika i ko\u0144c\u00f3wki gwint\u00f3w wymagaj\u0105 precyzyjnej obr\u00f3bki w celu zwi\u0119kszenia odporno\u015bci na zu\u017cycie. Regularne smarowanie si\u0142ownika zapobiega zu\u017cyciu i zmniejsza ryzyko wyciek\u00f3w. <\/p>\n<h2>Regularne kontrole i \u015brodki konserwacji zapobiegawczej<\/h2>\n<p>Regularne przegl\u0105dy i konserwacja zapobiegawcza cylindra \u0142y\u017cki s\u0105 niezb\u0119dne dla zapewnienia d\u0142ugowieczno\u015bci produktu. Oto niekt\u00f3re z dzia\u0142a\u0144:<\/p>\n<ul>\n<li>\n<h3>Regularna kontrola<\/h3>\n<p>Regularna kontrola zewn\u0119trznej cz\u0119\u015bci cylindra, uszczelek i po\u0142\u0105cze\u0144 w celu wykrycia wszelkich oznak zu\u017cycia, uszkodze\u0144 lub przeciek\u00f3w.<\/p>\n<\/li>\n<li>\n<h3>Odpowiednie smarowanie<\/h3>\n<p>W\u0142a\u015bciwe smarowanie cylindra olejem hydraulicznym lub smarem zapobiega zu\u017cyciu i zmniejsza ryzyko wyciek\u00f3w.<\/p>\n<\/li>\n<li>\n<h3>Wymiana uszczelki i kontrola kalibracji<\/h3>\n<p>Regularna wymiana uszczelek i kontrola kalibracji zapewniaj\u0105 optymaln\u0105 wydajno\u015b\u0107.<\/p>\n<\/li>\n<\/ul>\n<p><img decoding=\"async\" src=\"https:\/\/www.hydraulic-cylinders.net\/wp-content\/uploads\/2025\/01\/songte-chushion-collar.webp\"><\/p>\n<h2>Zagadnienia bezpiecze\u0144stwa i czynniki \u015brodowiskowe<\/h2>\n<p>Cylindry kube\u0142kowe s\u0105 stosowane w ci\u0119\u017ckich maszynach i wymagaj\u0105 \u015brodk\u00f3w bezpiecze\u0144stwa, takich jak prawid\u0142owe ustawienie i zabezpieczenie cylindra. Czynniki \u015brodowiskowe, takie jak temperatura i wilgotno\u015b\u0107, mog\u0105 wp\u0142ywa\u0107 na wydajno\u015b\u0107 cylindra i nale\u017cy je monitorowa\u0107.<\/p>\n<h2>Diagnostyka usterek i typowe problemy<\/h2>\n<p>Do typowych problem\u00f3w z si\u0142ownikami kube\u0142kowymi nale\u017c\u0105 wycieki, dryft si\u0142ownika i d\u0142ugi czas reakcji. Diagnostyka usterek polega na zidentyfikowaniu \u017ar\u00f3d\u0142a problemu i podj\u0119ciu odpowiednich dzia\u0142a\u0144 w celu jego usuni\u0119cia. \u015arodki zapobiegawcze, takie jak regularne przegl\u0105dy i konserwacja, mog\u0105 zmniejszy\u0107 prawdopodobie\u0144stwo wyst\u0105pienia problem\u00f3w.<\/p>\n<p><img decoding=\"async\" src=\"https:\/\/www.hydraulic-cylinders.net\/wp-content\/uploads\/2025\/01\/songte-bushings-with-all-kinds-of-excavator-models.webp\"><\/p>\n<h2>O nas<\/h2>\n<p>Jeste\u015bmy wiod\u0105cym producentem i hurtowym dystrybutorem si\u0142ownik\u00f3w hydraulicznych na rynku krajowym i mi\u0119dzynarodowym. Nasza oferta jest zr\u00f3\u017cnicowana, a my d\u0105\u017cymy do doskona\u0142ej jako\u015bci, stosuj\u0105c strategi\u0119 zarz\u0105dzania produkcj\u0105 opart\u0105 na industrializacji zaawansowanych warsztat\u00f3w produkcyjnych. Dzi\u0119ki wykorzystaniu talent\u00f3w technologicznych, cyfrowego, zaawansowanego sprz\u0119tu produkcyjnego oraz profesjonalnego systemu testowania, stale udoskonalamy platform\u0119 produkcyjn\u0105, podnosimy jako\u015b\u0107 produkt\u00f3w i tras produkcyjnych, a tak\u017ce dysponujemy du\u017cym potencja\u0142em kreatywnym. Naszym celem jest zaspokojenie zr\u00f3\u017cnicowanych potrzeb klient\u00f3w, zapewniaj\u0105c wysok\u0105 wydajno\u015b\u0107, precyzj\u0119 i jako\u015b\u0107.<\/p>\n<ul>\n<li>\n<h3>Profesjonalizm<\/h3>\n<p>Nasz zesp\u00f3\u0142 sk\u0142ada si\u0119 z profesjonalnych in\u017cynier\u00f3w i technik\u00f3w posiadaj\u0105cych du\u017ce do\u015bwiadczenie w projektowaniu i produkcji cylindr\u00f3w hydraulicznych.<\/p>\n<\/li>\n<li>\n<h3>Mi\u0119dzynarodowa Certyfikacja<\/h3>\n<p>Nasze si\u0142owniki hydrauliczne posiadaj\u0105 certyfikaty ISO 9001 i CE, co gwarantuje jako\u015b\u0107 i bezpiecze\u0144stwo.<\/p>\n<\/li>\n<li>\n<h3>Us\u0142ugi personalizacji<\/h3>\n<p>Oferujemy us\u0142ugi dostosowywania do indywidualnych potrzeb naszych klient\u00f3w.<\/p>\n<\/li>\n<li>\n<h3>Sprz\u0119t produkcyjny<\/h3>\n<p>Wykorzystujemy zaawansowany sprz\u0119t produkcyjny, taki jak centra obr\u00f3bcze CNC, automatyczne maszyny spawalnicze i urz\u0105dzenia do obr\u00f3bki powierzchni.<\/p>\n<\/li>\n<li>\n<h3>Serwis posprzeda\u017cowy<\/h3>\n<p>Zapewniamy obs\u0142ug\u0119 posprzeda\u017cow\u0105, obejmuj\u0105c\u0105 konserwacj\u0119, naprawy i wymian\u0119 cz\u0119\u015bci, aby zagwarantowa\u0107 zadowolenie naszych klient\u00f3w.<\/p>\n<\/li>\n<\/ul>\n<p><img decoding=\"async\" src=\"https:\/\/hzpt.com\/wp-content\/uploads\/2024\/11\/songte-company-1.webp\"><\/p>\n<h3>Autor: lyl<\/h3>","protected":false},"excerpt":{"rendered":"<p>Bucket Cylinder For Zoomlion Large Excavator ZE480ESP Introduction The Bucket Cylinder for Zoomlion Large Excavator ZE480ESP is a specialized hydraulic cylinder designed to control the movement of the bucket in heavy machinery such as excavators, backhoe excavators, and front-end loaders. Its main function is to enable the bucket to lift, lower, and tilt, making it [&hellip;]<\/p>","protected":false},"featured_media":14789,"comment_status":"open","ping_status":"closed","template":"","meta":{"_et_pb_use_builder":"","_et_pb_old_content":"","_et_gb_content_width":""},"product_brand":[],"product_cat":[1494],"product_tag":[1495,1496],"class_list":{"0":"post-15507","1":"product","2":"type-product","3":"status-publish","4":"has-post-thumbnail","6":"product_cat-bucket-cylinders","7":"product_tag-bucket-cylinders","8":"product_tag-hydraulic-cylinders","10":"first","11":"instock","12":"shipping-taxable","13":"product-type-simple"},"amp_enabled":true,"_links":{"self":[{"href":"https:\/\/www.hydraulic-cylinders.net\/pl\/wp-json\/wp\/v2\/product\/15507","targetHints":{"allow":["GET"]}}],"collection":[{"href":"https:\/\/www.hydraulic-cylinders.net\/pl\/wp-json\/wp\/v2\/product"}],"about":[{"href":"https:\/\/www.hydraulic-cylinders.net\/pl\/wp-json\/wp\/v2\/types\/product"}],"replies":[{"embeddable":true,"href":"https:\/\/www.hydraulic-cylinders.net\/pl\/wp-json\/wp\/v2\/comments?post=15507"}],"wp:featuredmedia":[{"embeddable":true,"href":"https:\/\/www.hydraulic-cylinders.net\/pl\/wp-json\/wp\/v2\/media\/14789"}],"wp:attachment":[{"href":"https:\/\/www.hydraulic-cylinders.net\/pl\/wp-json\/wp\/v2\/media?parent=15507"}],"wp:term":[{"taxonomy":"product_brand","embeddable":true,"href":"https:\/\/www.hydraulic-cylinders.net\/pl\/wp-json\/wp\/v2\/product_brand?post=15507"},{"taxonomy":"product_cat","embeddable":true,"href":"https:\/\/www.hydraulic-cylinders.net\/pl\/wp-json\/wp\/v2\/product_cat?post=15507"},{"taxonomy":"product_tag","embeddable":true,"href":"https:\/\/www.hydraulic-cylinders.net\/pl\/wp-json\/wp\/v2\/product_tag?post=15507"}],"curies":[{"name":"wp","href":"https:\/\/api.w.org\/{rel}","templated":true}]}}