{"id":15510,"date":"2025-01-19T14:37:12","date_gmt":"2025-01-19T14:37:12","guid":{"rendered":"https:\/\/www.hydraulic-cylinders.net\/product\/bucket-cylinder-for-zoomlion-large-excavator-ze700esp\/"},"modified":"2025-01-19T14:37:14","modified_gmt":"2025-01-19T14:37:14","slug":"bucket-cylinder-for-zoomlion-large-excavator-ze700esp","status":"publish","type":"product","link":"https:\/\/www.hydraulic-cylinders.net\/pl\/produkt\/bucket-cylinder-for-zoomlion-large-excavator-ze700esp\/","title":{"rendered":"Cylinder \u0142y\u017cki do du\u017cej koparki Zoomlion ZE700ESP"},"content":{"rendered":"<p><!DOCTYPE html><br \/>\n<html><br \/>\n<head><br \/>\n<title>Cylinder \u0142y\u017cki do du\u017cej koparki Zoomlion ZE700ESP<\/title><br \/>\n<\/head><br \/>\n<body><\/p>\n<h1>Cylinder \u0142y\u017cki do du\u017cej koparki Zoomlion ZE700ESP<\/h1>\n<h2>Wst\u0119p<\/h2>\n<p>Si\u0142ownik \u0142y\u017cki do koparki Zoomlion ZE700ESP to specjalnie zaprojektowany si\u0142ownik hydrauliczny s\u0142u\u017c\u0105cy do sterowania ruchem \u0142y\u017cki w ci\u0119\u017ckich maszynach, takich jak koparki, koparko-\u0142adowarki i \u0142adowarki czo\u0142owe. Jego g\u0142\u00f3wn\u0105 funkcj\u0105 jest podnoszenie, opuszczanie i przechylanie \u0142y\u017cki, co u\u0142atwia wykonywanie r\u00f3\u017cnych zada\u0144 zwi\u0105zanych z prze\u0142adunkiem materia\u0142\u00f3w. W uk\u0142adzie hydraulicznym si\u0142ownik \u0142y\u017cki zapewnia precyzyjn\u0105 kontrol\u0119 nad \u0142y\u017ck\u0105, wykorzystuj\u0105c zmiany ci\u015bnienia oleju hydraulicznego, umo\u017cliwiaj\u0105c operatorom wydajne przenoszenie ci\u0119\u017ckich \u0142adunk\u00f3w i dostosowywanie si\u0119 do z\u0142o\u017conych warunk\u00f3w pracy oraz zr\u00f3\u017cnicowanych potrzeb operacyjnych.<\/p>\n<p><img decoding=\"async\" src=\"https:\/\/www.hydraulic-cylinders.net\/wp-content\/uploads\/2025\/01\/songte-company-2.webp\" alt=\"Cylinder kube\u0142kowy\"><\/p>\n<h2>Cechy<\/h2>\n<ul>\n<li>Wysoka wytrzyma\u0142o\u015b\u0107 i trwa\u0142o\u015b\u0107: Zazwyczaj wykonane z wysokowytrzyma\u0142ej stali lub aluminium, wytrzymuj\u0105 du\u017ce ci\u015bnienie i du\u017ce obci\u0105\u017cenia, s\u0105 przystosowane do trudnych warunk\u00f3w pracy, a tak\u017ce zaprojektowane z uwzgl\u0119dnieniem odporno\u015bci na zu\u017cycie i korozj\u0119, aby wyd\u0142u\u017cy\u0107 ich \u017cywotno\u015b\u0107.<\/li>\n<li>Wydajne dzia\u0142anie uk\u0142adu hydraulicznego: Wykorzystuje ci\u015bnienie oleju hydraulicznego w celu uzyskania p\u0142ynnych ruch\u00f3w rozci\u0105gania i kurczenia, umo\u017cliwiaj\u0105c szybk\u0105 reakcj\u0119 na polecenia steruj\u0105ce, zapewniaj\u0105c du\u017ce si\u0142y pchania i ci\u0105gni\u0119cia, odpowiednie do obs\u0142ugi du\u017cych obci\u0105\u017ce\u0144 i skomplikowanych zada\u0144 operacyjnych.<\/li>\n<li>R\u00f3\u017cne typy: Dost\u0119pne w wersjach z si\u0142ownikami jednostronnego dzia\u0142ania (hydraulicznie tylko w jednym kierunku) lub dwustronnego dzia\u0142ania (hydraulicznie w obu kierunkach), aby spe\u0142ni\u0107 r\u00f3\u017cne wymagania operacyjne. Niekt\u00f3re modele s\u0105 teleskopowe, co pozwala na wi\u0119ksze wysuni\u0119cie bez zwi\u0119kszania wymiar\u00f3w zewn\u0119trznych, i nadaje si\u0119 do zastosowa\u0144 w ograniczonej przestrzeni.<\/li>\n<li>Doskona\u0142a wymiana: Nasze produkty doskonale zast\u0119puj\u0105 te si\u0142owniki hydrauliczne, oferuj\u0105c niezawodn\u0105 alternatyw\u0119.<\/li>\n<\/ul>\n<p><img decoding=\"async\" src=\"https:\/\/www.hydraulic-cylinders.net\/wp-content\/uploads\/2025\/01\/songte-cylinder-head-with-all-kinds-excavator-models.webp\" alt=\"Obraz produktu\"><\/p>\n<h2>Aplikacje<\/h2>\n<p>Cylinder kube\u0142kowy znajduje zastosowanie w r\u00f3\u017cnorodnych urz\u0105dzeniach:<\/p>\n<ul>\n<li>Maszyny budowlane: Znajduj\u0105 si\u0119 w koparkach i s\u0105 niezb\u0119dne do kopania, za\u0142adunku i przemieszczania gleby lub gruzu. W koparko-\u0142adowarkach si\u0142ownik \u0142y\u017cki wspomaga zar\u00f3wno kopanie, jak i podnoszenie.<\/li>\n<li>Maszyny rolnicze: Stosowane w \u0142adowarkach czo\u0142owych do nabierania, podnoszenia i transportu gleby, siana i innych materia\u0142\u00f3w.<\/li>\n<li>Koparki: Cylinder \u0142y\u017cki umo\u017cliwia kopanie, pozwalaj\u0105c \u0142y\u017cce na penetracj\u0119 gleby.<\/li>\n<li>\u0141adowarki: W \u0142adowarkach czo\u0142owych pomagaj\u0105 w efektywnym podnoszeniu i przechylaniu towar\u00f3w.<\/li>\n<\/ul>\n<h2>Zagadnienia projektowe i kryteria wyboru<\/h2>\n<p>Przy projektowaniu brane s\u0105 pod uwag\u0119 takie kluczowe czynniki, jak no\u015bno\u015b\u0107, uszczelnienie, trwa\u0142o\u015b\u0107, bezpiecze\u0144stwo i \u0142atwo\u015b\u0107 konserwacji:<\/p>\n<p><img decoding=\"async\" src=\"https:\/\/www.hydraulic-cylinders.net\/wp-content\/uploads\/2025\/01\/songte-oil-pipes-and-spare-parts.webp\" alt=\"Projektowanie produktu\"><\/p>\n<h2>Uszczelnianie i smarowanie<\/h2>\n<p>Si\u0142ownik kube\u0142kowy zawiera r\u00f3\u017cne elementy uszczelniaj\u0105ce, takie jak uszczelnienia t\u0142oka, uszczelnienia t\u0142oczyska itp. Uszczelnienia te wykonane s\u0105 z materia\u0142\u00f3w odpornych na zu\u017cycie, takich jak poliuretan i kauczuk nitrylowy. Korpus cylindra i gwintowane ko\u0144c\u00f3wki s\u0105 poddawane starannej obr\u00f3bce w celu zwi\u0119kszenia ich odporno\u015bci na zu\u017cycie. Regularne smarowanie odpowiednim olejem hydraulicznym jest niezb\u0119dne dla zapewnienia p\u0142ynnej pracy.<\/p>\n<h2>Regularne kontrole i konserwacja zapobiegawcza<\/h2>\n<p>Aby zapewni\u0107 optymaln\u0105 wydajno\u015b\u0107 i trwa\u0142o\u015b\u0107, zaleca si\u0119 regularne kontrole i dzia\u0142ania zapobiegawcze:<\/p>\n<h2>Instrukcja instalacji produktu<\/h2>\n<p>Prawid\u0142owy monta\u017c cylindra czerpakowego ma kluczowe znaczenie dla jego wydajno\u015bci i bezpiecze\u0144stwa:<\/p>\n<p><img decoding=\"async\" src=\"https:\/\/www.hydraulic-cylinders.net\/wp-content\/uploads\/2025\/01\/songte-chushion-collar.webp\" alt=\"Przewodnik instalacji\"><\/p>\n<h2>Zadania konserwacyjne<\/h2>\n<p>Do typowych zada\u0144 konserwacyjnych cylindra czerpakowego zalicza si\u0119 regularn\u0105 kontrol\u0119, odpowiednie smarowanie, wymian\u0119 uszczelek i kontrol\u0119 kalibracji:<\/p>\n<p><img decoding=\"async\" src=\"https:\/\/www.hydraulic-cylinders.net\/wp-content\/uploads\/2025\/01\/songte-bushings-with-all-kinds-of-excavator-models.webp\" alt=\"Zadania konserwacyjne\"><\/p>\n<h2>Zagadnienia bezpiecze\u0144stwa i czynniki \u015brodowiskowe<\/h2>\n<p>Zachowanie \u015brodk\u00f3w bezpiecze\u0144stwa podczas u\u017cytkowania cylindra czerpakowego jest niezwykle istotne. Przy wyborze i obs\u0142udze sprz\u0119tu nale\u017cy r\u00f3wnie\u017c uwzgl\u0119dni\u0107 czynniki \u015brodowiskowe.<\/p>\n<h2>Rozwi\u0105zywanie problem\u00f3w i typowe problemy<\/h2>\n<p>W przypadku wyst\u0105pienia problem\u00f3w z cylindrem \u0142y\u017cki, kluczowe jest ich skuteczne zdiagnozowanie i rozwi\u0105zanie:<\/p>\n<p><img decoding=\"async\" src=\"https:\/\/hzpt.com\/wp-content\/uploads\/2024\/11\/songte-company-1.webp\" alt=\"Rozwi\u0105zywanie problem\u00f3w i typowe problemy\"><\/p>\n<h2>O naszej firmie<\/h2>\n<p>Jeste\u015bmy producentem zamiennych si\u0142ownik\u00f3w hydraulicznych, oferuj\u0105cym szerok\u0105 gam\u0119 produkt\u00f3w. Stali\u015bmy si\u0119 jednym z wiod\u0105cych producent\u00f3w i hurtowych dystrybutor\u00f3w si\u0142ownik\u00f3w hydraulicznych na rynku krajowym i mi\u0119dzynarodowym. Nasza firma przestrzega zasad doskona\u0142ej jako\u015bci i uprzemys\u0142owionego zarz\u0105dzania produkcj\u0105, opieraj\u0105c si\u0119 na zaawansowanych warsztatach produkcyjnych, utalentowanych pracownikach technicznych, zaawansowanym sprz\u0119cie do produkcji cyfrowej oraz profesjonalnych systemach testowych. Stale udoskonalamy nasz\u0105 platform\u0119 produkcyjn\u0105, doskonalimy procesy produkcyjne i dysponujemy silnym potencja\u0142em innowacyjnym. Dzi\u0119ki wysokiej wydajno\u015bci, precyzji i jako\u015bci, zaspokajamy zr\u00f3\u017cnicowane potrzeby naszych klient\u00f3w.<\/p>\n<p><img decoding=\"async\" src=\"https:\/\/www.hydraulic-cylinders.net\/wp-content\/uploads\/2025\/01\/songte-company-3.webp\" alt=\"Wizerunek firmy\"><\/p>\n<p>Nasz\u0105 firm\u0119 wyr\u00f3\u017cnia:<\/p>\n<ul>\n<li>Profesjonalizm<\/li>\n<li>Certyfikaty mi\u0119dzynarodowe<\/li>\n<li>Us\u0142ugi personalizacji<\/li>\n<li>Sprz\u0119t produkcyjny<\/li>\n<li>Us\u0142ugi posprzeda\u017cowe<\/li>\n<\/ul>\n<p>Autor: lyl<\/p>\n<p><\/body><br \/>\n<\/html><\/p>","protected":false},"excerpt":{"rendered":"<p>Bucket Cylinder For Zoomlion Large Excavator ZE700ESP Bucket Cylinder For Zoomlion Large Excavator ZE700ESP Introduction The bucket cylinder for Zoomlion large excavator ZE700ESP is a specially designed hydraulic cylinder used to control the movement of the bucket in heavy machinery such as excavators, backhoe loaders, and front-end loaders. Its main function is to enable the [&hellip;]<\/p>","protected":false},"featured_media":14785,"comment_status":"open","ping_status":"closed","template":"","meta":{"_et_pb_use_builder":"","_et_pb_old_content":"","_et_gb_content_width":""},"product_brand":[],"product_cat":[1494],"product_tag":[1495,1496],"class_list":{"0":"post-15510","1":"product","2":"type-product","3":"status-publish","4":"has-post-thumbnail","6":"product_cat-bucket-cylinders","7":"product_tag-bucket-cylinders","8":"product_tag-hydraulic-cylinders","10":"first","11":"instock","12":"shipping-taxable","13":"product-type-simple"},"amp_enabled":true,"_links":{"self":[{"href":"https:\/\/www.hydraulic-cylinders.net\/pl\/wp-json\/wp\/v2\/product\/15510","targetHints":{"allow":["GET"]}}],"collection":[{"href":"https:\/\/www.hydraulic-cylinders.net\/pl\/wp-json\/wp\/v2\/product"}],"about":[{"href":"https:\/\/www.hydraulic-cylinders.net\/pl\/wp-json\/wp\/v2\/types\/product"}],"replies":[{"embeddable":true,"href":"https:\/\/www.hydraulic-cylinders.net\/pl\/wp-json\/wp\/v2\/comments?post=15510"}],"wp:featuredmedia":[{"embeddable":true,"href":"https:\/\/www.hydraulic-cylinders.net\/pl\/wp-json\/wp\/v2\/media\/14785"}],"wp:attachment":[{"href":"https:\/\/www.hydraulic-cylinders.net\/pl\/wp-json\/wp\/v2\/media?parent=15510"}],"wp:term":[{"taxonomy":"product_brand","embeddable":true,"href":"https:\/\/www.hydraulic-cylinders.net\/pl\/wp-json\/wp\/v2\/product_brand?post=15510"},{"taxonomy":"product_cat","embeddable":true,"href":"https:\/\/www.hydraulic-cylinders.net\/pl\/wp-json\/wp\/v2\/product_cat?post=15510"},{"taxonomy":"product_tag","embeddable":true,"href":"https:\/\/www.hydraulic-cylinders.net\/pl\/wp-json\/wp\/v2\/product_tag?post=15510"}],"curies":[{"name":"wp","href":"https:\/\/api.w.org\/{rel}","templated":true}]}}