{"id":15511,"date":"2025-01-19T14:37:16","date_gmt":"2025-01-19T14:37:16","guid":{"rendered":"https:\/\/www.hydraulic-cylinders.net\/product\/bucket-cylinder-for-zoomlion-large-excavator-ze1250e\/"},"modified":"2025-01-19T14:37:18","modified_gmt":"2025-01-19T14:37:18","slug":"bucket-cylinder-for-zoomlion-large-excavator-ze1250e","status":"publish","type":"product","link":"https:\/\/www.hydraulic-cylinders.net\/pl\/produkt\/bucket-cylinder-for-zoomlion-large-excavator-ze1250e\/","title":{"rendered":"Si\u0142ownik \u0142y\u017cki do du\u017cej koparki Zoomlion ZE1250E"},"content":{"rendered":"<h1>Si\u0142ownik \u0142y\u017cki do du\u017cej koparki Zoomlion ZE1250E<\/h1>\n<h2>Wst\u0119p<\/h2>\n<h3>Definicja<\/h3>\n<p>Si\u0142ownik \u0142y\u017cki to rodzaj si\u0142ownika hydraulicznego specjalnie zaprojektowanego do sterowania ruchem \u0142y\u017cki w ci\u0119\u017ckich maszynach, takich jak koparki, koparko-\u0142adowarki i \u0142adowarki czo\u0142owe. Jego g\u0142\u00f3wn\u0105 funkcj\u0105 jest umo\u017cliwienie podnoszenia, opuszczania i przechylania \u0142y\u017cki, u\u0142atwiaj\u0105c maszynie prze\u0142adunek r\u00f3\u017cnorodnych materia\u0142\u00f3w. W uk\u0142adzie hydraulicznym si\u0142ownik \u0142y\u017cki steruje precyzyjnym ruchem \u0142y\u017cki poprzez zmiany ci\u015bnienia oleju hydraulicznego, umo\u017cliwiaj\u0105c operatorom wydajne przenoszenie ci\u0119\u017ckich \u0142adunk\u00f3w i dostosowywanie si\u0119 do z\u0142o\u017conych warunk\u00f3w pracy oraz zr\u00f3\u017cnicowanych potrzeb operacyjnych.<\/p>\n<p><img decoding=\"async\" src=\"https:\/\/www.hydraulic-cylinders.net\/wp-content\/uploads\/2025\/01\/songte-company-2.webp\" alt=\"Obraz cylindra wiadra\"><\/p>\n<h2>Cechy produktu<\/h2>\n<h3>Wysoka wytrzyma\u0142o\u015b\u0107 i trwa\u0142o\u015b\u0107<\/h3>\n<p>Cylindry czerpakowe s\u0105 zazwyczaj wykonane z wysokowytrzyma\u0142ej stali lub aluminium, co pozwala im wytrzyma\u0107 wysokie ci\u015bnienie i du\u017ce obci\u0105\u017cenia, przystosowa\u0107 si\u0119 do trudnych warunk\u00f3w pracy oraz zaprojektowa\u0107 je z my\u015bl\u0105 o odporno\u015bci na zu\u017cycie i korozj\u0119, co wyd\u0142u\u017ca ich \u017cywotno\u015b\u0107.<\/p>\n<h3>Wydajna praca hydrauliczna<\/h3>\n<p>Si\u0142ownik \u0142y\u017cki wykorzystuje ci\u015bnienie oleju hydraulicznego, aby zapewni\u0107 p\u0142ynne wysuwanie i wsuwanie, co pozwala mu szybko reagowa\u0107 na polecenia steruj\u0105ce, zapewnia du\u017c\u0105 si\u0142\u0119 pchania i ci\u0105gni\u0119cia oraz nadaje si\u0119 do przenoszenia ci\u0119\u017ckich \u0142adunk\u00f3w i wykonywania skomplikowanych zada\u0144 operacyjnych.<\/p>\n<h3>R\u00f3\u017cne typy<\/h3>\n<p>Si\u0142owniki kube\u0142kowe mog\u0105 by\u0107 jednostronnego dzia\u0142ania (hydraulika dzia\u0142a tylko w jednym kierunku) lub dwustronnego dzia\u0142ania (hydraulika dzia\u0142a w obu kierunkach), w zale\u017cno\u015bci od potrzeb eksploatacyjnych. Niekt\u00f3re modele s\u0105 teleskopowe, co pozwala na wi\u0119ksze wysuni\u0119cie bez zwi\u0119kszania wymiar\u00f3w zewn\u0119trznych, dzi\u0119ki czemu nadaj\u0105 si\u0119 do zastosowa\u0144 w ograniczonej przestrzeni.<\/p>\n<h3>Dost\u0119pno\u015b\u0107 produktu<\/h3>\n<p>Nasza firma zajmuje si\u0119 produkcj\u0105 i dostaw\u0105 szeregu modeli si\u0142ownik\u00f3w czerpakowych, kt\u00f3re doskonale mog\u0105 zast\u0105pi\u0107 si\u0142owniki hydrauliczne.<\/p>\n<p><img decoding=\"async\" src=\"https:\/\/www.hydraulic-cylinders.net\/wp-content\/uploads\/2025\/01\/songte-cylinder-head-with-all-kinds-excavator-models.webp\" alt=\"Modele cylindr\u00f3w kube\u0142kowych\"><\/p>\n<h2>Aplikacje<\/h2>\n<h3>Sprz\u0119t budowlany<\/h3>\n<p>W koparkach s\u0105 one niezb\u0119dne do kopania, za\u0142adunku i przemieszczania gleby lub gruzu. W koparko-\u0142adowarkach si\u0142ownik \u0142y\u017cki wspomaga kopanie i podnoszenie. W \u0142adowarkach czo\u0142owych u\u0142atwiaj\u0105 podnoszenie i opr\u00f3\u017cnianie \u0142adunku.<\/p>\n<h3>Maszyny rolnicze<\/h3>\n<p>Stosowany w \u0142adowarkach czo\u0142owych do nabierania, podnoszenia i transportu gleby, siana i innych materia\u0142\u00f3w. W koparkach si\u0142ownik \u0142y\u017cki umo\u017cliwia kopanie, pozwalaj\u0105c \u0142y\u017cce wnika\u0107 w gleb\u0119.<\/p>\n<h2>Zagadnienia projektowe i kryteria wyboru<\/h2>\n<h3>No\u015bno\u015b\u0107<\/h3>\n<p>Zdolno\u015b\u0107 cylindra \u0142y\u017cki do przenoszenia obci\u0105\u017ce\u0144 jest kluczowym czynnikiem konstrukcyjnym. Powinien on by\u0107 w stanie wytrzyma\u0107 si\u0142y generowane przez \u0142y\u017ck\u0119 i transportowane przez ni\u0105 materia\u0142y.<\/p>\n<h3>Opiecz\u0119towanie<\/h3>\n<p>Uszczelnienie cylindra \u0142y\u017cki jest kluczowe, poniewa\u017c je\u015bli cylinder nie jest dobrze uszczelniony, olej hydrauliczny mo\u017ce wycieka\u0107, a dzia\u0142anie cylindra mo\u017ce by\u0107 zagro\u017cone. Pier\u015bcie\u0144 uszczelniaj\u0105cy t\u0142oka, pier\u015bcie\u0144 uszczelniaj\u0105cy t\u0142oczyska i inne elementy uszczelniaj\u0105ce musz\u0105 by\u0107 wykonane z materia\u0142\u00f3w odpornych na zu\u017cycie i korozj\u0119.<\/p>\n<h3>Trwa\u0142o\u015b\u0107<\/h3>\n<p>Trwa\u0142o\u015b\u0107 cylindra czerpakowego jest kluczowym aspektem jego konstrukcji. Cylinder musi by\u0107 odporny na trudne warunki \u015brodowiskowe, takie jak ekstremalne temperatury, wilgo\u0107, s\u0142ona woda i inne substancje \u017cr\u0105ce, bez znacznego zu\u017cycia lub uszkodzenia.<\/p>\n<h3>Bezpiecze\u0144stwo<\/h3>\n<p>Cylinder wiadrowy musi by\u0107 zaprojektowany z my\u015bl\u0105 o bezpiecze\u0144stwie. Nale\u017cy zainstalowa\u0107 zabezpieczenia, takie jak zawory bezpiecze\u0144stwa, zawory zwrotne i inne urz\u0105dzenia zabezpieczaj\u0105ce, aby zapobiec przeci\u0105\u017ceniu cylindra lub spowodowaniu wypadku.<\/p>\n<h3>Konserwacja<\/h3>\n<p>Si\u0142ownik czerpaka powinien by\u0107 zaprojektowany z my\u015bl\u0105 o \u0142atwej konserwacji. Powinien by\u0107 \u0142atwo dost\u0119pny, \u0142atwy w demonta\u017cu i ponownym monta\u017cu, umo\u017cliwiaj\u0105c personelowi konserwacyjnemu \u0142atw\u0105 inspekcj\u0119, wymian\u0119 lub napraw\u0119 cz\u0119\u015bci.<\/p>\n<p><img decoding=\"async\" src=\"https:\/\/www.hydraulic-cylinders.net\/wp-content\/uploads\/2025\/01\/songte-oil-pipes-and-spare-parts.webp\" alt=\"Cz\u0119\u015bci cylindra \u0142y\u017cki\"><\/p>\n<h2>Uszczelnianie i smarowanie<\/h2>\n<p>Do uszczelnienia cylindra \u0142y\u017cki stosuje si\u0119 r\u00f3\u017cne uszczelnienia, takie jak pier\u015bcienie uszczelniaj\u0105ce t\u0142oka i pier\u015bcienie uszczelniaj\u0105ce t\u0142oczyska, wykonane z materia\u0142\u00f3w odpornych na zu\u017cycie, takich jak poliuretan i kauczuk nitrylowy. Korpus cylindra i powierzchnia gwintowanego otworu s\u0105 poddawane precyzyjnej obr\u00f3bce w celu zwi\u0119kszenia odporno\u015bci na zu\u017cycie. Regularnie uzupe\u0142niana jest odpowiednia ilo\u015b\u0107 oleju hydraulicznego w celu smarowania cylindra i zapewnienia p\u0142ynnej pracy.<\/p>\n<h2>Kontrola i \u015brodki konserwacji zapobiegawczej<\/h2>\n<p>Regularna konserwacja, smarowanie i wymiana zu\u017cytych uszczelnie\u0144 to podstawowe czynno\u015bci konserwacyjne si\u0142ownik\u00f3w kube\u0142kowych. Prawid\u0142owy monta\u017c, smarowanie i regulacja si\u0142ownika maj\u0105 kluczowe znaczenie dla jego wydajno\u015bci. Podczas monta\u017cu zaleca si\u0119 prawid\u0142owe ustawienie si\u0142ownika i u\u017cycie odpowiednich wspornik\u00f3w monta\u017cowych w celu jego zabezpieczenia. Zalecamy r\u00f3wnie\u017c przestrzeganie zalecanych procedur kontroli, napraw i wymiany, aby wyd\u0142u\u017cy\u0107 \u017cywotno\u015b\u0107 si\u0142ownika.<\/p>\n<p><img decoding=\"async\" src=\"https:\/\/www.hydraulic-cylinders.net\/wp-content\/uploads\/2025\/01\/songte-chushion-collar.webp\" alt=\"Ko\u0142nierz cylindra \u0142y\u017cki\"><\/p>\n<h2>Bezpiecze\u0144stwo i wzgl\u0119dy \u015brodowiskowe<\/h2>\n<p>Podczas u\u017cytkowania cylindr\u00f3w czerpakowych nale\u017cy zachowa\u0107 \u015brodki bezpiecze\u0144stwa, aby unikn\u0105\u0107 wypadk\u00f3w. Nale\u017cy zapewni\u0107 operatorom szkolenie, aby upewni\u0107 si\u0119, \u017ce rozumiej\u0105 oni zasady prawid\u0142owej obs\u0142ugi i procedury bezpiecze\u0144stwa. Prawid\u0142owa utylizacja zu\u017cytego oleju hydraulicznego, filtr\u00f3w i innych podzespo\u0142\u00f3w ma kluczowe znaczenie dla minimalizacji wp\u0142ywu na \u015brodowisko.<\/p>\n<h2>Rozwi\u0105zywanie problem\u00f3w i typowe problemy<\/h2>\n<p>Najcz\u0119stszymi problemami z si\u0142ownikami kube\u0142kowymi s\u0105 nieszczelno\u015bci, wadliwe uszczelnienia i uszkodzenia si\u0142ownika. Regularne kontrole i konserwacja mog\u0105 pom\u00f3c w zapobieganiu tym problemom. W przypadku wyst\u0105pienia problem\u00f3w, niezb\u0119dna jest ich szybka diagnoza i naprawa, aby zapobiec dalszym uszkodzeniom, kt\u00f3re mog\u0105 prowadzi\u0107 do awarii sprz\u0119tu.<\/p>\n<p><img decoding=\"async\" src=\"https:\/\/www.hydraulic-cylinders.net\/wp-content\/uploads\/2025\/01\/songte-bushings-with-all-kinds-of-excavator-models.webp\" alt=\"Tuleje cylindra \u0142y\u017cki\"><\/p>\n<h2>O naszej firmie<\/h2>\n<p>Jeste\u015bmy producentem zamiennych cylindr\u00f3w hydraulicznych, oferuj\u0105cym szerok\u0105 gam\u0119 produkt\u00f3w i staj\u0105c si\u0119 jednym z wiod\u0105cych producent\u00f3w i hurtownik\u00f3w cylindr\u00f3w hydraulicznych na rynku krajowym i mi\u0119dzynarodowym. Przestrzegamy zasady doskona\u0142o\u015bci jako\u015bci, opieramy si\u0119 na przemys\u0142owych strategiach zarz\u0105dzania produkcj\u0105 w precyzyjnych warsztatach produkcyjnych oraz stale udoskonalamy platform\u0119 produkcyjn\u0105 i proces jako\u015bci produkt\u00f3w, wykorzystuj\u0105c talenty technologiczne, cyfrowy sprz\u0119t produkcyjny wysokiej klasy oraz profesjonalne systemy testowe. Nasze produkty s\u0105 wydajne, precyzyjne i wysokiej jako\u015bci, spe\u0142niaj\u0105c zr\u00f3\u017cnicowane potrzeby klient\u00f3w.<\/p>\n<p><strong>Specjalno\u015b\u0107:<\/strong> Nasza firma specjalizuje si\u0119 w produkcji zamiennych cylindr\u00f3w hydraulicznych.<\/p>\n<p><strong>Certyfikacja mi\u0119dzynarodowa:<\/strong> Nasze produkty posiadaj\u0105 certyfikaty mi\u0119dzynarodowe, takie jak ISO, SGS i CE.<\/p>\n<p><strong>Us\u0142uga personalizacji:<\/strong> Oferujemy us\u0142ugi dostosowywania do wymaga\u0144 klienta.<\/p>\n<p><strong>Sprz\u0119t produkcyjny:<\/strong> Posiadamy zaawansowany sprz\u0119t produkcyjny, taki jak tokarki CNC, centra obr\u00f3bcze CNC i sprz\u0119t testowy.<\/p>\n<p><strong>Serwis posprzeda\u017cowy:<\/strong> Zapewniamy klientom wsparcie techniczne, serwis gwarancyjny i zdaln\u0105 pomoc techniczn\u0105. <\/p>\n<p><img decoding=\"async\" src=\"https:\/\/hzpt.com\/wp-content\/uploads\/2024\/11\/songte-company-1.webp\" alt=\"Wizerunek firmy\"><\/p>\n<p>Autor: lyl<\/p>","protected":false},"excerpt":{"rendered":"<p>Bucket Cylinder For Zoomlion Large Excavator ZE1250E Introduction Definition A bucket cylinder is a type of hydraulic cylinder specially designed for controlling the movement of the bucket in heavy machinery such as excavators, backhoes, and front-end loaders. Its primary function is to enable the bucket to be lifted, lowered, and tilted, making it easier for [&hellip;]<\/p>","protected":false},"featured_media":14784,"comment_status":"open","ping_status":"closed","template":"","meta":{"_et_pb_use_builder":"","_et_pb_old_content":"","_et_gb_content_width":""},"product_brand":[],"product_cat":[1494],"product_tag":[1495,1496],"class_list":{"0":"post-15511","1":"product","2":"type-product","3":"status-publish","4":"has-post-thumbnail","6":"product_cat-bucket-cylinders","7":"product_tag-bucket-cylinders","8":"product_tag-hydraulic-cylinders","10":"first","11":"instock","12":"shipping-taxable","13":"product-type-simple"},"amp_enabled":true,"_links":{"self":[{"href":"https:\/\/www.hydraulic-cylinders.net\/pl\/wp-json\/wp\/v2\/product\/15511","targetHints":{"allow":["GET"]}}],"collection":[{"href":"https:\/\/www.hydraulic-cylinders.net\/pl\/wp-json\/wp\/v2\/product"}],"about":[{"href":"https:\/\/www.hydraulic-cylinders.net\/pl\/wp-json\/wp\/v2\/types\/product"}],"replies":[{"embeddable":true,"href":"https:\/\/www.hydraulic-cylinders.net\/pl\/wp-json\/wp\/v2\/comments?post=15511"}],"wp:featuredmedia":[{"embeddable":true,"href":"https:\/\/www.hydraulic-cylinders.net\/pl\/wp-json\/wp\/v2\/media\/14784"}],"wp:attachment":[{"href":"https:\/\/www.hydraulic-cylinders.net\/pl\/wp-json\/wp\/v2\/media?parent=15511"}],"wp:term":[{"taxonomy":"product_brand","embeddable":true,"href":"https:\/\/www.hydraulic-cylinders.net\/pl\/wp-json\/wp\/v2\/product_brand?post=15511"},{"taxonomy":"product_cat","embeddable":true,"href":"https:\/\/www.hydraulic-cylinders.net\/pl\/wp-json\/wp\/v2\/product_cat?post=15511"},{"taxonomy":"product_tag","embeddable":true,"href":"https:\/\/www.hydraulic-cylinders.net\/pl\/wp-json\/wp\/v2\/product_tag?post=15511"}],"curies":[{"name":"wp","href":"https:\/\/api.w.org\/{rel}","templated":true}]}}