{"id":15527,"date":"2025-01-19T14:38:27","date_gmt":"2025-01-19T14:38:27","guid":{"rendered":"https:\/\/www.hydraulic-cylinders.net\/product\/bucket-cylinder-for-sunward-large-excavator-swe470elr\/"},"modified":"2025-01-19T14:38:29","modified_gmt":"2025-01-19T14:38:29","slug":"bucket-cylinder-for-sunward-large-excavator-swe470elr","status":"publish","type":"product","link":"https:\/\/www.hydraulic-cylinders.net\/pl\/produkt\/bucket-cylinder-for-sunward-large-excavator-swe470elr\/","title":{"rendered":"Si\u0142ownik \u0142y\u017cki do du\u017cej koparki Sunward SWE470ELR"},"content":{"rendered":"<p><html><\/p>\n<h1>Si\u0142ownik \u0142y\u017cki do du\u017cej koparki Sunward SWE470ELR<\/h1>\n<h2>Wst\u0119p<\/h2>\n<p>Si\u0142ownik \u0142y\u017cki to specjalnie zaprojektowany si\u0142ownik hydrauliczny s\u0142u\u017c\u0105cy do sterowania ruchem \u0142y\u017cki w ci\u0119\u017ckich maszynach, takich jak koparki, koparko-\u0142adowarki i \u0142adowarki czo\u0142owe. Jego g\u0142\u00f3wn\u0105 funkcj\u0105 jest podnoszenie, opuszczanie i przechylanie \u0142y\u017cki, u\u0142atwiaj\u0105c wykonywanie r\u00f3\u017cnych zada\u0144 zwi\u0105zanych z prze\u0142adunkiem materia\u0142\u00f3w. W uk\u0142adzie hydraulicznym si\u0142ownik \u0142y\u017cki zapewnia precyzyjn\u0105 kontrol\u0119 nad \u0142y\u017ck\u0105, wykorzystuj\u0105c zmiany ci\u015bnienia oleju hydraulicznego, umo\u017cliwiaj\u0105c operatorom wydajne przenoszenie ci\u0119\u017ckich \u0142adunk\u00f3w i dostosowywanie si\u0119 do z\u0142o\u017conych warunk\u00f3w pracy oraz zr\u00f3\u017cnicowanych wymaga\u0144 operacyjnych.<\/p>\n<p><img decoding=\"async\" src=\"https:\/\/www.hydraulic-cylinders.net\/wp-content\/uploads\/2025\/01\/songte-company-2.webp\" alt=\"Obraz cylindra wiadra\"><\/p>\n<h2>Cechy<\/h2>\n<ul>\n<li>Wysoka wytrzyma\u0142o\u015b\u0107 i trwa\u0142o\u015b\u0107: Zazwyczaj wykonany z wysokowytrzyma\u0142ej stali lub aluminium, wytrzymuje wysokie ci\u015bnienie i du\u017ce obci\u0105\u017cenia, dostosowuj\u0105c si\u0119 do trudnych warunk\u00f3w pracy. Konstrukcja uwzgl\u0119dnia odporno\u015b\u0107 na zu\u017cycie i korozj\u0119, co wyd\u0142u\u017ca jego \u017cywotno\u015b\u0107.<\/li>\n<li>Wydajna praca uk\u0142adu hydraulicznego: Wykorzystuj\u0105c ci\u015bnienie oleju hydraulicznego do uzyskania p\u0142ynnych ruch\u00f3w wysuwania i wsuwania, uk\u0142ad mo\u017ce szybko reagowa\u0107 na polecenia steruj\u0105ce, zapewniaj\u0105c du\u017ce si\u0142y pchaj\u0105ce i ci\u0105gn\u0105ce, odpowiednie do obs\u0142ugi ci\u0119\u017ckich \u0142adunk\u00f3w i wykonywania skomplikowanych zada\u0144.<\/li>\n<li>R\u00f3\u017cne typy: Si\u0142owniki czerpakowe mo\u017cna wybra\u0107 jako si\u0142owniki jednostronnego dzia\u0142ania (hydraulika dzia\u0142a tylko w jednym kierunku) lub dwustronnego dzia\u0142ania (hydraulika dzia\u0142a w dw\u00f3ch kierunkach), w zale\u017cno\u015bci od potrzeb, spe\u0142niaj\u0105c r\u00f3\u017cne wymagania operacyjne. Niekt\u00f3re modele s\u0105 teleskopowe, co pozwala na wi\u0119ksze wysuni\u0119cie bez zwi\u0119kszania wymiar\u00f3w zewn\u0119trznych, dzi\u0119ki czemu nadaj\u0105 si\u0119 do zastosowa\u0144 w ograniczonej przestrzeni.<\/li>\n<li>Idealna wymiana: Nasze produkty mog\u0105 idealnie zast\u0105pi\u0107 te cylindry hydrauliczne.<\/li>\n<\/ul>\n<p><img decoding=\"async\" src=\"https:\/\/www.hydraulic-cylinders.net\/wp-content\/uploads\/2025\/01\/songte-cylinder-head-with-all-kinds-excavator-models.webp\" alt=\"Obraz produktu\"><\/p>\n<h2>Aplikacje<\/h2>\n<h3>Sprz\u0119t budowlany<\/h3>\n<p>Si\u0142owniki \u0142y\u017cki s\u0105 niezb\u0119dne w koparkach do kopania, za\u0142adunku i przemieszczania gleby lub gruzu. W koparko-\u0142adowarkach si\u0142ownik \u0142y\u017cki wspomaga zar\u00f3wno kopanie, jak i podnoszenie.<\/p>\n<h3>Maszyny rolnicze<\/h3>\n<p>Stosowany w \u0142adowarkach czo\u0142owych do nabierania, podnoszenia i transportu ziemi, siana i innych materia\u0142\u00f3w.<\/p>\n<h3>Koparki<\/h3>\n<p>Si\u0142ownik \u0142y\u017cki umo\u017cliwia kopanie poprzez umo\u017cliwienie \u0142y\u017cce zag\u0142\u0119biania si\u0119 w gleb\u0119.<\/p>\n<h3>\u0141adowarki<\/h3>\n<p>W \u0142adowarkach czo\u0142owych pomagaj\u0105 w wydajnym podnoszeniu i wysypywaniu towar\u00f3w.<\/p>\n<h2>Zagadnienia projektowe i kryteria wyboru<\/h2>\n<ul>\n<li>No\u015bno\u015b\u0107: Om\u00f3w zdolno\u015b\u0107 do wytrzymywania du\u017cych obci\u0105\u017ce\u0144.<\/li>\n<li>Uszczelnienie: Om\u00f3w znaczenie prawid\u0142owego uszczelnienia w celu zapobiegania przeciekom.<\/li>\n<li>Trwa\u0142o\u015b\u0107: Om\u00f3w zagadnienia zwi\u0105zane z projektowaniem, maj\u0105ce na celu zapewnienie d\u0142ugotrwa\u0142ej wydajno\u015bci.<\/li>\n<li>Bezpiecze\u0144stwo: Om\u00f3w zagadnienia bezpiecze\u0144stwa zwi\u0105zane z projektowaniem cylindra czerpakowego.<\/li>\n<li>\u0141atwo\u015b\u0107 konserwacji: Om\u00f3w \u0142atwo\u015b\u0107 konserwacji i naprawy cylindra \u0142y\u017cki.<\/li>\n<\/ul>\n<p><img decoding=\"async\" src=\"https:\/\/www.hydraulic-cylinders.net\/wp-content\/uploads\/2025\/01\/songte-oil-pipes-and-spare-parts.webp\" alt=\"Projekt i wizerunek cz\u0119\u015bci zamiennych\"><\/p>\n<h2>Uszczelnianie i smarowanie<\/h2>\n<p>W cylindrze czerpakowym zastosowano r\u00f3\u017cnorodne elementy uszczelniaj\u0105ce, takie jak uszczelnienia t\u0142oka i t\u0142oczyska, wykonane z materia\u0142\u00f3w odpornych na zu\u017cycie, takich jak poliuretan i kauczuk nitrylowy. Korpus cylindra i gwintowane ko\u0144c\u00f3wki s\u0105 precyzyjnie obrobione w celu zwi\u0119kszenia odporno\u015bci na zu\u017cycie. Aby zapewni\u0107 p\u0142ynn\u0105 prac\u0119, wymagane jest regularne smarowanie odpowiedni\u0105 ilo\u015bci\u0105 oleju hydraulicznego.<\/p>\n<h2>Regularne kontrole i konserwacja zapobiegawcza<\/h2>\n<p>Regularne kontrole i dzia\u0142ania konserwacyjne s\u0105 niezb\u0119dne dla zapewnienia optymalnej wydajno\u015bci i trwa\u0142o\u015bci si\u0142ownika \u0142y\u017cki. Dzia\u0142ania te obejmuj\u0105:<\/p>\n<ul>\n<li>Regularna kontrola podzespo\u0142\u00f3w cylindra.<\/li>\n<li>Prawid\u0142owe smarowanie ruchomych cz\u0119\u015bci.<\/li>\n<li>W razie konieczno\u015bci wymie\u0144 uszczelk\u0119.<\/li>\n<li>Kontrole kalibracji w celu utrzymania dok\u0142adno\u015bci.<\/li>\n<\/ul>\n<p><img decoding=\"async\" src=\"https:\/\/www.hydraulic-cylinders.net\/wp-content\/uploads\/2025\/01\/songte-chushion-collar.webp\" alt=\"Wskaz\u00f3wki dotycz\u0105ce konserwacji Obraz\"><\/p>\n<h2>Zagadnienia bezpiecze\u0144stwa i czynniki \u015brodowiskowe<\/h2>\n<p>Podczas obs\u0142ugi cylindra \u0142y\u017cki, przestrzeganie zasad bezpiecze\u0144stwa jest kluczowe dla zapobiegania wypadkom i zapewnienia bezpiecznego \u015brodowiska pracy. Nale\u017cy wzi\u0105\u0107 pod uwag\u0119 odpowiednie przeszkolenie, przestrzeganie wytycznych bezpiecze\u0144stwa oraz stosowanie \u015brodk\u00f3w ochrony indywidualnej.<\/p>\n<h2>Diagnostyka usterek i rozwi\u0105zywanie problem\u00f3w<\/h2>\n<p>Nale\u017cy om\u00f3wi\u0107 typowe usterki i problemy, kt\u00f3re mog\u0105 wyst\u0105pi\u0107 w si\u0142owniku \u0142y\u017cki, a tak\u017ce udzieli\u0107 wskaz\u00f3wek dotycz\u0105cych rozwi\u0105zywania tych problem\u00f3w. Dodatkowo nale\u017cy zaproponowa\u0107 \u015brodki zapobiegawcze w celu zminimalizowania potencjalnych problem\u00f3w.<\/p>\n<p><img decoding=\"async\" src=\"https:\/\/www.hydraulic-cylinders.net\/wp-content\/uploads\/2025\/01\/songte-bushings-with-all-kinds-of-excavator-models.webp\" alt=\"Diagnostyka usterek i rozwi\u0105zywanie problem\u00f3w Obraz\"><\/p>\n<h2>Przewodnik instalacji<\/h2>\n<p>Nale\u017cy dostarczy\u0107 kompleksow\u0105 instrukcj\u0119 monta\u017cu si\u0142ownika kube\u0142kowego, zawieraj\u0105c\u0105 instrukcje dotycz\u0105ce ustawienia oraz zalecenia dotycz\u0105ce u\u017cycia odpowiednich wspornik\u00f3w monta\u017cowych do zabezpieczenia si\u0142ownika. Nale\u017cy r\u00f3wnie\u017c poda\u0107 zalecane procedury kontroli, naprawy i wymiany, aby wyd\u0142u\u017cy\u0107 \u017cywotno\u015b\u0107 si\u0142ownika kube\u0142kowego. Nale\u017cy r\u00f3wnie\u017c uwzgl\u0119dni\u0107 wskaz\u00f3wki dotycz\u0105ce wymiany cz\u0119\u015bci i regeneracji.<\/p>\n<h2>Regularne zadania konserwacyjne<\/h2>\n<p>Wymie\u0144 i om\u00f3w trzy typowe czynno\u015bci konserwacyjne, takie jak regularne przegl\u0105dy, odpowiednie smarowanie, wymiana uszczelek i kontrola kalibracji. Podkre\u015bl znaczenie prawid\u0142owej instalacji, smarowania i regulacji. Udziel wskaz\u00f3wek dotycz\u0105cych prawid\u0142owego ustawienia cylindra podczas instalacji i zalec u\u017cycie odpowiednich wspornik\u00f3w monta\u017cowych do zabezpieczenia cylindra. Nale\u017cy poda\u0107 zalecane procedury kontroli, naprawy i wymiany, a tak\u017ce wskaz\u00f3wki dotycz\u0105ce wyd\u0142u\u017cenia \u017cywotno\u015bci cylindra kube\u0142kowego.<\/p>\n<p><img decoding=\"async\" src=\"https:\/\/www.hydraulic-cylinders.net\/wp-content\/uploads\/2025\/01\/songte-company-1.webp\" alt=\"Obraz regularnych zada\u0144 konserwacyjnych\"><\/p>\n<h2>Nasza firma<\/h2>\n<p>Jeste\u015bmy producentem zamiennych cylindr\u00f3w hydraulicznych, oferuj\u0105cym szerok\u0105 gam\u0119 produkt\u00f3w. Stali\u015bmy si\u0119 jednym z wiod\u0105cych producent\u00f3w i hurtowych dystrybutor\u00f3w cylindr\u00f3w hydraulicznych na rynku krajowym i mi\u0119dzynarodowym. Nasza firma przestrzega zasad doskona\u0142ej jako\u015bci i opiera si\u0119 na zindustrializowanych strategiach zarz\u0105dzania produkcj\u0105 w naszym nowoczesnym zak\u0142adzie produkcyjnym. Dzi\u0119ki wykorzystaniu talent\u00f3w technologicznych, cyfrowego, zaawansowanego sprz\u0119tu produkcyjnego oraz profesjonalnych system\u00f3w testowych, stale ulepszamy nasz\u0105 platform\u0119 produkcyjn\u0105 i podnosimy jako\u015b\u0107 naszych produkt\u00f3w. Nasza firma charakteryzuje si\u0119 silnym potencja\u0142em innowacyjnym i d\u0105\u017cy do zaspokojenia zr\u00f3\u017cnicowanych potrzeb klient\u00f3w, zapewniaj\u0105c wysok\u0105 wydajno\u015b\u0107, precyzj\u0119 i jako\u015b\u0107.<\/p>\n<p><img decoding=\"async\" src=\"https:\/\/www.hydraulic-cylinders.net\/wp-content\/uploads\/2025\/01\/songte-company-3.webp\" alt=\"Wizerunek firmy\"><\/p>\n<p>Dodatkowe informacje o naszej firmie:<\/p>\n<ul>\n<li>Profesjonalizm i fachowo\u015b\u0107<\/li>\n<li>Certyfikaty mi\u0119dzynarodowe<\/li>\n<li>Us\u0142ugi personalizacji<\/li>\n<li>Sprz\u0119t produkcyjny<\/li>\n<li>Serwis posprzeda\u017cowy<\/li>\n<\/ul>\n<p>Autor: lyl<\/p>\n<p><\/html><\/p>","protected":false},"excerpt":{"rendered":"<p>Bucket Cylinder For Sunward Large Excavator SWE470ELR Introduction A bucket cylinder is a specially designed hydraulic cylinder used to control the movement of the bucket in heavy machinery such as excavators, backhoe loaders, and front-end loaders. Its main function is to enable the bucket to be lifted, lowered, and tilted, making it easier to handle [&hellip;]<\/p>","protected":false},"featured_media":14782,"comment_status":"open","ping_status":"closed","template":"","meta":{"_et_pb_use_builder":"","_et_pb_old_content":"","_et_gb_content_width":""},"product_brand":[],"product_cat":[1494],"product_tag":[1495,1496],"class_list":{"0":"post-15527","1":"product","2":"type-product","3":"status-publish","4":"has-post-thumbnail","6":"product_cat-bucket-cylinders","7":"product_tag-bucket-cylinders","8":"product_tag-hydraulic-cylinders","10":"first","11":"instock","12":"shipping-taxable","13":"product-type-simple"},"amp_enabled":true,"_links":{"self":[{"href":"https:\/\/www.hydraulic-cylinders.net\/pl\/wp-json\/wp\/v2\/product\/15527","targetHints":{"allow":["GET"]}}],"collection":[{"href":"https:\/\/www.hydraulic-cylinders.net\/pl\/wp-json\/wp\/v2\/product"}],"about":[{"href":"https:\/\/www.hydraulic-cylinders.net\/pl\/wp-json\/wp\/v2\/types\/product"}],"replies":[{"embeddable":true,"href":"https:\/\/www.hydraulic-cylinders.net\/pl\/wp-json\/wp\/v2\/comments?post=15527"}],"wp:featuredmedia":[{"embeddable":true,"href":"https:\/\/www.hydraulic-cylinders.net\/pl\/wp-json\/wp\/v2\/media\/14782"}],"wp:attachment":[{"href":"https:\/\/www.hydraulic-cylinders.net\/pl\/wp-json\/wp\/v2\/media?parent=15527"}],"wp:term":[{"taxonomy":"product_brand","embeddable":true,"href":"https:\/\/www.hydraulic-cylinders.net\/pl\/wp-json\/wp\/v2\/product_brand?post=15527"},{"taxonomy":"product_cat","embeddable":true,"href":"https:\/\/www.hydraulic-cylinders.net\/pl\/wp-json\/wp\/v2\/product_cat?post=15527"},{"taxonomy":"product_tag","embeddable":true,"href":"https:\/\/www.hydraulic-cylinders.net\/pl\/wp-json\/wp\/v2\/product_tag?post=15527"}],"curies":[{"name":"wp","href":"https:\/\/api.w.org\/{rel}","templated":true}]}}