{"id":15532,"date":"2025-01-19T14:38:53","date_gmt":"2025-01-19T14:38:53","guid":{"rendered":"https:\/\/www.hydraulic-cylinders.net\/product\/bucket-cylinder-for-sunward-hybrid-excavator-swe350es\/"},"modified":"2025-01-19T14:38:55","modified_gmt":"2025-01-19T14:38:55","slug":"bucket-cylinder-for-sunward-hybrid-excavator-swe350es","status":"publish","type":"product","link":"https:\/\/www.hydraulic-cylinders.net\/pl\/produkt\/bucket-cylinder-for-sunward-hybrid-excavator-swe350es\/","title":{"rendered":"Si\u0142ownik \u0142y\u017cki do koparki hybrydowej Sunward SWE350ES"},"content":{"rendered":"<p><!DOCTYPE html><br \/>\n<html><br \/>\n<head><br \/>\n<title>Si\u0142ownik \u0142y\u017cki do koparki hybrydowej Sunward SWE350ES<\/title><br \/>\n<\/head><br \/>\n<body><\/p>\n<h1>Si\u0142ownik \u0142y\u017cki do koparki hybrydowej Sunward SWE350ES<\/h1>\n<h2>Wst\u0119p<\/h2>\n<p>Si\u0142ownik \u0142y\u017cki to specjalnie zaprojektowany si\u0142ownik hydrauliczny, kt\u00f3ry s\u0142u\u017cy g\u0142\u00f3wnie do sterowania ruchem \u0142y\u017cki w ci\u0119\u017ckich maszynach, takich jak koparki, koparko-\u0142adowarki i \u0142adowarki czo\u0142owe. Jego g\u0142\u00f3wn\u0105 funkcj\u0105 jest umo\u017cliwienie podnoszenia, opuszczania i przechylania \u0142y\u017cki, u\u0142atwiaj\u0105c wykonywanie r\u00f3\u017cnych zada\u0144 zwi\u0105zanych z prze\u0142adunkiem materia\u0142\u00f3w. W uk\u0142adzie hydraulicznym si\u0142ownik \u0142y\u017cki zapewnia precyzyjn\u0105 kontrol\u0119 nad \u0142y\u017ck\u0105, wykorzystuj\u0105c zmiany ci\u015bnienia oleju hydraulicznego, umo\u017cliwiaj\u0105c operatorom wydajne przenoszenie ci\u0119\u017ckich \u0142adunk\u00f3w i dostosowywanie si\u0119 do z\u0142o\u017conych warunk\u00f3w pracy oraz zr\u00f3\u017cnicowanych wymaga\u0144.<\/p>\n<p><img decoding=\"async\" src=\"https:\/\/www.hydraulic-cylinders.net\/wp-content\/uploads\/2025\/01\/songte-company-2.webp\" alt=\"Obraz cylindra wiadra\"><\/p>\n<h2>Cechy cylindra \u0142y\u017cki do koparki hybrydowej Sunward SWE350ES<\/h2>\n<ul>\n<li>Wysoka wytrzyma\u0142o\u015b\u0107 i trwa\u0142o\u015b\u0107: Zazwyczaj wykonany z wysokowytrzyma\u0142ej stali lub aluminium, si\u0142ownik \u0142y\u017cki wytrzymuje wysokie ci\u015bnienie i du\u017ce obci\u0105\u017cenia, dostosowuj\u0105c si\u0119 do trudnych warunk\u00f3w pracy. Konstrukcja uwzgl\u0119dnia odporno\u015b\u0107 na zu\u017cycie i korozj\u0119, aby wyd\u0142u\u017cy\u0107 jego \u017cywotno\u015b\u0107.<\/li>\n<li>Wydajna praca uk\u0142adu hydraulicznego: Dzi\u0119ki wykorzystaniu ci\u015bnienia oleju hydraulicznego si\u0142ownik \u0142y\u017cki wykonuje p\u0142ynne ruchy teleskopowe, szybko reaguje na polecenia steruj\u0105ce, zapewnia du\u017c\u0105 si\u0142\u0119 pchania i ci\u0105gni\u0119cia oraz nadaje si\u0119 do podnoszenia ci\u0119\u017ckich \u0142adunk\u00f3w i wykonywania skomplikowanych zada\u0144.<\/li>\n<li>R\u00f3\u017cne typy: Si\u0142owniki jednostronnego dzia\u0142ania (hydrauliczne dzia\u0142aj\u0105ce tylko w jednym kierunku) lub dwustronnego dzia\u0142ania (hydrauliczne dzia\u0142aj\u0105ce w obu kierunkach) mo\u017cna dobra\u0107 w zale\u017cno\u015bci od konkretnych potrzeb operacyjnych. Niekt\u00f3re modele s\u0105 teleskopowe, co pozwala na wi\u0119ksze wysuni\u0119cie bez zwi\u0119kszania wymiar\u00f3w zewn\u0119trznych, dzi\u0119ki czemu nadaj\u0105 si\u0119 do zastosowa\u0144 w ograniczonej przestrzeni.<\/li>\n<li>Idealna wymiana: Nasz produkt mo\u017ce idealnie zast\u0105pi\u0107 te cylindry hydrauliczne.<\/li>\n<\/ul>\n<p><img decoding=\"async\" src=\"https:\/\/www.hydraulic-cylinders.net\/wp-content\/uploads\/2025\/01\/songte-cylinder-head-with-all-kinds-excavator-models.webp\" alt=\"Obraz g\u0142owicy cylindra\"><\/p>\n<h2>Zastosowania cylindra \u0142y\u017cki do koparki hybrydowej Sunward SWE350ES<\/h2>\n<p>Cylinder kube\u0142kowy znajduje zastosowanie w r\u00f3\u017cnorodnych urz\u0105dzeniach:<\/p>\n<ul>\n<li>Sprz\u0119t budowlany: Znajduj\u0105 si\u0119 w koparkach i s\u0105 niezb\u0119dne do kopania, za\u0142adunku i przemieszczania gleby lub gruzu. W koparko-\u0142adowarkach si\u0142ownik \u0142y\u017cki wspomaga zar\u00f3wno kopanie, jak i podnoszenie.<\/li>\n<li>Maszyny rolnicze: Stosowane w \u0142adowarkach czo\u0142owych do nabierania, podnoszenia i transportu gleby, siana i innych materia\u0142\u00f3w.<\/li>\n<li>Koparki: Cylinder \u0142y\u017cki umo\u017cliwia kopanie poprzez umo\u017cliwienie \u0142y\u017cce wnikania w gleb\u0119.<\/li>\n<li>\u0141adowarki czo\u0142owe: W \u0142adowarkach czo\u0142owych pomagaj\u0105 w efektywnym podnoszeniu i wysypywaniu towar\u00f3w.<\/li>\n<\/ul>\n<h2>Zagadnienia projektowe i kryteria wyboru<\/h2>\n<p>Przy rozwa\u017caniu kwestii projektowych i kryteri\u00f3w doboru cylindr\u00f3w kube\u0142kowych bierze si\u0119 pod uwag\u0119 kilka czynnik\u00f3w:<\/p>\n<ul>\n<li>No\u015bno\u015b\u0107: Cylinder powinien by\u0107 zaprojektowany tak, aby wytrzyma\u0107 zamierzone obci\u0105\u017cenie i warunki pracy.<\/li>\n<li>Uszczelnienie: Stosowane s\u0105 r\u00f3\u017cne elementy uszczelniaj\u0105ce, takie jak uszczelnienia t\u0142ok\u00f3w i t\u0142oczysk. Uszczelnienia te wykonane s\u0105 z materia\u0142\u00f3w odpornych na zu\u017cycie, takich jak poliuretan i kauczuk nitrylowy. Korpus cylindra i gwintowane powierzchnie ko\u0144cowe s\u0105 precyzyjnie obrabiane w celu zwi\u0119kszenia odporno\u015bci na zu\u017cycie.<\/li>\n<li>Trwa\u0142o\u015b\u0107: Si\u0142ownik \u0142y\u017cki zaprojektowano tak, aby by\u0142 trwa\u0142y i odporny na zu\u017cycie i uszkodzenia wyst\u0119puj\u0105ce w trudnych warunkach.<\/li>\n<li>Bezpiecze\u0144stwo: Konstrukcja zawiera elementy bezpiecze\u0144stwa gwarantuj\u0105ce bezpieczn\u0105 obs\u0142ug\u0119 cylindra \u0142y\u017cki.<\/li>\n<li>\u0141atwo\u015b\u0107 konserwacji: Brano pod uwag\u0119 \u0142atwo\u015b\u0107 konserwacji i naprawy cylindra czerpaka.<\/li>\n<\/ul>\n<p><img decoding=\"async\" src=\"https:\/\/www.hydraulic-cylinders.net\/wp-content\/uploads\/2025\/01\/songte-oil-pipes-and-spare-parts.webp\" alt=\"Rury olejowe i cz\u0119\u015bci zamienne Obraz\"><\/p>\n<h2>Uszczelnianie i smarowanie cylindra czerpaka<\/h2>\n<p>W si\u0142owniku kube\u0142kowym zastosowano r\u00f3\u017cnorodne elementy uszczelniaj\u0105ce, w tym uszczelnienia t\u0142oka i t\u0142oczyska, wykonane z materia\u0142\u00f3w odpornych na zu\u017cycie, takich jak poliuretan i kauczuk nitrylowy. Korpus si\u0142ownika i gwintowane powierzchnie ko\u0144cowe s\u0105 precyzyjnie obrobione, aby zwi\u0119kszy\u0107 odporno\u015b\u0107 na zu\u017cycie. Regularne smarowanie odpowiednim olejem hydraulicznym jest niezb\u0119dne dla zapewnienia p\u0142ynnej pracy.<\/p>\n<h2>Konserwacja i \u015brodki ostro\u017cno\u015bci<\/h2>\n<p>Regularne przegl\u0105dy i konserwacja zapobiegawcza s\u0105 niezb\u0119dne dla optymalnej wydajno\u015bci i trwa\u0142o\u015bci si\u0142ownika \u0142y\u017cki. Niekt\u00f3re zalecane \u015brodki obejmuj\u0105:<\/p>\n<ul>\n<li>Regularne kontrole: Sprawd\u017a cylinder \u0142y\u017cki pod k\u0105tem oznak zu\u017cycia lub uszkodzenia.<\/li>\n<li>Prawid\u0142owe smarowanie: nale\u017cy upewni\u0107 si\u0119, \u017ce cylinder \u0142y\u017cki jest odpowiednio smarowany, aby zapobiec nadmiernemu zu\u017cyciu.<\/li>\n<li>Wymiana uszczelek: Wymieniaj uszczelki, gdy jest to konieczne, aby zapewni\u0107 prawid\u0142owe funkcjonowanie.<\/li>\n<li>Kontrole kalibracji: Nale\u017cy okresowo sprawdza\u0107 i kalibrowa\u0107 cylinder \u0142y\u017cki, aby zapewni\u0107 jego dok\u0142adne dzia\u0142anie.<\/li>\n<\/ul>\n<p><img decoding=\"async\" src=\"https:\/\/www.hydraulic-cylinders.net\/wp-content\/uploads\/2025\/01\/songte-chushion-collar.webp\" alt=\"Obraz ko\u0142nierza Chushion\"><\/p>\n<h2>Zagadnienia bezpiecze\u0144stwa i czynniki \u015brodowiskowe<\/h2>\n<p>Podczas u\u017cytkowania si\u0142ownika czerpakowego nale\u017cy priorytetowo traktowa\u0107 \u015brodki bezpiecze\u0144stwa, aby zapobiega\u0107 wypadkom i zapewni\u0107 bezpieczne \u015brodowisko pracy. Kluczowe jest r\u00f3wnie\u017c uwzgl\u0119dnienie czynnik\u00f3w \u015brodowiskowych, takich jak prawid\u0142owa utylizacja p\u0142yn\u00f3w hydraulicznych i przestrzeganie przepis\u00f3w ochrony \u015brodowiska.<\/p>\n<h2>Rozwi\u0105zywanie problem\u00f3w i typowe problemy<\/h2>\n<p>W przypadku problem\u00f3w z cylindrem \u0142y\u017cki, metody rozwi\u0105zywania problem\u00f3w mog\u0105 pom\u00f3c w ich diagnozie i skutecznym rozwi\u0105zaniu. Oto kilka wskaz\u00f3wek i rozwi\u0105za\u0144:<\/p>\n<ul>\n<li>Regularne kontrole: Przeprowadzaj regularne kontrole, aby identyfikowa\u0107 potencjalne problemy zanim si\u0119 nasil\u0105.<\/li>\n<li>Prawid\u0142owe rozwi\u0105zywanie problem\u00f3w: Post\u0119puj zgodnie z prawid\u0142owymi procedurami rozwi\u0105zywania problem\u00f3w, aby dok\u0142adnie zdiagnozowa\u0107 i rozwi\u0105za\u0107 problemy.<\/li>\n<li>\u015arodki zapobiegawcze: Wdra\u017canie \u015brodk\u00f3w zapobiegawczych w celu zminimalizowania potencjalnych problem\u00f3w.<\/li>\n<\/ul>\n<p><img decoding=\"async\" src=\"https:\/\/www.hydraulic-cylinders.net\/wp-content\/uploads\/2025\/01\/songte-bushings-with-all-kinds-of-excavator-models.webp\" alt=\"Obraz tulei\"><\/p>\n<h2>O naszej firmie<\/h2>\n<p>Jeste\u015bmy wiod\u0105cym producentem i hurtowym dystrybutorem si\u0142ownik\u00f3w hydraulicznych na rynku krajowym i mi\u0119dzynarodowym. Oferujemy szerok\u0105 gam\u0119 produkt\u00f3w i szczycimy si\u0119 naszym zaanga\u017cowaniem w d\u0105\u017ceniu do doskona\u0142o\u015bci jako\u015bci. Dzi\u0119ki najnowocze\u015bniejszemu warsztatowi produkcyjnemu, zespo\u0142owi wykwalifikowanych specjalist\u00f3w, zaawansowanemu sprz\u0119towi produkcyjnemu i profesjonalnemu systemowi testowania, stale ulepszamy nasz\u0105 platform\u0119 produkcyjn\u0105 i lini\u0119 produkcyjn\u0105 pod k\u0105tem jako\u015bci produkt\u00f3w. Dysponujemy du\u017cymi mocami produkcyjnymi i d\u0105\u017cymy do zaspokojenia zr\u00f3\u017cnicowanych potrzeb naszych klient\u00f3w, zapewniaj\u0105c wydajno\u015b\u0107, precyzj\u0119 i wysok\u0105 jako\u015b\u0107 produkt\u00f3w.<\/p>\n<p><img decoding=\"async\" src=\"https:\/\/www.hydraulic-cylinders.net\/wp-content\/uploads\/2025\/01\/songte-company-3.webp\" alt=\"Wizerunek firmy\"><\/p>\n<h3>Najwa\u017cniejsze cechy naszej firmy:<\/h3>\n<ul>\n<li>Profesjonalizm: W naszych dzia\u0142aniach przestrzegamy wysokich standard\u00f3w profesjonalizmu.<\/li>\n<li>Certyfikaty mi\u0119dzynarodowe: Nasze produkty spe\u0142niaj\u0105 mi\u0119dzynarodowe certyfikaty i normy jako\u015bci.<\/li>\n<li>Us\u0142ugi dostosowywania: Oferujemy rozwi\u0105zania dostosowane do indywidualnych potrzeb klient\u00f3w.<\/li>\n<li>Zaawansowany sprz\u0119t produkcyjny: Wykorzystujemy zaawansowany sprz\u0119t produkcyjny, aby zapewni\u0107 produkcj\u0119 wysokiej jako\u015bci.<\/li>\n<li>Serwis posprzeda\u017cowy: Zapewniamy kompleksowy serwis posprzeda\u017cowy, aby zagwarantowa\u0107 satysfakcj\u0119 klienta.<\/li>\n<\/ul>\n<p>Autor: lyl<\/p>\n<p><\/body><br \/>\n<\/html><\/p>","protected":false},"excerpt":{"rendered":"<p>Bucket Cylinder For Sunward Hybrid Excavator SWE350ES Bucket Cylinder For Sunward Hybrid Excavator SWE350ES Introduction A bucket cylinder is a specially designed hydraulic cylinder that is primarily used to control the movement of buckets in heavy machinery such as excavators, backhoe loaders, and front-end loaders. Its main function is to enable the bucket to perform [&hellip;]<\/p>","protected":false},"featured_media":14771,"comment_status":"open","ping_status":"closed","template":"","meta":{"_et_pb_use_builder":"","_et_pb_old_content":"","_et_gb_content_width":""},"product_brand":[],"product_cat":[1494],"product_tag":[1495,1496],"class_list":{"0":"post-15532","1":"product","2":"type-product","3":"status-publish","4":"has-post-thumbnail","6":"product_cat-bucket-cylinders","7":"product_tag-bucket-cylinders","8":"product_tag-hydraulic-cylinders","10":"first","11":"instock","12":"shipping-taxable","13":"product-type-simple"},"amp_enabled":true,"_links":{"self":[{"href":"https:\/\/www.hydraulic-cylinders.net\/pl\/wp-json\/wp\/v2\/product\/15532","targetHints":{"allow":["GET"]}}],"collection":[{"href":"https:\/\/www.hydraulic-cylinders.net\/pl\/wp-json\/wp\/v2\/product"}],"about":[{"href":"https:\/\/www.hydraulic-cylinders.net\/pl\/wp-json\/wp\/v2\/types\/product"}],"replies":[{"embeddable":true,"href":"https:\/\/www.hydraulic-cylinders.net\/pl\/wp-json\/wp\/v2\/comments?post=15532"}],"wp:featuredmedia":[{"embeddable":true,"href":"https:\/\/www.hydraulic-cylinders.net\/pl\/wp-json\/wp\/v2\/media\/14771"}],"wp:attachment":[{"href":"https:\/\/www.hydraulic-cylinders.net\/pl\/wp-json\/wp\/v2\/media?parent=15532"}],"wp:term":[{"taxonomy":"product_brand","embeddable":true,"href":"https:\/\/www.hydraulic-cylinders.net\/pl\/wp-json\/wp\/v2\/product_brand?post=15532"},{"taxonomy":"product_cat","embeddable":true,"href":"https:\/\/www.hydraulic-cylinders.net\/pl\/wp-json\/wp\/v2\/product_cat?post=15532"},{"taxonomy":"product_tag","embeddable":true,"href":"https:\/\/www.hydraulic-cylinders.net\/pl\/wp-json\/wp\/v2\/product_tag?post=15532"}],"curies":[{"name":"wp","href":"https:\/\/api.w.org\/{rel}","templated":true}]}}