{"id":15535,"date":"2025-01-19T14:39:09","date_gmt":"2025-01-19T14:39:09","guid":{"rendered":"https:\/\/www.hydraulic-cylinders.net\/product\/bucket-cylinder-for-lishide-small-excavator-sc85-8\/"},"modified":"2025-01-19T14:39:11","modified_gmt":"2025-01-19T14:39:11","slug":"bucket-cylinder-for-lishide-small-excavator-sc85-8","status":"publish","type":"product","link":"https:\/\/www.hydraulic-cylinders.net\/pl\/produkt\/bucket-cylinder-for-lishide-small-excavator-sc85-8\/","title":{"rendered":"Si\u0142ownik \u0142y\u017cki do ma\u0142ej koparki Lishide SC85.8"},"content":{"rendered":"<h2>Si\u0142ownik \u0142y\u017cki do ma\u0142ej koparki Lishide SC85.8<\/h2>\n<p>Si\u0142ownik \u0142y\u017cki do ma\u0142ej koparki Lishide SC85.8 to specjalistyczny si\u0142ownik hydrauliczny przeznaczony do sterowania ruchem \u0142y\u017cki w ci\u0119\u017ckich maszynach, takich jak koparki, koparko-\u0142adowarki i \u0142adowarki czo\u0142owe. Jego g\u0142\u00f3wn\u0105 funkcj\u0105 jest podnoszenie, opuszczanie i przechylanie \u0142y\u017cki, co u\u0142atwia wykonywanie r\u00f3\u017cnych zada\u0144 zwi\u0105zanych z prze\u0142adunkiem materia\u0142\u00f3w.<\/p>\n<p>W uk\u0142adzie hydraulicznym si\u0142ownik \u0142y\u017cki zapewnia precyzyjn\u0105 kontrol\u0119 nad \u0142y\u017ck\u0105, wykorzystuj\u0105c zmiany ci\u015bnienia oleju hydraulicznego. Dzi\u0119ki temu operatorzy mog\u0105 wydajnie obs\u0142ugiwa\u0107 ci\u0119\u017ckie \u0142adunki i dostosowywa\u0107 si\u0119 do z\u0142o\u017conych warunk\u00f3w pracy oraz zr\u00f3\u017cnicowanych wymaga\u0144 operacyjnych.<\/p>\n<p><img decoding=\"async\" src=\"https:\/\/www.hydraulic-cylinders.net\/wp-content\/uploads\/2025\/01\/songte-company-2.webp\"><\/p>\n<h3>Cechy produktu<\/h3>\n<ul>\n<li><strong>Wysoka wytrzyma\u0142o\u015b\u0107 i trwa\u0142o\u015b\u0107:<\/strong> Wykonany zazwyczaj z wysokowytrzyma\u0142ej stali lub aluminium, si\u0142ownik \u0142y\u017cki wytrzymuje wysokie ci\u015bnienie i du\u017ce obci\u0105\u017cenia, dostosowuj\u0105c si\u0119 do trudnych warunk\u00f3w pracy. Jego konstrukcja uwzgl\u0119dnia odporno\u015b\u0107 na zu\u017cycie i korozj\u0119, aby wyd\u0142u\u017cy\u0107 jego \u017cywotno\u015b\u0107.<\/li>\n<li><strong>Wydajna praca uk\u0142adu hydraulicznego:<\/strong> Wykorzystuj\u0105c ci\u015bnienie oleju hydraulicznego, si\u0142ownik \u0142y\u017cki zapewnia p\u0142ynne wysuwanie i wsuwanie, szybk\u0105 reakcj\u0119 na polecenia steruj\u0105ce i wytwarzanie du\u017cych si\u0142 pchaj\u0105cych i ci\u0105gn\u0105cych, dzi\u0119ki czemu nadaje si\u0119 do podnoszenia ci\u0119\u017ckich \u0142adunk\u00f3w i wykonywania skomplikowanych zada\u0144.<\/li>\n<li><strong>Wiele typ\u00f3w:<\/strong> Si\u0142ownik czerpakowy mo\u017ce by\u0107 wybrany jako si\u0142ownik jednostronnego dzia\u0142ania (ci\u015bnienie hydrauliczne tylko w jednym kierunku) lub dwustronnego dzia\u0142ania (ci\u015bnienie hydrauliczne w obu kierunkach), w zale\u017cno\u015bci od wymaga\u0144 operacyjnych. Niekt\u00f3re modele s\u0105 teleskopowe, co pozwala na wi\u0119ksze wysuni\u0119cie bez zwi\u0119kszania wymiar\u00f3w zewn\u0119trznych, dzi\u0119ki czemu nadaj\u0105 si\u0119 do zastosowa\u0144 w ograniczonej przestrzeni.<\/li>\n<li><strong>Zamienniki r\u00f3\u017cnych cylindr\u00f3w hydraulicznych:<\/strong> Nasz produkt doskonale zast\u0119puje r\u00f3\u017cnego rodzaju si\u0142owniki hydrauliczne. <\/li>\n<\/ul>\n<p><img decoding=\"async\" src=\"https:\/\/www.hydraulic-cylinders.net\/wp-content\/uploads\/2025\/01\/songte-cylinder-head-with-all-kinds-excavator-models.webp\"><\/p>\n<h3>Aplikacje<\/h3>\n<p>Cylinder kube\u0142kowy znajduje zastosowanie w r\u00f3\u017cnego rodzaju urz\u0105dzeniach:<\/p>\n<ul>\n<li><strong>Sprz\u0119t budowlany:<\/strong> Znajduj\u0105 si\u0119 w koparkach i s\u0105 niezb\u0119dne do kopania, za\u0142adunku i przemieszczania gleby lub gruzu. W koparko-\u0142adowarkach si\u0142ownik \u0142y\u017cki wspomaga zar\u00f3wno kopanie, jak i podnoszenie.<\/li>\n<li><strong>Maszyny rolnicze:<\/strong> Cylinder \u0142y\u017cki stosowany w \u0142adowarkach czo\u0142owych s\u0142u\u017cy do nabierania, podnoszenia i transportu ziemi, siana i innych materia\u0142\u00f3w.<\/li>\n<li><strong>Koparki:<\/strong> Cylinder \u0142y\u017cki umo\u017cliwia wykonywanie prac wykopaliskowych poprzez umo\u017cliwienie \u0142y\u017cce penetracji gleby.<\/li>\n<li><strong>\u0141adowarki:<\/strong> W \u0142adowarkach czo\u0142owych pomagaj\u0105 w efektywnym podnoszeniu i wysypywaniu towar\u00f3w.<\/li>\n<\/ul>\n<h3>Zagadnienia projektowe i kryteria wyboru<\/h3>\n<p>Z punktu widzenia projektowania, przy wyborze cylindra kube\u0142kowego istotn\u0105 rol\u0119 odgrywaj\u0105 takie kluczowe aspekty, jak no\u015bno\u015b\u0107, uszczelnienie, trwa\u0142o\u015b\u0107, bezpiecze\u0144stwo i \u0142atwo\u015b\u0107 konserwacji.<\/p>\n<p><img decoding=\"async\" src=\"https:\/\/www.hydraulic-cylinders.net\/wp-content\/uploads\/2025\/01\/songte-oil-pipes-and-spare-parts.webp\"><\/p>\n<h3>Uszczelnianie i smarowanie<\/h3>\n<p>W si\u0142owniku kube\u0142kowym zastosowano r\u00f3\u017cnorodne elementy uszczelniaj\u0105ce, takie jak uszczelnienia t\u0142oka i t\u0142oczyska, wykonane z materia\u0142\u00f3w odpornych na zu\u017cycie, takich jak poliuretan i kauczuk nitrylowy. Korpus si\u0142ownika i gwintowane powierzchnie ko\u0144cowe s\u0105 poddawane starannej obr\u00f3bce w celu zwi\u0119kszenia odporno\u015bci na zu\u017cycie. Regularne smarowanie odpowiedni\u0105 ilo\u015bci\u0105 oleju hydraulicznego jest niezb\u0119dne do p\u0142ynnej pracy.<\/p>\n<h3>Regularne kontrole i konserwacja zapobiegawcza<\/h3>\n<p>Aby zapewni\u0107 optymaln\u0105 wydajno\u015b\u0107 i trwa\u0142o\u015b\u0107, nale\u017cy regularnie przeprowadza\u0107 kontrole i podejmowa\u0107 dzia\u0142ania zapobiegawcze:<\/p>\n<ul>\n<li>Podczas instalacji nale\u017cy sprawdzi\u0107 i utrzyma\u0107 w\u0142a\u015bciwe ustawienie.<\/li>\n<li>Podczas monta\u017cu nale\u017cy zabezpieczy\u0107 cylinder za pomoc\u0105 odpowiednich wspornik\u00f3w monta\u017cowych.<\/li>\n<li>Wdro\u017cenie zalecanych procedur kontroli, napraw i wymiany.<\/li>\n<li>Dostarczamy cz\u0119\u015bci zamienne i us\u0142ugi regeneracji, aby wyd\u0142u\u017cy\u0107 \u017cywotno\u015b\u0107 cylindra \u0142y\u017cki.<\/li>\n<\/ul>\n<p><img decoding=\"async\" src=\"https:\/\/www.hydraulic-cylinders.net\/wp-content\/uploads\/2025\/01\/songte-chushion-collar.webp\"><\/p>\n<h3>Zagadnienia bezpiecze\u0144stwa i czynniki \u015brodowiskowe<\/h3>\n<p>Podczas korzystania z cylindr\u00f3w czerpakowych nale\u017cy bezwzgl\u0119dnie przestrzega\u0107 \u015brodk\u00f3w bezpiecze\u0144stwa, aby zapewni\u0107 bezpiecze\u0144stwo operatorom i ograniczy\u0107 wp\u0142yw na \u015brodowisko.<\/p>\n<h3>Rozwi\u0105zywanie problem\u00f3w i typowe problemy<\/h3>\n<p>W przypadku awarii wa\u017cne jest szybkie zdiagnozowanie i rozwi\u0105zanie typowych problem\u00f3w. Udost\u0119pnianie wskaz\u00f3wek i rozwi\u0105za\u0144 pomaga czytelnikom skutecznie identyfikowa\u0107 i rozwi\u0105zywa\u0107 problemy, a tak\u017ce sugeruje dzia\u0142ania zapobiegawcze w celu zminimalizowania potencjalnych problem\u00f3w.<\/p>\n<p><img decoding=\"async\" src=\"https:\/\/www.hydraulic-cylinders.net\/wp-content\/uploads\/2025\/01\/songte-bushings-with-all-kinds-of-excavator-models.webp\"><\/p>\n<p>Pami\u0119taj, aby artyku\u0142 by\u0142 logicznie uporz\u0105dkowany, u\u017cywaj podtytu\u0142\u00f3w u\u0142atwiaj\u0105cych nawigacj\u0119, dodawaj odpowiednie obrazy i wykresy, aby u\u0142atwi\u0107 zrozumienie, a tak\u017ce zadbaj o to, aby tre\u015b\u0107 by\u0142a przejrzysta, zwi\u0119z\u0142a i odpowiednia dla czytelnik\u00f3w o r\u00f3\u017cnym poziomie wiedzy technicznej.<\/p>\n<h2>O naszej firmie<\/h2>\n<p>Jeste\u015bmy producentem zamiennych cylindr\u00f3w hydraulicznych i oferujemy szerok\u0105 gam\u0119 produkt\u00f3w. Jako jeden z wiod\u0105cych producent\u00f3w i hurtowych dystrybutor\u00f3w cylindr\u00f3w hydraulicznych na rynku krajowym i mi\u0119dzynarodowym, priorytetowo traktujemy doskona\u0142o\u015b\u0107 jako\u015bci. Nasza strategia zarz\u0105dzania produkcj\u0105 przemys\u0142ow\u0105 opiera si\u0119 na wykwalifikowanych technikach, najnowocze\u015bniejszym sprz\u0119cie do produkcji cyfrowej oraz profesjonalnych systemach testowych. Dzi\u0119ki wydajnym, precyzyjnym i wysokiej jako\u015bci zasadom, zaspokajamy zr\u00f3\u017cnicowane potrzeby naszych klient\u00f3w.<\/p>\n<p><img decoding=\"async\" src=\"https:\/\/www.hydraulic-cylinders.net\/wp-content\/uploads\/2025\/01\/songte-company-3.webp\"><\/p>\n<p>Ponadto zapewniamy kompleksowe informacje o naszej firmie, uwzgl\u0119dniaj\u0105c takie aspekty jak wiedza specjalistyczna, mi\u0119dzynarodowe certyfikaty, us\u0142ugi dostosowane do potrzeb klienta, sprz\u0119t produkcyjny oraz serwis posprzeda\u017cowy.<\/p>\n<p>Autor: lyl<\/p>","protected":false},"excerpt":{"rendered":"<p>Bucket Cylinder For Lishide Small Excavator SC85.8 The Bucket Cylinder for Lishide Small Excavator SC85.8 is a specialized hydraulic cylinder designed to control the movement of the bucket in heavy machinery such as excavators, backhoe loaders, and front loaders. Its main function is to enable the lifting, lowering, and tilting of the bucket, making it [&hellip;]<\/p>","protected":false},"featured_media":14762,"comment_status":"open","ping_status":"closed","template":"","meta":{"_et_pb_use_builder":"","_et_pb_old_content":"","_et_gb_content_width":""},"product_brand":[],"product_cat":[1494],"product_tag":[1495,1496],"class_list":{"0":"post-15535","1":"product","2":"type-product","3":"status-publish","4":"has-post-thumbnail","6":"product_cat-bucket-cylinders","7":"product_tag-bucket-cylinders","8":"product_tag-hydraulic-cylinders","10":"first","11":"instock","12":"shipping-taxable","13":"product-type-simple"},"amp_enabled":true,"_links":{"self":[{"href":"https:\/\/www.hydraulic-cylinders.net\/pl\/wp-json\/wp\/v2\/product\/15535","targetHints":{"allow":["GET"]}}],"collection":[{"href":"https:\/\/www.hydraulic-cylinders.net\/pl\/wp-json\/wp\/v2\/product"}],"about":[{"href":"https:\/\/www.hydraulic-cylinders.net\/pl\/wp-json\/wp\/v2\/types\/product"}],"replies":[{"embeddable":true,"href":"https:\/\/www.hydraulic-cylinders.net\/pl\/wp-json\/wp\/v2\/comments?post=15535"}],"wp:featuredmedia":[{"embeddable":true,"href":"https:\/\/www.hydraulic-cylinders.net\/pl\/wp-json\/wp\/v2\/media\/14762"}],"wp:attachment":[{"href":"https:\/\/www.hydraulic-cylinders.net\/pl\/wp-json\/wp\/v2\/media?parent=15535"}],"wp:term":[{"taxonomy":"product_brand","embeddable":true,"href":"https:\/\/www.hydraulic-cylinders.net\/pl\/wp-json\/wp\/v2\/product_brand?post=15535"},{"taxonomy":"product_cat","embeddable":true,"href":"https:\/\/www.hydraulic-cylinders.net\/pl\/wp-json\/wp\/v2\/product_cat?post=15535"},{"taxonomy":"product_tag","embeddable":true,"href":"https:\/\/www.hydraulic-cylinders.net\/pl\/wp-json\/wp\/v2\/product_tag?post=15535"}],"curies":[{"name":"wp","href":"https:\/\/api.w.org\/{rel}","templated":true}]}}