{"id":15555,"date":"2025-01-19T14:40:38","date_gmt":"2025-01-19T14:40:38","guid":{"rendered":"https:\/\/www.hydraulic-cylinders.net\/product\/bucket-cylinder-for-lovol-small-excavator-fr150d\/"},"modified":"2025-01-19T14:40:40","modified_gmt":"2025-01-19T14:40:40","slug":"bucket-cylinder-for-lovol-small-excavator-fr150d","status":"publish","type":"product","link":"https:\/\/www.hydraulic-cylinders.net\/pl\/produkt\/bucket-cylinder-for-lovol-small-excavator-fr150d\/","title":{"rendered":"Si\u0142ownik \u0142y\u017cki do ma\u0142ej koparki Lovol FR150D"},"content":{"rendered":"<h1>Si\u0142ownik \u0142y\u017cki do ma\u0142ej koparki Lovol FR150D<\/h1>\n<h2>Wst\u0119p<\/h2>\n<p>Si\u0142ownik \u0142y\u017cki to specjalnie zaprojektowany si\u0142ownik hydrauliczny s\u0142u\u017c\u0105cy do sterowania ruchem \u0142y\u017cki w ci\u0119\u017ckich maszynach, takich jak koparki, koparko-\u0142adowarki i \u0142adowarki czo\u0142owe. Jego g\u0142\u00f3wn\u0105 funkcj\u0105 jest podnoszenie, opuszczanie i przechylanie \u0142y\u017cki, u\u0142atwiaj\u0105c wykonywanie r\u00f3\u017cnych zada\u0144 zwi\u0105zanych z transportem materia\u0142\u00f3w. W uk\u0142adzie hydraulicznym si\u0142ownik \u0142y\u017cki precyzyjnie steruje ruchem \u0142y\u017cki poprzez zmiany ci\u015bnienia oleju hydraulicznego, umo\u017cliwiaj\u0105c operatorowi sprawne operowanie du\u017cymi \u0142adunkami i dostosowanie si\u0119 do z\u0142o\u017conych warunk\u00f3w pracy oraz zr\u00f3\u017cnicowanych wymaga\u0144 operacyjnych.<\/p>\n<p><img decoding=\"async\" src=\"https:\/\/www.hydraulic-cylinders.net\/wp-content\/uploads\/2025\/01\/songte-company-2.webp\" alt=\"Cylinder kube\u0142kowy\"><\/p>\n<h2>Cechy<\/h2>\n<ul>\n<li>Wysoka wytrzyma\u0142o\u015b\u0107 i trwa\u0142o\u015b\u0107: Zazwyczaj wykonane z wytrzyma\u0142ej stali lub aluminium, wytrzymuj\u0105 du\u017ce ci\u015bnienie i obci\u0105\u017cenia, s\u0105 przystosowane do trudnych warunk\u00f3w pracy oraz zaprojektowane tak, aby by\u0142y odporne na zu\u017cycie i korozj\u0119, co wyd\u0142u\u017ca ich \u017cywotno\u015b\u0107.<\/li>\n<li>Wydajne dzia\u0142anie uk\u0142adu hydraulicznego: p\u0142ynne rozci\u0105ganie i kurczenie uzyskuje si\u0119 dzi\u0119ki ci\u015bnieniu oleju hydraulicznego, szybka reakcja na polecenia steruj\u0105ce, zapewnienie du\u017cych si\u0142 pchaj\u0105cych i ci\u0105gn\u0105cych oraz przydatno\u015b\u0107 do obs\u0142ugi du\u017cych obci\u0105\u017ce\u0144 i skomplikowanych zada\u0144 operacyjnych.<\/li>\n<li>R\u00f3\u017cne typy: Si\u0142owniki jednostronnego dzia\u0142ania (hydrauliczne dzia\u0142aj\u0105ce tylko w jednym kierunku) lub dwustronnego dzia\u0142ania (hydrauliczne dzia\u0142aj\u0105ce w obu kierunkach) mo\u017cna dobra\u0107 w zale\u017cno\u015bci od wymaga\u0144, aby spe\u0142ni\u0107 zr\u00f3\u017cnicowane potrzeby operacyjne. Niekt\u00f3re modele s\u0105 teleskopowe, co pozwala na wi\u0119ksze wysuni\u0119cie bez zwi\u0119kszania wymiar\u00f3w zewn\u0119trznych, i nadaje si\u0119 do zastosowa\u0144 w ograniczonej przestrzeni.<\/li>\n<li>\u0141atwa wymiana: Nasz produkt doskonale zast\u0105pi te si\u0142owniki hydrauliczne.<\/li>\n<\/ul>\n<p><img decoding=\"async\" src=\"https:\/\/www.hydraulic-cylinders.net\/wp-content\/uploads\/2025\/01\/songte-cylinder-head-with-all-kinds-excavator-models.webp\" alt=\"Cylinder kube\u0142kowy\"><\/p>\n<h2>Aplikacje<\/h2>\n<ul>\n<li>Sprz\u0119t budowlany: W koparkach s\u0105 niezb\u0119dne do kopania, za\u0142adunku i przemieszczania gleby lub gruzu. W koparko-\u0142adowarkach si\u0142owniki \u0142y\u017cki pomagaj\u0105 zar\u00f3wno w kopaniu, jak i podnoszeniu. <\/li>\n<li>Maszyny rolnicze: Stosowane na \u0142adowarkach czo\u0142owych do nabierania, podnoszenia i transportu gleby, siana i innych materia\u0142\u00f3w. <\/li>\n<li>Koparki: Cylindry \u0142y\u017cki umo\u017cliwiaj\u0105 kopanie, pozwalaj\u0105c \u0142y\u017cce wnika\u0107 w gleb\u0119. <\/li>\n<li>\u0141adowarki: W \u0142adowarkach czo\u0142owych pomagaj\u0105 w efektywnym podnoszeniu i wysypywaniu \u0142adunk\u00f3w. <\/li>\n<\/ul>\n<h2>Zagadnienia projektowe i kryteria wyboru<\/h2>\n<ul>\n<li>No\u015bno\u015b\u0107: Cylinder musi by\u0107 w stanie utrzyma\u0107 ci\u0119\u017car \u0142adunku. <\/li>\n<li>Uszczelnienia: Aby zapobiec wyciekom oleju hydraulicznego, stosuje si\u0119 r\u00f3\u017cne uszczelnienia, w tym uszczelnienia t\u0142okowe, t\u0142oczyskowe i zgarniaj\u0105ce. Uszczelnienia te wykonane s\u0105 z materia\u0142\u00f3w odpornych na zu\u017cycie, takich jak poliuretan i kauczuk nitrylowy. <\/li>\n<li>Trwa\u0142o\u015b\u0107: Cylinder musi by\u0107 w stanie wytrzyma\u0107 trudne warunki pracy, w tym wysokie ci\u015bnienie, du\u017ce obci\u0105\u017cenia i korozj\u0119. <\/li>\n<li>Bezpiecze\u0144stwo: Cylinder musi by\u0107 zaprojektowany w spos\u00f3b zapobiegaj\u0105cy wypadkom, obejmuj\u0105cy zabezpieczenie przed nadci\u015bnieniem, zabezpieczenie przed przeci\u0105\u017ceniem i zatrzymanie awaryjne. <\/li>\n<li>\u0141atwo\u015b\u0107 konserwacji: Cylinder musi by\u0107 \u0142atwy w konserwacji i naprawie, \u0142\u0105cznie z \u0142atwym dost\u0119pem do podzespo\u0142\u00f3w wewn\u0119trznych i wymian\u0105 cz\u0119\u015bci ulegaj\u0105cych zu\u017cyciu. <\/li>\n<\/ul>\n<p><img decoding=\"async\" src=\"https:\/\/www.hydraulic-cylinders.net\/wp-content\/uploads\/2025\/01\/songte-oil-pipes-and-spare-parts.webp\" alt=\"Cylinder kube\u0142kowy\"><\/p>\n<h2>Uszczelnianie i smarowanie<\/h2>\n<p>Aby zapobiec wyciekom oleju hydraulicznego z si\u0142ownika czerpakowego, stosuje si\u0119 r\u00f3\u017cne uszczelnienia. Nale\u017c\u0105 do nich uszczelnienia t\u0142okowe, t\u0142oczyskowe i zgarniaj\u0105ce. Uszczelnienia wykonane s\u0105 z materia\u0142\u00f3w odpornych na zu\u017cycie, takich jak poliuretan i kauczuk nitrylowy. Korpus si\u0142ownika i powierzchnia gwintu s\u0105 precyzyjnie obrobione, aby zwi\u0119kszy\u0107 odporno\u015b\u0107 na zu\u017cycie. Si\u0142ownik czerpakowy wymaga regularnego smarowania olejem hydraulicznym, aby zapewni\u0107 jego prawid\u0142owe dzia\u0142anie i d\u0142ug\u0105 \u017cywotno\u015b\u0107.<\/p>\n<h2>Konserwacja i naprawa<\/h2>\n<p>Regularne kontrole, prawid\u0142owe smarowanie, wymiana uszczelek i kalibracja to typowe czynno\u015bci konserwacyjne. Prawid\u0142owy monta\u017c, smarowanie i regulacja maj\u0105 kluczowe znaczenie dla prawid\u0142owego dzia\u0142ania si\u0142ownika kube\u0142kowego. Podczas monta\u017cu niezb\u0119dne jest prawid\u0142owe ustawienie si\u0142ownika i u\u017cycie odpowiednich wspornik\u00f3w monta\u017cowych w celu jego zabezpieczenia. Zaleca si\u0119 przeprowadzenie procedury kontroli, naprawy i wymiany, aby wyd\u0142u\u017cy\u0107 \u017cywotno\u015b\u0107 si\u0142ownika.<\/p>\n<p><img decoding=\"async\" src=\"https:\/\/www.hydraulic-cylinders.net\/wp-content\/uploads\/2025\/01\/songte-chushion-collar.webp\" alt=\"Cylinder kube\u0142kowy\"><\/p>\n<h2>Bezpiecze\u0144stwo i wzgl\u0119dy \u015brodowiskowe<\/h2>\n<p>Podczas u\u017cytkowania cylindra czerpakowego nale\u017cy zachowa\u0107 \u015brodki bezpiecze\u0144stwa, aby zapobiec wypadkom. Nale\u017cy regularnie sprawdza\u0107 stan cylindra, aby upewni\u0107 si\u0119, \u017ce jest w dobrym stanie. Nale\u017cy r\u00f3wnie\u017c wzi\u0105\u0107 pod uwag\u0119 czynniki \u015brodowiskowe. Prawid\u0142owa utylizacja oleju hydraulicznego i innych materia\u0142\u00f3w ma kluczowe znaczenie dla zapobiegania zanieczyszczeniu \u015brodowiska.<\/p>\n<h2>Rozwi\u0105zywanie problem\u00f3w i typowe problemy<\/h2>\n<ul>\n<li>Powolna praca: Mo\u017ce by\u0107 spowodowana niskim ci\u015bnieniem oleju hydraulicznego, uszkodzonym zaworem lub uszkodzon\u0105 uszczelk\u0105. <\/li>\n<li>Wyciek oleju hydraulicznego: Mo\u017ce to by\u0107 spowodowane uszkodzon\u0105 uszczelk\u0105 lub p\u0119kni\u0119ciem cylindra. <\/li>\n<li>Ha\u0142a\u015bliwa praca: Mo\u017ce to by\u0107 spowodowane obecno\u015bci\u0105 powietrza w uk\u0142adzie hydraulicznym, uszkodzonymi uszczelkami lub zu\u017cytymi podzespo\u0142ami. <\/li>\n<\/ul>\n<p>Regularne kontrole i prawid\u0142owa konserwacja mog\u0105 pom\u00f3c zapobiec tym problemom.<\/p>\n<p><img decoding=\"async\" src=\"https:\/\/www.hydraulic-cylinders.net\/wp-content\/uploads\/2025\/01\/songte-bushings-with-all-kinds-of-excavator-models.webp\" alt=\"Cylinder kube\u0142kowy\"><\/p>\n<h2>O nas<\/h2>\n<p>Jeste\u015bmy producentem zamiennych cylindr\u00f3w hydraulicznych oferuj\u0105cym pe\u0142n\u0105 gam\u0119 produkt\u00f3w. Stali\u015bmy si\u0119 jednym z wiod\u0105cych producent\u00f3w i hurtowych dystrybutor\u00f3w cylindr\u00f3w hydraulicznych na rynku krajowym i mi\u0119dzynarodowym. Kierujemy si\u0119 zasad\u0105 doskona\u0142ej jako\u015bci i opieramy si\u0119 na strategii zarz\u0105dzania produkcj\u0105 industrialn\u0105 w wyspecjalizowanych warsztatach produkcyjnych. Stale udoskonalamy platform\u0119 produkcyjn\u0105 warsztatu pod wzgl\u0119dem talent\u00f3w technicznych, cyfrowego, zaawansowanego sprz\u0119tu produkcyjnego i profesjonalnych system\u00f3w testowych, a tak\u017ce posiadamy bogate do\u015bwiadczenie w zakresie tworzenia. Spe\u0142niamy zr\u00f3\u017cnicowane potrzeby klient\u00f3w, zapewniaj\u0105c im wysok\u0105 wydajno\u015b\u0107, precyzj\u0119 i wysok\u0105 jako\u015b\u0107 produkt\u00f3w.<\/p>\n<ul>\n<li>Profesjonalizm: Posiadamy zesp\u00f3\u0142 do\u015bwiadczonych fachowc\u00f3w, kt\u00f3rzy zajmuj\u0105 si\u0119 produkcj\u0105 wysokiej jako\u015bci cylindr\u00f3w hydraulicznych. <\/li>\n<li>Certyfikacja mi\u0119dzynarodowa: Nasze produkty posiadaj\u0105 certyfikaty wielu organizacji mi\u0119dzynarodowych i spe\u0142niaj\u0105 wszystkie stosowne normy bezpiecze\u0144stwa i ochrony \u015brodowiska. <\/li>\n<li>Us\u0142ugi dostosowane do indywidualnych potrzeb: Mo\u017cemy dostosowa\u0107 cylindry hydrauliczne do konkretnych potrzeb klienta. <\/li>\n<li>Sprz\u0119t produkcyjny: Wykorzystujemy najnowocze\u015bniejszy sprz\u0119t i technologie produkcyjne, aby wytwarza\u0107 wysokiej jako\u015bci cylindry hydrauliczne. <\/li>\n<li>Obs\u0142uga posprzeda\u017cowa: Zapewniamy doskona\u0142\u0105 obs\u0142ug\u0119 posprzeda\u017cow\u0105, aby mie\u0107 pewno\u015b\u0107, \u017ce nasi klienci s\u0105 zadowoleni z naszych produkt\u00f3w.<\/li>\n<\/ul>\n<p><img decoding=\"async\" src=\"https:\/\/hzpt.com\/wp-content\/uploads\/2024\/11\/songte-company-1.webp\" alt=\"Cylinder kube\u0142kowy\"><\/p>\n<p>Autor: lyl<\/p>","protected":false},"excerpt":{"rendered":"<p>Bucket Cylinder For Lovol Small Excavator FR150D Introduction The bucket cylinder is a specially designed hydraulic cylinder used to control the movement of the bucket in heavy machinery such as excavators, backhoe loaders, and front loaders. Its main function is to lift, lower, and tilt the bucket, making it easier to handle various material transport [&hellip;]<\/p>","protected":false},"featured_media":14785,"comment_status":"open","ping_status":"closed","template":"","meta":{"_et_pb_use_builder":"","_et_pb_old_content":"","_et_gb_content_width":""},"product_brand":[],"product_cat":[1494],"product_tag":[1495,1496],"class_list":{"0":"post-15555","1":"product","2":"type-product","3":"status-publish","4":"has-post-thumbnail","6":"product_cat-bucket-cylinders","7":"product_tag-bucket-cylinders","8":"product_tag-hydraulic-cylinders","10":"first","11":"instock","12":"shipping-taxable","13":"product-type-simple"},"amp_enabled":true,"_links":{"self":[{"href":"https:\/\/www.hydraulic-cylinders.net\/pl\/wp-json\/wp\/v2\/product\/15555","targetHints":{"allow":["GET"]}}],"collection":[{"href":"https:\/\/www.hydraulic-cylinders.net\/pl\/wp-json\/wp\/v2\/product"}],"about":[{"href":"https:\/\/www.hydraulic-cylinders.net\/pl\/wp-json\/wp\/v2\/types\/product"}],"replies":[{"embeddable":true,"href":"https:\/\/www.hydraulic-cylinders.net\/pl\/wp-json\/wp\/v2\/comments?post=15555"}],"wp:featuredmedia":[{"embeddable":true,"href":"https:\/\/www.hydraulic-cylinders.net\/pl\/wp-json\/wp\/v2\/media\/14785"}],"wp:attachment":[{"href":"https:\/\/www.hydraulic-cylinders.net\/pl\/wp-json\/wp\/v2\/media?parent=15555"}],"wp:term":[{"taxonomy":"product_brand","embeddable":true,"href":"https:\/\/www.hydraulic-cylinders.net\/pl\/wp-json\/wp\/v2\/product_brand?post=15555"},{"taxonomy":"product_cat","embeddable":true,"href":"https:\/\/www.hydraulic-cylinders.net\/pl\/wp-json\/wp\/v2\/product_cat?post=15555"},{"taxonomy":"product_tag","embeddable":true,"href":"https:\/\/www.hydraulic-cylinders.net\/pl\/wp-json\/wp\/v2\/product_tag?post=15555"}],"curies":[{"name":"wp","href":"https:\/\/api.w.org\/{rel}","templated":true}]}}