{"id":15560,"date":"2025-01-19T14:41:05","date_gmt":"2025-01-19T14:41:05","guid":{"rendered":"https:\/\/www.hydraulic-cylinders.net\/product\/bucket-cylinder-for-lovol-middle-excavator-fr225\/"},"modified":"2025-01-19T14:41:07","modified_gmt":"2025-01-19T14:41:07","slug":"bucket-cylinder-for-lovol-middle-excavator-fr225","status":"publish","type":"product","link":"https:\/\/www.hydraulic-cylinders.net\/pl\/produkt\/bucket-cylinder-for-lovol-middle-excavator-fr225\/","title":{"rendered":"Si\u0142ownik \u0142y\u017cki do koparki \u015bredniej Lovol FR225"},"content":{"rendered":"<h1>Si\u0142ownik \u0142y\u017cki do koparki \u015bredniej Lovol FR225<\/h1>\n<h2>Wst\u0119p<\/h2>\n<p>Si\u0142ownik \u0142y\u017cki do koparki \u015bredniej Lovol FR225 to specjalistyczny si\u0142ownik hydrauliczny przeznaczony do sterowania ruchem \u0142y\u017cki w ci\u0119\u017ckich maszynach, takich jak koparki, koparko-\u0142adowarki i \u0142adowarki czo\u0142owe. Jego g\u0142\u00f3wn\u0105 funkcj\u0105 jest podnoszenie, opuszczanie i przechylanie \u0142y\u017cki, u\u0142atwiaj\u0105c wykonywanie r\u00f3\u017cnych zada\u0144 zwi\u0105zanych z prze\u0142adunkiem materia\u0142\u00f3w. W uk\u0142adzie hydraulicznym si\u0142ownik \u0142y\u017cki zapewnia precyzyjn\u0105 kontrol\u0119 ruch\u00f3w \u0142y\u017cki poprzez zmiany ci\u015bnienia oleju hydraulicznego, umo\u017cliwiaj\u0105c operatorom wydajne przenoszenie ci\u0119\u017ckich \u0142adunk\u00f3w i dostosowywanie si\u0119 do z\u0142o\u017conych warunk\u00f3w pracy oraz zr\u00f3\u017cnicowanych wymaga\u0144.<\/p>\n<p><img decoding=\"async\" src=\"https:\/\/www.hydraulic-cylinders.net\/wp-content\/uploads\/2025\/01\/songte-company-2.webp\" alt=\"Cylinder kube\u0142kowy\"><\/p>\n<h2>Cechy<\/h2>\n<ul>\n<li>Wysoka wytrzyma\u0142o\u015b\u0107 i trwa\u0142o\u015b\u0107: zazwyczaj wykonane z wysokowytrzyma\u0142ej stali lub aluminium, wytrzymuj\u0105 du\u017ce ci\u015bnienie i du\u017ce obci\u0105\u017cenia, nadaj\u0105 si\u0119 do pracy w trudnych warunkach, zaprojektowane tak, aby by\u0142y odporne na zu\u017cycie i korozj\u0119, co wyd\u0142u\u017ca ich \u017cywotno\u015b\u0107.<\/li>\n<li>Wydajna praca uk\u0142adu hydraulicznego: wykorzystuje ci\u015bnienie oleju hydraulicznego w celu uzyskania p\u0142ynnego wysuwania i wsuwania, umo\u017cliwia szybk\u0105 reakcj\u0119 na polecenia steruj\u0105ce, zapewnia du\u017c\u0105 si\u0142\u0119 pchania i ci\u0105gni\u0119cia, nadaje si\u0119 do obs\u0142ugi ci\u0119\u017ckich \u0142adunk\u00f3w i wykonywania skomplikowanych zada\u0144.<\/li>\n<li>R\u00f3\u017cne typy: mo\u017cna wybiera\u0107 mi\u0119dzy cylindrami jednostronnego dzia\u0142ania (u\u017cywaj\u0105cymi oleju hydraulicznego w jednym kierunku) lub dwustronnego dzia\u0142ania (u\u017cywaj\u0105cymi oleju hydraulicznego w obu kierunkach) w zale\u017cno\u015bci od potrzeb, aby spe\u0142ni\u0107 r\u00f3\u017cne wymagania operacyjne. Niekt\u00f3re modele s\u0105 teleskopowe, co pozwala na wi\u0119ksze wyd\u0142u\u017cenie bez zwi\u0119kszania wymiar\u00f3w zewn\u0119trznych, odpowiednie do zastosowa\u0144 w miejscach o ograniczonej przestrzeni.<\/li>\n<\/ul>\n<p>Jeste\u015bmy w stanie wyprodukowa\u0107 ten produkt i nasze produkty mog\u0105 doskonale zast\u0105pi\u0107 te cylindry hydrauliczne.<\/p>\n<p><img decoding=\"async\" src=\"https:\/\/www.hydraulic-cylinders.net\/wp-content\/uploads\/2025\/01\/songte-cylinder-head-with-all-kinds-excavator-models.webp\" alt=\"G\u0142owica cylindra\"><\/p>\n<h2>Aplikacje<\/h2>\n<h3>Sprz\u0119t budowlany<\/h3>\n<p>W koparkach s\u0105 one niezb\u0119dne do kopania, za\u0142adunku i przemieszczania gleby lub gruzu. W koparko-\u0142adowarkach si\u0142owniki \u0142y\u017cki pomagaj\u0105 zar\u00f3wno w kopaniu, jak i podnoszeniu. W \u0142adowarkach czo\u0142owych wspomagaj\u0105 wydajne podnoszenie i wysypywanie materia\u0142\u00f3w.<\/p>\n<h3>Maszyny rolnicze<\/h3>\n<p>Stosowane w \u0142adowarkach czo\u0142owych do nabierania, podnoszenia i transportu ziemi, siana i innych materia\u0142\u00f3w. W koparkach si\u0142owniki \u0142y\u017cki umo\u017cliwiaj\u0105 kopanie, pozwalaj\u0105c \u0142y\u017cce na penetracj\u0119 gleby.<\/p>\n<h3>Maszyny przemys\u0142owe<\/h3>\n<p>Cylindry kube\u0142kowe s\u0105 stosowane w r\u00f3\u017cnych maszynach przemys\u0142owych, m.in. w d\u017awigach, w\u00f3zkach wid\u0142owych i urz\u0105dzeniach do transportu materia\u0142\u00f3w.<\/p>\n<h2>Zagadnienia projektowe i kryteria wyboru<\/h2>\n<h3>No\u015bno\u015b\u0107<\/h3>\n<p>No\u015bno\u015b\u0107 cylindra \u0142y\u017cki jest kluczowym czynnikiem konstrukcyjnym. Musi on wytrzyma\u0107 obci\u0105\u017cenie transportowanym materia\u0142em i dzia\u0142a\u0107 niezawodnie w trudnych warunkach.<\/p>\n<h3>Opiecz\u0119towanie<\/h3>\n<p>Skuteczne uszczelnienie jest niezb\u0119dne, aby zapobiec wyciekom oleju hydraulicznego i zapewni\u0107 p\u0142ynn\u0105 prac\u0119.<\/p>\n<h3>Trwa\u0142o\u015b\u0107<\/h3>\n<p>Si\u0142ownik \u0142y\u017cki musi by\u0107 na tyle trwa\u0142y, aby wytrzymywa\u0142 intensywne u\u017cytkowanie, a tak\u017ce odporny na zu\u017cycie i korozj\u0119, aby wyd\u0142u\u017cy\u0107 jego \u017cywotno\u015b\u0107.<\/p>\n<h3>Bezpiecze\u0144stwo<\/h3>\n<p>Bezpiecze\u0144stwo jest kluczowym czynnikiem przy projektowaniu cylindr\u00f3w hydraulicznych. Powinny by\u0107 one zaprojektowane tak, aby zapobiega\u0107 wypadkom podczas pracy.<\/p>\n<h3>Konserwacja<\/h3>\n<p>Regularna konserwacja jest niezb\u0119dna dla zapewnienia niezawodnej i bezpiecznej pracy si\u0142ownika czerpaka. Konserwacja powinna obejmowa\u0107 regularne kontrole i smarowanie cz\u0119\u015bci ruchomych, wymian\u0119 zu\u017cytych lub uszkodzonych uszczelnie\u0144 oraz kontrole kalibracji.<\/p>\n<p><img decoding=\"async\" src=\"https:\/\/www.hydraulic-cylinders.net\/wp-content\/uploads\/2025\/01\/songte-oil-pipes-and-spare-parts.webp\" alt=\"Rury olejowe i cz\u0119\u015bci zamienne\"><\/p>\n<h2>Uszczelnianie i smarowanie<\/h2>\n<p>W cylindrze czerpakowym zastosowano r\u00f3\u017cnorodne uszczelnienia, takie jak uszczelnienia t\u0142oka i t\u0142oczyska, wykonane z materia\u0142\u00f3w odpornych na zu\u017cycie, takich jak poliuretan i kauczuk nitrylowy. Korpus cylindra i powierzchnie gwintowane s\u0105 poddawane starannej obr\u00f3bce w celu zwi\u0119kszenia odporno\u015bci na zu\u017cycie. Regularne smarowanie odpowiedni\u0105 ilo\u015bci\u0105 oleju hydraulicznego jest niezb\u0119dne dla zapewnienia p\u0142ynnej pracy oraz zapobiegania zu\u017cyciu i korozji.<\/p>\n<h2>Konserwacja i naprawa<\/h2>\n<p>Regularna konserwacja jest kluczowa dla zapewnienia niezawodnej i bezpiecznej pracy si\u0142ownika kube\u0142kowego. Czynno\u015bci konserwacyjne obejmuj\u0105 regularne kontrole, smarowanie, wymian\u0119 zu\u017cytych lub uszkodzonych uszczelek oraz kalibracj\u0119. Prawid\u0142owy monta\u017c i prawid\u0142owe ustawienie si\u0142ownika s\u0105 kluczowe. Zaleca si\u0119 stosowanie odpowiednich wspornik\u00f3w monta\u017cowych w celu zabezpieczenia si\u0142ownika na miejscu. Zalecamy r\u00f3wnie\u017c przestrzeganie zalecanych procedur kontroli, napraw i wymiany oraz oferowanie us\u0142ug wymiany i regeneracji cz\u0119\u015bci, aby wyd\u0142u\u017cy\u0107 \u017cywotno\u015b\u0107 si\u0142ownika kube\u0142kowego.<\/p>\n<p><img decoding=\"async\" src=\"https:\/\/www.hydraulic-cylinders.net\/wp-content\/uploads\/2025\/01\/songte-chushion-collar.webp\" alt=\"Ko\u0142nierz Chushion\"><\/p>\n<h2>Bezpiecze\u0144stwo i wzgl\u0119dy \u015brodowiskowe<\/h2>\n<p>Podczas u\u017cytkowania cylindr\u00f3w czerpakowych niezwykle wa\u017cne jest przestrzeganie zasad bezpiecze\u0144stwa, aby unikn\u0105\u0107 wypadk\u00f3w i zapewni\u0107 bezpiecze\u0144stwo operatora. Zalecamy r\u00f3wnie\u017c przestrzeganie wytycznych dotycz\u0105cych ochrony \u015brodowiska w zakresie utylizacji zu\u017cytego oleju hydraulicznego i innych odpad\u00f3w.<\/p>\n<h2>Diagnostyka usterek i rozwi\u0105zywanie problem\u00f3w<\/h2>\n<p>Do typowych problem\u00f3w z si\u0142ownikami czerpakowymi nale\u017c\u0105 wycieki oleju, niedostateczne ci\u015bnienie i nieregularne ruchy. Diagnostyka usterek wymaga dok\u0142adnej inspekcji i test\u00f3w w celu zidentyfikowania pierwotnej przyczyny problemu. Zalecamy niezw\u0142oczne rozwi\u0105zywanie problem\u00f3w, aby zapobiec dalszym uszkodzeniom si\u0142ownika i innych podzespo\u0142\u00f3w maszyny.<\/p>\n<h2>Wprowadzenie do firmy<\/h2>\n<p>Jeste\u015bmy producentem zamiennych cylindr\u00f3w hydraulicznych, oferuj\u0105cym pe\u0142n\u0105 gam\u0119 produkt\u00f3w i stali\u015bmy si\u0119 jednym z wiod\u0105cych producent\u00f3w i hurtowych dystrybutor\u00f3w cylindr\u00f3w hydraulicznych na rynku krajowym i mi\u0119dzynarodowym. Kierujemy si\u0119 zasad\u0105 doskona\u0142ej jako\u015bci, opieramy si\u0119 na strategii zarz\u0105dzania produkcj\u0105 przemys\u0142ow\u0105 w precyzyjnych warsztatach produkcyjnych, stale ulepszamy platform\u0119 produkcyjn\u0105 warsztatu, doskonalimy jako\u015b\u0107 procesu produkcyjnego i wykazujemy si\u0119 kreatywno\u015bci\u0105, aby sprosta\u0107 zr\u00f3\u017cnicowanym potrzebom klient\u00f3w, zapewniaj\u0105c wysok\u0105 wydajno\u015b\u0107, precyzj\u0119 i jako\u015b\u0107.<\/p>\n<p><img decoding=\"async\" src=\"https:\/\/hzpt.com\/wp-content\/uploads\/2024\/11\/songte-company-1.webp\" alt=\"Firma\"><\/p>\n<h3>Profesjonalizm<\/h3>\n<p>Dysponujemy zespo\u0142em do\u015bwiadczonych specjalist\u00f3w, kt\u00f3rzy specjalizuj\u0105 si\u0119 w projektowaniu, produkcji i testowaniu cylindr\u00f3w hydraulicznych.<\/p>\n<h3>Mi\u0119dzynarodowa Certyfikacja<\/h3>\n<p>Nasze produkty uzyska\u0142y mi\u0119dzynarodowe certyfikaty, takie jak CE i ISO 9001, co gwarantuje, \u017ce spe\u0142niaj\u0105 mi\u0119dzynarodowe standardy jako\u015bci.<\/p>\n<h3>Us\u0142ugi personalizacji<\/h3>\n<p>Oferujemy us\u0142ugi dostosowywania do indywidualnych potrzeb naszych klient\u00f3w.<\/p>\n<h3>Sprz\u0119t produkcyjny<\/h3>\n<p>W celu zagwarantowania dok\u0142adno\u015bci i jako\u015bci naszych produkt\u00f3w wykorzystujemy najnowocze\u015bniejszy sprz\u0119t produkcyjny, w tym maszyny CNC i precyzyjny sprz\u0119t testowy.<\/p>\n<h3>Serwis posprzeda\u017cowy<\/h3>\n<p>Zapewniamy kompleksowy serwis posprzeda\u017cowy, obejmuj\u0105cy doradztwo w zakresie instalacji, szkolenia dotycz\u0105ce konserwacji oraz us\u0142ugi wymiany i naprawy.<\/p>\n<p>Autor: lyl.<\/p>","protected":false},"excerpt":{"rendered":"<p>Bucket Cylinder For Lovol Middle Excavator FR225 Introduction The bucket cylinder for Lovol middle excavator FR225 is a specialized hydraulic cylinder designed for controlling the movement of the bucket in heavy machinery such as excavators, backhoe excavators, and front-end loaders. Its primary function is to enable the bucket to lift, lower, and tilt, making it [&hellip;]<\/p>","protected":false},"featured_media":14776,"comment_status":"open","ping_status":"closed","template":"","meta":{"_et_pb_use_builder":"","_et_pb_old_content":"","_et_gb_content_width":""},"product_brand":[],"product_cat":[1494],"product_tag":[1495,1496],"class_list":{"0":"post-15560","1":"product","2":"type-product","3":"status-publish","4":"has-post-thumbnail","6":"product_cat-bucket-cylinders","7":"product_tag-bucket-cylinders","8":"product_tag-hydraulic-cylinders","10":"first","11":"instock","12":"shipping-taxable","13":"product-type-simple"},"amp_enabled":true,"_links":{"self":[{"href":"https:\/\/www.hydraulic-cylinders.net\/pl\/wp-json\/wp\/v2\/product\/15560","targetHints":{"allow":["GET"]}}],"collection":[{"href":"https:\/\/www.hydraulic-cylinders.net\/pl\/wp-json\/wp\/v2\/product"}],"about":[{"href":"https:\/\/www.hydraulic-cylinders.net\/pl\/wp-json\/wp\/v2\/types\/product"}],"replies":[{"embeddable":true,"href":"https:\/\/www.hydraulic-cylinders.net\/pl\/wp-json\/wp\/v2\/comments?post=15560"}],"wp:featuredmedia":[{"embeddable":true,"href":"https:\/\/www.hydraulic-cylinders.net\/pl\/wp-json\/wp\/v2\/media\/14776"}],"wp:attachment":[{"href":"https:\/\/www.hydraulic-cylinders.net\/pl\/wp-json\/wp\/v2\/media?parent=15560"}],"wp:term":[{"taxonomy":"product_brand","embeddable":true,"href":"https:\/\/www.hydraulic-cylinders.net\/pl\/wp-json\/wp\/v2\/product_brand?post=15560"},{"taxonomy":"product_cat","embeddable":true,"href":"https:\/\/www.hydraulic-cylinders.net\/pl\/wp-json\/wp\/v2\/product_cat?post=15560"},{"taxonomy":"product_tag","embeddable":true,"href":"https:\/\/www.hydraulic-cylinders.net\/pl\/wp-json\/wp\/v2\/product_tag?post=15560"}],"curies":[{"name":"wp","href":"https:\/\/api.w.org\/{rel}","templated":true}]}}