{"id":15562,"date":"2025-01-19T14:41:13","date_gmt":"2025-01-19T14:41:13","guid":{"rendered":"https:\/\/www.hydraulic-cylinders.net\/product\/bucket-cylinder-for-lovol-large-excavator-fr330\/"},"modified":"2025-01-19T14:41:15","modified_gmt":"2025-01-19T14:41:15","slug":"bucket-cylinder-for-lovol-large-excavator-fr330","status":"publish","type":"product","link":"https:\/\/www.hydraulic-cylinders.net\/pl\/produkt\/bucket-cylinder-for-lovol-large-excavator-fr330\/","title":{"rendered":"Si\u0142ownik \u0142y\u017cki do du\u017cej koparki Lovol FR330"},"content":{"rendered":"<h1>Si\u0142ownik \u0142y\u017cki do du\u017cej koparki Lovol FR330<\/h1>\n<h2>Wst\u0119p<\/h2>\n<p>Si\u0142ownik \u0142y\u017cki do koparki Lovol FR330 to specjalnie zaprojektowany si\u0142ownik hydrauliczny, kt\u00f3ry s\u0142u\u017cy g\u0142\u00f3wnie do sterowania ruchem \u0142y\u017cek w ci\u0119\u017ckich maszynach, takich jak koparki, koparko-\u0142adowarki i \u0142adowarki czo\u0142owe. Jego g\u0142\u00f3wn\u0105 funkcj\u0105 jest podnoszenie, opuszczanie i przechylanie \u0142y\u017cki, u\u0142atwiaj\u0105c wykonywanie r\u00f3\u017cnych zada\u0144 zwi\u0105zanych z prze\u0142adunkiem materia\u0142\u00f3w. W uk\u0142adzie hydraulicznym si\u0142ownik \u0142y\u017cki wykorzystuje zmiany ci\u015bnienia oleju hydraulicznego, aby zapewni\u0107 precyzyjn\u0105 kontrol\u0119 nad \u0142y\u017ck\u0105, umo\u017cliwiaj\u0105c operatorom wydajne przenoszenie du\u017cych \u0142adunk\u00f3w, dostosowanie si\u0119 do z\u0142o\u017conych warunk\u00f3w pracy i zr\u00f3\u017cnicowanych potrzeb operacyjnych.<\/p>\n<p><img decoding=\"async\" src=\"https:\/\/www.hydraulic-cylinders.net\/wp-content\/uploads\/2025\/01\/songte-company-2.webp\" alt=\"Si\u0142ownik \u0142y\u017cki do du\u017cej koparki Lovol FR330\" \/><\/p>\n<h2>Cechy produktu<\/h2>\n<ul>\n<li>Wysoka wytrzyma\u0142o\u015b\u0107 i trwa\u0142o\u015b\u0107: Zazwyczaj wykonany z wysokowytrzyma\u0142ej stali lub aluminium, wytrzymuje wysokie ci\u015bnienie i du\u017ce obci\u0105\u017cenia, dostosowuj\u0105c si\u0119 do trudnych warunk\u00f3w pracy. Konstrukcja uwzgl\u0119dnia odporno\u015b\u0107 na zu\u017cycie i korozj\u0119, co wyd\u0142u\u017ca \u017cywotno\u015b\u0107.<\/li>\n<li>Wydajne dzia\u0142anie uk\u0142adu hydraulicznego: Wykorzystuje ci\u015bnienie oleju hydraulicznego w celu uzyskania p\u0142ynnego rozci\u0105gania i kurczenia, szybko reaguje na polecenia steruj\u0105ce, zapewnia du\u017ce si\u0142y pchaj\u0105ce i ci\u0105gn\u0105ce, odpowiednie do obs\u0142ugi ci\u0119\u017ckich \u0142adunk\u00f3w i skomplikowanych zada\u0144 operacyjnych.<\/li>\n<li>R\u00f3\u017cnorodne typy: Si\u0142owniki jednostronnego dzia\u0142ania (hydraulika dzia\u0142a tylko w jednym kierunku) lub dwustronnego dzia\u0142ania (hydraulika dzia\u0142a w obu kierunkach) mo\u017cna dobra\u0107 w zale\u017cno\u015bci od potrzeb, aby spe\u0142ni\u0107 r\u00f3\u017cne wymagania operacyjne. Niekt\u00f3re modele s\u0105 teleskopowe, co pozwala na wi\u0119ksze wysuni\u0119cie bez zwi\u0119kszania wymiar\u00f3w zewn\u0119trznych, i nadaje si\u0119 do zastosowa\u0144 w ograniczonej przestrzeni.<\/li>\n<li>Idealna wymiana: Nasz produkt mo\u017ce idealnie zast\u0105pi\u0107 te cylindry hydrauliczne.<\/li>\n<\/ul>\n<p><img decoding=\"async\" src=\"https:\/\/www.hydraulic-cylinders.net\/wp-content\/uploads\/2025\/01\/songte-cylinder-head-with-all-kinds-excavator-models.webp\" alt=\"Si\u0142ownik \u0142y\u017cki do du\u017cej koparki Lovol FR330\" \/><\/p>\n<h2>Zastosowanie<\/h2>\n<p>Si\u0142ownik \u0142y\u017cki do du\u017cej koparki Lovol FR330 jest szeroko stosowany w r\u00f3\u017cnych ga\u0142\u0119ziach przemys\u0142u, takich jak maszyny budowlane, maszyny rolnicze, koparki i \u0142adowarki czo\u0142owe. Poni\u017cej przedstawiono kilka przyk\u0142ad\u00f3w jego zastosowa\u0144:<\/p>\n<h3>Sprz\u0119t budowlany<\/h3>\n<ul>\n<li>Koparki: Cylinder \u0142y\u017cki pomaga w kopaniu, umo\u017cliwiaj\u0105c \u0142y\u017cce penetracj\u0119 gleby.<\/li>\n<li>Koparko-\u0142adowarki: Si\u0142ownik \u0142y\u017cki u\u0142atwia kopanie i podnoszenie.<\/li>\n<li>\u0141adowarki czo\u0142owe: Si\u0142ownik \u0142y\u017cki pomaga w wydajnym podnoszeniu i wysypywaniu \u0142adunku.<\/li>\n<\/ul>\n<h3>Maszyny rolnicze<\/h3>\n<ul>\n<li>\u0141adowarki czo\u0142owe: Cylinder \u0142y\u017cki pomaga w podnoszeniu i wysypywaniu ziemi, siana i innych materia\u0142\u00f3w.<\/li>\n<\/ul>\n<h2>Zagadnienia projektowe i kryteria wyboru<\/h2>\n<p>Przy wyborze lub projektowaniu cylindra \u0142y\u017cki do du\u017cej koparki Lovol FR330 nale\u017cy wzi\u0105\u0107 pod uwag\u0119 kilka kryteri\u00f3w:<\/p>\n<h3>No\u015bno\u015b\u0107<\/h3>\n<p>No\u015bno\u015b\u0107 cylindra czerpakowego powinna by\u0107 zdolna do wytrzymania maksymalnych obci\u0105\u017ce\u0144, kt\u00f3rym b\u0119dzie poddawany podczas pracy. To kryterium jest kluczowe dla zapewnienia bezpiecznej i wydajnej pracy cylindra czerpakowego.<\/p>\n<h3>Opiecz\u0119towanie<\/h3>\n<p>System uszczelnie\u0144 zastosowany w cylindrze \u0142y\u017cki powinien by\u0107 trwa\u0142y i niezawodny, aby zapewni\u0107 wydajn\u0105 prac\u0119 uk\u0142adu hydraulicznego i zapobiec jakimkolwiek wyciekom.<\/p>\n<h3>Trwa\u0142o\u015b\u0107<\/h3>\n<p>Trwa\u0142o\u015b\u0107 cylindra \u0142y\u017cki jest niezb\u0119dna, aby zagwarantowa\u0107 optymaln\u0105 prac\u0119 w trudnych warunkach roboczych, a tak\u017ce wyd\u0142u\u017cy\u0107 jego \u017cywotno\u015b\u0107.<\/p>\n<h3>Bezpiecze\u0144stwo<\/h3>\n<p>Podczas doboru lub projektowania cylindra czerpakowego nale\u017cy wzi\u0105\u0107 pod uwag\u0119 jego bezpiecze\u0144stwo, aby mie\u0107 pewno\u015b\u0107, \u017ce b\u0119dzie dzia\u0142a\u0142 bezpiecznie i wydajnie, zapobiegaj\u0105c wszelkim zagro\u017ceniom.<\/p>\n<h3>Konserwacja<\/h3>\n<p>Podczas doboru lub projektowania nale\u017cy wzi\u0105\u0107 pod uwag\u0119 konserwacj\u0119 cylindra kube\u0142kowego, aby w razie potrzeby mo\u017cna by\u0142o go \u0142atwo konserwowa\u0107 i naprawia\u0107.<\/p>\n<p><img decoding=\"async\" src=\"https:\/\/www.hydraulic-cylinders.net\/wp-content\/uploads\/2025\/01\/songte-oil-pipes-and-spare-parts.webp\" alt=\"Si\u0142ownik \u0142y\u017cki do du\u017cej koparki Lovol FR330\" \/><\/p>\n<h2>Uszczelnianie i smarowanie<\/h2>\n<p>Si\u0142ownik \u0142y\u017cki do du\u017cej koparki Lovol FR330 wykorzystuje r\u00f3\u017cne elementy uszczelniaj\u0105ce, takie jak uszczelnienia t\u0142oka, uszczelnienia t\u0142oczyska i uszczelnienia zgarniaj\u0105ce. Uszczelnienia te wykonane s\u0105 z materia\u0142\u00f3w odpornych na zu\u017cycie, takich jak poliuretan lub kauczuk nitrylowy, i zosta\u0142y zaprojektowane z my\u015bl\u0105 o trwa\u0142o\u015bci i niezawodno\u015bci. Aby zapewni\u0107 optymaln\u0105 prac\u0119, si\u0142ownik nale\u017cy smarowa\u0107 odpowiednim olejem hydraulicznym, kt\u00f3ry nale\u017cy regularnie uzupe\u0142nia\u0107.<\/p>\n<h2>Konserwacja i naprawa<\/h2>\n<p>Regularne przegl\u0105dy i konserwacja zapobiegawcza mog\u0105 pom\u00f3c wyd\u0142u\u017cy\u0107 \u017cywotno\u015b\u0107 cylindra \u0142y\u017cki koparki Lovol FR330. Nale\u017cy regularnie wykonywa\u0107 nast\u0119puj\u0105ce czynno\u015bci konserwacyjne:<\/p>\n<ul>\n<li>Sprawd\u017a, czy nie ma przeciek\u00f3w i w razie potrzeby wymie\u0144 zu\u017cyte uszczelki.<\/li>\n<li>Aby zapewni\u0107 optymaln\u0105 prac\u0119 cylindra, nale\u017cy go regularnie smarowa\u0107.<\/li>\n<li>Sprawd\u017a i skalibruj cylinder, aby zapewni\u0107 optymaln\u0105 wydajno\u015b\u0107.<\/li>\n<\/ul>\n<p><img decoding=\"async\" src=\"https:\/\/www.hydraulic-cylinders.net\/wp-content\/uploads\/2025\/01\/songte-chushion-collar.webp\" alt=\"Si\u0142ownik \u0142y\u017cki do du\u017cej koparki Lovol FR330\" \/><\/p>\n<h2>Zagadnienia bezpiecze\u0144stwa i czynniki \u015brodowiskowe<\/h2>\n<p>Si\u0142ownik \u0142y\u017cki do du\u017cej koparki Lovol FR330 jest niezb\u0119dnym elementem ci\u0119\u017ckiego sprz\u0119tu i nale\u017cy go u\u017cywa\u0107 ostro\u017cnie. Podczas monta\u017cu, obs\u0142ugi i konserwacji nale\u017cy przestrzega\u0107 procedur i wytycznych bezpiecze\u0144stwa, aby zapobiec wszelkim zagro\u017ceniom i wypadkom. Aby zapewni\u0107 optymaln\u0105 prac\u0119, nale\u017cy r\u00f3wnie\u017c uwzgl\u0119dni\u0107 czynniki \u015brodowiskowe, takie jak temperatura, wilgotno\u015b\u0107 i zanieczyszczenia.<\/p>\n<h2>Typowe problemy i rozwi\u0105zywanie problem\u00f3w<\/h2>\n<p>Si\u0142ownik \u0142y\u017cki do du\u017cej koparki Lovol FR330 mo\u017ce napotyka\u0107 r\u00f3\u017cne problemy podczas pracy, takie jak wycieki, niewystarczaj\u0105ca moc lub powolna reakcja. Poni\u017cej znajduje si\u0119 kilka typowych wskaz\u00f3wek dotycz\u0105cych rozwi\u0105zywania problem\u00f3w:<\/p>\n<ul>\n<li>Sprawd\u017a, czy nie ma przeciek\u00f3w i w razie potrzeby wymie\u0144 zu\u017cyte uszczelki.<\/li>\n<li>Sprawd\u017a uk\u0142ad hydrauliczny pod k\u0105tem ewentualnych blokad i usterek.<\/li>\n<li>Sprawd\u017a poziom oleju i w razie potrzeby dolej oleju.<\/li>\n<\/ul>\n<p><img decoding=\"async\" src=\"https:\/\/www.hydraulic-cylinders.net\/wp-content\/uploads\/2025\/01\/songte-bushings-with-all-kinds-of-excavator-models.webp\" alt=\"Si\u0142ownik \u0142y\u017cki do du\u017cej koparki Lovol FR330\" \/><\/p>\n<h2>O naszej firmie<\/h2>\n<p>Jeste\u015bmy producentem cylindr\u00f3w hydraulicznych, kt\u00f3re mog\u0105 zast\u0105pi\u0107 r\u00f3\u017cnego rodzaju cylindry hydrauliczne. Nasza firma oferuje szerok\u0105 gam\u0119 produkt\u00f3w i sta\u0142a si\u0119 jednym z wiod\u0105cych producent\u00f3w i hurtownik\u00f3w cylindr\u00f3w hydraulicznych na rynku krajowym i mi\u0119dzynarodowym. Przestrzegamy zasady doskona\u0142o\u015bci jako\u015bci i opieramy si\u0119 na przemys\u0142owych strategiach zarz\u0105dzania produkcj\u0105, aby zapewni\u0107 precyzyjne warsztaty produkcyjne. Nasze produkty s\u0105 wytwarzane przez utalentowanych specjalist\u00f3w, przy u\u017cyciu zaawansowanego sprz\u0119tu do produkcji cyfrowej oraz profesjonalnych system\u00f3w testowych, stale ulepszaj\u0105c platform\u0119 produkcyjn\u0105 warsztatu, podnosz\u0105c jako\u015b\u0107 linii produkcyjnych i dysponuj\u0105c silnymi mo\u017cliwo\u015bciami innowacyjnymi. Spe\u0142niamy zr\u00f3\u017cnicowane potrzeby naszych klient\u00f3w, zapewniaj\u0105c wysok\u0105 wydajno\u015b\u0107, precyzj\u0119 i jako\u015b\u0107.<\/p>\n<p><img decoding=\"async\" src=\"https:\/\/hzpt.com\/wp-content\/uploads\/2024\/11\/songte-company-1.webp\" alt=\"Si\u0142ownik \u0142y\u017cki do du\u017cej koparki Lovol FR330\" \/><\/p>\n<h2>Specjalizacje naszej firmy<\/h2>\n<ul>\n<li>Profesjonalizm: Posiadamy zesp\u00f3\u0142 profesjonalist\u00f3w z du\u017cym do\u015bwiadczeniem w produkcji cylindr\u00f3w hydraulicznych.<\/li>\n<li>Certyfikaty mi\u0119dzynarodowe: Nasze produkty posiadaj\u0105 szereg certyfikat\u00f3w mi\u0119dzynarodowych, takich jak ISO9001, CE i ROHS.<\/li>\n<li>Us\u0142ugi dostosowywania: Oferujemy us\u0142ugi dostosowywania, aby sprosta\u0107 zr\u00f3\u017cnicowanym potrzebom naszych klient\u00f3w.<\/li>\n<li>Sprz\u0119t produkcyjny: U\u017cywamy najnowocze\u015bniejszego cyfrowego sprz\u0119tu produkcyjnego, aby zapewni\u0107 jako\u015b\u0107 i wydajno\u015b\u0107 produktu.<\/li>\n<li>Serwis posprzeda\u017cowy: Zapewniamy serwis posprzeda\u017cowy, aby zagwarantowa\u0107 zadowolenie klienta i jako\u015b\u0107 produktu.<\/li>\n<\/ul>\n<p>Autor: lyl.<\/p>","protected":false},"excerpt":{"rendered":"<p>Bucket Cylinder For Lovol Large Excavator FR330 Introduction The bucket cylinder for Lovol Large Excavator FR330 is a specially designed hydraulic cylinder that is primarily used to control the movement of buckets in heavy machinery such as excavators, backhoe loaders, and front-end loaders. Its main function is to enable the bucket to lift, lower, and [&hellip;]<\/p>","protected":false},"featured_media":14771,"comment_status":"open","ping_status":"closed","template":"","meta":{"_et_pb_use_builder":"","_et_pb_old_content":"","_et_gb_content_width":""},"product_brand":[],"product_cat":[1494],"product_tag":[1495,1496],"class_list":{"0":"post-15562","1":"product","2":"type-product","3":"status-publish","4":"has-post-thumbnail","6":"product_cat-bucket-cylinders","7":"product_tag-bucket-cylinders","8":"product_tag-hydraulic-cylinders","10":"first","11":"instock","12":"shipping-taxable","13":"product-type-simple"},"amp_enabled":true,"_links":{"self":[{"href":"https:\/\/www.hydraulic-cylinders.net\/pl\/wp-json\/wp\/v2\/product\/15562","targetHints":{"allow":["GET"]}}],"collection":[{"href":"https:\/\/www.hydraulic-cylinders.net\/pl\/wp-json\/wp\/v2\/product"}],"about":[{"href":"https:\/\/www.hydraulic-cylinders.net\/pl\/wp-json\/wp\/v2\/types\/product"}],"replies":[{"embeddable":true,"href":"https:\/\/www.hydraulic-cylinders.net\/pl\/wp-json\/wp\/v2\/comments?post=15562"}],"wp:featuredmedia":[{"embeddable":true,"href":"https:\/\/www.hydraulic-cylinders.net\/pl\/wp-json\/wp\/v2\/media\/14771"}],"wp:attachment":[{"href":"https:\/\/www.hydraulic-cylinders.net\/pl\/wp-json\/wp\/v2\/media?parent=15562"}],"wp:term":[{"taxonomy":"product_brand","embeddable":true,"href":"https:\/\/www.hydraulic-cylinders.net\/pl\/wp-json\/wp\/v2\/product_brand?post=15562"},{"taxonomy":"product_cat","embeddable":true,"href":"https:\/\/www.hydraulic-cylinders.net\/pl\/wp-json\/wp\/v2\/product_cat?post=15562"},{"taxonomy":"product_tag","embeddable":true,"href":"https:\/\/www.hydraulic-cylinders.net\/pl\/wp-json\/wp\/v2\/product_tag?post=15562"}],"curies":[{"name":"wp","href":"https:\/\/api.w.org\/{rel}","templated":true}]}}