{"id":15564,"date":"2025-01-19T14:41:21","date_gmt":"2025-01-19T14:41:21","guid":{"rendered":"https:\/\/www.hydraulic-cylinders.net\/product\/bucket-cylinder-for-lovol-large-excavator-fr460d\/"},"modified":"2025-01-19T14:41:23","modified_gmt":"2025-01-19T14:41:23","slug":"bucket-cylinder-for-lovol-large-excavator-fr460d","status":"publish","type":"product","link":"https:\/\/www.hydraulic-cylinders.net\/pl\/produkt\/bucket-cylinder-for-lovol-large-excavator-fr460d\/","title":{"rendered":"Si\u0142ownik \u0142y\u017cki do du\u017cej koparki Lovol FR460D"},"content":{"rendered":"<h1>Si\u0142ownik \u0142y\u017cki do du\u017cej koparki Lovol FR460D<\/h1>\n<h2>Wst\u0119p<\/h2>\n<p>Si\u0142ownik \u0142y\u017cki to specjalnie zaprojektowany si\u0142ownik hydrauliczny s\u0142u\u017c\u0105cy do sterowania ruchem \u0142y\u017cki w ci\u0119\u017ckich maszynach, takich jak koparki, koparko-\u0142adowarki i \u0142adowarki czo\u0142owe. Umo\u017cliwia on podnoszenie, opuszczanie i przechylanie \u0142y\u017cki, u\u0142atwiaj\u0105c wykonywanie r\u00f3\u017cnych zada\u0144 zwi\u0105zanych z prze\u0142adunkiem materia\u0142\u00f3w. W uk\u0142adzie hydraulicznym si\u0142ownik \u0142y\u017cki wykorzystuje zmiany ci\u015bnienia oleju hydraulicznego, aby zapewni\u0107 precyzyjn\u0105 kontrol\u0119 nad \u0142y\u017ck\u0105, umo\u017cliwiaj\u0105c operatorom wydajne przenoszenie ci\u0119\u017ckich \u0142adunk\u00f3w i dostosowanie si\u0119 do z\u0142o\u017conych warunk\u00f3w pracy oraz zr\u00f3\u017cnicowanych potrzeb operacyjnych.<\/p>\n<p><img decoding=\"async\" src=\"https:\/\/www.hydraulic-cylinders.net\/wp-content\/uploads\/2025\/01\/songte-company-2.webp\" alt=\"Obraz cylindra wiadra\"><\/p>\n<h2>Cechy produktu<\/h2>\n<ul>\n<li>Wysoka wytrzyma\u0142o\u015b\u0107 i trwa\u0142o\u015b\u0107: Zazwyczaj wykonany z wysokowytrzyma\u0142ej stali lub aluminium, wytrzymuje du\u017ce ci\u015bnienie i obci\u0105\u017cenia, jest przystosowany do trudnych warunk\u00f3w pracy oraz zaprojektowany z my\u015bl\u0105 o odporno\u015bci na zu\u017cycie i korozj\u0119, co wyd\u0142u\u017ca jego \u017cywotno\u015b\u0107.<\/li>\n<li>Wydajna praca uk\u0142adu hydraulicznego: Wykorzystuje ci\u015bnienie oleju hydraulicznego w celu uzyskania p\u0142ynnego wysuwania i wsuwania, szybkiej reakcji na polecenia steruj\u0105ce oraz zapewnienia du\u017cej si\u0142y pchania i ci\u0105gni\u0119cia, odpowiedniej do obs\u0142ugi ci\u0119\u017ckich \u0142adunk\u00f3w i wykonywania skomplikowanych zada\u0144.<\/li>\n<li>R\u00f3\u017cne typy: Mo\u017cna wybra\u0107 cylindry jednostronnego dzia\u0142ania (hydrauliczne dzia\u0142aj\u0105ce tylko w jednym kierunku) lub dwustronnego dzia\u0142ania (hydrauliczne dzia\u0142aj\u0105ce w dw\u00f3ch kierunkach), w zale\u017cno\u015bci od potrzeb i wymaga\u0144 operacyjnych. Niekt\u00f3re modele s\u0105 teleskopowe, co pozwala na wi\u0119ksz\u0105 rozbudow\u0119 bez zwi\u0119kszania wymiar\u00f3w zewn\u0119trznych, i nadaje si\u0119 do zastosowa\u0144 w ograniczonej przestrzeni.<\/li>\n<li>Kompatybilno\u015b\u0107: Nasz produkt doskonale zast\u0119puje te si\u0142owniki hydrauliczne.<\/li>\n<\/ul>\n<p><img decoding=\"async\" src=\"https:\/\/www.hydraulic-cylinders.net\/wp-content\/uploads\/2025\/01\/songte-cylinder-head-with-all-kinds-excavator-models.webp\" alt=\"Obraz produktu\"><\/p>\n<h2>Zastosowanie<\/h2>\n<p>Cylinder czerpakowy jest powszechnie stosowany w r\u00f3\u017cnych maszynach ci\u0119\u017ckich, w tym m.in.:<\/p>\n<ul>\n<li>Sprz\u0119t budowlany: W koparkach s\u0105 one niezb\u0119dne do kopania, za\u0142adunku i przemieszczania gleby lub gruzu. W koparko-\u0142adowarkach si\u0142ownik \u0142y\u017cki u\u0142atwia zar\u00f3wno kopanie, jak i podnoszenie. <\/li>\n<li>Maszyny rolnicze: Stosowane w \u0142adowarkach czo\u0142owych do nabierania, podnoszenia i transportu gleby, siana i innych materia\u0142\u00f3w. <\/li>\n<li>Koparki: Cylindry \u0142y\u017cki umo\u017cliwiaj\u0105 kopanie, pozwalaj\u0105c \u0142y\u017cce wnika\u0107 w gleb\u0119. <\/li>\n<li>\u0141adowarki: W \u0142adowarkach czo\u0142owych pomagaj\u0105 w wydajnym podnoszeniu i przechylaniu towar\u00f3w. <\/li>\n<\/ul>\n<h2>Zagadnienia projektowe i kryteria wyboru<\/h2>\n<ul>\n<li>No\u015bno\u015b\u0107: Cylindry kube\u0142kowe nale\u017cy projektowa\u0107 i dobiera\u0107 na podstawie no\u015bno\u015bci wymaganej w danym zastosowaniu. <\/li>\n<li>Uszczelnienie: Nale\u017cy wybra\u0107 r\u00f3\u017cne elementy uszczelniaj\u0105ce, takie jak pier\u015bcienie uszczelniaj\u0105ce t\u0142oka, pier\u015bcienie uszczelniaj\u0105ce t\u0142oczyska itp. Do uszczelniania element\u00f3w stosuje si\u0119 zazwyczaj poliuretan, kauczuk nitrylowy i inne materia\u0142y odporne na zu\u017cycie. <\/li>\n<li>Trwa\u0142o\u015b\u0107: Aby zapewni\u0107 d\u0142ug\u0105 \u017cywotno\u015b\u0107, nale\u017cy wzi\u0105\u0107 pod uwag\u0119 takie czynniki, jak odporno\u015b\u0107 na zu\u017cycie, odporno\u015b\u0107 na korozj\u0119 i czynniki \u015brodowiskowe. <\/li>\n<li>Bezpiecze\u0144stwo: Nale\u017cy podj\u0105\u0107 odpowiednie \u015brodki bezpiecze\u0144stwa, aby zapobiec wypadkom podczas pracy, a cylinder powinien by\u0107 zaprojektowany w spos\u00f3b minimalizuj\u0105cy ryzyko awarii. <\/li>\n<li>\u0141atwo\u015b\u0107 konserwacji: Cylinder powinien by\u0107 zaprojektowany w spos\u00f3b umo\u017cliwiaj\u0105cy \u0142atw\u0105 konserwacj\u0119 i napraw\u0119, a demonta\u017c i monta\u017c powinny by\u0107 proste i wygodne. <\/li>\n<\/ul>\n<p><img decoding=\"async\" src=\"https:\/\/www.hydraulic-cylinders.net\/wp-content\/uploads\/2025\/01\/songte-oil-pipes-and-spare-parts.webp\" alt=\"Projekt obrazu\"><\/p>\n<h2>Uszczelnianie i smarowanie<\/h2>\n<p>Aby zapewni\u0107 niezawodne uszczelnienie, nale\u017cy dobra\u0107 r\u00f3\u017cne elementy uszczelniaj\u0105ce, takie jak pier\u015bcienie uszczelniaj\u0105ce t\u0142oka, pier\u015bcienie uszczelniaj\u0105ce t\u0142oczyska itp. Do uszczelnie\u0144 zazwyczaj stosuje si\u0119 materia\u0142y odporne na zu\u017cycie, takie jak poliuretan i kauczuk nitrylowy. Korpus cylindra i powierzchnia gwintu powinny by\u0107 precyzyjnie obrobione, aby zwi\u0119kszy\u0107 odporno\u015b\u0107 na zu\u017cycie. Aby zapewni\u0107 p\u0142ynn\u0105 prac\u0119, nale\u017cy regularnie smarowa\u0107 olejem hydraulicznym.<\/p>\n<h2>Konserwacja i naprawa<\/h2>\n<p>Regularne przegl\u0105dy, odpowiednie smarowanie, wymiana uszczelnie\u0144 i kalibracja to typowe czynno\u015bci konserwacyjne. Prawid\u0142owy monta\u017c, smarowanie i regulacja s\u0105 kluczowe dla zapewnienia d\u0142ugotrwa\u0142ej niezawodno\u015bci. Podczas monta\u017cu nale\u017cy zapewni\u0107 odpowiednie wytyczne dotycz\u0105ce ustawienia oraz u\u017cy\u0107 odpowiednich wspornik\u00f3w monta\u017cowych do zabezpieczenia cylindra. Aby zapewni\u0107 d\u0142ug\u0105 \u017cywotno\u015b\u0107 cylindra, nale\u017cy przestrzega\u0107 zalecanych procedur kontroli, napraw i wymiany.<\/p>\n<p><img decoding=\"async\" src=\"https:\/\/www.hydraulic-cylinders.net\/wp-content\/uploads\/2025\/01\/songte-chushion-collar.webp\" alt=\"Obraz konserwacyjny\"><\/p>\n<h2>Bezpiecze\u0144stwo i wzgl\u0119dy \u015brodowiskowe<\/h2>\n<p>Nale\u017cy podj\u0105\u0107 \u015brodki bezpiecze\u0144stwa, aby zapewni\u0107 bezpieczn\u0105 obs\u0142ug\u0119 i zapobiec potencjalnym wypadkom. Podczas projektowania i doboru cylindr\u00f3w czerpakowych nale\u017cy r\u00f3wnie\u017c uwzgl\u0119dni\u0107 czynniki \u015brodowiskowe, takie jak temperatura, wilgotno\u015b\u0107 i zapylenie. Prawid\u0142owa utylizacja zu\u017cytego oleju hydraulicznego powinna by\u0107 zgodna z przepisami ochrony \u015brodowiska.<\/p>\n<h2>Diagnostyka usterek i typowe problemy<\/h2>\n<ul>\n<li>Powolna lub ospa\u0142a praca <\/li>\n<li>Nadmierny ha\u0142as <\/li>\n<li>Wyciek oleju <\/li>\n<li>Trudno\u015bci w pozycjonowaniu <\/li>\n<li>Szarpany ruch <\/li>\n<\/ul>\n<p>Aby rozwi\u0105za\u0107 te problemy, nale\u017cy przeprowadzi\u0107 dok\u0142adn\u0105 kontrol\u0119 cylindra i uk\u0142adu hydraulicznego, sprawdzi\u0107, czy nie ma wyciek\u00f3w, a tak\u017ce wymieni\u0107 zu\u017cyte lub uszkodzone podzespo\u0142y.<\/p>\n<h2>O naszej firmie<\/h2>\n<p>Jeste\u015bmy producentem si\u0142ownik\u00f3w hydraulicznych, kt\u00f3re mog\u0105 zast\u0105pi\u0107 oryginalne si\u0142owniki hydrauliczne. Oferujemy pe\u0142n\u0105 gam\u0119 produkt\u00f3w i stali\u015bmy si\u0119 jednym z wiod\u0105cych producent\u00f3w i hurtowych dystrybutor\u00f3w si\u0142ownik\u00f3w hydraulicznych na rynku krajowym i mi\u0119dzynarodowym. Przestrzegamy zasad doskona\u0142ej jako\u015bci i opieramy si\u0119 na strategii zarz\u0105dzania produkcj\u0105 przemys\u0142ow\u0105 w wyspecjalizowanych warsztatach produkcyjnych. Nasza firma stale udoskonala platform\u0119 produkcyjn\u0105 warsztatu, doskonali jako\u015b\u0107 linii produkcyjnej i posiada silny potencja\u0142 kreatywny, aby sprosta\u0107 zr\u00f3\u017cnicowanym potrzebom klient\u00f3w, zapewniaj\u0105c wysok\u0105 wydajno\u015b\u0107, precyzj\u0119 i jako\u015b\u0107.<\/p>\n<p><img decoding=\"async\" src=\"https:\/\/www.hydraulic-cylinders.net\/wp-content\/uploads\/2025\/01\/songte-company-3.webp\" alt=\"Wizerunek firmy\"><\/p>\n<h2>Profesjonalizm<\/h2>\n<p>Nasz zesp\u00f3\u0142 sk\u0142ada si\u0119 z profesjonalnych technik\u00f3w i in\u017cynier\u00f3w z wieloletnim do\u015bwiadczeniem w bran\u017cy cylindr\u00f3w hydraulicznych. Nasi technicy i in\u017cynierowie dok\u0142adaj\u0105 wszelkich stara\u0144, aby dostarcza\u0107 naszym klientom produkty i us\u0142ugi najwy\u017cszej jako\u015bci.<\/p>\n<h2>Mi\u0119dzynarodowa Certyfikacja<\/h2>\n<p>Nasze cylindry hydrauliczne produkowane s\u0105 zgodnie z normami mi\u0119dzynarodowymi i posiadaj\u0105 szereg certyfikat\u00f3w, takich jak ISO 9001 i certyfikat CE.<\/p>\n<h2>Us\u0142uga personalizacji<\/h2>\n<p>Oferujemy us\u0142ugi dostosowywania do szczeg\u00f3lnych wymaga\u0144 naszych klient\u00f3w, w tym dostosowywanie konstrukcji cylindr\u00f3w hydraulicznych do konkretnych potrzeb klienta.<\/p>\n<h2>Sprz\u0119t produkcyjny<\/h2>\n<p>Dysponujemy zaawansowanym sprz\u0119tem produkcyjnym, obejmuj\u0105cym m.in. najwy\u017cszej klasy cyfrowy sprz\u0119t produkcyjny, umo\u017cliwiaj\u0105cym wytwarzanie cylindr\u00f3w hydraulicznych o wysokiej wydajno\u015bci, precyzji i jako\u015bci.<\/p>\n<h2>Serwis posprzeda\u017cowy<\/h2>\n<p>Zapewniamy kompleksowy serwis posprzeda\u017cowy, obejmuj\u0105cy konserwacj\u0119, naprawy i wymian\u0119 cz\u0119\u015bci. Naszym celem jest zapewnienie ka\u017cdemu klientowi satysfakcji z naszych produkt\u00f3w i us\u0142ug.<\/p>\n<p><img decoding=\"async\" src=\"https:\/\/hzpt.com\/wp-content\/uploads\/2024\/11\/songte-company-1.webp\" alt=\"Wizerunek firmy\"><\/p>\n<h3>Autor: lyl<\/h3>","protected":false},"excerpt":{"rendered":"<p>Bucket Cylinder For Lovol Large Excavator FR460D Introduction A bucket cylinder is a specially designed hydraulic cylinder used to control the movement of the bucket in heavy machinery such as excavators, backhoe excavators, and front-end loaders. It enables the bucket to lift, lower, and tilt, making it easier to handle various material-handling tasks. In the [&hellip;]<\/p>","protected":false},"featured_media":14765,"comment_status":"open","ping_status":"closed","template":"","meta":{"_et_pb_use_builder":"","_et_pb_old_content":"","_et_gb_content_width":""},"product_brand":[],"product_cat":[1494],"product_tag":[1495,1496],"class_list":{"0":"post-15564","1":"product","2":"type-product","3":"status-publish","4":"has-post-thumbnail","6":"product_cat-bucket-cylinders","7":"product_tag-bucket-cylinders","8":"product_tag-hydraulic-cylinders","10":"first","11":"instock","12":"shipping-taxable","13":"product-type-simple"},"amp_enabled":true,"_links":{"self":[{"href":"https:\/\/www.hydraulic-cylinders.net\/pl\/wp-json\/wp\/v2\/product\/15564","targetHints":{"allow":["GET"]}}],"collection":[{"href":"https:\/\/www.hydraulic-cylinders.net\/pl\/wp-json\/wp\/v2\/product"}],"about":[{"href":"https:\/\/www.hydraulic-cylinders.net\/pl\/wp-json\/wp\/v2\/types\/product"}],"replies":[{"embeddable":true,"href":"https:\/\/www.hydraulic-cylinders.net\/pl\/wp-json\/wp\/v2\/comments?post=15564"}],"wp:featuredmedia":[{"embeddable":true,"href":"https:\/\/www.hydraulic-cylinders.net\/pl\/wp-json\/wp\/v2\/media\/14765"}],"wp:attachment":[{"href":"https:\/\/www.hydraulic-cylinders.net\/pl\/wp-json\/wp\/v2\/media?parent=15564"}],"wp:term":[{"taxonomy":"product_brand","embeddable":true,"href":"https:\/\/www.hydraulic-cylinders.net\/pl\/wp-json\/wp\/v2\/product_brand?post=15564"},{"taxonomy":"product_cat","embeddable":true,"href":"https:\/\/www.hydraulic-cylinders.net\/pl\/wp-json\/wp\/v2\/product_cat?post=15564"},{"taxonomy":"product_tag","embeddable":true,"href":"https:\/\/www.hydraulic-cylinders.net\/pl\/wp-json\/wp\/v2\/product_tag?post=15564"}],"curies":[{"name":"wp","href":"https:\/\/api.w.org\/{rel}","templated":true}]}}