{"id":15569,"date":"2025-01-19T14:41:41","date_gmt":"2025-01-19T14:41:41","guid":{"rendered":"https:\/\/www.hydraulic-cylinders.net\/product\/bucket-cylinder-for-liugong-small-excavator-clg915d\/"},"modified":"2025-01-19T14:41:43","modified_gmt":"2025-01-19T14:41:43","slug":"bucket-cylinder-for-liugong-small-excavator-clg915d","status":"publish","type":"product","link":"https:\/\/www.hydraulic-cylinders.net\/pl\/produkt\/bucket-cylinder-for-liugong-small-excavator-clg915d\/","title":{"rendered":"Si\u0142ownik \u0142y\u017cki do ma\u0142ej koparki Liugong CLG915D"},"content":{"rendered":"<h1>Si\u0142ownik \u0142y\u017cki do ma\u0142ej koparki Liugong CLG915D<\/h1>\n<h2>Wst\u0119p<\/h2>\n<p>Si\u0142ownik \u0142y\u017cki to specjalistyczny si\u0142ownik hydrauliczny przeznaczony g\u0142\u00f3wnie do sterowania ruchem \u0142y\u017cek w ci\u0119\u017ckich maszynach, takich jak koparki, koparko-\u0142adowarki i \u0142adowarki czo\u0142owe. Jego g\u0142\u00f3wn\u0105 funkcj\u0105 jest podnoszenie, opuszczanie i przechylanie \u0142y\u017cki, u\u0142atwiaj\u0105c transport r\u00f3\u017cnych materia\u0142\u00f3w. W uk\u0142adzie hydraulicznym si\u0142ownik \u0142y\u017cki zapewnia precyzyjn\u0105 kontrol\u0119 nad \u0142y\u017ck\u0105 poprzez zmiany ci\u015bnienia oleju hydraulicznego, umo\u017cliwiaj\u0105c operatorom sprawne operowanie ci\u0119\u017ckimi \u0142adunkami i dostosowanie si\u0119 do z\u0142o\u017conych warunk\u00f3w pracy oraz zr\u00f3\u017cnicowanych wymaga\u0144 operacyjnych.<\/p>\n<p><img decoding=\"async\" src=\"https:\/\/www.hydraulic-cylinders.net\/wp-content\/uploads\/2025\/01\/songte-company-2.webp\" alt=\"Cylinder kube\u0142kowy\"><\/p>\n<h2>Cechy<\/h2>\n<ul>\n<li>Wysoka wytrzyma\u0142o\u015b\u0107 i trwa\u0142o\u015b\u0107: zazwyczaj wykonane z wytrzyma\u0142ej stali lub aluminium, wytrzymuj\u0105 du\u017ce ci\u015bnienie i du\u017ce obci\u0105\u017cenia, a tak\u017ce s\u0105 projektowane z uwzgl\u0119dnieniem odporno\u015bci na zu\u017cycie i korozj\u0119, co wyd\u0142u\u017ca ich \u017cywotno\u015b\u0107.<\/li>\n<li>Wydajna praca uk\u0142adu hydraulicznego: wykorzystuje ci\u015bnienie oleju hydraulicznego w celu uzyskania p\u0142ynnego rozci\u0105gania i wci\u0105gania, umo\u017cliwia szybk\u0105 reakcj\u0119 na polecenia steruj\u0105ce, zapewnia du\u017c\u0105 si\u0142\u0119 pchania i ci\u0105gni\u0119cia, nadaje si\u0119 do obs\u0142ugi ci\u0119\u017ckich \u0142adunk\u00f3w i skomplikowanych zada\u0144 operacyjnych.<\/li>\n<li>R\u00f3\u017cne typy: cylindry jednostronnego dzia\u0142ania (wykorzystuj\u0105ce hydraulik\u0119 tylko w jednym kierunku) lub dwustronnego dzia\u0142ania (wykorzystuj\u0105ce hydraulik\u0119 w dw\u00f3ch kierunkach) mo\u017cna wybiera\u0107 w zale\u017cno\u015bci od potrzeb operacyjnych, niekt\u00f3re modele s\u0105 teleskopowe, co pozwala na wi\u0119ksze wyd\u0142u\u017cenie bez zwi\u0119kszania wymiar\u00f3w zewn\u0119trznych, odpowiednie do zastosowa\u0144 w ograniczonej przestrzeni.<\/li>\n<li>Bezpo\u015brednia wymiana: nasze produkty doskonale zast\u0119puj\u0105 te si\u0142owniki hydrauliczne.<\/li>\n<\/ul>\n<p><img decoding=\"async\" src=\"https:\/\/www.hydraulic-cylinders.net\/wp-content\/uploads\/2025\/01\/songte-cylinder-head-with-all-kinds-excavator-models.webp\" alt=\"Si\u0142ownik hydrauliczny\"><\/p>\n<h2>Aplikacje<\/h2>\n<p>Cylinder kube\u0142kowy jest szeroko stosowany w nast\u0119puj\u0105cych ga\u0142\u0119ziach przemys\u0142u:<\/p>\n<ul>\n<li>Sprz\u0119t budowlany: w koparkach s\u0105 niezb\u0119dne do kopania, za\u0142adunku i przemieszczania gleby lub gruzu. W koparko-\u0142adowarkach cylindry \u0142y\u017cki pomagaj\u0105 zar\u00f3wno w wykopywaniu, jak i podnoszeniu. <\/li>\n<li>Maszyny rolnicze: stosowane w \u0142adowarkach czo\u0142owych do nabierania, podnoszenia i transportu gleby, siana i innych materia\u0142\u00f3w. <\/li>\n<li>Koparki: cylindry \u0142y\u017cki umo\u017cliwiaj\u0105 kopanie poprzez umo\u017cliwienie \u0142y\u017cce zag\u0142\u0119biania si\u0119 w gleb\u0119. <\/li>\n<li>\u0141adowarki: w \u0142adowarkach czo\u0142owych pomagaj\u0105 w efektywnym podnoszeniu i wysypywaniu \u0142adunk\u00f3w. <\/li>\n<\/ul>\n<h2>Zagadnienia projektowe i kryteria wyboru<\/h2>\n<p>Bior\u0105c pod uwag\u0119 takie czynniki projektowe jak no\u015bno\u015b\u0107, uszczelnienie, trwa\u0142o\u015b\u0107, bezpiecze\u0144stwo i \u0142atwo\u015b\u0107 konserwacji, si\u0142owniki hydrauliczne musz\u0105 by\u0107 odpowiednio zaprojektowane i dobrane, aby spe\u0142nia\u0142y wymagania operacyjne:<\/p>\n<ul>\n<li>No\u015bno\u015b\u0107: si\u0142ownik hydrauliczny musi by\u0107 w stanie wytrzyma\u0107 maksymalne obci\u0105\u017cenie, jakiemu b\u0119dzie poddawany w trakcie pracy.<\/li>\n<li>Uszczelnienie: stosowane s\u0105 r\u00f3\u017cnorodne elementy uszczelniaj\u0105ce, takie jak uszczelnienia t\u0142ok\u00f3w, uszczelnienia t\u0142oczysk itp., a materia\u0142y uszczelniaj\u0105ce, takie jak poliuretan i kauczuk nitrylowy, dobierane s\u0105 ze wzgl\u0119du na ich odporno\u015b\u0107 na zu\u017cycie.<\/li>\n<li>Trwa\u0142o\u015b\u0107: korpusy cylindr\u00f3w i gwinty s\u0105 poddawane precyzyjnej obr\u00f3bce w celu zwi\u0119kszenia odporno\u015bci na zu\u017cycie, a w celu wyd\u0142u\u017cenia \u017cywotno\u015bci stosowane s\u0105 odpowiednie \u015brodki smarne.<\/li>\n<li>Bezpiecze\u0144stwo: w celu zapobiegania wypadkom stosuje si\u0119 urz\u0105dzenia bezpiecze\u0144stwa, takie jak zawory bezpiecze\u0144stwa.<\/li>\n<li>Konserwacja: zaleca si\u0119 regularne kontrole, testowanie i konserwacj\u0119 w celu identyfikacji potencjalnych problem\u00f3w i zapobiegania przestojom.<\/li>\n<\/ul>\n<p><img decoding=\"async\" src=\"https:\/\/www.hydraulic-cylinders.net\/wp-content\/uploads\/2025\/01\/songte-oil-pipes-and-spare-parts.webp\" alt=\"Komponenty cylindr\u00f3w hydraulicznych\"><\/p>\n<h2>Uszczelnianie i smarowanie<\/h2>\n<p>Stosowane s\u0105 r\u00f3\u017cne elementy uszczelniaj\u0105ce, takie jak uszczelnienia t\u0142ok\u00f3w, uszczelnienia t\u0142oczysk itp., a materia\u0142y uszczelniaj\u0105ce, takie jak poliuretan i kauczuk nitrylowy, dobierane s\u0105 ze wzgl\u0119du na ich odporno\u015b\u0107 na zu\u017cycie. Korpusy cylindr\u00f3w i gwinty s\u0105 precyzyjnie obrabiane w celu zwi\u0119kszenia odporno\u015bci na zu\u017cycie, a odpowiednie \u015brodki smarne wyd\u0142u\u017caj\u0105 \u017cywotno\u015b\u0107.<\/p>\n<h2>Inspekcja, konserwacja i naprawa<\/h2>\n<p>Zaleca si\u0119 regularne kontrole, smarowanie i kalibracj\u0119, aby zapewni\u0107 prawid\u0142owe dzia\u0142anie i wyd\u0142u\u017cy\u0107 \u017cywotno\u015b\u0107. Typowe czynno\u015bci konserwacyjne obejmuj\u0105:<\/p>\n<ul>\n<li>Regularna kontrola korpusu cylindra, t\u0142oka, pr\u0119ta i innych element\u00f3w pod k\u0105tem zu\u017cycia i uszkodze\u0144.<\/li>\n<li>Prawid\u0142owe smarowanie uszczelek, gwint\u00f3w i innych ruchomych cz\u0119\u015bci.<\/li>\n<li>Wymiana zu\u017cytych lub uszkodzonych uszczelek i innych podzespo\u0142\u00f3w, a tak\u017ce kontrola kalibracji w celu zapewnienia prawid\u0142owego dzia\u0142ania.<\/li>\n<\/ul>\n<p><img decoding=\"async\" src=\"https:\/\/www.hydraulic-cylinders.net\/wp-content\/uploads\/2025\/01\/songte-chushion-collar.webp\" alt=\"Monta\u017c cylindra hydraulicznego\"><\/p>\n<h2>Zagadnienia bezpiecze\u0144stwa i czynniki \u015brodowiskowe<\/h2>\n<p>Podczas u\u017cytkowania cylindr\u00f3w hydraulicznych istotne s\u0105 \u015brodki bezpiecze\u0144stwa. Operatorzy powinni by\u0107 odpowiednio przeszkoleni i przestrzega\u0107 wytycznych i przepis\u00f3w bezpiecze\u0144stwa. Nale\u017cy r\u00f3wnie\u017c uwzgl\u0119dni\u0107 czynniki \u015brodowiskowe, takie jak temperatura, wilgotno\u015b\u0107 i kurz, poniewa\u017c mog\u0105 one wp\u0142ywa\u0107 na wydajno\u015b\u0107 i \u017cywotno\u015b\u0107 cylindr\u00f3w hydraulicznych.<\/p>\n<h2>Rozwi\u0105zywanie problem\u00f3w i typowe problemy<\/h2>\n<p>Do typowych problem\u00f3w z si\u0142ownikami hydraulicznymi nale\u017c\u0105 nieszczelno\u015bci, brak mo\u017cliwo\u015bci wysuwania lub wsuwania oraz zmniejszony ud\u017awig. Wskaz\u00f3wki dotycz\u0105ce rozwi\u0105zywania problem\u00f3w i ich rozwi\u0105zania:<\/p>\n<ul>\n<li>Identyfikacja nieszczelno\u015bci i wymiana zu\u017cytych lub uszkodzonych uszczelek.<\/li>\n<li>Kontrola poziomu p\u0142ynu hydraulicznego i wymiana zanieczyszczonego p\u0142ynu.<\/li>\n<li>Kontrola przewod\u00f3w i przy\u0142\u0105czy hydraulicznych pod k\u0105tem uszkodze\u0144 i zablokowa\u0144.<\/li>\n<li>Kontrola urz\u0105dze\u0144 zabezpieczaj\u0105cych i kalibracja zawor\u00f3w bezpiecze\u0144stwa.<\/li>\n<\/ul>\n<p><img decoding=\"async\" src=\"https:\/\/www.hydraulic-cylinders.net\/wp-content\/uploads\/2025\/01\/songte-bushings-with-all-kinds-of-excavator-models.webp\" alt=\"Komponenty cylindr\u00f3w hydraulicznych\"><\/p>\n<h2>O naszej firmie<\/h2>\n<p>Jeste\u015bmy producentem zamiennych cylindr\u00f3w hydraulicznych oferuj\u0105cym pe\u0142n\u0105 gam\u0119 produkt\u00f3w, staj\u0105c si\u0119 jednym z wiod\u0105cych producent\u00f3w i hurtowych dystrybutor\u00f3w cylindr\u00f3w hydraulicznych na rynku krajowym i mi\u0119dzynarodowym. Przestrzegamy zasady doskona\u0142ej jako\u015bci, opieraj\u0105c si\u0119 na strategii zarz\u0105dzania produkcj\u0105 przemys\u0142ow\u0105, obejmuj\u0105cej precyzyjne warsztaty produkcyjne, ci\u0105g\u0142e doskonalenie platform produkcyjnych oraz doskonalenie jako\u015bci proces\u00f3w produkcyjnych. Posiadamy bogate do\u015bwiadczenie w tworzeniu produkt\u00f3w o wysokiej wydajno\u015bci, precyzji i jako\u015bci, aby sprosta\u0107 zr\u00f3\u017cnicowanym potrzebom klient\u00f3w.<\/p>\n<p>Nasza firma zapewnia profesjonalne, certyfikowane mi\u0119dzynarodowo, dostosowane do potrzeb klienta us\u0142ugi, zaawansowany sprz\u0119t produkcyjny i us\u0142ugi posprzeda\u017cowe.<\/p>\n<p><img decoding=\"async\" src=\"https:\/\/hzpt.com\/wp-content\/uploads\/2024\/11\/songte-company-1.webp\" alt=\"Wizerunek firmy\"><\/p>\n<p>Autor: lyl.<\/p>","protected":false},"excerpt":{"rendered":"<p>Bucket Cylinder For Liugong Small Excavator CLG915D Introduction The bucket cylinder is a specialized hydraulic cylinder designed primarily to control the movement of buckets in heavy machinery such as excavators, backhoe loaders, and front-end loaders. Its main function is to enable the bucket to lift, lower, and tilt, making it easier to transport various materials. [&hellip;]<\/p>","protected":false},"featured_media":14787,"comment_status":"open","ping_status":"closed","template":"","meta":{"_et_pb_use_builder":"","_et_pb_old_content":"","_et_gb_content_width":""},"product_brand":[],"product_cat":[1494],"product_tag":[1495,1496],"class_list":{"0":"post-15569","1":"product","2":"type-product","3":"status-publish","4":"has-post-thumbnail","6":"product_cat-bucket-cylinders","7":"product_tag-bucket-cylinders","8":"product_tag-hydraulic-cylinders","10":"first","11":"instock","12":"shipping-taxable","13":"product-type-simple"},"amp_enabled":true,"_links":{"self":[{"href":"https:\/\/www.hydraulic-cylinders.net\/pl\/wp-json\/wp\/v2\/product\/15569","targetHints":{"allow":["GET"]}}],"collection":[{"href":"https:\/\/www.hydraulic-cylinders.net\/pl\/wp-json\/wp\/v2\/product"}],"about":[{"href":"https:\/\/www.hydraulic-cylinders.net\/pl\/wp-json\/wp\/v2\/types\/product"}],"replies":[{"embeddable":true,"href":"https:\/\/www.hydraulic-cylinders.net\/pl\/wp-json\/wp\/v2\/comments?post=15569"}],"wp:featuredmedia":[{"embeddable":true,"href":"https:\/\/www.hydraulic-cylinders.net\/pl\/wp-json\/wp\/v2\/media\/14787"}],"wp:attachment":[{"href":"https:\/\/www.hydraulic-cylinders.net\/pl\/wp-json\/wp\/v2\/media?parent=15569"}],"wp:term":[{"taxonomy":"product_brand","embeddable":true,"href":"https:\/\/www.hydraulic-cylinders.net\/pl\/wp-json\/wp\/v2\/product_brand?post=15569"},{"taxonomy":"product_cat","embeddable":true,"href":"https:\/\/www.hydraulic-cylinders.net\/pl\/wp-json\/wp\/v2\/product_cat?post=15569"},{"taxonomy":"product_tag","embeddable":true,"href":"https:\/\/www.hydraulic-cylinders.net\/pl\/wp-json\/wp\/v2\/product_tag?post=15569"}],"curies":[{"name":"wp","href":"https:\/\/api.w.org\/{rel}","templated":true}]}}