{"id":15576,"date":"2025-01-19T14:42:15","date_gmt":"2025-01-19T14:42:15","guid":{"rendered":"https:\/\/www.hydraulic-cylinders.net\/product\/bucket-cylinder-for-liugong-middle-excavator-clg225c\/"},"modified":"2025-01-19T14:42:17","modified_gmt":"2025-01-19T14:42:17","slug":"bucket-cylinder-for-liugong-middle-excavator-clg225c","status":"publish","type":"product","link":"https:\/\/www.hydraulic-cylinders.net\/pl\/produkt\/bucket-cylinder-for-liugong-middle-excavator-clg225c\/","title":{"rendered":"Si\u0142ownik \u0142y\u017cki do koparki \u015bredniej Liugong CLG225C"},"content":{"rendered":"<h1>Si\u0142ownik \u0142y\u017cki do koparki \u015bredniej Liugong CLG225C<\/h1>\n<h2>Wst\u0119p<\/h2>\n<p>Si\u0142ownik \u0142y\u017cki, znany r\u00f3wnie\u017c jako si\u0142ownik ramienia koparki, to specjalnie zaprojektowany si\u0142ownik hydrauliczny, u\u017cywany g\u0142\u00f3wnie do sterowania ruchem \u0142y\u017cki w ci\u0119\u017ckich maszynach, takich jak koparki, koparko-\u0142adowarki i \u0142adowarki czo\u0142owe. Jego g\u0142\u00f3wn\u0105 funkcj\u0105 jest podnoszenie, opuszczanie i przechylanie \u0142y\u017cki, u\u0142atwiaj\u0105c tym samym r\u00f3\u017cnorodne zadania zwi\u0105zane z prze\u0142adunkiem materia\u0142\u00f3w. W uk\u0142adzie hydraulicznym si\u0142ownik \u0142y\u017cki zapewnia precyzyjn\u0105 kontrol\u0119 ruchu \u0142y\u017cki poprzez zmian\u0119 ci\u015bnienia oleju hydraulicznego, umo\u017cliwiaj\u0105c operatorom wydajne przenoszenie du\u017cych \u0142adunk\u00f3w i dostosowywanie si\u0119 do z\u0142o\u017conych warunk\u00f3w pracy oraz zr\u00f3\u017cnicowanych potrzeb operacyjnych.<\/p>\n<p><img decoding=\"async\" src=\"https:\/\/www.hydraulic-cylinders.net\/wp-content\/uploads\/2025\/01\/songte-company-2.webp\" alt=\"Si\u0142ownik \u0142y\u017cki do koparki \u015bredniej Liugong CLG225C\"><\/p>\n<h2>Cechy<\/h2>\n<ul>\n<li>\n<h3>Wysoka wytrzyma\u0142o\u015b\u0107 i trwa\u0142o\u015b\u0107<\/h3>\n<p>Si\u0142ownik czerpakowy jest zazwyczaj wykonany z wysokowytrzyma\u0142ej stali lub aluminium i wytrzymuje wysokie ci\u015bnienie i du\u017ce obci\u0105\u017cenia, dzi\u0119ki czemu nadaje si\u0119 do pracy w trudnych warunkach. Jego konstrukcja uwzgl\u0119dnia odporno\u015b\u0107 na zu\u017cycie i korozj\u0119, co wyd\u0142u\u017ca jego \u017cywotno\u015b\u0107.<\/p>\n<\/li>\n<li>\n<h3>Wydajna praca hydrauliczna<\/h3>\n<p>Si\u0142ownik czerpakowy wykorzystuje ci\u015bnienie oleju hydraulicznego, aby zapewni\u0107 p\u0142ynne wysuwanie i wsuwanie, zapewniaj\u0105c du\u017c\u0105 si\u0142\u0119 pchania i ci\u0105gni\u0119cia. Nadaje si\u0119 do przenoszenia ci\u0119\u017ckich \u0142adunk\u00f3w i wykonywania skomplikowanych zada\u0144 operacyjnych.<\/p>\n<\/li>\n<li>\n<h3>R\u00f3\u017cne typy<\/h3>\n<p>Si\u0142ownik czerpakowy mo\u017ce by\u0107 si\u0142ownikiem jednostronnego dzia\u0142ania (hydraulika dzia\u0142a tylko w jednym kierunku) lub dwustronnego dzia\u0142ania (hydraulika dzia\u0142a w obu kierunkach), w zale\u017cno\u015bci od potrzeb eksploatacyjnych. Niekt\u00f3re modele s\u0105 teleskopowe, co pozwala na wi\u0119ksze wysuni\u0119cie bez zwi\u0119kszania wymiar\u00f3w zewn\u0119trznych, dzi\u0119ki czemu nadaj\u0105 si\u0119 do zastosowa\u0144 w ograniczonej przestrzeni.<\/p>\n<\/li>\n<li>\n<h3>Idealny zamiennik<\/h3>\n<p>Nasz produkt mo\u017ce idealnie zast\u0105pi\u0107 te si\u0142owniki hydrauliczne. Oferujemy produkt o doskona\u0142ej jako\u015bci i przyst\u0119pnej cenie.<\/p>\n<\/li>\n<\/ul>\n<p><img decoding=\"async\" src=\"https:\/\/www.hydraulic-cylinders.net\/wp-content\/uploads\/2025\/01\/songte-cylinder-head-with-all-kinds-excavator-models.webp\" alt=\"Si\u0142ownik \u0142y\u017cki do koparki \u015bredniej Liugong CLG225C\"><\/p>\n<h2>Aplikacje<\/h2>\n<p>Cylinder kube\u0142kowy ma r\u00f3\u017cnorodne zastosowania w r\u00f3\u017cnych ga\u0142\u0119ziach przemys\u0142u, takich jak:<\/p>\n<ul>\n<li>\n<h3>Sprz\u0119t budowlany<\/h3>\n<p>W koparkach si\u0142ownik \u0142y\u017cki jest niezb\u0119dny do kopania, za\u0142adunku i przemieszczania gleby lub gruzu. W koparko-\u0142adowarkach si\u0142ownik \u0142y\u017cki pomaga w kopaniu i podnoszeniu. W \u0142adowarkach czo\u0142owych wspomaga wydajne podnoszenie i wysypywanie materia\u0142\u00f3w.<\/p>\n<\/li>\n<li>\n<h3>Maszyny rolnicze<\/h3>\n<p>Si\u0142ownik \u0142y\u017cki stosowany jest w \u0142adowarkach czo\u0142owych do kopania, podnoszenia i transportu gleby, siana i innych materia\u0142\u00f3w.<\/p>\n<\/li>\n<li>\n<h3>Koparki<\/h3>\n<p>Cylinder \u0142y\u017cki umo\u017cliwia jej zag\u0142\u0119bianie si\u0119 w gleb\u0119 i wykonywanie prac wykopaliskowych.<\/p>\n<\/li>\n<li>\n<h3>\u0141adowarki<\/h3>\n<p>W \u0142adowarkach czo\u0142owych si\u0142ownik \u0142y\u017cki pomaga w efektywnym podnoszeniu i przechylaniu \u0142adunk\u00f3w.<\/p>\n<\/li>\n<\/ul>\n<h2>Zagadnienia projektowe i kryteria wyboru<\/h2>\n<p>Przy projektowaniu cylindra kube\u0142kowego brane s\u0105 pod uwag\u0119 jego no\u015bno\u015b\u0107, szczelno\u015b\u0107, trwa\u0142o\u015b\u0107, bezpiecze\u0144stwo i \u0142atwo\u015b\u0107 konserwacji. <\/p>\n<ul>\n<li>\n<h3>No\u015bno\u015b\u0107<\/h3>\n<p>Obliczenie no\u015bno\u015bci odgrywa kluczow\u0105 rol\u0119 w doborze odpowiedniego cylindra czerpakowego. Cylinder musi wytrzyma\u0107 du\u017ce obci\u0105\u017cenie, dlatego wyb\u00f3r cylindra o du\u017cej no\u015bno\u015bci jest niezwykle istotny.<\/p>\n<\/li>\n<li>\n<h3>Wydajno\u015b\u0107 uszczelnienia<\/h3>\n<p>W cylindrze kube\u0142kowym zastosowano r\u00f3\u017cne elementy uszczelniaj\u0105ce, takie jak uszczelnienia t\u0142oka i t\u0142oczyska. Wyb\u00f3r cylindra z wysokiej jako\u015bci uszczelnieniami gwarantuje jego optymaln\u0105 prac\u0119 i zapobiega wyciekom.<\/p>\n<\/li>\n<li>\n<h3>Trwa\u0142o\u015b\u0107<\/h3>\n<p>Si\u0142ownik czerpakowy jest nara\u017cony na trudne warunki pracy i wymaga d\u0142ugiej \u017cywotno\u015bci. Materia\u0142, obr\u00f3bka mechaniczna i obr\u00f3bka cieplna cylindra wp\u0142ywaj\u0105 na jego trwa\u0142o\u015b\u0107.<\/p>\n<\/li>\n<li>\n<h3>Bezpiecze\u0144stwo<\/h3>\n<p>Cylindry kube\u0142kowe musz\u0105 spe\u0142nia\u0107 przepisy bezpiecze\u0144stwa, aby zapobiega\u0107 wypadkom i obra\u017ceniom. Wyb\u00f3r cylindr\u00f3w z zabezpieczeniami, takimi jak zabezpieczenie przed przeci\u0105\u017ceniem i zawory bezpiecze\u0144stwa, jest niezb\u0119dny dla zapewnienia bezpiecznej pracy.<\/p>\n<\/li>\n<li>\n<h3>Utrzymywalno\u015b\u0107<\/h3>\n<p>Si\u0142ownik czerpakowy wymaga regularnej konserwacji, aby zapewni\u0107 prawid\u0142owe dzia\u0142anie. Konstrukcja si\u0142ownika umo\u017cliwiaj\u0105ca \u0142atw\u0105 konserwacj\u0119 i napraw\u0119 mo\u017ce skr\u00f3ci\u0107 przestoje i zwi\u0119kszy\u0107 wydajno\u015b\u0107.<\/p>\n<\/li>\n<\/ul>\n<p><img decoding=\"async\" src=\"https:\/\/www.hydraulic-cylinders.net\/wp-content\/uploads\/2025\/01\/songte-oil-pipes-and-spare-parts.webp\" alt=\"Si\u0142ownik \u0142y\u017cki do koparki \u015bredniej Liugong CLG225C\"><\/p>\n<h2>Uszczelnianie i smarowanie<\/h2>\n<p>Si\u0142ownik czerpakowy zawiera r\u00f3\u017cne elementy uszczelniaj\u0105ce, takie jak uszczelnienia t\u0142oka i t\u0142oczyska. Wyb\u00f3r odpowiedniego materia\u0142u uszczelniaj\u0105cego i zapewnienie prawid\u0142owego smarowania jest kluczowe dla optymalnej wydajno\u015bci i \u017cywotno\u015bci. Regularne uzupe\u0142nianie odpowiedniej ilo\u015bci oleju hydraulicznego jest niezb\u0119dne do prawid\u0142owego smarowania.<\/p>\n<h2>Konserwacja i naprawa<\/h2>\n<p>Si\u0142ownik czerpakowy wymaga regularnej konserwacji i napraw, aby wyd\u0142u\u017cy\u0107 jego \u017cywotno\u015b\u0107, skr\u00f3ci\u0107 przestoje i poprawi\u0107 wydajno\u015b\u0107. Regularne czynno\u015bci konserwacyjne obejmuj\u0105:<\/p>\n<ul>\n<li>\n<h3>Przegl\u0105d okresowy<\/h3>\n<p>Sprawdzenie cylindra \u0142y\u017cki pod k\u0105tem zu\u017cycia, uszkodze\u0144 i przeciek\u00f3w oraz wymiana zu\u017cytych uszczelek lub cz\u0119\u015bci.<\/p>\n<\/li>\n<li>\n<h3>Smarowanie<\/h3>\n<p>Regularne smarowanie cylindra i dbanie o odpowiedni poziom oleju hydraulicznego.<\/p>\n<\/li>\n<li>\n<h3>Wymiana uszczelki i kontrola kalibracji<\/h3>\n<p>W razie konieczno\u015bci nale\u017cy wymieni\u0107 uszczelk\u0119 i sprawdzi\u0107 kalibracj\u0119 cylindra, aby mie\u0107 pewno\u015b\u0107, \u017ce dzia\u0142a prawid\u0142owo.<\/p>\n<\/li>\n<\/ul>\n<p>Prawid\u0142owy monta\u017c jest kluczowy dla zapewnienia optymalnego dzia\u0142ania cylindra. Konieczne jest prawid\u0142owe ustawienie cylindra i u\u017cycie odpowiednich uchwyt\u00f3w monta\u017cowych w celu jego zabezpieczenia. Zalecane procedury kontroli, konserwacji i wymiany s\u0105 r\u00f3wnie\u017c kluczowe dla wyd\u0142u\u017cenia \u017cywotno\u015bci cylindra kube\u0142kowego.<\/p>\n<p><img decoding=\"async\" src=\"https:\/\/www.hydraulic-cylinders.net\/wp-content\/uploads\/2025\/01\/songte-chushion-collar.webp\" alt=\"Si\u0142ownik \u0142y\u017cki do koparki \u015bredniej Liugong CLG225C\"><\/p>\n<h2>Bezpiecze\u0144stwo i wzgl\u0119dy \u015brodowiskowe<\/h2>\n<p>Podczas u\u017cytkowania cylindra \u0142y\u017cki nale\u017cy bezwzgl\u0119dnie przestrzega\u0107 \u015brodk\u00f3w bezpiecze\u0144stwa, aby zapobiec wypadkom i obra\u017ceniom. Prawid\u0142owa utylizacja oleju hydraulicznego i innych materia\u0142\u00f3w niebezpiecznych jest r\u00f3wnie\u017c konieczna, aby zapobiec zanieczyszczeniu \u015brodowiska.<\/p>\n<h2>Rozwi\u0105zywanie problem\u00f3w<\/h2>\n<p>Typowe problemy z si\u0142ownikiem \u0142y\u017cki obejmuj\u0105 wycieki, nieprawid\u0142owe dzia\u0142anie i uszkodzenia uszczelnie\u0144. Prawid\u0142owa konserwacja i naprawa mog\u0105 zapobiec tym problemom. Je\u015bli problemy nie ust\u0105pi\u0105, sprawd\u017a nast\u0119puj\u0105ce kwestie: <\/p>\n<ul>\n<li>\n<h3>Niski poziom oleju hydraulicznego<\/h3>\n<p>Sprawd\u017a poziom oleju hydraulicznego i w razie potrzeby uzupe\u0142nij olej.<\/p>\n<\/li>\n<li>\n<h3>Zu\u017cyte uszczelki<\/h3>\n<p>Sprawd\u017a, czy uszczelki cylindra \u0142y\u017cki nie s\u0105 zu\u017cyte i w razie potrzeby wymie\u0144 je.<\/p>\n<\/li>\n<li>\n<h3>Szkoda<\/h3>\n<p>Sprawd\u017a, czy nie ma uszkodze\u0144, np. wygi\u0119tych lub z\u0142amanych cz\u0119\u015bci, i wymie\u0144 je bezzw\u0142ocznie.<\/p>\n<\/li>\n<\/ul>\n<h2>Wprowadzenie do firmy<\/h2>\n<p>Jeste\u015bmy wiod\u0105cym producentem i hurtowym dystrybutorem si\u0142ownik\u00f3w hydraulicznych na rynku krajowym i mi\u0119dzynarodowym. Oferujemy pe\u0142n\u0105 gam\u0119 produkt\u00f3w i dbamy o zapewnienie doskona\u0142ej jako\u015bci poprzez przemys\u0142owe strategie zarz\u0105dzania produkcj\u0105. Nasz precyzyjny warsztat produkcyjny, zaawansowane technologie i profesjonalne systemy testowe gwarantuj\u0105 wysok\u0105 jako\u015b\u0107 produkt\u00f3w, spe\u0142niaj\u0105cych zr\u00f3\u017cnicowane potrzeby klient\u00f3w. <\/p>\n<p><img decoding=\"async\" src=\"https:\/\/hzpt.com\/wp-content\/uploads\/2024\/11\/songte-company-1.webp\" alt=\"Si\u0142ownik \u0142y\u017cki do koparki \u015bredniej Liugong CLG225C\"><\/p>\n<h3>Mocne strony naszej firmy:<\/h3>\n<ul>\n<li>Profesjonalizm<\/li>\n<li>Mi\u0119dzynarodowa Certyfikacja<\/li>\n<li>Us\u0142ugi dostosowane do indywidualnych potrzeb<\/li>\n<li>Zaawansowany sprz\u0119t produkcyjny<\/li>\n<li>Doskona\u0142a obs\u0142uga posprzeda\u017cowa<\/li>\n<\/ul>\n<p>Naszym celem jest dostarczanie wysokiej jako\u015bci si\u0142ownik\u00f3w hydraulicznych, kt\u00f3re spe\u0142niaj\u0105 wymagania klient\u00f3w, a nawet przewy\u017cszaj\u0105 ich oczekiwania. <\/p>\n<p><img decoding=\"async\" src=\"https:\/\/www.hydraulic-cylinders.net\/wp-content\/uploads\/2025\/01\/songte-company-3.webp\" alt=\"Si\u0142ownik \u0142y\u017cki do koparki \u015bredniej Liugong CLG225C\"><\/p>\n<p>Autor: lyl<\/p>","protected":false},"excerpt":{"rendered":"<p>Bucket Cylinder For Liugong Middle Excavator CLG225C Introduction The bucket cylinder, also known as the excavator arm cylinder, is a specially designed hydraulic cylinder primarily used to control the motion of the bucket in heavy machinery such as excavators, backhoes, and front-end loaders. Its main function is to enable the bucket to lift, lower, and [&hellip;]<\/p>","protected":false},"featured_media":14773,"comment_status":"open","ping_status":"closed","template":"","meta":{"_et_pb_use_builder":"","_et_pb_old_content":"","_et_gb_content_width":""},"product_brand":[],"product_cat":[1494],"product_tag":[1495,1496],"class_list":{"0":"post-15576","1":"product","2":"type-product","3":"status-publish","4":"has-post-thumbnail","6":"product_cat-bucket-cylinders","7":"product_tag-bucket-cylinders","8":"product_tag-hydraulic-cylinders","10":"first","11":"instock","12":"shipping-taxable","13":"product-type-simple"},"amp_enabled":true,"_links":{"self":[{"href":"https:\/\/www.hydraulic-cylinders.net\/pl\/wp-json\/wp\/v2\/product\/15576","targetHints":{"allow":["GET"]}}],"collection":[{"href":"https:\/\/www.hydraulic-cylinders.net\/pl\/wp-json\/wp\/v2\/product"}],"about":[{"href":"https:\/\/www.hydraulic-cylinders.net\/pl\/wp-json\/wp\/v2\/types\/product"}],"replies":[{"embeddable":true,"href":"https:\/\/www.hydraulic-cylinders.net\/pl\/wp-json\/wp\/v2\/comments?post=15576"}],"wp:featuredmedia":[{"embeddable":true,"href":"https:\/\/www.hydraulic-cylinders.net\/pl\/wp-json\/wp\/v2\/media\/14773"}],"wp:attachment":[{"href":"https:\/\/www.hydraulic-cylinders.net\/pl\/wp-json\/wp\/v2\/media?parent=15576"}],"wp:term":[{"taxonomy":"product_brand","embeddable":true,"href":"https:\/\/www.hydraulic-cylinders.net\/pl\/wp-json\/wp\/v2\/product_brand?post=15576"},{"taxonomy":"product_cat","embeddable":true,"href":"https:\/\/www.hydraulic-cylinders.net\/pl\/wp-json\/wp\/v2\/product_cat?post=15576"},{"taxonomy":"product_tag","embeddable":true,"href":"https:\/\/www.hydraulic-cylinders.net\/pl\/wp-json\/wp\/v2\/product_tag?post=15576"}],"curies":[{"name":"wp","href":"https:\/\/api.w.org\/{rel}","templated":true}]}}